{"id":16048,"date":"2025-01-25T14:34:33","date_gmt":"2025-01-25T12:34:33","guid":{"rendered":"https:\/\/skaitytaknyga.lt\/?post_type=product&#038;p=16048"},"modified":"2025-01-25T14:35:38","modified_gmt":"2025-01-25T12:35:38","slug":"likimai","status":"publish","type":"product","link":"https:\/\/skaitytaknyga.lt\/en\/produktas\/likimai\/","title":{"rendered":"Likimai"},"content":{"rendered":"<div>\n<p>Nuo tada, kai Tamen\u012f buvo pa\u0161ov\u0119s Barnis, Lorel\u0117 nebuvo ma\u010diusi jo tokio sutriu\u0161kinto, tad glaud\u0117si virp\u0117dama i\u0161 palengv\u0117jimo, atsikra\u010diusi baim\u0117s, kuri stingd\u0117 j\u0105 net pa\u010diai ne\u017einant. Lorel\u0117 perbrauk\u0117 pir\u0161tais perkirst\u0105 vaikino skruost\u0105 ir at\u0161lijo i\u0161girdusi tyl\u0173 aiktel\u0117jim\u0105 visai jai prie l\u016bp\u0173. Ta\u010diau Tamenis nesitrauk\u0117. Netgi prisiglaud\u0117 dar ar\u010diau. Lorel\u0117 nor\u0117jo, kad juodu tur\u0117t\u0173 daugiau laiko, kad gal\u0117t\u0173 u\u017esimir\u0161ti nuo jo bu\u010dini\u0173, pamir\u0161ti, jog ten ka\u017ekur d\u0117l vis\u0173 j\u0173 gyvybi\u0173 kaunasi \u0160eris&#8230;<\/p>\n<p>Likimai yra paskutin\u0117 mil\u017eini\u0161ko populiarumo susilaukusios Aprilynne Pike Sparn\u0173 serijos knyga, kuri jau sp\u0117jo u\u017ekariauti milijon\u0173 gerb\u0117j\u0173 \u0161irdis. Kupinam nuotyki\u0173 ir romantikos f\u0117j\u0173 pasauliui \u0161\u012fkart i\u0161kyla mirtinas pavojus. Lorel\u0117 jau \u017eino ties\u0105 \u2013 Juki yra galinga ir be galo pavojinga \u017eiemos f\u0117ja. Pasitelkusi j\u0105 ir slapt\u0105 ginkl\u0105 \u2013 f\u0117j\u0173 magijai atsparius trolius \u2013 i\u0161tremtoji rudens f\u0117ja Kli ketina u\u017eimti ir sunaikinti Avalon\u0105. Lorel\u0117 kartu su i\u0161tikimais draugais Tameniu, Deividu ir \u010celse ruo\u0161iasi stoti \u012f lemiam\u0105 m\u016b\u0161\u012f d\u0117l f\u0117j\u0173 karalyst\u0117s. Ar jiems pavyks atremti \u017eiauriausi\u0105 Avalono puolim\u0105? Su kuo pasiliks \u017emoni\u0173 i\u0161auginta f\u0117ja: \u017eemi\u0161kuoju savo draugu Deividu ar f\u0117j\u0173 sargybiniu Tameniu? Netik\u0117tas lai\u0161kas atkleid\u017eia, kaip baigiasi \u0161i nepaprasta istorija&#8230;<\/p>\n<p>Autorius: Aprilynne Pike<br \/>\nLeid\u0117jas: Obuolys<br \/>\nMetai: 2012<br \/>\nPuslapiai: 416<br \/>\nISBN: 9786094033605<br \/>\nVersijos kodas: PT<br \/>\nFormatas: 14,2 x 21,3 cm, kieti vir\u0161eliai<br \/>\nKalba: Lietuvi\u0173<br \/>\nVert\u0117jas: Rasa Krulikauskien\u0117<br \/>\nKnyg\u0173 serija: Tik geriausios knygos virsta filmais<\/p>\n<\/div>\n","protected":false},"excerpt":{"rendered":"<p>Nuo tada, kai Tamen\u012f buvo pa\u0161ov\u0119s Barnis, Lorel\u0117 nebuvo ma\u010diusi jo tokio sutriu\u0161kinto, tad glaud\u0117si virp\u0117dama i\u0161 palengv\u0117jimo, atsikra\u010diusi baim\u0117s, kuri stingd\u0117 j\u0105 net pa\u010diai ne\u017einant. Lorel\u0117 perbrauk\u0117 pir\u0161tais perkirst\u0105 vaikino skruost\u0105 ir at\u0161lijo i\u0161girdusi tyl\u0173 aiktel\u0117jim\u0105 visai jai prie l\u016bp\u0173. Ta\u010diau Tamenis nesitrauk\u0117. Netgi prisiglaud\u0117 dar ar\u010diau. Lorel\u0117 nor\u0117jo, kad juodu tur\u0117t\u0173 daugiau laiko, kad gal\u0117t\u0173 u\u017esimir\u0161ti nuo jo bu\u010dini\u0173, pamir\u0161ti, jog ten ka\u017ekur d\u0117l vis\u0173 j\u0173 gyvybi\u0173 kaunasi \u0160eris&#8230; Likimai yra paskutin\u0117 mil\u017eini\u0161ko populiarumo susilaukusios Aprilynne Pike Sparn\u0173 serijos knyga, kuri jau sp\u0117jo u\u017ekariauti milijon\u0173 gerb\u0117j\u0173 \u0161irdis. Kupinam nuotyki\u0173 ir romantikos f\u0117j\u0173 pasauliui \u0161\u012fkart i\u0161kyla mirtinas pavojus. Lorel\u0117 jau \u017eino ties\u0105 \u2013 Juki yra galinga ir be galo pavojinga \u017eiemos f\u0117ja. Pasitelkusi j\u0105 ir slapt\u0105 ginkl\u0105 \u2013 f\u0117j\u0173 magijai atsparius trolius \u2013 i\u0161tremtoji rudens f\u0117ja Kli ketina u\u017eimti ir sunaikinti Avalon\u0105. Lorel\u0117 kartu su i\u0161tikimais draugais Tameniu, Deividu ir \u010celse ruo\u0161iasi stoti \u012f lemiam\u0105 m\u016b\u0161\u012f d\u0117l f\u0117j\u0173 karalyst\u0117s. Ar jiems pavyks atremti \u017eiauriausi\u0105 Avalono puolim\u0105? Su kuo pasiliks \u017emoni\u0173 i\u0161auginta f\u0117ja: \u017eemi\u0161kuoju savo draugu Deividu ar f\u0117j\u0173 sargybiniu Tameniu? Netik\u0117tas lai\u0161kas atkleid\u017eia, kaip baigiasi \u0161i nepaprasta istorija&#8230; Autorius: Aprilynne Pike Leid\u0117jas: Obuolys Metai: 2012 Puslapiai: 416 ISBN: 9786094033605 Versijos kodas: PT Formatas: 14,2 x 21,3 cm, kieti vir\u0161eliai Kalba: Lietuvi\u0173 Vert\u0117jas: Rasa Krulikauskien\u0117 Knyg\u0173 serija: Tik geriausios knygos virsta filmais<\/p>\n","protected":false},"featured_media":16049,"comment_status":"open","ping_status":"closed","template":"","meta":{"_acf_changed":false,"site-sidebar-layout":"default","site-content-layout":"","ast-site-content-layout":"default","site-content-style":"default","site-sidebar-style":"default","ast-global-header-display":"","ast-banner-title-visibility":"","ast-main-header-display":"","ast-hfb-above-header-display":"","ast-hfb-below-header-display":"","ast-hfb-mobile-header-display":"","site-post-title":"","ast-breadcrumbs-content":"","ast-featured-img":"","footer-sml-layout":"","ast-disable-related-posts":"","theme-transparent-header-meta":"default","adv-header-id-meta":"","stick-header-meta":"","header-above-stick-meta":"","header-main-stick-meta":"","header-below-stick-meta":"","astra-migrate-meta-layouts":"set","ast-page-background-enabled":"default","ast-page-background-meta":{"desktop":{"background-color":"","background-image":"","background-repeat":"repeat","background-position":"center center","background-size":"auto","background-attachment":"scroll","background-type":"","background-media":"","overlay-type":"","overlay-color":"","overlay-opacity":"","overlay-gradient":""},"tablet":{"background-color":"","background-image":"","background-repeat":"repeat","background-position":"center center","background-size":"auto","background-attachment":"scroll","background-type":"","background-media":"","overlay-type":"","overlay-color":"","overlay-opacity":"","overlay-gradient":""},"mobile":{"background-color":"","background-image":"","background-repeat":"repeat","background-position":"center center","background-size":"auto","background-attachment":"scroll","background-type":"","background-media":"","overlay-type":"","overlay-color":"","overlay-opacity":"","overlay-gradient":""}},"ast-content-background-meta":{"desktop":{"background-color":"var(--ast-global-color-4)","background-image":"","background-repeat":"repeat","background-position":"center center","background-size":"auto","background-attachment":"scroll","background-type":"","background-media":"","overlay-type":"","overlay-color":"","overlay-opacity":"","overlay-gradient":""},"tablet":{"background-color":"var(--ast-global-color-4)","background-image":"","background-repeat":"repeat","background-position":"center center","background-size":"auto","background-attachment":"scroll","background-type":"","background-media":"","overlay-type":"","overlay-color":"","overlay-opacity":"","overlay-gradient":""},"mobile":{"background-color":"var(--ast-global-color-4)","background-image":"","background-repeat":"repeat","background-position":"center center","background-size":"auto","background-attachment":"scroll","background-type":"","background-media":"","overlay-type":"","overlay-color":"","overlay-opacity":"","overlay-gradient":""}}},"product_brand":[],"product_cat":[15,35],"product_tag":[],"class_list":{"0":"post-16048","1":"product","2":"type-product","3":"status-publish","4":"has-post-thumbnail","6":"product_cat-uncategorized","7":"product_cat-vaikams-ir-paaugliams","8":"desktop-align-left","9":"tablet-align-left","10":"mobile-align-left","12":"first","13":"instock","14":"shipping-taxable","15":"purchasable","16":"product-type-simple"},"acf":[],"yoast_head":"<!-- This site is optimized with the Yoast SEO plugin v27.0 - https:\/\/yoast.com\/product\/yoast-seo-wordpress\/ -->\n<title>Likimai<\/title>\n<meta name=\"description\" content=\"Nuo tada, kai Tamen\u012f buvo pa\u0161ov\u0119s Barnis, Lorel\u0117 nebuvo ma\u010diusi jo tokio sutriu\u0161kinto, tad glaud\u0117si virp\u0117dama i\u0161 palengv\u0117jimo, atsikra\u010diusi baim\u0117s, kuri\" \/>\n<meta name=\"robots\" content=\"index, follow, max-snippet:-1, max-image-preview:large, max-video-preview:-1\" \/>\n<link rel=\"canonical\" href=\"https:\/\/skaitytaknyga.lt\/en\/produktas\/likimai\/\" \/>\n<meta property=\"og:locale\" content=\"en_GB\" \/>\n<meta property=\"og:locale:alternate\" content=\"lt_LT\" \/>\n<meta property=\"og:type\" content=\"article\" \/>\n<meta property=\"og:title\" content=\"Likimai\" \/>\n<meta property=\"og:description\" content=\"Nuo tada, kai Tamen\u012f buvo pa\u0161ov\u0119s Barnis, Lorel\u0117 nebuvo ma\u010diusi jo tokio sutriu\u0161kinto, tad glaud\u0117si virp\u0117dama i\u0161 palengv\u0117jimo, atsikra\u010diusi baim\u0117s, kuri\" \/>\n<meta property=\"og:url\" content=\"https:\/\/skaitytaknyga.lt\/en\/produktas\/likimai\/\" \/>\n<meta property=\"og:site_name\" content=\"Skaitytaknyga\" \/>\n<meta property=\"article:publisher\" content=\"https:\/\/www.facebook.com\/skaitytaknyga\/\" \/>\n<meta property=\"article:modified_time\" content=\"2025-01-25T12:35:38+00:00\" \/>\n<meta property=\"og:image\" content=\"https:\/\/skaitytaknyga.lt\/wp-content\/uploads\/2025\/01\/Likimai.jpg\" \/>\n\t<meta property=\"og:image:width\" content=\"301\" \/>\n\t<meta property=\"og:image:height\" content=\"450\" \/>\n\t<meta property=\"og:image:type\" content=\"image\/jpeg\" \/>\n<meta name=\"twitter:card\" content=\"summary_large_image\" \/>\n<meta name=\"twitter:label1\" content=\"Estimated reading time\" \/>\n\t<meta name=\"twitter:data1\" content=\"2 minutes\" \/>\n<script type=\"application\/ld+json\" class=\"yoast-schema-graph\">{\"@context\":\"https:\/\/schema.org\",\"@graph\":[{\"@type\":\"WebPage\",\"@id\":\"https:\/\/skaitytaknyga.lt\/produktas\/likimai\/\",\"url\":\"https:\/\/skaitytaknyga.lt\/produktas\/likimai\/\",\"name\":\"Likimai\",\"isPartOf\":{\"@id\":\"https:\/\/skaitytaknyga.lt\/#website\"},\"primaryImageOfPage\":{\"@id\":\"https:\/\/skaitytaknyga.lt\/produktas\/likimai\/#primaryimage\"},\"image\":{\"@id\":\"https:\/\/skaitytaknyga.lt\/produktas\/likimai\/#primaryimage\"},\"thumbnailUrl\":\"https:\/\/skaitytaknyga.lt\/wp-content\/uploads\/2025\/01\/Likimai.jpg\",\"datePublished\":\"2025-01-25T12:34:33+00:00\",\"dateModified\":\"2025-01-25T12:35:38+00:00\",\"description\":\"Nuo tada, kai Tamen\u012f buvo pa\u0161ov\u0119s Barnis, Lorel\u0117 nebuvo ma\u010diusi jo tokio sutriu\u0161kinto, tad glaud\u0117si virp\u0117dama i\u0161 palengv\u0117jimo, atsikra\u010diusi baim\u0117s, kuri\",\"breadcrumb\":{\"@id\":\"https:\/\/skaitytaknyga.lt\/produktas\/likimai\/#breadcrumb\"},\"inLanguage\":\"en-GB\",\"potentialAction\":[{\"@type\":\"ReadAction\",\"target\":[\"https:\/\/skaitytaknyga.lt\/produktas\/likimai\/\"]}]},{\"@type\":\"ImageObject\",\"inLanguage\":\"en-GB\",\"@id\":\"https:\/\/skaitytaknyga.lt\/produktas\/likimai\/#primaryimage\",\"url\":\"https:\/\/skaitytaknyga.lt\/wp-content\/uploads\/2025\/01\/Likimai.jpg\",\"contentUrl\":\"https:\/\/skaitytaknyga.lt\/wp-content\/uploads\/2025\/01\/Likimai.jpg\",\"width\":301,\"height\":450,\"caption\":\"Likimai\"},{\"@type\":\"BreadcrumbList\",\"@id\":\"https:\/\/skaitytaknyga.lt\/produktas\/likimai\/#breadcrumb\",\"itemListElement\":[{\"@type\":\"ListItem\",\"position\":1,\"name\":\"Home\",\"item\":\"https:\/\/skaitytaknyga.lt\/\"},{\"@type\":\"ListItem\",\"position\":2,\"name\":\"Parduotuv\u0117\",\"item\":\"https:\/\/skaitytaknyga.lt\/knygu-parduotuve\/\"},{\"@type\":\"ListItem\",\"position\":3,\"name\":\"Likimai\"}]},{\"@type\":\"WebSite\",\"@id\":\"https:\/\/skaitytaknyga.lt\/#website\",\"url\":\"https:\/\/skaitytaknyga.lt\/\",\"name\":\"skaitytaknyga.lt\",\"description\":\"Skaitytaknyga.lt \u2013 tai ma\u017eas \u0161eimos verslas, kuris prasid\u0117jo nuo meil\u0117s knygoms ir siekio i\u0161gelb\u0117ti knygas nuo likimo prie konteinerio. Kas vienam nereikalingas daiktas \u2013 kitam lobis, o mes esame tarpininkai, kurie padeda abiems tapti laimingesniems ???? \u017dinome kaip nelengva i\u0161gyventi ma\u017eiems verslams, tad nuo \u0161iol, \u010dia rasite ir kit\u0173, ma\u017e\u0173 \u0161eim\u0173 versl\u0173, rank\u0173 darbo, dovan\u0173 sau ir artimiesiems.\",\"publisher\":{\"@id\":\"https:\/\/skaitytaknyga.lt\/#organization\"},\"potentialAction\":[{\"@type\":\"SearchAction\",\"target\":{\"@type\":\"EntryPoint\",\"urlTemplate\":\"https:\/\/skaitytaknyga.lt\/?s={search_term_string}\"},\"query-input\":{\"@type\":\"PropertyValueSpecification\",\"valueRequired\":true,\"valueName\":\"search_term_string\"}}],\"inLanguage\":\"en-GB\"},{\"@type\":\"Organization\",\"@id\":\"https:\/\/skaitytaknyga.lt\/#organization\",\"name\":\"skaitytaknyga.lt\",\"url\":\"https:\/\/skaitytaknyga.lt\/\",\"logo\":{\"@type\":\"ImageObject\",\"inLanguage\":\"en-GB\",\"@id\":\"https:\/\/skaitytaknyga.lt\/#\/schema\/logo\/image\/\",\"url\":\"https:\/\/skaitytaknyga.lt\/wp-content\/uploads\/2024\/05\/cropped-cropped-cropped-02_00843_jt3bggkj1j3HLc7SyY6rEUpg.jpeg\",\"contentUrl\":\"https:\/\/skaitytaknyga.lt\/wp-content\/uploads\/2024\/05\/cropped-cropped-cropped-02_00843_jt3bggkj1j3HLc7SyY6rEUpg.jpeg\",\"width\":1600,\"height\":1600,\"caption\":\"skaitytaknyga.lt\"},\"image\":{\"@id\":\"https:\/\/skaitytaknyga.lt\/#\/schema\/logo\/image\/\"},\"sameAs\":[\"https:\/\/www.facebook.com\/skaitytaknyga\/\"]}]}<\/script>\n<!-- \/ Yoast SEO plugin. -->","yoast_head_json":{"title":"Likimai","description":"Nuo tada, kai Tamen\u012f buvo pa\u0161ov\u0119s Barnis, Lorel\u0117 nebuvo ma\u010diusi jo tokio sutriu\u0161kinto, tad glaud\u0117si virp\u0117dama i\u0161 palengv\u0117jimo, atsikra\u010diusi baim\u0117s, kuri","robots":{"index":"index","follow":"follow","max-snippet":"max-snippet:-1","max-image-preview":"max-image-preview:large","max-video-preview":"max-video-preview:-1"},"canonical":"https:\/\/skaitytaknyga.lt\/en\/produktas\/likimai\/","og_locale":"en_GB","og_type":"article","og_title":"[:lt]Likimai[:] - Skaitytaknyga","og_description":"Nuo tada, kai Tamen\u012f buvo pa\u0161ov\u0119s Barnis, Lorel\u0117 nebuvo ma\u010diusi jo tokio sutriu\u0161kinto, tad glaud\u0117si virp\u0117dama i\u0161 palengv\u0117jimo, atsikra\u010diusi baim\u0117s, kuri","og_url":"https:\/\/skaitytaknyga.lt\/en\/produktas\/likimai\/","og_site_name":"Skaitytaknyga","article_publisher":"https:\/\/www.facebook.com\/skaitytaknyga\/","article_modified_time":"2025-01-25T12:35:38+00:00","og_image":[{"width":301,"height":450,"url":"https:\/\/skaitytaknyga.lt\/wp-content\/uploads\/2025\/01\/Likimai.jpg","type":"image\/jpeg"}],"twitter_card":"summary_large_image","twitter_misc":{"Estimated reading time":"2 minutes"},"schema":{"@context":"https:\/\/schema.org","@graph":[{"@type":"WebPage","@id":"https:\/\/skaitytaknyga.lt\/produktas\/likimai\/","url":"https:\/\/skaitytaknyga.lt\/produktas\/likimai\/","name":"Likimai","isPartOf":{"@id":"https:\/\/skaitytaknyga.lt\/#website"},"primaryImageOfPage":{"@id":"https:\/\/skaitytaknyga.lt\/produktas\/likimai\/#primaryimage"},"image":{"@id":"https:\/\/skaitytaknyga.lt\/produktas\/likimai\/#primaryimage"},"thumbnailUrl":"https:\/\/skaitytaknyga.lt\/wp-content\/uploads\/2025\/01\/Likimai.jpg","datePublished":"2025-01-25T12:34:33+00:00","dateModified":"2025-01-25T12:35:38+00:00","description":"Nuo tada, kai Tamen\u012f buvo pa\u0161ov\u0119s Barnis, Lorel\u0117 nebuvo ma\u010diusi jo tokio sutriu\u0161kinto, tad glaud\u0117si virp\u0117dama i\u0161 palengv\u0117jimo, atsikra\u010diusi baim\u0117s, kuri","breadcrumb":{"@id":"https:\/\/skaitytaknyga.lt\/produktas\/likimai\/#breadcrumb"},"inLanguage":"en-GB","potentialAction":[{"@type":"ReadAction","target":["https:\/\/skaitytaknyga.lt\/produktas\/likimai\/"]}]},{"@type":"ImageObject","inLanguage":"en-GB","@id":"https:\/\/skaitytaknyga.lt\/produktas\/likimai\/#primaryimage","url":"https:\/\/skaitytaknyga.lt\/wp-content\/uploads\/2025\/01\/Likimai.jpg","contentUrl":"https:\/\/skaitytaknyga.lt\/wp-content\/uploads\/2025\/01\/Likimai.jpg","width":301,"height":450,"caption":"Likimai"},{"@type":"BreadcrumbList","@id":"https:\/\/skaitytaknyga.lt\/produktas\/likimai\/#breadcrumb","itemListElement":[{"@type":"ListItem","position":1,"name":"Home","item":"https:\/\/skaitytaknyga.lt\/"},{"@type":"ListItem","position":2,"name":"Parduotuv\u0117","item":"https:\/\/skaitytaknyga.lt\/knygu-parduotuve\/"},{"@type":"ListItem","position":3,"name":"Likimai"}]},{"@type":"WebSite","@id":"https:\/\/skaitytaknyga.lt\/#website","url":"https:\/\/skaitytaknyga.lt\/","name":"skaitytaknyga.lt","description":"Skaitytaknyga.lt \u2013 tai ma\u017eas \u0161eimos verslas, kuris prasid\u0117jo nuo meil\u0117s knygoms ir siekio i\u0161gelb\u0117ti knygas nuo likimo prie konteinerio. Kas vienam nereikalingas daiktas \u2013 kitam lobis, o mes esame tarpininkai, kurie padeda abiems tapti laimingesniems ???? \u017dinome kaip nelengva i\u0161gyventi ma\u017eiems verslams, tad nuo \u0161iol, \u010dia rasite ir kit\u0173, ma\u017e\u0173 \u0161eim\u0173 versl\u0173, rank\u0173 darbo, dovan\u0173 sau ir artimiesiems.","publisher":{"@id":"https:\/\/skaitytaknyga.lt\/#organization"},"potentialAction":[{"@type":"SearchAction","target":{"@type":"EntryPoint","urlTemplate":"https:\/\/skaitytaknyga.lt\/?s={search_term_string}"},"query-input":{"@type":"PropertyValueSpecification","valueRequired":true,"valueName":"search_term_string"}}],"inLanguage":"en-GB"},{"@type":"Organization","@id":"https:\/\/skaitytaknyga.lt\/#organization","name":"skaitytaknyga.lt","url":"https:\/\/skaitytaknyga.lt\/","logo":{"@type":"ImageObject","inLanguage":"en-GB","@id":"https:\/\/skaitytaknyga.lt\/#\/schema\/logo\/image\/","url":"https:\/\/skaitytaknyga.lt\/wp-content\/uploads\/2024\/05\/cropped-cropped-cropped-02_00843_jt3bggkj1j3HLc7SyY6rEUpg.jpeg","contentUrl":"https:\/\/skaitytaknyga.lt\/wp-content\/uploads\/2024\/05\/cropped-cropped-cropped-02_00843_jt3bggkj1j3HLc7SyY6rEUpg.jpeg","width":1600,"height":1600,"caption":"skaitytaknyga.lt"},"image":{"@id":"https:\/\/skaitytaknyga.lt\/#\/schema\/logo\/image\/"},"sameAs":["https:\/\/www.facebook.com\/skaitytaknyga\/"]}]}},"_links":{"self":[{"href":"https:\/\/skaitytaknyga.lt\/en\/wp-json\/wp\/v2\/product\/16048","targetHints":{"allow":["GET"]}}],"collection":[{"href":"https:\/\/skaitytaknyga.lt\/en\/wp-json\/wp\/v2\/product"}],"about":[{"href":"https:\/\/skaitytaknyga.lt\/en\/wp-json\/wp\/v2\/types\/product"}],"replies":[{"embeddable":true,"href":"https:\/\/skaitytaknyga.lt\/en\/wp-json\/wp\/v2\/comments?post=16048"}],"wp:featuredmedia":[{"embeddable":true,"href":"https:\/\/skaitytaknyga.lt\/en\/wp-json\/wp\/v2\/media\/16049"}],"wp:attachment":[{"href":"https:\/\/skaitytaknyga.lt\/en\/wp-json\/wp\/v2\/media?parent=16048"}],"wp:term":[{"taxonomy":"product_brand","embeddable":true,"href":"https:\/\/skaitytaknyga.lt\/en\/wp-json\/wp\/v2\/product_brand?post=16048"},{"taxonomy":"product_cat","embeddable":true,"href":"https:\/\/skaitytaknyga.lt\/en\/wp-json\/wp\/v2\/product_cat?post=16048"},{"taxonomy":"product_tag","embeddable":true,"href":"https:\/\/skaitytaknyga.lt\/en\/wp-json\/wp\/v2\/product_tag?post=16048"}],"curies":[{"name":"wp","href":"https:\/\/api.w.org\/{rel}","templated":true}]}}