{"id":16046,"date":"2025-01-25T14:10:47","date_gmt":"2025-01-25T12:10:47","guid":{"rendered":"https:\/\/skaitytaknyga.lt\/?post_type=product&#038;p=16046"},"modified":"2025-04-29T08:01:34","modified_gmt":"2025-04-29T05:01:34","slug":"jaunatis","status":"publish","type":"product","link":"https:\/\/skaitytaknyga.lt\/en\/produktas\/jaunatis\/","title":{"rendered":"Jaunatis"},"content":{"rendered":"<p>Belai Svan vienas dalykas svarbesnis net u\u017e gyvyb\u0119 \u2013 tai Edvardas Kalenas. Ta\u010diau myl\u0117ti vampyr\u0105 \u2013 dar pavojingiau nei Bela kada nors \u012fsivaizdavo. Edvardas jau i\u0161trauk\u0117 Bel\u0105 i\u0161 vieno piktojo vampyro leten\u0173, ta\u010diau dabar, kai j\u0173 nepaprasti santykiai ima kelti gr\u0117sm\u0119 viskam, kas jiems brangu, jaunuoliai suvokia, kad r\u016bpes\u010diai tik prasideda&#8230;<\/p>\n<p>Daugyb\u0117\u00a0<em>New York Times<\/em>\u00a0bestselerio\u00a0\u201eSaul\u0117lydis&#8221;\u00a0paker\u0117t\u0173 skaitytoj\u0173 nekantriai laukia nelaiming\u0173 \u012fsimyl\u0117j\u0117li\u0173 Belos ir Edvardo istorijos t\u0119sinio.\u00a0<strong>\u201eJaunatyje&#8221;<\/strong>\u00a0<strong>Stephenie Meyer<\/strong>\u00a0pateikia nauj\u0105 patraukl\u0173 romantikos, \u012ftampos ir antgamti\u0161kumo derin\u012f. Aistringa, jaudinanti ir kupina stulbinam\u0173 netik\u0117tum\u0173 bei pos\u016bki\u0173 \u0161i vampyr\u0173 saga vien\u0105 dien\u0105 tikrai taps literat\u016bros klasika.<\/p>\n<ul>\n<li><em>New York Times<\/em>\u00a0leid\u0117j\u0173 pasirinkimas<\/li>\n<li><em>Publishers Weekly<\/em>\u00a0geriausia met\u0173 knyga<\/li>\n<li>\u201eGeriausia de\u0161imtme\u010dio knyga&#8230; bent kol kas\u201c-\u00a0<em>Amazon<\/em><\/li>\n<li><em>Teen People<\/em>\u00a0i\u0161rinkta \u012f \u201eKar\u0161t\u0105j\u012f s\u0105ra\u0161\u0105\u201c<\/li>\n<li>Amerikos Bibliotek\u0173 asociacijos geriausi\u0173 knyg\u0173 jaunimui de\u0161imtuke<\/li>\n<\/ul>\n<p>Originalus pavadinimas: New Moon<br \/>\nAutorius: Stephenie Meyer<br \/>\nLeid\u0117jas: Alma littera<br \/>\nMetai: 2021<br \/>\nPuslapiai: 488<br \/>\nISBN: 9786090143933<br \/>\nVersijos kodas: 8<br \/>\nFormatas: 14,8 x 22 x 3,2 cm, kieti vir\u0161eliai<br \/>\nKalba: Lietuvi\u0173<br \/>\nVert\u0117jas: Viktorija Labuckien\u0117<br \/>\nKnyg\u0173 serija: Saul\u0117lydis<\/p>\n","protected":false},"excerpt":{"rendered":"<p>Belai Svan vienas dalykas svarbesnis net u\u017e gyvyb\u0119 \u2013 tai Edvardas Kalenas. Ta\u010diau myl\u0117ti vampyr\u0105 \u2013 dar pavojingiau nei Bela kada nors \u012fsivaizdavo. Edvardas jau i\u0161trauk\u0117 Bel\u0105 i\u0161 vieno piktojo vampyro leten\u0173, ta\u010diau dabar, kai j\u0173 nepaprasti santykiai ima kelti gr\u0117sm\u0119 viskam, kas jiems brangu, jaunuoliai suvokia, kad r\u016bpes\u010diai tik prasideda&#8230; Daugyb\u0117\u00a0New York Times\u00a0bestselerio\u00a0\u201eSaul\u0117lydis&#8221;\u00a0paker\u0117t\u0173 skaitytoj\u0173 nekantriai laukia nelaiming\u0173 \u012fsimyl\u0117j\u0117li\u0173 Belos ir Edvardo istorijos t\u0119sinio.\u00a0\u201eJaunatyje&#8221;\u00a0Stephenie Meyer\u00a0pateikia nauj\u0105 patraukl\u0173 romantikos, \u012ftampos ir antgamti\u0161kumo derin\u012f. Aistringa, jaudinanti ir kupina stulbinam\u0173 netik\u0117tum\u0173 bei pos\u016bki\u0173 \u0161i vampyr\u0173 saga vien\u0105 dien\u0105 tikrai taps literat\u016bros klasika. New York Times\u00a0leid\u0117j\u0173 pasirinkimas Publishers Weekly\u00a0geriausia met\u0173 knyga \u201eGeriausia de\u0161imtme\u010dio knyga&#8230; bent kol kas\u201c-\u00a0Amazon Teen People\u00a0i\u0161rinkta \u012f \u201eKar\u0161t\u0105j\u012f s\u0105ra\u0161\u0105\u201c Amerikos Bibliotek\u0173 asociacijos geriausi\u0173 knyg\u0173 jaunimui de\u0161imtuke Originalus pavadinimas: New Moon Autorius: Stephenie Meyer Leid\u0117jas: Alma littera Metai: 2021 Puslapiai: 488 ISBN: 9786090143933 Versijos kodas: 8 Formatas: 14,8 x 22 x 3,2 cm, kieti vir\u0161eliai Kalba: Lietuvi\u0173 Vert\u0117jas: Viktorija Labuckien\u0117 Knyg\u0173 serija: Saul\u0117lydis<\/p>\n","protected":false},"featured_media":16047,"comment_status":"open","ping_status":"closed","template":"","meta":{"_acf_changed":false,"site-sidebar-layout":"default","site-content-layout":"","ast-site-content-layout":"default","site-content-style":"default","site-sidebar-style":"default","ast-global-header-display":"","ast-banner-title-visibility":"","ast-main-header-display":"","ast-hfb-above-header-display":"","ast-hfb-below-header-display":"","ast-hfb-mobile-header-display":"","site-post-title":"","ast-breadcrumbs-content":"","ast-featured-img":"","footer-sml-layout":"","ast-disable-related-posts":"","theme-transparent-header-meta":"default","adv-header-id-meta":"","stick-header-meta":"","header-above-stick-meta":"","header-main-stick-meta":"","header-below-stick-meta":"","astra-migrate-meta-layouts":"set","ast-page-background-enabled":"default","ast-page-background-meta":{"desktop":{"background-color":"","background-image":"","background-repeat":"repeat","background-position":"center center","background-size":"auto","background-attachment":"scroll","background-type":"","background-media":"","overlay-type":"","overlay-color":"","overlay-opacity":"","overlay-gradient":""},"tablet":{"background-color":"","background-image":"","background-repeat":"repeat","background-position":"center center","background-size":"auto","background-attachment":"scroll","background-type":"","background-media":"","overlay-type":"","overlay-color":"","overlay-opacity":"","overlay-gradient":""},"mobile":{"background-color":"","background-image":"","background-repeat":"repeat","background-position":"center center","background-size":"auto","background-attachment":"scroll","background-type":"","background-media":"","overlay-type":"","overlay-color":"","overlay-opacity":"","overlay-gradient":""}},"ast-content-background-meta":{"desktop":{"background-color":"var(--ast-global-color-4)","background-image":"","background-repeat":"repeat","background-position":"center center","background-size":"auto","background-attachment":"scroll","background-type":"","background-media":"","overlay-type":"","overlay-color":"","overlay-opacity":"","overlay-gradient":""},"tablet":{"background-color":"var(--ast-global-color-4)","background-image":"","background-repeat":"repeat","background-position":"center center","background-size":"auto","background-attachment":"scroll","background-type":"","background-media":"","overlay-type":"","overlay-color":"","overlay-opacity":"","overlay-gradient":""},"mobile":{"background-color":"var(--ast-global-color-4)","background-image":"","background-repeat":"repeat","background-position":"center center","background-size":"auto","background-attachment":"scroll","background-type":"","background-media":"","overlay-type":"","overlay-color":"","overlay-opacity":"","overlay-gradient":""}}},"product_brand":[],"product_cat":[15,35],"product_tag":[],"class_list":{"0":"post-16046","1":"product","2":"type-product","3":"status-publish","4":"has-post-thumbnail","6":"product_cat-uncategorized","7":"product_cat-vaikams-ir-paaugliams","8":"desktop-align-left","9":"tablet-align-left","10":"mobile-align-left","12":"first","13":"outofstock","14":"shipping-taxable","15":"purchasable","16":"product-type-simple"},"acf":[],"yoast_head":"<!-- This site is optimized with the Yoast SEO plugin v27.0 - https:\/\/yoast.com\/product\/yoast-seo-wordpress\/ -->\n<title>Jaunatis<\/title>\n<meta name=\"description\" content=\"Belai Svan vienas dalykas svarbesnis net u\u017e gyvyb\u0119 \u2013 tai Edvardas Kalenas. Ta\u010diau myl\u0117ti vampyr\u0105 \u2013 dar pavojingiau nei Bela kada nors \u012fsivaizdavo.\" \/>\n<meta name=\"robots\" content=\"index, follow, max-snippet:-1, max-image-preview:large, max-video-preview:-1\" \/>\n<link rel=\"canonical\" href=\"https:\/\/skaitytaknyga.lt\/en\/produktas\/jaunatis\/\" \/>\n<meta property=\"og:locale\" content=\"en_GB\" \/>\n<meta property=\"og:locale:alternate\" content=\"lt_LT\" \/>\n<meta property=\"og:type\" content=\"article\" \/>\n<meta property=\"og:title\" content=\"Jaunatis\" \/>\n<meta property=\"og:description\" content=\"Belai Svan vienas dalykas svarbesnis net u\u017e gyvyb\u0119 \u2013 tai Edvardas Kalenas. Ta\u010diau myl\u0117ti vampyr\u0105 \u2013 dar pavojingiau nei Bela kada nors \u012fsivaizdavo.\" \/>\n<meta property=\"og:url\" content=\"https:\/\/skaitytaknyga.lt\/en\/produktas\/jaunatis\/\" \/>\n<meta property=\"og:site_name\" content=\"Skaitytaknyga\" \/>\n<meta property=\"article:publisher\" content=\"https:\/\/www.facebook.com\/skaitytaknyga\/\" \/>\n<meta property=\"article:modified_time\" content=\"2025-04-29T05:01:34+00:00\" \/>\n<meta property=\"og:image\" content=\"https:\/\/skaitytaknyga.lt\/wp-content\/uploads\/2025\/01\/Jaunatis.webp\" \/>\n\t<meta property=\"og:image:width\" content=\"403\" \/>\n\t<meta property=\"og:image:height\" content=\"600\" \/>\n\t<meta property=\"og:image:type\" content=\"image\/webp\" \/>\n<meta name=\"twitter:card\" content=\"summary_large_image\" \/>\n<meta name=\"twitter:label1\" content=\"Estimated reading time\" \/>\n\t<meta name=\"twitter:data1\" content=\"2 minutes\" \/>\n<script type=\"application\/ld+json\" class=\"yoast-schema-graph\">{\"@context\":\"https:\/\/schema.org\",\"@graph\":[{\"@type\":\"WebPage\",\"@id\":\"https:\/\/skaitytaknyga.lt\/produktas\/jaunatis\/\",\"url\":\"https:\/\/skaitytaknyga.lt\/produktas\/jaunatis\/\",\"name\":\"Jaunatis\",\"isPartOf\":{\"@id\":\"https:\/\/skaitytaknyga.lt\/#website\"},\"primaryImageOfPage\":{\"@id\":\"https:\/\/skaitytaknyga.lt\/produktas\/jaunatis\/#primaryimage\"},\"image\":{\"@id\":\"https:\/\/skaitytaknyga.lt\/produktas\/jaunatis\/#primaryimage\"},\"thumbnailUrl\":\"https:\/\/skaitytaknyga.lt\/wp-content\/uploads\/2025\/01\/Jaunatis.webp\",\"datePublished\":\"2025-01-25T12:10:47+00:00\",\"dateModified\":\"2025-04-29T05:01:34+00:00\",\"description\":\"Belai Svan vienas dalykas svarbesnis net u\u017e gyvyb\u0119 \u2013 tai Edvardas Kalenas. Ta\u010diau myl\u0117ti vampyr\u0105 \u2013 dar pavojingiau nei Bela kada nors \u012fsivaizdavo.\",\"breadcrumb\":{\"@id\":\"https:\/\/skaitytaknyga.lt\/produktas\/jaunatis\/#breadcrumb\"},\"inLanguage\":\"en-GB\",\"potentialAction\":[{\"@type\":\"ReadAction\",\"target\":[\"https:\/\/skaitytaknyga.lt\/produktas\/jaunatis\/\"]}]},{\"@type\":\"ImageObject\",\"inLanguage\":\"en-GB\",\"@id\":\"https:\/\/skaitytaknyga.lt\/produktas\/jaunatis\/#primaryimage\",\"url\":\"https:\/\/skaitytaknyga.lt\/wp-content\/uploads\/2025\/01\/Jaunatis.webp\",\"contentUrl\":\"https:\/\/skaitytaknyga.lt\/wp-content\/uploads\/2025\/01\/Jaunatis.webp\",\"width\":403,\"height\":600,\"caption\":\"Jaunatis\"},{\"@type\":\"BreadcrumbList\",\"@id\":\"https:\/\/skaitytaknyga.lt\/produktas\/jaunatis\/#breadcrumb\",\"itemListElement\":[{\"@type\":\"ListItem\",\"position\":1,\"name\":\"Home\",\"item\":\"https:\/\/skaitytaknyga.lt\/\"},{\"@type\":\"ListItem\",\"position\":2,\"name\":\"Parduotuv\u0117\",\"item\":\"https:\/\/skaitytaknyga.lt\/knygu-parduotuve\/\"},{\"@type\":\"ListItem\",\"position\":3,\"name\":\"Jaunatis\"}]},{\"@type\":\"WebSite\",\"@id\":\"https:\/\/skaitytaknyga.lt\/#website\",\"url\":\"https:\/\/skaitytaknyga.lt\/\",\"name\":\"skaitytaknyga.lt\",\"description\":\"Skaitytaknyga.lt \u2013 tai ma\u017eas \u0161eimos verslas, kuris prasid\u0117jo nuo meil\u0117s knygoms ir siekio i\u0161gelb\u0117ti knygas nuo likimo prie konteinerio. Kas vienam nereikalingas daiktas \u2013 kitam lobis, o mes esame tarpininkai, kurie padeda abiems tapti laimingesniems ???? \u017dinome kaip nelengva i\u0161gyventi ma\u017eiems verslams, tad nuo \u0161iol, \u010dia rasite ir kit\u0173, ma\u017e\u0173 \u0161eim\u0173 versl\u0173, rank\u0173 darbo, dovan\u0173 sau ir artimiesiems.\",\"publisher\":{\"@id\":\"https:\/\/skaitytaknyga.lt\/#organization\"},\"potentialAction\":[{\"@type\":\"SearchAction\",\"target\":{\"@type\":\"EntryPoint\",\"urlTemplate\":\"https:\/\/skaitytaknyga.lt\/?s={search_term_string}\"},\"query-input\":{\"@type\":\"PropertyValueSpecification\",\"valueRequired\":true,\"valueName\":\"search_term_string\"}}],\"inLanguage\":\"en-GB\"},{\"@type\":\"Organization\",\"@id\":\"https:\/\/skaitytaknyga.lt\/#organization\",\"name\":\"skaitytaknyga.lt\",\"url\":\"https:\/\/skaitytaknyga.lt\/\",\"logo\":{\"@type\":\"ImageObject\",\"inLanguage\":\"en-GB\",\"@id\":\"https:\/\/skaitytaknyga.lt\/#\/schema\/logo\/image\/\",\"url\":\"https:\/\/skaitytaknyga.lt\/wp-content\/uploads\/2024\/05\/cropped-cropped-cropped-02_00843_jt3bggkj1j3HLc7SyY6rEUpg.jpeg\",\"contentUrl\":\"https:\/\/skaitytaknyga.lt\/wp-content\/uploads\/2024\/05\/cropped-cropped-cropped-02_00843_jt3bggkj1j3HLc7SyY6rEUpg.jpeg\",\"width\":1600,\"height\":1600,\"caption\":\"skaitytaknyga.lt\"},\"image\":{\"@id\":\"https:\/\/skaitytaknyga.lt\/#\/schema\/logo\/image\/\"},\"sameAs\":[\"https:\/\/www.facebook.com\/skaitytaknyga\/\"]}]}<\/script>\n<!-- \/ Yoast SEO plugin. -->","yoast_head_json":{"title":"Jaunatis","description":"Belai Svan vienas dalykas svarbesnis net u\u017e gyvyb\u0119 \u2013 tai Edvardas Kalenas. Ta\u010diau myl\u0117ti vampyr\u0105 \u2013 dar pavojingiau nei Bela kada nors \u012fsivaizdavo.","robots":{"index":"index","follow":"follow","max-snippet":"max-snippet:-1","max-image-preview":"max-image-preview:large","max-video-preview":"max-video-preview:-1"},"canonical":"https:\/\/skaitytaknyga.lt\/en\/produktas\/jaunatis\/","og_locale":"en_GB","og_type":"article","og_title":"[:lt]Jaunatis[:] - Skaitytaknyga","og_description":"Belai Svan vienas dalykas svarbesnis net u\u017e gyvyb\u0119 \u2013 tai Edvardas Kalenas. Ta\u010diau myl\u0117ti vampyr\u0105 \u2013 dar pavojingiau nei Bela kada nors \u012fsivaizdavo.","og_url":"https:\/\/skaitytaknyga.lt\/en\/produktas\/jaunatis\/","og_site_name":"Skaitytaknyga","article_publisher":"https:\/\/www.facebook.com\/skaitytaknyga\/","article_modified_time":"2025-04-29T05:01:34+00:00","og_image":[{"width":403,"height":600,"url":"https:\/\/skaitytaknyga.lt\/wp-content\/uploads\/2025\/01\/Jaunatis.webp","type":"image\/webp"}],"twitter_card":"summary_large_image","twitter_misc":{"Estimated reading time":"2 minutes"},"schema":{"@context":"https:\/\/schema.org","@graph":[{"@type":"WebPage","@id":"https:\/\/skaitytaknyga.lt\/produktas\/jaunatis\/","url":"https:\/\/skaitytaknyga.lt\/produktas\/jaunatis\/","name":"Jaunatis","isPartOf":{"@id":"https:\/\/skaitytaknyga.lt\/#website"},"primaryImageOfPage":{"@id":"https:\/\/skaitytaknyga.lt\/produktas\/jaunatis\/#primaryimage"},"image":{"@id":"https:\/\/skaitytaknyga.lt\/produktas\/jaunatis\/#primaryimage"},"thumbnailUrl":"https:\/\/skaitytaknyga.lt\/wp-content\/uploads\/2025\/01\/Jaunatis.webp","datePublished":"2025-01-25T12:10:47+00:00","dateModified":"2025-04-29T05:01:34+00:00","description":"Belai Svan vienas dalykas svarbesnis net u\u017e gyvyb\u0119 \u2013 tai Edvardas Kalenas. Ta\u010diau myl\u0117ti vampyr\u0105 \u2013 dar pavojingiau nei Bela kada nors \u012fsivaizdavo.","breadcrumb":{"@id":"https:\/\/skaitytaknyga.lt\/produktas\/jaunatis\/#breadcrumb"},"inLanguage":"en-GB","potentialAction":[{"@type":"ReadAction","target":["https:\/\/skaitytaknyga.lt\/produktas\/jaunatis\/"]}]},{"@type":"ImageObject","inLanguage":"en-GB","@id":"https:\/\/skaitytaknyga.lt\/produktas\/jaunatis\/#primaryimage","url":"https:\/\/skaitytaknyga.lt\/wp-content\/uploads\/2025\/01\/Jaunatis.webp","contentUrl":"https:\/\/skaitytaknyga.lt\/wp-content\/uploads\/2025\/01\/Jaunatis.webp","width":403,"height":600,"caption":"Jaunatis"},{"@type":"BreadcrumbList","@id":"https:\/\/skaitytaknyga.lt\/produktas\/jaunatis\/#breadcrumb","itemListElement":[{"@type":"ListItem","position":1,"name":"Home","item":"https:\/\/skaitytaknyga.lt\/"},{"@type":"ListItem","position":2,"name":"Parduotuv\u0117","item":"https:\/\/skaitytaknyga.lt\/knygu-parduotuve\/"},{"@type":"ListItem","position":3,"name":"Jaunatis"}]},{"@type":"WebSite","@id":"https:\/\/skaitytaknyga.lt\/#website","url":"https:\/\/skaitytaknyga.lt\/","name":"skaitytaknyga.lt","description":"Skaitytaknyga.lt \u2013 tai ma\u017eas \u0161eimos verslas, kuris prasid\u0117jo nuo meil\u0117s knygoms ir siekio i\u0161gelb\u0117ti knygas nuo likimo prie konteinerio. Kas vienam nereikalingas daiktas \u2013 kitam lobis, o mes esame tarpininkai, kurie padeda abiems tapti laimingesniems ???? \u017dinome kaip nelengva i\u0161gyventi ma\u017eiems verslams, tad nuo \u0161iol, \u010dia rasite ir kit\u0173, ma\u017e\u0173 \u0161eim\u0173 versl\u0173, rank\u0173 darbo, dovan\u0173 sau ir artimiesiems.","publisher":{"@id":"https:\/\/skaitytaknyga.lt\/#organization"},"potentialAction":[{"@type":"SearchAction","target":{"@type":"EntryPoint","urlTemplate":"https:\/\/skaitytaknyga.lt\/?s={search_term_string}"},"query-input":{"@type":"PropertyValueSpecification","valueRequired":true,"valueName":"search_term_string"}}],"inLanguage":"en-GB"},{"@type":"Organization","@id":"https:\/\/skaitytaknyga.lt\/#organization","name":"skaitytaknyga.lt","url":"https:\/\/skaitytaknyga.lt\/","logo":{"@type":"ImageObject","inLanguage":"en-GB","@id":"https:\/\/skaitytaknyga.lt\/#\/schema\/logo\/image\/","url":"https:\/\/skaitytaknyga.lt\/wp-content\/uploads\/2024\/05\/cropped-cropped-cropped-02_00843_jt3bggkj1j3HLc7SyY6rEUpg.jpeg","contentUrl":"https:\/\/skaitytaknyga.lt\/wp-content\/uploads\/2024\/05\/cropped-cropped-cropped-02_00843_jt3bggkj1j3HLc7SyY6rEUpg.jpeg","width":1600,"height":1600,"caption":"skaitytaknyga.lt"},"image":{"@id":"https:\/\/skaitytaknyga.lt\/#\/schema\/logo\/image\/"},"sameAs":["https:\/\/www.facebook.com\/skaitytaknyga\/"]}]}},"_links":{"self":[{"href":"https:\/\/skaitytaknyga.lt\/en\/wp-json\/wp\/v2\/product\/16046","targetHints":{"allow":["GET"]}}],"collection":[{"href":"https:\/\/skaitytaknyga.lt\/en\/wp-json\/wp\/v2\/product"}],"about":[{"href":"https:\/\/skaitytaknyga.lt\/en\/wp-json\/wp\/v2\/types\/product"}],"replies":[{"embeddable":true,"href":"https:\/\/skaitytaknyga.lt\/en\/wp-json\/wp\/v2\/comments?post=16046"}],"wp:featuredmedia":[{"embeddable":true,"href":"https:\/\/skaitytaknyga.lt\/en\/wp-json\/wp\/v2\/media\/16047"}],"wp:attachment":[{"href":"https:\/\/skaitytaknyga.lt\/en\/wp-json\/wp\/v2\/media?parent=16046"}],"wp:term":[{"taxonomy":"product_brand","embeddable":true,"href":"https:\/\/skaitytaknyga.lt\/en\/wp-json\/wp\/v2\/product_brand?post=16046"},{"taxonomy":"product_cat","embeddable":true,"href":"https:\/\/skaitytaknyga.lt\/en\/wp-json\/wp\/v2\/product_cat?post=16046"},{"taxonomy":"product_tag","embeddable":true,"href":"https:\/\/skaitytaknyga.lt\/en\/wp-json\/wp\/v2\/product_tag?post=16046"}],"curies":[{"name":"wp","href":"https:\/\/api.w.org\/{rel}","templated":true}]}}