{"id":16045,"date":"2025-01-25T14:06:38","date_gmt":"2025-01-25T12:06:38","guid":{"rendered":"https:\/\/skaitytaknyga.lt\/?post_type=product&#038;p=16045"},"modified":"2026-03-05T13:48:20","modified_gmt":"2026-03-05T11:48:20","slug":"angelu-isiverzimas-penryn-ir-laiku-pabaiga","status":"publish","type":"product","link":"https:\/\/skaitytaknyga.lt\/en\/produktas\/angelu-isiverzimas-penryn-ir-laiku-pabaiga\/","title":{"rendered":"Angel\u0173 \u012fsiver\u017eimas. Penryn ir laik\u0173 pabaiga"},"content":{"rendered":"<p><span lang=\"EN-US\">Jau \u0161e\u0161ios savait\u0117s kaip angelai nusileido \u012f \u017dem\u0119 ir sunaikino \u0161iuolaikin\u012f pasaul\u012f. I\u0161liko tik nedidel\u0117 \u017emoni\u0173 grupel\u0117. Dien\u0105 siau\u010dia gatvi\u0173 gaujos, o nakt\u012f kausto baim\u0117 ir prietarai. Angelams pagrobus bej\u0117g\u0119 mergait\u0119, jos septyniolikamet\u0117 sesuo Penryn pasiry\u017eta viskam. Net sand\u0117riui su prie\u0161u.<\/span><\/p>\n<p><span lang=\"EN-US\">Rafas \u2013 karys, kur\u012f po i\u0161tis\u0105 am\u017einyb\u0119 trukusi\u0173 nesuskai\u010diuojam\u0173 kov\u0173 i\u0161 bevilti\u0161kos pad\u0117ties i\u0161gelbsti alkana paaugl\u0117 mergait\u0117. Keliaudami po tamsi\u0105 ir suniokot\u0105 \u0161al\u012f, sunkiomis akimirkomis jie gali atsiremti tik vienas \u012f kit\u0105 ir abu rizikuoja viskuo, kas brangiausia, kad i\u0161likt\u0173 gyvi. Apokaliptin\u0117je \u0161viesoje u\u017egimsta nauji jausmai. Ar jie tikri? Jaudinantis, aistringas ir kupinas stulbinam\u0173 netik\u0117tum\u0173 pasakojimas nepaliks abejing\u0173 skaitytoj\u0173.<\/span><\/p>\n<p><span lang=\"EN-US\">Tai pirmoji trilogijos dalis<a name=\"_GoBack\"><\/a>.<\/span><\/p>\n<p><span lang=\"EN-US\">Pagal \u0161i\u0105 knyg\u0105 kuriamas filmas.<\/span><\/p>\n<p><span lang=\"EN-US\">Reta toki\u0173 knyg\u0173, kurios taip svaiginamai \u012ftraukt\u0173&#8230; \u010cia tiek daug pavoj\u0173, adrenalino, nevilties, tik\u0117jimo ir geismo&#8230; Susan Ee tikrai suk\u016br\u0117 \u0161edevr\u0105.<\/span><\/p>\n<p>Autorius: Susan Ee<br \/>\nLeid\u0117jas: Aukso pieva<br \/>\nMetai: 2013<br \/>\nPuslapiai: 336<br \/>\nISBN: 9786098105056<br \/>\nVersijos kodas: PT.<br \/>\nFormatas: 14 x 21 cm, kieti vir\u0161eliai<br \/>\nKalba: Lietuvi\u0173<br \/>\nVert\u0117jas: T\u0117ja Luna<\/p>\n","protected":false},"excerpt":{"rendered":"<p>Jau \u0161e\u0161ios savait\u0117s kaip angelai nusileido \u012f \u017dem\u0119 ir sunaikino \u0161iuolaikin\u012f pasaul\u012f. I\u0161liko tik nedidel\u0117 \u017emoni\u0173 grupel\u0117. Dien\u0105 siau\u010dia gatvi\u0173 gaujos, o nakt\u012f kausto baim\u0117 ir prietarai. Angelams pagrobus bej\u0117g\u0119 mergait\u0119, jos septyniolikamet\u0117 sesuo Penryn pasiry\u017eta viskam. Net sand\u0117riui su prie\u0161u. Rafas \u2013 karys, kur\u012f po i\u0161tis\u0105 am\u017einyb\u0119 trukusi\u0173 nesuskai\u010diuojam\u0173 kov\u0173 i\u0161 bevilti\u0161kos pad\u0117ties i\u0161gelbsti alkana paaugl\u0117 mergait\u0117. Keliaudami po tamsi\u0105 ir suniokot\u0105 \u0161al\u012f, sunkiomis akimirkomis jie gali atsiremti tik vienas \u012f kit\u0105 ir abu rizikuoja viskuo, kas brangiausia, kad i\u0161likt\u0173 gyvi. Apokaliptin\u0117je \u0161viesoje u\u017egimsta nauji jausmai. Ar jie tikri? Jaudinantis, aistringas ir kupinas stulbinam\u0173 netik\u0117tum\u0173 pasakojimas nepaliks abejing\u0173 skaitytoj\u0173. Tai pirmoji trilogijos dalis. Pagal \u0161i\u0105 knyg\u0105 kuriamas filmas. Reta toki\u0173 knyg\u0173, kurios taip svaiginamai \u012ftraukt\u0173&#8230; \u010cia tiek daug pavoj\u0173, adrenalino, nevilties, tik\u0117jimo ir geismo&#8230; Susan Ee tikrai suk\u016br\u0117 \u0161edevr\u0105. Autorius: Susan Ee Leid\u0117jas: Aukso pieva Metai: 2013 Puslapiai: 336 ISBN: 9786098105056 Versijos kodas: PT. Formatas: 14 x 21 cm, kieti vir\u0161eliai Kalba: Lietuvi\u0173 Vert\u0117jas: T\u0117ja Luna<\/p>\n","protected":false},"featured_media":5014,"comment_status":"closed","ping_status":"closed","template":"","meta":{"_acf_changed":false,"site-sidebar-layout":"default","site-content-layout":"","ast-site-content-layout":"default","site-content-style":"default","site-sidebar-style":"default","ast-global-header-display":"","ast-banner-title-visibility":"","ast-main-header-display":"","ast-hfb-above-header-display":"","ast-hfb-below-header-display":"","ast-hfb-mobile-header-display":"","site-post-title":"","ast-breadcrumbs-content":"","ast-featured-img":"","footer-sml-layout":"","ast-disable-related-posts":"","theme-transparent-header-meta":"default","adv-header-id-meta":"","stick-header-meta":"","header-above-stick-meta":"","header-main-stick-meta":"","header-below-stick-meta":"","astra-migrate-meta-layouts":"set","ast-page-background-enabled":"default","ast-page-background-meta":{"desktop":{"background-color":"","background-image":"","background-repeat":"repeat","background-position":"center center","background-size":"auto","background-attachment":"scroll","background-type":"","background-media":"","overlay-type":"","overlay-color":"","overlay-opacity":"","overlay-gradient":""},"tablet":{"background-color":"","background-image":"","background-repeat":"repeat","background-position":"center center","background-size":"auto","background-attachment":"scroll","background-type":"","background-media":"","overlay-type":"","overlay-color":"","overlay-opacity":"","overlay-gradient":""},"mobile":{"background-color":"","background-image":"","background-repeat":"repeat","background-position":"center center","background-size":"auto","background-attachment":"scroll","background-type":"","background-media":"","overlay-type":"","overlay-color":"","overlay-opacity":"","overlay-gradient":""}},"ast-content-background-meta":{"desktop":{"background-color":"var(--ast-global-color-4)","background-image":"","background-repeat":"repeat","background-position":"center center","background-size":"auto","background-attachment":"scroll","background-type":"","background-media":"","overlay-type":"","overlay-color":"","overlay-opacity":"","overlay-gradient":""},"tablet":{"background-color":"var(--ast-global-color-4)","background-image":"","background-repeat":"repeat","background-position":"center center","background-size":"auto","background-attachment":"scroll","background-type":"","background-media":"","overlay-type":"","overlay-color":"","overlay-opacity":"","overlay-gradient":""},"mobile":{"background-color":"var(--ast-global-color-4)","background-image":"","background-repeat":"repeat","background-position":"center center","background-size":"auto","background-attachment":"scroll","background-type":"","background-media":"","overlay-type":"","overlay-color":"","overlay-opacity":"","overlay-gradient":""}}},"product_brand":[],"product_cat":[9621],"product_tag":[],"class_list":{"0":"post-16045","1":"product","2":"type-product","3":"status-publish","4":"has-post-thumbnail","6":"product_cat-fantastika-fantastika","7":"desktop-align-left","8":"tablet-align-left","9":"mobile-align-left","11":"first","12":"outofstock","13":"shipping-taxable","14":"purchasable","15":"product-type-simple"},"acf":[],"yoast_head":"<!-- This site is optimized with the Yoast SEO plugin v27.0 - https:\/\/yoast.com\/product\/yoast-seo-wordpress\/ -->\n<title>Angel\u0173 \u012fsiver\u017eimas. Penryn ir laik\u0173 pabaiga<\/title>\n<meta name=\"description\" content=\"Jau \u0161e\u0161ios savait\u0117s kaip angelai nusileido \u012f \u017dem\u0119 ir sunaikino \u0161iuolaikin\u012f pasaul\u012f. I\u0161liko tik nedidel\u0117 \u017emoni\u0173 grupel\u0117. Dien\u0105 siau\u010dia gatvi\u0173 gaujos, o\" \/>\n<meta name=\"robots\" content=\"index, follow, max-snippet:-1, max-image-preview:large, max-video-preview:-1\" \/>\n<link rel=\"canonical\" href=\"https:\/\/skaitytaknyga.lt\/en\/produktas\/angelu-isiverzimas-penryn-ir-laiku-pabaiga\/\" \/>\n<meta property=\"og:locale\" content=\"en_GB\" \/>\n<meta property=\"og:locale:alternate\" content=\"lt_LT\" \/>\n<meta property=\"og:type\" content=\"article\" \/>\n<meta property=\"og:title\" content=\"Angel\u0173 \u012fsiver\u017eimas. Penryn ir laik\u0173 pabaiga\" \/>\n<meta property=\"og:description\" content=\"Jau \u0161e\u0161ios savait\u0117s kaip angelai nusileido \u012f \u017dem\u0119 ir sunaikino \u0161iuolaikin\u012f pasaul\u012f. I\u0161liko tik nedidel\u0117 \u017emoni\u0173 grupel\u0117. Dien\u0105 siau\u010dia gatvi\u0173 gaujos, o\" \/>\n<meta property=\"og:url\" content=\"https:\/\/skaitytaknyga.lt\/en\/produktas\/angelu-isiverzimas-penryn-ir-laiku-pabaiga\/\" \/>\n<meta property=\"og:site_name\" content=\"Skaitytaknyga\" \/>\n<meta property=\"article:publisher\" content=\"https:\/\/www.facebook.com\/skaitytaknyga\/\" \/>\n<meta property=\"article:modified_time\" content=\"2026-03-05T11:48:20+00:00\" \/>\n<meta property=\"og:image\" content=\"https:\/\/skaitytaknyga.lt\/wp-content\/uploads\/2024\/04\/pasaulis-po-to.jpg\" \/>\n\t<meta property=\"og:image:width\" content=\"302\" \/>\n\t<meta property=\"og:image:height\" content=\"450\" \/>\n\t<meta property=\"og:image:type\" content=\"image\/jpeg\" \/>\n<meta name=\"twitter:card\" content=\"summary_large_image\" \/>\n<meta name=\"twitter:label1\" content=\"Estimated reading time\" \/>\n\t<meta name=\"twitter:data1\" content=\"2 minutes\" \/>\n<script type=\"application\/ld+json\" class=\"yoast-schema-graph\">{\"@context\":\"https:\/\/schema.org\",\"@graph\":[{\"@type\":\"WebPage\",\"@id\":\"https:\/\/skaitytaknyga.lt\/produktas\/angelu-isiverzimas-penryn-ir-laiku-pabaiga\/\",\"url\":\"https:\/\/skaitytaknyga.lt\/produktas\/angelu-isiverzimas-penryn-ir-laiku-pabaiga\/\",\"name\":\"Angel\u0173 \u012fsiver\u017eimas. Penryn ir laik\u0173 pabaiga\",\"isPartOf\":{\"@id\":\"https:\/\/skaitytaknyga.lt\/#website\"},\"primaryImageOfPage\":{\"@id\":\"https:\/\/skaitytaknyga.lt\/produktas\/angelu-isiverzimas-penryn-ir-laiku-pabaiga\/#primaryimage\"},\"image\":{\"@id\":\"https:\/\/skaitytaknyga.lt\/produktas\/angelu-isiverzimas-penryn-ir-laiku-pabaiga\/#primaryimage\"},\"thumbnailUrl\":\"https:\/\/skaitytaknyga.lt\/wp-content\/uploads\/2024\/04\/pasaulis-po-to.jpg\",\"datePublished\":\"2025-01-25T12:06:38+00:00\",\"dateModified\":\"2026-03-05T11:48:20+00:00\",\"description\":\"Jau \u0161e\u0161ios savait\u0117s kaip angelai nusileido \u012f \u017dem\u0119 ir sunaikino \u0161iuolaikin\u012f pasaul\u012f. I\u0161liko tik nedidel\u0117 \u017emoni\u0173 grupel\u0117. Dien\u0105 siau\u010dia gatvi\u0173 gaujos, o\",\"breadcrumb\":{\"@id\":\"https:\/\/skaitytaknyga.lt\/produktas\/angelu-isiverzimas-penryn-ir-laiku-pabaiga\/#breadcrumb\"},\"inLanguage\":\"en-GB\",\"potentialAction\":[{\"@type\":\"ReadAction\",\"target\":[\"https:\/\/skaitytaknyga.lt\/produktas\/angelu-isiverzimas-penryn-ir-laiku-pabaiga\/\"]}]},{\"@type\":\"ImageObject\",\"inLanguage\":\"en-GB\",\"@id\":\"https:\/\/skaitytaknyga.lt\/produktas\/angelu-isiverzimas-penryn-ir-laiku-pabaiga\/#primaryimage\",\"url\":\"https:\/\/skaitytaknyga.lt\/wp-content\/uploads\/2024\/04\/pasaulis-po-to.jpg\",\"contentUrl\":\"https:\/\/skaitytaknyga.lt\/wp-content\/uploads\/2024\/04\/pasaulis-po-to.jpg\",\"width\":302,\"height\":450},{\"@type\":\"BreadcrumbList\",\"@id\":\"https:\/\/skaitytaknyga.lt\/produktas\/angelu-isiverzimas-penryn-ir-laiku-pabaiga\/#breadcrumb\",\"itemListElement\":[{\"@type\":\"ListItem\",\"position\":1,\"name\":\"Home\",\"item\":\"https:\/\/skaitytaknyga.lt\/\"},{\"@type\":\"ListItem\",\"position\":2,\"name\":\"Parduotuv\u0117\",\"item\":\"https:\/\/skaitytaknyga.lt\/knygu-parduotuve\/\"},{\"@type\":\"ListItem\",\"position\":3,\"name\":\"Angel\u0173 \u012fsiver\u017eimas. Penryn ir laik\u0173 pabaiga\"}]},{\"@type\":\"WebSite\",\"@id\":\"https:\/\/skaitytaknyga.lt\/#website\",\"url\":\"https:\/\/skaitytaknyga.lt\/\",\"name\":\"skaitytaknyga.lt\",\"description\":\"Skaitytaknyga.lt \u2013 tai ma\u017eas \u0161eimos verslas, kuris prasid\u0117jo nuo meil\u0117s knygoms ir siekio i\u0161gelb\u0117ti knygas nuo likimo prie konteinerio. Kas vienam nereikalingas daiktas \u2013 kitam lobis, o mes esame tarpininkai, kurie padeda abiems tapti laimingesniems ???? \u017dinome kaip nelengva i\u0161gyventi ma\u017eiems verslams, tad nuo \u0161iol, \u010dia rasite ir kit\u0173, ma\u017e\u0173 \u0161eim\u0173 versl\u0173, rank\u0173 darbo, dovan\u0173 sau ir artimiesiems.\",\"publisher\":{\"@id\":\"https:\/\/skaitytaknyga.lt\/#organization\"},\"potentialAction\":[{\"@type\":\"SearchAction\",\"target\":{\"@type\":\"EntryPoint\",\"urlTemplate\":\"https:\/\/skaitytaknyga.lt\/?s={search_term_string}\"},\"query-input\":{\"@type\":\"PropertyValueSpecification\",\"valueRequired\":true,\"valueName\":\"search_term_string\"}}],\"inLanguage\":\"en-GB\"},{\"@type\":\"Organization\",\"@id\":\"https:\/\/skaitytaknyga.lt\/#organization\",\"name\":\"skaitytaknyga.lt\",\"url\":\"https:\/\/skaitytaknyga.lt\/\",\"logo\":{\"@type\":\"ImageObject\",\"inLanguage\":\"en-GB\",\"@id\":\"https:\/\/skaitytaknyga.lt\/#\/schema\/logo\/image\/\",\"url\":\"https:\/\/skaitytaknyga.lt\/wp-content\/uploads\/2024\/05\/cropped-cropped-cropped-02_00843_jt3bggkj1j3HLc7SyY6rEUpg.jpeg\",\"contentUrl\":\"https:\/\/skaitytaknyga.lt\/wp-content\/uploads\/2024\/05\/cropped-cropped-cropped-02_00843_jt3bggkj1j3HLc7SyY6rEUpg.jpeg\",\"width\":1600,\"height\":1600,\"caption\":\"skaitytaknyga.lt\"},\"image\":{\"@id\":\"https:\/\/skaitytaknyga.lt\/#\/schema\/logo\/image\/\"},\"sameAs\":[\"https:\/\/www.facebook.com\/skaitytaknyga\/\"]}]}<\/script>\n<!-- \/ Yoast SEO plugin. -->","yoast_head_json":{"title":"Angel\u0173 \u012fsiver\u017eimas. Penryn ir laik\u0173 pabaiga","description":"Jau \u0161e\u0161ios savait\u0117s kaip angelai nusileido \u012f \u017dem\u0119 ir sunaikino \u0161iuolaikin\u012f pasaul\u012f. I\u0161liko tik nedidel\u0117 \u017emoni\u0173 grupel\u0117. Dien\u0105 siau\u010dia gatvi\u0173 gaujos, o","robots":{"index":"index","follow":"follow","max-snippet":"max-snippet:-1","max-image-preview":"max-image-preview:large","max-video-preview":"max-video-preview:-1"},"canonical":"https:\/\/skaitytaknyga.lt\/en\/produktas\/angelu-isiverzimas-penryn-ir-laiku-pabaiga\/","og_locale":"en_GB","og_type":"article","og_title":"[:lt]Angel\u0173 \u012fsiver\u017eimas. Penryn ir laik\u0173 pabaiga[:] - Skaitytaknyga","og_description":"Jau \u0161e\u0161ios savait\u0117s kaip angelai nusileido \u012f \u017dem\u0119 ir sunaikino \u0161iuolaikin\u012f pasaul\u012f. I\u0161liko tik nedidel\u0117 \u017emoni\u0173 grupel\u0117. Dien\u0105 siau\u010dia gatvi\u0173 gaujos, o","og_url":"https:\/\/skaitytaknyga.lt\/en\/produktas\/angelu-isiverzimas-penryn-ir-laiku-pabaiga\/","og_site_name":"Skaitytaknyga","article_publisher":"https:\/\/www.facebook.com\/skaitytaknyga\/","article_modified_time":"2026-03-05T11:48:20+00:00","og_image":[{"width":302,"height":450,"url":"https:\/\/skaitytaknyga.lt\/wp-content\/uploads\/2024\/04\/pasaulis-po-to.jpg","type":"image\/jpeg"}],"twitter_card":"summary_large_image","twitter_misc":{"Estimated reading time":"2 minutes"},"schema":{"@context":"https:\/\/schema.org","@graph":[{"@type":"WebPage","@id":"https:\/\/skaitytaknyga.lt\/produktas\/angelu-isiverzimas-penryn-ir-laiku-pabaiga\/","url":"https:\/\/skaitytaknyga.lt\/produktas\/angelu-isiverzimas-penryn-ir-laiku-pabaiga\/","name":"Angel\u0173 \u012fsiver\u017eimas. Penryn ir laik\u0173 pabaiga","isPartOf":{"@id":"https:\/\/skaitytaknyga.lt\/#website"},"primaryImageOfPage":{"@id":"https:\/\/skaitytaknyga.lt\/produktas\/angelu-isiverzimas-penryn-ir-laiku-pabaiga\/#primaryimage"},"image":{"@id":"https:\/\/skaitytaknyga.lt\/produktas\/angelu-isiverzimas-penryn-ir-laiku-pabaiga\/#primaryimage"},"thumbnailUrl":"https:\/\/skaitytaknyga.lt\/wp-content\/uploads\/2024\/04\/pasaulis-po-to.jpg","datePublished":"2025-01-25T12:06:38+00:00","dateModified":"2026-03-05T11:48:20+00:00","description":"Jau \u0161e\u0161ios savait\u0117s kaip angelai nusileido \u012f \u017dem\u0119 ir sunaikino \u0161iuolaikin\u012f pasaul\u012f. I\u0161liko tik nedidel\u0117 \u017emoni\u0173 grupel\u0117. Dien\u0105 siau\u010dia gatvi\u0173 gaujos, o","breadcrumb":{"@id":"https:\/\/skaitytaknyga.lt\/produktas\/angelu-isiverzimas-penryn-ir-laiku-pabaiga\/#breadcrumb"},"inLanguage":"en-GB","potentialAction":[{"@type":"ReadAction","target":["https:\/\/skaitytaknyga.lt\/produktas\/angelu-isiverzimas-penryn-ir-laiku-pabaiga\/"]}]},{"@type":"ImageObject","inLanguage":"en-GB","@id":"https:\/\/skaitytaknyga.lt\/produktas\/angelu-isiverzimas-penryn-ir-laiku-pabaiga\/#primaryimage","url":"https:\/\/skaitytaknyga.lt\/wp-content\/uploads\/2024\/04\/pasaulis-po-to.jpg","contentUrl":"https:\/\/skaitytaknyga.lt\/wp-content\/uploads\/2024\/04\/pasaulis-po-to.jpg","width":302,"height":450},{"@type":"BreadcrumbList","@id":"https:\/\/skaitytaknyga.lt\/produktas\/angelu-isiverzimas-penryn-ir-laiku-pabaiga\/#breadcrumb","itemListElement":[{"@type":"ListItem","position":1,"name":"Home","item":"https:\/\/skaitytaknyga.lt\/"},{"@type":"ListItem","position":2,"name":"Parduotuv\u0117","item":"https:\/\/skaitytaknyga.lt\/knygu-parduotuve\/"},{"@type":"ListItem","position":3,"name":"Angel\u0173 \u012fsiver\u017eimas. Penryn ir laik\u0173 pabaiga"}]},{"@type":"WebSite","@id":"https:\/\/skaitytaknyga.lt\/#website","url":"https:\/\/skaitytaknyga.lt\/","name":"skaitytaknyga.lt","description":"Skaitytaknyga.lt \u2013 tai ma\u017eas \u0161eimos verslas, kuris prasid\u0117jo nuo meil\u0117s knygoms ir siekio i\u0161gelb\u0117ti knygas nuo likimo prie konteinerio. Kas vienam nereikalingas daiktas \u2013 kitam lobis, o mes esame tarpininkai, kurie padeda abiems tapti laimingesniems ???? \u017dinome kaip nelengva i\u0161gyventi ma\u017eiems verslams, tad nuo \u0161iol, \u010dia rasite ir kit\u0173, ma\u017e\u0173 \u0161eim\u0173 versl\u0173, rank\u0173 darbo, dovan\u0173 sau ir artimiesiems.","publisher":{"@id":"https:\/\/skaitytaknyga.lt\/#organization"},"potentialAction":[{"@type":"SearchAction","target":{"@type":"EntryPoint","urlTemplate":"https:\/\/skaitytaknyga.lt\/?s={search_term_string}"},"query-input":{"@type":"PropertyValueSpecification","valueRequired":true,"valueName":"search_term_string"}}],"inLanguage":"en-GB"},{"@type":"Organization","@id":"https:\/\/skaitytaknyga.lt\/#organization","name":"skaitytaknyga.lt","url":"https:\/\/skaitytaknyga.lt\/","logo":{"@type":"ImageObject","inLanguage":"en-GB","@id":"https:\/\/skaitytaknyga.lt\/#\/schema\/logo\/image\/","url":"https:\/\/skaitytaknyga.lt\/wp-content\/uploads\/2024\/05\/cropped-cropped-cropped-02_00843_jt3bggkj1j3HLc7SyY6rEUpg.jpeg","contentUrl":"https:\/\/skaitytaknyga.lt\/wp-content\/uploads\/2024\/05\/cropped-cropped-cropped-02_00843_jt3bggkj1j3HLc7SyY6rEUpg.jpeg","width":1600,"height":1600,"caption":"skaitytaknyga.lt"},"image":{"@id":"https:\/\/skaitytaknyga.lt\/#\/schema\/logo\/image\/"},"sameAs":["https:\/\/www.facebook.com\/skaitytaknyga\/"]}]}},"_links":{"self":[{"href":"https:\/\/skaitytaknyga.lt\/en\/wp-json\/wp\/v2\/product\/16045","targetHints":{"allow":["GET"]}}],"collection":[{"href":"https:\/\/skaitytaknyga.lt\/en\/wp-json\/wp\/v2\/product"}],"about":[{"href":"https:\/\/skaitytaknyga.lt\/en\/wp-json\/wp\/v2\/types\/product"}],"replies":[{"embeddable":true,"href":"https:\/\/skaitytaknyga.lt\/en\/wp-json\/wp\/v2\/comments?post=16045"}],"wp:featuredmedia":[{"embeddable":true,"href":"https:\/\/skaitytaknyga.lt\/en\/wp-json\/wp\/v2\/media\/5014"}],"wp:attachment":[{"href":"https:\/\/skaitytaknyga.lt\/en\/wp-json\/wp\/v2\/media?parent=16045"}],"wp:term":[{"taxonomy":"product_brand","embeddable":true,"href":"https:\/\/skaitytaknyga.lt\/en\/wp-json\/wp\/v2\/product_brand?post=16045"},{"taxonomy":"product_cat","embeddable":true,"href":"https:\/\/skaitytaknyga.lt\/en\/wp-json\/wp\/v2\/product_cat?post=16045"},{"taxonomy":"product_tag","embeddable":true,"href":"https:\/\/skaitytaknyga.lt\/en\/wp-json\/wp\/v2\/product_tag?post=16045"}],"curies":[{"name":"wp","href":"https:\/\/api.w.org\/{rel}","templated":true}]}}