{"id":16043,"date":"2025-01-25T14:04:57","date_gmt":"2025-01-25T12:04:57","guid":{"rendered":"https:\/\/skaitytaknyga.lt\/?post_type=product&#038;p=16043"},"modified":"2025-06-11T10:13:45","modified_gmt":"2025-06-11T07:13:45","slug":"raudonoji-karaliene-2","status":"publish","type":"product","link":"https:\/\/skaitytaknyga.lt\/en\/produktas\/raudonoji-karaliene-2\/","title":{"rendered":"Butas Pary\u017eiuje"},"content":{"rendered":"<p><strong>Michelle Gable<\/strong>\u00a0(Mi\u0161el\u0117 Geibl) \u2013 JAV autor\u0117, finans\u0173 analitik\u0117, u\u017eaugusi ra\u0161ytoj\u0173 \u0161eimoje ir visuomet tro\u0161kusi ra\u0161yti pati. Pary\u017eiuje atrasto buto istorija buvo post\u016bmis, paskatin\u0119s\u00a0<strong>M. Gable<\/strong>\u00a0sukurti tarptautiniu tapus\u012f bestseler\u012f.<\/p>\n<p>Sotheby\u2018s aukciono nam\u0173 Europos senovini\u0173 bald\u0173 ekspertei Eiprilei pasisek\u0117 \u2013 ji vyksta \u012f Pary\u017ei\u0173 vertinti labai ne\u012fprasto buto. Pary\u017eius Eiprilei \u2013 menas, romantika, svaigulys ir pab\u0117gimas nuo bra\u0161kan\u010dios santuokos. O tas butas&#8230;<\/p>\n<p>2010 m. Pary\u017eiuje nutiko ne\u012ftik\u0117tina, bet tikra istorija: mirus 91 met\u0173 moteriai, paveld\u0117tojai tarp popieri\u0173 aptiko ir jai priklausiusio buto netoli Pigalio aik\u0161t\u0117s dokumentus. Ekspertai nepatik\u0117jo savo akimis: paskutin\u012f kart\u0105 \u0161io buto durys buvo u\u017evertos daugiau nei prie\u0161 70 met\u0173 ir nuo to laiko niekas \u012f j\u012f nebuvo \u012f\u017eeng\u0119s. Prabangus, keistas, rafinuotas, bohemi\u0161kas butas buvo tarsi nepaliesta miegan\u010diosios gra\u017euol\u0117s pilis. Ta\u010diau tai dar ne viskas: apstulb\u0119 ekspertai rado bute vieno garsiausi\u0173 Belle Epoque tapytoj\u0173 Giovanni Boldini paveiksl\u0105, kuriame pavaizduota moteris rausva suknele. I\u0161 bute rast\u0173 lai\u0161k\u0173 paai\u0161k\u0117jo, jog tai buto savinink\u0117s senel\u0117 \u2013 Marta de Florian: demimondo dama, salon\u0173 li\u016bt\u0117, Boldini m\u016bza ir meilu\u017e\u0117. Ir April\u0117s d\u0117mesys ima telktis ne \u012f ra\u0161omuosius stalus ar karaliaus Liudviko stiliaus kr\u0117slus, u\u017edirbsian\u010dius aukcionui milijonus doleri\u0173, o \u012f charizmati\u0161k\u0105 moter\u012f ir jos gyvenimo istorij\u0105.<\/p>\n<p><strong>Michelle Gable<\/strong>\u00a0suk\u016br\u0117 roman\u0105 apie dvi moteris, du skirtingus laikotarpius. Apie Mart\u0105 ir ne\u012ftik\u0117tin\u0105 but\u0105, kupin\u0105 Pary\u017eiaus praeities, nuostabiojo XX a. prad\u017eios \u017eavesio ir aistr\u0173 \u2013 ir apie Eipril\u0119, u\u017eker\u0117t\u0105 Martos istorijos ir bandan\u010di\u0105 susigaudyti savo pa\u010dios jausmuose. Roman\u0105, kuriame suspindi ir bohemi\u0161kas Belle Epoque pasaulis, ir nebl\u0117stantis \u0161iuolaikinio Pary\u017eiaus \u017eavesys, ir am\u017einos moteri\u0161kos laim\u0117s paie\u0161kos.<\/p>\n<p>Originalus pavadinimas: A Paris Apartment<br \/>\nAutorius: Michelle Gable<br \/>\nLeid\u0117jas: Tyto alba<br \/>\nMetai: 2015<br \/>\nPuslapiai: 496<br \/>\nISBN: 9786094661105<br \/>\nVersijos kodas: PT.<br \/>\nFormatas: 14,7 x 22 cm, kieti vir\u0161eliai<br \/>\nKalba: Lietuvi\u0173<br \/>\nVert\u0117jas: Regina \u0160e\u0161kuvien\u0117<\/p>\n","protected":false},"excerpt":{"rendered":"<p>Michelle Gable\u00a0(Mi\u0161el\u0117 Geibl) \u2013 JAV autor\u0117, finans\u0173 analitik\u0117, u\u017eaugusi ra\u0161ytoj\u0173 \u0161eimoje ir visuomet tro\u0161kusi ra\u0161yti pati. Pary\u017eiuje atrasto buto istorija buvo post\u016bmis, paskatin\u0119s\u00a0M. Gable\u00a0sukurti tarptautiniu tapus\u012f bestseler\u012f. Sotheby\u2018s aukciono nam\u0173 Europos senovini\u0173 bald\u0173 ekspertei Eiprilei pasisek\u0117 \u2013 ji vyksta \u012f Pary\u017ei\u0173 vertinti labai ne\u012fprasto buto. Pary\u017eius Eiprilei \u2013 menas, romantika, svaigulys ir pab\u0117gimas nuo bra\u0161kan\u010dios santuokos. O tas butas&#8230; 2010 m. Pary\u017eiuje nutiko ne\u012ftik\u0117tina, bet tikra istorija: mirus 91 met\u0173 moteriai, paveld\u0117tojai tarp popieri\u0173 aptiko ir jai priklausiusio buto netoli Pigalio aik\u0161t\u0117s dokumentus. Ekspertai nepatik\u0117jo savo akimis: paskutin\u012f kart\u0105 \u0161io buto durys buvo u\u017evertos daugiau nei prie\u0161 70 met\u0173 ir nuo to laiko niekas \u012f j\u012f nebuvo \u012f\u017eeng\u0119s. Prabangus, keistas, rafinuotas, bohemi\u0161kas butas buvo tarsi nepaliesta miegan\u010diosios gra\u017euol\u0117s pilis. Ta\u010diau tai dar ne viskas: apstulb\u0119 ekspertai rado bute vieno garsiausi\u0173 Belle Epoque tapytoj\u0173 Giovanni Boldini paveiksl\u0105, kuriame pavaizduota moteris rausva suknele. I\u0161 bute rast\u0173 lai\u0161k\u0173 paai\u0161k\u0117jo, jog tai buto savinink\u0117s senel\u0117 \u2013 Marta de Florian: demimondo dama, salon\u0173 li\u016bt\u0117, Boldini m\u016bza ir meilu\u017e\u0117. Ir April\u0117s d\u0117mesys ima telktis ne \u012f ra\u0161omuosius stalus ar karaliaus Liudviko stiliaus kr\u0117slus, u\u017edirbsian\u010dius aukcionui milijonus doleri\u0173, o \u012f charizmati\u0161k\u0105 moter\u012f ir jos gyvenimo istorij\u0105. Michelle Gable\u00a0suk\u016br\u0117 roman\u0105 apie dvi moteris, du skirtingus laikotarpius. Apie Mart\u0105 ir ne\u012ftik\u0117tin\u0105 but\u0105, kupin\u0105 Pary\u017eiaus praeities, nuostabiojo XX a. prad\u017eios \u017eavesio ir aistr\u0173 \u2013 ir apie Eipril\u0119, u\u017eker\u0117t\u0105 Martos istorijos ir bandan\u010di\u0105 susigaudyti savo pa\u010dios jausmuose. Roman\u0105, kuriame suspindi ir bohemi\u0161kas Belle Epoque pasaulis, ir nebl\u0117stantis \u0161iuolaikinio Pary\u017eiaus \u017eavesys, ir am\u017einos moteri\u0161kos laim\u0117s paie\u0161kos. Originalus pavadinimas: A Paris Apartment Autorius: Michelle Gable Leid\u0117jas: Tyto alba Metai: 2015 Puslapiai: 496 ISBN: 9786094661105 Versijos kodas: PT. Formatas: 14,7 x 22 cm, kieti vir\u0161eliai Kalba: Lietuvi\u0173 Vert\u0117jas: Regina \u0160e\u0161kuvien\u0117<\/p>\n","protected":false},"featured_media":16044,"comment_status":"open","ping_status":"closed","template":"","meta":{"_acf_changed":false,"site-sidebar-layout":"default","site-content-layout":"","ast-site-content-layout":"default","site-content-style":"default","site-sidebar-style":"default","ast-global-header-display":"","ast-banner-title-visibility":"","ast-main-header-display":"","ast-hfb-above-header-display":"","ast-hfb-below-header-display":"","ast-hfb-mobile-header-display":"","site-post-title":"","ast-breadcrumbs-content":"","ast-featured-img":"","footer-sml-layout":"","ast-disable-related-posts":"","theme-transparent-header-meta":"default","adv-header-id-meta":"","stick-header-meta":"","header-above-stick-meta":"","header-main-stick-meta":"","header-below-stick-meta":"","astra-migrate-meta-layouts":"set","ast-page-background-enabled":"default","ast-page-background-meta":{"desktop":{"background-color":"","background-image":"","background-repeat":"repeat","background-position":"center center","background-size":"auto","background-attachment":"scroll","background-type":"","background-media":"","overlay-type":"","overlay-color":"","overlay-opacity":"","overlay-gradient":""},"tablet":{"background-color":"","background-image":"","background-repeat":"repeat","background-position":"center center","background-size":"auto","background-attachment":"scroll","background-type":"","background-media":"","overlay-type":"","overlay-color":"","overlay-opacity":"","overlay-gradient":""},"mobile":{"background-color":"","background-image":"","background-repeat":"repeat","background-position":"center center","background-size":"auto","background-attachment":"scroll","background-type":"","background-media":"","overlay-type":"","overlay-color":"","overlay-opacity":"","overlay-gradient":""}},"ast-content-background-meta":{"desktop":{"background-color":"var(--ast-global-color-4)","background-image":"","background-repeat":"repeat","background-position":"center center","background-size":"auto","background-attachment":"scroll","background-type":"","background-media":"","overlay-type":"","overlay-color":"","overlay-opacity":"","overlay-gradient":""},"tablet":{"background-color":"var(--ast-global-color-4)","background-image":"","background-repeat":"repeat","background-position":"center center","background-size":"auto","background-attachment":"scroll","background-type":"","background-media":"","overlay-type":"","overlay-color":"","overlay-opacity":"","overlay-gradient":""},"mobile":{"background-color":"var(--ast-global-color-4)","background-image":"","background-repeat":"repeat","background-position":"center center","background-size":"auto","background-attachment":"scroll","background-type":"","background-media":"","overlay-type":"","overlay-color":"","overlay-opacity":"","overlay-gradient":""}}},"product_brand":[],"product_cat":[31,15],"product_tag":[4968,2069,4969,4967,1764],"class_list":{"0":"post-16043","1":"product","2":"type-product","3":"status-publish","4":"has-post-thumbnail","6":"product_cat-grozine-literatura","7":"product_cat-uncategorized","8":"product_tag-belle-epoque","9":"product_tag-istorinis-romanas","10":"product_tag-jav-autore","11":"product_tag-michelle-gable","12":"product_tag-paryzius","13":"desktop-align-left","14":"tablet-align-left","15":"mobile-align-left","17":"first","18":"instock","19":"shipping-taxable","20":"purchasable","21":"product-type-simple"},"acf":[],"yoast_head":"<!-- This site is optimized with the Yoast SEO plugin v27.4 - https:\/\/yoast.com\/product\/yoast-seo-wordpress\/ -->\n<title>Butas Pary\u017eiuje<\/title>\n<meta name=\"description\" content=\"Michelle Gable\u00a0(Mi\u0161el\u0117 Geibl) \u2013 JAV autor\u0117, finans\u0173 analitik\u0117, u\u017eaugusi ra\u0161ytoj\u0173 \u0161eimoje ir visuomet tro\u0161kusi ra\u0161yti pati. Pary\u017eiuje atrasto buto istorija\" \/>\n<meta name=\"robots\" content=\"index, follow, max-snippet:-1, max-image-preview:large, max-video-preview:-1\" \/>\n<link rel=\"canonical\" href=\"https:\/\/skaitytaknyga.lt\/en\/produktas\/raudonoji-karaliene-2\/\" \/>\n<meta property=\"og:locale\" content=\"en_GB\" \/>\n<meta property=\"og:locale:alternate\" content=\"lt_LT\" \/>\n<meta property=\"og:type\" content=\"article\" \/>\n<meta property=\"og:title\" content=\"Butas Pary\u017eiuje\" \/>\n<meta property=\"og:description\" content=\"Michelle Gable\u00a0(Mi\u0161el\u0117 Geibl) \u2013 JAV autor\u0117, finans\u0173 analitik\u0117, u\u017eaugusi ra\u0161ytoj\u0173 \u0161eimoje ir visuomet tro\u0161kusi ra\u0161yti pati. Pary\u017eiuje atrasto buto istorija\" \/>\n<meta property=\"og:url\" content=\"https:\/\/skaitytaknyga.lt\/en\/produktas\/raudonoji-karaliene-2\/\" \/>\n<meta property=\"og:site_name\" content=\"Skaitytaknyga\" \/>\n<meta property=\"article:publisher\" content=\"https:\/\/www.facebook.com\/skaitytaknyga\/\" \/>\n<meta property=\"article:modified_time\" content=\"2025-06-11T07:13:45+00:00\" \/>\n<meta property=\"og:image\" content=\"https:\/\/skaitytaknyga.lt\/wp-content\/uploads\/2025\/01\/butas-paryziuje.webp\" \/>\n\t<meta property=\"og:image:width\" content=\"434\" \/>\n\t<meta property=\"og:image:height\" content=\"627\" \/>\n\t<meta property=\"og:image:type\" content=\"image\/webp\" \/>\n<meta name=\"twitter:card\" content=\"summary_large_image\" \/>\n<meta name=\"twitter:label1\" content=\"Estimated reading time\" \/>\n\t<meta name=\"twitter:data1\" content=\"2 minutes\" \/>\n<script type=\"application\/ld+json\" class=\"yoast-schema-graph\">{\"@context\":\"https:\\\/\\\/schema.org\",\"@graph\":[{\"@type\":\"WebPage\",\"@id\":\"https:\\\/\\\/skaitytaknyga.lt\\\/produktas\\\/raudonoji-karaliene-2\\\/\",\"url\":\"https:\\\/\\\/skaitytaknyga.lt\\\/produktas\\\/raudonoji-karaliene-2\\\/\",\"name\":\"Butas Pary\u017eiuje\",\"isPartOf\":{\"@id\":\"https:\\\/\\\/skaitytaknyga.lt\\\/#website\"},\"primaryImageOfPage\":{\"@id\":\"https:\\\/\\\/skaitytaknyga.lt\\\/produktas\\\/raudonoji-karaliene-2\\\/#primaryimage\"},\"image\":{\"@id\":\"https:\\\/\\\/skaitytaknyga.lt\\\/produktas\\\/raudonoji-karaliene-2\\\/#primaryimage\"},\"thumbnailUrl\":\"https:\\\/\\\/skaitytaknyga.lt\\\/wp-content\\\/uploads\\\/2025\\\/01\\\/butas-paryziuje.webp\",\"datePublished\":\"2025-01-25T12:04:57+00:00\",\"dateModified\":\"2025-06-11T07:13:45+00:00\",\"description\":\"Michelle Gable\u00a0(Mi\u0161el\u0117 Geibl) \u2013 JAV autor\u0117, finans\u0173 analitik\u0117, u\u017eaugusi ra\u0161ytoj\u0173 \u0161eimoje ir visuomet tro\u0161kusi ra\u0161yti pati. Pary\u017eiuje atrasto buto istorija\",\"breadcrumb\":{\"@id\":\"https:\\\/\\\/skaitytaknyga.lt\\\/produktas\\\/raudonoji-karaliene-2\\\/#breadcrumb\"},\"inLanguage\":\"en-GB\",\"potentialAction\":[{\"@type\":\"ReadAction\",\"target\":[\"https:\\\/\\\/skaitytaknyga.lt\\\/produktas\\\/raudonoji-karaliene-2\\\/\"]}]},{\"@type\":\"ImageObject\",\"inLanguage\":\"en-GB\",\"@id\":\"https:\\\/\\\/skaitytaknyga.lt\\\/produktas\\\/raudonoji-karaliene-2\\\/#primaryimage\",\"url\":\"https:\\\/\\\/skaitytaknyga.lt\\\/wp-content\\\/uploads\\\/2025\\\/01\\\/butas-paryziuje.webp\",\"contentUrl\":\"https:\\\/\\\/skaitytaknyga.lt\\\/wp-content\\\/uploads\\\/2025\\\/01\\\/butas-paryziuje.webp\",\"width\":434,\"height\":627,\"caption\":\"Butas Pary\u017eiuje\"},{\"@type\":\"BreadcrumbList\",\"@id\":\"https:\\\/\\\/skaitytaknyga.lt\\\/produktas\\\/raudonoji-karaliene-2\\\/#breadcrumb\",\"itemListElement\":[{\"@type\":\"ListItem\",\"position\":1,\"name\":\"Home\",\"item\":\"https:\\\/\\\/skaitytaknyga.lt\\\/\"},{\"@type\":\"ListItem\",\"position\":2,\"name\":\"Parduotuv\u0117\",\"item\":\"https:\\\/\\\/skaitytaknyga.lt\\\/knygu-parduotuve\\\/\"},{\"@type\":\"ListItem\",\"position\":3,\"name\":\"Butas Pary\u017eiuje\"}]},{\"@type\":\"WebSite\",\"@id\":\"https:\\\/\\\/skaitytaknyga.lt\\\/#website\",\"url\":\"https:\\\/\\\/skaitytaknyga.lt\\\/\",\"name\":\"skaitytaknyga.lt\",\"description\":\"Skaitytaknyga.lt \u2013 tai ma\u017eas \u0161eimos verslas, kuris prasid\u0117jo nuo meil\u0117s knygoms ir siekio i\u0161gelb\u0117ti knygas nuo likimo prie konteinerio. Kas vienam nereikalingas daiktas \u2013 kitam lobis, o mes esame tarpininkai, kurie padeda abiems tapti laimingesniems ???? \u017dinome kaip nelengva i\u0161gyventi ma\u017eiems verslams, tad nuo \u0161iol, \u010dia rasite ir kit\u0173, ma\u017e\u0173 \u0161eim\u0173 versl\u0173, rank\u0173 darbo, dovan\u0173 sau ir artimiesiems.\",\"publisher\":{\"@id\":\"https:\\\/\\\/skaitytaknyga.lt\\\/#organization\"},\"potentialAction\":[{\"@type\":\"SearchAction\",\"target\":{\"@type\":\"EntryPoint\",\"urlTemplate\":\"https:\\\/\\\/skaitytaknyga.lt\\\/?s={search_term_string}\"},\"query-input\":{\"@type\":\"PropertyValueSpecification\",\"valueRequired\":true,\"valueName\":\"search_term_string\"}}],\"inLanguage\":\"en-GB\"},{\"@type\":\"Organization\",\"@id\":\"https:\\\/\\\/skaitytaknyga.lt\\\/#organization\",\"name\":\"skaitytaknyga.lt\",\"url\":\"https:\\\/\\\/skaitytaknyga.lt\\\/\",\"logo\":{\"@type\":\"ImageObject\",\"inLanguage\":\"en-GB\",\"@id\":\"https:\\\/\\\/skaitytaknyga.lt\\\/#\\\/schema\\\/logo\\\/image\\\/\",\"url\":\"https:\\\/\\\/skaitytaknyga.lt\\\/wp-content\\\/uploads\\\/2024\\\/05\\\/cropped-cropped-cropped-02_00843_jt3bggkj1j3HLc7SyY6rEUpg.jpeg\",\"contentUrl\":\"https:\\\/\\\/skaitytaknyga.lt\\\/wp-content\\\/uploads\\\/2024\\\/05\\\/cropped-cropped-cropped-02_00843_jt3bggkj1j3HLc7SyY6rEUpg.jpeg\",\"width\":1600,\"height\":1600,\"caption\":\"skaitytaknyga.lt\"},\"image\":{\"@id\":\"https:\\\/\\\/skaitytaknyga.lt\\\/#\\\/schema\\\/logo\\\/image\\\/\"},\"sameAs\":[\"https:\\\/\\\/www.facebook.com\\\/skaitytaknyga\\\/\"]}]}<\/script>\n<!-- \/ Yoast SEO plugin. -->","yoast_head_json":{"title":"Butas Pary\u017eiuje","description":"Michelle Gable\u00a0(Mi\u0161el\u0117 Geibl) \u2013 JAV autor\u0117, finans\u0173 analitik\u0117, u\u017eaugusi ra\u0161ytoj\u0173 \u0161eimoje ir visuomet tro\u0161kusi ra\u0161yti pati. Pary\u017eiuje atrasto buto istorija","robots":{"index":"index","follow":"follow","max-snippet":"max-snippet:-1","max-image-preview":"max-image-preview:large","max-video-preview":"max-video-preview:-1"},"canonical":"https:\/\/skaitytaknyga.lt\/en\/produktas\/raudonoji-karaliene-2\/","og_locale":"en_GB","og_type":"article","og_title":"[:lt]Butas Pary\u017eiuje[:] - Skaitytaknyga","og_description":"Michelle Gable\u00a0(Mi\u0161el\u0117 Geibl) \u2013 JAV autor\u0117, finans\u0173 analitik\u0117, u\u017eaugusi ra\u0161ytoj\u0173 \u0161eimoje ir visuomet tro\u0161kusi ra\u0161yti pati. Pary\u017eiuje atrasto buto istorija","og_url":"https:\/\/skaitytaknyga.lt\/en\/produktas\/raudonoji-karaliene-2\/","og_site_name":"Skaitytaknyga","article_publisher":"https:\/\/www.facebook.com\/skaitytaknyga\/","article_modified_time":"2025-06-11T07:13:45+00:00","og_image":[{"width":434,"height":627,"url":"https:\/\/skaitytaknyga.lt\/wp-content\/uploads\/2025\/01\/butas-paryziuje.webp","type":"image\/webp"}],"twitter_card":"summary_large_image","twitter_misc":{"Estimated reading time":"2 minutes"},"schema":{"@context":"https:\/\/schema.org","@graph":[{"@type":"WebPage","@id":"https:\/\/skaitytaknyga.lt\/produktas\/raudonoji-karaliene-2\/","url":"https:\/\/skaitytaknyga.lt\/produktas\/raudonoji-karaliene-2\/","name":"Butas Pary\u017eiuje","isPartOf":{"@id":"https:\/\/skaitytaknyga.lt\/#website"},"primaryImageOfPage":{"@id":"https:\/\/skaitytaknyga.lt\/produktas\/raudonoji-karaliene-2\/#primaryimage"},"image":{"@id":"https:\/\/skaitytaknyga.lt\/produktas\/raudonoji-karaliene-2\/#primaryimage"},"thumbnailUrl":"https:\/\/skaitytaknyga.lt\/wp-content\/uploads\/2025\/01\/butas-paryziuje.webp","datePublished":"2025-01-25T12:04:57+00:00","dateModified":"2025-06-11T07:13:45+00:00","description":"Michelle Gable\u00a0(Mi\u0161el\u0117 Geibl) \u2013 JAV autor\u0117, finans\u0173 analitik\u0117, u\u017eaugusi ra\u0161ytoj\u0173 \u0161eimoje ir visuomet tro\u0161kusi ra\u0161yti pati. Pary\u017eiuje atrasto buto istorija","breadcrumb":{"@id":"https:\/\/skaitytaknyga.lt\/produktas\/raudonoji-karaliene-2\/#breadcrumb"},"inLanguage":"en-GB","potentialAction":[{"@type":"ReadAction","target":["https:\/\/skaitytaknyga.lt\/produktas\/raudonoji-karaliene-2\/"]}]},{"@type":"ImageObject","inLanguage":"en-GB","@id":"https:\/\/skaitytaknyga.lt\/produktas\/raudonoji-karaliene-2\/#primaryimage","url":"https:\/\/skaitytaknyga.lt\/wp-content\/uploads\/2025\/01\/butas-paryziuje.webp","contentUrl":"https:\/\/skaitytaknyga.lt\/wp-content\/uploads\/2025\/01\/butas-paryziuje.webp","width":434,"height":627,"caption":"Butas Pary\u017eiuje"},{"@type":"BreadcrumbList","@id":"https:\/\/skaitytaknyga.lt\/produktas\/raudonoji-karaliene-2\/#breadcrumb","itemListElement":[{"@type":"ListItem","position":1,"name":"Home","item":"https:\/\/skaitytaknyga.lt\/"},{"@type":"ListItem","position":2,"name":"Parduotuv\u0117","item":"https:\/\/skaitytaknyga.lt\/knygu-parduotuve\/"},{"@type":"ListItem","position":3,"name":"Butas Pary\u017eiuje"}]},{"@type":"WebSite","@id":"https:\/\/skaitytaknyga.lt\/#website","url":"https:\/\/skaitytaknyga.lt\/","name":"skaitytaknyga.lt","description":"Skaitytaknyga.lt \u2013 tai ma\u017eas \u0161eimos verslas, kuris prasid\u0117jo nuo meil\u0117s knygoms ir siekio i\u0161gelb\u0117ti knygas nuo likimo prie konteinerio. Kas vienam nereikalingas daiktas \u2013 kitam lobis, o mes esame tarpininkai, kurie padeda abiems tapti laimingesniems ???? \u017dinome kaip nelengva i\u0161gyventi ma\u017eiems verslams, tad nuo \u0161iol, \u010dia rasite ir kit\u0173, ma\u017e\u0173 \u0161eim\u0173 versl\u0173, rank\u0173 darbo, dovan\u0173 sau ir artimiesiems.","publisher":{"@id":"https:\/\/skaitytaknyga.lt\/#organization"},"potentialAction":[{"@type":"SearchAction","target":{"@type":"EntryPoint","urlTemplate":"https:\/\/skaitytaknyga.lt\/?s={search_term_string}"},"query-input":{"@type":"PropertyValueSpecification","valueRequired":true,"valueName":"search_term_string"}}],"inLanguage":"en-GB"},{"@type":"Organization","@id":"https:\/\/skaitytaknyga.lt\/#organization","name":"skaitytaknyga.lt","url":"https:\/\/skaitytaknyga.lt\/","logo":{"@type":"ImageObject","inLanguage":"en-GB","@id":"https:\/\/skaitytaknyga.lt\/#\/schema\/logo\/image\/","url":"https:\/\/skaitytaknyga.lt\/wp-content\/uploads\/2024\/05\/cropped-cropped-cropped-02_00843_jt3bggkj1j3HLc7SyY6rEUpg.jpeg","contentUrl":"https:\/\/skaitytaknyga.lt\/wp-content\/uploads\/2024\/05\/cropped-cropped-cropped-02_00843_jt3bggkj1j3HLc7SyY6rEUpg.jpeg","width":1600,"height":1600,"caption":"skaitytaknyga.lt"},"image":{"@id":"https:\/\/skaitytaknyga.lt\/#\/schema\/logo\/image\/"},"sameAs":["https:\/\/www.facebook.com\/skaitytaknyga\/"]}]}},"_links":{"self":[{"href":"https:\/\/skaitytaknyga.lt\/en\/wp-json\/wp\/v2\/product\/16043","targetHints":{"allow":["GET"]}}],"collection":[{"href":"https:\/\/skaitytaknyga.lt\/en\/wp-json\/wp\/v2\/product"}],"about":[{"href":"https:\/\/skaitytaknyga.lt\/en\/wp-json\/wp\/v2\/types\/product"}],"replies":[{"embeddable":true,"href":"https:\/\/skaitytaknyga.lt\/en\/wp-json\/wp\/v2\/comments?post=16043"}],"wp:featuredmedia":[{"embeddable":true,"href":"https:\/\/skaitytaknyga.lt\/en\/wp-json\/wp\/v2\/media\/16044"}],"wp:attachment":[{"href":"https:\/\/skaitytaknyga.lt\/en\/wp-json\/wp\/v2\/media?parent=16043"}],"wp:term":[{"taxonomy":"product_brand","embeddable":true,"href":"https:\/\/skaitytaknyga.lt\/en\/wp-json\/wp\/v2\/product_brand?post=16043"},{"taxonomy":"product_cat","embeddable":true,"href":"https:\/\/skaitytaknyga.lt\/en\/wp-json\/wp\/v2\/product_cat?post=16043"},{"taxonomy":"product_tag","embeddable":true,"href":"https:\/\/skaitytaknyga.lt\/en\/wp-json\/wp\/v2\/product_tag?post=16043"}],"curies":[{"name":"wp","href":"https:\/\/api.w.org\/{rel}","templated":true}]}}