{"id":16041,"date":"2025-01-25T14:02:58","date_gmt":"2025-01-25T12:02:58","guid":{"rendered":"https:\/\/skaitytaknyga.lt\/?post_type=product&#038;p=16041"},"modified":"2026-03-18T11:09:41","modified_gmt":"2026-03-18T09:09:41","slug":"raudonoji-karaliene","status":"publish","type":"product","link":"https:\/\/skaitytaknyga.lt\/en\/produktas\/raudonoji-karaliene\/","title":{"rendered":"Raudonoji karalien\u0117"},"content":{"rendered":"<p>Maros pasaulis padalytas pagal krauj\u0105\u00a0\u2013\u00a0<em>raudonieji\u00a0<\/em>tarnauja sidabrinio kraujo kilmingiesiems, apdovanotiems ant\u017emogi\u0161komis galiomis. Mara yra\u00a0<em>raudonoji<\/em>, gyvena skurd\u017eiame kaimelyje vagiliaudama, kad pragyvent\u0173, kol lemties valia atsiduria\u00a0<em>sidabrini\u0173\u00a0<\/em>karaliaus r\u016bmuose. Valdovo, princ\u0173 ir vis\u0173 kilming\u0173j\u0173 dvari\u0161ki\u0173 akivaizdoje ji atranda turinti ypating\u0173 gali\u0173.<\/p>\n<p>Nor\u0117damas \u0161itai nusl\u0117pti, karalius priver\u010dia Mar\u0105 apsimesti kitados pamesta kilminga\u00a0<em>sidabrine<\/em>\u00a0ir paskelbia vieno i\u0161 savo s\u016bn\u0173 su\u017ead\u0117tine. Nor\u0117dama i\u0161gelb\u0117ti nami\u0161kius nuo persekiojimo ir savo vaikin\u0105 nuo \u017e\u016bties m\u016b\u0161io lauke, ji sutinka apsimesti\u00a0<em>sidabrini\u0173<\/em>\u00a0palikuone ir tapti princo Maveno su\u017ead\u0117tine. Mavenas neabejingas Marai, ta\u010diau vyresnysis jo brolis, pirmasis princas Kalas, regis, irgi \u017eavisi ja&#8230;<\/p>\n<p>Mara ry\u017etasi pasinaudoti nauj\u0105ja savo pad\u0117timi ir pagelb\u0117ti\u00a0<em>raudoniesiems\u00a0<\/em>i\u0161sivaduoti i\u0161\u00a0<em>sidabrini\u0173\u00a0<\/em>priespaudos. Neatsargus \u017eingsnis gali baigtis mirtimi, nes \u0161iame pavojingame \u017eaidime lemiamas vaidmuo tenka i\u0161davystei.<\/p>\n<p>Septyniolikmetei Marai i\u0161 Poli\u0173 kaimo atrodo, kad jos gyvenime negali b\u016bti joki\u0173 poky\u010di\u0173. Vis d\u0117lto likimo vingiai nenusp\u0117jami: po netik\u0117tos pa\u017einties su paslaptingu vaikinu mergina atsiduria\u00a0<em>sidabrini\u0173\u00a0<\/em>r\u016bmuose tarp t\u0173, kuri\u0173 labiausiai neken\u010dia. Netrukus su\u017eino, kad jai, nors ir ne kilmingajai, pakl\u016bsta ypatinga galia, kelianti gr\u0117sm\u0119 pa\u010di\u0173\u00a0<em>sidabrini\u0173\u00a0<\/em>vie\u0161patavimui. Noromis nenoromis Mara \u012ftraukiama \u012f pavojingus \u017eaidimus. Kas bus laim\u0117tojas \u0161iame keistame nuolatos kariaujan\u010diame pasaulyje, padalytame pagal kraujo spalv\u0105?<\/p>\n<p><strong>2015 met\u0173 laukiamiausia knyga, skirta \u201eDivergent\u0117s\u201c ir \u201eBado \u017eaidyni\u0173\u201c skaitytojams<\/strong><strong>!<\/strong><\/p>\n<p>Originalus pavadinimas: The Red Queen<br \/>\nAutorius: Victoria Aveyard<br \/>\nLeid\u0117jas: Alma littera<br \/>\nMetai: 2015<br \/>\nPuslapiai: 408<br \/>\nISBN: 9786090118153<br \/>\nVersijos kodas: PT.<br \/>\nFormatas: 14,3 x 21,3 x 3,5 cm, kieti vir\u0161eliai<br \/>\nKalba: Lietuvi\u0173<br \/>\nVert\u0117jas: Rita Kaminskait\u0117<\/p>\n","protected":false},"excerpt":{"rendered":"<p>Maros pasaulis padalytas pagal krauj\u0105\u00a0\u2013\u00a0raudonieji\u00a0tarnauja sidabrinio kraujo kilmingiesiems, apdovanotiems ant\u017emogi\u0161komis galiomis. Mara yra\u00a0raudonoji, gyvena skurd\u017eiame kaimelyje vagiliaudama, kad pragyvent\u0173, kol lemties valia atsiduria\u00a0sidabrini\u0173\u00a0karaliaus r\u016bmuose. Valdovo, princ\u0173 ir vis\u0173 kilming\u0173j\u0173 dvari\u0161ki\u0173 akivaizdoje ji atranda turinti ypating\u0173 gali\u0173. Nor\u0117damas \u0161itai nusl\u0117pti, karalius priver\u010dia Mar\u0105 apsimesti kitados pamesta kilminga\u00a0sidabrine\u00a0ir paskelbia vieno i\u0161 savo s\u016bn\u0173 su\u017ead\u0117tine. Nor\u0117dama i\u0161gelb\u0117ti nami\u0161kius nuo persekiojimo ir savo vaikin\u0105 nuo \u017e\u016bties m\u016b\u0161io lauke, ji sutinka apsimesti\u00a0sidabrini\u0173\u00a0palikuone ir tapti princo Maveno su\u017ead\u0117tine. Mavenas neabejingas Marai, ta\u010diau vyresnysis jo brolis, pirmasis princas Kalas, regis, irgi \u017eavisi ja&#8230; Mara ry\u017etasi pasinaudoti nauj\u0105ja savo pad\u0117timi ir pagelb\u0117ti\u00a0raudoniesiems\u00a0i\u0161sivaduoti i\u0161\u00a0sidabrini\u0173\u00a0priespaudos. Neatsargus \u017eingsnis gali baigtis mirtimi, nes \u0161iame pavojingame \u017eaidime lemiamas vaidmuo tenka i\u0161davystei. Septyniolikmetei Marai i\u0161 Poli\u0173 kaimo atrodo, kad jos gyvenime negali b\u016bti joki\u0173 poky\u010di\u0173. Vis d\u0117lto likimo vingiai nenusp\u0117jami: po netik\u0117tos pa\u017einties su paslaptingu vaikinu mergina atsiduria\u00a0sidabrini\u0173\u00a0r\u016bmuose tarp t\u0173, kuri\u0173 labiausiai neken\u010dia. Netrukus su\u017eino, kad jai, nors ir ne kilmingajai, pakl\u016bsta ypatinga galia, kelianti gr\u0117sm\u0119 pa\u010di\u0173\u00a0sidabrini\u0173\u00a0vie\u0161patavimui. Noromis nenoromis Mara \u012ftraukiama \u012f pavojingus \u017eaidimus. Kas bus laim\u0117tojas \u0161iame keistame nuolatos kariaujan\u010diame pasaulyje, padalytame pagal kraujo spalv\u0105? 2015 met\u0173 laukiamiausia knyga, skirta \u201eDivergent\u0117s\u201c ir \u201eBado \u017eaidyni\u0173\u201c skaitytojams! Originalus pavadinimas: The Red Queen Autorius: Victoria Aveyard Leid\u0117jas: Alma littera Metai: 2015 Puslapiai: 408 ISBN: 9786090118153 Versijos kodas: PT. Formatas: 14,3 x 21,3 x 3,5 cm, kieti vir\u0161eliai Kalba: Lietuvi\u0173 Vert\u0117jas: Rita Kaminskait\u0117<\/p>\n","protected":false},"featured_media":16042,"comment_status":"open","ping_status":"closed","template":"","meta":{"_acf_changed":false,"site-sidebar-layout":"default","site-content-layout":"","ast-site-content-layout":"default","site-content-style":"default","site-sidebar-style":"default","ast-global-header-display":"","ast-banner-title-visibility":"","ast-main-header-display":"","ast-hfb-above-header-display":"","ast-hfb-below-header-display":"","ast-hfb-mobile-header-display":"","site-post-title":"","ast-breadcrumbs-content":"","ast-featured-img":"","footer-sml-layout":"","ast-disable-related-posts":"","theme-transparent-header-meta":"default","adv-header-id-meta":"","stick-header-meta":"","header-above-stick-meta":"","header-main-stick-meta":"","header-below-stick-meta":"","astra-migrate-meta-layouts":"set","ast-page-background-enabled":"default","ast-page-background-meta":{"desktop":{"background-color":"","background-image":"","background-repeat":"repeat","background-position":"center center","background-size":"auto","background-attachment":"scroll","background-type":"","background-media":"","overlay-type":"","overlay-color":"","overlay-opacity":"","overlay-gradient":""},"tablet":{"background-color":"","background-image":"","background-repeat":"repeat","background-position":"center center","background-size":"auto","background-attachment":"scroll","background-type":"","background-media":"","overlay-type":"","overlay-color":"","overlay-opacity":"","overlay-gradient":""},"mobile":{"background-color":"","background-image":"","background-repeat":"repeat","background-position":"center center","background-size":"auto","background-attachment":"scroll","background-type":"","background-media":"","overlay-type":"","overlay-color":"","overlay-opacity":"","overlay-gradient":""}},"ast-content-background-meta":{"desktop":{"background-color":"var(--ast-global-color-4)","background-image":"","background-repeat":"repeat","background-position":"center center","background-size":"auto","background-attachment":"scroll","background-type":"","background-media":"","overlay-type":"","overlay-color":"","overlay-opacity":"","overlay-gradient":""},"tablet":{"background-color":"var(--ast-global-color-4)","background-image":"","background-repeat":"repeat","background-position":"center center","background-size":"auto","background-attachment":"scroll","background-type":"","background-media":"","overlay-type":"","overlay-color":"","overlay-opacity":"","overlay-gradient":""},"mobile":{"background-color":"var(--ast-global-color-4)","background-image":"","background-repeat":"repeat","background-position":"center center","background-size":"auto","background-attachment":"scroll","background-type":"","background-media":"","overlay-type":"","overlay-color":"","overlay-opacity":"","overlay-gradient":""}}},"product_brand":[],"product_cat":[9734],"product_tag":[],"class_list":{"0":"post-16041","1":"product","2":"type-product","3":"status-publish","4":"has-post-thumbnail","6":"product_cat-romanai","7":"desktop-align-left","8":"tablet-align-left","9":"mobile-align-left","11":"first","12":"instock","13":"shipping-taxable","14":"purchasable","15":"product-type-simple"},"acf":[],"yoast_head":"<!-- This site is optimized with the Yoast SEO plugin v27.0 - https:\/\/yoast.com\/product\/yoast-seo-wordpress\/ -->\n<title>Raudonoji karalien\u0117<\/title>\n<meta name=\"description\" content=\"Maros pasaulis padalytas pagal krauj\u0105\u00a0\u2013\u00a0raudonieji\u00a0tarnauja sidabrinio kraujo kilmingiesiems, apdovanotiems ant\u017emogi\u0161komis galiomis. Mara yra\u00a0raudonoji,\" \/>\n<meta name=\"robots\" content=\"index, follow, max-snippet:-1, max-image-preview:large, max-video-preview:-1\" \/>\n<link rel=\"canonical\" href=\"https:\/\/skaitytaknyga.lt\/en\/produktas\/raudonoji-karaliene\/\" \/>\n<meta property=\"og:locale\" content=\"en_GB\" \/>\n<meta property=\"og:locale:alternate\" content=\"lt_LT\" \/>\n<meta property=\"og:type\" content=\"article\" \/>\n<meta property=\"og:title\" content=\"Raudonoji karalien\u0117\" \/>\n<meta property=\"og:description\" content=\"Maros pasaulis padalytas pagal krauj\u0105\u00a0\u2013\u00a0raudonieji\u00a0tarnauja sidabrinio kraujo kilmingiesiems, apdovanotiems ant\u017emogi\u0161komis galiomis. Mara yra\u00a0raudonoji,\" \/>\n<meta property=\"og:url\" content=\"https:\/\/skaitytaknyga.lt\/en\/produktas\/raudonoji-karaliene\/\" \/>\n<meta property=\"og:site_name\" content=\"Skaitytaknyga\" \/>\n<meta property=\"article:publisher\" content=\"https:\/\/www.facebook.com\/skaitytaknyga\/\" \/>\n<meta property=\"article:modified_time\" content=\"2026-03-18T09:09:41+00:00\" \/>\n<meta property=\"og:image\" content=\"https:\/\/skaitytaknyga.lt\/wp-content\/uploads\/2025\/01\/Raudonoji-karaliene.webp\" \/>\n\t<meta property=\"og:image:width\" content=\"402\" \/>\n\t<meta property=\"og:image:height\" content=\"600\" \/>\n\t<meta property=\"og:image:type\" content=\"image\/webp\" \/>\n<meta name=\"twitter:card\" content=\"summary_large_image\" \/>\n<meta name=\"twitter:label1\" content=\"Estimated reading time\" \/>\n\t<meta name=\"twitter:data1\" content=\"2 minutes\" \/>\n<script type=\"application\/ld+json\" class=\"yoast-schema-graph\">{\"@context\":\"https:\/\/schema.org\",\"@graph\":[{\"@type\":\"WebPage\",\"@id\":\"https:\/\/skaitytaknyga.lt\/produktas\/raudonoji-karaliene\/\",\"url\":\"https:\/\/skaitytaknyga.lt\/produktas\/raudonoji-karaliene\/\",\"name\":\"Raudonoji karalien\u0117\",\"isPartOf\":{\"@id\":\"https:\/\/skaitytaknyga.lt\/#website\"},\"primaryImageOfPage\":{\"@id\":\"https:\/\/skaitytaknyga.lt\/produktas\/raudonoji-karaliene\/#primaryimage\"},\"image\":{\"@id\":\"https:\/\/skaitytaknyga.lt\/produktas\/raudonoji-karaliene\/#primaryimage\"},\"thumbnailUrl\":\"https:\/\/skaitytaknyga.lt\/wp-content\/uploads\/2025\/01\/Raudonoji-karaliene.webp\",\"datePublished\":\"2025-01-25T12:02:58+00:00\",\"dateModified\":\"2026-03-18T09:09:41+00:00\",\"description\":\"Maros pasaulis padalytas pagal krauj\u0105\u00a0\u2013\u00a0raudonieji\u00a0tarnauja sidabrinio kraujo kilmingiesiems, apdovanotiems ant\u017emogi\u0161komis galiomis. Mara yra\u00a0raudonoji,\",\"breadcrumb\":{\"@id\":\"https:\/\/skaitytaknyga.lt\/produktas\/raudonoji-karaliene\/#breadcrumb\"},\"inLanguage\":\"en-GB\",\"potentialAction\":[{\"@type\":\"ReadAction\",\"target\":[\"https:\/\/skaitytaknyga.lt\/produktas\/raudonoji-karaliene\/\"]}]},{\"@type\":\"ImageObject\",\"inLanguage\":\"en-GB\",\"@id\":\"https:\/\/skaitytaknyga.lt\/produktas\/raudonoji-karaliene\/#primaryimage\",\"url\":\"https:\/\/skaitytaknyga.lt\/wp-content\/uploads\/2025\/01\/Raudonoji-karaliene.webp\",\"contentUrl\":\"https:\/\/skaitytaknyga.lt\/wp-content\/uploads\/2025\/01\/Raudonoji-karaliene.webp\",\"width\":402,\"height\":600,\"caption\":\"Raudonoji karalien\u0117\"},{\"@type\":\"BreadcrumbList\",\"@id\":\"https:\/\/skaitytaknyga.lt\/produktas\/raudonoji-karaliene\/#breadcrumb\",\"itemListElement\":[{\"@type\":\"ListItem\",\"position\":1,\"name\":\"Home\",\"item\":\"https:\/\/skaitytaknyga.lt\/\"},{\"@type\":\"ListItem\",\"position\":2,\"name\":\"Parduotuv\u0117\",\"item\":\"https:\/\/skaitytaknyga.lt\/knygu-parduotuve\/\"},{\"@type\":\"ListItem\",\"position\":3,\"name\":\"Raudonoji karalien\u0117\"}]},{\"@type\":\"WebSite\",\"@id\":\"https:\/\/skaitytaknyga.lt\/#website\",\"url\":\"https:\/\/skaitytaknyga.lt\/\",\"name\":\"skaitytaknyga.lt\",\"description\":\"Skaitytaknyga.lt \u2013 tai ma\u017eas \u0161eimos verslas, kuris prasid\u0117jo nuo meil\u0117s knygoms ir siekio i\u0161gelb\u0117ti knygas nuo likimo prie konteinerio. Kas vienam nereikalingas daiktas \u2013 kitam lobis, o mes esame tarpininkai, kurie padeda abiems tapti laimingesniems ???? \u017dinome kaip nelengva i\u0161gyventi ma\u017eiems verslams, tad nuo \u0161iol, \u010dia rasite ir kit\u0173, ma\u017e\u0173 \u0161eim\u0173 versl\u0173, rank\u0173 darbo, dovan\u0173 sau ir artimiesiems.\",\"publisher\":{\"@id\":\"https:\/\/skaitytaknyga.lt\/#organization\"},\"potentialAction\":[{\"@type\":\"SearchAction\",\"target\":{\"@type\":\"EntryPoint\",\"urlTemplate\":\"https:\/\/skaitytaknyga.lt\/?s={search_term_string}\"},\"query-input\":{\"@type\":\"PropertyValueSpecification\",\"valueRequired\":true,\"valueName\":\"search_term_string\"}}],\"inLanguage\":\"en-GB\"},{\"@type\":\"Organization\",\"@id\":\"https:\/\/skaitytaknyga.lt\/#organization\",\"name\":\"skaitytaknyga.lt\",\"url\":\"https:\/\/skaitytaknyga.lt\/\",\"logo\":{\"@type\":\"ImageObject\",\"inLanguage\":\"en-GB\",\"@id\":\"https:\/\/skaitytaknyga.lt\/#\/schema\/logo\/image\/\",\"url\":\"https:\/\/skaitytaknyga.lt\/wp-content\/uploads\/2024\/05\/cropped-cropped-cropped-02_00843_jt3bggkj1j3HLc7SyY6rEUpg.jpeg\",\"contentUrl\":\"https:\/\/skaitytaknyga.lt\/wp-content\/uploads\/2024\/05\/cropped-cropped-cropped-02_00843_jt3bggkj1j3HLc7SyY6rEUpg.jpeg\",\"width\":1600,\"height\":1600,\"caption\":\"skaitytaknyga.lt\"},\"image\":{\"@id\":\"https:\/\/skaitytaknyga.lt\/#\/schema\/logo\/image\/\"},\"sameAs\":[\"https:\/\/www.facebook.com\/skaitytaknyga\/\"]}]}<\/script>\n<!-- \/ Yoast SEO plugin. -->","yoast_head_json":{"title":"Raudonoji karalien\u0117","description":"Maros pasaulis padalytas pagal krauj\u0105\u00a0\u2013\u00a0raudonieji\u00a0tarnauja sidabrinio kraujo kilmingiesiems, apdovanotiems ant\u017emogi\u0161komis galiomis. Mara yra\u00a0raudonoji,","robots":{"index":"index","follow":"follow","max-snippet":"max-snippet:-1","max-image-preview":"max-image-preview:large","max-video-preview":"max-video-preview:-1"},"canonical":"https:\/\/skaitytaknyga.lt\/en\/produktas\/raudonoji-karaliene\/","og_locale":"en_GB","og_type":"article","og_title":"[:lt]Raudonoji karalien\u0117[:] - Skaitytaknyga","og_description":"Maros pasaulis padalytas pagal krauj\u0105\u00a0\u2013\u00a0raudonieji\u00a0tarnauja sidabrinio kraujo kilmingiesiems, apdovanotiems ant\u017emogi\u0161komis galiomis. Mara yra\u00a0raudonoji,","og_url":"https:\/\/skaitytaknyga.lt\/en\/produktas\/raudonoji-karaliene\/","og_site_name":"Skaitytaknyga","article_publisher":"https:\/\/www.facebook.com\/skaitytaknyga\/","article_modified_time":"2026-03-18T09:09:41+00:00","og_image":[{"width":402,"height":600,"url":"https:\/\/skaitytaknyga.lt\/wp-content\/uploads\/2025\/01\/Raudonoji-karaliene.webp","type":"image\/webp"}],"twitter_card":"summary_large_image","twitter_misc":{"Estimated reading time":"2 minutes"},"schema":{"@context":"https:\/\/schema.org","@graph":[{"@type":"WebPage","@id":"https:\/\/skaitytaknyga.lt\/produktas\/raudonoji-karaliene\/","url":"https:\/\/skaitytaknyga.lt\/produktas\/raudonoji-karaliene\/","name":"Raudonoji karalien\u0117","isPartOf":{"@id":"https:\/\/skaitytaknyga.lt\/#website"},"primaryImageOfPage":{"@id":"https:\/\/skaitytaknyga.lt\/produktas\/raudonoji-karaliene\/#primaryimage"},"image":{"@id":"https:\/\/skaitytaknyga.lt\/produktas\/raudonoji-karaliene\/#primaryimage"},"thumbnailUrl":"https:\/\/skaitytaknyga.lt\/wp-content\/uploads\/2025\/01\/Raudonoji-karaliene.webp","datePublished":"2025-01-25T12:02:58+00:00","dateModified":"2026-03-18T09:09:41+00:00","description":"Maros pasaulis padalytas pagal krauj\u0105\u00a0\u2013\u00a0raudonieji\u00a0tarnauja sidabrinio kraujo kilmingiesiems, apdovanotiems ant\u017emogi\u0161komis galiomis. Mara yra\u00a0raudonoji,","breadcrumb":{"@id":"https:\/\/skaitytaknyga.lt\/produktas\/raudonoji-karaliene\/#breadcrumb"},"inLanguage":"en-GB","potentialAction":[{"@type":"ReadAction","target":["https:\/\/skaitytaknyga.lt\/produktas\/raudonoji-karaliene\/"]}]},{"@type":"ImageObject","inLanguage":"en-GB","@id":"https:\/\/skaitytaknyga.lt\/produktas\/raudonoji-karaliene\/#primaryimage","url":"https:\/\/skaitytaknyga.lt\/wp-content\/uploads\/2025\/01\/Raudonoji-karaliene.webp","contentUrl":"https:\/\/skaitytaknyga.lt\/wp-content\/uploads\/2025\/01\/Raudonoji-karaliene.webp","width":402,"height":600,"caption":"Raudonoji karalien\u0117"},{"@type":"BreadcrumbList","@id":"https:\/\/skaitytaknyga.lt\/produktas\/raudonoji-karaliene\/#breadcrumb","itemListElement":[{"@type":"ListItem","position":1,"name":"Home","item":"https:\/\/skaitytaknyga.lt\/"},{"@type":"ListItem","position":2,"name":"Parduotuv\u0117","item":"https:\/\/skaitytaknyga.lt\/knygu-parduotuve\/"},{"@type":"ListItem","position":3,"name":"Raudonoji karalien\u0117"}]},{"@type":"WebSite","@id":"https:\/\/skaitytaknyga.lt\/#website","url":"https:\/\/skaitytaknyga.lt\/","name":"skaitytaknyga.lt","description":"Skaitytaknyga.lt \u2013 tai ma\u017eas \u0161eimos verslas, kuris prasid\u0117jo nuo meil\u0117s knygoms ir siekio i\u0161gelb\u0117ti knygas nuo likimo prie konteinerio. Kas vienam nereikalingas daiktas \u2013 kitam lobis, o mes esame tarpininkai, kurie padeda abiems tapti laimingesniems ???? \u017dinome kaip nelengva i\u0161gyventi ma\u017eiems verslams, tad nuo \u0161iol, \u010dia rasite ir kit\u0173, ma\u017e\u0173 \u0161eim\u0173 versl\u0173, rank\u0173 darbo, dovan\u0173 sau ir artimiesiems.","publisher":{"@id":"https:\/\/skaitytaknyga.lt\/#organization"},"potentialAction":[{"@type":"SearchAction","target":{"@type":"EntryPoint","urlTemplate":"https:\/\/skaitytaknyga.lt\/?s={search_term_string}"},"query-input":{"@type":"PropertyValueSpecification","valueRequired":true,"valueName":"search_term_string"}}],"inLanguage":"en-GB"},{"@type":"Organization","@id":"https:\/\/skaitytaknyga.lt\/#organization","name":"skaitytaknyga.lt","url":"https:\/\/skaitytaknyga.lt\/","logo":{"@type":"ImageObject","inLanguage":"en-GB","@id":"https:\/\/skaitytaknyga.lt\/#\/schema\/logo\/image\/","url":"https:\/\/skaitytaknyga.lt\/wp-content\/uploads\/2024\/05\/cropped-cropped-cropped-02_00843_jt3bggkj1j3HLc7SyY6rEUpg.jpeg","contentUrl":"https:\/\/skaitytaknyga.lt\/wp-content\/uploads\/2024\/05\/cropped-cropped-cropped-02_00843_jt3bggkj1j3HLc7SyY6rEUpg.jpeg","width":1600,"height":1600,"caption":"skaitytaknyga.lt"},"image":{"@id":"https:\/\/skaitytaknyga.lt\/#\/schema\/logo\/image\/"},"sameAs":["https:\/\/www.facebook.com\/skaitytaknyga\/"]}]}},"_links":{"self":[{"href":"https:\/\/skaitytaknyga.lt\/en\/wp-json\/wp\/v2\/product\/16041","targetHints":{"allow":["GET"]}}],"collection":[{"href":"https:\/\/skaitytaknyga.lt\/en\/wp-json\/wp\/v2\/product"}],"about":[{"href":"https:\/\/skaitytaknyga.lt\/en\/wp-json\/wp\/v2\/types\/product"}],"replies":[{"embeddable":true,"href":"https:\/\/skaitytaknyga.lt\/en\/wp-json\/wp\/v2\/comments?post=16041"}],"wp:featuredmedia":[{"embeddable":true,"href":"https:\/\/skaitytaknyga.lt\/en\/wp-json\/wp\/v2\/media\/16042"}],"wp:attachment":[{"href":"https:\/\/skaitytaknyga.lt\/en\/wp-json\/wp\/v2\/media?parent=16041"}],"wp:term":[{"taxonomy":"product_brand","embeddable":true,"href":"https:\/\/skaitytaknyga.lt\/en\/wp-json\/wp\/v2\/product_brand?post=16041"},{"taxonomy":"product_cat","embeddable":true,"href":"https:\/\/skaitytaknyga.lt\/en\/wp-json\/wp\/v2\/product_cat?post=16041"},{"taxonomy":"product_tag","embeddable":true,"href":"https:\/\/skaitytaknyga.lt\/en\/wp-json\/wp\/v2\/product_tag?post=16041"}],"curies":[{"name":"wp","href":"https:\/\/api.w.org\/{rel}","templated":true}]}}