{"id":16039,"date":"2025-01-25T14:02:13","date_gmt":"2025-01-25T12:02:13","guid":{"rendered":"https:\/\/skaitytaknyga.lt\/?post_type=product&#038;p=16039"},"modified":"2026-03-05T13:07:39","modified_gmt":"2026-03-05T11:07:39","slug":"klaidingas-ispudis","status":"publish","type":"product","link":"https:\/\/skaitytaknyga.lt\/en\/produktas\/klaidingas-ispudis\/","title":{"rendered":"Klaidingas \u012fsp\u016bdis"},"content":{"rendered":"<p><strong>J\u016bs\u0173 rankose \u2013 romanas, kur\u012f para\u0161\u0117 populiariausias Did\u017eiosios Britanijos detektyv\u0173 meistras, 63 pasaulio \u0161alyse 32 kalbomis i\u0161leid\u0119s daugiau nei 125 milijonus savo roman\u0173 egzempliori\u0173! Jis &#8211; vienas i\u0161 geriausi\u0173 pasaulio ra\u0161ytoj\u0173.<\/strong>\u00a0&#8211; Los Angeles Times<\/p>\n<p>2001 rugs\u0117jo 11-oji. Prie\u0161 tai, kai du l\u0117ktuvai atsimu\u0161\u0117 \u012f Pasaulio Prekybos centro bok\u0161tus dvynius, prikaustydami viso pasaulio d\u0117mes\u012f, u\u017e t\u016bkstan\u010di\u0173 kilometr\u0173 viena garbinga Anglijos aristokrat\u0117 priima skausming\u0105 sprendim\u0105. Sunkia \u0161irdimi ji ry\u017etasi paaukoti i\u0161 kartos \u012f kart\u0105 keliavus\u012f original\u0173 van Gogo paveiksl\u0105, kad nuo kreditori\u0173 i\u0161gelb\u0117t\u0173 \u0161eimos dvar\u0105. Viktorija Ventvort s\u0117dasi ra\u0161yti lai\u0161ko savo dvynei seseriai, kai \u012f kambar\u012f slap\u010dia \u012fsmunka \u017eudikas ir perr\u0117\u017eia jai gerkl\u0119\u2026<\/p>\n<p>O tuo metu \u0160iauriniame bok\u0161te nekantriai tik\u0117damasis geid\u017eiamos naujienos l\u016bkuriuoja prie\u0161taringai vertinamas bankininkas, kuriam netrukus atkeliaus kraupus siuntinys: moters ausis su deimantiniu auskaru\u2026<\/p>\n<p>Tuo tarpu jauna meno ekspert\u0117 Ana Petresku pradeda i\u0161 pa\u017ei\u016bros eilin\u0119 saul\u0117t\u0105 dien\u0105 \u017eemutiniame Manhatene, kuri netrukus virs pragaru visam Niujorkui, o j\u0105 \u012ftrauks \u012f a\u0161tuoniolikos dien\u0173 kvap\u0105 gniau\u017eiant\u012f kat\u0117s ir pel\u0117s \u017eaidim\u0105, kuriame \u0161okiruojan\u010di\u0105 m\u012fsl\u0119 prie\u0161 \u0161imtme\u010dius u\u017emin\u0117 pats van Gogas.<\/p>\n<p>Autorius: Jeffrey Archer<br \/>\nLeid\u0117jas: Obuolys<br \/>\nMetai: 2009<br \/>\nPuslapiai: 416<br \/>\nVir\u0161elis: kietas<br \/>\nISBN: 9786094030109<br \/>\nFormatas: 14,5 x 24 x 3 cm, kieti vir\u0161eliai<br \/>\nKalba: Lietuvi\u0173<br \/>\nVert\u0117jas: Jurgita J\u0117rinait\u0117<\/p>\n","protected":false},"excerpt":{"rendered":"<p>J\u016bs\u0173 rankose \u2013 romanas, kur\u012f para\u0161\u0117 populiariausias Did\u017eiosios Britanijos detektyv\u0173 meistras, 63 pasaulio \u0161alyse 32 kalbomis i\u0161leid\u0119s daugiau nei 125 milijonus savo roman\u0173 egzempliori\u0173! Jis &#8211; vienas i\u0161 geriausi\u0173 pasaulio ra\u0161ytoj\u0173.\u00a0&#8211; Los Angeles Times 2001 rugs\u0117jo 11-oji. Prie\u0161 tai, kai du l\u0117ktuvai atsimu\u0161\u0117 \u012f Pasaulio Prekybos centro bok\u0161tus dvynius, prikaustydami viso pasaulio d\u0117mes\u012f, u\u017e t\u016bkstan\u010di\u0173 kilometr\u0173 viena garbinga Anglijos aristokrat\u0117 priima skausming\u0105 sprendim\u0105. Sunkia \u0161irdimi ji ry\u017etasi paaukoti i\u0161 kartos \u012f kart\u0105 keliavus\u012f original\u0173 van Gogo paveiksl\u0105, kad nuo kreditori\u0173 i\u0161gelb\u0117t\u0173 \u0161eimos dvar\u0105. Viktorija Ventvort s\u0117dasi ra\u0161yti lai\u0161ko savo dvynei seseriai, kai \u012f kambar\u012f slap\u010dia \u012fsmunka \u017eudikas ir perr\u0117\u017eia jai gerkl\u0119\u2026 O tuo metu \u0160iauriniame bok\u0161te nekantriai tik\u0117damasis geid\u017eiamos naujienos l\u016bkuriuoja prie\u0161taringai vertinamas bankininkas, kuriam netrukus atkeliaus kraupus siuntinys: moters ausis su deimantiniu auskaru\u2026 Tuo tarpu jauna meno ekspert\u0117 Ana Petresku pradeda i\u0161 pa\u017ei\u016bros eilin\u0119 saul\u0117t\u0105 dien\u0105 \u017eemutiniame Manhatene, kuri netrukus virs pragaru visam Niujorkui, o j\u0105 \u012ftrauks \u012f a\u0161tuoniolikos dien\u0173 kvap\u0105 gniau\u017eiant\u012f kat\u0117s ir pel\u0117s \u017eaidim\u0105, kuriame \u0161okiruojan\u010di\u0105 m\u012fsl\u0119 prie\u0161 \u0161imtme\u010dius u\u017emin\u0117 pats van Gogas. Autorius: Jeffrey Archer Leid\u0117jas: Obuolys Metai: 2009 Puslapiai: 416 Vir\u0161elis: kietas ISBN: 9786094030109 Formatas: 14,5 x 24 x 3 cm, kieti vir\u0161eliai Kalba: Lietuvi\u0173 Vert\u0117jas: Jurgita J\u0117rinait\u0117<\/p>\n","protected":false},"featured_media":16040,"comment_status":"open","ping_status":"closed","template":"","meta":{"_acf_changed":false,"site-sidebar-layout":"default","site-content-layout":"","ast-site-content-layout":"default","site-content-style":"default","site-sidebar-style":"default","ast-global-header-display":"","ast-banner-title-visibility":"","ast-main-header-display":"","ast-hfb-above-header-display":"","ast-hfb-below-header-display":"","ast-hfb-mobile-header-display":"","site-post-title":"","ast-breadcrumbs-content":"","ast-featured-img":"","footer-sml-layout":"","ast-disable-related-posts":"","theme-transparent-header-meta":"default","adv-header-id-meta":"","stick-header-meta":"","header-above-stick-meta":"","header-main-stick-meta":"","header-below-stick-meta":"","astra-migrate-meta-layouts":"set","ast-page-background-enabled":"default","ast-page-background-meta":{"desktop":{"background-color":"","background-image":"","background-repeat":"repeat","background-position":"center center","background-size":"auto","background-attachment":"scroll","background-type":"","background-media":"","overlay-type":"","overlay-color":"","overlay-opacity":"","overlay-gradient":""},"tablet":{"background-color":"","background-image":"","background-repeat":"repeat","background-position":"center center","background-size":"auto","background-attachment":"scroll","background-type":"","background-media":"","overlay-type":"","overlay-color":"","overlay-opacity":"","overlay-gradient":""},"mobile":{"background-color":"","background-image":"","background-repeat":"repeat","background-position":"center center","background-size":"auto","background-attachment":"scroll","background-type":"","background-media":"","overlay-type":"","overlay-color":"","overlay-opacity":"","overlay-gradient":""}},"ast-content-background-meta":{"desktop":{"background-color":"var(--ast-global-color-4)","background-image":"","background-repeat":"repeat","background-position":"center center","background-size":"auto","background-attachment":"scroll","background-type":"","background-media":"","overlay-type":"","overlay-color":"","overlay-opacity":"","overlay-gradient":""},"tablet":{"background-color":"var(--ast-global-color-4)","background-image":"","background-repeat":"repeat","background-position":"center center","background-size":"auto","background-attachment":"scroll","background-type":"","background-media":"","overlay-type":"","overlay-color":"","overlay-opacity":"","overlay-gradient":""},"mobile":{"background-color":"var(--ast-global-color-4)","background-image":"","background-repeat":"repeat","background-position":"center center","background-size":"auto","background-attachment":"scroll","background-type":"","background-media":"","overlay-type":"","overlay-color":"","overlay-opacity":"","overlay-gradient":""}}},"product_brand":[],"product_cat":[9581],"product_tag":[],"class_list":{"0":"post-16039","1":"product","2":"type-product","3":"status-publish","4":"has-post-thumbnail","6":"product_cat-kriminaliniai-romanai","7":"desktop-align-left","8":"tablet-align-left","9":"mobile-align-left","11":"first","12":"instock","13":"shipping-taxable","14":"purchasable","15":"product-type-simple"},"acf":[],"yoast_head":"<!-- This site is optimized with the Yoast SEO plugin v27.0 - https:\/\/yoast.com\/product\/yoast-seo-wordpress\/ -->\n<title>Klaidingas \u012fsp\u016bdis<\/title>\n<meta name=\"description\" content=\"J\u016bs\u0173 rankose \u2013 romanas, kur\u012f para\u0161\u0117 populiariausias Did\u017eiosios Britanijos detektyv\u0173 meistras, 63 pasaulio \u0161alyse 32 kalbomis i\u0161leid\u0119s daugiau nei 125\" \/>\n<meta name=\"robots\" content=\"index, follow, max-snippet:-1, max-image-preview:large, max-video-preview:-1\" \/>\n<link rel=\"canonical\" href=\"https:\/\/skaitytaknyga.lt\/en\/produktas\/klaidingas-ispudis\/\" \/>\n<meta property=\"og:locale\" content=\"en_GB\" \/>\n<meta property=\"og:locale:alternate\" content=\"lt_LT\" \/>\n<meta property=\"og:type\" content=\"article\" \/>\n<meta property=\"og:title\" content=\"Klaidingas \u012fsp\u016bdis\" \/>\n<meta property=\"og:description\" content=\"J\u016bs\u0173 rankose \u2013 romanas, kur\u012f para\u0161\u0117 populiariausias Did\u017eiosios Britanijos detektyv\u0173 meistras, 63 pasaulio \u0161alyse 32 kalbomis i\u0161leid\u0119s daugiau nei 125\" \/>\n<meta property=\"og:url\" content=\"https:\/\/skaitytaknyga.lt\/en\/produktas\/klaidingas-ispudis\/\" \/>\n<meta property=\"og:site_name\" content=\"Skaitytaknyga\" \/>\n<meta property=\"article:publisher\" content=\"https:\/\/www.facebook.com\/skaitytaknyga\/\" \/>\n<meta property=\"article:modified_time\" content=\"2026-03-05T11:07:39+00:00\" \/>\n<meta property=\"og:image\" content=\"https:\/\/skaitytaknyga.lt\/wp-content\/uploads\/2025\/01\/Klaidingas-ispudis.webp\" \/>\n\t<meta property=\"og:image:width\" content=\"295\" \/>\n\t<meta property=\"og:image:height\" content=\"485\" \/>\n\t<meta property=\"og:image:type\" content=\"image\/webp\" \/>\n<meta name=\"twitter:card\" content=\"summary_large_image\" \/>\n<meta name=\"twitter:label1\" content=\"Estimated reading time\" \/>\n\t<meta name=\"twitter:data1\" content=\"2 minutes\" \/>\n<script type=\"application\/ld+json\" class=\"yoast-schema-graph\">{\"@context\":\"https:\/\/schema.org\",\"@graph\":[{\"@type\":\"WebPage\",\"@id\":\"https:\/\/skaitytaknyga.lt\/produktas\/klaidingas-ispudis\/\",\"url\":\"https:\/\/skaitytaknyga.lt\/produktas\/klaidingas-ispudis\/\",\"name\":\"Klaidingas \u012fsp\u016bdis\",\"isPartOf\":{\"@id\":\"https:\/\/skaitytaknyga.lt\/#website\"},\"primaryImageOfPage\":{\"@id\":\"https:\/\/skaitytaknyga.lt\/produktas\/klaidingas-ispudis\/#primaryimage\"},\"image\":{\"@id\":\"https:\/\/skaitytaknyga.lt\/produktas\/klaidingas-ispudis\/#primaryimage\"},\"thumbnailUrl\":\"https:\/\/skaitytaknyga.lt\/wp-content\/uploads\/2025\/01\/Klaidingas-ispudis.webp\",\"datePublished\":\"2025-01-25T12:02:13+00:00\",\"dateModified\":\"2026-03-05T11:07:39+00:00\",\"description\":\"J\u016bs\u0173 rankose \u2013 romanas, kur\u012f para\u0161\u0117 populiariausias Did\u017eiosios Britanijos detektyv\u0173 meistras, 63 pasaulio \u0161alyse 32 kalbomis i\u0161leid\u0119s daugiau nei 125\",\"breadcrumb\":{\"@id\":\"https:\/\/skaitytaknyga.lt\/produktas\/klaidingas-ispudis\/#breadcrumb\"},\"inLanguage\":\"en-GB\",\"potentialAction\":[{\"@type\":\"ReadAction\",\"target\":[\"https:\/\/skaitytaknyga.lt\/produktas\/klaidingas-ispudis\/\"]}]},{\"@type\":\"ImageObject\",\"inLanguage\":\"en-GB\",\"@id\":\"https:\/\/skaitytaknyga.lt\/produktas\/klaidingas-ispudis\/#primaryimage\",\"url\":\"https:\/\/skaitytaknyga.lt\/wp-content\/uploads\/2025\/01\/Klaidingas-ispudis.webp\",\"contentUrl\":\"https:\/\/skaitytaknyga.lt\/wp-content\/uploads\/2025\/01\/Klaidingas-ispudis.webp\",\"width\":295,\"height\":485,\"caption\":\"Klaidingas \u012fsp\u016bdis\"},{\"@type\":\"BreadcrumbList\",\"@id\":\"https:\/\/skaitytaknyga.lt\/produktas\/klaidingas-ispudis\/#breadcrumb\",\"itemListElement\":[{\"@type\":\"ListItem\",\"position\":1,\"name\":\"Home\",\"item\":\"https:\/\/skaitytaknyga.lt\/\"},{\"@type\":\"ListItem\",\"position\":2,\"name\":\"Parduotuv\u0117\",\"item\":\"https:\/\/skaitytaknyga.lt\/knygu-parduotuve\/\"},{\"@type\":\"ListItem\",\"position\":3,\"name\":\"Klaidingas \u012fsp\u016bdis\"}]},{\"@type\":\"WebSite\",\"@id\":\"https:\/\/skaitytaknyga.lt\/#website\",\"url\":\"https:\/\/skaitytaknyga.lt\/\",\"name\":\"skaitytaknyga.lt\",\"description\":\"Skaitytaknyga.lt \u2013 tai ma\u017eas \u0161eimos verslas, kuris prasid\u0117jo nuo meil\u0117s knygoms ir siekio i\u0161gelb\u0117ti knygas nuo likimo prie konteinerio. Kas vienam nereikalingas daiktas \u2013 kitam lobis, o mes esame tarpininkai, kurie padeda abiems tapti laimingesniems ???? \u017dinome kaip nelengva i\u0161gyventi ma\u017eiems verslams, tad nuo \u0161iol, \u010dia rasite ir kit\u0173, ma\u017e\u0173 \u0161eim\u0173 versl\u0173, rank\u0173 darbo, dovan\u0173 sau ir artimiesiems.\",\"publisher\":{\"@id\":\"https:\/\/skaitytaknyga.lt\/#organization\"},\"potentialAction\":[{\"@type\":\"SearchAction\",\"target\":{\"@type\":\"EntryPoint\",\"urlTemplate\":\"https:\/\/skaitytaknyga.lt\/?s={search_term_string}\"},\"query-input\":{\"@type\":\"PropertyValueSpecification\",\"valueRequired\":true,\"valueName\":\"search_term_string\"}}],\"inLanguage\":\"en-GB\"},{\"@type\":\"Organization\",\"@id\":\"https:\/\/skaitytaknyga.lt\/#organization\",\"name\":\"skaitytaknyga.lt\",\"url\":\"https:\/\/skaitytaknyga.lt\/\",\"logo\":{\"@type\":\"ImageObject\",\"inLanguage\":\"en-GB\",\"@id\":\"https:\/\/skaitytaknyga.lt\/#\/schema\/logo\/image\/\",\"url\":\"https:\/\/skaitytaknyga.lt\/wp-content\/uploads\/2024\/05\/cropped-cropped-cropped-02_00843_jt3bggkj1j3HLc7SyY6rEUpg.jpeg\",\"contentUrl\":\"https:\/\/skaitytaknyga.lt\/wp-content\/uploads\/2024\/05\/cropped-cropped-cropped-02_00843_jt3bggkj1j3HLc7SyY6rEUpg.jpeg\",\"width\":1600,\"height\":1600,\"caption\":\"skaitytaknyga.lt\"},\"image\":{\"@id\":\"https:\/\/skaitytaknyga.lt\/#\/schema\/logo\/image\/\"},\"sameAs\":[\"https:\/\/www.facebook.com\/skaitytaknyga\/\"]}]}<\/script>\n<!-- \/ Yoast SEO plugin. -->","yoast_head_json":{"title":"Klaidingas \u012fsp\u016bdis","description":"J\u016bs\u0173 rankose \u2013 romanas, kur\u012f para\u0161\u0117 populiariausias Did\u017eiosios Britanijos detektyv\u0173 meistras, 63 pasaulio \u0161alyse 32 kalbomis i\u0161leid\u0119s daugiau nei 125","robots":{"index":"index","follow":"follow","max-snippet":"max-snippet:-1","max-image-preview":"max-image-preview:large","max-video-preview":"max-video-preview:-1"},"canonical":"https:\/\/skaitytaknyga.lt\/en\/produktas\/klaidingas-ispudis\/","og_locale":"en_GB","og_type":"article","og_title":"[:lt]Klaidingas \u012fsp\u016bdis[:] - Skaitytaknyga","og_description":"J\u016bs\u0173 rankose \u2013 romanas, kur\u012f para\u0161\u0117 populiariausias Did\u017eiosios Britanijos detektyv\u0173 meistras, 63 pasaulio \u0161alyse 32 kalbomis i\u0161leid\u0119s daugiau nei 125","og_url":"https:\/\/skaitytaknyga.lt\/en\/produktas\/klaidingas-ispudis\/","og_site_name":"Skaitytaknyga","article_publisher":"https:\/\/www.facebook.com\/skaitytaknyga\/","article_modified_time":"2026-03-05T11:07:39+00:00","og_image":[{"width":295,"height":485,"url":"https:\/\/skaitytaknyga.lt\/wp-content\/uploads\/2025\/01\/Klaidingas-ispudis.webp","type":"image\/webp"}],"twitter_card":"summary_large_image","twitter_misc":{"Estimated reading time":"2 minutes"},"schema":{"@context":"https:\/\/schema.org","@graph":[{"@type":"WebPage","@id":"https:\/\/skaitytaknyga.lt\/produktas\/klaidingas-ispudis\/","url":"https:\/\/skaitytaknyga.lt\/produktas\/klaidingas-ispudis\/","name":"Klaidingas \u012fsp\u016bdis","isPartOf":{"@id":"https:\/\/skaitytaknyga.lt\/#website"},"primaryImageOfPage":{"@id":"https:\/\/skaitytaknyga.lt\/produktas\/klaidingas-ispudis\/#primaryimage"},"image":{"@id":"https:\/\/skaitytaknyga.lt\/produktas\/klaidingas-ispudis\/#primaryimage"},"thumbnailUrl":"https:\/\/skaitytaknyga.lt\/wp-content\/uploads\/2025\/01\/Klaidingas-ispudis.webp","datePublished":"2025-01-25T12:02:13+00:00","dateModified":"2026-03-05T11:07:39+00:00","description":"J\u016bs\u0173 rankose \u2013 romanas, kur\u012f para\u0161\u0117 populiariausias Did\u017eiosios Britanijos detektyv\u0173 meistras, 63 pasaulio \u0161alyse 32 kalbomis i\u0161leid\u0119s daugiau nei 125","breadcrumb":{"@id":"https:\/\/skaitytaknyga.lt\/produktas\/klaidingas-ispudis\/#breadcrumb"},"inLanguage":"en-GB","potentialAction":[{"@type":"ReadAction","target":["https:\/\/skaitytaknyga.lt\/produktas\/klaidingas-ispudis\/"]}]},{"@type":"ImageObject","inLanguage":"en-GB","@id":"https:\/\/skaitytaknyga.lt\/produktas\/klaidingas-ispudis\/#primaryimage","url":"https:\/\/skaitytaknyga.lt\/wp-content\/uploads\/2025\/01\/Klaidingas-ispudis.webp","contentUrl":"https:\/\/skaitytaknyga.lt\/wp-content\/uploads\/2025\/01\/Klaidingas-ispudis.webp","width":295,"height":485,"caption":"Klaidingas \u012fsp\u016bdis"},{"@type":"BreadcrumbList","@id":"https:\/\/skaitytaknyga.lt\/produktas\/klaidingas-ispudis\/#breadcrumb","itemListElement":[{"@type":"ListItem","position":1,"name":"Home","item":"https:\/\/skaitytaknyga.lt\/"},{"@type":"ListItem","position":2,"name":"Parduotuv\u0117","item":"https:\/\/skaitytaknyga.lt\/knygu-parduotuve\/"},{"@type":"ListItem","position":3,"name":"Klaidingas \u012fsp\u016bdis"}]},{"@type":"WebSite","@id":"https:\/\/skaitytaknyga.lt\/#website","url":"https:\/\/skaitytaknyga.lt\/","name":"skaitytaknyga.lt","description":"Skaitytaknyga.lt \u2013 tai ma\u017eas \u0161eimos verslas, kuris prasid\u0117jo nuo meil\u0117s knygoms ir siekio i\u0161gelb\u0117ti knygas nuo likimo prie konteinerio. Kas vienam nereikalingas daiktas \u2013 kitam lobis, o mes esame tarpininkai, kurie padeda abiems tapti laimingesniems ???? \u017dinome kaip nelengva i\u0161gyventi ma\u017eiems verslams, tad nuo \u0161iol, \u010dia rasite ir kit\u0173, ma\u017e\u0173 \u0161eim\u0173 versl\u0173, rank\u0173 darbo, dovan\u0173 sau ir artimiesiems.","publisher":{"@id":"https:\/\/skaitytaknyga.lt\/#organization"},"potentialAction":[{"@type":"SearchAction","target":{"@type":"EntryPoint","urlTemplate":"https:\/\/skaitytaknyga.lt\/?s={search_term_string}"},"query-input":{"@type":"PropertyValueSpecification","valueRequired":true,"valueName":"search_term_string"}}],"inLanguage":"en-GB"},{"@type":"Organization","@id":"https:\/\/skaitytaknyga.lt\/#organization","name":"skaitytaknyga.lt","url":"https:\/\/skaitytaknyga.lt\/","logo":{"@type":"ImageObject","inLanguage":"en-GB","@id":"https:\/\/skaitytaknyga.lt\/#\/schema\/logo\/image\/","url":"https:\/\/skaitytaknyga.lt\/wp-content\/uploads\/2024\/05\/cropped-cropped-cropped-02_00843_jt3bggkj1j3HLc7SyY6rEUpg.jpeg","contentUrl":"https:\/\/skaitytaknyga.lt\/wp-content\/uploads\/2024\/05\/cropped-cropped-cropped-02_00843_jt3bggkj1j3HLc7SyY6rEUpg.jpeg","width":1600,"height":1600,"caption":"skaitytaknyga.lt"},"image":{"@id":"https:\/\/skaitytaknyga.lt\/#\/schema\/logo\/image\/"},"sameAs":["https:\/\/www.facebook.com\/skaitytaknyga\/"]}]}},"_links":{"self":[{"href":"https:\/\/skaitytaknyga.lt\/en\/wp-json\/wp\/v2\/product\/16039","targetHints":{"allow":["GET"]}}],"collection":[{"href":"https:\/\/skaitytaknyga.lt\/en\/wp-json\/wp\/v2\/product"}],"about":[{"href":"https:\/\/skaitytaknyga.lt\/en\/wp-json\/wp\/v2\/types\/product"}],"replies":[{"embeddable":true,"href":"https:\/\/skaitytaknyga.lt\/en\/wp-json\/wp\/v2\/comments?post=16039"}],"wp:featuredmedia":[{"embeddable":true,"href":"https:\/\/skaitytaknyga.lt\/en\/wp-json\/wp\/v2\/media\/16040"}],"wp:attachment":[{"href":"https:\/\/skaitytaknyga.lt\/en\/wp-json\/wp\/v2\/media?parent=16039"}],"wp:term":[{"taxonomy":"product_brand","embeddable":true,"href":"https:\/\/skaitytaknyga.lt\/en\/wp-json\/wp\/v2\/product_brand?post=16039"},{"taxonomy":"product_cat","embeddable":true,"href":"https:\/\/skaitytaknyga.lt\/en\/wp-json\/wp\/v2\/product_cat?post=16039"},{"taxonomy":"product_tag","embeddable":true,"href":"https:\/\/skaitytaknyga.lt\/en\/wp-json\/wp\/v2\/product_tag?post=16039"}],"curies":[{"name":"wp","href":"https:\/\/api.w.org\/{rel}","templated":true}]}}