{"id":16037,"date":"2025-01-25T13:59:33","date_gmt":"2025-01-25T11:59:33","guid":{"rendered":"https:\/\/skaitytaknyga.lt\/?post_type=product&#038;p=16037"},"modified":"2025-06-11T10:13:45","modified_gmt":"2025-06-11T07:13:45","slug":"saldziai-kartu","status":"publish","type":"product","link":"https:\/\/skaitytaknyga.lt\/en\/produktas\/saldziai-kartu\/","title":{"rendered":"Sald\u017eiai kartu"},"content":{"rendered":"<p>\u201eSald\u017eiai kartu\u201c \u2013 vienas puiki\u0173 Colleen McCullough roman\u0173, kuriame XX a. prad\u017eios Australijos istorija virsta keturi\u0173 moter\u0173 gyvenimo, meil\u0117s ir brandos istorijomis.<\/p>\n<p>\u201eSald\u017eiai kartu\u201c \u2013 pasakojimas apie t\u0105 pat\u012f laikotarp\u012f, kuriam skirti ir garsieji \u201eEr\u0161k\u0117\u010di\u0173 pauk\u0161\u010diai\u201c. Tai 1920-1930 \u2013t\u0173j\u0173 met\u0173 Australija. Did\u017eioji depresija, ekonomin\u0117 kriz\u0117, i\u0161ankstin\u0117s nuostatos ir draudimai&#8230; Ta\u010diau k\u0105 tai rei\u0161kia i\u0161skirtin\u0117ms moterims, trok\u0161tan\u010dioms ne tik meil\u0117s ir \u0161eimos, bet ir profesijos?<\/p>\n<p>\u201eSald\u017eiai kartu\u201c \u2013 tai epin\u0117 romantin\u0117 istorija apie dvi dvyni\u0173 poras: pastoriaus Latimerio dukras Ed\u0105 ir Greis\u0119, Gaban\u0105 ir Kit\u0119. Jos nepaprastai artimos viena kitai \u2013 taip, kaip tai \u012fmanoma tik tarp dvyni\u0173. Jos pana\u0161ios viena \u012f kit\u0105, ta\u010diau drauge ir nepaprastai skirtingos i\u0161ore, o ypa\u010d charakteriu. J\u0173 svajon\u0117s apie ateit\u012f skiriasi, ta\u010diau visoms svarbiausia i\u0161tr\u016bkti i\u0161 motinos vald\u017eios. Tod\u0117l jos ry\u017etasi negird\u0117tam dalykui \u2013 visos keturios seserys Latimer tampa slaug\u0117mis Korundo, nedidelio Australijos miestelio, ligonin\u0117je.<\/p>\n<p>Taip prasideda j\u0173 kelias \u012f gyvenim\u0105. Tiksliau, keturi skirtingi keliai. Atkakli, gabi ir \u0161maik\u0161ti Eda svajoja tapti gydytoja, jausminga ir glebi Greis\u0117 ie\u0161ko vyro, su kuriuo jaust\u0173si saugi, darb\u0161ti ir reikli Gabana v\u0117liau taps nepakei\u010diama vyresni\u0105ja seserimi, o gra\u017euol\u0117 Kit\u0117, kuriai gro\u017eis neteikia jokio d\u017eiaugsmo, jau\u010diasi rami ir saugi, slaugydama vaikus \u2013 kol nesutinka \u010carlzo, \u012f jos gyvenim\u0105 atne\u0161ian\u010dio sumai\u0161t\u012f\u2026<\/p>\n<p>Kiekviena sesuo turi pasirinkti, kaip gyventi, kad \u0161irdyje tilpt\u0173 ir meil\u0117, ir vaikai, ir karjera \u2013 ir kiekvien\u0105 kart\u0105 tenka gyventi su savo sprendim\u0173 pasekm\u0117mis: ir graud\u017eiomis, ir teikian\u010diomis laim\u0119. Sald\u017eiai kar\u010diomis, kaip ir pats gyvenimas.<\/p>\n<p>Originalus pavadinimas: BITTERSWEET<br \/>\nAutorius: Colleen McCullough<br \/>\nLeid\u0117jas: Tyto alba<br \/>\nMetai: 2015<br \/>\nPuslapiai: 472<br \/>\nISBN: 9786094660825<br \/>\nVersijos kodas: PT.<br \/>\nFormatas: 15 x 22 cm, kieti vir\u0161eliai<br \/>\nKalba: Lietuvi\u0173<br \/>\nVert\u0117jas: Kristina Mili\u016bnien\u0117<\/p>\n","protected":false},"excerpt":{"rendered":"<p>\u201eSald\u017eiai kartu\u201c \u2013 vienas puiki\u0173 Colleen McCullough roman\u0173, kuriame XX a. prad\u017eios Australijos istorija virsta keturi\u0173 moter\u0173 gyvenimo, meil\u0117s ir brandos istorijomis. \u201eSald\u017eiai kartu\u201c \u2013 pasakojimas apie t\u0105 pat\u012f laikotarp\u012f, kuriam skirti ir garsieji \u201eEr\u0161k\u0117\u010di\u0173 pauk\u0161\u010diai\u201c. Tai 1920-1930 \u2013t\u0173j\u0173 met\u0173 Australija. Did\u017eioji depresija, ekonomin\u0117 kriz\u0117, i\u0161ankstin\u0117s nuostatos ir draudimai&#8230; Ta\u010diau k\u0105 tai rei\u0161kia i\u0161skirtin\u0117ms moterims, trok\u0161tan\u010dioms ne tik meil\u0117s ir \u0161eimos, bet ir profesijos? \u201eSald\u017eiai kartu\u201c \u2013 tai epin\u0117 romantin\u0117 istorija apie dvi dvyni\u0173 poras: pastoriaus Latimerio dukras Ed\u0105 ir Greis\u0119, Gaban\u0105 ir Kit\u0119. Jos nepaprastai artimos viena kitai \u2013 taip, kaip tai \u012fmanoma tik tarp dvyni\u0173. Jos pana\u0161ios viena \u012f kit\u0105, ta\u010diau drauge ir nepaprastai skirtingos i\u0161ore, o ypa\u010d charakteriu. J\u0173 svajon\u0117s apie ateit\u012f skiriasi, ta\u010diau visoms svarbiausia i\u0161tr\u016bkti i\u0161 motinos vald\u017eios. Tod\u0117l jos ry\u017etasi negird\u0117tam dalykui \u2013 visos keturios seserys Latimer tampa slaug\u0117mis Korundo, nedidelio Australijos miestelio, ligonin\u0117je. Taip prasideda j\u0173 kelias \u012f gyvenim\u0105. Tiksliau, keturi skirtingi keliai. Atkakli, gabi ir \u0161maik\u0161ti Eda svajoja tapti gydytoja, jausminga ir glebi Greis\u0117 ie\u0161ko vyro, su kuriuo jaust\u0173si saugi, darb\u0161ti ir reikli Gabana v\u0117liau taps nepakei\u010diama vyresni\u0105ja seserimi, o gra\u017euol\u0117 Kit\u0117, kuriai gro\u017eis neteikia jokio d\u017eiaugsmo, jau\u010diasi rami ir saugi, slaugydama vaikus \u2013 kol nesutinka \u010carlzo, \u012f jos gyvenim\u0105 atne\u0161ian\u010dio sumai\u0161t\u012f\u2026 Kiekviena sesuo turi pasirinkti, kaip gyventi, kad \u0161irdyje tilpt\u0173 ir meil\u0117, ir vaikai, ir karjera \u2013 ir kiekvien\u0105 kart\u0105 tenka gyventi su savo sprendim\u0173 pasekm\u0117mis: ir graud\u017eiomis, ir teikian\u010diomis laim\u0119. Sald\u017eiai kar\u010diomis, kaip ir pats gyvenimas. Originalus pavadinimas: BITTERSWEET Autorius: Colleen McCullough Leid\u0117jas: Tyto alba Metai: 2015 Puslapiai: 472 ISBN: 9786094660825 Versijos kodas: PT. Formatas: 15 x 22 cm, kieti vir\u0161eliai Kalba: Lietuvi\u0173 Vert\u0117jas: Kristina Mili\u016bnien\u0117<\/p>\n","protected":false},"featured_media":16038,"comment_status":"open","ping_status":"closed","template":"","meta":{"_acf_changed":false,"site-sidebar-layout":"default","site-content-layout":"","ast-site-content-layout":"default","site-content-style":"default","site-sidebar-style":"default","ast-global-header-display":"","ast-banner-title-visibility":"","ast-main-header-display":"","ast-hfb-above-header-display":"","ast-hfb-below-header-display":"","ast-hfb-mobile-header-display":"","site-post-title":"","ast-breadcrumbs-content":"","ast-featured-img":"","footer-sml-layout":"","ast-disable-related-posts":"","theme-transparent-header-meta":"default","adv-header-id-meta":"","stick-header-meta":"","header-above-stick-meta":"","header-main-stick-meta":"","header-below-stick-meta":"","astra-migrate-meta-layouts":"set","ast-page-background-enabled":"default","ast-page-background-meta":{"desktop":{"background-color":"","background-image":"","background-repeat":"repeat","background-position":"center center","background-size":"auto","background-attachment":"scroll","background-type":"","background-media":"","overlay-type":"","overlay-color":"","overlay-opacity":"","overlay-gradient":""},"tablet":{"background-color":"","background-image":"","background-repeat":"repeat","background-position":"center center","background-size":"auto","background-attachment":"scroll","background-type":"","background-media":"","overlay-type":"","overlay-color":"","overlay-opacity":"","overlay-gradient":""},"mobile":{"background-color":"","background-image":"","background-repeat":"repeat","background-position":"center center","background-size":"auto","background-attachment":"scroll","background-type":"","background-media":"","overlay-type":"","overlay-color":"","overlay-opacity":"","overlay-gradient":""}},"ast-content-background-meta":{"desktop":{"background-color":"var(--ast-global-color-4)","background-image":"","background-repeat":"repeat","background-position":"center center","background-size":"auto","background-attachment":"scroll","background-type":"","background-media":"","overlay-type":"","overlay-color":"","overlay-opacity":"","overlay-gradient":""},"tablet":{"background-color":"var(--ast-global-color-4)","background-image":"","background-repeat":"repeat","background-position":"center center","background-size":"auto","background-attachment":"scroll","background-type":"","background-media":"","overlay-type":"","overlay-color":"","overlay-opacity":"","overlay-gradient":""},"mobile":{"background-color":"var(--ast-global-color-4)","background-image":"","background-repeat":"repeat","background-position":"center center","background-size":"auto","background-attachment":"scroll","background-type":"","background-media":"","overlay-type":"","overlay-color":"","overlay-opacity":"","overlay-gradient":""}}},"product_brand":[],"product_cat":[31,15],"product_tag":[4964,2293,2069,4966,4965],"class_list":{"0":"post-16037","1":"product","2":"type-product","3":"status-publish","4":"has-post-thumbnail","6":"product_cat-grozine-literatura","7":"product_cat-uncategorized","8":"product_tag-australija","9":"product_tag-colleen-mccullough","10":"product_tag-istorinis-romanas","11":"product_tag-moteru-istorijos","12":"product_tag-seserys","13":"desktop-align-left","14":"tablet-align-left","15":"mobile-align-left","17":"first","18":"instock","19":"shipping-taxable","20":"purchasable","21":"product-type-simple"},"acf":[],"yoast_head":"<!-- This site is optimized with the Yoast SEO plugin v27.0 - https:\/\/yoast.com\/product\/yoast-seo-wordpress\/ -->\n<title>Sald\u017eiai kartu<\/title>\n<meta name=\"description\" content=\"\u201eSald\u017eiai kartu\u201c \u2013 vienas puiki\u0173 Colleen McCullough roman\u0173, kuriame XX a. prad\u017eios Australijos istorija virsta keturi\u0173 moter\u0173 gyvenimo, meil\u0117s ir brandos\" \/>\n<meta name=\"robots\" content=\"index, follow, max-snippet:-1, max-image-preview:large, max-video-preview:-1\" \/>\n<link rel=\"canonical\" href=\"https:\/\/skaitytaknyga.lt\/en\/produktas\/saldziai-kartu\/\" \/>\n<meta property=\"og:locale\" content=\"en_GB\" \/>\n<meta property=\"og:locale:alternate\" content=\"lt_LT\" \/>\n<meta property=\"og:type\" content=\"article\" \/>\n<meta property=\"og:title\" content=\"Sald\u017eiai kartu\" \/>\n<meta property=\"og:description\" content=\"\u201eSald\u017eiai kartu\u201c \u2013 vienas puiki\u0173 Colleen McCullough roman\u0173, kuriame XX a. prad\u017eios Australijos istorija virsta keturi\u0173 moter\u0173 gyvenimo, meil\u0117s ir brandos\" \/>\n<meta property=\"og:url\" content=\"https:\/\/skaitytaknyga.lt\/en\/produktas\/saldziai-kartu\/\" \/>\n<meta property=\"og:site_name\" content=\"Skaitytaknyga\" \/>\n<meta property=\"article:publisher\" content=\"https:\/\/www.facebook.com\/skaitytaknyga\/\" \/>\n<meta property=\"article:modified_time\" content=\"2025-06-11T07:13:45+00:00\" \/>\n<meta property=\"og:image\" content=\"https:\/\/skaitytaknyga.lt\/wp-content\/uploads\/2025\/01\/Saldziai-kartu.webp\" \/>\n\t<meta property=\"og:image:width\" content=\"434\" \/>\n\t<meta property=\"og:image:height\" content=\"626\" \/>\n\t<meta property=\"og:image:type\" content=\"image\/webp\" \/>\n<meta name=\"twitter:card\" content=\"summary_large_image\" \/>\n<meta name=\"twitter:label1\" content=\"Estimated reading time\" \/>\n\t<meta name=\"twitter:data1\" content=\"2 minutes\" \/>\n<script type=\"application\/ld+json\" class=\"yoast-schema-graph\">{\"@context\":\"https:\/\/schema.org\",\"@graph\":[{\"@type\":\"WebPage\",\"@id\":\"https:\/\/skaitytaknyga.lt\/produktas\/saldziai-kartu\/\",\"url\":\"https:\/\/skaitytaknyga.lt\/produktas\/saldziai-kartu\/\",\"name\":\"Sald\u017eiai kartu\",\"isPartOf\":{\"@id\":\"https:\/\/skaitytaknyga.lt\/#website\"},\"primaryImageOfPage\":{\"@id\":\"https:\/\/skaitytaknyga.lt\/produktas\/saldziai-kartu\/#primaryimage\"},\"image\":{\"@id\":\"https:\/\/skaitytaknyga.lt\/produktas\/saldziai-kartu\/#primaryimage\"},\"thumbnailUrl\":\"https:\/\/skaitytaknyga.lt\/wp-content\/uploads\/2025\/01\/Saldziai-kartu.webp\",\"datePublished\":\"2025-01-25T11:59:33+00:00\",\"dateModified\":\"2025-06-11T07:13:45+00:00\",\"description\":\"\u201eSald\u017eiai kartu\u201c \u2013 vienas puiki\u0173 Colleen McCullough roman\u0173, kuriame XX a. prad\u017eios Australijos istorija virsta keturi\u0173 moter\u0173 gyvenimo, meil\u0117s ir brandos\",\"breadcrumb\":{\"@id\":\"https:\/\/skaitytaknyga.lt\/produktas\/saldziai-kartu\/#breadcrumb\"},\"inLanguage\":\"en-GB\",\"potentialAction\":[{\"@type\":\"ReadAction\",\"target\":[\"https:\/\/skaitytaknyga.lt\/produktas\/saldziai-kartu\/\"]}]},{\"@type\":\"ImageObject\",\"inLanguage\":\"en-GB\",\"@id\":\"https:\/\/skaitytaknyga.lt\/produktas\/saldziai-kartu\/#primaryimage\",\"url\":\"https:\/\/skaitytaknyga.lt\/wp-content\/uploads\/2025\/01\/Saldziai-kartu.webp\",\"contentUrl\":\"https:\/\/skaitytaknyga.lt\/wp-content\/uploads\/2025\/01\/Saldziai-kartu.webp\",\"width\":434,\"height\":626,\"caption\":\"Sald\u017eiai kartu\"},{\"@type\":\"BreadcrumbList\",\"@id\":\"https:\/\/skaitytaknyga.lt\/produktas\/saldziai-kartu\/#breadcrumb\",\"itemListElement\":[{\"@type\":\"ListItem\",\"position\":1,\"name\":\"Home\",\"item\":\"https:\/\/skaitytaknyga.lt\/\"},{\"@type\":\"ListItem\",\"position\":2,\"name\":\"Parduotuv\u0117\",\"item\":\"https:\/\/skaitytaknyga.lt\/knygu-parduotuve\/\"},{\"@type\":\"ListItem\",\"position\":3,\"name\":\"Sald\u017eiai kartu\"}]},{\"@type\":\"WebSite\",\"@id\":\"https:\/\/skaitytaknyga.lt\/#website\",\"url\":\"https:\/\/skaitytaknyga.lt\/\",\"name\":\"skaitytaknyga.lt\",\"description\":\"Skaitytaknyga.lt \u2013 tai ma\u017eas \u0161eimos verslas, kuris prasid\u0117jo nuo meil\u0117s knygoms ir siekio i\u0161gelb\u0117ti knygas nuo likimo prie konteinerio. Kas vienam nereikalingas daiktas \u2013 kitam lobis, o mes esame tarpininkai, kurie padeda abiems tapti laimingesniems ???? \u017dinome kaip nelengva i\u0161gyventi ma\u017eiems verslams, tad nuo \u0161iol, \u010dia rasite ir kit\u0173, ma\u017e\u0173 \u0161eim\u0173 versl\u0173, rank\u0173 darbo, dovan\u0173 sau ir artimiesiems.\",\"publisher\":{\"@id\":\"https:\/\/skaitytaknyga.lt\/#organization\"},\"potentialAction\":[{\"@type\":\"SearchAction\",\"target\":{\"@type\":\"EntryPoint\",\"urlTemplate\":\"https:\/\/skaitytaknyga.lt\/?s={search_term_string}\"},\"query-input\":{\"@type\":\"PropertyValueSpecification\",\"valueRequired\":true,\"valueName\":\"search_term_string\"}}],\"inLanguage\":\"en-GB\"},{\"@type\":\"Organization\",\"@id\":\"https:\/\/skaitytaknyga.lt\/#organization\",\"name\":\"skaitytaknyga.lt\",\"url\":\"https:\/\/skaitytaknyga.lt\/\",\"logo\":{\"@type\":\"ImageObject\",\"inLanguage\":\"en-GB\",\"@id\":\"https:\/\/skaitytaknyga.lt\/#\/schema\/logo\/image\/\",\"url\":\"https:\/\/skaitytaknyga.lt\/wp-content\/uploads\/2024\/05\/cropped-cropped-cropped-02_00843_jt3bggkj1j3HLc7SyY6rEUpg.jpeg\",\"contentUrl\":\"https:\/\/skaitytaknyga.lt\/wp-content\/uploads\/2024\/05\/cropped-cropped-cropped-02_00843_jt3bggkj1j3HLc7SyY6rEUpg.jpeg\",\"width\":1600,\"height\":1600,\"caption\":\"skaitytaknyga.lt\"},\"image\":{\"@id\":\"https:\/\/skaitytaknyga.lt\/#\/schema\/logo\/image\/\"},\"sameAs\":[\"https:\/\/www.facebook.com\/skaitytaknyga\/\"]}]}<\/script>\n<!-- \/ Yoast SEO plugin. -->","yoast_head_json":{"title":"Sald\u017eiai kartu","description":"\u201eSald\u017eiai kartu\u201c \u2013 vienas puiki\u0173 Colleen McCullough roman\u0173, kuriame XX a. prad\u017eios Australijos istorija virsta keturi\u0173 moter\u0173 gyvenimo, meil\u0117s ir brandos","robots":{"index":"index","follow":"follow","max-snippet":"max-snippet:-1","max-image-preview":"max-image-preview:large","max-video-preview":"max-video-preview:-1"},"canonical":"https:\/\/skaitytaknyga.lt\/en\/produktas\/saldziai-kartu\/","og_locale":"en_GB","og_type":"article","og_title":"[:lt]Sald\u017eiai kartu[:] - Skaitytaknyga","og_description":"\u201eSald\u017eiai kartu\u201c \u2013 vienas puiki\u0173 Colleen McCullough roman\u0173, kuriame XX a. prad\u017eios Australijos istorija virsta keturi\u0173 moter\u0173 gyvenimo, meil\u0117s ir brandos","og_url":"https:\/\/skaitytaknyga.lt\/en\/produktas\/saldziai-kartu\/","og_site_name":"Skaitytaknyga","article_publisher":"https:\/\/www.facebook.com\/skaitytaknyga\/","article_modified_time":"2025-06-11T07:13:45+00:00","og_image":[{"width":434,"height":626,"url":"https:\/\/skaitytaknyga.lt\/wp-content\/uploads\/2025\/01\/Saldziai-kartu.webp","type":"image\/webp"}],"twitter_card":"summary_large_image","twitter_misc":{"Estimated reading time":"2 minutes"},"schema":{"@context":"https:\/\/schema.org","@graph":[{"@type":"WebPage","@id":"https:\/\/skaitytaknyga.lt\/produktas\/saldziai-kartu\/","url":"https:\/\/skaitytaknyga.lt\/produktas\/saldziai-kartu\/","name":"Sald\u017eiai kartu","isPartOf":{"@id":"https:\/\/skaitytaknyga.lt\/#website"},"primaryImageOfPage":{"@id":"https:\/\/skaitytaknyga.lt\/produktas\/saldziai-kartu\/#primaryimage"},"image":{"@id":"https:\/\/skaitytaknyga.lt\/produktas\/saldziai-kartu\/#primaryimage"},"thumbnailUrl":"https:\/\/skaitytaknyga.lt\/wp-content\/uploads\/2025\/01\/Saldziai-kartu.webp","datePublished":"2025-01-25T11:59:33+00:00","dateModified":"2025-06-11T07:13:45+00:00","description":"\u201eSald\u017eiai kartu\u201c \u2013 vienas puiki\u0173 Colleen McCullough roman\u0173, kuriame XX a. prad\u017eios Australijos istorija virsta keturi\u0173 moter\u0173 gyvenimo, meil\u0117s ir brandos","breadcrumb":{"@id":"https:\/\/skaitytaknyga.lt\/produktas\/saldziai-kartu\/#breadcrumb"},"inLanguage":"en-GB","potentialAction":[{"@type":"ReadAction","target":["https:\/\/skaitytaknyga.lt\/produktas\/saldziai-kartu\/"]}]},{"@type":"ImageObject","inLanguage":"en-GB","@id":"https:\/\/skaitytaknyga.lt\/produktas\/saldziai-kartu\/#primaryimage","url":"https:\/\/skaitytaknyga.lt\/wp-content\/uploads\/2025\/01\/Saldziai-kartu.webp","contentUrl":"https:\/\/skaitytaknyga.lt\/wp-content\/uploads\/2025\/01\/Saldziai-kartu.webp","width":434,"height":626,"caption":"Sald\u017eiai kartu"},{"@type":"BreadcrumbList","@id":"https:\/\/skaitytaknyga.lt\/produktas\/saldziai-kartu\/#breadcrumb","itemListElement":[{"@type":"ListItem","position":1,"name":"Home","item":"https:\/\/skaitytaknyga.lt\/"},{"@type":"ListItem","position":2,"name":"Parduotuv\u0117","item":"https:\/\/skaitytaknyga.lt\/knygu-parduotuve\/"},{"@type":"ListItem","position":3,"name":"Sald\u017eiai kartu"}]},{"@type":"WebSite","@id":"https:\/\/skaitytaknyga.lt\/#website","url":"https:\/\/skaitytaknyga.lt\/","name":"skaitytaknyga.lt","description":"Skaitytaknyga.lt \u2013 tai ma\u017eas \u0161eimos verslas, kuris prasid\u0117jo nuo meil\u0117s knygoms ir siekio i\u0161gelb\u0117ti knygas nuo likimo prie konteinerio. Kas vienam nereikalingas daiktas \u2013 kitam lobis, o mes esame tarpininkai, kurie padeda abiems tapti laimingesniems ???? \u017dinome kaip nelengva i\u0161gyventi ma\u017eiems verslams, tad nuo \u0161iol, \u010dia rasite ir kit\u0173, ma\u017e\u0173 \u0161eim\u0173 versl\u0173, rank\u0173 darbo, dovan\u0173 sau ir artimiesiems.","publisher":{"@id":"https:\/\/skaitytaknyga.lt\/#organization"},"potentialAction":[{"@type":"SearchAction","target":{"@type":"EntryPoint","urlTemplate":"https:\/\/skaitytaknyga.lt\/?s={search_term_string}"},"query-input":{"@type":"PropertyValueSpecification","valueRequired":true,"valueName":"search_term_string"}}],"inLanguage":"en-GB"},{"@type":"Organization","@id":"https:\/\/skaitytaknyga.lt\/#organization","name":"skaitytaknyga.lt","url":"https:\/\/skaitytaknyga.lt\/","logo":{"@type":"ImageObject","inLanguage":"en-GB","@id":"https:\/\/skaitytaknyga.lt\/#\/schema\/logo\/image\/","url":"https:\/\/skaitytaknyga.lt\/wp-content\/uploads\/2024\/05\/cropped-cropped-cropped-02_00843_jt3bggkj1j3HLc7SyY6rEUpg.jpeg","contentUrl":"https:\/\/skaitytaknyga.lt\/wp-content\/uploads\/2024\/05\/cropped-cropped-cropped-02_00843_jt3bggkj1j3HLc7SyY6rEUpg.jpeg","width":1600,"height":1600,"caption":"skaitytaknyga.lt"},"image":{"@id":"https:\/\/skaitytaknyga.lt\/#\/schema\/logo\/image\/"},"sameAs":["https:\/\/www.facebook.com\/skaitytaknyga\/"]}]}},"_links":{"self":[{"href":"https:\/\/skaitytaknyga.lt\/en\/wp-json\/wp\/v2\/product\/16037","targetHints":{"allow":["GET"]}}],"collection":[{"href":"https:\/\/skaitytaknyga.lt\/en\/wp-json\/wp\/v2\/product"}],"about":[{"href":"https:\/\/skaitytaknyga.lt\/en\/wp-json\/wp\/v2\/types\/product"}],"replies":[{"embeddable":true,"href":"https:\/\/skaitytaknyga.lt\/en\/wp-json\/wp\/v2\/comments?post=16037"}],"wp:featuredmedia":[{"embeddable":true,"href":"https:\/\/skaitytaknyga.lt\/en\/wp-json\/wp\/v2\/media\/16038"}],"wp:attachment":[{"href":"https:\/\/skaitytaknyga.lt\/en\/wp-json\/wp\/v2\/media?parent=16037"}],"wp:term":[{"taxonomy":"product_brand","embeddable":true,"href":"https:\/\/skaitytaknyga.lt\/en\/wp-json\/wp\/v2\/product_brand?post=16037"},{"taxonomy":"product_cat","embeddable":true,"href":"https:\/\/skaitytaknyga.lt\/en\/wp-json\/wp\/v2\/product_cat?post=16037"},{"taxonomy":"product_tag","embeddable":true,"href":"https:\/\/skaitytaknyga.lt\/en\/wp-json\/wp\/v2\/product_tag?post=16037"}],"curies":[{"name":"wp","href":"https:\/\/api.w.org\/{rel}","templated":true}]}}