{"id":16034,"date":"2025-01-25T13:38:20","date_gmt":"2025-01-25T11:38:20","guid":{"rendered":"https:\/\/skaitytaknyga.lt\/?post_type=product&#038;p=16034"},"modified":"2025-05-21T14:17:20","modified_gmt":"2025-05-21T11:17:20","slug":"anos-lobis","status":"publish","type":"product","link":"https:\/\/skaitytaknyga.lt\/en\/produktas\/anos-lobis\/","title":{"rendered":"Anos lobis"},"content":{"rendered":"<p>2014 m. pavasar\u012f Vilniuje dingsta trys merginos. Alg\u0117 Gustait\u0117 ketina tik \u0161iek tiek pad\u0117ti policijos komisarui Vytautui, bet susipa\u017einusi su vienos dingusios merginos t\u0117vu \u0161vedu Svenu visa galva pasineria \u012f paie\u0161kas. Netrukus i\u0161ai\u0161k\u0117ja, kad mergin\u0173 dingimas susij\u0119s su senu eil\u0117ra\u0161\u010diu ir jame pateiktomis u\u017euominomis apie pasl\u0117pt\u0105 lob\u012f.<\/p>\n<p>1625 m. j\u0117zuitas Teodoras \u012f Vilni\u0173 atgabena karalait\u0117s Anos palikim\u0105 \u2013 brangakmeniais nusagstyt\u0105 knyg\u0105, \u012f kuri\u0105 sud\u0117ta per gyvenim\u0105 sukaupta \u0161ios mokslinink\u0117s, vaistinink\u0117s, botanik\u0117s ir alchemik\u0117s i\u0161mintis. Nepaprasti ir knyg\u0105 puo\u0161iantis brangakmeniai \u2013 sklinda gandas, es\u0105 kiekvienas j\u0173 turi gali\u0105 keisti \u017emogaus likim\u0105&#8230; Ar pavyks vienuoliui knyg\u0105 perduoti Anos s\u016bn\u0117nui Vladislovui Vazai? Kas sieja karalait\u0119 ir tris Vilniuje dingusias merginas? K\u0105 su\u017einos Alg\u0117 Gustait\u0117, u\u017esimojusi \u012fminti \u0161i\u0105 paini\u0105 istorijos m\u012fsl\u0119?<\/p>\n<p>\u201eAnos lobis&#8221; \u2013 tre\u010diasis Ginos Vili\u016bn\u0117s trilogijos romanas, u\u017ebaigiantis pasakojim\u0105 apie \u201eKar\u016bnos be karaliaus&#8221; bei \u201eVilniaus Madonos&#8221; herojus.<\/p>\n<p>Autorius: Gina Vili\u016bn\u0117<br \/>\nLeid\u0117jas: Alma littera<br \/>\nMetai: 2018<br \/>\nPuslapiai: 248<br \/>\nISBN: 9786090130902<br \/>\nVersijos kodas: PT.<br \/>\nFormatas: 14,5 x 23,5 x 2,5 cm, kieti vir\u0161eliai<br \/>\nKalba: Lietuvi\u0173<\/p>\n","protected":false},"excerpt":{"rendered":"<p>2014 m. pavasar\u012f Vilniuje dingsta trys merginos. Alg\u0117 Gustait\u0117 ketina tik \u0161iek tiek pad\u0117ti policijos komisarui Vytautui, bet susipa\u017einusi su vienos dingusios merginos t\u0117vu \u0161vedu Svenu visa galva pasineria \u012f paie\u0161kas. Netrukus i\u0161ai\u0161k\u0117ja, kad mergin\u0173 dingimas susij\u0119s su senu eil\u0117ra\u0161\u010diu ir jame pateiktomis u\u017euominomis apie pasl\u0117pt\u0105 lob\u012f. 1625 m. j\u0117zuitas Teodoras \u012f Vilni\u0173 atgabena karalait\u0117s Anos palikim\u0105 \u2013 brangakmeniais nusagstyt\u0105 knyg\u0105, \u012f kuri\u0105 sud\u0117ta per gyvenim\u0105 sukaupta \u0161ios mokslinink\u0117s, vaistinink\u0117s, botanik\u0117s ir alchemik\u0117s i\u0161mintis. Nepaprasti ir knyg\u0105 puo\u0161iantis brangakmeniai \u2013 sklinda gandas, es\u0105 kiekvienas j\u0173 turi gali\u0105 keisti \u017emogaus likim\u0105&#8230; Ar pavyks vienuoliui knyg\u0105 perduoti Anos s\u016bn\u0117nui Vladislovui Vazai? Kas sieja karalait\u0119 ir tris Vilniuje dingusias merginas? K\u0105 su\u017einos Alg\u0117 Gustait\u0117, u\u017esimojusi \u012fminti \u0161i\u0105 paini\u0105 istorijos m\u012fsl\u0119? \u201eAnos lobis&#8221; \u2013 tre\u010diasis Ginos Vili\u016bn\u0117s trilogijos romanas, u\u017ebaigiantis pasakojim\u0105 apie \u201eKar\u016bnos be karaliaus&#8221; bei \u201eVilniaus Madonos&#8221; herojus. Autorius: Gina Vili\u016bn\u0117 Leid\u0117jas: Alma littera Metai: 2018 Puslapiai: 248 ISBN: 9786090130902 Versijos kodas: PT. Formatas: 14,5 x 23,5 x 2,5 cm, kieti vir\u0161eliai Kalba: Lietuvi\u0173<\/p>\n","protected":false},"featured_media":16035,"comment_status":"closed","ping_status":"closed","template":"","meta":{"_acf_changed":false,"site-sidebar-layout":"default","site-content-layout":"","ast-site-content-layout":"default","site-content-style":"default","site-sidebar-style":"default","ast-global-header-display":"","ast-banner-title-visibility":"","ast-main-header-display":"","ast-hfb-above-header-display":"","ast-hfb-below-header-display":"","ast-hfb-mobile-header-display":"","site-post-title":"","ast-breadcrumbs-content":"","ast-featured-img":"","footer-sml-layout":"","ast-disable-related-posts":"","theme-transparent-header-meta":"default","adv-header-id-meta":"","stick-header-meta":"","header-above-stick-meta":"","header-main-stick-meta":"","header-below-stick-meta":"","astra-migrate-meta-layouts":"set","ast-page-background-enabled":"default","ast-page-background-meta":{"desktop":{"background-color":"","background-image":"","background-repeat":"repeat","background-position":"center center","background-size":"auto","background-attachment":"scroll","background-type":"","background-media":"","overlay-type":"","overlay-color":"","overlay-opacity":"","overlay-gradient":""},"tablet":{"background-color":"","background-image":"","background-repeat":"repeat","background-position":"center center","background-size":"auto","background-attachment":"scroll","background-type":"","background-media":"","overlay-type":"","overlay-color":"","overlay-opacity":"","overlay-gradient":""},"mobile":{"background-color":"","background-image":"","background-repeat":"repeat","background-position":"center center","background-size":"auto","background-attachment":"scroll","background-type":"","background-media":"","overlay-type":"","overlay-color":"","overlay-opacity":"","overlay-gradient":""}},"ast-content-background-meta":{"desktop":{"background-color":"var(--ast-global-color-4)","background-image":"","background-repeat":"repeat","background-position":"center center","background-size":"auto","background-attachment":"scroll","background-type":"","background-media":"","overlay-type":"","overlay-color":"","overlay-opacity":"","overlay-gradient":""},"tablet":{"background-color":"var(--ast-global-color-4)","background-image":"","background-repeat":"repeat","background-position":"center center","background-size":"auto","background-attachment":"scroll","background-type":"","background-media":"","overlay-type":"","overlay-color":"","overlay-opacity":"","overlay-gradient":""},"mobile":{"background-color":"var(--ast-global-color-4)","background-image":"","background-repeat":"repeat","background-position":"center center","background-size":"auto","background-attachment":"scroll","background-type":"","background-media":"","overlay-type":"","overlay-color":"","overlay-opacity":"","overlay-gradient":""}}},"product_brand":[],"product_cat":[31],"product_tag":[],"class_list":{"0":"post-16034","1":"product","2":"type-product","3":"status-publish","4":"has-post-thumbnail","6":"product_cat-grozine-literatura","7":"desktop-align-left","8":"tablet-align-left","9":"mobile-align-left","11":"first","12":"outofstock","13":"shipping-taxable","14":"purchasable","15":"product-type-simple"},"acf":[],"yoast_head":"<!-- This site is optimized with the Yoast SEO plugin v27.0 - https:\/\/yoast.com\/product\/yoast-seo-wordpress\/ -->\n<title>Anos lobis<\/title>\n<meta name=\"description\" content=\"2014 m. pavasar\u012f Vilniuje dingsta trys merginos. Alg\u0117 Gustait\u0117 ketina tik \u0161iek tiek pad\u0117ti policijos komisarui Vytautui, bet susipa\u017einusi su vienos\" \/>\n<meta name=\"robots\" content=\"index, follow, max-snippet:-1, max-image-preview:large, max-video-preview:-1\" \/>\n<link rel=\"canonical\" href=\"https:\/\/skaitytaknyga.lt\/en\/produktas\/anos-lobis\/\" \/>\n<meta property=\"og:locale\" content=\"en_GB\" \/>\n<meta property=\"og:locale:alternate\" content=\"lt_LT\" \/>\n<meta property=\"og:type\" content=\"article\" \/>\n<meta property=\"og:title\" content=\"Anos lobis\" \/>\n<meta property=\"og:description\" content=\"2014 m. pavasar\u012f Vilniuje dingsta trys merginos. Alg\u0117 Gustait\u0117 ketina tik \u0161iek tiek pad\u0117ti policijos komisarui Vytautui, bet susipa\u017einusi su vienos\" \/>\n<meta property=\"og:url\" content=\"https:\/\/skaitytaknyga.lt\/en\/produktas\/anos-lobis\/\" \/>\n<meta property=\"og:site_name\" content=\"Skaitytaknyga\" \/>\n<meta property=\"article:publisher\" content=\"https:\/\/www.facebook.com\/skaitytaknyga\/\" \/>\n<meta property=\"article:modified_time\" content=\"2025-05-21T11:17:20+00:00\" \/>\n<meta property=\"og:image\" content=\"https:\/\/skaitytaknyga.lt\/wp-content\/uploads\/2025\/01\/Anos-lobis.webp\" \/>\n\t<meta property=\"og:image:width\" content=\"366\" \/>\n\t<meta property=\"og:image:height\" content=\"600\" \/>\n\t<meta property=\"og:image:type\" content=\"image\/webp\" \/>\n<meta name=\"twitter:card\" content=\"summary_large_image\" \/>\n<meta name=\"twitter:label1\" content=\"Estimated reading time\" \/>\n\t<meta name=\"twitter:data1\" content=\"2 minutes\" \/>\n<script type=\"application\/ld+json\" class=\"yoast-schema-graph\">{\"@context\":\"https:\/\/schema.org\",\"@graph\":[{\"@type\":\"WebPage\",\"@id\":\"https:\/\/skaitytaknyga.lt\/produktas\/anos-lobis\/\",\"url\":\"https:\/\/skaitytaknyga.lt\/produktas\/anos-lobis\/\",\"name\":\"Anos lobis\",\"isPartOf\":{\"@id\":\"https:\/\/skaitytaknyga.lt\/#website\"},\"primaryImageOfPage\":{\"@id\":\"https:\/\/skaitytaknyga.lt\/produktas\/anos-lobis\/#primaryimage\"},\"image\":{\"@id\":\"https:\/\/skaitytaknyga.lt\/produktas\/anos-lobis\/#primaryimage\"},\"thumbnailUrl\":\"https:\/\/skaitytaknyga.lt\/wp-content\/uploads\/2025\/01\/Anos-lobis.webp\",\"datePublished\":\"2025-01-25T11:38:20+00:00\",\"dateModified\":\"2025-05-21T11:17:20+00:00\",\"description\":\"2014 m. pavasar\u012f Vilniuje dingsta trys merginos. Alg\u0117 Gustait\u0117 ketina tik \u0161iek tiek pad\u0117ti policijos komisarui Vytautui, bet susipa\u017einusi su vienos\",\"breadcrumb\":{\"@id\":\"https:\/\/skaitytaknyga.lt\/produktas\/anos-lobis\/#breadcrumb\"},\"inLanguage\":\"en-GB\",\"potentialAction\":[{\"@type\":\"ReadAction\",\"target\":[\"https:\/\/skaitytaknyga.lt\/produktas\/anos-lobis\/\"]}]},{\"@type\":\"ImageObject\",\"inLanguage\":\"en-GB\",\"@id\":\"https:\/\/skaitytaknyga.lt\/produktas\/anos-lobis\/#primaryimage\",\"url\":\"https:\/\/skaitytaknyga.lt\/wp-content\/uploads\/2025\/01\/Anos-lobis.webp\",\"contentUrl\":\"https:\/\/skaitytaknyga.lt\/wp-content\/uploads\/2025\/01\/Anos-lobis.webp\",\"width\":366,\"height\":600,\"caption\":\"Anos lobis\"},{\"@type\":\"BreadcrumbList\",\"@id\":\"https:\/\/skaitytaknyga.lt\/produktas\/anos-lobis\/#breadcrumb\",\"itemListElement\":[{\"@type\":\"ListItem\",\"position\":1,\"name\":\"Home\",\"item\":\"https:\/\/skaitytaknyga.lt\/\"},{\"@type\":\"ListItem\",\"position\":2,\"name\":\"Parduotuv\u0117\",\"item\":\"https:\/\/skaitytaknyga.lt\/knygu-parduotuve\/\"},{\"@type\":\"ListItem\",\"position\":3,\"name\":\"Anos lobis\"}]},{\"@type\":\"WebSite\",\"@id\":\"https:\/\/skaitytaknyga.lt\/#website\",\"url\":\"https:\/\/skaitytaknyga.lt\/\",\"name\":\"skaitytaknyga.lt\",\"description\":\"Skaitytaknyga.lt \u2013 tai ma\u017eas \u0161eimos verslas, kuris prasid\u0117jo nuo meil\u0117s knygoms ir siekio i\u0161gelb\u0117ti knygas nuo likimo prie konteinerio. Kas vienam nereikalingas daiktas \u2013 kitam lobis, o mes esame tarpininkai, kurie padeda abiems tapti laimingesniems ???? \u017dinome kaip nelengva i\u0161gyventi ma\u017eiems verslams, tad nuo \u0161iol, \u010dia rasite ir kit\u0173, ma\u017e\u0173 \u0161eim\u0173 versl\u0173, rank\u0173 darbo, dovan\u0173 sau ir artimiesiems.\",\"publisher\":{\"@id\":\"https:\/\/skaitytaknyga.lt\/#organization\"},\"potentialAction\":[{\"@type\":\"SearchAction\",\"target\":{\"@type\":\"EntryPoint\",\"urlTemplate\":\"https:\/\/skaitytaknyga.lt\/?s={search_term_string}\"},\"query-input\":{\"@type\":\"PropertyValueSpecification\",\"valueRequired\":true,\"valueName\":\"search_term_string\"}}],\"inLanguage\":\"en-GB\"},{\"@type\":\"Organization\",\"@id\":\"https:\/\/skaitytaknyga.lt\/#organization\",\"name\":\"skaitytaknyga.lt\",\"url\":\"https:\/\/skaitytaknyga.lt\/\",\"logo\":{\"@type\":\"ImageObject\",\"inLanguage\":\"en-GB\",\"@id\":\"https:\/\/skaitytaknyga.lt\/#\/schema\/logo\/image\/\",\"url\":\"https:\/\/skaitytaknyga.lt\/wp-content\/uploads\/2024\/05\/cropped-cropped-cropped-02_00843_jt3bggkj1j3HLc7SyY6rEUpg.jpeg\",\"contentUrl\":\"https:\/\/skaitytaknyga.lt\/wp-content\/uploads\/2024\/05\/cropped-cropped-cropped-02_00843_jt3bggkj1j3HLc7SyY6rEUpg.jpeg\",\"width\":1600,\"height\":1600,\"caption\":\"skaitytaknyga.lt\"},\"image\":{\"@id\":\"https:\/\/skaitytaknyga.lt\/#\/schema\/logo\/image\/\"},\"sameAs\":[\"https:\/\/www.facebook.com\/skaitytaknyga\/\"]}]}<\/script>\n<!-- \/ Yoast SEO plugin. -->","yoast_head_json":{"title":"Anos lobis","description":"2014 m. pavasar\u012f Vilniuje dingsta trys merginos. Alg\u0117 Gustait\u0117 ketina tik \u0161iek tiek pad\u0117ti policijos komisarui Vytautui, bet susipa\u017einusi su vienos","robots":{"index":"index","follow":"follow","max-snippet":"max-snippet:-1","max-image-preview":"max-image-preview:large","max-video-preview":"max-video-preview:-1"},"canonical":"https:\/\/skaitytaknyga.lt\/en\/produktas\/anos-lobis\/","og_locale":"en_GB","og_type":"article","og_title":"[:lt]Anos lobis[:] - Skaitytaknyga","og_description":"2014 m. pavasar\u012f Vilniuje dingsta trys merginos. Alg\u0117 Gustait\u0117 ketina tik \u0161iek tiek pad\u0117ti policijos komisarui Vytautui, bet susipa\u017einusi su vienos","og_url":"https:\/\/skaitytaknyga.lt\/en\/produktas\/anos-lobis\/","og_site_name":"Skaitytaknyga","article_publisher":"https:\/\/www.facebook.com\/skaitytaknyga\/","article_modified_time":"2025-05-21T11:17:20+00:00","og_image":[{"width":366,"height":600,"url":"https:\/\/skaitytaknyga.lt\/wp-content\/uploads\/2025\/01\/Anos-lobis.webp","type":"image\/webp"}],"twitter_card":"summary_large_image","twitter_misc":{"Estimated reading time":"2 minutes"},"schema":{"@context":"https:\/\/schema.org","@graph":[{"@type":"WebPage","@id":"https:\/\/skaitytaknyga.lt\/produktas\/anos-lobis\/","url":"https:\/\/skaitytaknyga.lt\/produktas\/anos-lobis\/","name":"Anos lobis","isPartOf":{"@id":"https:\/\/skaitytaknyga.lt\/#website"},"primaryImageOfPage":{"@id":"https:\/\/skaitytaknyga.lt\/produktas\/anos-lobis\/#primaryimage"},"image":{"@id":"https:\/\/skaitytaknyga.lt\/produktas\/anos-lobis\/#primaryimage"},"thumbnailUrl":"https:\/\/skaitytaknyga.lt\/wp-content\/uploads\/2025\/01\/Anos-lobis.webp","datePublished":"2025-01-25T11:38:20+00:00","dateModified":"2025-05-21T11:17:20+00:00","description":"2014 m. pavasar\u012f Vilniuje dingsta trys merginos. Alg\u0117 Gustait\u0117 ketina tik \u0161iek tiek pad\u0117ti policijos komisarui Vytautui, bet susipa\u017einusi su vienos","breadcrumb":{"@id":"https:\/\/skaitytaknyga.lt\/produktas\/anos-lobis\/#breadcrumb"},"inLanguage":"en-GB","potentialAction":[{"@type":"ReadAction","target":["https:\/\/skaitytaknyga.lt\/produktas\/anos-lobis\/"]}]},{"@type":"ImageObject","inLanguage":"en-GB","@id":"https:\/\/skaitytaknyga.lt\/produktas\/anos-lobis\/#primaryimage","url":"https:\/\/skaitytaknyga.lt\/wp-content\/uploads\/2025\/01\/Anos-lobis.webp","contentUrl":"https:\/\/skaitytaknyga.lt\/wp-content\/uploads\/2025\/01\/Anos-lobis.webp","width":366,"height":600,"caption":"Anos lobis"},{"@type":"BreadcrumbList","@id":"https:\/\/skaitytaknyga.lt\/produktas\/anos-lobis\/#breadcrumb","itemListElement":[{"@type":"ListItem","position":1,"name":"Home","item":"https:\/\/skaitytaknyga.lt\/"},{"@type":"ListItem","position":2,"name":"Parduotuv\u0117","item":"https:\/\/skaitytaknyga.lt\/knygu-parduotuve\/"},{"@type":"ListItem","position":3,"name":"Anos lobis"}]},{"@type":"WebSite","@id":"https:\/\/skaitytaknyga.lt\/#website","url":"https:\/\/skaitytaknyga.lt\/","name":"skaitytaknyga.lt","description":"Skaitytaknyga.lt \u2013 tai ma\u017eas \u0161eimos verslas, kuris prasid\u0117jo nuo meil\u0117s knygoms ir siekio i\u0161gelb\u0117ti knygas nuo likimo prie konteinerio. Kas vienam nereikalingas daiktas \u2013 kitam lobis, o mes esame tarpininkai, kurie padeda abiems tapti laimingesniems ???? \u017dinome kaip nelengva i\u0161gyventi ma\u017eiems verslams, tad nuo \u0161iol, \u010dia rasite ir kit\u0173, ma\u017e\u0173 \u0161eim\u0173 versl\u0173, rank\u0173 darbo, dovan\u0173 sau ir artimiesiems.","publisher":{"@id":"https:\/\/skaitytaknyga.lt\/#organization"},"potentialAction":[{"@type":"SearchAction","target":{"@type":"EntryPoint","urlTemplate":"https:\/\/skaitytaknyga.lt\/?s={search_term_string}"},"query-input":{"@type":"PropertyValueSpecification","valueRequired":true,"valueName":"search_term_string"}}],"inLanguage":"en-GB"},{"@type":"Organization","@id":"https:\/\/skaitytaknyga.lt\/#organization","name":"skaitytaknyga.lt","url":"https:\/\/skaitytaknyga.lt\/","logo":{"@type":"ImageObject","inLanguage":"en-GB","@id":"https:\/\/skaitytaknyga.lt\/#\/schema\/logo\/image\/","url":"https:\/\/skaitytaknyga.lt\/wp-content\/uploads\/2024\/05\/cropped-cropped-cropped-02_00843_jt3bggkj1j3HLc7SyY6rEUpg.jpeg","contentUrl":"https:\/\/skaitytaknyga.lt\/wp-content\/uploads\/2024\/05\/cropped-cropped-cropped-02_00843_jt3bggkj1j3HLc7SyY6rEUpg.jpeg","width":1600,"height":1600,"caption":"skaitytaknyga.lt"},"image":{"@id":"https:\/\/skaitytaknyga.lt\/#\/schema\/logo\/image\/"},"sameAs":["https:\/\/www.facebook.com\/skaitytaknyga\/"]}]}},"_links":{"self":[{"href":"https:\/\/skaitytaknyga.lt\/en\/wp-json\/wp\/v2\/product\/16034","targetHints":{"allow":["GET"]}}],"collection":[{"href":"https:\/\/skaitytaknyga.lt\/en\/wp-json\/wp\/v2\/product"}],"about":[{"href":"https:\/\/skaitytaknyga.lt\/en\/wp-json\/wp\/v2\/types\/product"}],"replies":[{"embeddable":true,"href":"https:\/\/skaitytaknyga.lt\/en\/wp-json\/wp\/v2\/comments?post=16034"}],"wp:featuredmedia":[{"embeddable":true,"href":"https:\/\/skaitytaknyga.lt\/en\/wp-json\/wp\/v2\/media\/16035"}],"wp:attachment":[{"href":"https:\/\/skaitytaknyga.lt\/en\/wp-json\/wp\/v2\/media?parent=16034"}],"wp:term":[{"taxonomy":"product_brand","embeddable":true,"href":"https:\/\/skaitytaknyga.lt\/en\/wp-json\/wp\/v2\/product_brand?post=16034"},{"taxonomy":"product_cat","embeddable":true,"href":"https:\/\/skaitytaknyga.lt\/en\/wp-json\/wp\/v2\/product_cat?post=16034"},{"taxonomy":"product_tag","embeddable":true,"href":"https:\/\/skaitytaknyga.lt\/en\/wp-json\/wp\/v2\/product_tag?post=16034"}],"curies":[{"name":"wp","href":"https:\/\/api.w.org\/{rel}","templated":true}]}}