{"id":16032,"date":"2025-01-24T17:36:51","date_gmt":"2025-01-24T15:36:51","guid":{"rendered":"https:\/\/skaitytaknyga.lt\/?post_type=product&#038;p=16032"},"modified":"2025-06-13T17:49:36","modified_gmt":"2025-06-13T14:49:36","slug":"tolimoji-karalyste","status":"publish","type":"product","link":"https:\/\/skaitytaknyga.lt\/en\/produktas\/tolimoji-karalyste\/","title":{"rendered":"Tolimoji karalyst\u0117"},"content":{"rendered":"<p>Knygos autorius, Marius Marcinkevi\u010dius, gim\u0117 ir augo Vilniuje. D\u0117l savo guvaus charakterio ir begalinio \u017eingeidumo mok\u0117si net 7 Vilniaus mokyklose. Po mokyklos baigimo dirbo \u012fvairius darbus: kroviku dar\u017eovi\u0173 baz\u0117je, psichiatrin\u0117s ligonin\u0117s sanitaru ir net medkir\u010diu. Vien\u0105 gra\u017ei\u0105 rudens dien\u0105 jis nu\u0117jo \u012f Vilniaus Universiteto Medicinos fakultet\u0105, i\u0161laik\u0117 stojamuosius egzaminus ir po 6 met\u0173 tapo diplomuotu gydytoju. Ir viskas b\u016bt\u0173 buv\u0119 gerai, jei ne vienas keistas atsitikimas. Tarnaudamas kariuomen\u0117je, autorius daugyb\u0119 kart\u0173 \u0161oko su para\u0161iutu. Ir vien\u0105 kart\u0105 jis taip stipriai stuktel\u0117jo galv\u0105 \u012f \u017eem\u0119, kad visi \u017eod\u017eiai jo galvoje susimai\u0161\u0117. O kai atsimai\u0161\u0117, sustojo labai keista tvarka: kai juos paband\u0117 u\u017era\u0161yti ant popieriaus, gavosi eil\u0117ra\u0161\u010diai. Paband\u0117 dar kart\u0105 \u2013 ir gavosi pasakos. Visas tas pasakas ir eil\u0117ra\u0161\u010dius jis sud\u0117jo \u012f knygel\u0119 ir padovanojo jums, ma\u017eieji skaitytojai.<\/p>\n<ul class=\"about-product d-none d-xl-block mt-4\">\n<li><strong>Autorius:<\/strong>\u00a0Marius Marcinkevi\u010dius<\/li>\n<li><strong>Metai:<\/strong>\u00a02016<\/li>\n<li><strong>Puslapiai:<\/strong>\u00a075<\/li>\n<li class=\"toggleable type-new-formats \"><strong>ISBN:<\/strong>\u00a09786099580401<\/li>\n<li class=\"toggleable type-new-formats \"><strong>Formatas:<\/strong>\u00a022 x 28 cm, kieti vir\u0161eliai<\/li>\n<li><strong>Kalba:<\/strong>\u00a0Lietuvi\u0173<\/li>\n<\/ul>\n","protected":false},"excerpt":{"rendered":"<p>Knygos autorius, Marius Marcinkevi\u010dius, gim\u0117 ir augo Vilniuje. D\u0117l savo guvaus charakterio ir begalinio \u017eingeidumo mok\u0117si net 7 Vilniaus mokyklose. Po mokyklos baigimo dirbo \u012fvairius darbus: kroviku dar\u017eovi\u0173 baz\u0117je, psichiatrin\u0117s ligonin\u0117s sanitaru ir net medkir\u010diu. Vien\u0105 gra\u017ei\u0105 rudens dien\u0105 jis nu\u0117jo \u012f Vilniaus Universiteto Medicinos fakultet\u0105, i\u0161laik\u0117 stojamuosius egzaminus ir po 6 met\u0173 tapo diplomuotu gydytoju. Ir viskas b\u016bt\u0173 buv\u0119 gerai, jei ne vienas keistas atsitikimas. Tarnaudamas kariuomen\u0117je, autorius daugyb\u0119 kart\u0173 \u0161oko su para\u0161iutu. Ir vien\u0105 kart\u0105 jis taip stipriai stuktel\u0117jo galv\u0105 \u012f \u017eem\u0119, kad visi \u017eod\u017eiai jo galvoje susimai\u0161\u0117. O kai atsimai\u0161\u0117, sustojo labai keista tvarka: kai juos paband\u0117 u\u017era\u0161yti ant popieriaus, gavosi eil\u0117ra\u0161\u010diai. Paband\u0117 dar kart\u0105 \u2013 ir gavosi pasakos. Visas tas pasakas ir eil\u0117ra\u0161\u010dius jis sud\u0117jo \u012f knygel\u0119 ir padovanojo jums, ma\u017eieji skaitytojai. Autorius:\u00a0Marius Marcinkevi\u010dius Metai:\u00a02016 Puslapiai:\u00a075 ISBN:\u00a09786099580401 Formatas:\u00a022 x 28 cm, kieti vir\u0161eliai Kalba:\u00a0Lietuvi\u0173<\/p>\n","protected":false},"featured_media":16033,"comment_status":"closed","ping_status":"closed","template":"","meta":{"_acf_changed":false,"site-sidebar-layout":"default","site-content-layout":"","ast-site-content-layout":"default","site-content-style":"default","site-sidebar-style":"default","ast-global-header-display":"","ast-banner-title-visibility":"","ast-main-header-display":"","ast-hfb-above-header-display":"","ast-hfb-below-header-display":"","ast-hfb-mobile-header-display":"","site-post-title":"","ast-breadcrumbs-content":"","ast-featured-img":"","footer-sml-layout":"","ast-disable-related-posts":"","theme-transparent-header-meta":"default","adv-header-id-meta":"","stick-header-meta":"","header-above-stick-meta":"","header-main-stick-meta":"","header-below-stick-meta":"","astra-migrate-meta-layouts":"set","ast-page-background-enabled":"default","ast-page-background-meta":{"desktop":{"background-color":"","background-image":"","background-repeat":"repeat","background-position":"center center","background-size":"auto","background-attachment":"scroll","background-type":"","background-media":"","overlay-type":"","overlay-color":"","overlay-opacity":"","overlay-gradient":""},"tablet":{"background-color":"","background-image":"","background-repeat":"repeat","background-position":"center center","background-size":"auto","background-attachment":"scroll","background-type":"","background-media":"","overlay-type":"","overlay-color":"","overlay-opacity":"","overlay-gradient":""},"mobile":{"background-color":"","background-image":"","background-repeat":"repeat","background-position":"center center","background-size":"auto","background-attachment":"scroll","background-type":"","background-media":"","overlay-type":"","overlay-color":"","overlay-opacity":"","overlay-gradient":""}},"ast-content-background-meta":{"desktop":{"background-color":"var(--ast-global-color-4)","background-image":"","background-repeat":"repeat","background-position":"center center","background-size":"auto","background-attachment":"scroll","background-type":"","background-media":"","overlay-type":"","overlay-color":"","overlay-opacity":"","overlay-gradient":""},"tablet":{"background-color":"var(--ast-global-color-4)","background-image":"","background-repeat":"repeat","background-position":"center center","background-size":"auto","background-attachment":"scroll","background-type":"","background-media":"","overlay-type":"","overlay-color":"","overlay-opacity":"","overlay-gradient":""},"mobile":{"background-color":"var(--ast-global-color-4)","background-image":"","background-repeat":"repeat","background-position":"center center","background-size":"auto","background-attachment":"scroll","background-type":"","background-media":"","overlay-type":"","overlay-color":"","overlay-opacity":"","overlay-gradient":""}}},"product_brand":[],"product_cat":[35],"product_tag":[],"class_list":{"0":"post-16032","1":"product","2":"type-product","3":"status-publish","4":"has-post-thumbnail","6":"product_cat-vaikams-ir-paaugliams","7":"pa_leidimo-metai-652","8":"desktop-align-left","9":"tablet-align-left","10":"mobile-align-left","12":"first","13":"instock","14":"shipping-taxable","15":"purchasable","16":"product-type-simple"},"acf":[],"yoast_head":"<!-- This site is optimized with the Yoast SEO plugin v27.0 - https:\/\/yoast.com\/product\/yoast-seo-wordpress\/ -->\n<title>Tolimoji karalyst\u0117<\/title>\n<meta name=\"description\" content=\"Knygos autorius, Marius Marcinkevi\u010dius, gim\u0117 ir augo Vilniuje. D\u0117l savo guvaus charakterio ir begalinio \u017eingeidumo mok\u0117si net 7 Vilniaus mokyklose. Po\" \/>\n<meta name=\"robots\" content=\"index, follow, max-snippet:-1, max-image-preview:large, max-video-preview:-1\" \/>\n<link rel=\"canonical\" href=\"https:\/\/skaitytaknyga.lt\/en\/produktas\/tolimoji-karalyste\/\" \/>\n<meta property=\"og:locale\" content=\"en_GB\" \/>\n<meta property=\"og:locale:alternate\" content=\"lt_LT\" \/>\n<meta property=\"og:type\" content=\"article\" \/>\n<meta property=\"og:title\" content=\"Tolimoji karalyst\u0117\" \/>\n<meta property=\"og:description\" content=\"Knygos autorius, Marius Marcinkevi\u010dius, gim\u0117 ir augo Vilniuje. D\u0117l savo guvaus charakterio ir begalinio \u017eingeidumo mok\u0117si net 7 Vilniaus mokyklose. Po\" \/>\n<meta property=\"og:url\" content=\"https:\/\/skaitytaknyga.lt\/en\/produktas\/tolimoji-karalyste\/\" \/>\n<meta property=\"og:site_name\" content=\"Skaitytaknyga\" \/>\n<meta property=\"article:publisher\" content=\"https:\/\/www.facebook.com\/skaitytaknyga\/\" \/>\n<meta property=\"article:modified_time\" content=\"2025-06-13T14:49:36+00:00\" \/>\n<meta property=\"og:image\" content=\"https:\/\/skaitytaknyga.lt\/wp-content\/uploads\/2025\/01\/Tolimoji-karalyste.webp\" \/>\n\t<meta property=\"og:image:width\" content=\"405\" \/>\n\t<meta property=\"og:image:height\" content=\"494\" \/>\n\t<meta property=\"og:image:type\" content=\"image\/webp\" \/>\n<meta name=\"twitter:card\" content=\"summary_large_image\" \/>\n<meta name=\"twitter:label1\" content=\"Estimated reading time\" \/>\n\t<meta name=\"twitter:data1\" content=\"1 minute\" \/>\n<script type=\"application\/ld+json\" class=\"yoast-schema-graph\">{\"@context\":\"https:\/\/schema.org\",\"@graph\":[{\"@type\":\"WebPage\",\"@id\":\"https:\/\/skaitytaknyga.lt\/produktas\/tolimoji-karalyste\/\",\"url\":\"https:\/\/skaitytaknyga.lt\/produktas\/tolimoji-karalyste\/\",\"name\":\"Tolimoji karalyst\u0117\",\"isPartOf\":{\"@id\":\"https:\/\/skaitytaknyga.lt\/#website\"},\"primaryImageOfPage\":{\"@id\":\"https:\/\/skaitytaknyga.lt\/produktas\/tolimoji-karalyste\/#primaryimage\"},\"image\":{\"@id\":\"https:\/\/skaitytaknyga.lt\/produktas\/tolimoji-karalyste\/#primaryimage\"},\"thumbnailUrl\":\"https:\/\/skaitytaknyga.lt\/wp-content\/uploads\/2025\/01\/Tolimoji-karalyste.webp\",\"datePublished\":\"2025-01-24T15:36:51+00:00\",\"dateModified\":\"2025-06-13T14:49:36+00:00\",\"description\":\"Knygos autorius, Marius Marcinkevi\u010dius, gim\u0117 ir augo Vilniuje. D\u0117l savo guvaus charakterio ir begalinio \u017eingeidumo mok\u0117si net 7 Vilniaus mokyklose. Po\",\"breadcrumb\":{\"@id\":\"https:\/\/skaitytaknyga.lt\/produktas\/tolimoji-karalyste\/#breadcrumb\"},\"inLanguage\":\"en-GB\",\"potentialAction\":[{\"@type\":\"ReadAction\",\"target\":[\"https:\/\/skaitytaknyga.lt\/produktas\/tolimoji-karalyste\/\"]}]},{\"@type\":\"ImageObject\",\"inLanguage\":\"en-GB\",\"@id\":\"https:\/\/skaitytaknyga.lt\/produktas\/tolimoji-karalyste\/#primaryimage\",\"url\":\"https:\/\/skaitytaknyga.lt\/wp-content\/uploads\/2025\/01\/Tolimoji-karalyste.webp\",\"contentUrl\":\"https:\/\/skaitytaknyga.lt\/wp-content\/uploads\/2025\/01\/Tolimoji-karalyste.webp\",\"width\":405,\"height\":494,\"caption\":\"Tolimoji karalyst\u0117\"},{\"@type\":\"BreadcrumbList\",\"@id\":\"https:\/\/skaitytaknyga.lt\/produktas\/tolimoji-karalyste\/#breadcrumb\",\"itemListElement\":[{\"@type\":\"ListItem\",\"position\":1,\"name\":\"Home\",\"item\":\"https:\/\/skaitytaknyga.lt\/\"},{\"@type\":\"ListItem\",\"position\":2,\"name\":\"Parduotuv\u0117\",\"item\":\"https:\/\/skaitytaknyga.lt\/knygu-parduotuve\/\"},{\"@type\":\"ListItem\",\"position\":3,\"name\":\"Tolimoji karalyst\u0117\"}]},{\"@type\":\"WebSite\",\"@id\":\"https:\/\/skaitytaknyga.lt\/#website\",\"url\":\"https:\/\/skaitytaknyga.lt\/\",\"name\":\"skaitytaknyga.lt\",\"description\":\"Skaitytaknyga.lt \u2013 tai ma\u017eas \u0161eimos verslas, kuris prasid\u0117jo nuo meil\u0117s knygoms ir siekio i\u0161gelb\u0117ti knygas nuo likimo prie konteinerio. Kas vienam nereikalingas daiktas \u2013 kitam lobis, o mes esame tarpininkai, kurie padeda abiems tapti laimingesniems ???? \u017dinome kaip nelengva i\u0161gyventi ma\u017eiems verslams, tad nuo \u0161iol, \u010dia rasite ir kit\u0173, ma\u017e\u0173 \u0161eim\u0173 versl\u0173, rank\u0173 darbo, dovan\u0173 sau ir artimiesiems.\",\"publisher\":{\"@id\":\"https:\/\/skaitytaknyga.lt\/#organization\"},\"potentialAction\":[{\"@type\":\"SearchAction\",\"target\":{\"@type\":\"EntryPoint\",\"urlTemplate\":\"https:\/\/skaitytaknyga.lt\/?s={search_term_string}\"},\"query-input\":{\"@type\":\"PropertyValueSpecification\",\"valueRequired\":true,\"valueName\":\"search_term_string\"}}],\"inLanguage\":\"en-GB\"},{\"@type\":\"Organization\",\"@id\":\"https:\/\/skaitytaknyga.lt\/#organization\",\"name\":\"skaitytaknyga.lt\",\"url\":\"https:\/\/skaitytaknyga.lt\/\",\"logo\":{\"@type\":\"ImageObject\",\"inLanguage\":\"en-GB\",\"@id\":\"https:\/\/skaitytaknyga.lt\/#\/schema\/logo\/image\/\",\"url\":\"https:\/\/skaitytaknyga.lt\/wp-content\/uploads\/2024\/05\/cropped-cropped-cropped-02_00843_jt3bggkj1j3HLc7SyY6rEUpg.jpeg\",\"contentUrl\":\"https:\/\/skaitytaknyga.lt\/wp-content\/uploads\/2024\/05\/cropped-cropped-cropped-02_00843_jt3bggkj1j3HLc7SyY6rEUpg.jpeg\",\"width\":1600,\"height\":1600,\"caption\":\"skaitytaknyga.lt\"},\"image\":{\"@id\":\"https:\/\/skaitytaknyga.lt\/#\/schema\/logo\/image\/\"},\"sameAs\":[\"https:\/\/www.facebook.com\/skaitytaknyga\/\"]}]}<\/script>\n<!-- \/ Yoast SEO plugin. -->","yoast_head_json":{"title":"Tolimoji karalyst\u0117","description":"Knygos autorius, Marius Marcinkevi\u010dius, gim\u0117 ir augo Vilniuje. D\u0117l savo guvaus charakterio ir begalinio \u017eingeidumo mok\u0117si net 7 Vilniaus mokyklose. Po","robots":{"index":"index","follow":"follow","max-snippet":"max-snippet:-1","max-image-preview":"max-image-preview:large","max-video-preview":"max-video-preview:-1"},"canonical":"https:\/\/skaitytaknyga.lt\/en\/produktas\/tolimoji-karalyste\/","og_locale":"en_GB","og_type":"article","og_title":"[:lt]Tolimoji karalyst\u0117[:] - Skaitytaknyga","og_description":"Knygos autorius, Marius Marcinkevi\u010dius, gim\u0117 ir augo Vilniuje. D\u0117l savo guvaus charakterio ir begalinio \u017eingeidumo mok\u0117si net 7 Vilniaus mokyklose. Po","og_url":"https:\/\/skaitytaknyga.lt\/en\/produktas\/tolimoji-karalyste\/","og_site_name":"Skaitytaknyga","article_publisher":"https:\/\/www.facebook.com\/skaitytaknyga\/","article_modified_time":"2025-06-13T14:49:36+00:00","og_image":[{"width":405,"height":494,"url":"https:\/\/skaitytaknyga.lt\/wp-content\/uploads\/2025\/01\/Tolimoji-karalyste.webp","type":"image\/webp"}],"twitter_card":"summary_large_image","twitter_misc":{"Estimated reading time":"1 minute"},"schema":{"@context":"https:\/\/schema.org","@graph":[{"@type":"WebPage","@id":"https:\/\/skaitytaknyga.lt\/produktas\/tolimoji-karalyste\/","url":"https:\/\/skaitytaknyga.lt\/produktas\/tolimoji-karalyste\/","name":"Tolimoji karalyst\u0117","isPartOf":{"@id":"https:\/\/skaitytaknyga.lt\/#website"},"primaryImageOfPage":{"@id":"https:\/\/skaitytaknyga.lt\/produktas\/tolimoji-karalyste\/#primaryimage"},"image":{"@id":"https:\/\/skaitytaknyga.lt\/produktas\/tolimoji-karalyste\/#primaryimage"},"thumbnailUrl":"https:\/\/skaitytaknyga.lt\/wp-content\/uploads\/2025\/01\/Tolimoji-karalyste.webp","datePublished":"2025-01-24T15:36:51+00:00","dateModified":"2025-06-13T14:49:36+00:00","description":"Knygos autorius, Marius Marcinkevi\u010dius, gim\u0117 ir augo Vilniuje. D\u0117l savo guvaus charakterio ir begalinio \u017eingeidumo mok\u0117si net 7 Vilniaus mokyklose. Po","breadcrumb":{"@id":"https:\/\/skaitytaknyga.lt\/produktas\/tolimoji-karalyste\/#breadcrumb"},"inLanguage":"en-GB","potentialAction":[{"@type":"ReadAction","target":["https:\/\/skaitytaknyga.lt\/produktas\/tolimoji-karalyste\/"]}]},{"@type":"ImageObject","inLanguage":"en-GB","@id":"https:\/\/skaitytaknyga.lt\/produktas\/tolimoji-karalyste\/#primaryimage","url":"https:\/\/skaitytaknyga.lt\/wp-content\/uploads\/2025\/01\/Tolimoji-karalyste.webp","contentUrl":"https:\/\/skaitytaknyga.lt\/wp-content\/uploads\/2025\/01\/Tolimoji-karalyste.webp","width":405,"height":494,"caption":"Tolimoji karalyst\u0117"},{"@type":"BreadcrumbList","@id":"https:\/\/skaitytaknyga.lt\/produktas\/tolimoji-karalyste\/#breadcrumb","itemListElement":[{"@type":"ListItem","position":1,"name":"Home","item":"https:\/\/skaitytaknyga.lt\/"},{"@type":"ListItem","position":2,"name":"Parduotuv\u0117","item":"https:\/\/skaitytaknyga.lt\/knygu-parduotuve\/"},{"@type":"ListItem","position":3,"name":"Tolimoji karalyst\u0117"}]},{"@type":"WebSite","@id":"https:\/\/skaitytaknyga.lt\/#website","url":"https:\/\/skaitytaknyga.lt\/","name":"skaitytaknyga.lt","description":"Skaitytaknyga.lt \u2013 tai ma\u017eas \u0161eimos verslas, kuris prasid\u0117jo nuo meil\u0117s knygoms ir siekio i\u0161gelb\u0117ti knygas nuo likimo prie konteinerio. Kas vienam nereikalingas daiktas \u2013 kitam lobis, o mes esame tarpininkai, kurie padeda abiems tapti laimingesniems ???? \u017dinome kaip nelengva i\u0161gyventi ma\u017eiems verslams, tad nuo \u0161iol, \u010dia rasite ir kit\u0173, ma\u017e\u0173 \u0161eim\u0173 versl\u0173, rank\u0173 darbo, dovan\u0173 sau ir artimiesiems.","publisher":{"@id":"https:\/\/skaitytaknyga.lt\/#organization"},"potentialAction":[{"@type":"SearchAction","target":{"@type":"EntryPoint","urlTemplate":"https:\/\/skaitytaknyga.lt\/?s={search_term_string}"},"query-input":{"@type":"PropertyValueSpecification","valueRequired":true,"valueName":"search_term_string"}}],"inLanguage":"en-GB"},{"@type":"Organization","@id":"https:\/\/skaitytaknyga.lt\/#organization","name":"skaitytaknyga.lt","url":"https:\/\/skaitytaknyga.lt\/","logo":{"@type":"ImageObject","inLanguage":"en-GB","@id":"https:\/\/skaitytaknyga.lt\/#\/schema\/logo\/image\/","url":"https:\/\/skaitytaknyga.lt\/wp-content\/uploads\/2024\/05\/cropped-cropped-cropped-02_00843_jt3bggkj1j3HLc7SyY6rEUpg.jpeg","contentUrl":"https:\/\/skaitytaknyga.lt\/wp-content\/uploads\/2024\/05\/cropped-cropped-cropped-02_00843_jt3bggkj1j3HLc7SyY6rEUpg.jpeg","width":1600,"height":1600,"caption":"skaitytaknyga.lt"},"image":{"@id":"https:\/\/skaitytaknyga.lt\/#\/schema\/logo\/image\/"},"sameAs":["https:\/\/www.facebook.com\/skaitytaknyga\/"]}]}},"_links":{"self":[{"href":"https:\/\/skaitytaknyga.lt\/en\/wp-json\/wp\/v2\/product\/16032","targetHints":{"allow":["GET"]}}],"collection":[{"href":"https:\/\/skaitytaknyga.lt\/en\/wp-json\/wp\/v2\/product"}],"about":[{"href":"https:\/\/skaitytaknyga.lt\/en\/wp-json\/wp\/v2\/types\/product"}],"replies":[{"embeddable":true,"href":"https:\/\/skaitytaknyga.lt\/en\/wp-json\/wp\/v2\/comments?post=16032"}],"wp:featuredmedia":[{"embeddable":true,"href":"https:\/\/skaitytaknyga.lt\/en\/wp-json\/wp\/v2\/media\/16033"}],"wp:attachment":[{"href":"https:\/\/skaitytaknyga.lt\/en\/wp-json\/wp\/v2\/media?parent=16032"}],"wp:term":[{"taxonomy":"product_brand","embeddable":true,"href":"https:\/\/skaitytaknyga.lt\/en\/wp-json\/wp\/v2\/product_brand?post=16032"},{"taxonomy":"product_cat","embeddable":true,"href":"https:\/\/skaitytaknyga.lt\/en\/wp-json\/wp\/v2\/product_cat?post=16032"},{"taxonomy":"product_tag","embeddable":true,"href":"https:\/\/skaitytaknyga.lt\/en\/wp-json\/wp\/v2\/product_tag?post=16032"}],"curies":[{"name":"wp","href":"https:\/\/api.w.org\/{rel}","templated":true}]}}