{"id":16030,"date":"2025-01-24T17:33:57","date_gmt":"2025-01-24T15:33:57","guid":{"rendered":"https:\/\/skaitytaknyga.lt\/?post_type=product&#038;p=16030"},"modified":"2025-01-24T17:34:39","modified_gmt":"2025-01-24T15:34:39","slug":"meskiai-eina-i-mokykla","status":"publish","type":"product","link":"https:\/\/skaitytaknyga.lt\/en\/produktas\/meskiai-eina-i-mokykla\/","title":{"rendered":"Me\u0161kiai eina \u012f mokykl\u0105"},"content":{"rendered":"<p>4\u20137 met\u0173 vaikams.<\/p>\n<p>Septyni ma\u017eieji me\u0161kiai baig\u0117 dar\u017eel\u012f ir ruo\u0161iasi naujam labai svarbiam gyvenimo etapui: netrukus jie eis \u012f mokykl\u0105. B\u016bsim\u0173 pirmok\u0173 galvose sukasi \u012fvairiausios mintys, kyla daugyb\u0117 klausim\u0173, d\u017eiaugsm\u0105 kei\u010dia baim\u0117 ir nerimas, smalsum\u0105 \u2013 abejon\u0117s. Kaip palengvinti prad\u017ei\u0105? Kaip nusiraminti? Me\u0161kiai klausosi vyresni\u0173j\u0173 pasakojim\u0173, renka patarimus ir nekantriai laukia kelion\u0117s \u012f mokykl\u0105.<\/p>\n<p><strong>\u201eMe\u0161kiai eina \u012f mokykl\u0105&#8221;:<\/strong><\/p>\n<ul>\n<li>padeda pasiruo\u0161ti mokyklai;<\/li>\n<li>skatina draugyst\u0119 ir bendruomeni\u0161kum\u0105;<\/li>\n<li>padeda suprasti kylan\u010dius jausmus ir juos i\u0161gyventi;<\/li>\n<li>\u0161iltos ir \u0161velnios iliustracijos ugdo estetikos poj\u016bt\u012f.<\/li>\n<\/ul>\n<p><strong>Evelina Daci\u016bt\u0117<\/strong>\u00a0\u2013 \u017einoma vaik\u0173 autor\u0117, jau i\u0161leidusi per de\u0161imt knyg\u0173 vaikams ir suaugusiesiems. \u017dinomiausia \u2013 paveiksl\u0117li\u0173 knyga \u201eLaim\u0117 yra lap\u0117&#8221;, skaitytojai pam\u0117go eil\u0117ra\u0161\u010di\u0173 rinkin\u012f \u201ePaslap\u010diausia paslaptis&#8221;, knygas i\u0161 pradedantiems skaityti skirtos serijos \u201eSkaitau pats&#8221;.<\/p>\n<p>Knygos iliustrator\u0117\u00a0<strong>Rasa Kaper<\/strong>\u00a0ne tik pie\u0161ia, bet ir kuria me\u0161kius, tad knygos herojai pirmiausia atsirado kaip rank\u0173 darbo me\u0161kiukai, tik tada ra\u0161ytoja Evelina suk\u016br\u0117 apie juos storij\u0105.<\/p>\n<p>Autorius: Evelina Daci\u016bt\u0117<br \/>\nLeid\u0117jas: Alma littera<br \/>\nMetai: 2022<br \/>\nPuslapiai: 40<br \/>\nISBN: 9786090150504<br \/>\nVersijos kodas: 10<br \/>\nFormatas: 22,5 x 22,5 x 0,8 cm, kieti vir\u0161eliai<br \/>\nKalba: Lietuvi\u0173<br \/>\nKnyg\u0173 serija: Geriausios me\u0161ki\u0173 istorijos<\/p>\n","protected":false},"excerpt":{"rendered":"<p>4\u20137 met\u0173 vaikams. Septyni ma\u017eieji me\u0161kiai baig\u0117 dar\u017eel\u012f ir ruo\u0161iasi naujam labai svarbiam gyvenimo etapui: netrukus jie eis \u012f mokykl\u0105. B\u016bsim\u0173 pirmok\u0173 galvose sukasi \u012fvairiausios mintys, kyla daugyb\u0117 klausim\u0173, d\u017eiaugsm\u0105 kei\u010dia baim\u0117 ir nerimas, smalsum\u0105 \u2013 abejon\u0117s. Kaip palengvinti prad\u017ei\u0105? Kaip nusiraminti? Me\u0161kiai klausosi vyresni\u0173j\u0173 pasakojim\u0173, renka patarimus ir nekantriai laukia kelion\u0117s \u012f mokykl\u0105. \u201eMe\u0161kiai eina \u012f mokykl\u0105&#8221;: padeda pasiruo\u0161ti mokyklai; skatina draugyst\u0119 ir bendruomeni\u0161kum\u0105; padeda suprasti kylan\u010dius jausmus ir juos i\u0161gyventi; \u0161iltos ir \u0161velnios iliustracijos ugdo estetikos poj\u016bt\u012f. Evelina Daci\u016bt\u0117\u00a0\u2013 \u017einoma vaik\u0173 autor\u0117, jau i\u0161leidusi per de\u0161imt knyg\u0173 vaikams ir suaugusiesiems. \u017dinomiausia \u2013 paveiksl\u0117li\u0173 knyga \u201eLaim\u0117 yra lap\u0117&#8221;, skaitytojai pam\u0117go eil\u0117ra\u0161\u010di\u0173 rinkin\u012f \u201ePaslap\u010diausia paslaptis&#8221;, knygas i\u0161 pradedantiems skaityti skirtos serijos \u201eSkaitau pats&#8221;. Knygos iliustrator\u0117\u00a0Rasa Kaper\u00a0ne tik pie\u0161ia, bet ir kuria me\u0161kius, tad knygos herojai pirmiausia atsirado kaip rank\u0173 darbo me\u0161kiukai, tik tada ra\u0161ytoja Evelina suk\u016br\u0117 apie juos storij\u0105. Autorius: Evelina Daci\u016bt\u0117 Leid\u0117jas: Alma littera Metai: 2022 Puslapiai: 40 ISBN: 9786090150504 Versijos kodas: 10 Formatas: 22,5 x 22,5 x 0,8 cm, kieti vir\u0161eliai Kalba: Lietuvi\u0173 Knyg\u0173 serija: Geriausios me\u0161ki\u0173 istorijos<\/p>\n","protected":false},"featured_media":16031,"comment_status":"closed","ping_status":"closed","template":"","meta":{"_acf_changed":false,"site-sidebar-layout":"default","site-content-layout":"","ast-site-content-layout":"default","site-content-style":"default","site-sidebar-style":"default","ast-global-header-display":"","ast-banner-title-visibility":"","ast-main-header-display":"","ast-hfb-above-header-display":"","ast-hfb-below-header-display":"","ast-hfb-mobile-header-display":"","site-post-title":"","ast-breadcrumbs-content":"","ast-featured-img":"","footer-sml-layout":"","ast-disable-related-posts":"","theme-transparent-header-meta":"default","adv-header-id-meta":"","stick-header-meta":"","header-above-stick-meta":"","header-main-stick-meta":"","header-below-stick-meta":"","astra-migrate-meta-layouts":"set","ast-page-background-enabled":"default","ast-page-background-meta":{"desktop":{"background-color":"","background-image":"","background-repeat":"repeat","background-position":"center center","background-size":"auto","background-attachment":"scroll","background-type":"","background-media":"","overlay-type":"","overlay-color":"","overlay-opacity":"","overlay-gradient":""},"tablet":{"background-color":"","background-image":"","background-repeat":"repeat","background-position":"center center","background-size":"auto","background-attachment":"scroll","background-type":"","background-media":"","overlay-type":"","overlay-color":"","overlay-opacity":"","overlay-gradient":""},"mobile":{"background-color":"","background-image":"","background-repeat":"repeat","background-position":"center center","background-size":"auto","background-attachment":"scroll","background-type":"","background-media":"","overlay-type":"","overlay-color":"","overlay-opacity":"","overlay-gradient":""}},"ast-content-background-meta":{"desktop":{"background-color":"var(--ast-global-color-4)","background-image":"","background-repeat":"repeat","background-position":"center center","background-size":"auto","background-attachment":"scroll","background-type":"","background-media":"","overlay-type":"","overlay-color":"","overlay-opacity":"","overlay-gradient":""},"tablet":{"background-color":"var(--ast-global-color-4)","background-image":"","background-repeat":"repeat","background-position":"center center","background-size":"auto","background-attachment":"scroll","background-type":"","background-media":"","overlay-type":"","overlay-color":"","overlay-opacity":"","overlay-gradient":""},"mobile":{"background-color":"var(--ast-global-color-4)","background-image":"","background-repeat":"repeat","background-position":"center center","background-size":"auto","background-attachment":"scroll","background-type":"","background-media":"","overlay-type":"","overlay-color":"","overlay-opacity":"","overlay-gradient":""}}},"product_brand":[],"product_cat":[35],"product_tag":[],"class_list":{"0":"post-16030","1":"product","2":"type-product","3":"status-publish","4":"has-post-thumbnail","6":"product_cat-vaikams-ir-paaugliams","7":"pa_leidimo-metai-652","8":"desktop-align-left","9":"tablet-align-left","10":"mobile-align-left","12":"first","13":"instock","14":"shipping-taxable","15":"purchasable","16":"product-type-simple"},"acf":[],"yoast_head":"<!-- This site is optimized with the Yoast SEO plugin v27.0 - https:\/\/yoast.com\/product\/yoast-seo-wordpress\/ -->\n<title>Me\u0161kiai eina \u012f mokykl\u0105<\/title>\n<meta name=\"description\" content=\"4\u20137 met\u0173 vaikams. Septyni ma\u017eieji me\u0161kiai baig\u0117 dar\u017eel\u012f ir ruo\u0161iasi naujam labai svarbiam gyvenimo etapui: netrukus jie eis \u012f mokykl\u0105. B\u016bsim\u0173 pirmok\u0173\" \/>\n<meta name=\"robots\" content=\"index, follow, max-snippet:-1, max-image-preview:large, max-video-preview:-1\" \/>\n<link rel=\"canonical\" href=\"https:\/\/skaitytaknyga.lt\/en\/produktas\/meskiai-eina-i-mokykla\/\" \/>\n<meta property=\"og:locale\" content=\"en_GB\" \/>\n<meta property=\"og:locale:alternate\" content=\"lt_LT\" \/>\n<meta property=\"og:type\" content=\"article\" \/>\n<meta property=\"og:title\" content=\"Me\u0161kiai eina \u012f mokykl\u0105\" \/>\n<meta property=\"og:description\" content=\"4\u20137 met\u0173 vaikams. Septyni ma\u017eieji me\u0161kiai baig\u0117 dar\u017eel\u012f ir ruo\u0161iasi naujam labai svarbiam gyvenimo etapui: netrukus jie eis \u012f mokykl\u0105. B\u016bsim\u0173 pirmok\u0173\" \/>\n<meta property=\"og:url\" content=\"https:\/\/skaitytaknyga.lt\/en\/produktas\/meskiai-eina-i-mokykla\/\" \/>\n<meta property=\"og:site_name\" content=\"Skaitytaknyga\" \/>\n<meta property=\"article:publisher\" content=\"https:\/\/www.facebook.com\/skaitytaknyga\/\" \/>\n<meta property=\"article:modified_time\" content=\"2025-01-24T15:34:39+00:00\" \/>\n<meta property=\"og:image\" content=\"https:\/\/skaitytaknyga.lt\/wp-content\/uploads\/2025\/01\/Meskiai-eina-i-mokykla.webp\" \/>\n\t<meta property=\"og:image:width\" content=\"595\" \/>\n\t<meta property=\"og:image:height\" content=\"600\" \/>\n\t<meta property=\"og:image:type\" content=\"image\/webp\" \/>\n<meta name=\"twitter:card\" content=\"summary_large_image\" \/>\n<meta name=\"twitter:label1\" content=\"Estimated reading time\" \/>\n\t<meta name=\"twitter:data1\" content=\"1 minute\" \/>\n<script type=\"application\/ld+json\" class=\"yoast-schema-graph\">{\"@context\":\"https:\/\/schema.org\",\"@graph\":[{\"@type\":\"WebPage\",\"@id\":\"https:\/\/skaitytaknyga.lt\/produktas\/meskiai-eina-i-mokykla\/\",\"url\":\"https:\/\/skaitytaknyga.lt\/produktas\/meskiai-eina-i-mokykla\/\",\"name\":\"Me\u0161kiai eina \u012f mokykl\u0105\",\"isPartOf\":{\"@id\":\"https:\/\/skaitytaknyga.lt\/#website\"},\"primaryImageOfPage\":{\"@id\":\"https:\/\/skaitytaknyga.lt\/produktas\/meskiai-eina-i-mokykla\/#primaryimage\"},\"image\":{\"@id\":\"https:\/\/skaitytaknyga.lt\/produktas\/meskiai-eina-i-mokykla\/#primaryimage\"},\"thumbnailUrl\":\"https:\/\/skaitytaknyga.lt\/wp-content\/uploads\/2025\/01\/Meskiai-eina-i-mokykla.webp\",\"datePublished\":\"2025-01-24T15:33:57+00:00\",\"dateModified\":\"2025-01-24T15:34:39+00:00\",\"description\":\"4\u20137 met\u0173 vaikams. Septyni ma\u017eieji me\u0161kiai baig\u0117 dar\u017eel\u012f ir ruo\u0161iasi naujam labai svarbiam gyvenimo etapui: netrukus jie eis \u012f mokykl\u0105. B\u016bsim\u0173 pirmok\u0173\",\"breadcrumb\":{\"@id\":\"https:\/\/skaitytaknyga.lt\/produktas\/meskiai-eina-i-mokykla\/#breadcrumb\"},\"inLanguage\":\"en-GB\",\"potentialAction\":[{\"@type\":\"ReadAction\",\"target\":[\"https:\/\/skaitytaknyga.lt\/produktas\/meskiai-eina-i-mokykla\/\"]}]},{\"@type\":\"ImageObject\",\"inLanguage\":\"en-GB\",\"@id\":\"https:\/\/skaitytaknyga.lt\/produktas\/meskiai-eina-i-mokykla\/#primaryimage\",\"url\":\"https:\/\/skaitytaknyga.lt\/wp-content\/uploads\/2025\/01\/Meskiai-eina-i-mokykla.webp\",\"contentUrl\":\"https:\/\/skaitytaknyga.lt\/wp-content\/uploads\/2025\/01\/Meskiai-eina-i-mokykla.webp\",\"width\":595,\"height\":600,\"caption\":\"Me\u0161kiai eina \u012f mokykl\u0105\"},{\"@type\":\"BreadcrumbList\",\"@id\":\"https:\/\/skaitytaknyga.lt\/produktas\/meskiai-eina-i-mokykla\/#breadcrumb\",\"itemListElement\":[{\"@type\":\"ListItem\",\"position\":1,\"name\":\"Home\",\"item\":\"https:\/\/skaitytaknyga.lt\/\"},{\"@type\":\"ListItem\",\"position\":2,\"name\":\"Parduotuv\u0117\",\"item\":\"https:\/\/skaitytaknyga.lt\/knygu-parduotuve\/\"},{\"@type\":\"ListItem\",\"position\":3,\"name\":\"Me\u0161kiai eina \u012f mokykl\u0105\"}]},{\"@type\":\"WebSite\",\"@id\":\"https:\/\/skaitytaknyga.lt\/#website\",\"url\":\"https:\/\/skaitytaknyga.lt\/\",\"name\":\"skaitytaknyga.lt\",\"description\":\"Skaitytaknyga.lt \u2013 tai ma\u017eas \u0161eimos verslas, kuris prasid\u0117jo nuo meil\u0117s knygoms ir siekio i\u0161gelb\u0117ti knygas nuo likimo prie konteinerio. Kas vienam nereikalingas daiktas \u2013 kitam lobis, o mes esame tarpininkai, kurie padeda abiems tapti laimingesniems ???? \u017dinome kaip nelengva i\u0161gyventi ma\u017eiems verslams, tad nuo \u0161iol, \u010dia rasite ir kit\u0173, ma\u017e\u0173 \u0161eim\u0173 versl\u0173, rank\u0173 darbo, dovan\u0173 sau ir artimiesiems.\",\"publisher\":{\"@id\":\"https:\/\/skaitytaknyga.lt\/#organization\"},\"potentialAction\":[{\"@type\":\"SearchAction\",\"target\":{\"@type\":\"EntryPoint\",\"urlTemplate\":\"https:\/\/skaitytaknyga.lt\/?s={search_term_string}\"},\"query-input\":{\"@type\":\"PropertyValueSpecification\",\"valueRequired\":true,\"valueName\":\"search_term_string\"}}],\"inLanguage\":\"en-GB\"},{\"@type\":\"Organization\",\"@id\":\"https:\/\/skaitytaknyga.lt\/#organization\",\"name\":\"skaitytaknyga.lt\",\"url\":\"https:\/\/skaitytaknyga.lt\/\",\"logo\":{\"@type\":\"ImageObject\",\"inLanguage\":\"en-GB\",\"@id\":\"https:\/\/skaitytaknyga.lt\/#\/schema\/logo\/image\/\",\"url\":\"https:\/\/skaitytaknyga.lt\/wp-content\/uploads\/2024\/05\/cropped-cropped-cropped-02_00843_jt3bggkj1j3HLc7SyY6rEUpg.jpeg\",\"contentUrl\":\"https:\/\/skaitytaknyga.lt\/wp-content\/uploads\/2024\/05\/cropped-cropped-cropped-02_00843_jt3bggkj1j3HLc7SyY6rEUpg.jpeg\",\"width\":1600,\"height\":1600,\"caption\":\"skaitytaknyga.lt\"},\"image\":{\"@id\":\"https:\/\/skaitytaknyga.lt\/#\/schema\/logo\/image\/\"},\"sameAs\":[\"https:\/\/www.facebook.com\/skaitytaknyga\/\"]}]}<\/script>\n<!-- \/ Yoast SEO plugin. -->","yoast_head_json":{"title":"Me\u0161kiai eina \u012f mokykl\u0105","description":"4\u20137 met\u0173 vaikams. Septyni ma\u017eieji me\u0161kiai baig\u0117 dar\u017eel\u012f ir ruo\u0161iasi naujam labai svarbiam gyvenimo etapui: netrukus jie eis \u012f mokykl\u0105. B\u016bsim\u0173 pirmok\u0173","robots":{"index":"index","follow":"follow","max-snippet":"max-snippet:-1","max-image-preview":"max-image-preview:large","max-video-preview":"max-video-preview:-1"},"canonical":"https:\/\/skaitytaknyga.lt\/en\/produktas\/meskiai-eina-i-mokykla\/","og_locale":"en_GB","og_type":"article","og_title":"[:lt]Me\u0161kiai eina \u012f mokykl\u0105[:] - Skaitytaknyga","og_description":"4\u20137 met\u0173 vaikams. Septyni ma\u017eieji me\u0161kiai baig\u0117 dar\u017eel\u012f ir ruo\u0161iasi naujam labai svarbiam gyvenimo etapui: netrukus jie eis \u012f mokykl\u0105. B\u016bsim\u0173 pirmok\u0173","og_url":"https:\/\/skaitytaknyga.lt\/en\/produktas\/meskiai-eina-i-mokykla\/","og_site_name":"Skaitytaknyga","article_publisher":"https:\/\/www.facebook.com\/skaitytaknyga\/","article_modified_time":"2025-01-24T15:34:39+00:00","og_image":[{"width":595,"height":600,"url":"https:\/\/skaitytaknyga.lt\/wp-content\/uploads\/2025\/01\/Meskiai-eina-i-mokykla.webp","type":"image\/webp"}],"twitter_card":"summary_large_image","twitter_misc":{"Estimated reading time":"1 minute"},"schema":{"@context":"https:\/\/schema.org","@graph":[{"@type":"WebPage","@id":"https:\/\/skaitytaknyga.lt\/produktas\/meskiai-eina-i-mokykla\/","url":"https:\/\/skaitytaknyga.lt\/produktas\/meskiai-eina-i-mokykla\/","name":"Me\u0161kiai eina \u012f mokykl\u0105","isPartOf":{"@id":"https:\/\/skaitytaknyga.lt\/#website"},"primaryImageOfPage":{"@id":"https:\/\/skaitytaknyga.lt\/produktas\/meskiai-eina-i-mokykla\/#primaryimage"},"image":{"@id":"https:\/\/skaitytaknyga.lt\/produktas\/meskiai-eina-i-mokykla\/#primaryimage"},"thumbnailUrl":"https:\/\/skaitytaknyga.lt\/wp-content\/uploads\/2025\/01\/Meskiai-eina-i-mokykla.webp","datePublished":"2025-01-24T15:33:57+00:00","dateModified":"2025-01-24T15:34:39+00:00","description":"4\u20137 met\u0173 vaikams. Septyni ma\u017eieji me\u0161kiai baig\u0117 dar\u017eel\u012f ir ruo\u0161iasi naujam labai svarbiam gyvenimo etapui: netrukus jie eis \u012f mokykl\u0105. B\u016bsim\u0173 pirmok\u0173","breadcrumb":{"@id":"https:\/\/skaitytaknyga.lt\/produktas\/meskiai-eina-i-mokykla\/#breadcrumb"},"inLanguage":"en-GB","potentialAction":[{"@type":"ReadAction","target":["https:\/\/skaitytaknyga.lt\/produktas\/meskiai-eina-i-mokykla\/"]}]},{"@type":"ImageObject","inLanguage":"en-GB","@id":"https:\/\/skaitytaknyga.lt\/produktas\/meskiai-eina-i-mokykla\/#primaryimage","url":"https:\/\/skaitytaknyga.lt\/wp-content\/uploads\/2025\/01\/Meskiai-eina-i-mokykla.webp","contentUrl":"https:\/\/skaitytaknyga.lt\/wp-content\/uploads\/2025\/01\/Meskiai-eina-i-mokykla.webp","width":595,"height":600,"caption":"Me\u0161kiai eina \u012f mokykl\u0105"},{"@type":"BreadcrumbList","@id":"https:\/\/skaitytaknyga.lt\/produktas\/meskiai-eina-i-mokykla\/#breadcrumb","itemListElement":[{"@type":"ListItem","position":1,"name":"Home","item":"https:\/\/skaitytaknyga.lt\/"},{"@type":"ListItem","position":2,"name":"Parduotuv\u0117","item":"https:\/\/skaitytaknyga.lt\/knygu-parduotuve\/"},{"@type":"ListItem","position":3,"name":"Me\u0161kiai eina \u012f mokykl\u0105"}]},{"@type":"WebSite","@id":"https:\/\/skaitytaknyga.lt\/#website","url":"https:\/\/skaitytaknyga.lt\/","name":"skaitytaknyga.lt","description":"Skaitytaknyga.lt \u2013 tai ma\u017eas \u0161eimos verslas, kuris prasid\u0117jo nuo meil\u0117s knygoms ir siekio i\u0161gelb\u0117ti knygas nuo likimo prie konteinerio. Kas vienam nereikalingas daiktas \u2013 kitam lobis, o mes esame tarpininkai, kurie padeda abiems tapti laimingesniems ???? \u017dinome kaip nelengva i\u0161gyventi ma\u017eiems verslams, tad nuo \u0161iol, \u010dia rasite ir kit\u0173, ma\u017e\u0173 \u0161eim\u0173 versl\u0173, rank\u0173 darbo, dovan\u0173 sau ir artimiesiems.","publisher":{"@id":"https:\/\/skaitytaknyga.lt\/#organization"},"potentialAction":[{"@type":"SearchAction","target":{"@type":"EntryPoint","urlTemplate":"https:\/\/skaitytaknyga.lt\/?s={search_term_string}"},"query-input":{"@type":"PropertyValueSpecification","valueRequired":true,"valueName":"search_term_string"}}],"inLanguage":"en-GB"},{"@type":"Organization","@id":"https:\/\/skaitytaknyga.lt\/#organization","name":"skaitytaknyga.lt","url":"https:\/\/skaitytaknyga.lt\/","logo":{"@type":"ImageObject","inLanguage":"en-GB","@id":"https:\/\/skaitytaknyga.lt\/#\/schema\/logo\/image\/","url":"https:\/\/skaitytaknyga.lt\/wp-content\/uploads\/2024\/05\/cropped-cropped-cropped-02_00843_jt3bggkj1j3HLc7SyY6rEUpg.jpeg","contentUrl":"https:\/\/skaitytaknyga.lt\/wp-content\/uploads\/2024\/05\/cropped-cropped-cropped-02_00843_jt3bggkj1j3HLc7SyY6rEUpg.jpeg","width":1600,"height":1600,"caption":"skaitytaknyga.lt"},"image":{"@id":"https:\/\/skaitytaknyga.lt\/#\/schema\/logo\/image\/"},"sameAs":["https:\/\/www.facebook.com\/skaitytaknyga\/"]}]}},"_links":{"self":[{"href":"https:\/\/skaitytaknyga.lt\/en\/wp-json\/wp\/v2\/product\/16030","targetHints":{"allow":["GET"]}}],"collection":[{"href":"https:\/\/skaitytaknyga.lt\/en\/wp-json\/wp\/v2\/product"}],"about":[{"href":"https:\/\/skaitytaknyga.lt\/en\/wp-json\/wp\/v2\/types\/product"}],"replies":[{"embeddable":true,"href":"https:\/\/skaitytaknyga.lt\/en\/wp-json\/wp\/v2\/comments?post=16030"}],"wp:featuredmedia":[{"embeddable":true,"href":"https:\/\/skaitytaknyga.lt\/en\/wp-json\/wp\/v2\/media\/16031"}],"wp:attachment":[{"href":"https:\/\/skaitytaknyga.lt\/en\/wp-json\/wp\/v2\/media?parent=16030"}],"wp:term":[{"taxonomy":"product_brand","embeddable":true,"href":"https:\/\/skaitytaknyga.lt\/en\/wp-json\/wp\/v2\/product_brand?post=16030"},{"taxonomy":"product_cat","embeddable":true,"href":"https:\/\/skaitytaknyga.lt\/en\/wp-json\/wp\/v2\/product_cat?post=16030"},{"taxonomy":"product_tag","embeddable":true,"href":"https:\/\/skaitytaknyga.lt\/en\/wp-json\/wp\/v2\/product_tag?post=16030"}],"curies":[{"name":"wp","href":"https:\/\/api.w.org\/{rel}","templated":true}]}}