{"id":16024,"date":"2025-01-24T17:22:15","date_gmt":"2025-01-24T15:22:15","guid":{"rendered":"https:\/\/skaitytaknyga.lt\/?post_type=product&#038;p=16024"},"modified":"2026-03-18T14:59:51","modified_gmt":"2026-03-18T12:59:51","slug":"konstituciniai-gincai","status":"publish","type":"product","link":"https:\/\/skaitytaknyga.lt\/en\/produktas\/konstituciniai-gincai\/","title":{"rendered":"Konstituciniai gin\u010dai"},"content":{"rendered":"<div class=\"tab-content col-xs-12\">\n<div id=\"tab-description\" class=\"tab-pane active\">\n<div id=\"collapse-description\" class=\"desc-collapse\">\n<div>Monografijoje\u00a0<strong>\u201eKonstituciniai gin\u010dai\u201c<\/strong>\u00a0analizuojama Konstitucijos samprata, Konstitucijos vir\u0161enyb\u0117s principas kaip konstitucin\u0117s kontrol\u0117s pagrindas. Nagrin\u0117jama Konstitucinio Teismo vieta teism\u0173 sistemoje, jo nepriklausomumo garantijos, Konstitucinio Teismo \u012fgaliojimai tiriant \u012fstatym\u0173 ir kit\u0173 teis\u0117s akt\u0173 atitikt\u012f Konstitucijai, taip pat teikiant i\u0161vadas. Analizuojamos konstitucin\u0117s doktrinos reinterpretavimo problemos, tyrin\u0117jamas individualaus konstitucinio skundo institutas, nagrin\u0117jama konstitucini\u0173 gin\u010d\u0173 teisena. Remiantis gausia moksline ir praktine med\u017eiaga sistemi\u0161kai ir nuosekliai analizuojami ne tik konstitucini\u0173 gin\u010d\u0173 teisiniai pagrindai, bet ir teorin\u0117s bei praktin\u0117s problemos, kylan\u010dios sprend\u017eiant konstitucinius gin\u010dus.<\/div>\n<div>Knyga\u00a0<strong>\u201eKonstituciniai gin\u010dai\u201c<\/strong>\u00a0pirmiausia skirta teis\u0117s mokslininkams, besidomintiems konstitucine teise, konstitucine justicija. Ji gali b\u016bti labai naudinga visiems subjektams, ketinantiems kreiptis \u012f Konstitucin\u012f Teism\u0105, \u012fskaitant fizinius ir juridinius asmenis, taip pat vis\u0173 Lietuvos teism\u0173 teis\u0117jams, kitiems praktikuojantiems teisininkams, Seimo ir Vyriausyb\u0117s nariams, valstyb\u0117s tarnautojams, politologams, istorikams ir kitiems asmenims, kurie domisi Konstitucija ir jos vir\u0161enyb\u0117s u\u017etikrinimu.<\/div>\n<\/div>\n<\/div>\n<\/div>\n","protected":false},"excerpt":{"rendered":"<p>Monografijoje\u00a0\u201eKonstituciniai gin\u010dai\u201c\u00a0analizuojama Konstitucijos samprata, Konstitucijos vir\u0161enyb\u0117s principas kaip konstitucin\u0117s kontrol\u0117s pagrindas. Nagrin\u0117jama Konstitucinio Teismo vieta teism\u0173 sistemoje, jo nepriklausomumo garantijos, Konstitucinio Teismo \u012fgaliojimai tiriant \u012fstatym\u0173 ir kit\u0173 teis\u0117s akt\u0173 atitikt\u012f Konstitucijai, taip pat teikiant i\u0161vadas. Analizuojamos konstitucin\u0117s doktrinos reinterpretavimo problemos, tyrin\u0117jamas individualaus konstitucinio skundo institutas, nagrin\u0117jama konstitucini\u0173 gin\u010d\u0173 teisena. Remiantis gausia moksline ir praktine med\u017eiaga sistemi\u0161kai ir nuosekliai analizuojami ne tik konstitucini\u0173 gin\u010d\u0173 teisiniai pagrindai, bet ir teorin\u0117s bei praktin\u0117s problemos, kylan\u010dios sprend\u017eiant konstitucinius gin\u010dus. Knyga\u00a0\u201eKonstituciniai gin\u010dai\u201c\u00a0pirmiausia skirta teis\u0117s mokslininkams, besidomintiems konstitucine teise, konstitucine justicija. Ji gali b\u016bti labai naudinga visiems subjektams, ketinantiems kreiptis \u012f Konstitucin\u012f Teism\u0105, \u012fskaitant fizinius ir juridinius asmenis, taip pat vis\u0173 Lietuvos teism\u0173 teis\u0117jams, kitiems praktikuojantiems teisininkams, Seimo ir Vyriausyb\u0117s nariams, valstyb\u0117s tarnautojams, politologams, istorikams ir kitiems asmenims, kurie domisi Konstitucija ir jos vir\u0161enyb\u0117s u\u017etikrinimu.<\/p>\n","protected":false},"featured_media":16025,"comment_status":"closed","ping_status":"closed","template":"","meta":{"_acf_changed":false,"site-sidebar-layout":"default","site-content-layout":"","ast-site-content-layout":"default","site-content-style":"default","site-sidebar-style":"default","ast-global-header-display":"","ast-banner-title-visibility":"","ast-main-header-display":"","ast-hfb-above-header-display":"","ast-hfb-below-header-display":"","ast-hfb-mobile-header-display":"","site-post-title":"","ast-breadcrumbs-content":"","ast-featured-img":"","footer-sml-layout":"","ast-disable-related-posts":"","theme-transparent-header-meta":"default","adv-header-id-meta":"","stick-header-meta":"","header-above-stick-meta":"","header-main-stick-meta":"","header-below-stick-meta":"","astra-migrate-meta-layouts":"set","ast-page-background-enabled":"default","ast-page-background-meta":{"desktop":{"background-color":"","background-image":"","background-repeat":"repeat","background-position":"center center","background-size":"auto","background-attachment":"scroll","background-type":"","background-media":"","overlay-type":"","overlay-color":"","overlay-opacity":"","overlay-gradient":""},"tablet":{"background-color":"","background-image":"","background-repeat":"repeat","background-position":"center center","background-size":"auto","background-attachment":"scroll","background-type":"","background-media":"","overlay-type":"","overlay-color":"","overlay-opacity":"","overlay-gradient":""},"mobile":{"background-color":"","background-image":"","background-repeat":"repeat","background-position":"center center","background-size":"auto","background-attachment":"scroll","background-type":"","background-media":"","overlay-type":"","overlay-color":"","overlay-opacity":"","overlay-gradient":""}},"ast-content-background-meta":{"desktop":{"background-color":"var(--ast-global-color-4)","background-image":"","background-repeat":"repeat","background-position":"center center","background-size":"auto","background-attachment":"scroll","background-type":"","background-media":"","overlay-type":"","overlay-color":"","overlay-opacity":"","overlay-gradient":""},"tablet":{"background-color":"var(--ast-global-color-4)","background-image":"","background-repeat":"repeat","background-position":"center center","background-size":"auto","background-attachment":"scroll","background-type":"","background-media":"","overlay-type":"","overlay-color":"","overlay-opacity":"","overlay-gradient":""},"mobile":{"background-color":"var(--ast-global-color-4)","background-image":"","background-repeat":"repeat","background-position":"center center","background-size":"auto","background-attachment":"scroll","background-type":"","background-media":"","overlay-type":"","overlay-color":"","overlay-opacity":"","overlay-gradient":""}}},"product_brand":[],"product_cat":[9862,174],"product_tag":[],"class_list":{"0":"post-16024","1":"product","2":"type-product","3":"status-publish","4":"has-post-thumbnail","6":"product_cat-lietuvos-istorija","7":"product_cat-istorija-ir-politologija","8":"pa_leidimo-metai-647","9":"desktop-align-left","10":"tablet-align-left","11":"mobile-align-left","13":"first","14":"instock","15":"shipping-taxable","16":"purchasable","17":"product-type-simple"},"acf":[],"yoast_head":"<!-- This site is optimized with the Yoast SEO plugin v27.0 - https:\/\/yoast.com\/product\/yoast-seo-wordpress\/ -->\n<title>Konstituciniai gin\u010dai<\/title>\n<meta name=\"description\" content=\"Monografijoje\u00a0\u201eKonstituciniai gin\u010dai\u201c\u00a0analizuojama Konstitucijos samprata, Konstitucijos vir\u0161enyb\u0117s principas kaip konstitucin\u0117s kontrol\u0117s pagrindas.\" \/>\n<meta name=\"robots\" content=\"index, follow, max-snippet:-1, max-image-preview:large, max-video-preview:-1\" \/>\n<link rel=\"canonical\" href=\"https:\/\/skaitytaknyga.lt\/en\/produktas\/konstituciniai-gincai\/\" \/>\n<meta property=\"og:locale\" content=\"en_GB\" \/>\n<meta property=\"og:locale:alternate\" content=\"lt_LT\" \/>\n<meta property=\"og:type\" content=\"article\" \/>\n<meta property=\"og:title\" content=\"Konstituciniai gin\u010dai\" \/>\n<meta property=\"og:description\" content=\"Monografijoje\u00a0\u201eKonstituciniai gin\u010dai\u201c\u00a0analizuojama Konstitucijos samprata, Konstitucijos vir\u0161enyb\u0117s principas kaip konstitucin\u0117s kontrol\u0117s pagrindas.\" \/>\n<meta property=\"og:url\" content=\"https:\/\/skaitytaknyga.lt\/en\/produktas\/konstituciniai-gincai\/\" \/>\n<meta property=\"og:site_name\" content=\"Skaitytaknyga\" \/>\n<meta property=\"article:publisher\" content=\"https:\/\/www.facebook.com\/skaitytaknyga\/\" \/>\n<meta property=\"article:modified_time\" content=\"2026-03-18T12:59:51+00:00\" \/>\n<meta property=\"og:image\" content=\"https:\/\/skaitytaknyga.lt\/wp-content\/uploads\/2025\/01\/Konstituciniai-gincai.webp\" \/>\n\t<meta property=\"og:image:width\" content=\"220\" \/>\n\t<meta property=\"og:image:height\" content=\"324\" \/>\n\t<meta property=\"og:image:type\" content=\"image\/webp\" \/>\n<meta name=\"twitter:card\" content=\"summary_large_image\" \/>\n<meta name=\"twitter:label1\" content=\"Estimated reading time\" \/>\n\t<meta name=\"twitter:data1\" content=\"1 minute\" \/>\n<script type=\"application\/ld+json\" class=\"yoast-schema-graph\">{\"@context\":\"https:\/\/schema.org\",\"@graph\":[{\"@type\":\"WebPage\",\"@id\":\"https:\/\/skaitytaknyga.lt\/produktas\/konstituciniai-gincai\/\",\"url\":\"https:\/\/skaitytaknyga.lt\/produktas\/konstituciniai-gincai\/\",\"name\":\"Konstituciniai gin\u010dai\",\"isPartOf\":{\"@id\":\"https:\/\/skaitytaknyga.lt\/#website\"},\"primaryImageOfPage\":{\"@id\":\"https:\/\/skaitytaknyga.lt\/produktas\/konstituciniai-gincai\/#primaryimage\"},\"image\":{\"@id\":\"https:\/\/skaitytaknyga.lt\/produktas\/konstituciniai-gincai\/#primaryimage\"},\"thumbnailUrl\":\"https:\/\/skaitytaknyga.lt\/wp-content\/uploads\/2025\/01\/Konstituciniai-gincai.webp\",\"datePublished\":\"2025-01-24T15:22:15+00:00\",\"dateModified\":\"2026-03-18T12:59:51+00:00\",\"description\":\"Monografijoje\u00a0\u201eKonstituciniai gin\u010dai\u201c\u00a0analizuojama Konstitucijos samprata, Konstitucijos vir\u0161enyb\u0117s principas kaip konstitucin\u0117s kontrol\u0117s pagrindas.\",\"breadcrumb\":{\"@id\":\"https:\/\/skaitytaknyga.lt\/produktas\/konstituciniai-gincai\/#breadcrumb\"},\"inLanguage\":\"en-GB\",\"potentialAction\":[{\"@type\":\"ReadAction\",\"target\":[\"https:\/\/skaitytaknyga.lt\/produktas\/konstituciniai-gincai\/\"]}]},{\"@type\":\"ImageObject\",\"inLanguage\":\"en-GB\",\"@id\":\"https:\/\/skaitytaknyga.lt\/produktas\/konstituciniai-gincai\/#primaryimage\",\"url\":\"https:\/\/skaitytaknyga.lt\/wp-content\/uploads\/2025\/01\/Konstituciniai-gincai.webp\",\"contentUrl\":\"https:\/\/skaitytaknyga.lt\/wp-content\/uploads\/2025\/01\/Konstituciniai-gincai.webp\",\"width\":220,\"height\":324,\"caption\":\"Konstituciniai gin\u010dai\"},{\"@type\":\"BreadcrumbList\",\"@id\":\"https:\/\/skaitytaknyga.lt\/produktas\/konstituciniai-gincai\/#breadcrumb\",\"itemListElement\":[{\"@type\":\"ListItem\",\"position\":1,\"name\":\"Home\",\"item\":\"https:\/\/skaitytaknyga.lt\/\"},{\"@type\":\"ListItem\",\"position\":2,\"name\":\"Parduotuv\u0117\",\"item\":\"https:\/\/skaitytaknyga.lt\/knygu-parduotuve\/\"},{\"@type\":\"ListItem\",\"position\":3,\"name\":\"Konstituciniai gin\u010dai\"}]},{\"@type\":\"WebSite\",\"@id\":\"https:\/\/skaitytaknyga.lt\/#website\",\"url\":\"https:\/\/skaitytaknyga.lt\/\",\"name\":\"skaitytaknyga.lt\",\"description\":\"Skaitytaknyga.lt \u2013 tai ma\u017eas \u0161eimos verslas, kuris prasid\u0117jo nuo meil\u0117s knygoms ir siekio i\u0161gelb\u0117ti knygas nuo likimo prie konteinerio. Kas vienam nereikalingas daiktas \u2013 kitam lobis, o mes esame tarpininkai, kurie padeda abiems tapti laimingesniems ???? \u017dinome kaip nelengva i\u0161gyventi ma\u017eiems verslams, tad nuo \u0161iol, \u010dia rasite ir kit\u0173, ma\u017e\u0173 \u0161eim\u0173 versl\u0173, rank\u0173 darbo, dovan\u0173 sau ir artimiesiems.\",\"publisher\":{\"@id\":\"https:\/\/skaitytaknyga.lt\/#organization\"},\"potentialAction\":[{\"@type\":\"SearchAction\",\"target\":{\"@type\":\"EntryPoint\",\"urlTemplate\":\"https:\/\/skaitytaknyga.lt\/?s={search_term_string}\"},\"query-input\":{\"@type\":\"PropertyValueSpecification\",\"valueRequired\":true,\"valueName\":\"search_term_string\"}}],\"inLanguage\":\"en-GB\"},{\"@type\":\"Organization\",\"@id\":\"https:\/\/skaitytaknyga.lt\/#organization\",\"name\":\"skaitytaknyga.lt\",\"url\":\"https:\/\/skaitytaknyga.lt\/\",\"logo\":{\"@type\":\"ImageObject\",\"inLanguage\":\"en-GB\",\"@id\":\"https:\/\/skaitytaknyga.lt\/#\/schema\/logo\/image\/\",\"url\":\"https:\/\/skaitytaknyga.lt\/wp-content\/uploads\/2024\/05\/cropped-cropped-cropped-02_00843_jt3bggkj1j3HLc7SyY6rEUpg.jpeg\",\"contentUrl\":\"https:\/\/skaitytaknyga.lt\/wp-content\/uploads\/2024\/05\/cropped-cropped-cropped-02_00843_jt3bggkj1j3HLc7SyY6rEUpg.jpeg\",\"width\":1600,\"height\":1600,\"caption\":\"skaitytaknyga.lt\"},\"image\":{\"@id\":\"https:\/\/skaitytaknyga.lt\/#\/schema\/logo\/image\/\"},\"sameAs\":[\"https:\/\/www.facebook.com\/skaitytaknyga\/\"]}]}<\/script>\n<!-- \/ Yoast SEO plugin. -->","yoast_head_json":{"title":"Konstituciniai gin\u010dai","description":"Monografijoje\u00a0\u201eKonstituciniai gin\u010dai\u201c\u00a0analizuojama Konstitucijos samprata, Konstitucijos vir\u0161enyb\u0117s principas kaip konstitucin\u0117s kontrol\u0117s pagrindas.","robots":{"index":"index","follow":"follow","max-snippet":"max-snippet:-1","max-image-preview":"max-image-preview:large","max-video-preview":"max-video-preview:-1"},"canonical":"https:\/\/skaitytaknyga.lt\/en\/produktas\/konstituciniai-gincai\/","og_locale":"en_GB","og_type":"article","og_title":"[:lt]Konstituciniai gin\u010dai[:] - Skaitytaknyga","og_description":"Monografijoje\u00a0\u201eKonstituciniai gin\u010dai\u201c\u00a0analizuojama Konstitucijos samprata, Konstitucijos vir\u0161enyb\u0117s principas kaip konstitucin\u0117s kontrol\u0117s pagrindas.","og_url":"https:\/\/skaitytaknyga.lt\/en\/produktas\/konstituciniai-gincai\/","og_site_name":"Skaitytaknyga","article_publisher":"https:\/\/www.facebook.com\/skaitytaknyga\/","article_modified_time":"2026-03-18T12:59:51+00:00","og_image":[{"width":220,"height":324,"url":"https:\/\/skaitytaknyga.lt\/wp-content\/uploads\/2025\/01\/Konstituciniai-gincai.webp","type":"image\/webp"}],"twitter_card":"summary_large_image","twitter_misc":{"Estimated reading time":"1 minute"},"schema":{"@context":"https:\/\/schema.org","@graph":[{"@type":"WebPage","@id":"https:\/\/skaitytaknyga.lt\/produktas\/konstituciniai-gincai\/","url":"https:\/\/skaitytaknyga.lt\/produktas\/konstituciniai-gincai\/","name":"Konstituciniai gin\u010dai","isPartOf":{"@id":"https:\/\/skaitytaknyga.lt\/#website"},"primaryImageOfPage":{"@id":"https:\/\/skaitytaknyga.lt\/produktas\/konstituciniai-gincai\/#primaryimage"},"image":{"@id":"https:\/\/skaitytaknyga.lt\/produktas\/konstituciniai-gincai\/#primaryimage"},"thumbnailUrl":"https:\/\/skaitytaknyga.lt\/wp-content\/uploads\/2025\/01\/Konstituciniai-gincai.webp","datePublished":"2025-01-24T15:22:15+00:00","dateModified":"2026-03-18T12:59:51+00:00","description":"Monografijoje\u00a0\u201eKonstituciniai gin\u010dai\u201c\u00a0analizuojama Konstitucijos samprata, Konstitucijos vir\u0161enyb\u0117s principas kaip konstitucin\u0117s kontrol\u0117s pagrindas.","breadcrumb":{"@id":"https:\/\/skaitytaknyga.lt\/produktas\/konstituciniai-gincai\/#breadcrumb"},"inLanguage":"en-GB","potentialAction":[{"@type":"ReadAction","target":["https:\/\/skaitytaknyga.lt\/produktas\/konstituciniai-gincai\/"]}]},{"@type":"ImageObject","inLanguage":"en-GB","@id":"https:\/\/skaitytaknyga.lt\/produktas\/konstituciniai-gincai\/#primaryimage","url":"https:\/\/skaitytaknyga.lt\/wp-content\/uploads\/2025\/01\/Konstituciniai-gincai.webp","contentUrl":"https:\/\/skaitytaknyga.lt\/wp-content\/uploads\/2025\/01\/Konstituciniai-gincai.webp","width":220,"height":324,"caption":"Konstituciniai gin\u010dai"},{"@type":"BreadcrumbList","@id":"https:\/\/skaitytaknyga.lt\/produktas\/konstituciniai-gincai\/#breadcrumb","itemListElement":[{"@type":"ListItem","position":1,"name":"Home","item":"https:\/\/skaitytaknyga.lt\/"},{"@type":"ListItem","position":2,"name":"Parduotuv\u0117","item":"https:\/\/skaitytaknyga.lt\/knygu-parduotuve\/"},{"@type":"ListItem","position":3,"name":"Konstituciniai gin\u010dai"}]},{"@type":"WebSite","@id":"https:\/\/skaitytaknyga.lt\/#website","url":"https:\/\/skaitytaknyga.lt\/","name":"skaitytaknyga.lt","description":"Skaitytaknyga.lt \u2013 tai ma\u017eas \u0161eimos verslas, kuris prasid\u0117jo nuo meil\u0117s knygoms ir siekio i\u0161gelb\u0117ti knygas nuo likimo prie konteinerio. Kas vienam nereikalingas daiktas \u2013 kitam lobis, o mes esame tarpininkai, kurie padeda abiems tapti laimingesniems ???? \u017dinome kaip nelengva i\u0161gyventi ma\u017eiems verslams, tad nuo \u0161iol, \u010dia rasite ir kit\u0173, ma\u017e\u0173 \u0161eim\u0173 versl\u0173, rank\u0173 darbo, dovan\u0173 sau ir artimiesiems.","publisher":{"@id":"https:\/\/skaitytaknyga.lt\/#organization"},"potentialAction":[{"@type":"SearchAction","target":{"@type":"EntryPoint","urlTemplate":"https:\/\/skaitytaknyga.lt\/?s={search_term_string}"},"query-input":{"@type":"PropertyValueSpecification","valueRequired":true,"valueName":"search_term_string"}}],"inLanguage":"en-GB"},{"@type":"Organization","@id":"https:\/\/skaitytaknyga.lt\/#organization","name":"skaitytaknyga.lt","url":"https:\/\/skaitytaknyga.lt\/","logo":{"@type":"ImageObject","inLanguage":"en-GB","@id":"https:\/\/skaitytaknyga.lt\/#\/schema\/logo\/image\/","url":"https:\/\/skaitytaknyga.lt\/wp-content\/uploads\/2024\/05\/cropped-cropped-cropped-02_00843_jt3bggkj1j3HLc7SyY6rEUpg.jpeg","contentUrl":"https:\/\/skaitytaknyga.lt\/wp-content\/uploads\/2024\/05\/cropped-cropped-cropped-02_00843_jt3bggkj1j3HLc7SyY6rEUpg.jpeg","width":1600,"height":1600,"caption":"skaitytaknyga.lt"},"image":{"@id":"https:\/\/skaitytaknyga.lt\/#\/schema\/logo\/image\/"},"sameAs":["https:\/\/www.facebook.com\/skaitytaknyga\/"]}]}},"_links":{"self":[{"href":"https:\/\/skaitytaknyga.lt\/en\/wp-json\/wp\/v2\/product\/16024","targetHints":{"allow":["GET"]}}],"collection":[{"href":"https:\/\/skaitytaknyga.lt\/en\/wp-json\/wp\/v2\/product"}],"about":[{"href":"https:\/\/skaitytaknyga.lt\/en\/wp-json\/wp\/v2\/types\/product"}],"replies":[{"embeddable":true,"href":"https:\/\/skaitytaknyga.lt\/en\/wp-json\/wp\/v2\/comments?post=16024"}],"wp:featuredmedia":[{"embeddable":true,"href":"https:\/\/skaitytaknyga.lt\/en\/wp-json\/wp\/v2\/media\/16025"}],"wp:attachment":[{"href":"https:\/\/skaitytaknyga.lt\/en\/wp-json\/wp\/v2\/media?parent=16024"}],"wp:term":[{"taxonomy":"product_brand","embeddable":true,"href":"https:\/\/skaitytaknyga.lt\/en\/wp-json\/wp\/v2\/product_brand?post=16024"},{"taxonomy":"product_cat","embeddable":true,"href":"https:\/\/skaitytaknyga.lt\/en\/wp-json\/wp\/v2\/product_cat?post=16024"},{"taxonomy":"product_tag","embeddable":true,"href":"https:\/\/skaitytaknyga.lt\/en\/wp-json\/wp\/v2\/product_tag?post=16024"}],"curies":[{"name":"wp","href":"https:\/\/api.w.org\/{rel}","templated":true}]}}