{"id":16020,"date":"2025-01-24T17:01:03","date_gmt":"2025-01-24T15:01:03","guid":{"rendered":"https:\/\/skaitytaknyga.lt\/?post_type=product&#038;p=16020"},"modified":"2025-01-24T17:01:44","modified_gmt":"2025-01-24T15:01:44","slug":"valkirijos-operacijos-zlugimas","status":"publish","type":"product","link":"https:\/\/skaitytaknyga.lt\/en\/produktas\/valkirijos-operacijos-zlugimas\/","title":{"rendered":"\u201eValkirijos\u201c operacijos \u017elugimas"},"content":{"rendered":"<p>1944 met\u0173 liepos 20 d. Hitlerio \u0161tabe ryt\u0173 Pr\u016bsijoje per pad\u0117ties aptarim\u0105 sprogo bomba. Kas \u012fvyko t\u0105 nepaprast\u0105 dien\u0105, prie\u0161 j\u0105 ir po to Hansas Helmutas Kirstas pasakoja savo \u012ftampos kupiname romane.<\/p>\n<p>\u0160i knyga remiasi faktais. Vardai, datos ir \u012fvykiai atitinka tikrov\u0119. Netgi daugelis dialog\u0173 \u017eodis \u017eodin paimti i\u0161 egzistuojan\u010di\u0173 dokument\u0173. Vis d\u0117lto \u0161i knyga vadinama romanu, ypa\u010d d\u0117l joje pavaizduotos kapitono grafo Frico Vilhelmo fon Brakved\u0117s fig\u016bros.<\/p>\n<p>Kai kuriomis detal\u0117mis, ta\u010diau ne visi\u0161kai, ji atitinka originali\u0105 vyresniojo leitenanto grafo Frico Dytlofo fon \u0160ulenburgo asmenyb\u0119, ta\u010diau ji buvo tik pavyzdys\u00a0\u2013 ne modelis.<\/p>\n<ul class=\"about-product d-none d-xl-block mt-4\">\n<li><strong>Originalus pavadinimas:<\/strong>\u00a0Aufstand der Soldaten<\/li>\n<li><strong>Autorius:<\/strong>\u00a0Hans Hellmut Kirst<\/li>\n<li><strong>Leid\u0117jas:<\/strong>\u00a0Mintis<\/li>\n<li><strong>Metai:<\/strong>\u00a02000<\/li>\n<li><strong>Puslapiai:<\/strong>\u00a0334<\/li>\n<li class=\"toggleable type-new-formats \"><strong>ISBN-10:<\/strong>\u00a05417008141<\/li>\n<li class=\"toggleable type-new-formats \"><strong>ISBN-13:<\/strong>\u00a09785417008146<\/li>\n<li class=\"toggleable type-new-formats \"><strong>Formatas:<\/strong>\u00a013 x 20,5 cm, kieti vir\u0161eliai<\/li>\n<li><strong>Kalba:<\/strong>\u00a0Lietuvi\u0173<\/li>\n<li><strong>Vert\u0117jas:<\/strong>\u00a0Teodoras \u010cetrauskas<\/li>\n<\/ul>\n","protected":false},"excerpt":{"rendered":"<p>1944 met\u0173 liepos 20 d. Hitlerio \u0161tabe ryt\u0173 Pr\u016bsijoje per pad\u0117ties aptarim\u0105 sprogo bomba. Kas \u012fvyko t\u0105 nepaprast\u0105 dien\u0105, prie\u0161 j\u0105 ir po to Hansas Helmutas Kirstas pasakoja savo \u012ftampos kupiname romane. \u0160i knyga remiasi faktais. Vardai, datos ir \u012fvykiai atitinka tikrov\u0119. Netgi daugelis dialog\u0173 \u017eodis \u017eodin paimti i\u0161 egzistuojan\u010di\u0173 dokument\u0173. Vis d\u0117lto \u0161i knyga vadinama romanu, ypa\u010d d\u0117l joje pavaizduotos kapitono grafo Frico Vilhelmo fon Brakved\u0117s fig\u016bros. Kai kuriomis detal\u0117mis, ta\u010diau ne visi\u0161kai, ji atitinka originali\u0105 vyresniojo leitenanto grafo Frico Dytlofo fon \u0160ulenburgo asmenyb\u0119, ta\u010diau ji buvo tik pavyzdys\u00a0\u2013 ne modelis. Originalus pavadinimas:\u00a0Aufstand der Soldaten Autorius:\u00a0Hans Hellmut Kirst Leid\u0117jas:\u00a0Mintis Metai:\u00a02000 Puslapiai:\u00a0334 ISBN-10:\u00a05417008141 ISBN-13:\u00a09785417008146 Formatas:\u00a013 x 20,5 cm, kieti vir\u0161eliai Kalba:\u00a0Lietuvi\u0173 Vert\u0117jas:\u00a0Teodoras \u010cetrauskas<\/p>\n","protected":false},"featured_media":16021,"comment_status":"closed","ping_status":"closed","template":"","meta":{"_acf_changed":false,"site-sidebar-layout":"default","site-content-layout":"","ast-site-content-layout":"default","site-content-style":"default","site-sidebar-style":"default","ast-global-header-display":"","ast-banner-title-visibility":"","ast-main-header-display":"","ast-hfb-above-header-display":"","ast-hfb-below-header-display":"","ast-hfb-mobile-header-display":"","site-post-title":"","ast-breadcrumbs-content":"","ast-featured-img":"","footer-sml-layout":"","ast-disable-related-posts":"","theme-transparent-header-meta":"default","adv-header-id-meta":"","stick-header-meta":"","header-above-stick-meta":"","header-main-stick-meta":"","header-below-stick-meta":"","astra-migrate-meta-layouts":"set","ast-page-background-enabled":"default","ast-page-background-meta":{"desktop":{"background-color":"","background-image":"","background-repeat":"repeat","background-position":"center center","background-size":"auto","background-attachment":"scroll","background-type":"","background-media":"","overlay-type":"","overlay-color":"","overlay-opacity":"","overlay-gradient":""},"tablet":{"background-color":"","background-image":"","background-repeat":"repeat","background-position":"center center","background-size":"auto","background-attachment":"scroll","background-type":"","background-media":"","overlay-type":"","overlay-color":"","overlay-opacity":"","overlay-gradient":""},"mobile":{"background-color":"","background-image":"","background-repeat":"repeat","background-position":"center center","background-size":"auto","background-attachment":"scroll","background-type":"","background-media":"","overlay-type":"","overlay-color":"","overlay-opacity":"","overlay-gradient":""}},"ast-content-background-meta":{"desktop":{"background-color":"var(--ast-global-color-4)","background-image":"","background-repeat":"repeat","background-position":"center center","background-size":"auto","background-attachment":"scroll","background-type":"","background-media":"","overlay-type":"","overlay-color":"","overlay-opacity":"","overlay-gradient":""},"tablet":{"background-color":"var(--ast-global-color-4)","background-image":"","background-repeat":"repeat","background-position":"center center","background-size":"auto","background-attachment":"scroll","background-type":"","background-media":"","overlay-type":"","overlay-color":"","overlay-opacity":"","overlay-gradient":""},"mobile":{"background-color":"var(--ast-global-color-4)","background-image":"","background-repeat":"repeat","background-position":"center center","background-size":"auto","background-attachment":"scroll","background-type":"","background-media":"","overlay-type":"","overlay-color":"","overlay-opacity":"","overlay-gradient":""}}},"product_brand":[],"product_cat":[174],"product_tag":[],"class_list":{"0":"post-16020","1":"product","2":"type-product","3":"status-publish","4":"has-post-thumbnail","6":"product_cat-istorija-ir-politologija","7":"desktop-align-left","8":"tablet-align-left","9":"mobile-align-left","11":"first","12":"instock","13":"shipping-taxable","14":"purchasable","15":"product-type-simple"},"acf":[],"yoast_head":"<!-- This site is optimized with the Yoast SEO plugin v27.0 - https:\/\/yoast.com\/product\/yoast-seo-wordpress\/ -->\n<title>\u201eValkirijos\u201c operacijos \u017elugimas<\/title>\n<meta name=\"description\" content=\"1944 met\u0173 liepos 20 d. Hitlerio \u0161tabe ryt\u0173 Pr\u016bsijoje per pad\u0117ties aptarim\u0105 sprogo bomba. Kas \u012fvyko t\u0105 nepaprast\u0105 dien\u0105, prie\u0161 j\u0105 ir po to Hansas Helmutas\" \/>\n<meta name=\"robots\" content=\"index, follow, max-snippet:-1, max-image-preview:large, max-video-preview:-1\" \/>\n<link rel=\"canonical\" href=\"https:\/\/skaitytaknyga.lt\/en\/produktas\/valkirijos-operacijos-zlugimas\/\" \/>\n<meta property=\"og:locale\" content=\"en_GB\" \/>\n<meta property=\"og:locale:alternate\" content=\"lt_LT\" \/>\n<meta property=\"og:type\" content=\"article\" \/>\n<meta property=\"og:title\" content=\"\u201eValkirijos\u201c operacijos \u017elugimas\" \/>\n<meta property=\"og:description\" content=\"1944 met\u0173 liepos 20 d. Hitlerio \u0161tabe ryt\u0173 Pr\u016bsijoje per pad\u0117ties aptarim\u0105 sprogo bomba. Kas \u012fvyko t\u0105 nepaprast\u0105 dien\u0105, prie\u0161 j\u0105 ir po to Hansas Helmutas\" \/>\n<meta property=\"og:url\" content=\"https:\/\/skaitytaknyga.lt\/en\/produktas\/valkirijos-operacijos-zlugimas\/\" \/>\n<meta property=\"og:site_name\" content=\"Skaitytaknyga\" \/>\n<meta property=\"article:publisher\" content=\"https:\/\/www.facebook.com\/skaitytaknyga\/\" \/>\n<meta property=\"article:modified_time\" content=\"2025-01-24T15:01:44+00:00\" \/>\n<meta property=\"og:image\" content=\"https:\/\/skaitytaknyga.lt\/wp-content\/uploads\/2025\/01\/\u201eValkirijos-operacijos-zlugimas.webp\" \/>\n\t<meta property=\"og:image:width\" content=\"511\" \/>\n\t<meta property=\"og:image:height\" content=\"799\" \/>\n\t<meta property=\"og:image:type\" content=\"image\/webp\" \/>\n<meta name=\"twitter:card\" content=\"summary_large_image\" \/>\n<meta name=\"twitter:label1\" content=\"Estimated reading time\" \/>\n\t<meta name=\"twitter:data1\" content=\"1 minute\" \/>\n<script type=\"application\/ld+json\" class=\"yoast-schema-graph\">{\"@context\":\"https:\/\/schema.org\",\"@graph\":[{\"@type\":\"WebPage\",\"@id\":\"https:\/\/skaitytaknyga.lt\/produktas\/valkirijos-operacijos-zlugimas\/\",\"url\":\"https:\/\/skaitytaknyga.lt\/produktas\/valkirijos-operacijos-zlugimas\/\",\"name\":\"\u201eValkirijos\u201c operacijos \u017elugimas\",\"isPartOf\":{\"@id\":\"https:\/\/skaitytaknyga.lt\/#website\"},\"primaryImageOfPage\":{\"@id\":\"https:\/\/skaitytaknyga.lt\/produktas\/valkirijos-operacijos-zlugimas\/#primaryimage\"},\"image\":{\"@id\":\"https:\/\/skaitytaknyga.lt\/produktas\/valkirijos-operacijos-zlugimas\/#primaryimage\"},\"thumbnailUrl\":\"https:\/\/skaitytaknyga.lt\/wp-content\/uploads\/2025\/01\/\u201eValkirijos-operacijos-zlugimas.webp\",\"datePublished\":\"2025-01-24T15:01:03+00:00\",\"dateModified\":\"2025-01-24T15:01:44+00:00\",\"description\":\"1944 met\u0173 liepos 20 d. Hitlerio \u0161tabe ryt\u0173 Pr\u016bsijoje per pad\u0117ties aptarim\u0105 sprogo bomba. Kas \u012fvyko t\u0105 nepaprast\u0105 dien\u0105, prie\u0161 j\u0105 ir po to Hansas Helmutas\",\"breadcrumb\":{\"@id\":\"https:\/\/skaitytaknyga.lt\/produktas\/valkirijos-operacijos-zlugimas\/#breadcrumb\"},\"inLanguage\":\"en-GB\",\"potentialAction\":[{\"@type\":\"ReadAction\",\"target\":[\"https:\/\/skaitytaknyga.lt\/produktas\/valkirijos-operacijos-zlugimas\/\"]}]},{\"@type\":\"ImageObject\",\"inLanguage\":\"en-GB\",\"@id\":\"https:\/\/skaitytaknyga.lt\/produktas\/valkirijos-operacijos-zlugimas\/#primaryimage\",\"url\":\"https:\/\/skaitytaknyga.lt\/wp-content\/uploads\/2025\/01\/\u201eValkirijos-operacijos-zlugimas.webp\",\"contentUrl\":\"https:\/\/skaitytaknyga.lt\/wp-content\/uploads\/2025\/01\/\u201eValkirijos-operacijos-zlugimas.webp\",\"width\":511,\"height\":799,\"caption\":\"\u201eValkirijos\u201c operacijos \u017elugimas\"},{\"@type\":\"BreadcrumbList\",\"@id\":\"https:\/\/skaitytaknyga.lt\/produktas\/valkirijos-operacijos-zlugimas\/#breadcrumb\",\"itemListElement\":[{\"@type\":\"ListItem\",\"position\":1,\"name\":\"Home\",\"item\":\"https:\/\/skaitytaknyga.lt\/\"},{\"@type\":\"ListItem\",\"position\":2,\"name\":\"Parduotuv\u0117\",\"item\":\"https:\/\/skaitytaknyga.lt\/knygu-parduotuve\/\"},{\"@type\":\"ListItem\",\"position\":3,\"name\":\"\u201eValkirijos\u201c operacijos \u017elugimas\"}]},{\"@type\":\"WebSite\",\"@id\":\"https:\/\/skaitytaknyga.lt\/#website\",\"url\":\"https:\/\/skaitytaknyga.lt\/\",\"name\":\"skaitytaknyga.lt\",\"description\":\"Skaitytaknyga.lt \u2013 tai ma\u017eas \u0161eimos verslas, kuris prasid\u0117jo nuo meil\u0117s knygoms ir siekio i\u0161gelb\u0117ti knygas nuo likimo prie konteinerio. Kas vienam nereikalingas daiktas \u2013 kitam lobis, o mes esame tarpininkai, kurie padeda abiems tapti laimingesniems ???? \u017dinome kaip nelengva i\u0161gyventi ma\u017eiems verslams, tad nuo \u0161iol, \u010dia rasite ir kit\u0173, ma\u017e\u0173 \u0161eim\u0173 versl\u0173, rank\u0173 darbo, dovan\u0173 sau ir artimiesiems.\",\"publisher\":{\"@id\":\"https:\/\/skaitytaknyga.lt\/#organization\"},\"potentialAction\":[{\"@type\":\"SearchAction\",\"target\":{\"@type\":\"EntryPoint\",\"urlTemplate\":\"https:\/\/skaitytaknyga.lt\/?s={search_term_string}\"},\"query-input\":{\"@type\":\"PropertyValueSpecification\",\"valueRequired\":true,\"valueName\":\"search_term_string\"}}],\"inLanguage\":\"en-GB\"},{\"@type\":\"Organization\",\"@id\":\"https:\/\/skaitytaknyga.lt\/#organization\",\"name\":\"skaitytaknyga.lt\",\"url\":\"https:\/\/skaitytaknyga.lt\/\",\"logo\":{\"@type\":\"ImageObject\",\"inLanguage\":\"en-GB\",\"@id\":\"https:\/\/skaitytaknyga.lt\/#\/schema\/logo\/image\/\",\"url\":\"https:\/\/skaitytaknyga.lt\/wp-content\/uploads\/2024\/05\/cropped-cropped-cropped-02_00843_jt3bggkj1j3HLc7SyY6rEUpg.jpeg\",\"contentUrl\":\"https:\/\/skaitytaknyga.lt\/wp-content\/uploads\/2024\/05\/cropped-cropped-cropped-02_00843_jt3bggkj1j3HLc7SyY6rEUpg.jpeg\",\"width\":1600,\"height\":1600,\"caption\":\"skaitytaknyga.lt\"},\"image\":{\"@id\":\"https:\/\/skaitytaknyga.lt\/#\/schema\/logo\/image\/\"},\"sameAs\":[\"https:\/\/www.facebook.com\/skaitytaknyga\/\"]}]}<\/script>\n<!-- \/ Yoast SEO plugin. -->","yoast_head_json":{"title":"\u201eValkirijos\u201c operacijos \u017elugimas","description":"1944 met\u0173 liepos 20 d. Hitlerio \u0161tabe ryt\u0173 Pr\u016bsijoje per pad\u0117ties aptarim\u0105 sprogo bomba. Kas \u012fvyko t\u0105 nepaprast\u0105 dien\u0105, prie\u0161 j\u0105 ir po to Hansas Helmutas","robots":{"index":"index","follow":"follow","max-snippet":"max-snippet:-1","max-image-preview":"max-image-preview:large","max-video-preview":"max-video-preview:-1"},"canonical":"https:\/\/skaitytaknyga.lt\/en\/produktas\/valkirijos-operacijos-zlugimas\/","og_locale":"en_GB","og_type":"article","og_title":"[:lt]\u201eValkirijos\u201c operacijos \u017elugimas[:] - Skaitytaknyga","og_description":"1944 met\u0173 liepos 20 d. Hitlerio \u0161tabe ryt\u0173 Pr\u016bsijoje per pad\u0117ties aptarim\u0105 sprogo bomba. Kas \u012fvyko t\u0105 nepaprast\u0105 dien\u0105, prie\u0161 j\u0105 ir po to Hansas Helmutas","og_url":"https:\/\/skaitytaknyga.lt\/en\/produktas\/valkirijos-operacijos-zlugimas\/","og_site_name":"Skaitytaknyga","article_publisher":"https:\/\/www.facebook.com\/skaitytaknyga\/","article_modified_time":"2025-01-24T15:01:44+00:00","og_image":[{"width":511,"height":799,"url":"https:\/\/skaitytaknyga.lt\/wp-content\/uploads\/2025\/01\/\u201eValkirijos-operacijos-zlugimas.webp","type":"image\/webp"}],"twitter_card":"summary_large_image","twitter_misc":{"Estimated reading time":"1 minute"},"schema":{"@context":"https:\/\/schema.org","@graph":[{"@type":"WebPage","@id":"https:\/\/skaitytaknyga.lt\/produktas\/valkirijos-operacijos-zlugimas\/","url":"https:\/\/skaitytaknyga.lt\/produktas\/valkirijos-operacijos-zlugimas\/","name":"\u201eValkirijos\u201c operacijos \u017elugimas","isPartOf":{"@id":"https:\/\/skaitytaknyga.lt\/#website"},"primaryImageOfPage":{"@id":"https:\/\/skaitytaknyga.lt\/produktas\/valkirijos-operacijos-zlugimas\/#primaryimage"},"image":{"@id":"https:\/\/skaitytaknyga.lt\/produktas\/valkirijos-operacijos-zlugimas\/#primaryimage"},"thumbnailUrl":"https:\/\/skaitytaknyga.lt\/wp-content\/uploads\/2025\/01\/\u201eValkirijos-operacijos-zlugimas.webp","datePublished":"2025-01-24T15:01:03+00:00","dateModified":"2025-01-24T15:01:44+00:00","description":"1944 met\u0173 liepos 20 d. Hitlerio \u0161tabe ryt\u0173 Pr\u016bsijoje per pad\u0117ties aptarim\u0105 sprogo bomba. Kas \u012fvyko t\u0105 nepaprast\u0105 dien\u0105, prie\u0161 j\u0105 ir po to Hansas Helmutas","breadcrumb":{"@id":"https:\/\/skaitytaknyga.lt\/produktas\/valkirijos-operacijos-zlugimas\/#breadcrumb"},"inLanguage":"en-GB","potentialAction":[{"@type":"ReadAction","target":["https:\/\/skaitytaknyga.lt\/produktas\/valkirijos-operacijos-zlugimas\/"]}]},{"@type":"ImageObject","inLanguage":"en-GB","@id":"https:\/\/skaitytaknyga.lt\/produktas\/valkirijos-operacijos-zlugimas\/#primaryimage","url":"https:\/\/skaitytaknyga.lt\/wp-content\/uploads\/2025\/01\/\u201eValkirijos-operacijos-zlugimas.webp","contentUrl":"https:\/\/skaitytaknyga.lt\/wp-content\/uploads\/2025\/01\/\u201eValkirijos-operacijos-zlugimas.webp","width":511,"height":799,"caption":"\u201eValkirijos\u201c operacijos \u017elugimas"},{"@type":"BreadcrumbList","@id":"https:\/\/skaitytaknyga.lt\/produktas\/valkirijos-operacijos-zlugimas\/#breadcrumb","itemListElement":[{"@type":"ListItem","position":1,"name":"Home","item":"https:\/\/skaitytaknyga.lt\/"},{"@type":"ListItem","position":2,"name":"Parduotuv\u0117","item":"https:\/\/skaitytaknyga.lt\/knygu-parduotuve\/"},{"@type":"ListItem","position":3,"name":"\u201eValkirijos\u201c operacijos \u017elugimas"}]},{"@type":"WebSite","@id":"https:\/\/skaitytaknyga.lt\/#website","url":"https:\/\/skaitytaknyga.lt\/","name":"skaitytaknyga.lt","description":"Skaitytaknyga.lt \u2013 tai ma\u017eas \u0161eimos verslas, kuris prasid\u0117jo nuo meil\u0117s knygoms ir siekio i\u0161gelb\u0117ti knygas nuo likimo prie konteinerio. Kas vienam nereikalingas daiktas \u2013 kitam lobis, o mes esame tarpininkai, kurie padeda abiems tapti laimingesniems ???? \u017dinome kaip nelengva i\u0161gyventi ma\u017eiems verslams, tad nuo \u0161iol, \u010dia rasite ir kit\u0173, ma\u017e\u0173 \u0161eim\u0173 versl\u0173, rank\u0173 darbo, dovan\u0173 sau ir artimiesiems.","publisher":{"@id":"https:\/\/skaitytaknyga.lt\/#organization"},"potentialAction":[{"@type":"SearchAction","target":{"@type":"EntryPoint","urlTemplate":"https:\/\/skaitytaknyga.lt\/?s={search_term_string}"},"query-input":{"@type":"PropertyValueSpecification","valueRequired":true,"valueName":"search_term_string"}}],"inLanguage":"en-GB"},{"@type":"Organization","@id":"https:\/\/skaitytaknyga.lt\/#organization","name":"skaitytaknyga.lt","url":"https:\/\/skaitytaknyga.lt\/","logo":{"@type":"ImageObject","inLanguage":"en-GB","@id":"https:\/\/skaitytaknyga.lt\/#\/schema\/logo\/image\/","url":"https:\/\/skaitytaknyga.lt\/wp-content\/uploads\/2024\/05\/cropped-cropped-cropped-02_00843_jt3bggkj1j3HLc7SyY6rEUpg.jpeg","contentUrl":"https:\/\/skaitytaknyga.lt\/wp-content\/uploads\/2024\/05\/cropped-cropped-cropped-02_00843_jt3bggkj1j3HLc7SyY6rEUpg.jpeg","width":1600,"height":1600,"caption":"skaitytaknyga.lt"},"image":{"@id":"https:\/\/skaitytaknyga.lt\/#\/schema\/logo\/image\/"},"sameAs":["https:\/\/www.facebook.com\/skaitytaknyga\/"]}]}},"_links":{"self":[{"href":"https:\/\/skaitytaknyga.lt\/en\/wp-json\/wp\/v2\/product\/16020","targetHints":{"allow":["GET"]}}],"collection":[{"href":"https:\/\/skaitytaknyga.lt\/en\/wp-json\/wp\/v2\/product"}],"about":[{"href":"https:\/\/skaitytaknyga.lt\/en\/wp-json\/wp\/v2\/types\/product"}],"replies":[{"embeddable":true,"href":"https:\/\/skaitytaknyga.lt\/en\/wp-json\/wp\/v2\/comments?post=16020"}],"wp:featuredmedia":[{"embeddable":true,"href":"https:\/\/skaitytaknyga.lt\/en\/wp-json\/wp\/v2\/media\/16021"}],"wp:attachment":[{"href":"https:\/\/skaitytaknyga.lt\/en\/wp-json\/wp\/v2\/media?parent=16020"}],"wp:term":[{"taxonomy":"product_brand","embeddable":true,"href":"https:\/\/skaitytaknyga.lt\/en\/wp-json\/wp\/v2\/product_brand?post=16020"},{"taxonomy":"product_cat","embeddable":true,"href":"https:\/\/skaitytaknyga.lt\/en\/wp-json\/wp\/v2\/product_cat?post=16020"},{"taxonomy":"product_tag","embeddable":true,"href":"https:\/\/skaitytaknyga.lt\/en\/wp-json\/wp\/v2\/product_tag?post=16020"}],"curies":[{"name":"wp","href":"https:\/\/api.w.org\/{rel}","templated":true}]}}