{"id":16016,"date":"2025-01-24T16:52:10","date_gmt":"2025-01-24T14:52:10","guid":{"rendered":"https:\/\/skaitytaknyga.lt\/?post_type=product&#038;p=16016"},"modified":"2025-01-24T16:53:48","modified_gmt":"2025-01-24T14:53:48","slug":"vilniaus-atminties-punktyrai","status":"publish","type":"product","link":"https:\/\/skaitytaknyga.lt\/en\/produktas\/vilniaus-atminties-punktyrai\/","title":{"rendered":"VILNIAUS ATMINTIES PUNKTYRAI"},"content":{"rendered":"<p>\u201eKiek \u017emoni\u0173, tiek ir Vilni\u0173. Kiekvienas j\u012f i\u0161vaik\u0161tome, i\u0161brai\u017eome pagal savo gyvenimus. Viskas prasid\u0117jo nuo vieno i\u0161 sen\u0173j\u0173 vilnie\u010di\u0173, kuris tiesiog pri\u0117jo prie man\u0119s gatv\u0117je ir prad\u0117jo vaizd\u017eiai pasakoti apie vaikyst\u0117s kvapus ir gri\u016bnan\u010dius kaminus pokario Vilniuje. Tai buvo tarsi likimo pir\u0161tas \u2013 impulsas u\u017era\u0161yti sen\u0173j\u0173 vilnie\u010di\u0173 pasakojimus apie j\u0173 kasdienius vaikyst\u0117s, paauglyst\u0117s ir jaunyst\u0117s mar\u0161rutus. Kad \u0161iuolaikinis miesto gyventojas gal\u0117t\u0173 tyrin\u0117ti ir pajusti, jog miestas, gatv\u0117s, pastatai yra gyvi, kad tos pa\u010dios vietos skirtingiems \u017emon\u0117ms turi vis kit\u0105 reik\u0161m\u0119, ta\u010diau visus sieja nematomi laiko, vietos, istorijos ry\u0161iai.&#8221;<\/p>\n<ul class=\"about-product d-none d-xl-block mt-4\">\n<li><strong>Autorius:<\/strong>\u00a0Gabija Lunevi\u010di\u016bt\u0117<\/li>\n<li><strong>Leid\u0117jas:<\/strong>\u00a0BALTO leidybos namai<\/li>\n<li><strong>Metai:<\/strong>\u00a02020<\/li>\n<li><strong>Puslapiai:<\/strong>\u00a0376<\/li>\n<li class=\"toggleable type-new-formats \"><strong>ISBN:<\/strong>\u00a09786094870217<\/li>\n<li><strong>Versijos kodas:<\/strong>\u00a014<\/li>\n<li class=\"toggleable type-new-formats \"><strong>Formatas:<\/strong>\u00a014,8 x 22 x 1,7 cm, mink\u0161ti vir\u0161eliai<\/li>\n<li><strong>Kalba:<\/strong>\u00a0Lietuvi\u0173<\/li>\n<\/ul>\n","protected":false},"excerpt":{"rendered":"<p>\u201eKiek \u017emoni\u0173, tiek ir Vilni\u0173. Kiekvienas j\u012f i\u0161vaik\u0161tome, i\u0161brai\u017eome pagal savo gyvenimus. Viskas prasid\u0117jo nuo vieno i\u0161 sen\u0173j\u0173 vilnie\u010di\u0173, kuris tiesiog pri\u0117jo prie man\u0119s gatv\u0117je ir prad\u0117jo vaizd\u017eiai pasakoti apie vaikyst\u0117s kvapus ir gri\u016bnan\u010dius kaminus pokario Vilniuje. Tai buvo tarsi likimo pir\u0161tas \u2013 impulsas u\u017era\u0161yti sen\u0173j\u0173 vilnie\u010di\u0173 pasakojimus apie j\u0173 kasdienius vaikyst\u0117s, paauglyst\u0117s ir jaunyst\u0117s mar\u0161rutus. Kad \u0161iuolaikinis miesto gyventojas gal\u0117t\u0173 tyrin\u0117ti ir pajusti, jog miestas, gatv\u0117s, pastatai yra gyvi, kad tos pa\u010dios vietos skirtingiems \u017emon\u0117ms turi vis kit\u0105 reik\u0161m\u0119, ta\u010diau visus sieja nematomi laiko, vietos, istorijos ry\u0161iai.&#8221; Autorius:\u00a0Gabija Lunevi\u010di\u016bt\u0117 Leid\u0117jas:\u00a0BALTO leidybos namai Metai:\u00a02020 Puslapiai:\u00a0376 ISBN:\u00a09786094870217 Versijos kodas:\u00a014 Formatas:\u00a014,8 x 22 x 1,7 cm, mink\u0161ti vir\u0161eliai Kalba:\u00a0Lietuvi\u0173<\/p>\n","protected":false},"featured_media":16017,"comment_status":"open","ping_status":"closed","template":"","meta":{"_acf_changed":false,"site-sidebar-layout":"default","site-content-layout":"","ast-site-content-layout":"default","site-content-style":"default","site-sidebar-style":"default","ast-global-header-display":"","ast-banner-title-visibility":"","ast-main-header-display":"","ast-hfb-above-header-display":"","ast-hfb-below-header-display":"","ast-hfb-mobile-header-display":"","site-post-title":"","ast-breadcrumbs-content":"","ast-featured-img":"","footer-sml-layout":"","ast-disable-related-posts":"","theme-transparent-header-meta":"default","adv-header-id-meta":"","stick-header-meta":"","header-above-stick-meta":"","header-main-stick-meta":"","header-below-stick-meta":"","astra-migrate-meta-layouts":"set","ast-page-background-enabled":"default","ast-page-background-meta":{"desktop":{"background-color":"","background-image":"","background-repeat":"repeat","background-position":"center center","background-size":"auto","background-attachment":"scroll","background-type":"","background-media":"","overlay-type":"","overlay-color":"","overlay-opacity":"","overlay-gradient":""},"tablet":{"background-color":"","background-image":"","background-repeat":"repeat","background-position":"center center","background-size":"auto","background-attachment":"scroll","background-type":"","background-media":"","overlay-type":"","overlay-color":"","overlay-opacity":"","overlay-gradient":""},"mobile":{"background-color":"","background-image":"","background-repeat":"repeat","background-position":"center center","background-size":"auto","background-attachment":"scroll","background-type":"","background-media":"","overlay-type":"","overlay-color":"","overlay-opacity":"","overlay-gradient":""}},"ast-content-background-meta":{"desktop":{"background-color":"var(--ast-global-color-4)","background-image":"","background-repeat":"repeat","background-position":"center center","background-size":"auto","background-attachment":"scroll","background-type":"","background-media":"","overlay-type":"","overlay-color":"","overlay-opacity":"","overlay-gradient":""},"tablet":{"background-color":"var(--ast-global-color-4)","background-image":"","background-repeat":"repeat","background-position":"center center","background-size":"auto","background-attachment":"scroll","background-type":"","background-media":"","overlay-type":"","overlay-color":"","overlay-opacity":"","overlay-gradient":""},"mobile":{"background-color":"var(--ast-global-color-4)","background-image":"","background-repeat":"repeat","background-position":"center center","background-size":"auto","background-attachment":"scroll","background-type":"","background-media":"","overlay-type":"","overlay-color":"","overlay-opacity":"","overlay-gradient":""}}},"product_brand":[],"product_cat":[15],"product_tag":[],"class_list":{"0":"post-16016","1":"product","2":"type-product","3":"status-publish","4":"has-post-thumbnail","6":"product_cat-uncategorized","7":"desktop-align-left","8":"tablet-align-left","9":"mobile-align-left","11":"first","12":"instock","13":"shipping-taxable","14":"purchasable","15":"product-type-simple"},"acf":[],"yoast_head":"<!-- This site is optimized with the Yoast SEO plugin v27.0 - https:\/\/yoast.com\/product\/yoast-seo-wordpress\/ -->\n<title>VILNIAUS ATMINTIES PUNKTYRAI<\/title>\n<meta name=\"description\" content=\"\u201eKiek \u017emoni\u0173, tiek ir Vilni\u0173. Kiekvienas j\u012f i\u0161vaik\u0161tome, i\u0161brai\u017eome pagal savo gyvenimus. Viskas prasid\u0117jo nuo vieno i\u0161 sen\u0173j\u0173 vilnie\u010di\u0173, kuris tiesiog\" \/>\n<meta name=\"robots\" content=\"index, follow, max-snippet:-1, max-image-preview:large, max-video-preview:-1\" \/>\n<link rel=\"canonical\" href=\"https:\/\/skaitytaknyga.lt\/en\/produktas\/vilniaus-atminties-punktyrai\/\" \/>\n<meta property=\"og:locale\" content=\"en_GB\" \/>\n<meta property=\"og:locale:alternate\" content=\"lt_LT\" \/>\n<meta property=\"og:type\" content=\"article\" \/>\n<meta property=\"og:title\" content=\"VILNIAUS ATMINTIES PUNKTYRAI\" \/>\n<meta property=\"og:description\" content=\"\u201eKiek \u017emoni\u0173, tiek ir Vilni\u0173. Kiekvienas j\u012f i\u0161vaik\u0161tome, i\u0161brai\u017eome pagal savo gyvenimus. Viskas prasid\u0117jo nuo vieno i\u0161 sen\u0173j\u0173 vilnie\u010di\u0173, kuris tiesiog\" \/>\n<meta property=\"og:url\" content=\"https:\/\/skaitytaknyga.lt\/en\/produktas\/vilniaus-atminties-punktyrai\/\" \/>\n<meta property=\"og:site_name\" content=\"Skaitytaknyga\" \/>\n<meta property=\"article:publisher\" content=\"https:\/\/www.facebook.com\/skaitytaknyga\/\" \/>\n<meta property=\"article:modified_time\" content=\"2025-01-24T14:53:48+00:00\" \/>\n<meta property=\"og:image\" content=\"https:\/\/skaitytaknyga.lt\/wp-content\/uploads\/2025\/01\/VILNIAUS-ATMINTIES-PUNKTYRAI.webp\" \/>\n\t<meta property=\"og:image:width\" content=\"538\" \/>\n\t<meta property=\"og:image:height\" content=\"800\" \/>\n\t<meta property=\"og:image:type\" content=\"image\/webp\" \/>\n<meta name=\"twitter:card\" content=\"summary_large_image\" \/>\n<meta name=\"twitter:label1\" content=\"Estimated reading time\" \/>\n\t<meta name=\"twitter:data1\" content=\"1 minute\" \/>\n<script type=\"application\/ld+json\" class=\"yoast-schema-graph\">{\"@context\":\"https:\/\/schema.org\",\"@graph\":[{\"@type\":\"WebPage\",\"@id\":\"https:\/\/skaitytaknyga.lt\/produktas\/vilniaus-atminties-punktyrai\/\",\"url\":\"https:\/\/skaitytaknyga.lt\/produktas\/vilniaus-atminties-punktyrai\/\",\"name\":\"VILNIAUS ATMINTIES PUNKTYRAI\",\"isPartOf\":{\"@id\":\"https:\/\/skaitytaknyga.lt\/#website\"},\"primaryImageOfPage\":{\"@id\":\"https:\/\/skaitytaknyga.lt\/produktas\/vilniaus-atminties-punktyrai\/#primaryimage\"},\"image\":{\"@id\":\"https:\/\/skaitytaknyga.lt\/produktas\/vilniaus-atminties-punktyrai\/#primaryimage\"},\"thumbnailUrl\":\"https:\/\/skaitytaknyga.lt\/wp-content\/uploads\/2025\/01\/VILNIAUS-ATMINTIES-PUNKTYRAI.webp\",\"datePublished\":\"2025-01-24T14:52:10+00:00\",\"dateModified\":\"2025-01-24T14:53:48+00:00\",\"description\":\"\u201eKiek \u017emoni\u0173, tiek ir Vilni\u0173. Kiekvienas j\u012f i\u0161vaik\u0161tome, i\u0161brai\u017eome pagal savo gyvenimus. Viskas prasid\u0117jo nuo vieno i\u0161 sen\u0173j\u0173 vilnie\u010di\u0173, kuris tiesiog\",\"breadcrumb\":{\"@id\":\"https:\/\/skaitytaknyga.lt\/produktas\/vilniaus-atminties-punktyrai\/#breadcrumb\"},\"inLanguage\":\"en-GB\",\"potentialAction\":[{\"@type\":\"ReadAction\",\"target\":[\"https:\/\/skaitytaknyga.lt\/produktas\/vilniaus-atminties-punktyrai\/\"]}]},{\"@type\":\"ImageObject\",\"inLanguage\":\"en-GB\",\"@id\":\"https:\/\/skaitytaknyga.lt\/produktas\/vilniaus-atminties-punktyrai\/#primaryimage\",\"url\":\"https:\/\/skaitytaknyga.lt\/wp-content\/uploads\/2025\/01\/VILNIAUS-ATMINTIES-PUNKTYRAI.webp\",\"contentUrl\":\"https:\/\/skaitytaknyga.lt\/wp-content\/uploads\/2025\/01\/VILNIAUS-ATMINTIES-PUNKTYRAI.webp\",\"width\":538,\"height\":800,\"caption\":\"VILNIAUS ATMINTIES PUNKTYRAI\"},{\"@type\":\"BreadcrumbList\",\"@id\":\"https:\/\/skaitytaknyga.lt\/produktas\/vilniaus-atminties-punktyrai\/#breadcrumb\",\"itemListElement\":[{\"@type\":\"ListItem\",\"position\":1,\"name\":\"Home\",\"item\":\"https:\/\/skaitytaknyga.lt\/\"},{\"@type\":\"ListItem\",\"position\":2,\"name\":\"Parduotuv\u0117\",\"item\":\"https:\/\/skaitytaknyga.lt\/knygu-parduotuve\/\"},{\"@type\":\"ListItem\",\"position\":3,\"name\":\"VILNIAUS ATMINTIES PUNKTYRAI\"}]},{\"@type\":\"WebSite\",\"@id\":\"https:\/\/skaitytaknyga.lt\/#website\",\"url\":\"https:\/\/skaitytaknyga.lt\/\",\"name\":\"skaitytaknyga.lt\",\"description\":\"Skaitytaknyga.lt \u2013 tai ma\u017eas \u0161eimos verslas, kuris prasid\u0117jo nuo meil\u0117s knygoms ir siekio i\u0161gelb\u0117ti knygas nuo likimo prie konteinerio. Kas vienam nereikalingas daiktas \u2013 kitam lobis, o mes esame tarpininkai, kurie padeda abiems tapti laimingesniems ???? \u017dinome kaip nelengva i\u0161gyventi ma\u017eiems verslams, tad nuo \u0161iol, \u010dia rasite ir kit\u0173, ma\u017e\u0173 \u0161eim\u0173 versl\u0173, rank\u0173 darbo, dovan\u0173 sau ir artimiesiems.\",\"publisher\":{\"@id\":\"https:\/\/skaitytaknyga.lt\/#organization\"},\"potentialAction\":[{\"@type\":\"SearchAction\",\"target\":{\"@type\":\"EntryPoint\",\"urlTemplate\":\"https:\/\/skaitytaknyga.lt\/?s={search_term_string}\"},\"query-input\":{\"@type\":\"PropertyValueSpecification\",\"valueRequired\":true,\"valueName\":\"search_term_string\"}}],\"inLanguage\":\"en-GB\"},{\"@type\":\"Organization\",\"@id\":\"https:\/\/skaitytaknyga.lt\/#organization\",\"name\":\"skaitytaknyga.lt\",\"url\":\"https:\/\/skaitytaknyga.lt\/\",\"logo\":{\"@type\":\"ImageObject\",\"inLanguage\":\"en-GB\",\"@id\":\"https:\/\/skaitytaknyga.lt\/#\/schema\/logo\/image\/\",\"url\":\"https:\/\/skaitytaknyga.lt\/wp-content\/uploads\/2024\/05\/cropped-cropped-cropped-02_00843_jt3bggkj1j3HLc7SyY6rEUpg.jpeg\",\"contentUrl\":\"https:\/\/skaitytaknyga.lt\/wp-content\/uploads\/2024\/05\/cropped-cropped-cropped-02_00843_jt3bggkj1j3HLc7SyY6rEUpg.jpeg\",\"width\":1600,\"height\":1600,\"caption\":\"skaitytaknyga.lt\"},\"image\":{\"@id\":\"https:\/\/skaitytaknyga.lt\/#\/schema\/logo\/image\/\"},\"sameAs\":[\"https:\/\/www.facebook.com\/skaitytaknyga\/\"]}]}<\/script>\n<!-- \/ Yoast SEO plugin. -->","yoast_head_json":{"title":"VILNIAUS ATMINTIES PUNKTYRAI","description":"\u201eKiek \u017emoni\u0173, tiek ir Vilni\u0173. Kiekvienas j\u012f i\u0161vaik\u0161tome, i\u0161brai\u017eome pagal savo gyvenimus. Viskas prasid\u0117jo nuo vieno i\u0161 sen\u0173j\u0173 vilnie\u010di\u0173, kuris tiesiog","robots":{"index":"index","follow":"follow","max-snippet":"max-snippet:-1","max-image-preview":"max-image-preview:large","max-video-preview":"max-video-preview:-1"},"canonical":"https:\/\/skaitytaknyga.lt\/en\/produktas\/vilniaus-atminties-punktyrai\/","og_locale":"en_GB","og_type":"article","og_title":"[:lt]VILNIAUS ATMINTIES PUNKTYRAI[:] - Skaitytaknyga","og_description":"\u201eKiek \u017emoni\u0173, tiek ir Vilni\u0173. Kiekvienas j\u012f i\u0161vaik\u0161tome, i\u0161brai\u017eome pagal savo gyvenimus. Viskas prasid\u0117jo nuo vieno i\u0161 sen\u0173j\u0173 vilnie\u010di\u0173, kuris tiesiog","og_url":"https:\/\/skaitytaknyga.lt\/en\/produktas\/vilniaus-atminties-punktyrai\/","og_site_name":"Skaitytaknyga","article_publisher":"https:\/\/www.facebook.com\/skaitytaknyga\/","article_modified_time":"2025-01-24T14:53:48+00:00","og_image":[{"width":538,"height":800,"url":"https:\/\/skaitytaknyga.lt\/wp-content\/uploads\/2025\/01\/VILNIAUS-ATMINTIES-PUNKTYRAI.webp","type":"image\/webp"}],"twitter_card":"summary_large_image","twitter_misc":{"Estimated reading time":"1 minute"},"schema":{"@context":"https:\/\/schema.org","@graph":[{"@type":"WebPage","@id":"https:\/\/skaitytaknyga.lt\/produktas\/vilniaus-atminties-punktyrai\/","url":"https:\/\/skaitytaknyga.lt\/produktas\/vilniaus-atminties-punktyrai\/","name":"VILNIAUS ATMINTIES PUNKTYRAI","isPartOf":{"@id":"https:\/\/skaitytaknyga.lt\/#website"},"primaryImageOfPage":{"@id":"https:\/\/skaitytaknyga.lt\/produktas\/vilniaus-atminties-punktyrai\/#primaryimage"},"image":{"@id":"https:\/\/skaitytaknyga.lt\/produktas\/vilniaus-atminties-punktyrai\/#primaryimage"},"thumbnailUrl":"https:\/\/skaitytaknyga.lt\/wp-content\/uploads\/2025\/01\/VILNIAUS-ATMINTIES-PUNKTYRAI.webp","datePublished":"2025-01-24T14:52:10+00:00","dateModified":"2025-01-24T14:53:48+00:00","description":"\u201eKiek \u017emoni\u0173, tiek ir Vilni\u0173. Kiekvienas j\u012f i\u0161vaik\u0161tome, i\u0161brai\u017eome pagal savo gyvenimus. Viskas prasid\u0117jo nuo vieno i\u0161 sen\u0173j\u0173 vilnie\u010di\u0173, kuris tiesiog","breadcrumb":{"@id":"https:\/\/skaitytaknyga.lt\/produktas\/vilniaus-atminties-punktyrai\/#breadcrumb"},"inLanguage":"en-GB","potentialAction":[{"@type":"ReadAction","target":["https:\/\/skaitytaknyga.lt\/produktas\/vilniaus-atminties-punktyrai\/"]}]},{"@type":"ImageObject","inLanguage":"en-GB","@id":"https:\/\/skaitytaknyga.lt\/produktas\/vilniaus-atminties-punktyrai\/#primaryimage","url":"https:\/\/skaitytaknyga.lt\/wp-content\/uploads\/2025\/01\/VILNIAUS-ATMINTIES-PUNKTYRAI.webp","contentUrl":"https:\/\/skaitytaknyga.lt\/wp-content\/uploads\/2025\/01\/VILNIAUS-ATMINTIES-PUNKTYRAI.webp","width":538,"height":800,"caption":"VILNIAUS ATMINTIES PUNKTYRAI"},{"@type":"BreadcrumbList","@id":"https:\/\/skaitytaknyga.lt\/produktas\/vilniaus-atminties-punktyrai\/#breadcrumb","itemListElement":[{"@type":"ListItem","position":1,"name":"Home","item":"https:\/\/skaitytaknyga.lt\/"},{"@type":"ListItem","position":2,"name":"Parduotuv\u0117","item":"https:\/\/skaitytaknyga.lt\/knygu-parduotuve\/"},{"@type":"ListItem","position":3,"name":"VILNIAUS ATMINTIES PUNKTYRAI"}]},{"@type":"WebSite","@id":"https:\/\/skaitytaknyga.lt\/#website","url":"https:\/\/skaitytaknyga.lt\/","name":"skaitytaknyga.lt","description":"Skaitytaknyga.lt \u2013 tai ma\u017eas \u0161eimos verslas, kuris prasid\u0117jo nuo meil\u0117s knygoms ir siekio i\u0161gelb\u0117ti knygas nuo likimo prie konteinerio. Kas vienam nereikalingas daiktas \u2013 kitam lobis, o mes esame tarpininkai, kurie padeda abiems tapti laimingesniems ???? \u017dinome kaip nelengva i\u0161gyventi ma\u017eiems verslams, tad nuo \u0161iol, \u010dia rasite ir kit\u0173, ma\u017e\u0173 \u0161eim\u0173 versl\u0173, rank\u0173 darbo, dovan\u0173 sau ir artimiesiems.","publisher":{"@id":"https:\/\/skaitytaknyga.lt\/#organization"},"potentialAction":[{"@type":"SearchAction","target":{"@type":"EntryPoint","urlTemplate":"https:\/\/skaitytaknyga.lt\/?s={search_term_string}"},"query-input":{"@type":"PropertyValueSpecification","valueRequired":true,"valueName":"search_term_string"}}],"inLanguage":"en-GB"},{"@type":"Organization","@id":"https:\/\/skaitytaknyga.lt\/#organization","name":"skaitytaknyga.lt","url":"https:\/\/skaitytaknyga.lt\/","logo":{"@type":"ImageObject","inLanguage":"en-GB","@id":"https:\/\/skaitytaknyga.lt\/#\/schema\/logo\/image\/","url":"https:\/\/skaitytaknyga.lt\/wp-content\/uploads\/2024\/05\/cropped-cropped-cropped-02_00843_jt3bggkj1j3HLc7SyY6rEUpg.jpeg","contentUrl":"https:\/\/skaitytaknyga.lt\/wp-content\/uploads\/2024\/05\/cropped-cropped-cropped-02_00843_jt3bggkj1j3HLc7SyY6rEUpg.jpeg","width":1600,"height":1600,"caption":"skaitytaknyga.lt"},"image":{"@id":"https:\/\/skaitytaknyga.lt\/#\/schema\/logo\/image\/"},"sameAs":["https:\/\/www.facebook.com\/skaitytaknyga\/"]}]}},"_links":{"self":[{"href":"https:\/\/skaitytaknyga.lt\/en\/wp-json\/wp\/v2\/product\/16016","targetHints":{"allow":["GET"]}}],"collection":[{"href":"https:\/\/skaitytaknyga.lt\/en\/wp-json\/wp\/v2\/product"}],"about":[{"href":"https:\/\/skaitytaknyga.lt\/en\/wp-json\/wp\/v2\/types\/product"}],"replies":[{"embeddable":true,"href":"https:\/\/skaitytaknyga.lt\/en\/wp-json\/wp\/v2\/comments?post=16016"}],"wp:featuredmedia":[{"embeddable":true,"href":"https:\/\/skaitytaknyga.lt\/en\/wp-json\/wp\/v2\/media\/16017"}],"wp:attachment":[{"href":"https:\/\/skaitytaknyga.lt\/en\/wp-json\/wp\/v2\/media?parent=16016"}],"wp:term":[{"taxonomy":"product_brand","embeddable":true,"href":"https:\/\/skaitytaknyga.lt\/en\/wp-json\/wp\/v2\/product_brand?post=16016"},{"taxonomy":"product_cat","embeddable":true,"href":"https:\/\/skaitytaknyga.lt\/en\/wp-json\/wp\/v2\/product_cat?post=16016"},{"taxonomy":"product_tag","embeddable":true,"href":"https:\/\/skaitytaknyga.lt\/en\/wp-json\/wp\/v2\/product_tag?post=16016"}],"curies":[{"name":"wp","href":"https:\/\/api.w.org\/{rel}","templated":true}]}}