{"id":16010,"date":"2025-01-24T16:41:44","date_gmt":"2025-01-24T14:41:44","guid":{"rendered":"https:\/\/skaitytaknyga.lt\/?post_type=product&#038;p=16010"},"modified":"2025-01-24T16:44:02","modified_gmt":"2025-01-24T14:44:02","slug":"valteris-skotas-aivenhas-pagelte-lapai","status":"publish","type":"product","link":"https:\/\/skaitytaknyga.lt\/en\/produktas\/valteris-skotas-aivenhas-pagelte-lapai\/","title":{"rendered":"Lordo Art\u016bro Sevilo nusikaltimas"},"content":{"rendered":"<div class=\"description tab-item\">\n<div class=\"tab-content\">\n<p>Oskaras Vaildas (Oscar Fingal O\u2018Flahertie Wills Wilde, 1854-1900) &#8211; airi\u0173 kilm\u0117s dramaturgas, romanistas, poetas, da\u017enai vadintas estet\u0173 lyderiu. Gars\u0117jo kaip estetizmo puosel\u0117tojas, \u201emenas menui\u201c teorijos k\u016br\u0117jas. O. Vaildas k\u016br\u0117 eil\u0117ra\u0161\u010dius, pasakas, dramas, ra\u0161\u0117 straipsnius, skait\u0117 paskaitas. Ypa\u010d populiarus jo romanas \u201eDoriano Gr\u0117jaus portretas\u201c.<\/p>\n<p>\u0160iame rinkinyje &#8220;Lordo Art\u016bro Sevilo nusikaltimas&#8221;pristatomi ry\u0161kios intrigos, ironi\u0161k\u0173 intonacij\u0173 apsakymai bei pora ma\u017eiau \u017einom\u0173 pasak\u0173.<\/p>\n<p>Informacija<br \/>\nAutorius: Oskaras Vaildas (Oscar Wilde)<br \/>\nLeid\u0117jas: Gimtasis \u017eodis<br \/>\nI\u0161leidimo metai: 2007<br \/>\nKnygos puslapi\u0173 skai\u010dius: 78<br \/>\nFormatas: 15&#215;24, kieti vir\u0161eliai<br \/>\nISBN ar kodas: 9789955161981<\/p>\n<\/div>\n<\/div>\n<div class=\"details tab-item\"><\/div>\n","protected":false},"excerpt":{"rendered":"<p>Oskaras Vaildas (Oscar Fingal O\u2018Flahertie Wills Wilde, 1854-1900) &#8211; airi\u0173 kilm\u0117s dramaturgas, romanistas, poetas, da\u017enai vadintas estet\u0173 lyderiu. Gars\u0117jo kaip estetizmo puosel\u0117tojas, \u201emenas menui\u201c teorijos k\u016br\u0117jas. O. Vaildas k\u016br\u0117 eil\u0117ra\u0161\u010dius, pasakas, dramas, ra\u0161\u0117 straipsnius, skait\u0117 paskaitas. Ypa\u010d populiarus jo romanas \u201eDoriano Gr\u0117jaus portretas\u201c. \u0160iame rinkinyje &#8220;Lordo Art\u016bro Sevilo nusikaltimas&#8221;pristatomi ry\u0161kios intrigos, ironi\u0161k\u0173 intonacij\u0173 apsakymai bei pora ma\u017eiau \u017einom\u0173 pasak\u0173. Informacija Autorius: Oskaras Vaildas (Oscar Wilde) Leid\u0117jas: Gimtasis \u017eodis I\u0161leidimo metai: 2007 Knygos puslapi\u0173 skai\u010dius: 78 Formatas: 15&#215;24, kieti vir\u0161eliai ISBN ar kodas: 9789955161981<\/p>\n","protected":false},"featured_media":16011,"comment_status":"closed","ping_status":"closed","template":"","meta":{"_acf_changed":false,"site-sidebar-layout":"default","site-content-layout":"","ast-site-content-layout":"default","site-content-style":"default","site-sidebar-style":"default","ast-global-header-display":"","ast-banner-title-visibility":"","ast-main-header-display":"","ast-hfb-above-header-display":"","ast-hfb-below-header-display":"","ast-hfb-mobile-header-display":"","site-post-title":"","ast-breadcrumbs-content":"","ast-featured-img":"","footer-sml-layout":"","ast-disable-related-posts":"","theme-transparent-header-meta":"default","adv-header-id-meta":"","stick-header-meta":"","header-above-stick-meta":"","header-main-stick-meta":"","header-below-stick-meta":"","astra-migrate-meta-layouts":"set","ast-page-background-enabled":"default","ast-page-background-meta":{"desktop":{"background-color":"","background-image":"","background-repeat":"repeat","background-position":"center center","background-size":"auto","background-attachment":"scroll","background-type":"","background-media":"","overlay-type":"","overlay-color":"","overlay-opacity":"","overlay-gradient":""},"tablet":{"background-color":"","background-image":"","background-repeat":"repeat","background-position":"center center","background-size":"auto","background-attachment":"scroll","background-type":"","background-media":"","overlay-type":"","overlay-color":"","overlay-opacity":"","overlay-gradient":""},"mobile":{"background-color":"","background-image":"","background-repeat":"repeat","background-position":"center center","background-size":"auto","background-attachment":"scroll","background-type":"","background-media":"","overlay-type":"","overlay-color":"","overlay-opacity":"","overlay-gradient":""}},"ast-content-background-meta":{"desktop":{"background-color":"var(--ast-global-color-4)","background-image":"","background-repeat":"repeat","background-position":"center center","background-size":"auto","background-attachment":"scroll","background-type":"","background-media":"","overlay-type":"","overlay-color":"","overlay-opacity":"","overlay-gradient":""},"tablet":{"background-color":"var(--ast-global-color-4)","background-image":"","background-repeat":"repeat","background-position":"center center","background-size":"auto","background-attachment":"scroll","background-type":"","background-media":"","overlay-type":"","overlay-color":"","overlay-opacity":"","overlay-gradient":""},"mobile":{"background-color":"var(--ast-global-color-4)","background-image":"","background-repeat":"repeat","background-position":"center center","background-size":"auto","background-attachment":"scroll","background-type":"","background-media":"","overlay-type":"","overlay-color":"","overlay-opacity":"","overlay-gradient":""}}},"product_brand":[],"product_cat":[31],"product_tag":[],"class_list":{"0":"post-16010","1":"product","2":"type-product","3":"status-publish","4":"has-post-thumbnail","6":"product_cat-grozine-literatura","7":"desktop-align-left","8":"tablet-align-left","9":"mobile-align-left","11":"first","12":"instock","13":"shipping-taxable","14":"purchasable","15":"product-type-simple"},"acf":[],"yoast_head":"<!-- This site is optimized with the Yoast SEO plugin v27.0 - https:\/\/yoast.com\/product\/yoast-seo-wordpress\/ -->\n<title>Lordo Art\u016bro Sevilo nusikaltimas<\/title>\n<meta name=\"description\" content=\"Oskaras Vaildas (Oscar Fingal O\u2018Flahertie Wills Wilde, 1854-1900) - airi\u0173 kilm\u0117s dramaturgas, romanistas, poetas, da\u017enai vadintas estet\u0173 lyderiu. Gars\u0117jo\" \/>\n<meta name=\"robots\" content=\"index, follow, max-snippet:-1, max-image-preview:large, max-video-preview:-1\" \/>\n<link rel=\"canonical\" href=\"https:\/\/skaitytaknyga.lt\/en\/produktas\/valteris-skotas-aivenhas-pagelte-lapai\/\" \/>\n<meta property=\"og:locale\" content=\"en_GB\" \/>\n<meta property=\"og:locale:alternate\" content=\"lt_LT\" \/>\n<meta property=\"og:type\" content=\"article\" \/>\n<meta property=\"og:title\" content=\"Lordo Art\u016bro Sevilo nusikaltimas\" \/>\n<meta property=\"og:description\" content=\"Oskaras Vaildas (Oscar Fingal O\u2018Flahertie Wills Wilde, 1854-1900) - airi\u0173 kilm\u0117s dramaturgas, romanistas, poetas, da\u017enai vadintas estet\u0173 lyderiu. Gars\u0117jo\" \/>\n<meta property=\"og:url\" content=\"https:\/\/skaitytaknyga.lt\/en\/produktas\/valteris-skotas-aivenhas-pagelte-lapai\/\" \/>\n<meta property=\"og:site_name\" content=\"Skaitytaknyga\" \/>\n<meta property=\"article:publisher\" content=\"https:\/\/www.facebook.com\/skaitytaknyga\/\" \/>\n<meta property=\"article:modified_time\" content=\"2025-01-24T14:44:02+00:00\" \/>\n<meta property=\"og:image\" content=\"https:\/\/skaitytaknyga.lt\/wp-content\/uploads\/2025\/01\/Lordo-Arturo-Sevilo-nusikaltimas.jpg\" \/>\n\t<meta property=\"og:image:width\" content=\"216\" \/>\n\t<meta property=\"og:image:height\" content=\"345\" \/>\n\t<meta property=\"og:image:type\" content=\"image\/jpeg\" \/>\n<meta name=\"twitter:card\" content=\"summary_large_image\" \/>\n<meta name=\"twitter:label1\" content=\"Estimated reading time\" \/>\n\t<meta name=\"twitter:data1\" content=\"1 minute\" \/>\n<script type=\"application\/ld+json\" class=\"yoast-schema-graph\">{\"@context\":\"https:\/\/schema.org\",\"@graph\":[{\"@type\":\"WebPage\",\"@id\":\"https:\/\/skaitytaknyga.lt\/produktas\/valteris-skotas-aivenhas-pagelte-lapai\/\",\"url\":\"https:\/\/skaitytaknyga.lt\/produktas\/valteris-skotas-aivenhas-pagelte-lapai\/\",\"name\":\"Lordo Art\u016bro Sevilo nusikaltimas\",\"isPartOf\":{\"@id\":\"https:\/\/skaitytaknyga.lt\/#website\"},\"primaryImageOfPage\":{\"@id\":\"https:\/\/skaitytaknyga.lt\/produktas\/valteris-skotas-aivenhas-pagelte-lapai\/#primaryimage\"},\"image\":{\"@id\":\"https:\/\/skaitytaknyga.lt\/produktas\/valteris-skotas-aivenhas-pagelte-lapai\/#primaryimage\"},\"thumbnailUrl\":\"https:\/\/skaitytaknyga.lt\/wp-content\/uploads\/2025\/01\/Lordo-Arturo-Sevilo-nusikaltimas.jpg\",\"datePublished\":\"2025-01-24T14:41:44+00:00\",\"dateModified\":\"2025-01-24T14:44:02+00:00\",\"description\":\"Oskaras Vaildas (Oscar Fingal O\u2018Flahertie Wills Wilde, 1854-1900) - airi\u0173 kilm\u0117s dramaturgas, romanistas, poetas, da\u017enai vadintas estet\u0173 lyderiu. Gars\u0117jo\",\"breadcrumb\":{\"@id\":\"https:\/\/skaitytaknyga.lt\/produktas\/valteris-skotas-aivenhas-pagelte-lapai\/#breadcrumb\"},\"inLanguage\":\"en-GB\",\"potentialAction\":[{\"@type\":\"ReadAction\",\"target\":[\"https:\/\/skaitytaknyga.lt\/produktas\/valteris-skotas-aivenhas-pagelte-lapai\/\"]}]},{\"@type\":\"ImageObject\",\"inLanguage\":\"en-GB\",\"@id\":\"https:\/\/skaitytaknyga.lt\/produktas\/valteris-skotas-aivenhas-pagelte-lapai\/#primaryimage\",\"url\":\"https:\/\/skaitytaknyga.lt\/wp-content\/uploads\/2025\/01\/Lordo-Arturo-Sevilo-nusikaltimas.jpg\",\"contentUrl\":\"https:\/\/skaitytaknyga.lt\/wp-content\/uploads\/2025\/01\/Lordo-Arturo-Sevilo-nusikaltimas.jpg\",\"width\":216,\"height\":345,\"caption\":\"Lordo Art\u016bro Sevilo nusikaltimas\"},{\"@type\":\"BreadcrumbList\",\"@id\":\"https:\/\/skaitytaknyga.lt\/produktas\/valteris-skotas-aivenhas-pagelte-lapai\/#breadcrumb\",\"itemListElement\":[{\"@type\":\"ListItem\",\"position\":1,\"name\":\"Home\",\"item\":\"https:\/\/skaitytaknyga.lt\/\"},{\"@type\":\"ListItem\",\"position\":2,\"name\":\"Parduotuv\u0117\",\"item\":\"https:\/\/skaitytaknyga.lt\/knygu-parduotuve\/\"},{\"@type\":\"ListItem\",\"position\":3,\"name\":\"Lordo Art\u016bro Sevilo nusikaltimas\"}]},{\"@type\":\"WebSite\",\"@id\":\"https:\/\/skaitytaknyga.lt\/#website\",\"url\":\"https:\/\/skaitytaknyga.lt\/\",\"name\":\"skaitytaknyga.lt\",\"description\":\"Skaitytaknyga.lt \u2013 tai ma\u017eas \u0161eimos verslas, kuris prasid\u0117jo nuo meil\u0117s knygoms ir siekio i\u0161gelb\u0117ti knygas nuo likimo prie konteinerio. Kas vienam nereikalingas daiktas \u2013 kitam lobis, o mes esame tarpininkai, kurie padeda abiems tapti laimingesniems ???? \u017dinome kaip nelengva i\u0161gyventi ma\u017eiems verslams, tad nuo \u0161iol, \u010dia rasite ir kit\u0173, ma\u017e\u0173 \u0161eim\u0173 versl\u0173, rank\u0173 darbo, dovan\u0173 sau ir artimiesiems.\",\"publisher\":{\"@id\":\"https:\/\/skaitytaknyga.lt\/#organization\"},\"potentialAction\":[{\"@type\":\"SearchAction\",\"target\":{\"@type\":\"EntryPoint\",\"urlTemplate\":\"https:\/\/skaitytaknyga.lt\/?s={search_term_string}\"},\"query-input\":{\"@type\":\"PropertyValueSpecification\",\"valueRequired\":true,\"valueName\":\"search_term_string\"}}],\"inLanguage\":\"en-GB\"},{\"@type\":\"Organization\",\"@id\":\"https:\/\/skaitytaknyga.lt\/#organization\",\"name\":\"skaitytaknyga.lt\",\"url\":\"https:\/\/skaitytaknyga.lt\/\",\"logo\":{\"@type\":\"ImageObject\",\"inLanguage\":\"en-GB\",\"@id\":\"https:\/\/skaitytaknyga.lt\/#\/schema\/logo\/image\/\",\"url\":\"https:\/\/skaitytaknyga.lt\/wp-content\/uploads\/2024\/05\/cropped-cropped-cropped-02_00843_jt3bggkj1j3HLc7SyY6rEUpg.jpeg\",\"contentUrl\":\"https:\/\/skaitytaknyga.lt\/wp-content\/uploads\/2024\/05\/cropped-cropped-cropped-02_00843_jt3bggkj1j3HLc7SyY6rEUpg.jpeg\",\"width\":1600,\"height\":1600,\"caption\":\"skaitytaknyga.lt\"},\"image\":{\"@id\":\"https:\/\/skaitytaknyga.lt\/#\/schema\/logo\/image\/\"},\"sameAs\":[\"https:\/\/www.facebook.com\/skaitytaknyga\/\"]}]}<\/script>\n<!-- \/ Yoast SEO plugin. -->","yoast_head_json":{"title":"Lordo Art\u016bro Sevilo nusikaltimas","description":"Oskaras Vaildas (Oscar Fingal O\u2018Flahertie Wills Wilde, 1854-1900) - airi\u0173 kilm\u0117s dramaturgas, romanistas, poetas, da\u017enai vadintas estet\u0173 lyderiu. Gars\u0117jo","robots":{"index":"index","follow":"follow","max-snippet":"max-snippet:-1","max-image-preview":"max-image-preview:large","max-video-preview":"max-video-preview:-1"},"canonical":"https:\/\/skaitytaknyga.lt\/en\/produktas\/valteris-skotas-aivenhas-pagelte-lapai\/","og_locale":"en_GB","og_type":"article","og_title":"[:lt]Lordo Art\u016bro Sevilo nusikaltimas[:] - Skaitytaknyga","og_description":"Oskaras Vaildas (Oscar Fingal O\u2018Flahertie Wills Wilde, 1854-1900) - airi\u0173 kilm\u0117s dramaturgas, romanistas, poetas, da\u017enai vadintas estet\u0173 lyderiu. Gars\u0117jo","og_url":"https:\/\/skaitytaknyga.lt\/en\/produktas\/valteris-skotas-aivenhas-pagelte-lapai\/","og_site_name":"Skaitytaknyga","article_publisher":"https:\/\/www.facebook.com\/skaitytaknyga\/","article_modified_time":"2025-01-24T14:44:02+00:00","og_image":[{"width":216,"height":345,"url":"https:\/\/skaitytaknyga.lt\/wp-content\/uploads\/2025\/01\/Lordo-Arturo-Sevilo-nusikaltimas.jpg","type":"image\/jpeg"}],"twitter_card":"summary_large_image","twitter_misc":{"Estimated reading time":"1 minute"},"schema":{"@context":"https:\/\/schema.org","@graph":[{"@type":"WebPage","@id":"https:\/\/skaitytaknyga.lt\/produktas\/valteris-skotas-aivenhas-pagelte-lapai\/","url":"https:\/\/skaitytaknyga.lt\/produktas\/valteris-skotas-aivenhas-pagelte-lapai\/","name":"Lordo Art\u016bro Sevilo nusikaltimas","isPartOf":{"@id":"https:\/\/skaitytaknyga.lt\/#website"},"primaryImageOfPage":{"@id":"https:\/\/skaitytaknyga.lt\/produktas\/valteris-skotas-aivenhas-pagelte-lapai\/#primaryimage"},"image":{"@id":"https:\/\/skaitytaknyga.lt\/produktas\/valteris-skotas-aivenhas-pagelte-lapai\/#primaryimage"},"thumbnailUrl":"https:\/\/skaitytaknyga.lt\/wp-content\/uploads\/2025\/01\/Lordo-Arturo-Sevilo-nusikaltimas.jpg","datePublished":"2025-01-24T14:41:44+00:00","dateModified":"2025-01-24T14:44:02+00:00","description":"Oskaras Vaildas (Oscar Fingal O\u2018Flahertie Wills Wilde, 1854-1900) - airi\u0173 kilm\u0117s dramaturgas, romanistas, poetas, da\u017enai vadintas estet\u0173 lyderiu. Gars\u0117jo","breadcrumb":{"@id":"https:\/\/skaitytaknyga.lt\/produktas\/valteris-skotas-aivenhas-pagelte-lapai\/#breadcrumb"},"inLanguage":"en-GB","potentialAction":[{"@type":"ReadAction","target":["https:\/\/skaitytaknyga.lt\/produktas\/valteris-skotas-aivenhas-pagelte-lapai\/"]}]},{"@type":"ImageObject","inLanguage":"en-GB","@id":"https:\/\/skaitytaknyga.lt\/produktas\/valteris-skotas-aivenhas-pagelte-lapai\/#primaryimage","url":"https:\/\/skaitytaknyga.lt\/wp-content\/uploads\/2025\/01\/Lordo-Arturo-Sevilo-nusikaltimas.jpg","contentUrl":"https:\/\/skaitytaknyga.lt\/wp-content\/uploads\/2025\/01\/Lordo-Arturo-Sevilo-nusikaltimas.jpg","width":216,"height":345,"caption":"Lordo Art\u016bro Sevilo nusikaltimas"},{"@type":"BreadcrumbList","@id":"https:\/\/skaitytaknyga.lt\/produktas\/valteris-skotas-aivenhas-pagelte-lapai\/#breadcrumb","itemListElement":[{"@type":"ListItem","position":1,"name":"Home","item":"https:\/\/skaitytaknyga.lt\/"},{"@type":"ListItem","position":2,"name":"Parduotuv\u0117","item":"https:\/\/skaitytaknyga.lt\/knygu-parduotuve\/"},{"@type":"ListItem","position":3,"name":"Lordo Art\u016bro Sevilo nusikaltimas"}]},{"@type":"WebSite","@id":"https:\/\/skaitytaknyga.lt\/#website","url":"https:\/\/skaitytaknyga.lt\/","name":"skaitytaknyga.lt","description":"Skaitytaknyga.lt \u2013 tai ma\u017eas \u0161eimos verslas, kuris prasid\u0117jo nuo meil\u0117s knygoms ir siekio i\u0161gelb\u0117ti knygas nuo likimo prie konteinerio. Kas vienam nereikalingas daiktas \u2013 kitam lobis, o mes esame tarpininkai, kurie padeda abiems tapti laimingesniems ???? \u017dinome kaip nelengva i\u0161gyventi ma\u017eiems verslams, tad nuo \u0161iol, \u010dia rasite ir kit\u0173, ma\u017e\u0173 \u0161eim\u0173 versl\u0173, rank\u0173 darbo, dovan\u0173 sau ir artimiesiems.","publisher":{"@id":"https:\/\/skaitytaknyga.lt\/#organization"},"potentialAction":[{"@type":"SearchAction","target":{"@type":"EntryPoint","urlTemplate":"https:\/\/skaitytaknyga.lt\/?s={search_term_string}"},"query-input":{"@type":"PropertyValueSpecification","valueRequired":true,"valueName":"search_term_string"}}],"inLanguage":"en-GB"},{"@type":"Organization","@id":"https:\/\/skaitytaknyga.lt\/#organization","name":"skaitytaknyga.lt","url":"https:\/\/skaitytaknyga.lt\/","logo":{"@type":"ImageObject","inLanguage":"en-GB","@id":"https:\/\/skaitytaknyga.lt\/#\/schema\/logo\/image\/","url":"https:\/\/skaitytaknyga.lt\/wp-content\/uploads\/2024\/05\/cropped-cropped-cropped-02_00843_jt3bggkj1j3HLc7SyY6rEUpg.jpeg","contentUrl":"https:\/\/skaitytaknyga.lt\/wp-content\/uploads\/2024\/05\/cropped-cropped-cropped-02_00843_jt3bggkj1j3HLc7SyY6rEUpg.jpeg","width":1600,"height":1600,"caption":"skaitytaknyga.lt"},"image":{"@id":"https:\/\/skaitytaknyga.lt\/#\/schema\/logo\/image\/"},"sameAs":["https:\/\/www.facebook.com\/skaitytaknyga\/"]}]}},"_links":{"self":[{"href":"https:\/\/skaitytaknyga.lt\/en\/wp-json\/wp\/v2\/product\/16010","targetHints":{"allow":["GET"]}}],"collection":[{"href":"https:\/\/skaitytaknyga.lt\/en\/wp-json\/wp\/v2\/product"}],"about":[{"href":"https:\/\/skaitytaknyga.lt\/en\/wp-json\/wp\/v2\/types\/product"}],"replies":[{"embeddable":true,"href":"https:\/\/skaitytaknyga.lt\/en\/wp-json\/wp\/v2\/comments?post=16010"}],"wp:featuredmedia":[{"embeddable":true,"href":"https:\/\/skaitytaknyga.lt\/en\/wp-json\/wp\/v2\/media\/16011"}],"wp:attachment":[{"href":"https:\/\/skaitytaknyga.lt\/en\/wp-json\/wp\/v2\/media?parent=16010"}],"wp:term":[{"taxonomy":"product_brand","embeddable":true,"href":"https:\/\/skaitytaknyga.lt\/en\/wp-json\/wp\/v2\/product_brand?post=16010"},{"taxonomy":"product_cat","embeddable":true,"href":"https:\/\/skaitytaknyga.lt\/en\/wp-json\/wp\/v2\/product_cat?post=16010"},{"taxonomy":"product_tag","embeddable":true,"href":"https:\/\/skaitytaknyga.lt\/en\/wp-json\/wp\/v2\/product_tag?post=16010"}],"curies":[{"name":"wp","href":"https:\/\/api.w.org\/{rel}","templated":true}]}}