{"id":16006,"date":"2025-01-24T16:35:10","date_gmt":"2025-01-24T14:35:10","guid":{"rendered":"https:\/\/skaitytaknyga.lt\/?post_type=product&#038;p=16006"},"modified":"2025-12-06T22:29:26","modified_gmt":"2025-12-06T20:29:26","slug":"valteris-skotas-aivenhas","status":"publish","type":"product","link":"https:\/\/skaitytaknyga.lt\/en\/produktas\/valteris-skotas-aivenhas\/","title":{"rendered":"Valteris Skotas \u201eAivenhas\u201c (pagelt\u0119 lapai)"},"content":{"rendered":"<p><strong>\u201eAivenhas\u201c<\/strong>\u00a0\u2013 vienas reik\u0161mingiausi\u0173 Valterio Skoto roman\u0173. \u010cia jis pavaizdavo Ri\u010dardo I laik\u0173 Anglij\u0105, stebinusi\u0105 dideliu kontrastu tarp dviej\u0173 taut\u0173, gyvenusi\u0173 vienu metu ir viename kra\u0161te, \u2013 saks\u0173 ir norman\u0173, suk\u016br\u0117 \u012fsimintin\u0173 likim\u0173 persona\u017e\u0173.<\/p>\n<ul class=\"about-product d-none d-xl-block mt-4\">\n<li><strong>Autorius:<\/strong>\u00a0Walter Scott<\/li>\n<li><strong>Leid\u0117jas:<\/strong>\u00a0Alma littera<\/li>\n<li><strong>Metai:<\/strong>\u00a02005<\/li>\n<li><strong>Puslapiai:<\/strong>\u00a0448<\/li>\n<li class=\"toggleable type-new-formats \"><strong>ISBN:<\/strong>\u00a09789955087045<\/li>\n<li class=\"toggleable type-new-formats \"><strong>Formatas:<\/strong>\u00a015 x 21 x 4 cm, kieti vir\u0161eliai<\/li>\n<li><strong>Kalba:<\/strong>\u00a0Lietuvi\u0173<\/li>\n<li><strong>Vert\u0117jas:<\/strong>\u00a0Barbora Mejeryt\u0117<\/li>\n<\/ul>\n","protected":false},"excerpt":{"rendered":"<p>\u201eAivenhas\u201c\u00a0\u2013 vienas reik\u0161mingiausi\u0173 Valterio Skoto roman\u0173. \u010cia jis pavaizdavo Ri\u010dardo I laik\u0173 Anglij\u0105, stebinusi\u0105 dideliu kontrastu tarp dviej\u0173 taut\u0173, gyvenusi\u0173 vienu metu ir viename kra\u0161te, \u2013 saks\u0173 ir norman\u0173, suk\u016br\u0117 \u012fsimintin\u0173 likim\u0173 persona\u017e\u0173. Autorius:\u00a0Walter Scott Leid\u0117jas:\u00a0Alma littera Metai:\u00a02005 Puslapiai:\u00a0448 ISBN:\u00a09789955087045 Formatas:\u00a015 x 21 x 4 cm, kieti vir\u0161eliai Kalba:\u00a0Lietuvi\u0173 Vert\u0117jas:\u00a0Barbora Mejeryt\u0117<\/p>\n","protected":false},"featured_media":16007,"comment_status":"closed","ping_status":"closed","template":"","meta":{"_acf_changed":false,"site-sidebar-layout":"default","site-content-layout":"","ast-site-content-layout":"default","site-content-style":"default","site-sidebar-style":"default","ast-global-header-display":"","ast-banner-title-visibility":"","ast-main-header-display":"","ast-hfb-above-header-display":"","ast-hfb-below-header-display":"","ast-hfb-mobile-header-display":"","site-post-title":"","ast-breadcrumbs-content":"","ast-featured-img":"","footer-sml-layout":"","ast-disable-related-posts":"","theme-transparent-header-meta":"default","adv-header-id-meta":"","stick-header-meta":"","header-above-stick-meta":"","header-main-stick-meta":"","header-below-stick-meta":"","astra-migrate-meta-layouts":"set","ast-page-background-enabled":"default","ast-page-background-meta":{"desktop":{"background-color":"","background-image":"","background-repeat":"repeat","background-position":"center center","background-size":"auto","background-attachment":"scroll","background-type":"","background-media":"","overlay-type":"","overlay-color":"","overlay-opacity":"","overlay-gradient":""},"tablet":{"background-color":"","background-image":"","background-repeat":"repeat","background-position":"center center","background-size":"auto","background-attachment":"scroll","background-type":"","background-media":"","overlay-type":"","overlay-color":"","overlay-opacity":"","overlay-gradient":""},"mobile":{"background-color":"","background-image":"","background-repeat":"repeat","background-position":"center center","background-size":"auto","background-attachment":"scroll","background-type":"","background-media":"","overlay-type":"","overlay-color":"","overlay-opacity":"","overlay-gradient":""}},"ast-content-background-meta":{"desktop":{"background-color":"var(--ast-global-color-4)","background-image":"","background-repeat":"repeat","background-position":"center center","background-size":"auto","background-attachment":"scroll","background-type":"","background-media":"","overlay-type":"","overlay-color":"","overlay-opacity":"","overlay-gradient":""},"tablet":{"background-color":"var(--ast-global-color-4)","background-image":"","background-repeat":"repeat","background-position":"center center","background-size":"auto","background-attachment":"scroll","background-type":"","background-media":"","overlay-type":"","overlay-color":"","overlay-opacity":"","overlay-gradient":""},"mobile":{"background-color":"var(--ast-global-color-4)","background-image":"","background-repeat":"repeat","background-position":"center center","background-size":"auto","background-attachment":"scroll","background-type":"","background-media":"","overlay-type":"","overlay-color":"","overlay-opacity":"","overlay-gradient":""}}},"product_brand":[],"product_cat":[31],"product_tag":[],"class_list":{"0":"post-16006","1":"product","2":"type-product","3":"status-publish","4":"has-post-thumbnail","6":"product_cat-grozine-literatura","7":"desktop-align-left","8":"tablet-align-left","9":"mobile-align-left","11":"first","12":"outofstock","13":"shipping-taxable","14":"purchasable","15":"product-type-simple"},"acf":[],"yoast_head":"<!-- This site is optimized with the Yoast SEO plugin v27.0 - https:\/\/yoast.com\/product\/yoast-seo-wordpress\/ -->\n<title>Valteris Skotas \u201eAivenhas\u201c (pagelt\u0119 lapai)<\/title>\n<meta name=\"description\" content=\"\u201eAivenhas\u201c\u00a0\u2013 vienas reik\u0161mingiausi\u0173 Valterio Skoto roman\u0173. \u010cia jis pavaizdavo Ri\u010dardo I laik\u0173 Anglij\u0105, stebinusi\u0105 dideliu kontrastu tarp dviej\u0173 taut\u0173,\" \/>\n<meta name=\"robots\" content=\"index, follow, max-snippet:-1, max-image-preview:large, max-video-preview:-1\" \/>\n<link rel=\"canonical\" href=\"https:\/\/skaitytaknyga.lt\/en\/produktas\/valteris-skotas-aivenhas\/\" \/>\n<meta property=\"og:locale\" content=\"en_GB\" \/>\n<meta property=\"og:locale:alternate\" content=\"lt_LT\" \/>\n<meta property=\"og:type\" content=\"article\" \/>\n<meta property=\"og:title\" content=\"Valteris Skotas \u201eAivenhas\u201c (pagelt\u0119 lapai)\" \/>\n<meta property=\"og:description\" content=\"\u201eAivenhas\u201c\u00a0\u2013 vienas reik\u0161mingiausi\u0173 Valterio Skoto roman\u0173. \u010cia jis pavaizdavo Ri\u010dardo I laik\u0173 Anglij\u0105, stebinusi\u0105 dideliu kontrastu tarp dviej\u0173 taut\u0173,\" \/>\n<meta property=\"og:url\" content=\"https:\/\/skaitytaknyga.lt\/en\/produktas\/valteris-skotas-aivenhas\/\" \/>\n<meta property=\"og:site_name\" content=\"Skaitytaknyga\" \/>\n<meta property=\"article:publisher\" content=\"https:\/\/www.facebook.com\/skaitytaknyga\/\" \/>\n<meta property=\"article:modified_time\" content=\"2025-12-06T20:29:26+00:00\" \/>\n<meta property=\"og:image\" content=\"https:\/\/skaitytaknyga.lt\/wp-content\/uploads\/2025\/01\/Aivenhas.webp\" \/>\n\t<meta property=\"og:image:width\" content=\"494\" \/>\n\t<meta property=\"og:image:height\" content=\"800\" \/>\n\t<meta property=\"og:image:type\" content=\"image\/webp\" \/>\n<meta name=\"twitter:card\" content=\"summary_large_image\" \/>\n<meta name=\"twitter:label1\" content=\"Estimated reading time\" \/>\n\t<meta name=\"twitter:data1\" content=\"1 minute\" \/>\n<script type=\"application\/ld+json\" class=\"yoast-schema-graph\">{\"@context\":\"https:\/\/schema.org\",\"@graph\":[{\"@type\":\"WebPage\",\"@id\":\"https:\/\/skaitytaknyga.lt\/produktas\/valteris-skotas-aivenhas\/\",\"url\":\"https:\/\/skaitytaknyga.lt\/produktas\/valteris-skotas-aivenhas\/\",\"name\":\"Valteris Skotas \u201eAivenhas\u201c (pagelt\u0119 lapai)\",\"isPartOf\":{\"@id\":\"https:\/\/skaitytaknyga.lt\/#website\"},\"primaryImageOfPage\":{\"@id\":\"https:\/\/skaitytaknyga.lt\/produktas\/valteris-skotas-aivenhas\/#primaryimage\"},\"image\":{\"@id\":\"https:\/\/skaitytaknyga.lt\/produktas\/valteris-skotas-aivenhas\/#primaryimage\"},\"thumbnailUrl\":\"https:\/\/skaitytaknyga.lt\/wp-content\/uploads\/2025\/01\/Aivenhas.webp\",\"datePublished\":\"2025-01-24T14:35:10+00:00\",\"dateModified\":\"2025-12-06T20:29:26+00:00\",\"description\":\"\u201eAivenhas\u201c\u00a0\u2013 vienas reik\u0161mingiausi\u0173 Valterio Skoto roman\u0173. \u010cia jis pavaizdavo Ri\u010dardo I laik\u0173 Anglij\u0105, stebinusi\u0105 dideliu kontrastu tarp dviej\u0173 taut\u0173,\",\"breadcrumb\":{\"@id\":\"https:\/\/skaitytaknyga.lt\/produktas\/valteris-skotas-aivenhas\/#breadcrumb\"},\"inLanguage\":\"en-GB\",\"potentialAction\":[{\"@type\":\"ReadAction\",\"target\":[\"https:\/\/skaitytaknyga.lt\/produktas\/valteris-skotas-aivenhas\/\"]}]},{\"@type\":\"ImageObject\",\"inLanguage\":\"en-GB\",\"@id\":\"https:\/\/skaitytaknyga.lt\/produktas\/valteris-skotas-aivenhas\/#primaryimage\",\"url\":\"https:\/\/skaitytaknyga.lt\/wp-content\/uploads\/2025\/01\/Aivenhas.webp\",\"contentUrl\":\"https:\/\/skaitytaknyga.lt\/wp-content\/uploads\/2025\/01\/Aivenhas.webp\",\"width\":494,\"height\":800,\"caption\":\"Aivenhas\"},{\"@type\":\"BreadcrumbList\",\"@id\":\"https:\/\/skaitytaknyga.lt\/produktas\/valteris-skotas-aivenhas\/#breadcrumb\",\"itemListElement\":[{\"@type\":\"ListItem\",\"position\":1,\"name\":\"Home\",\"item\":\"https:\/\/skaitytaknyga.lt\/\"},{\"@type\":\"ListItem\",\"position\":2,\"name\":\"Parduotuv\u0117\",\"item\":\"https:\/\/skaitytaknyga.lt\/knygu-parduotuve\/\"},{\"@type\":\"ListItem\",\"position\":3,\"name\":\"Valteris Skotas \u201eAivenhas\u201c (pagelt\u0119 lapai)\"}]},{\"@type\":\"WebSite\",\"@id\":\"https:\/\/skaitytaknyga.lt\/#website\",\"url\":\"https:\/\/skaitytaknyga.lt\/\",\"name\":\"skaitytaknyga.lt\",\"description\":\"Skaitytaknyga.lt \u2013 tai ma\u017eas \u0161eimos verslas, kuris prasid\u0117jo nuo meil\u0117s knygoms ir siekio i\u0161gelb\u0117ti knygas nuo likimo prie konteinerio. Kas vienam nereikalingas daiktas \u2013 kitam lobis, o mes esame tarpininkai, kurie padeda abiems tapti laimingesniems ???? \u017dinome kaip nelengva i\u0161gyventi ma\u017eiems verslams, tad nuo \u0161iol, \u010dia rasite ir kit\u0173, ma\u017e\u0173 \u0161eim\u0173 versl\u0173, rank\u0173 darbo, dovan\u0173 sau ir artimiesiems.\",\"publisher\":{\"@id\":\"https:\/\/skaitytaknyga.lt\/#organization\"},\"potentialAction\":[{\"@type\":\"SearchAction\",\"target\":{\"@type\":\"EntryPoint\",\"urlTemplate\":\"https:\/\/skaitytaknyga.lt\/?s={search_term_string}\"},\"query-input\":{\"@type\":\"PropertyValueSpecification\",\"valueRequired\":true,\"valueName\":\"search_term_string\"}}],\"inLanguage\":\"en-GB\"},{\"@type\":\"Organization\",\"@id\":\"https:\/\/skaitytaknyga.lt\/#organization\",\"name\":\"skaitytaknyga.lt\",\"url\":\"https:\/\/skaitytaknyga.lt\/\",\"logo\":{\"@type\":\"ImageObject\",\"inLanguage\":\"en-GB\",\"@id\":\"https:\/\/skaitytaknyga.lt\/#\/schema\/logo\/image\/\",\"url\":\"https:\/\/skaitytaknyga.lt\/wp-content\/uploads\/2024\/05\/cropped-cropped-cropped-02_00843_jt3bggkj1j3HLc7SyY6rEUpg.jpeg\",\"contentUrl\":\"https:\/\/skaitytaknyga.lt\/wp-content\/uploads\/2024\/05\/cropped-cropped-cropped-02_00843_jt3bggkj1j3HLc7SyY6rEUpg.jpeg\",\"width\":1600,\"height\":1600,\"caption\":\"skaitytaknyga.lt\"},\"image\":{\"@id\":\"https:\/\/skaitytaknyga.lt\/#\/schema\/logo\/image\/\"},\"sameAs\":[\"https:\/\/www.facebook.com\/skaitytaknyga\/\"]}]}<\/script>\n<!-- \/ Yoast SEO plugin. -->","yoast_head_json":{"title":"Valteris Skotas \u201eAivenhas\u201c (pagelt\u0119 lapai)","description":"\u201eAivenhas\u201c\u00a0\u2013 vienas reik\u0161mingiausi\u0173 Valterio Skoto roman\u0173. \u010cia jis pavaizdavo Ri\u010dardo I laik\u0173 Anglij\u0105, stebinusi\u0105 dideliu kontrastu tarp dviej\u0173 taut\u0173,","robots":{"index":"index","follow":"follow","max-snippet":"max-snippet:-1","max-image-preview":"max-image-preview:large","max-video-preview":"max-video-preview:-1"},"canonical":"https:\/\/skaitytaknyga.lt\/en\/produktas\/valteris-skotas-aivenhas\/","og_locale":"en_GB","og_type":"article","og_title":"[:lt]Valteris Skotas \u201eAivenhas\u201c (pagelt\u0119 lapai)[:] - Skaitytaknyga","og_description":"\u201eAivenhas\u201c\u00a0\u2013 vienas reik\u0161mingiausi\u0173 Valterio Skoto roman\u0173. \u010cia jis pavaizdavo Ri\u010dardo I laik\u0173 Anglij\u0105, stebinusi\u0105 dideliu kontrastu tarp dviej\u0173 taut\u0173,","og_url":"https:\/\/skaitytaknyga.lt\/en\/produktas\/valteris-skotas-aivenhas\/","og_site_name":"Skaitytaknyga","article_publisher":"https:\/\/www.facebook.com\/skaitytaknyga\/","article_modified_time":"2025-12-06T20:29:26+00:00","og_image":[{"width":494,"height":800,"url":"https:\/\/skaitytaknyga.lt\/wp-content\/uploads\/2025\/01\/Aivenhas.webp","type":"image\/webp"}],"twitter_card":"summary_large_image","twitter_misc":{"Estimated reading time":"1 minute"},"schema":{"@context":"https:\/\/schema.org","@graph":[{"@type":"WebPage","@id":"https:\/\/skaitytaknyga.lt\/produktas\/valteris-skotas-aivenhas\/","url":"https:\/\/skaitytaknyga.lt\/produktas\/valteris-skotas-aivenhas\/","name":"Valteris Skotas \u201eAivenhas\u201c (pagelt\u0119 lapai)","isPartOf":{"@id":"https:\/\/skaitytaknyga.lt\/#website"},"primaryImageOfPage":{"@id":"https:\/\/skaitytaknyga.lt\/produktas\/valteris-skotas-aivenhas\/#primaryimage"},"image":{"@id":"https:\/\/skaitytaknyga.lt\/produktas\/valteris-skotas-aivenhas\/#primaryimage"},"thumbnailUrl":"https:\/\/skaitytaknyga.lt\/wp-content\/uploads\/2025\/01\/Aivenhas.webp","datePublished":"2025-01-24T14:35:10+00:00","dateModified":"2025-12-06T20:29:26+00:00","description":"\u201eAivenhas\u201c\u00a0\u2013 vienas reik\u0161mingiausi\u0173 Valterio Skoto roman\u0173. \u010cia jis pavaizdavo Ri\u010dardo I laik\u0173 Anglij\u0105, stebinusi\u0105 dideliu kontrastu tarp dviej\u0173 taut\u0173,","breadcrumb":{"@id":"https:\/\/skaitytaknyga.lt\/produktas\/valteris-skotas-aivenhas\/#breadcrumb"},"inLanguage":"en-GB","potentialAction":[{"@type":"ReadAction","target":["https:\/\/skaitytaknyga.lt\/produktas\/valteris-skotas-aivenhas\/"]}]},{"@type":"ImageObject","inLanguage":"en-GB","@id":"https:\/\/skaitytaknyga.lt\/produktas\/valteris-skotas-aivenhas\/#primaryimage","url":"https:\/\/skaitytaknyga.lt\/wp-content\/uploads\/2025\/01\/Aivenhas.webp","contentUrl":"https:\/\/skaitytaknyga.lt\/wp-content\/uploads\/2025\/01\/Aivenhas.webp","width":494,"height":800,"caption":"Aivenhas"},{"@type":"BreadcrumbList","@id":"https:\/\/skaitytaknyga.lt\/produktas\/valteris-skotas-aivenhas\/#breadcrumb","itemListElement":[{"@type":"ListItem","position":1,"name":"Home","item":"https:\/\/skaitytaknyga.lt\/"},{"@type":"ListItem","position":2,"name":"Parduotuv\u0117","item":"https:\/\/skaitytaknyga.lt\/knygu-parduotuve\/"},{"@type":"ListItem","position":3,"name":"Valteris Skotas \u201eAivenhas\u201c (pagelt\u0119 lapai)"}]},{"@type":"WebSite","@id":"https:\/\/skaitytaknyga.lt\/#website","url":"https:\/\/skaitytaknyga.lt\/","name":"skaitytaknyga.lt","description":"Skaitytaknyga.lt \u2013 tai ma\u017eas \u0161eimos verslas, kuris prasid\u0117jo nuo meil\u0117s knygoms ir siekio i\u0161gelb\u0117ti knygas nuo likimo prie konteinerio. Kas vienam nereikalingas daiktas \u2013 kitam lobis, o mes esame tarpininkai, kurie padeda abiems tapti laimingesniems ???? \u017dinome kaip nelengva i\u0161gyventi ma\u017eiems verslams, tad nuo \u0161iol, \u010dia rasite ir kit\u0173, ma\u017e\u0173 \u0161eim\u0173 versl\u0173, rank\u0173 darbo, dovan\u0173 sau ir artimiesiems.","publisher":{"@id":"https:\/\/skaitytaknyga.lt\/#organization"},"potentialAction":[{"@type":"SearchAction","target":{"@type":"EntryPoint","urlTemplate":"https:\/\/skaitytaknyga.lt\/?s={search_term_string}"},"query-input":{"@type":"PropertyValueSpecification","valueRequired":true,"valueName":"search_term_string"}}],"inLanguage":"en-GB"},{"@type":"Organization","@id":"https:\/\/skaitytaknyga.lt\/#organization","name":"skaitytaknyga.lt","url":"https:\/\/skaitytaknyga.lt\/","logo":{"@type":"ImageObject","inLanguage":"en-GB","@id":"https:\/\/skaitytaknyga.lt\/#\/schema\/logo\/image\/","url":"https:\/\/skaitytaknyga.lt\/wp-content\/uploads\/2024\/05\/cropped-cropped-cropped-02_00843_jt3bggkj1j3HLc7SyY6rEUpg.jpeg","contentUrl":"https:\/\/skaitytaknyga.lt\/wp-content\/uploads\/2024\/05\/cropped-cropped-cropped-02_00843_jt3bggkj1j3HLc7SyY6rEUpg.jpeg","width":1600,"height":1600,"caption":"skaitytaknyga.lt"},"image":{"@id":"https:\/\/skaitytaknyga.lt\/#\/schema\/logo\/image\/"},"sameAs":["https:\/\/www.facebook.com\/skaitytaknyga\/"]}]}},"_links":{"self":[{"href":"https:\/\/skaitytaknyga.lt\/en\/wp-json\/wp\/v2\/product\/16006","targetHints":{"allow":["GET"]}}],"collection":[{"href":"https:\/\/skaitytaknyga.lt\/en\/wp-json\/wp\/v2\/product"}],"about":[{"href":"https:\/\/skaitytaknyga.lt\/en\/wp-json\/wp\/v2\/types\/product"}],"replies":[{"embeddable":true,"href":"https:\/\/skaitytaknyga.lt\/en\/wp-json\/wp\/v2\/comments?post=16006"}],"wp:featuredmedia":[{"embeddable":true,"href":"https:\/\/skaitytaknyga.lt\/en\/wp-json\/wp\/v2\/media\/16007"}],"wp:attachment":[{"href":"https:\/\/skaitytaknyga.lt\/en\/wp-json\/wp\/v2\/media?parent=16006"}],"wp:term":[{"taxonomy":"product_brand","embeddable":true,"href":"https:\/\/skaitytaknyga.lt\/en\/wp-json\/wp\/v2\/product_brand?post=16006"},{"taxonomy":"product_cat","embeddable":true,"href":"https:\/\/skaitytaknyga.lt\/en\/wp-json\/wp\/v2\/product_cat?post=16006"},{"taxonomy":"product_tag","embeddable":true,"href":"https:\/\/skaitytaknyga.lt\/en\/wp-json\/wp\/v2\/product_tag?post=16006"}],"curies":[{"name":"wp","href":"https:\/\/api.w.org\/{rel}","templated":true}]}}