{"id":15997,"date":"2025-01-24T11:33:29","date_gmt":"2025-01-24T09:33:29","guid":{"rendered":"https:\/\/skaitytaknyga.lt\/en\/?post_type=product&#038;p=15997"},"modified":"2026-03-05T11:24:35","modified_gmt":"2026-03-05T09:24:35","slug":"mirtinas-sauksmas-2","status":"publish","type":"product","link":"https:\/\/skaitytaknyga.lt\/en\/produktas\/mirtinas-sauksmas-2\/","title":{"rendered":"Mirtinas \u0161auksmas"},"content":{"rendered":"<p><strong>Turite mane sustabdyti, kad daugiau niekam nepakenk\u010diau. Nenoriu vykdyti \u0161it\u0173 baisi\u0173 nusikaltim\u0173. Pad\u0117kite man, kol man\u0119s ir v\u0117l neprivert\u0117. A\u0161 v\u0117l tai padarysiu, nes neturiu kito pasirinkimo. Niekada jo netur\u0117jau.<\/strong><\/p>\n<p>Judriame prekybos centre ma\u017ea mergyte\u0307 gle\u0307byje spaud\u017eia pliu\u0161ini\u0328 me\u0161kiuka\u0328, nes dingo jos motina Kete\u0307. Po keliu\u0328 valandu\u0328 apleistame pastate randamas Kete\u0307s ku\u0304nas. Detektyvei Kimai Stoun \u0161i \u017emog\u017eudyst\u0117 i\u0161 pirmo \u017evilgsnio atrodo greita ir apgalvota. Ta\u010diau koks buvo motyvas nu\u017eudyti jaun\u0105 motin\u0105, i\u0161\u0117jusi\u0105 su vaiku apsipirkti?<\/p>\n<p>Kit\u0105 dien\u0105 parke randama antra auka, kuriai, kaip ir Ketei, sulau\u017eytas kaklas, o jos \u0161e\u0161iametis s\u016bnus ding\u0119s.<\/p>\n<p>Kimos koleg\u0117 detektyv\u0117 Steis\u0117 Vud tiria dar vien\u0105 nusikaltim\u0105, jos komandos narys Penas gedi d\u0117l artimo \u017emogaus netekties, o Kima bando suvaldyti vis daugiau i\u0161\u0161\u016bki\u0173 kelian\u010dios bylos tyrim\u0105, nes nu\u017eudoma tre\u010dia moteris. Kai ant Kimos stalo atsiduria ranka ra\u0161ytas ir jai adresuotas lai\u0161kas, kuriame \u017eudikas maldauja pagalbos, inspektor\u0117 supranta, kad reikia paskub\u0117ti, norint sugr\u0105\u017einti berniuk\u0105 namo gyv\u0105 ir sveik\u0105.<\/p>\n<p>Padedama ra\u0161ysenos analiz\u0117s eksperto ir elgsenos specialist\u0117s Kima su savo komanda po truput\u012f perpranta \u017eudiko m\u0105stysen\u0105 ir padaro \u0161okiruojant\u012f atradim\u0105.<\/p>\n<p>Milijoniniais tira\u017eais parduodam\u0173 knyg\u0173 apie Kim\u0105 Stoun serija yra tokia prikaustanti, originali ir \u012fdomi, kad b\u016bsite \u012ftrauktas nuo pirmo puslapio.<\/p>\n<ul class=\"about-product d-none d-xl-block mt-4\">\n<li><strong>Autorius:<\/strong>\u00a0Angela Marsons<\/li>\n<li><strong>Leid\u0117jas:<\/strong>\u00a0<a href=\"https:\/\/www.knygos.lt\/lt\/knygos\/leidejas\/jotema\/\">Jotema<\/a><\/li>\n<li><strong>Metai:<\/strong>\u00a02023<\/li>\n<li><strong>Puslapiai:<\/strong>\u00a0336<\/li>\n<li class=\"toggleable type-new-formats \"><strong>ISBN:<\/strong>\u00a09786094901690<\/li>\n<li class=\"toggleable type-new-formats \"><strong>Formatas:<\/strong>\u00a015 x 22 x 2,9 cm, kieti vir\u0161eliai<\/li>\n<li><strong>Kalba:<\/strong>\u00a0Lietuvi\u0173<\/li>\n<li><strong>Vert\u0117jas:<\/strong>\u00a0Rasa Dirg\u0117l\u0117<\/li>\n<\/ul>\n","protected":false},"excerpt":{"rendered":"<p>Turite mane sustabdyti, kad daugiau niekam nepakenk\u010diau. Nenoriu vykdyti \u0161it\u0173 baisi\u0173 nusikaltim\u0173. Pad\u0117kite man, kol man\u0119s ir v\u0117l neprivert\u0117. A\u0161 v\u0117l tai padarysiu, nes neturiu kito pasirinkimo. Niekada jo netur\u0117jau. Judriame prekybos centre ma\u017ea mergyte\u0307 gle\u0307byje spaud\u017eia pliu\u0161ini\u0328 me\u0161kiuka\u0328, nes dingo jos motina Kete\u0307. Po keliu\u0328 valandu\u0328 apleistame pastate randamas Kete\u0307s ku\u0304nas. Detektyvei Kimai Stoun \u0161i \u017emog\u017eudyst\u0117 i\u0161 pirmo \u017evilgsnio atrodo greita ir apgalvota. Ta\u010diau koks buvo motyvas nu\u017eudyti jaun\u0105 motin\u0105, i\u0161\u0117jusi\u0105 su vaiku apsipirkti? Kit\u0105 dien\u0105 parke randama antra auka, kuriai, kaip ir Ketei, sulau\u017eytas kaklas, o jos \u0161e\u0161iametis s\u016bnus ding\u0119s. Kimos koleg\u0117 detektyv\u0117 Steis\u0117 Vud tiria dar vien\u0105 nusikaltim\u0105, jos komandos narys Penas gedi d\u0117l artimo \u017emogaus netekties, o Kima bando suvaldyti vis daugiau i\u0161\u0161\u016bki\u0173 kelian\u010dios bylos tyrim\u0105, nes nu\u017eudoma tre\u010dia moteris. Kai ant Kimos stalo atsiduria ranka ra\u0161ytas ir jai adresuotas lai\u0161kas, kuriame \u017eudikas maldauja pagalbos, inspektor\u0117 supranta, kad reikia paskub\u0117ti, norint sugr\u0105\u017einti berniuk\u0105 namo gyv\u0105 ir sveik\u0105. Padedama ra\u0161ysenos analiz\u0117s eksperto ir elgsenos specialist\u0117s Kima su savo komanda po truput\u012f perpranta \u017eudiko m\u0105stysen\u0105 ir padaro \u0161okiruojant\u012f atradim\u0105. Milijoniniais tira\u017eais parduodam\u0173 knyg\u0173 apie Kim\u0105 Stoun serija yra tokia prikaustanti, originali ir \u012fdomi, kad b\u016bsite \u012ftrauktas nuo pirmo puslapio. Autorius:\u00a0Angela Marsons Leid\u0117jas:\u00a0Jotema Metai:\u00a02023 Puslapiai:\u00a0336 ISBN:\u00a09786094901690 Formatas:\u00a015 x 22 x 2,9 cm, kieti vir\u0161eliai Kalba:\u00a0Lietuvi\u0173 Vert\u0117jas:\u00a0Rasa Dirg\u0117l\u0117<\/p>\n","protected":false},"featured_media":15996,"comment_status":"closed","ping_status":"closed","template":"","meta":{"_acf_changed":false,"site-sidebar-layout":"default","site-content-layout":"","ast-site-content-layout":"default","site-content-style":"default","site-sidebar-style":"default","ast-global-header-display":"","ast-banner-title-visibility":"","ast-main-header-display":"","ast-hfb-above-header-display":"","ast-hfb-below-header-display":"","ast-hfb-mobile-header-display":"","site-post-title":"","ast-breadcrumbs-content":"","ast-featured-img":"","footer-sml-layout":"","ast-disable-related-posts":"","theme-transparent-header-meta":"default","adv-header-id-meta":"","stick-header-meta":"","header-above-stick-meta":"","header-main-stick-meta":"","header-below-stick-meta":"","astra-migrate-meta-layouts":"set","ast-page-background-enabled":"default","ast-page-background-meta":{"desktop":{"background-color":"","background-image":"","background-repeat":"repeat","background-position":"center center","background-size":"auto","background-attachment":"scroll","background-type":"","background-media":"","overlay-type":"","overlay-color":"","overlay-opacity":"","overlay-gradient":""},"tablet":{"background-color":"","background-image":"","background-repeat":"repeat","background-position":"center center","background-size":"auto","background-attachment":"scroll","background-type":"","background-media":"","overlay-type":"","overlay-color":"","overlay-opacity":"","overlay-gradient":""},"mobile":{"background-color":"","background-image":"","background-repeat":"repeat","background-position":"center center","background-size":"auto","background-attachment":"scroll","background-type":"","background-media":"","overlay-type":"","overlay-color":"","overlay-opacity":"","overlay-gradient":""}},"ast-content-background-meta":{"desktop":{"background-color":"var(--ast-global-color-4)","background-image":"","background-repeat":"repeat","background-position":"center center","background-size":"auto","background-attachment":"scroll","background-type":"","background-media":"","overlay-type":"","overlay-color":"","overlay-opacity":"","overlay-gradient":""},"tablet":{"background-color":"var(--ast-global-color-4)","background-image":"","background-repeat":"repeat","background-position":"center center","background-size":"auto","background-attachment":"scroll","background-type":"","background-media":"","overlay-type":"","overlay-color":"","overlay-opacity":"","overlay-gradient":""},"mobile":{"background-color":"var(--ast-global-color-4)","background-image":"","background-repeat":"repeat","background-position":"center center","background-size":"auto","background-attachment":"scroll","background-type":"","background-media":"","overlay-type":"","overlay-color":"","overlay-opacity":"","overlay-gradient":""}}},"product_brand":[],"product_cat":[15],"product_tag":[],"class_list":{"0":"post-15997","1":"product","2":"type-product","3":"status-publish","4":"has-post-thumbnail","6":"product_cat-uncategorized","7":"desktop-align-left","8":"tablet-align-left","9":"mobile-align-left","11":"first","12":"instock","13":"shipping-taxable","14":"purchasable","15":"product-type-simple"},"acf":[],"yoast_head":"<!-- This site is optimized with the Yoast SEO plugin v27.0 - https:\/\/yoast.com\/product\/yoast-seo-wordpress\/ -->\n<title>Mirtinas \u0161auksmas<\/title>\n<meta name=\"description\" content=\"Turite mane sustabdyti, kad daugiau niekam nepakenk\u010diau. Nenoriu vykdyti \u0161it\u0173 baisi\u0173 nusikaltim\u0173. Pad\u0117kite man, kol man\u0119s ir v\u0117l neprivert\u0117. A\u0161 v\u0117l tai\" \/>\n<meta name=\"robots\" content=\"index, follow, max-snippet:-1, max-image-preview:large, max-video-preview:-1\" \/>\n<link rel=\"canonical\" href=\"https:\/\/skaitytaknyga.lt\/en\/produktas\/mirtinas-sauksmas-2\/\" \/>\n<meta property=\"og:locale\" content=\"en_GB\" \/>\n<meta property=\"og:locale:alternate\" content=\"lt_LT\" \/>\n<meta property=\"og:type\" content=\"article\" \/>\n<meta property=\"og:title\" content=\"Mirtinas \u0161auksmas\" \/>\n<meta property=\"og:description\" content=\"Turite mane sustabdyti, kad daugiau niekam nepakenk\u010diau. Nenoriu vykdyti \u0161it\u0173 baisi\u0173 nusikaltim\u0173. Pad\u0117kite man, kol man\u0119s ir v\u0117l neprivert\u0117. A\u0161 v\u0117l tai\" \/>\n<meta property=\"og:url\" content=\"https:\/\/skaitytaknyga.lt\/en\/produktas\/mirtinas-sauksmas-2\/\" \/>\n<meta property=\"og:site_name\" content=\"Skaitytaknyga\" \/>\n<meta property=\"article:publisher\" content=\"https:\/\/www.facebook.com\/skaitytaknyga\/\" \/>\n<meta property=\"article:modified_time\" content=\"2026-03-05T09:24:35+00:00\" \/>\n<meta property=\"og:image\" content=\"https:\/\/skaitytaknyga.lt\/wp-content\/uploads\/2025\/01\/Mirtinas-sauksmas.webp\" \/>\n\t<meta property=\"og:image:width\" content=\"526\" \/>\n\t<meta property=\"og:image:height\" content=\"800\" \/>\n\t<meta property=\"og:image:type\" content=\"image\/webp\" \/>\n<meta name=\"twitter:card\" content=\"summary_large_image\" \/>\n<meta name=\"twitter:label1\" content=\"Estimated reading time\" \/>\n\t<meta name=\"twitter:data1\" content=\"2 minutes\" \/>\n<script type=\"application\/ld+json\" class=\"yoast-schema-graph\">{\"@context\":\"https:\/\/schema.org\",\"@graph\":[{\"@type\":\"WebPage\",\"@id\":\"https:\/\/skaitytaknyga.lt\/produktas\/mirtinas-sauksmas-2\/\",\"url\":\"https:\/\/skaitytaknyga.lt\/produktas\/mirtinas-sauksmas-2\/\",\"name\":\"Mirtinas \u0161auksmas\",\"isPartOf\":{\"@id\":\"https:\/\/skaitytaknyga.lt\/#website\"},\"primaryImageOfPage\":{\"@id\":\"https:\/\/skaitytaknyga.lt\/produktas\/mirtinas-sauksmas-2\/#primaryimage\"},\"image\":{\"@id\":\"https:\/\/skaitytaknyga.lt\/produktas\/mirtinas-sauksmas-2\/#primaryimage\"},\"thumbnailUrl\":\"https:\/\/skaitytaknyga.lt\/wp-content\/uploads\/2025\/01\/Mirtinas-sauksmas.webp\",\"datePublished\":\"2025-01-24T09:33:29+00:00\",\"dateModified\":\"2026-03-05T09:24:35+00:00\",\"description\":\"Turite mane sustabdyti, kad daugiau niekam nepakenk\u010diau. Nenoriu vykdyti \u0161it\u0173 baisi\u0173 nusikaltim\u0173. Pad\u0117kite man, kol man\u0119s ir v\u0117l neprivert\u0117. A\u0161 v\u0117l tai\",\"breadcrumb\":{\"@id\":\"https:\/\/skaitytaknyga.lt\/produktas\/mirtinas-sauksmas-2\/#breadcrumb\"},\"inLanguage\":\"en-GB\",\"potentialAction\":[{\"@type\":\"ReadAction\",\"target\":[\"https:\/\/skaitytaknyga.lt\/produktas\/mirtinas-sauksmas-2\/\"]}]},{\"@type\":\"ImageObject\",\"inLanguage\":\"en-GB\",\"@id\":\"https:\/\/skaitytaknyga.lt\/produktas\/mirtinas-sauksmas-2\/#primaryimage\",\"url\":\"https:\/\/skaitytaknyga.lt\/wp-content\/uploads\/2025\/01\/Mirtinas-sauksmas.webp\",\"contentUrl\":\"https:\/\/skaitytaknyga.lt\/wp-content\/uploads\/2025\/01\/Mirtinas-sauksmas.webp\",\"width\":526,\"height\":800,\"caption\":\"Mirtinas \u0161auksmas\"},{\"@type\":\"BreadcrumbList\",\"@id\":\"https:\/\/skaitytaknyga.lt\/produktas\/mirtinas-sauksmas-2\/#breadcrumb\",\"itemListElement\":[{\"@type\":\"ListItem\",\"position\":1,\"name\":\"Home\",\"item\":\"https:\/\/skaitytaknyga.lt\/\"},{\"@type\":\"ListItem\",\"position\":2,\"name\":\"Parduotuv\u0117\",\"item\":\"https:\/\/skaitytaknyga.lt\/knygu-parduotuve\/\"},{\"@type\":\"ListItem\",\"position\":3,\"name\":\"Mirtinas \u0161auksmas\"}]},{\"@type\":\"WebSite\",\"@id\":\"https:\/\/skaitytaknyga.lt\/#website\",\"url\":\"https:\/\/skaitytaknyga.lt\/\",\"name\":\"skaitytaknyga.lt\",\"description\":\"Skaitytaknyga.lt \u2013 tai ma\u017eas \u0161eimos verslas, kuris prasid\u0117jo nuo meil\u0117s knygoms ir siekio i\u0161gelb\u0117ti knygas nuo likimo prie konteinerio. Kas vienam nereikalingas daiktas \u2013 kitam lobis, o mes esame tarpininkai, kurie padeda abiems tapti laimingesniems ???? \u017dinome kaip nelengva i\u0161gyventi ma\u017eiems verslams, tad nuo \u0161iol, \u010dia rasite ir kit\u0173, ma\u017e\u0173 \u0161eim\u0173 versl\u0173, rank\u0173 darbo, dovan\u0173 sau ir artimiesiems.\",\"publisher\":{\"@id\":\"https:\/\/skaitytaknyga.lt\/#organization\"},\"potentialAction\":[{\"@type\":\"SearchAction\",\"target\":{\"@type\":\"EntryPoint\",\"urlTemplate\":\"https:\/\/skaitytaknyga.lt\/?s={search_term_string}\"},\"query-input\":{\"@type\":\"PropertyValueSpecification\",\"valueRequired\":true,\"valueName\":\"search_term_string\"}}],\"inLanguage\":\"en-GB\"},{\"@type\":\"Organization\",\"@id\":\"https:\/\/skaitytaknyga.lt\/#organization\",\"name\":\"skaitytaknyga.lt\",\"url\":\"https:\/\/skaitytaknyga.lt\/\",\"logo\":{\"@type\":\"ImageObject\",\"inLanguage\":\"en-GB\",\"@id\":\"https:\/\/skaitytaknyga.lt\/#\/schema\/logo\/image\/\",\"url\":\"https:\/\/skaitytaknyga.lt\/wp-content\/uploads\/2024\/05\/cropped-cropped-cropped-02_00843_jt3bggkj1j3HLc7SyY6rEUpg.jpeg\",\"contentUrl\":\"https:\/\/skaitytaknyga.lt\/wp-content\/uploads\/2024\/05\/cropped-cropped-cropped-02_00843_jt3bggkj1j3HLc7SyY6rEUpg.jpeg\",\"width\":1600,\"height\":1600,\"caption\":\"skaitytaknyga.lt\"},\"image\":{\"@id\":\"https:\/\/skaitytaknyga.lt\/#\/schema\/logo\/image\/\"},\"sameAs\":[\"https:\/\/www.facebook.com\/skaitytaknyga\/\"]}]}<\/script>\n<!-- \/ Yoast SEO plugin. -->","yoast_head_json":{"title":"Mirtinas \u0161auksmas","description":"Turite mane sustabdyti, kad daugiau niekam nepakenk\u010diau. Nenoriu vykdyti \u0161it\u0173 baisi\u0173 nusikaltim\u0173. Pad\u0117kite man, kol man\u0119s ir v\u0117l neprivert\u0117. A\u0161 v\u0117l tai","robots":{"index":"index","follow":"follow","max-snippet":"max-snippet:-1","max-image-preview":"max-image-preview:large","max-video-preview":"max-video-preview:-1"},"canonical":"https:\/\/skaitytaknyga.lt\/en\/produktas\/mirtinas-sauksmas-2\/","og_locale":"en_GB","og_type":"article","og_title":"[:en]Mirtinas \u0161auksmas[:lt]Mirtinas \u0161auksmas[:] - Skaitytaknyga","og_description":"Turite mane sustabdyti, kad daugiau niekam nepakenk\u010diau. Nenoriu vykdyti \u0161it\u0173 baisi\u0173 nusikaltim\u0173. Pad\u0117kite man, kol man\u0119s ir v\u0117l neprivert\u0117. A\u0161 v\u0117l tai","og_url":"https:\/\/skaitytaknyga.lt\/en\/produktas\/mirtinas-sauksmas-2\/","og_site_name":"Skaitytaknyga","article_publisher":"https:\/\/www.facebook.com\/skaitytaknyga\/","article_modified_time":"2026-03-05T09:24:35+00:00","og_image":[{"width":526,"height":800,"url":"https:\/\/skaitytaknyga.lt\/wp-content\/uploads\/2025\/01\/Mirtinas-sauksmas.webp","type":"image\/webp"}],"twitter_card":"summary_large_image","twitter_misc":{"Estimated reading time":"2 minutes"},"schema":{"@context":"https:\/\/schema.org","@graph":[{"@type":"WebPage","@id":"https:\/\/skaitytaknyga.lt\/produktas\/mirtinas-sauksmas-2\/","url":"https:\/\/skaitytaknyga.lt\/produktas\/mirtinas-sauksmas-2\/","name":"Mirtinas \u0161auksmas","isPartOf":{"@id":"https:\/\/skaitytaknyga.lt\/#website"},"primaryImageOfPage":{"@id":"https:\/\/skaitytaknyga.lt\/produktas\/mirtinas-sauksmas-2\/#primaryimage"},"image":{"@id":"https:\/\/skaitytaknyga.lt\/produktas\/mirtinas-sauksmas-2\/#primaryimage"},"thumbnailUrl":"https:\/\/skaitytaknyga.lt\/wp-content\/uploads\/2025\/01\/Mirtinas-sauksmas.webp","datePublished":"2025-01-24T09:33:29+00:00","dateModified":"2026-03-05T09:24:35+00:00","description":"Turite mane sustabdyti, kad daugiau niekam nepakenk\u010diau. Nenoriu vykdyti \u0161it\u0173 baisi\u0173 nusikaltim\u0173. Pad\u0117kite man, kol man\u0119s ir v\u0117l neprivert\u0117. A\u0161 v\u0117l tai","breadcrumb":{"@id":"https:\/\/skaitytaknyga.lt\/produktas\/mirtinas-sauksmas-2\/#breadcrumb"},"inLanguage":"en-GB","potentialAction":[{"@type":"ReadAction","target":["https:\/\/skaitytaknyga.lt\/produktas\/mirtinas-sauksmas-2\/"]}]},{"@type":"ImageObject","inLanguage":"en-GB","@id":"https:\/\/skaitytaknyga.lt\/produktas\/mirtinas-sauksmas-2\/#primaryimage","url":"https:\/\/skaitytaknyga.lt\/wp-content\/uploads\/2025\/01\/Mirtinas-sauksmas.webp","contentUrl":"https:\/\/skaitytaknyga.lt\/wp-content\/uploads\/2025\/01\/Mirtinas-sauksmas.webp","width":526,"height":800,"caption":"Mirtinas \u0161auksmas"},{"@type":"BreadcrumbList","@id":"https:\/\/skaitytaknyga.lt\/produktas\/mirtinas-sauksmas-2\/#breadcrumb","itemListElement":[{"@type":"ListItem","position":1,"name":"Home","item":"https:\/\/skaitytaknyga.lt\/"},{"@type":"ListItem","position":2,"name":"Parduotuv\u0117","item":"https:\/\/skaitytaknyga.lt\/knygu-parduotuve\/"},{"@type":"ListItem","position":3,"name":"Mirtinas \u0161auksmas"}]},{"@type":"WebSite","@id":"https:\/\/skaitytaknyga.lt\/#website","url":"https:\/\/skaitytaknyga.lt\/","name":"skaitytaknyga.lt","description":"Skaitytaknyga.lt \u2013 tai ma\u017eas \u0161eimos verslas, kuris prasid\u0117jo nuo meil\u0117s knygoms ir siekio i\u0161gelb\u0117ti knygas nuo likimo prie konteinerio. Kas vienam nereikalingas daiktas \u2013 kitam lobis, o mes esame tarpininkai, kurie padeda abiems tapti laimingesniems ???? \u017dinome kaip nelengva i\u0161gyventi ma\u017eiems verslams, tad nuo \u0161iol, \u010dia rasite ir kit\u0173, ma\u017e\u0173 \u0161eim\u0173 versl\u0173, rank\u0173 darbo, dovan\u0173 sau ir artimiesiems.","publisher":{"@id":"https:\/\/skaitytaknyga.lt\/#organization"},"potentialAction":[{"@type":"SearchAction","target":{"@type":"EntryPoint","urlTemplate":"https:\/\/skaitytaknyga.lt\/?s={search_term_string}"},"query-input":{"@type":"PropertyValueSpecification","valueRequired":true,"valueName":"search_term_string"}}],"inLanguage":"en-GB"},{"@type":"Organization","@id":"https:\/\/skaitytaknyga.lt\/#organization","name":"skaitytaknyga.lt","url":"https:\/\/skaitytaknyga.lt\/","logo":{"@type":"ImageObject","inLanguage":"en-GB","@id":"https:\/\/skaitytaknyga.lt\/#\/schema\/logo\/image\/","url":"https:\/\/skaitytaknyga.lt\/wp-content\/uploads\/2024\/05\/cropped-cropped-cropped-02_00843_jt3bggkj1j3HLc7SyY6rEUpg.jpeg","contentUrl":"https:\/\/skaitytaknyga.lt\/wp-content\/uploads\/2024\/05\/cropped-cropped-cropped-02_00843_jt3bggkj1j3HLc7SyY6rEUpg.jpeg","width":1600,"height":1600,"caption":"skaitytaknyga.lt"},"image":{"@id":"https:\/\/skaitytaknyga.lt\/#\/schema\/logo\/image\/"},"sameAs":["https:\/\/www.facebook.com\/skaitytaknyga\/"]}]}},"_links":{"self":[{"href":"https:\/\/skaitytaknyga.lt\/en\/wp-json\/wp\/v2\/product\/15997","targetHints":{"allow":["GET"]}}],"collection":[{"href":"https:\/\/skaitytaknyga.lt\/en\/wp-json\/wp\/v2\/product"}],"about":[{"href":"https:\/\/skaitytaknyga.lt\/en\/wp-json\/wp\/v2\/types\/product"}],"replies":[{"embeddable":true,"href":"https:\/\/skaitytaknyga.lt\/en\/wp-json\/wp\/v2\/comments?post=15997"}],"wp:featuredmedia":[{"embeddable":true,"href":"https:\/\/skaitytaknyga.lt\/en\/wp-json\/wp\/v2\/media\/15996"}],"wp:attachment":[{"href":"https:\/\/skaitytaknyga.lt\/en\/wp-json\/wp\/v2\/media?parent=15997"}],"wp:term":[{"taxonomy":"product_brand","embeddable":true,"href":"https:\/\/skaitytaknyga.lt\/en\/wp-json\/wp\/v2\/product_brand?post=15997"},{"taxonomy":"product_cat","embeddable":true,"href":"https:\/\/skaitytaknyga.lt\/en\/wp-json\/wp\/v2\/product_cat?post=15997"},{"taxonomy":"product_tag","embeddable":true,"href":"https:\/\/skaitytaknyga.lt\/en\/wp-json\/wp\/v2\/product_tag?post=15997"}],"curies":[{"name":"wp","href":"https:\/\/api.w.org\/{rel}","templated":true}]}}