{"id":15993,"date":"2025-01-24T11:29:13","date_gmt":"2025-01-24T09:29:13","guid":{"rendered":"https:\/\/skaitytaknyga.lt\/en\/?post_type=product&#038;p=15993"},"modified":"2026-03-05T15:12:52","modified_gmt":"2026-03-05T13:12:52","slug":"perigoro-pirslys","status":"publish","type":"product","link":"https:\/\/skaitytaknyga.lt\/en\/produktas\/perigoro-pirslys\/","title":{"rendered":"Tobulas ker\u0161tas (yra skaitymo \u017eymi\u0173)"},"content":{"rendered":"<p><strong>Elizabeth George<\/strong>\u00a0&#8211; para\u0161\u0117 9 roman\u0173 cikl\u0105 apie inspektori\u0173 detektyv\u0105 lord\u0105 Tom\u0105 Linl\u012f, kuriame atvirai ir negailestingai fiksuoja XX a. pabaigos visuomen\u0117s ydas. Jos knyg\u0173 tiesa da\u017enai \u0161okiruoja ir sukre\u010dia.<\/p>\n<p>\u201eTobulas ker\u0161tas\u201c \u2013 pirmasis detektyv\u0173 ciklo romanas.<\/p>\n<p>Inspektorius Tomas Linlis priverstas narplioti ne tik paslapting\u0105 nu\u017eudym\u0105, bet ir nusikaltimus, padarytus savo \u0161irdyje. Viskas kartu aptemdo jauk\u0173 savaitgal\u012f Hovenstovo dvare, kur Tomas atsive\u017e\u0117 su\u017ead\u0117tin\u0119. \u012evykus antrai \u017emog\u017eudystei, jis imasi tyrimo, nes \u012fkal\u010diai rodo, jog nusikalt\u0117lis gali b\u016bti jo paties \u0161eimoje.<\/p>\n<ul class=\"about-product d-none d-xl-block mt-4\">\n<li><strong>Autorius:<\/strong>\u00a0Elizabeth George<\/li>\n<li><strong>Leid\u0117jas:<\/strong>\u00a0Alma littera<\/li>\n<li><strong>Metai:<\/strong>\u00a01999<\/li>\n<li><strong>Puslapiai:<\/strong>\u00a0471<\/li>\n<li class=\"toggleable type-new-formats \"><strong>ISBN:<\/strong>\u00a09789986027539<\/li>\n<li class=\"toggleable type-new-formats \"><strong>Formatas:<\/strong>\u00a013,5 x 22 cm, kieti vir\u0161eliai<\/li>\n<li><strong>Kalba:<\/strong>\u00a0Lietuvi\u0173<\/li>\n<li><strong>Vert\u0117jas:<\/strong>\u00a0Danguol\u0117 \u017dalyt\u0117<\/li>\n<\/ul>\n","protected":false},"excerpt":{"rendered":"<p>Elizabeth George\u00a0&#8211; para\u0161\u0117 9 roman\u0173 cikl\u0105 apie inspektori\u0173 detektyv\u0105 lord\u0105 Tom\u0105 Linl\u012f, kuriame atvirai ir negailestingai fiksuoja XX a. pabaigos visuomen\u0117s ydas. Jos knyg\u0173 tiesa da\u017enai \u0161okiruoja ir sukre\u010dia. \u201eTobulas ker\u0161tas\u201c \u2013 pirmasis detektyv\u0173 ciklo romanas. Inspektorius Tomas Linlis priverstas narplioti ne tik paslapting\u0105 nu\u017eudym\u0105, bet ir nusikaltimus, padarytus savo \u0161irdyje. Viskas kartu aptemdo jauk\u0173 savaitgal\u012f Hovenstovo dvare, kur Tomas atsive\u017e\u0117 su\u017ead\u0117tin\u0119. \u012evykus antrai \u017emog\u017eudystei, jis imasi tyrimo, nes \u012fkal\u010diai rodo, jog nusikalt\u0117lis gali b\u016bti jo paties \u0161eimoje. Autorius:\u00a0Elizabeth George Leid\u0117jas:\u00a0Alma littera Metai:\u00a01999 Puslapiai:\u00a0471 ISBN:\u00a09789986027539 Formatas:\u00a013,5 x 22 cm, kieti vir\u0161eliai Kalba:\u00a0Lietuvi\u0173 Vert\u0117jas:\u00a0Danguol\u0117 \u017dalyt\u0117<\/p>\n","protected":false},"featured_media":15992,"comment_status":"closed","ping_status":"closed","template":"","meta":{"_acf_changed":false,"site-sidebar-layout":"default","site-content-layout":"","ast-site-content-layout":"default","site-content-style":"default","site-sidebar-style":"default","ast-global-header-display":"","ast-banner-title-visibility":"","ast-main-header-display":"","ast-hfb-above-header-display":"","ast-hfb-below-header-display":"","ast-hfb-mobile-header-display":"","site-post-title":"","ast-breadcrumbs-content":"","ast-featured-img":"","footer-sml-layout":"","ast-disable-related-posts":"","theme-transparent-header-meta":"default","adv-header-id-meta":"","stick-header-meta":"","header-above-stick-meta":"","header-main-stick-meta":"","header-below-stick-meta":"","astra-migrate-meta-layouts":"set","ast-page-background-enabled":"default","ast-page-background-meta":{"desktop":{"background-color":"","background-image":"","background-repeat":"repeat","background-position":"center center","background-size":"auto","background-attachment":"scroll","background-type":"","background-media":"","overlay-type":"","overlay-color":"","overlay-opacity":"","overlay-gradient":""},"tablet":{"background-color":"","background-image":"","background-repeat":"repeat","background-position":"center center","background-size":"auto","background-attachment":"scroll","background-type":"","background-media":"","overlay-type":"","overlay-color":"","overlay-opacity":"","overlay-gradient":""},"mobile":{"background-color":"","background-image":"","background-repeat":"repeat","background-position":"center center","background-size":"auto","background-attachment":"scroll","background-type":"","background-media":"","overlay-type":"","overlay-color":"","overlay-opacity":"","overlay-gradient":""}},"ast-content-background-meta":{"desktop":{"background-color":"var(--ast-global-color-4)","background-image":"","background-repeat":"repeat","background-position":"center center","background-size":"auto","background-attachment":"scroll","background-type":"","background-media":"","overlay-type":"","overlay-color":"","overlay-opacity":"","overlay-gradient":""},"tablet":{"background-color":"var(--ast-global-color-4)","background-image":"","background-repeat":"repeat","background-position":"center center","background-size":"auto","background-attachment":"scroll","background-type":"","background-media":"","overlay-type":"","overlay-color":"","overlay-opacity":"","overlay-gradient":""},"mobile":{"background-color":"var(--ast-global-color-4)","background-image":"","background-repeat":"repeat","background-position":"center center","background-size":"auto","background-attachment":"scroll","background-type":"","background-media":"","overlay-type":"","overlay-color":"","overlay-opacity":"","overlay-gradient":""}}},"product_brand":[],"product_cat":[15],"product_tag":[2392,4980,1796,4981,1745],"class_list":{"0":"post-15993","1":"product","2":"type-product","3":"status-publish","4":"has-post-thumbnail","6":"product_cat-uncategorized","7":"product_tag-britu-literatura","8":"product_tag-julia-stuart","9":"product_tag-meile","10":"product_tag-pirsliai","11":"product_tag-romanas","12":"desktop-align-left","13":"tablet-align-left","14":"mobile-align-left","16":"first","17":"instock","18":"shipping-taxable","19":"purchasable","20":"product-type-simple"},"acf":[],"yoast_head":"<!-- This site is optimized with the Yoast SEO plugin v27.0 - https:\/\/yoast.com\/product\/yoast-seo-wordpress\/ -->\n<title>Tobulas ker\u0161tas (yra skaitymo \u017eymi\u0173)<\/title>\n<meta name=\"description\" content=\"Elizabeth George\u00a0- para\u0161\u0117 9 roman\u0173 cikl\u0105 apie inspektori\u0173 detektyv\u0105 lord\u0105 Tom\u0105 Linl\u012f, kuriame atvirai ir negailestingai fiksuoja XX a. pabaigos visuomen\u0117s\" \/>\n<meta name=\"robots\" content=\"index, follow, max-snippet:-1, max-image-preview:large, max-video-preview:-1\" \/>\n<link rel=\"canonical\" href=\"https:\/\/skaitytaknyga.lt\/en\/produktas\/perigoro-pirslys\/\" \/>\n<meta property=\"og:locale\" content=\"en_GB\" \/>\n<meta property=\"og:locale:alternate\" content=\"lt_LT\" \/>\n<meta property=\"og:type\" content=\"article\" \/>\n<meta property=\"og:title\" content=\"Tobulas ker\u0161tas (yra skaitymo \u017eymi\u0173)\" \/>\n<meta property=\"og:description\" content=\"Elizabeth George\u00a0- para\u0161\u0117 9 roman\u0173 cikl\u0105 apie inspektori\u0173 detektyv\u0105 lord\u0105 Tom\u0105 Linl\u012f, kuriame atvirai ir negailestingai fiksuoja XX a. pabaigos visuomen\u0117s\" \/>\n<meta property=\"og:url\" content=\"https:\/\/skaitytaknyga.lt\/en\/produktas\/perigoro-pirslys\/\" \/>\n<meta property=\"og:site_name\" content=\"Skaitytaknyga\" \/>\n<meta property=\"article:publisher\" content=\"https:\/\/www.facebook.com\/skaitytaknyga\/\" \/>\n<meta property=\"article:modified_time\" content=\"2026-03-05T13:12:52+00:00\" \/>\n<meta property=\"og:image\" content=\"https:\/\/skaitytaknyga.lt\/wp-content\/uploads\/2025\/01\/Perigoro-pirslys.webp\" \/>\n\t<meta property=\"og:image:width\" content=\"527\" \/>\n\t<meta property=\"og:image:height\" content=\"799\" \/>\n\t<meta property=\"og:image:type\" content=\"image\/webp\" \/>\n<meta name=\"twitter:card\" content=\"summary_large_image\" \/>\n<meta name=\"twitter:label1\" content=\"Estimated reading time\" \/>\n\t<meta name=\"twitter:data1\" content=\"1 minute\" \/>\n<script type=\"application\/ld+json\" class=\"yoast-schema-graph\">{\"@context\":\"https:\/\/schema.org\",\"@graph\":[{\"@type\":\"WebPage\",\"@id\":\"https:\/\/skaitytaknyga.lt\/produktas\/perigoro-pirslys\/\",\"url\":\"https:\/\/skaitytaknyga.lt\/produktas\/perigoro-pirslys\/\",\"name\":\"Tobulas ker\u0161tas (yra skaitymo \u017eymi\u0173)\",\"isPartOf\":{\"@id\":\"https:\/\/skaitytaknyga.lt\/#website\"},\"primaryImageOfPage\":{\"@id\":\"https:\/\/skaitytaknyga.lt\/produktas\/perigoro-pirslys\/#primaryimage\"},\"image\":{\"@id\":\"https:\/\/skaitytaknyga.lt\/produktas\/perigoro-pirslys\/#primaryimage\"},\"thumbnailUrl\":\"https:\/\/skaitytaknyga.lt\/wp-content\/uploads\/2025\/01\/Perigoro-pirslys.webp\",\"datePublished\":\"2025-01-24T09:29:13+00:00\",\"dateModified\":\"2026-03-05T13:12:52+00:00\",\"description\":\"Elizabeth George\u00a0- para\u0161\u0117 9 roman\u0173 cikl\u0105 apie inspektori\u0173 detektyv\u0105 lord\u0105 Tom\u0105 Linl\u012f, kuriame atvirai ir negailestingai fiksuoja XX a. pabaigos visuomen\u0117s\",\"breadcrumb\":{\"@id\":\"https:\/\/skaitytaknyga.lt\/produktas\/perigoro-pirslys\/#breadcrumb\"},\"inLanguage\":\"en-GB\",\"potentialAction\":[{\"@type\":\"ReadAction\",\"target\":[\"https:\/\/skaitytaknyga.lt\/produktas\/perigoro-pirslys\/\"]}]},{\"@type\":\"ImageObject\",\"inLanguage\":\"en-GB\",\"@id\":\"https:\/\/skaitytaknyga.lt\/produktas\/perigoro-pirslys\/#primaryimage\",\"url\":\"https:\/\/skaitytaknyga.lt\/wp-content\/uploads\/2025\/01\/Perigoro-pirslys.webp\",\"contentUrl\":\"https:\/\/skaitytaknyga.lt\/wp-content\/uploads\/2025\/01\/Perigoro-pirslys.webp\",\"width\":527,\"height\":799,\"caption\":\"Perigoro pir\u0161lys\"},{\"@type\":\"BreadcrumbList\",\"@id\":\"https:\/\/skaitytaknyga.lt\/produktas\/perigoro-pirslys\/#breadcrumb\",\"itemListElement\":[{\"@type\":\"ListItem\",\"position\":1,\"name\":\"Home\",\"item\":\"https:\/\/skaitytaknyga.lt\/\"},{\"@type\":\"ListItem\",\"position\":2,\"name\":\"Parduotuv\u0117\",\"item\":\"https:\/\/skaitytaknyga.lt\/knygu-parduotuve\/\"},{\"@type\":\"ListItem\",\"position\":3,\"name\":\"Perigoro pir\u0161lys\"}]},{\"@type\":\"WebSite\",\"@id\":\"https:\/\/skaitytaknyga.lt\/#website\",\"url\":\"https:\/\/skaitytaknyga.lt\/\",\"name\":\"skaitytaknyga.lt\",\"description\":\"Skaitytaknyga.lt \u2013 tai ma\u017eas \u0161eimos verslas, kuris prasid\u0117jo nuo meil\u0117s knygoms ir siekio i\u0161gelb\u0117ti knygas nuo likimo prie konteinerio. Kas vienam nereikalingas daiktas \u2013 kitam lobis, o mes esame tarpininkai, kurie padeda abiems tapti laimingesniems ???? \u017dinome kaip nelengva i\u0161gyventi ma\u017eiems verslams, tad nuo \u0161iol, \u010dia rasite ir kit\u0173, ma\u017e\u0173 \u0161eim\u0173 versl\u0173, rank\u0173 darbo, dovan\u0173 sau ir artimiesiems.\",\"publisher\":{\"@id\":\"https:\/\/skaitytaknyga.lt\/#organization\"},\"potentialAction\":[{\"@type\":\"SearchAction\",\"target\":{\"@type\":\"EntryPoint\",\"urlTemplate\":\"https:\/\/skaitytaknyga.lt\/?s={search_term_string}\"},\"query-input\":{\"@type\":\"PropertyValueSpecification\",\"valueRequired\":true,\"valueName\":\"search_term_string\"}}],\"inLanguage\":\"en-GB\"},{\"@type\":\"Organization\",\"@id\":\"https:\/\/skaitytaknyga.lt\/#organization\",\"name\":\"skaitytaknyga.lt\",\"url\":\"https:\/\/skaitytaknyga.lt\/\",\"logo\":{\"@type\":\"ImageObject\",\"inLanguage\":\"en-GB\",\"@id\":\"https:\/\/skaitytaknyga.lt\/#\/schema\/logo\/image\/\",\"url\":\"https:\/\/skaitytaknyga.lt\/wp-content\/uploads\/2024\/05\/cropped-cropped-cropped-02_00843_jt3bggkj1j3HLc7SyY6rEUpg.jpeg\",\"contentUrl\":\"https:\/\/skaitytaknyga.lt\/wp-content\/uploads\/2024\/05\/cropped-cropped-cropped-02_00843_jt3bggkj1j3HLc7SyY6rEUpg.jpeg\",\"width\":1600,\"height\":1600,\"caption\":\"skaitytaknyga.lt\"},\"image\":{\"@id\":\"https:\/\/skaitytaknyga.lt\/#\/schema\/logo\/image\/\"},\"sameAs\":[\"https:\/\/www.facebook.com\/skaitytaknyga\/\"]}]}<\/script>\n<!-- \/ Yoast SEO plugin. -->","yoast_head_json":{"title":"Tobulas ker\u0161tas (yra skaitymo \u017eymi\u0173)","description":"Elizabeth George\u00a0- para\u0161\u0117 9 roman\u0173 cikl\u0105 apie inspektori\u0173 detektyv\u0105 lord\u0105 Tom\u0105 Linl\u012f, kuriame atvirai ir negailestingai fiksuoja XX a. pabaigos visuomen\u0117s","robots":{"index":"index","follow":"follow","max-snippet":"max-snippet:-1","max-image-preview":"max-image-preview:large","max-video-preview":"max-video-preview:-1"},"canonical":"https:\/\/skaitytaknyga.lt\/en\/produktas\/perigoro-pirslys\/","og_locale":"en_GB","og_type":"article","og_title":"[:en]Tobulas ker\u0161tas (yra skaitymo \u017eymi\u0173)[:lt]Perigoro pir\u0161lys[:] - Skaitytaknyga","og_description":"Elizabeth George\u00a0- para\u0161\u0117 9 roman\u0173 cikl\u0105 apie inspektori\u0173 detektyv\u0105 lord\u0105 Tom\u0105 Linl\u012f, kuriame atvirai ir negailestingai fiksuoja XX a. pabaigos visuomen\u0117s","og_url":"https:\/\/skaitytaknyga.lt\/en\/produktas\/perigoro-pirslys\/","og_site_name":"Skaitytaknyga","article_publisher":"https:\/\/www.facebook.com\/skaitytaknyga\/","article_modified_time":"2026-03-05T13:12:52+00:00","og_image":[{"width":527,"height":799,"url":"https:\/\/skaitytaknyga.lt\/wp-content\/uploads\/2025\/01\/Perigoro-pirslys.webp","type":"image\/webp"}],"twitter_card":"summary_large_image","twitter_misc":{"Estimated reading time":"1 minute"},"schema":{"@context":"https:\/\/schema.org","@graph":[{"@type":"WebPage","@id":"https:\/\/skaitytaknyga.lt\/produktas\/perigoro-pirslys\/","url":"https:\/\/skaitytaknyga.lt\/produktas\/perigoro-pirslys\/","name":"Tobulas ker\u0161tas (yra skaitymo \u017eymi\u0173)","isPartOf":{"@id":"https:\/\/skaitytaknyga.lt\/#website"},"primaryImageOfPage":{"@id":"https:\/\/skaitytaknyga.lt\/produktas\/perigoro-pirslys\/#primaryimage"},"image":{"@id":"https:\/\/skaitytaknyga.lt\/produktas\/perigoro-pirslys\/#primaryimage"},"thumbnailUrl":"https:\/\/skaitytaknyga.lt\/wp-content\/uploads\/2025\/01\/Perigoro-pirslys.webp","datePublished":"2025-01-24T09:29:13+00:00","dateModified":"2026-03-05T13:12:52+00:00","description":"Elizabeth George\u00a0- para\u0161\u0117 9 roman\u0173 cikl\u0105 apie inspektori\u0173 detektyv\u0105 lord\u0105 Tom\u0105 Linl\u012f, kuriame atvirai ir negailestingai fiksuoja XX a. pabaigos visuomen\u0117s","breadcrumb":{"@id":"https:\/\/skaitytaknyga.lt\/produktas\/perigoro-pirslys\/#breadcrumb"},"inLanguage":"en-GB","potentialAction":[{"@type":"ReadAction","target":["https:\/\/skaitytaknyga.lt\/produktas\/perigoro-pirslys\/"]}]},{"@type":"ImageObject","inLanguage":"en-GB","@id":"https:\/\/skaitytaknyga.lt\/produktas\/perigoro-pirslys\/#primaryimage","url":"https:\/\/skaitytaknyga.lt\/wp-content\/uploads\/2025\/01\/Perigoro-pirslys.webp","contentUrl":"https:\/\/skaitytaknyga.lt\/wp-content\/uploads\/2025\/01\/Perigoro-pirslys.webp","width":527,"height":799,"caption":"Perigoro pir\u0161lys"},{"@type":"BreadcrumbList","@id":"https:\/\/skaitytaknyga.lt\/produktas\/perigoro-pirslys\/#breadcrumb","itemListElement":[{"@type":"ListItem","position":1,"name":"Home","item":"https:\/\/skaitytaknyga.lt\/"},{"@type":"ListItem","position":2,"name":"Parduotuv\u0117","item":"https:\/\/skaitytaknyga.lt\/knygu-parduotuve\/"},{"@type":"ListItem","position":3,"name":"Perigoro pir\u0161lys"}]},{"@type":"WebSite","@id":"https:\/\/skaitytaknyga.lt\/#website","url":"https:\/\/skaitytaknyga.lt\/","name":"skaitytaknyga.lt","description":"Skaitytaknyga.lt \u2013 tai ma\u017eas \u0161eimos verslas, kuris prasid\u0117jo nuo meil\u0117s knygoms ir siekio i\u0161gelb\u0117ti knygas nuo likimo prie konteinerio. Kas vienam nereikalingas daiktas \u2013 kitam lobis, o mes esame tarpininkai, kurie padeda abiems tapti laimingesniems ???? \u017dinome kaip nelengva i\u0161gyventi ma\u017eiems verslams, tad nuo \u0161iol, \u010dia rasite ir kit\u0173, ma\u017e\u0173 \u0161eim\u0173 versl\u0173, rank\u0173 darbo, dovan\u0173 sau ir artimiesiems.","publisher":{"@id":"https:\/\/skaitytaknyga.lt\/#organization"},"potentialAction":[{"@type":"SearchAction","target":{"@type":"EntryPoint","urlTemplate":"https:\/\/skaitytaknyga.lt\/?s={search_term_string}"},"query-input":{"@type":"PropertyValueSpecification","valueRequired":true,"valueName":"search_term_string"}}],"inLanguage":"en-GB"},{"@type":"Organization","@id":"https:\/\/skaitytaknyga.lt\/#organization","name":"skaitytaknyga.lt","url":"https:\/\/skaitytaknyga.lt\/","logo":{"@type":"ImageObject","inLanguage":"en-GB","@id":"https:\/\/skaitytaknyga.lt\/#\/schema\/logo\/image\/","url":"https:\/\/skaitytaknyga.lt\/wp-content\/uploads\/2024\/05\/cropped-cropped-cropped-02_00843_jt3bggkj1j3HLc7SyY6rEUpg.jpeg","contentUrl":"https:\/\/skaitytaknyga.lt\/wp-content\/uploads\/2024\/05\/cropped-cropped-cropped-02_00843_jt3bggkj1j3HLc7SyY6rEUpg.jpeg","width":1600,"height":1600,"caption":"skaitytaknyga.lt"},"image":{"@id":"https:\/\/skaitytaknyga.lt\/#\/schema\/logo\/image\/"},"sameAs":["https:\/\/www.facebook.com\/skaitytaknyga\/"]}]}},"_links":{"self":[{"href":"https:\/\/skaitytaknyga.lt\/en\/wp-json\/wp\/v2\/product\/15993","targetHints":{"allow":["GET"]}}],"collection":[{"href":"https:\/\/skaitytaknyga.lt\/en\/wp-json\/wp\/v2\/product"}],"about":[{"href":"https:\/\/skaitytaknyga.lt\/en\/wp-json\/wp\/v2\/types\/product"}],"replies":[{"embeddable":true,"href":"https:\/\/skaitytaknyga.lt\/en\/wp-json\/wp\/v2\/comments?post=15993"}],"wp:featuredmedia":[{"embeddable":true,"href":"https:\/\/skaitytaknyga.lt\/en\/wp-json\/wp\/v2\/media\/15992"}],"wp:attachment":[{"href":"https:\/\/skaitytaknyga.lt\/en\/wp-json\/wp\/v2\/media?parent=15993"}],"wp:term":[{"taxonomy":"product_brand","embeddable":true,"href":"https:\/\/skaitytaknyga.lt\/en\/wp-json\/wp\/v2\/product_brand?post=15993"},{"taxonomy":"product_cat","embeddable":true,"href":"https:\/\/skaitytaknyga.lt\/en\/wp-json\/wp\/v2\/product_cat?post=15993"},{"taxonomy":"product_tag","embeddable":true,"href":"https:\/\/skaitytaknyga.lt\/en\/wp-json\/wp\/v2\/product_tag?post=15993"}],"curies":[{"name":"wp","href":"https:\/\/api.w.org\/{rel}","templated":true}]}}