{"id":15989,"date":"2025-01-24T11:03:11","date_gmt":"2025-01-24T09:03:11","guid":{"rendered":"https:\/\/skaitytaknyga.lt\/en\/?post_type=product&#038;p=15989"},"modified":"2026-02-10T12:22:40","modified_gmt":"2026-02-10T10:22:40","slug":"didysis-getsbis","status":"publish","type":"product","link":"https:\/\/skaitytaknyga.lt\/en\/produktas\/didysis-getsbis\/","title":{"rendered":"Didysis Getsbis"},"content":{"rendered":"<p>Tre\u010dias de\u0161imtmetis, d\u017eiazo am\u017eius: prohibicijos \u012fstatymas, Chanel No. 5 kvepalai, pirmasis \u012fgarsintas filmas, Peliukas Mikis, \u0161ampanas, \u010darlstonas ir fokstrotas iki pary\u010di\u0173. Anot F. Scotto Fitzgeraldo, \u201estebukl\u0173, meno, pertekliaus ir satyros am\u017eius\u201c. I pasaulinio karo veteranas i\u0161 vidurio vakar\u0173 Nikas Karav\u0117jus persikelia \u012f Long Ailand\u0105, nuvori\u0161\u0173 pam\u0117gt\u0105 rajon\u0105. \u0160alia gyvena paslaptingas, bet nepaprastai \u017eavingas trisde\u0161imtmetis D\u017e\u0117jus Getsbis, visoje apylink\u0117je pagars\u0117j\u0119s turtais ir pasaki\u0161kais vakar\u0117liais. Tai, k\u0105 jis pasakoja apie save, kelia rimt\u0173 abejoni\u0173. Akivaizdu tik viena \u2013 Getsbis myli \u017eaving\u0105j\u0105 Deiz\u0119 Bjukenen, kurios pra\u0161matni vila stovi kitapus \u012flankos. Kadaise Deiz\u0117, mergina i\u0161 turtingos \u0161eimos, pa\u017ead\u0117jo laukti \u012f kar\u0105 i\u0161vykstan\u010dio varg\u0161o kareivio D\u017e\u0117jaus, bet i\u0161tek\u0117jo u\u017e turtuolio atleto Tomo Bjukeneno. Sugr\u012f\u017e\u0119s namo ir sukaup\u0119s turtus Getsbis pasi\u0161auna bet kokia kaina j\u0105 susigr\u0105\u017einti.<\/p>\n<ul class=\"about-product d-none d-xl-block mt-4\">\n<li><strong>Originalus pavadinimas:<\/strong>\u00a0The Great Gatsby<\/li>\n<li><strong>Autorius:<\/strong>\u00a0F. Scott Fitzgerald<\/li>\n<li><strong>Leid\u0117jas:<\/strong>\u00a0Andrena<\/li>\n<li><strong>Metai:<\/strong>\u00a01995<\/li>\n<li><strong>Puslapiai:<\/strong>\u00a0167<\/li>\n<li class=\"toggleable type-new-formats \"><strong>ISBN:<\/strong>\u00a09986370000<\/li>\n<li class=\"toggleable type-new-formats \"><strong>Formatas:<\/strong>\u00a012,8 x 20 x 1 cm, mink\u0161ti vir\u0161eliai<\/li>\n<li><strong>Vert\u0117jas:<\/strong>\u00a0Gra\u017eina Zolubien\u0117<\/li>\n<\/ul>\n","protected":false},"excerpt":{"rendered":"<p>Tre\u010dias de\u0161imtmetis, d\u017eiazo am\u017eius: prohibicijos \u012fstatymas, Chanel No. 5 kvepalai, pirmasis \u012fgarsintas filmas, Peliukas Mikis, \u0161ampanas, \u010darlstonas ir fokstrotas iki pary\u010di\u0173. Anot F. Scotto Fitzgeraldo, \u201estebukl\u0173, meno, pertekliaus ir satyros am\u017eius\u201c. I pasaulinio karo veteranas i\u0161 vidurio vakar\u0173 Nikas Karav\u0117jus persikelia \u012f Long Ailand\u0105, nuvori\u0161\u0173 pam\u0117gt\u0105 rajon\u0105. \u0160alia gyvena paslaptingas, bet nepaprastai \u017eavingas trisde\u0161imtmetis D\u017e\u0117jus Getsbis, visoje apylink\u0117je pagars\u0117j\u0119s turtais ir pasaki\u0161kais vakar\u0117liais. Tai, k\u0105 jis pasakoja apie save, kelia rimt\u0173 abejoni\u0173. Akivaizdu tik viena \u2013 Getsbis myli \u017eaving\u0105j\u0105 Deiz\u0119 Bjukenen, kurios pra\u0161matni vila stovi kitapus \u012flankos. Kadaise Deiz\u0117, mergina i\u0161 turtingos \u0161eimos, pa\u017ead\u0117jo laukti \u012f kar\u0105 i\u0161vykstan\u010dio varg\u0161o kareivio D\u017e\u0117jaus, bet i\u0161tek\u0117jo u\u017e turtuolio atleto Tomo Bjukeneno. Sugr\u012f\u017e\u0119s namo ir sukaup\u0119s turtus Getsbis pasi\u0161auna bet kokia kaina j\u0105 susigr\u0105\u017einti. Originalus pavadinimas:\u00a0The Great Gatsby Autorius:\u00a0F. Scott Fitzgerald Leid\u0117jas:\u00a0Andrena Metai:\u00a01995 Puslapiai:\u00a0167 ISBN:\u00a09986370000 Formatas:\u00a012,8 x 20 x 1 cm, mink\u0161ti vir\u0161eliai Vert\u0117jas:\u00a0Gra\u017eina Zolubien\u0117<\/p>\n","protected":false},"featured_media":15990,"comment_status":"open","ping_status":"closed","template":"","meta":{"_acf_changed":false,"site-sidebar-layout":"default","site-content-layout":"","ast-site-content-layout":"default","site-content-style":"default","site-sidebar-style":"default","ast-global-header-display":"","ast-banner-title-visibility":"","ast-main-header-display":"","ast-hfb-above-header-display":"","ast-hfb-below-header-display":"","ast-hfb-mobile-header-display":"","site-post-title":"","ast-breadcrumbs-content":"","ast-featured-img":"","footer-sml-layout":"","ast-disable-related-posts":"","theme-transparent-header-meta":"default","adv-header-id-meta":"","stick-header-meta":"","header-above-stick-meta":"","header-main-stick-meta":"","header-below-stick-meta":"","astra-migrate-meta-layouts":"set","ast-page-background-enabled":"default","ast-page-background-meta":{"desktop":{"background-color":"","background-image":"","background-repeat":"repeat","background-position":"center center","background-size":"auto","background-attachment":"scroll","background-type":"","background-media":"","overlay-type":"","overlay-color":"","overlay-opacity":"","overlay-gradient":""},"tablet":{"background-color":"","background-image":"","background-repeat":"repeat","background-position":"center center","background-size":"auto","background-attachment":"scroll","background-type":"","background-media":"","overlay-type":"","overlay-color":"","overlay-opacity":"","overlay-gradient":""},"mobile":{"background-color":"","background-image":"","background-repeat":"repeat","background-position":"center center","background-size":"auto","background-attachment":"scroll","background-type":"","background-media":"","overlay-type":"","overlay-color":"","overlay-opacity":"","overlay-gradient":""}},"ast-content-background-meta":{"desktop":{"background-color":"var(--ast-global-color-4)","background-image":"","background-repeat":"repeat","background-position":"center center","background-size":"auto","background-attachment":"scroll","background-type":"","background-media":"","overlay-type":"","overlay-color":"","overlay-opacity":"","overlay-gradient":""},"tablet":{"background-color":"var(--ast-global-color-4)","background-image":"","background-repeat":"repeat","background-position":"center center","background-size":"auto","background-attachment":"scroll","background-type":"","background-media":"","overlay-type":"","overlay-color":"","overlay-opacity":"","overlay-gradient":""},"mobile":{"background-color":"var(--ast-global-color-4)","background-image":"","background-repeat":"repeat","background-position":"center center","background-size":"auto","background-attachment":"scroll","background-type":"","background-media":"","overlay-type":"","overlay-color":"","overlay-opacity":"","overlay-gradient":""}}},"product_brand":[],"product_cat":[31,15],"product_tag":[1301],"class_list":{"0":"post-15989","1":"product","2":"type-product","3":"status-publish","4":"has-post-thumbnail","6":"product_cat-grozine-literatura","7":"product_cat-uncategorized","8":"product_tag-f-scott-fitzgerald","9":"desktop-align-left","10":"tablet-align-left","11":"mobile-align-left","13":"first","14":"outofstock","15":"shipping-taxable","16":"purchasable","17":"product-type-simple"},"acf":[],"yoast_head":"<!-- This site is optimized with the Yoast SEO plugin v27.0 - https:\/\/yoast.com\/product\/yoast-seo-wordpress\/ -->\n<title>Didysis Getsbis<\/title>\n<meta name=\"description\" content=\"Tre\u010dias de\u0161imtmetis, d\u017eiazo am\u017eius: prohibicijos \u012fstatymas, Chanel No. 5 kvepalai, pirmasis \u012fgarsintas filmas, Peliukas Mikis, \u0161ampanas, \u010darlstonas ir\" \/>\n<meta name=\"robots\" content=\"index, follow, max-snippet:-1, max-image-preview:large, max-video-preview:-1\" \/>\n<link rel=\"canonical\" href=\"https:\/\/skaitytaknyga.lt\/en\/produktas\/didysis-getsbis\/\" \/>\n<meta property=\"og:locale\" content=\"en_GB\" \/>\n<meta property=\"og:locale:alternate\" content=\"lt_LT\" \/>\n<meta property=\"og:type\" content=\"article\" \/>\n<meta property=\"og:title\" content=\"Didysis Getsbis\" \/>\n<meta property=\"og:description\" content=\"Tre\u010dias de\u0161imtmetis, d\u017eiazo am\u017eius: prohibicijos \u012fstatymas, Chanel No. 5 kvepalai, pirmasis \u012fgarsintas filmas, Peliukas Mikis, \u0161ampanas, \u010darlstonas ir\" \/>\n<meta property=\"og:url\" content=\"https:\/\/skaitytaknyga.lt\/en\/produktas\/didysis-getsbis\/\" \/>\n<meta property=\"og:site_name\" content=\"Skaitytaknyga\" \/>\n<meta property=\"article:publisher\" content=\"https:\/\/www.facebook.com\/skaitytaknyga\/\" \/>\n<meta property=\"article:modified_time\" content=\"2026-02-10T10:22:40+00:00\" \/>\n<meta property=\"og:image\" content=\"https:\/\/skaitytaknyga.lt\/wp-content\/uploads\/2025\/01\/Didysis-Getsbis.webp\" \/>\n\t<meta property=\"og:image:width\" content=\"497\" \/>\n\t<meta property=\"og:image:height\" content=\"800\" \/>\n\t<meta property=\"og:image:type\" content=\"image\/webp\" \/>\n<meta name=\"twitter:card\" content=\"summary_large_image\" \/>\n<meta name=\"twitter:label1\" content=\"Estimated reading time\" \/>\n\t<meta name=\"twitter:data1\" content=\"2 minutes\" \/>\n<script type=\"application\/ld+json\" class=\"yoast-schema-graph\">{\"@context\":\"https:\/\/schema.org\",\"@graph\":[{\"@type\":\"WebPage\",\"@id\":\"https:\/\/skaitytaknyga.lt\/produktas\/didysis-getsbis\/\",\"url\":\"https:\/\/skaitytaknyga.lt\/produktas\/didysis-getsbis\/\",\"name\":\"Didysis Getsbis\",\"isPartOf\":{\"@id\":\"https:\/\/skaitytaknyga.lt\/#website\"},\"primaryImageOfPage\":{\"@id\":\"https:\/\/skaitytaknyga.lt\/produktas\/didysis-getsbis\/#primaryimage\"},\"image\":{\"@id\":\"https:\/\/skaitytaknyga.lt\/produktas\/didysis-getsbis\/#primaryimage\"},\"thumbnailUrl\":\"https:\/\/skaitytaknyga.lt\/wp-content\/uploads\/2025\/01\/Didysis-Getsbis.webp\",\"datePublished\":\"2025-01-24T09:03:11+00:00\",\"dateModified\":\"2026-02-10T10:22:40+00:00\",\"description\":\"Tre\u010dias de\u0161imtmetis, d\u017eiazo am\u017eius: prohibicijos \u012fstatymas, Chanel No. 5 kvepalai, pirmasis \u012fgarsintas filmas, Peliukas Mikis, \u0161ampanas, \u010darlstonas ir\",\"breadcrumb\":{\"@id\":\"https:\/\/skaitytaknyga.lt\/produktas\/didysis-getsbis\/#breadcrumb\"},\"inLanguage\":\"en-GB\",\"potentialAction\":[{\"@type\":\"ReadAction\",\"target\":[\"https:\/\/skaitytaknyga.lt\/produktas\/didysis-getsbis\/\"]}]},{\"@type\":\"ImageObject\",\"inLanguage\":\"en-GB\",\"@id\":\"https:\/\/skaitytaknyga.lt\/produktas\/didysis-getsbis\/#primaryimage\",\"url\":\"https:\/\/skaitytaknyga.lt\/wp-content\/uploads\/2025\/01\/Didysis-Getsbis.webp\",\"contentUrl\":\"https:\/\/skaitytaknyga.lt\/wp-content\/uploads\/2025\/01\/Didysis-Getsbis.webp\",\"width\":497,\"height\":800,\"caption\":\"Didysis Getsbis\"},{\"@type\":\"BreadcrumbList\",\"@id\":\"https:\/\/skaitytaknyga.lt\/produktas\/didysis-getsbis\/#breadcrumb\",\"itemListElement\":[{\"@type\":\"ListItem\",\"position\":1,\"name\":\"Home\",\"item\":\"https:\/\/skaitytaknyga.lt\/\"},{\"@type\":\"ListItem\",\"position\":2,\"name\":\"Parduotuv\u0117\",\"item\":\"https:\/\/skaitytaknyga.lt\/knygu-parduotuve\/\"},{\"@type\":\"ListItem\",\"position\":3,\"name\":\"Didysis Getsbis\"}]},{\"@type\":\"WebSite\",\"@id\":\"https:\/\/skaitytaknyga.lt\/#website\",\"url\":\"https:\/\/skaitytaknyga.lt\/\",\"name\":\"skaitytaknyga.lt\",\"description\":\"Skaitytaknyga.lt \u2013 tai ma\u017eas \u0161eimos verslas, kuris prasid\u0117jo nuo meil\u0117s knygoms ir siekio i\u0161gelb\u0117ti knygas nuo likimo prie konteinerio. Kas vienam nereikalingas daiktas \u2013 kitam lobis, o mes esame tarpininkai, kurie padeda abiems tapti laimingesniems ???? \u017dinome kaip nelengva i\u0161gyventi ma\u017eiems verslams, tad nuo \u0161iol, \u010dia rasite ir kit\u0173, ma\u017e\u0173 \u0161eim\u0173 versl\u0173, rank\u0173 darbo, dovan\u0173 sau ir artimiesiems.\",\"publisher\":{\"@id\":\"https:\/\/skaitytaknyga.lt\/#organization\"},\"potentialAction\":[{\"@type\":\"SearchAction\",\"target\":{\"@type\":\"EntryPoint\",\"urlTemplate\":\"https:\/\/skaitytaknyga.lt\/?s={search_term_string}\"},\"query-input\":{\"@type\":\"PropertyValueSpecification\",\"valueRequired\":true,\"valueName\":\"search_term_string\"}}],\"inLanguage\":\"en-GB\"},{\"@type\":\"Organization\",\"@id\":\"https:\/\/skaitytaknyga.lt\/#organization\",\"name\":\"skaitytaknyga.lt\",\"url\":\"https:\/\/skaitytaknyga.lt\/\",\"logo\":{\"@type\":\"ImageObject\",\"inLanguage\":\"en-GB\",\"@id\":\"https:\/\/skaitytaknyga.lt\/#\/schema\/logo\/image\/\",\"url\":\"https:\/\/skaitytaknyga.lt\/wp-content\/uploads\/2024\/05\/cropped-cropped-cropped-02_00843_jt3bggkj1j3HLc7SyY6rEUpg.jpeg\",\"contentUrl\":\"https:\/\/skaitytaknyga.lt\/wp-content\/uploads\/2024\/05\/cropped-cropped-cropped-02_00843_jt3bggkj1j3HLc7SyY6rEUpg.jpeg\",\"width\":1600,\"height\":1600,\"caption\":\"skaitytaknyga.lt\"},\"image\":{\"@id\":\"https:\/\/skaitytaknyga.lt\/#\/schema\/logo\/image\/\"},\"sameAs\":[\"https:\/\/www.facebook.com\/skaitytaknyga\/\"]}]}<\/script>\n<!-- \/ Yoast SEO plugin. -->","yoast_head_json":{"title":"Didysis Getsbis","description":"Tre\u010dias de\u0161imtmetis, d\u017eiazo am\u017eius: prohibicijos \u012fstatymas, Chanel No. 5 kvepalai, pirmasis \u012fgarsintas filmas, Peliukas Mikis, \u0161ampanas, \u010darlstonas ir","robots":{"index":"index","follow":"follow","max-snippet":"max-snippet:-1","max-image-preview":"max-image-preview:large","max-video-preview":"max-video-preview:-1"},"canonical":"https:\/\/skaitytaknyga.lt\/en\/produktas\/didysis-getsbis\/","og_locale":"en_GB","og_type":"article","og_title":"[:en]Didysis Getsbis[:lt]Didysis Getsbis[:] - Skaitytaknyga","og_description":"Tre\u010dias de\u0161imtmetis, d\u017eiazo am\u017eius: prohibicijos \u012fstatymas, Chanel No. 5 kvepalai, pirmasis \u012fgarsintas filmas, Peliukas Mikis, \u0161ampanas, \u010darlstonas ir","og_url":"https:\/\/skaitytaknyga.lt\/en\/produktas\/didysis-getsbis\/","og_site_name":"Skaitytaknyga","article_publisher":"https:\/\/www.facebook.com\/skaitytaknyga\/","article_modified_time":"2026-02-10T10:22:40+00:00","og_image":[{"width":497,"height":800,"url":"https:\/\/skaitytaknyga.lt\/wp-content\/uploads\/2025\/01\/Didysis-Getsbis.webp","type":"image\/webp"}],"twitter_card":"summary_large_image","twitter_misc":{"Estimated reading time":"2 minutes"},"schema":{"@context":"https:\/\/schema.org","@graph":[{"@type":"WebPage","@id":"https:\/\/skaitytaknyga.lt\/produktas\/didysis-getsbis\/","url":"https:\/\/skaitytaknyga.lt\/produktas\/didysis-getsbis\/","name":"Didysis Getsbis","isPartOf":{"@id":"https:\/\/skaitytaknyga.lt\/#website"},"primaryImageOfPage":{"@id":"https:\/\/skaitytaknyga.lt\/produktas\/didysis-getsbis\/#primaryimage"},"image":{"@id":"https:\/\/skaitytaknyga.lt\/produktas\/didysis-getsbis\/#primaryimage"},"thumbnailUrl":"https:\/\/skaitytaknyga.lt\/wp-content\/uploads\/2025\/01\/Didysis-Getsbis.webp","datePublished":"2025-01-24T09:03:11+00:00","dateModified":"2026-02-10T10:22:40+00:00","description":"Tre\u010dias de\u0161imtmetis, d\u017eiazo am\u017eius: prohibicijos \u012fstatymas, Chanel No. 5 kvepalai, pirmasis \u012fgarsintas filmas, Peliukas Mikis, \u0161ampanas, \u010darlstonas ir","breadcrumb":{"@id":"https:\/\/skaitytaknyga.lt\/produktas\/didysis-getsbis\/#breadcrumb"},"inLanguage":"en-GB","potentialAction":[{"@type":"ReadAction","target":["https:\/\/skaitytaknyga.lt\/produktas\/didysis-getsbis\/"]}]},{"@type":"ImageObject","inLanguage":"en-GB","@id":"https:\/\/skaitytaknyga.lt\/produktas\/didysis-getsbis\/#primaryimage","url":"https:\/\/skaitytaknyga.lt\/wp-content\/uploads\/2025\/01\/Didysis-Getsbis.webp","contentUrl":"https:\/\/skaitytaknyga.lt\/wp-content\/uploads\/2025\/01\/Didysis-Getsbis.webp","width":497,"height":800,"caption":"Didysis Getsbis"},{"@type":"BreadcrumbList","@id":"https:\/\/skaitytaknyga.lt\/produktas\/didysis-getsbis\/#breadcrumb","itemListElement":[{"@type":"ListItem","position":1,"name":"Home","item":"https:\/\/skaitytaknyga.lt\/"},{"@type":"ListItem","position":2,"name":"Parduotuv\u0117","item":"https:\/\/skaitytaknyga.lt\/knygu-parduotuve\/"},{"@type":"ListItem","position":3,"name":"Didysis Getsbis"}]},{"@type":"WebSite","@id":"https:\/\/skaitytaknyga.lt\/#website","url":"https:\/\/skaitytaknyga.lt\/","name":"skaitytaknyga.lt","description":"Skaitytaknyga.lt \u2013 tai ma\u017eas \u0161eimos verslas, kuris prasid\u0117jo nuo meil\u0117s knygoms ir siekio i\u0161gelb\u0117ti knygas nuo likimo prie konteinerio. Kas vienam nereikalingas daiktas \u2013 kitam lobis, o mes esame tarpininkai, kurie padeda abiems tapti laimingesniems ???? \u017dinome kaip nelengva i\u0161gyventi ma\u017eiems verslams, tad nuo \u0161iol, \u010dia rasite ir kit\u0173, ma\u017e\u0173 \u0161eim\u0173 versl\u0173, rank\u0173 darbo, dovan\u0173 sau ir artimiesiems.","publisher":{"@id":"https:\/\/skaitytaknyga.lt\/#organization"},"potentialAction":[{"@type":"SearchAction","target":{"@type":"EntryPoint","urlTemplate":"https:\/\/skaitytaknyga.lt\/?s={search_term_string}"},"query-input":{"@type":"PropertyValueSpecification","valueRequired":true,"valueName":"search_term_string"}}],"inLanguage":"en-GB"},{"@type":"Organization","@id":"https:\/\/skaitytaknyga.lt\/#organization","name":"skaitytaknyga.lt","url":"https:\/\/skaitytaknyga.lt\/","logo":{"@type":"ImageObject","inLanguage":"en-GB","@id":"https:\/\/skaitytaknyga.lt\/#\/schema\/logo\/image\/","url":"https:\/\/skaitytaknyga.lt\/wp-content\/uploads\/2024\/05\/cropped-cropped-cropped-02_00843_jt3bggkj1j3HLc7SyY6rEUpg.jpeg","contentUrl":"https:\/\/skaitytaknyga.lt\/wp-content\/uploads\/2024\/05\/cropped-cropped-cropped-02_00843_jt3bggkj1j3HLc7SyY6rEUpg.jpeg","width":1600,"height":1600,"caption":"skaitytaknyga.lt"},"image":{"@id":"https:\/\/skaitytaknyga.lt\/#\/schema\/logo\/image\/"},"sameAs":["https:\/\/www.facebook.com\/skaitytaknyga\/"]}]}},"_links":{"self":[{"href":"https:\/\/skaitytaknyga.lt\/en\/wp-json\/wp\/v2\/product\/15989","targetHints":{"allow":["GET"]}}],"collection":[{"href":"https:\/\/skaitytaknyga.lt\/en\/wp-json\/wp\/v2\/product"}],"about":[{"href":"https:\/\/skaitytaknyga.lt\/en\/wp-json\/wp\/v2\/types\/product"}],"replies":[{"embeddable":true,"href":"https:\/\/skaitytaknyga.lt\/en\/wp-json\/wp\/v2\/comments?post=15989"}],"wp:featuredmedia":[{"embeddable":true,"href":"https:\/\/skaitytaknyga.lt\/en\/wp-json\/wp\/v2\/media\/15990"}],"wp:attachment":[{"href":"https:\/\/skaitytaknyga.lt\/en\/wp-json\/wp\/v2\/media?parent=15989"}],"wp:term":[{"taxonomy":"product_brand","embeddable":true,"href":"https:\/\/skaitytaknyga.lt\/en\/wp-json\/wp\/v2\/product_brand?post=15989"},{"taxonomy":"product_cat","embeddable":true,"href":"https:\/\/skaitytaknyga.lt\/en\/wp-json\/wp\/v2\/product_cat?post=15989"},{"taxonomy":"product_tag","embeddable":true,"href":"https:\/\/skaitytaknyga.lt\/en\/wp-json\/wp\/v2\/product_tag?post=15989"}],"curies":[{"name":"wp","href":"https:\/\/api.w.org\/{rel}","templated":true}]}}