{"id":15987,"date":"2025-01-24T11:00:07","date_gmt":"2025-01-24T09:00:07","guid":{"rendered":"https:\/\/skaitytaknyga.lt\/en\/?post_type=product&#038;p=15987"},"modified":"2025-05-21T17:15:11","modified_gmt":"2025-05-21T14:15:11","slug":"turtingas-tetis-vargsas-tetis","status":"publish","type":"product","link":"https:\/\/skaitytaknyga.lt\/en\/produktas\/turtingas-tetis-vargsas-tetis\/","title":{"rendered":"Du t\u0117\u010diai \u2013 turtingas ir varg\u0161as"},"content":{"rendered":"<p>Puikiai pasaulyje pa\u017e\u012fstamas asmenini\u0173 finans\u0173 valdymo guru\u00a0<strong>Robert T. Kiyosaki<\/strong>\u00a0savo tarptautinio pripa\u017einimo sulaukusioje knygoje\u00a0<strong>&#8220;Turtingas t\u0117tis, varg\u0161as t\u0117tis&#8221;\u00a0<\/strong>dalijasi asmenine patirtimi ir unikaliomis id\u0117jomis gr\u012fstu modeliu. Tai esminiai prin\u00adcipai, kurie pakeis ne tik sustabar\u0117jus\u012f po\u017ei\u016br\u012f \u012f pinigus, bet ir kiekvieno, siekian\u010dio finansin\u0117s gerov\u0117s, gyvenim\u0105.<\/p>\n<p><strong>Robert T. Kiyosaki<\/strong>\u00a0&#8211; amerikie\u010di\u0173 verslininkas, investuotojas, lektorius, ra\u0161ytojas. Jo knygos apie asmenini\u0173 finans\u0173 valdym\u0105 ne kart\u0105 puikavosi perkamiausi\u0173 The Wall Street Journal, USA Today ir New York Times knyg\u0173 s\u0105ra\u0161uose. Tarptautin\u0117s s\u0117km\u0117s sulaukusi knyga &#8220;Turtingas t\u0117tis, varg\u0161as t\u0117tis&#8221; sp\u0117jo tapti kone biblija visiems, siekiantiems efektyviai valdyti savo turimus finansinius i\u0161teklius.<\/p>\n<p>\u0160ioje knygoje<strong>\u00a0R. T. Kiyosaki<\/strong>\u00a0pasitelkia \u012ftaig\u0173 pasakojim\u0105 apie du skirting\u0105 finansin\u012f supratim\u0105 turin\u010dius \u017emones, nor\u0117damas pabr\u0117\u017eti daugelio i\u0161 m\u016bs\u0173 daromas klaidas ir supa\u017eindinti su i\u0161ties efektyviu finans\u0173 valdymo modeliu. Asmenine patirtimi iroriginaliomis id\u0117jomis gr\u012fsti principai, pripa\u017einti visame pasaulyje, s\u0117kmingai pakeit\u0117 ir tebekei\u010dia milijon\u0173 \u017emoni\u0173 m\u0105stym\u0105 apie pinigus.<\/p>\n<p><em>&#8220;Pinigai &#8211; tai viena i\u0161 galios form\u0173. Ta\u010diau dar galingesnis ginklas u\u017e pinigus &#8211; finansinis i\u0161prusimas.&#8221;<br \/>\n<\/em>Robert T. Kiyosaki<\/p>\n<ul class=\"about-product d-none d-xl-block mt-4\">\n<li><strong>Autorius:<\/strong>\u00a0Robert T. Kiyosaki<\/li>\n<li><strong>Leid\u0117jas:<\/strong>\u00a0Eugrimas<\/li>\n<li><strong>Metai:<\/strong> 2022<\/li>\n<li><strong>Puslapiai:<\/strong>\u00a0224<\/li>\n<li class=\"toggleable type-new-formats \"><strong>ISBN:<\/strong>\u00a09786094372919<\/li>\n<li><strong>Versijos kodas:<\/strong>\u00a016<\/li>\n<li class=\"toggleable type-new-formats \"><strong>Formatas:<\/strong>\u00a015 x 22 cm, kieti vir\u0161eliai<\/li>\n<li><strong>Kalba:<\/strong>\u00a0Lietuvi\u0173<\/li>\n<li><strong>Vert\u0117jas:<\/strong>\u00a0Ovidijus Stokys<\/li>\n<\/ul>\n","protected":false},"excerpt":{"rendered":"<p>Puikiai pasaulyje pa\u017e\u012fstamas asmenini\u0173 finans\u0173 valdymo guru\u00a0Robert T. Kiyosaki\u00a0savo tarptautinio pripa\u017einimo sulaukusioje knygoje\u00a0&#8220;Turtingas t\u0117tis, varg\u0161as t\u0117tis&#8221;\u00a0dalijasi asmenine patirtimi ir unikaliomis id\u0117jomis gr\u012fstu modeliu. Tai esminiai prin\u00adcipai, kurie pakeis ne tik sustabar\u0117jus\u012f po\u017ei\u016br\u012f \u012f pinigus, bet ir kiekvieno, siekian\u010dio finansin\u0117s gerov\u0117s, gyvenim\u0105. Robert T. Kiyosaki\u00a0&#8211; amerikie\u010di\u0173 verslininkas, investuotojas, lektorius, ra\u0161ytojas. Jo knygos apie asmenini\u0173 finans\u0173 valdym\u0105 ne kart\u0105 puikavosi perkamiausi\u0173 The Wall Street Journal, USA Today ir New York Times knyg\u0173 s\u0105ra\u0161uose. Tarptautin\u0117s s\u0117km\u0117s sulaukusi knyga &#8220;Turtingas t\u0117tis, varg\u0161as t\u0117tis&#8221; sp\u0117jo tapti kone biblija visiems, siekiantiems efektyviai valdyti savo turimus finansinius i\u0161teklius. \u0160ioje knygoje\u00a0R. T. Kiyosaki\u00a0pasitelkia \u012ftaig\u0173 pasakojim\u0105 apie du skirting\u0105 finansin\u012f supratim\u0105 turin\u010dius \u017emones, nor\u0117damas pabr\u0117\u017eti daugelio i\u0161 m\u016bs\u0173 daromas klaidas ir supa\u017eindinti su i\u0161ties efektyviu finans\u0173 valdymo modeliu. Asmenine patirtimi iroriginaliomis id\u0117jomis gr\u012fsti principai, pripa\u017einti visame pasaulyje, s\u0117kmingai pakeit\u0117 ir tebekei\u010dia milijon\u0173 \u017emoni\u0173 m\u0105stym\u0105 apie pinigus. &#8220;Pinigai &#8211; tai viena i\u0161 galios form\u0173. Ta\u010diau dar galingesnis ginklas u\u017e pinigus &#8211; finansinis i\u0161prusimas.&#8221; Robert T. Kiyosaki Autorius:\u00a0Robert T. Kiyosaki Leid\u0117jas:\u00a0Eugrimas Metai: 2022 Puslapiai:\u00a0224 ISBN:\u00a09786094372919 Versijos kodas:\u00a016 Formatas:\u00a015 x 22 cm, kieti vir\u0161eliai Kalba:\u00a0Lietuvi\u0173 Vert\u0117jas:\u00a0Ovidijus Stokys<\/p>\n","protected":false},"featured_media":15988,"comment_status":"open","ping_status":"closed","template":"","meta":{"_acf_changed":false,"site-sidebar-layout":"default","site-content-layout":"","ast-site-content-layout":"default","site-content-style":"default","site-sidebar-style":"default","ast-global-header-display":"","ast-banner-title-visibility":"","ast-main-header-display":"","ast-hfb-above-header-display":"","ast-hfb-below-header-display":"","ast-hfb-mobile-header-display":"","site-post-title":"","ast-breadcrumbs-content":"","ast-featured-img":"","footer-sml-layout":"","ast-disable-related-posts":"","theme-transparent-header-meta":"default","adv-header-id-meta":"","stick-header-meta":"","header-above-stick-meta":"","header-main-stick-meta":"","header-below-stick-meta":"","astra-migrate-meta-layouts":"set","ast-page-background-enabled":"default","ast-page-background-meta":{"desktop":{"background-color":"","background-image":"","background-repeat":"repeat","background-position":"center center","background-size":"auto","background-attachment":"scroll","background-type":"","background-media":"","overlay-type":"","overlay-color":"","overlay-opacity":"","overlay-gradient":""},"tablet":{"background-color":"","background-image":"","background-repeat":"repeat","background-position":"center center","background-size":"auto","background-attachment":"scroll","background-type":"","background-media":"","overlay-type":"","overlay-color":"","overlay-opacity":"","overlay-gradient":""},"mobile":{"background-color":"","background-image":"","background-repeat":"repeat","background-position":"center center","background-size":"auto","background-attachment":"scroll","background-type":"","background-media":"","overlay-type":"","overlay-color":"","overlay-opacity":"","overlay-gradient":""}},"ast-content-background-meta":{"desktop":{"background-color":"var(--ast-global-color-4)","background-image":"","background-repeat":"repeat","background-position":"center center","background-size":"auto","background-attachment":"scroll","background-type":"","background-media":"","overlay-type":"","overlay-color":"","overlay-opacity":"","overlay-gradient":""},"tablet":{"background-color":"var(--ast-global-color-4)","background-image":"","background-repeat":"repeat","background-position":"center center","background-size":"auto","background-attachment":"scroll","background-type":"","background-media":"","overlay-type":"","overlay-color":"","overlay-opacity":"","overlay-gradient":""},"mobile":{"background-color":"var(--ast-global-color-4)","background-image":"","background-repeat":"repeat","background-position":"center center","background-size":"auto","background-attachment":"scroll","background-type":"","background-media":"","overlay-type":"","overlay-color":"","overlay-opacity":"","overlay-gradient":""}}},"product_brand":[],"product_cat":[15,26],"product_tag":[],"class_list":{"0":"post-15987","1":"product","2":"type-product","3":"status-publish","4":"has-post-thumbnail","6":"product_cat-uncategorized","7":"product_cat-verslas-vadyba-ir-finansai","8":"desktop-align-left","9":"tablet-align-left","10":"mobile-align-left","12":"first","13":"outofstock","14":"shipping-taxable","15":"purchasable","16":"product-type-simple"},"acf":[],"yoast_head":"<!-- This site is optimized with the Yoast SEO plugin v27.0 - https:\/\/yoast.com\/product\/yoast-seo-wordpress\/ -->\n<title>Du t\u0117\u010diai \u2013 turtingas ir varg\u0161as<\/title>\n<meta name=\"description\" content=\"Puikiai pasaulyje pa\u017e\u012fstamas asmenini\u0173 finans\u0173 valdymo guru\u00a0Robert T. Kiyosaki\u00a0savo tarptautinio pripa\u017einimo sulaukusioje knygoje\u00a0&quot;Turtingas t\u0117tis,\" \/>\n<meta name=\"robots\" content=\"index, follow, max-snippet:-1, max-image-preview:large, max-video-preview:-1\" \/>\n<link rel=\"canonical\" href=\"https:\/\/skaitytaknyga.lt\/en\/produktas\/turtingas-tetis-vargsas-tetis\/\" \/>\n<meta property=\"og:locale\" content=\"en_GB\" \/>\n<meta property=\"og:locale:alternate\" content=\"lt_LT\" \/>\n<meta property=\"og:type\" content=\"article\" \/>\n<meta property=\"og:title\" content=\"Du t\u0117\u010diai \u2013 turtingas ir varg\u0161as\" \/>\n<meta property=\"og:description\" content=\"Puikiai pasaulyje pa\u017e\u012fstamas asmenini\u0173 finans\u0173 valdymo guru\u00a0Robert T. Kiyosaki\u00a0savo tarptautinio pripa\u017einimo sulaukusioje knygoje\u00a0&quot;Turtingas t\u0117tis,\" \/>\n<meta property=\"og:url\" content=\"https:\/\/skaitytaknyga.lt\/en\/produktas\/turtingas-tetis-vargsas-tetis\/\" \/>\n<meta property=\"og:site_name\" content=\"Skaitytaknyga\" \/>\n<meta property=\"article:publisher\" content=\"https:\/\/www.facebook.com\/skaitytaknyga\/\" \/>\n<meta property=\"article:modified_time\" content=\"2025-05-21T14:15:11+00:00\" \/>\n<meta property=\"og:image\" content=\"https:\/\/skaitytaknyga.lt\/wp-content\/uploads\/2025\/01\/Turtingas-tetis-vargsas-tetis.webp\" \/>\n\t<meta property=\"og:image:width\" content=\"304\" \/>\n\t<meta property=\"og:image:height\" content=\"450\" \/>\n\t<meta property=\"og:image:type\" content=\"image\/webp\" \/>\n<meta name=\"twitter:card\" content=\"summary_large_image\" \/>\n<meta name=\"twitter:label1\" content=\"Estimated reading time\" \/>\n\t<meta name=\"twitter:data1\" content=\"1 minute\" \/>\n<script type=\"application\/ld+json\" class=\"yoast-schema-graph\">{\"@context\":\"https:\/\/schema.org\",\"@graph\":[{\"@type\":\"WebPage\",\"@id\":\"https:\/\/skaitytaknyga.lt\/produktas\/turtingas-tetis-vargsas-tetis\/\",\"url\":\"https:\/\/skaitytaknyga.lt\/produktas\/turtingas-tetis-vargsas-tetis\/\",\"name\":\"Du t\u0117\u010diai \u2013 turtingas ir varg\u0161as\",\"isPartOf\":{\"@id\":\"https:\/\/skaitytaknyga.lt\/#website\"},\"primaryImageOfPage\":{\"@id\":\"https:\/\/skaitytaknyga.lt\/produktas\/turtingas-tetis-vargsas-tetis\/#primaryimage\"},\"image\":{\"@id\":\"https:\/\/skaitytaknyga.lt\/produktas\/turtingas-tetis-vargsas-tetis\/#primaryimage\"},\"thumbnailUrl\":\"https:\/\/skaitytaknyga.lt\/wp-content\/uploads\/2025\/01\/Turtingas-tetis-vargsas-tetis.webp\",\"datePublished\":\"2025-01-24T09:00:07+00:00\",\"dateModified\":\"2025-05-21T14:15:11+00:00\",\"description\":\"Puikiai pasaulyje pa\u017e\u012fstamas asmenini\u0173 finans\u0173 valdymo guru\u00a0Robert T. Kiyosaki\u00a0savo tarptautinio pripa\u017einimo sulaukusioje knygoje\u00a0\\\"Turtingas t\u0117tis,\",\"breadcrumb\":{\"@id\":\"https:\/\/skaitytaknyga.lt\/produktas\/turtingas-tetis-vargsas-tetis\/#breadcrumb\"},\"inLanguage\":\"en-GB\",\"potentialAction\":[{\"@type\":\"ReadAction\",\"target\":[\"https:\/\/skaitytaknyga.lt\/produktas\/turtingas-tetis-vargsas-tetis\/\"]}]},{\"@type\":\"ImageObject\",\"inLanguage\":\"en-GB\",\"@id\":\"https:\/\/skaitytaknyga.lt\/produktas\/turtingas-tetis-vargsas-tetis\/#primaryimage\",\"url\":\"https:\/\/skaitytaknyga.lt\/wp-content\/uploads\/2025\/01\/Turtingas-tetis-vargsas-tetis.webp\",\"contentUrl\":\"https:\/\/skaitytaknyga.lt\/wp-content\/uploads\/2025\/01\/Turtingas-tetis-vargsas-tetis.webp\",\"width\":304,\"height\":450,\"caption\":\"Turtingas t\u0117tis, varg\u0161as t\u0117tis\"},{\"@type\":\"BreadcrumbList\",\"@id\":\"https:\/\/skaitytaknyga.lt\/produktas\/turtingas-tetis-vargsas-tetis\/#breadcrumb\",\"itemListElement\":[{\"@type\":\"ListItem\",\"position\":1,\"name\":\"Home\",\"item\":\"https:\/\/skaitytaknyga.lt\/\"},{\"@type\":\"ListItem\",\"position\":2,\"name\":\"Parduotuv\u0117\",\"item\":\"https:\/\/skaitytaknyga.lt\/knygu-parduotuve\/\"},{\"@type\":\"ListItem\",\"position\":3,\"name\":\"Du t\u0117\u010diai \u2013 turtingas ir varg\u0161as\"}]},{\"@type\":\"WebSite\",\"@id\":\"https:\/\/skaitytaknyga.lt\/#website\",\"url\":\"https:\/\/skaitytaknyga.lt\/\",\"name\":\"skaitytaknyga.lt\",\"description\":\"Skaitytaknyga.lt \u2013 tai ma\u017eas \u0161eimos verslas, kuris prasid\u0117jo nuo meil\u0117s knygoms ir siekio i\u0161gelb\u0117ti knygas nuo likimo prie konteinerio. Kas vienam nereikalingas daiktas \u2013 kitam lobis, o mes esame tarpininkai, kurie padeda abiems tapti laimingesniems ???? \u017dinome kaip nelengva i\u0161gyventi ma\u017eiems verslams, tad nuo \u0161iol, \u010dia rasite ir kit\u0173, ma\u017e\u0173 \u0161eim\u0173 versl\u0173, rank\u0173 darbo, dovan\u0173 sau ir artimiesiems.\",\"publisher\":{\"@id\":\"https:\/\/skaitytaknyga.lt\/#organization\"},\"potentialAction\":[{\"@type\":\"SearchAction\",\"target\":{\"@type\":\"EntryPoint\",\"urlTemplate\":\"https:\/\/skaitytaknyga.lt\/?s={search_term_string}\"},\"query-input\":{\"@type\":\"PropertyValueSpecification\",\"valueRequired\":true,\"valueName\":\"search_term_string\"}}],\"inLanguage\":\"en-GB\"},{\"@type\":\"Organization\",\"@id\":\"https:\/\/skaitytaknyga.lt\/#organization\",\"name\":\"skaitytaknyga.lt\",\"url\":\"https:\/\/skaitytaknyga.lt\/\",\"logo\":{\"@type\":\"ImageObject\",\"inLanguage\":\"en-GB\",\"@id\":\"https:\/\/skaitytaknyga.lt\/#\/schema\/logo\/image\/\",\"url\":\"https:\/\/skaitytaknyga.lt\/wp-content\/uploads\/2024\/05\/cropped-cropped-cropped-02_00843_jt3bggkj1j3HLc7SyY6rEUpg.jpeg\",\"contentUrl\":\"https:\/\/skaitytaknyga.lt\/wp-content\/uploads\/2024\/05\/cropped-cropped-cropped-02_00843_jt3bggkj1j3HLc7SyY6rEUpg.jpeg\",\"width\":1600,\"height\":1600,\"caption\":\"skaitytaknyga.lt\"},\"image\":{\"@id\":\"https:\/\/skaitytaknyga.lt\/#\/schema\/logo\/image\/\"},\"sameAs\":[\"https:\/\/www.facebook.com\/skaitytaknyga\/\"]}]}<\/script>\n<!-- \/ Yoast SEO plugin. -->","yoast_head_json":{"title":"Du t\u0117\u010diai \u2013 turtingas ir varg\u0161as","description":"Puikiai pasaulyje pa\u017e\u012fstamas asmenini\u0173 finans\u0173 valdymo guru\u00a0Robert T. Kiyosaki\u00a0savo tarptautinio pripa\u017einimo sulaukusioje knygoje\u00a0\"Turtingas t\u0117tis,","robots":{"index":"index","follow":"follow","max-snippet":"max-snippet:-1","max-image-preview":"max-image-preview:large","max-video-preview":"max-video-preview:-1"},"canonical":"https:\/\/skaitytaknyga.lt\/en\/produktas\/turtingas-tetis-vargsas-tetis\/","og_locale":"en_GB","og_type":"article","og_title":"[:lt]Du t\u0117\u010diai \u2013 turtingas ir varg\u0161as[:] - Skaitytaknyga","og_description":"Puikiai pasaulyje pa\u017e\u012fstamas asmenini\u0173 finans\u0173 valdymo guru\u00a0Robert T. Kiyosaki\u00a0savo tarptautinio pripa\u017einimo sulaukusioje knygoje\u00a0\"Turtingas t\u0117tis,","og_url":"https:\/\/skaitytaknyga.lt\/en\/produktas\/turtingas-tetis-vargsas-tetis\/","og_site_name":"Skaitytaknyga","article_publisher":"https:\/\/www.facebook.com\/skaitytaknyga\/","article_modified_time":"2025-05-21T14:15:11+00:00","og_image":[{"width":304,"height":450,"url":"https:\/\/skaitytaknyga.lt\/wp-content\/uploads\/2025\/01\/Turtingas-tetis-vargsas-tetis.webp","type":"image\/webp"}],"twitter_card":"summary_large_image","twitter_misc":{"Estimated reading time":"1 minute"},"schema":{"@context":"https:\/\/schema.org","@graph":[{"@type":"WebPage","@id":"https:\/\/skaitytaknyga.lt\/produktas\/turtingas-tetis-vargsas-tetis\/","url":"https:\/\/skaitytaknyga.lt\/produktas\/turtingas-tetis-vargsas-tetis\/","name":"Du t\u0117\u010diai \u2013 turtingas ir varg\u0161as","isPartOf":{"@id":"https:\/\/skaitytaknyga.lt\/#website"},"primaryImageOfPage":{"@id":"https:\/\/skaitytaknyga.lt\/produktas\/turtingas-tetis-vargsas-tetis\/#primaryimage"},"image":{"@id":"https:\/\/skaitytaknyga.lt\/produktas\/turtingas-tetis-vargsas-tetis\/#primaryimage"},"thumbnailUrl":"https:\/\/skaitytaknyga.lt\/wp-content\/uploads\/2025\/01\/Turtingas-tetis-vargsas-tetis.webp","datePublished":"2025-01-24T09:00:07+00:00","dateModified":"2025-05-21T14:15:11+00:00","description":"Puikiai pasaulyje pa\u017e\u012fstamas asmenini\u0173 finans\u0173 valdymo guru\u00a0Robert T. Kiyosaki\u00a0savo tarptautinio pripa\u017einimo sulaukusioje knygoje\u00a0\"Turtingas t\u0117tis,","breadcrumb":{"@id":"https:\/\/skaitytaknyga.lt\/produktas\/turtingas-tetis-vargsas-tetis\/#breadcrumb"},"inLanguage":"en-GB","potentialAction":[{"@type":"ReadAction","target":["https:\/\/skaitytaknyga.lt\/produktas\/turtingas-tetis-vargsas-tetis\/"]}]},{"@type":"ImageObject","inLanguage":"en-GB","@id":"https:\/\/skaitytaknyga.lt\/produktas\/turtingas-tetis-vargsas-tetis\/#primaryimage","url":"https:\/\/skaitytaknyga.lt\/wp-content\/uploads\/2025\/01\/Turtingas-tetis-vargsas-tetis.webp","contentUrl":"https:\/\/skaitytaknyga.lt\/wp-content\/uploads\/2025\/01\/Turtingas-tetis-vargsas-tetis.webp","width":304,"height":450,"caption":"Turtingas t\u0117tis, varg\u0161as t\u0117tis"},{"@type":"BreadcrumbList","@id":"https:\/\/skaitytaknyga.lt\/produktas\/turtingas-tetis-vargsas-tetis\/#breadcrumb","itemListElement":[{"@type":"ListItem","position":1,"name":"Home","item":"https:\/\/skaitytaknyga.lt\/"},{"@type":"ListItem","position":2,"name":"Parduotuv\u0117","item":"https:\/\/skaitytaknyga.lt\/knygu-parduotuve\/"},{"@type":"ListItem","position":3,"name":"Du t\u0117\u010diai \u2013 turtingas ir varg\u0161as"}]},{"@type":"WebSite","@id":"https:\/\/skaitytaknyga.lt\/#website","url":"https:\/\/skaitytaknyga.lt\/","name":"skaitytaknyga.lt","description":"Skaitytaknyga.lt \u2013 tai ma\u017eas \u0161eimos verslas, kuris prasid\u0117jo nuo meil\u0117s knygoms ir siekio i\u0161gelb\u0117ti knygas nuo likimo prie konteinerio. Kas vienam nereikalingas daiktas \u2013 kitam lobis, o mes esame tarpininkai, kurie padeda abiems tapti laimingesniems ???? \u017dinome kaip nelengva i\u0161gyventi ma\u017eiems verslams, tad nuo \u0161iol, \u010dia rasite ir kit\u0173, ma\u017e\u0173 \u0161eim\u0173 versl\u0173, rank\u0173 darbo, dovan\u0173 sau ir artimiesiems.","publisher":{"@id":"https:\/\/skaitytaknyga.lt\/#organization"},"potentialAction":[{"@type":"SearchAction","target":{"@type":"EntryPoint","urlTemplate":"https:\/\/skaitytaknyga.lt\/?s={search_term_string}"},"query-input":{"@type":"PropertyValueSpecification","valueRequired":true,"valueName":"search_term_string"}}],"inLanguage":"en-GB"},{"@type":"Organization","@id":"https:\/\/skaitytaknyga.lt\/#organization","name":"skaitytaknyga.lt","url":"https:\/\/skaitytaknyga.lt\/","logo":{"@type":"ImageObject","inLanguage":"en-GB","@id":"https:\/\/skaitytaknyga.lt\/#\/schema\/logo\/image\/","url":"https:\/\/skaitytaknyga.lt\/wp-content\/uploads\/2024\/05\/cropped-cropped-cropped-02_00843_jt3bggkj1j3HLc7SyY6rEUpg.jpeg","contentUrl":"https:\/\/skaitytaknyga.lt\/wp-content\/uploads\/2024\/05\/cropped-cropped-cropped-02_00843_jt3bggkj1j3HLc7SyY6rEUpg.jpeg","width":1600,"height":1600,"caption":"skaitytaknyga.lt"},"image":{"@id":"https:\/\/skaitytaknyga.lt\/#\/schema\/logo\/image\/"},"sameAs":["https:\/\/www.facebook.com\/skaitytaknyga\/"]}]}},"_links":{"self":[{"href":"https:\/\/skaitytaknyga.lt\/en\/wp-json\/wp\/v2\/product\/15987","targetHints":{"allow":["GET"]}}],"collection":[{"href":"https:\/\/skaitytaknyga.lt\/en\/wp-json\/wp\/v2\/product"}],"about":[{"href":"https:\/\/skaitytaknyga.lt\/en\/wp-json\/wp\/v2\/types\/product"}],"replies":[{"embeddable":true,"href":"https:\/\/skaitytaknyga.lt\/en\/wp-json\/wp\/v2\/comments?post=15987"}],"wp:featuredmedia":[{"embeddable":true,"href":"https:\/\/skaitytaknyga.lt\/en\/wp-json\/wp\/v2\/media\/15988"}],"wp:attachment":[{"href":"https:\/\/skaitytaknyga.lt\/en\/wp-json\/wp\/v2\/media?parent=15987"}],"wp:term":[{"taxonomy":"product_brand","embeddable":true,"href":"https:\/\/skaitytaknyga.lt\/en\/wp-json\/wp\/v2\/product_brand?post=15987"},{"taxonomy":"product_cat","embeddable":true,"href":"https:\/\/skaitytaknyga.lt\/en\/wp-json\/wp\/v2\/product_cat?post=15987"},{"taxonomy":"product_tag","embeddable":true,"href":"https:\/\/skaitytaknyga.lt\/en\/wp-json\/wp\/v2\/product_tag?post=15987"}],"curies":[{"name":"wp","href":"https:\/\/api.w.org\/{rel}","templated":true}]}}