{"id":15970,"date":"2025-01-17T09:39:13","date_gmt":"2025-01-17T07:39:13","guid":{"rendered":"https:\/\/skaitytaknyga.lt\/en\/?post_type=product&#038;p=15970"},"modified":"2025-01-17T09:50:40","modified_gmt":"2025-01-17T07:50:40","slug":"7-aha-sielai-nusvitus","status":"publish","type":"product","link":"https:\/\/skaitytaknyga.lt\/en\/produktas\/7-aha-sielai-nusvitus\/","title":{"rendered":"A\u0161 esu jautrus: pa\u017eink ir pamilk savo prigimt\u012f"},"content":{"rendered":"<p><em>Knyga nemoko \u012fveikti jautrumo. Ji pataria gerbti savo jautri\u0105j\u0105 prigimt\u012f ir daryti stebuklus, kaip jums ir skirta.<\/em>\u00a0\u2013 Deborah Ward<\/p>\n<p>Knygoje\u00a0<strong>\u201eA\u0161 esu jautrus\u201c,<\/strong>\u00a0apr\u0117pian\u010dioje prisiminimus, mokslinius tyrimus ir praktinius patarimus,\u00a0<strong>Deborah Ward<\/strong>\u00a0pasakoja apie savo, itin jautraus \u017emogaus, gyvenim\u0105 nuo vaikyst\u0117s iki brandaus am\u017eiaus. Per asmeninius potyrius \u2013 pernelyg didel\u012f dirglum\u0105, darb\u0105, bendravim\u0105, santykius, savivok\u0105 \u2013 ji atskleid\u017eia jautrumo laim\u0119, apiman\u010di\u0105 ir proto smalsum\u0105, ir empatij\u0105, ir supratingum\u0105, ir k\u016brybingum\u0105.<\/p>\n<p><em>Itin jautriam \u017emogui nelengva gyventi nejautriame pasaulyje. Bet didelis jautrumas \u2013 dovana. B\u016bkime s\u0105\u017einingi sau, prisipa\u017einkime, kokie esame, ir nesl\u0117pdami priimkime. Nem\u0117ginkite b\u016bti tokie, kokie nesame. Nesl\u0117pkite jautrumo. Atsiverkite, atsiskleiskite, kad gal\u0117tum\u0117te gyventi taip, kaip norite. J\u016bs vienintelis galite patenkinti savo poreikius. Pasir\u016bpinkite jautri\u0105ja savastimi, net jei reik\u0117t\u0173 i\u0161eiti i\u0161 triuk\u0161mingo vakar\u0117lio, pra\u0161yti lankstaus darbo grafiko ar pasitraukti i\u0161 liguist\u0173 santyki\u0173<\/em>. \u2013 Deborah Ward<\/p>\n<p><em>M\u016bs\u0173 pa\u010di\u0173 fizinis k\u016bnas turi tokios i\u0161minties, kokios tr\u016bksta mums, tame k\u016bne gyvenantiems.<\/em>\u00a0\u2013 Henry Milleris, ra\u0161ytojas ir dailininkas<\/p>\n<ul class=\"about-product d-none d-xl-block mt-4\">\n<li><strong>Originalus pavadinimas:<\/strong>\u00a0Sense and Sensitivity<\/li>\n<li><strong>Autorius:<\/strong>\u00a0Deborah Ward<\/li>\n<li><strong>Leid\u0117jas:<\/strong>\u00a0Alma littera<\/li>\n<li><strong>Metai:<\/strong>\u00a02020<\/li>\n<li><strong>Puslapiai:<\/strong>\u00a0144<\/li>\n<li class=\"toggleable type-new-formats \"><strong>ISBN:<\/strong>\u00a09786090142578<\/li>\n<li><strong>Versijos kodas:<\/strong>\u00a0PT.<\/li>\n<li class=\"toggleable type-new-formats \"><strong>Formatas:<\/strong>\u00a014,3 x 21,3 x 1,4 cm, mink\u0161ti vir\u0161eliai<\/li>\n<li><strong>Kalba:<\/strong>\u00a0Lietuvi\u0173<\/li>\n<li><strong>Vert\u0117jas:<\/strong>\u00a0Egl\u0117 \u010cerniauskait\u0117- Skrebien\u0117<\/li>\n<\/ul>\n","protected":false},"excerpt":{"rendered":"<p>Knyga nemoko \u012fveikti jautrumo. Ji pataria gerbti savo jautri\u0105j\u0105 prigimt\u012f ir daryti stebuklus, kaip jums ir skirta.\u00a0\u2013 Deborah Ward Knygoje\u00a0\u201eA\u0161 esu jautrus\u201c,\u00a0apr\u0117pian\u010dioje prisiminimus, mokslinius tyrimus ir praktinius patarimus,\u00a0Deborah Ward\u00a0pasakoja apie savo, itin jautraus \u017emogaus, gyvenim\u0105 nuo vaikyst\u0117s iki brandaus am\u017eiaus. Per asmeninius potyrius \u2013 pernelyg didel\u012f dirglum\u0105, darb\u0105, bendravim\u0105, santykius, savivok\u0105 \u2013 ji atskleid\u017eia jautrumo laim\u0119, apiman\u010di\u0105 ir proto smalsum\u0105, ir empatij\u0105, ir supratingum\u0105, ir k\u016brybingum\u0105. Itin jautriam \u017emogui nelengva gyventi nejautriame pasaulyje. Bet didelis jautrumas \u2013 dovana. B\u016bkime s\u0105\u017einingi sau, prisipa\u017einkime, kokie esame, ir nesl\u0117pdami priimkime. Nem\u0117ginkite b\u016bti tokie, kokie nesame. Nesl\u0117pkite jautrumo. Atsiverkite, atsiskleiskite, kad gal\u0117tum\u0117te gyventi taip, kaip norite. J\u016bs vienintelis galite patenkinti savo poreikius. Pasir\u016bpinkite jautri\u0105ja savastimi, net jei reik\u0117t\u0173 i\u0161eiti i\u0161 triuk\u0161mingo vakar\u0117lio, pra\u0161yti lankstaus darbo grafiko ar pasitraukti i\u0161 liguist\u0173 santyki\u0173. \u2013 Deborah Ward M\u016bs\u0173 pa\u010di\u0173 fizinis k\u016bnas turi tokios i\u0161minties, kokios tr\u016bksta mums, tame k\u016bne gyvenantiems.\u00a0\u2013 Henry Milleris, ra\u0161ytojas ir dailininkas Originalus pavadinimas:\u00a0Sense and Sensitivity Autorius:\u00a0Deborah Ward Leid\u0117jas:\u00a0Alma littera Metai:\u00a02020 Puslapiai:\u00a0144 ISBN:\u00a09786090142578 Versijos kodas:\u00a0PT. Formatas:\u00a014,3 x 21,3 x 1,4 cm, mink\u0161ti vir\u0161eliai Kalba:\u00a0Lietuvi\u0173 Vert\u0117jas:\u00a0Egl\u0117 \u010cerniauskait\u0117- Skrebien\u0117<\/p>\n","protected":false},"featured_media":15974,"comment_status":"closed","ping_status":"closed","template":"","meta":{"_acf_changed":false,"site-sidebar-layout":"default","site-content-layout":"","ast-site-content-layout":"default","site-content-style":"default","site-sidebar-style":"default","ast-global-header-display":"","ast-banner-title-visibility":"","ast-main-header-display":"","ast-hfb-above-header-display":"","ast-hfb-below-header-display":"","ast-hfb-mobile-header-display":"","site-post-title":"","ast-breadcrumbs-content":"","ast-featured-img":"","footer-sml-layout":"","ast-disable-related-posts":"","theme-transparent-header-meta":"default","adv-header-id-meta":"","stick-header-meta":"","header-above-stick-meta":"","header-main-stick-meta":"","header-below-stick-meta":"","astra-migrate-meta-layouts":"set","ast-page-background-enabled":"default","ast-page-background-meta":{"desktop":{"background-color":"","background-image":"","background-repeat":"repeat","background-position":"center center","background-size":"auto","background-attachment":"scroll","background-type":"","background-media":"","overlay-type":"","overlay-color":"","overlay-opacity":"","overlay-gradient":""},"tablet":{"background-color":"","background-image":"","background-repeat":"repeat","background-position":"center center","background-size":"auto","background-attachment":"scroll","background-type":"","background-media":"","overlay-type":"","overlay-color":"","overlay-opacity":"","overlay-gradient":""},"mobile":{"background-color":"","background-image":"","background-repeat":"repeat","background-position":"center center","background-size":"auto","background-attachment":"scroll","background-type":"","background-media":"","overlay-type":"","overlay-color":"","overlay-opacity":"","overlay-gradient":""}},"ast-content-background-meta":{"desktop":{"background-color":"var(--ast-global-color-4)","background-image":"","background-repeat":"repeat","background-position":"center center","background-size":"auto","background-attachment":"scroll","background-type":"","background-media":"","overlay-type":"","overlay-color":"","overlay-opacity":"","overlay-gradient":""},"tablet":{"background-color":"var(--ast-global-color-4)","background-image":"","background-repeat":"repeat","background-position":"center center","background-size":"auto","background-attachment":"scroll","background-type":"","background-media":"","overlay-type":"","overlay-color":"","overlay-opacity":"","overlay-gradient":""},"mobile":{"background-color":"var(--ast-global-color-4)","background-image":"","background-repeat":"repeat","background-position":"center center","background-size":"auto","background-attachment":"scroll","background-type":"","background-media":"","overlay-type":"","overlay-color":"","overlay-opacity":"","overlay-gradient":""}}},"product_brand":[],"product_cat":[30],"product_tag":[],"class_list":{"0":"post-15970","1":"product","2":"type-product","3":"status-publish","4":"has-post-thumbnail","6":"product_cat-psichologija-ir-saviugda","7":"desktop-align-left","8":"tablet-align-left","9":"mobile-align-left","11":"first","12":"instock","13":"shipping-taxable","14":"purchasable","15":"product-type-simple"},"acf":[],"yoast_head":"<!-- This site is optimized with the Yoast SEO plugin v27.0 - https:\/\/yoast.com\/product\/yoast-seo-wordpress\/ -->\n<title>A\u0161 esu jautrus: pa\u017eink ir pamilk savo prigimt\u012f<\/title>\n<meta name=\"description\" content=\"Kaip pagerinti bendravim\u0105 \u017eod\u017eiu ir ra\u0161tu, kad darbas ir kitos gyvenimo sritys b\u016bt\u0173 s\u0117kmingos, kaip kalb\u0117ti, kad b\u016btum suprastas vis\u0173 ir visose situacijose.\" \/>\n<meta name=\"robots\" content=\"index, follow, max-snippet:-1, max-image-preview:large, max-video-preview:-1\" \/>\n<link rel=\"canonical\" href=\"https:\/\/skaitytaknyga.lt\/en\/produktas\/7-aha-sielai-nusvitus\/\" \/>\n<meta property=\"og:locale\" content=\"en_GB\" \/>\n<meta property=\"og:locale:alternate\" content=\"lt_LT\" \/>\n<meta property=\"og:type\" content=\"article\" \/>\n<meta property=\"og:title\" content=\"A\u0161 esu jautrus: pa\u017eink ir pamilk savo prigimt\u012f\" \/>\n<meta property=\"og:description\" content=\"Kaip pagerinti bendravim\u0105 \u017eod\u017eiu ir ra\u0161tu, kad darbas ir kitos gyvenimo sritys b\u016bt\u0173 s\u0117kmingos, kaip kalb\u0117ti, kad b\u016btum suprastas vis\u0173 ir visose situacijose.\" \/>\n<meta property=\"og:url\" content=\"https:\/\/skaitytaknyga.lt\/en\/produktas\/7-aha-sielai-nusvitus\/\" \/>\n<meta property=\"og:site_name\" content=\"Skaitytaknyga\" \/>\n<meta property=\"article:publisher\" content=\"https:\/\/www.facebook.com\/skaitytaknyga\/\" \/>\n<meta property=\"article:modified_time\" content=\"2025-01-17T07:50:40+00:00\" \/>\n<meta property=\"og:image\" content=\"https:\/\/skaitytaknyga.lt\/wp-content\/uploads\/2025\/01\/7-AHA-Sielai-nusvitus.webp\" \/>\n\t<meta property=\"og:image:width\" content=\"462\" \/>\n\t<meta property=\"og:image:height\" content=\"753\" \/>\n\t<meta property=\"og:image:type\" content=\"image\/webp\" \/>\n<meta name=\"twitter:card\" content=\"summary_large_image\" \/>\n<meta name=\"twitter:label1\" content=\"Estimated reading time\" \/>\n\t<meta name=\"twitter:data1\" content=\"1 minute\" \/>\n<script type=\"application\/ld+json\" class=\"yoast-schema-graph\">{\"@context\":\"https:\/\/schema.org\",\"@graph\":[{\"@type\":\"WebPage\",\"@id\":\"https:\/\/skaitytaknyga.lt\/produktas\/7-aha-sielai-nusvitus\/\",\"url\":\"https:\/\/skaitytaknyga.lt\/produktas\/7-aha-sielai-nusvitus\/\",\"name\":\"A\u0161 esu jautrus: pa\u017eink ir pamilk savo prigimt\u012f\",\"isPartOf\":{\"@id\":\"https:\/\/skaitytaknyga.lt\/#website\"},\"primaryImageOfPage\":{\"@id\":\"https:\/\/skaitytaknyga.lt\/produktas\/7-aha-sielai-nusvitus\/#primaryimage\"},\"image\":{\"@id\":\"https:\/\/skaitytaknyga.lt\/produktas\/7-aha-sielai-nusvitus\/#primaryimage\"},\"thumbnailUrl\":\"https:\/\/skaitytaknyga.lt\/wp-content\/uploads\/2025\/01\/7-AHA-Sielai-nusvitus.webp\",\"datePublished\":\"2025-01-17T07:39:13+00:00\",\"dateModified\":\"2025-01-17T07:50:40+00:00\",\"description\":\"Kaip pagerinti bendravim\u0105 \u017eod\u017eiu ir ra\u0161tu, kad darbas ir kitos gyvenimo sritys b\u016bt\u0173 s\u0117kmingos, kaip kalb\u0117ti, kad b\u016btum suprastas vis\u0173 ir visose situacijose.\",\"breadcrumb\":{\"@id\":\"https:\/\/skaitytaknyga.lt\/produktas\/7-aha-sielai-nusvitus\/#breadcrumb\"},\"inLanguage\":\"en-GB\",\"potentialAction\":[{\"@type\":\"ReadAction\",\"target\":[\"https:\/\/skaitytaknyga.lt\/produktas\/7-aha-sielai-nusvitus\/\"]}]},{\"@type\":\"ImageObject\",\"inLanguage\":\"en-GB\",\"@id\":\"https:\/\/skaitytaknyga.lt\/produktas\/7-aha-sielai-nusvitus\/#primaryimage\",\"url\":\"https:\/\/skaitytaknyga.lt\/wp-content\/uploads\/2025\/01\/7-AHA-Sielai-nusvitus.webp\",\"contentUrl\":\"https:\/\/skaitytaknyga.lt\/wp-content\/uploads\/2025\/01\/7-AHA-Sielai-nusvitus.webp\",\"width\":462,\"height\":753,\"caption\":\"7 AHA! Sielai nu\u0161vitus\"},{\"@type\":\"BreadcrumbList\",\"@id\":\"https:\/\/skaitytaknyga.lt\/produktas\/7-aha-sielai-nusvitus\/#breadcrumb\",\"itemListElement\":[{\"@type\":\"ListItem\",\"position\":1,\"name\":\"Home\",\"item\":\"https:\/\/skaitytaknyga.lt\/\"},{\"@type\":\"ListItem\",\"position\":2,\"name\":\"Parduotuv\u0117\",\"item\":\"https:\/\/skaitytaknyga.lt\/knygu-parduotuve\/\"},{\"@type\":\"ListItem\",\"position\":3,\"name\":\"7 AHA! Sielai nu\u0161vitus\"}]},{\"@type\":\"WebSite\",\"@id\":\"https:\/\/skaitytaknyga.lt\/#website\",\"url\":\"https:\/\/skaitytaknyga.lt\/\",\"name\":\"skaitytaknyga.lt\",\"description\":\"Skaitytaknyga.lt \u2013 tai ma\u017eas \u0161eimos verslas, kuris prasid\u0117jo nuo meil\u0117s knygoms ir siekio i\u0161gelb\u0117ti knygas nuo likimo prie konteinerio. Kas vienam nereikalingas daiktas \u2013 kitam lobis, o mes esame tarpininkai, kurie padeda abiems tapti laimingesniems ???? \u017dinome kaip nelengva i\u0161gyventi ma\u017eiems verslams, tad nuo \u0161iol, \u010dia rasite ir kit\u0173, ma\u017e\u0173 \u0161eim\u0173 versl\u0173, rank\u0173 darbo, dovan\u0173 sau ir artimiesiems.\",\"publisher\":{\"@id\":\"https:\/\/skaitytaknyga.lt\/#organization\"},\"potentialAction\":[{\"@type\":\"SearchAction\",\"target\":{\"@type\":\"EntryPoint\",\"urlTemplate\":\"https:\/\/skaitytaknyga.lt\/?s={search_term_string}\"},\"query-input\":{\"@type\":\"PropertyValueSpecification\",\"valueRequired\":true,\"valueName\":\"search_term_string\"}}],\"inLanguage\":\"en-GB\"},{\"@type\":\"Organization\",\"@id\":\"https:\/\/skaitytaknyga.lt\/#organization\",\"name\":\"skaitytaknyga.lt\",\"url\":\"https:\/\/skaitytaknyga.lt\/\",\"logo\":{\"@type\":\"ImageObject\",\"inLanguage\":\"en-GB\",\"@id\":\"https:\/\/skaitytaknyga.lt\/#\/schema\/logo\/image\/\",\"url\":\"https:\/\/skaitytaknyga.lt\/wp-content\/uploads\/2024\/05\/cropped-cropped-cropped-02_00843_jt3bggkj1j3HLc7SyY6rEUpg.jpeg\",\"contentUrl\":\"https:\/\/skaitytaknyga.lt\/wp-content\/uploads\/2024\/05\/cropped-cropped-cropped-02_00843_jt3bggkj1j3HLc7SyY6rEUpg.jpeg\",\"width\":1600,\"height\":1600,\"caption\":\"skaitytaknyga.lt\"},\"image\":{\"@id\":\"https:\/\/skaitytaknyga.lt\/#\/schema\/logo\/image\/\"},\"sameAs\":[\"https:\/\/www.facebook.com\/skaitytaknyga\/\"]}]}<\/script>\n<!-- \/ Yoast SEO plugin. -->","yoast_head_json":{"title":"A\u0161 esu jautrus: pa\u017eink ir pamilk savo prigimt\u012f","description":"Kaip pagerinti bendravim\u0105 \u017eod\u017eiu ir ra\u0161tu, kad darbas ir kitos gyvenimo sritys b\u016bt\u0173 s\u0117kmingos, kaip kalb\u0117ti, kad b\u016btum suprastas vis\u0173 ir visose situacijose.","robots":{"index":"index","follow":"follow","max-snippet":"max-snippet:-1","max-image-preview":"max-image-preview:large","max-video-preview":"max-video-preview:-1"},"canonical":"https:\/\/skaitytaknyga.lt\/en\/produktas\/7-aha-sielai-nusvitus\/","og_locale":"en_GB","og_type":"article","og_title":"[:en]A\u0161 esu jautrus: pa\u017eink ir pamilk savo prigimt\u012f[:lt]7 AHA! Sielai nu\u0161vitus[:] - Skaitytaknyga","og_description":"Kaip pagerinti bendravim\u0105 \u017eod\u017eiu ir ra\u0161tu, kad darbas ir kitos gyvenimo sritys b\u016bt\u0173 s\u0117kmingos, kaip kalb\u0117ti, kad b\u016btum suprastas vis\u0173 ir visose situacijose.","og_url":"https:\/\/skaitytaknyga.lt\/en\/produktas\/7-aha-sielai-nusvitus\/","og_site_name":"Skaitytaknyga","article_publisher":"https:\/\/www.facebook.com\/skaitytaknyga\/","article_modified_time":"2025-01-17T07:50:40+00:00","og_image":[{"width":462,"height":753,"url":"https:\/\/skaitytaknyga.lt\/wp-content\/uploads\/2025\/01\/7-AHA-Sielai-nusvitus.webp","type":"image\/webp"}],"twitter_card":"summary_large_image","twitter_misc":{"Estimated reading time":"1 minute"},"schema":{"@context":"https:\/\/schema.org","@graph":[{"@type":"WebPage","@id":"https:\/\/skaitytaknyga.lt\/produktas\/7-aha-sielai-nusvitus\/","url":"https:\/\/skaitytaknyga.lt\/produktas\/7-aha-sielai-nusvitus\/","name":"A\u0161 esu jautrus: pa\u017eink ir pamilk savo prigimt\u012f","isPartOf":{"@id":"https:\/\/skaitytaknyga.lt\/#website"},"primaryImageOfPage":{"@id":"https:\/\/skaitytaknyga.lt\/produktas\/7-aha-sielai-nusvitus\/#primaryimage"},"image":{"@id":"https:\/\/skaitytaknyga.lt\/produktas\/7-aha-sielai-nusvitus\/#primaryimage"},"thumbnailUrl":"https:\/\/skaitytaknyga.lt\/wp-content\/uploads\/2025\/01\/7-AHA-Sielai-nusvitus.webp","datePublished":"2025-01-17T07:39:13+00:00","dateModified":"2025-01-17T07:50:40+00:00","description":"Kaip pagerinti bendravim\u0105 \u017eod\u017eiu ir ra\u0161tu, kad darbas ir kitos gyvenimo sritys b\u016bt\u0173 s\u0117kmingos, kaip kalb\u0117ti, kad b\u016btum suprastas vis\u0173 ir visose situacijose.","breadcrumb":{"@id":"https:\/\/skaitytaknyga.lt\/produktas\/7-aha-sielai-nusvitus\/#breadcrumb"},"inLanguage":"en-GB","potentialAction":[{"@type":"ReadAction","target":["https:\/\/skaitytaknyga.lt\/produktas\/7-aha-sielai-nusvitus\/"]}]},{"@type":"ImageObject","inLanguage":"en-GB","@id":"https:\/\/skaitytaknyga.lt\/produktas\/7-aha-sielai-nusvitus\/#primaryimage","url":"https:\/\/skaitytaknyga.lt\/wp-content\/uploads\/2025\/01\/7-AHA-Sielai-nusvitus.webp","contentUrl":"https:\/\/skaitytaknyga.lt\/wp-content\/uploads\/2025\/01\/7-AHA-Sielai-nusvitus.webp","width":462,"height":753,"caption":"7 AHA! Sielai nu\u0161vitus"},{"@type":"BreadcrumbList","@id":"https:\/\/skaitytaknyga.lt\/produktas\/7-aha-sielai-nusvitus\/#breadcrumb","itemListElement":[{"@type":"ListItem","position":1,"name":"Home","item":"https:\/\/skaitytaknyga.lt\/"},{"@type":"ListItem","position":2,"name":"Parduotuv\u0117","item":"https:\/\/skaitytaknyga.lt\/knygu-parduotuve\/"},{"@type":"ListItem","position":3,"name":"7 AHA! Sielai nu\u0161vitus"}]},{"@type":"WebSite","@id":"https:\/\/skaitytaknyga.lt\/#website","url":"https:\/\/skaitytaknyga.lt\/","name":"skaitytaknyga.lt","description":"Skaitytaknyga.lt \u2013 tai ma\u017eas \u0161eimos verslas, kuris prasid\u0117jo nuo meil\u0117s knygoms ir siekio i\u0161gelb\u0117ti knygas nuo likimo prie konteinerio. Kas vienam nereikalingas daiktas \u2013 kitam lobis, o mes esame tarpininkai, kurie padeda abiems tapti laimingesniems ???? \u017dinome kaip nelengva i\u0161gyventi ma\u017eiems verslams, tad nuo \u0161iol, \u010dia rasite ir kit\u0173, ma\u017e\u0173 \u0161eim\u0173 versl\u0173, rank\u0173 darbo, dovan\u0173 sau ir artimiesiems.","publisher":{"@id":"https:\/\/skaitytaknyga.lt\/#organization"},"potentialAction":[{"@type":"SearchAction","target":{"@type":"EntryPoint","urlTemplate":"https:\/\/skaitytaknyga.lt\/?s={search_term_string}"},"query-input":{"@type":"PropertyValueSpecification","valueRequired":true,"valueName":"search_term_string"}}],"inLanguage":"en-GB"},{"@type":"Organization","@id":"https:\/\/skaitytaknyga.lt\/#organization","name":"skaitytaknyga.lt","url":"https:\/\/skaitytaknyga.lt\/","logo":{"@type":"ImageObject","inLanguage":"en-GB","@id":"https:\/\/skaitytaknyga.lt\/#\/schema\/logo\/image\/","url":"https:\/\/skaitytaknyga.lt\/wp-content\/uploads\/2024\/05\/cropped-cropped-cropped-02_00843_jt3bggkj1j3HLc7SyY6rEUpg.jpeg","contentUrl":"https:\/\/skaitytaknyga.lt\/wp-content\/uploads\/2024\/05\/cropped-cropped-cropped-02_00843_jt3bggkj1j3HLc7SyY6rEUpg.jpeg","width":1600,"height":1600,"caption":"skaitytaknyga.lt"},"image":{"@id":"https:\/\/skaitytaknyga.lt\/#\/schema\/logo\/image\/"},"sameAs":["https:\/\/www.facebook.com\/skaitytaknyga\/"]}]}},"_links":{"self":[{"href":"https:\/\/skaitytaknyga.lt\/en\/wp-json\/wp\/v2\/product\/15970","targetHints":{"allow":["GET"]}}],"collection":[{"href":"https:\/\/skaitytaknyga.lt\/en\/wp-json\/wp\/v2\/product"}],"about":[{"href":"https:\/\/skaitytaknyga.lt\/en\/wp-json\/wp\/v2\/types\/product"}],"replies":[{"embeddable":true,"href":"https:\/\/skaitytaknyga.lt\/en\/wp-json\/wp\/v2\/comments?post=15970"}],"wp:featuredmedia":[{"embeddable":true,"href":"https:\/\/skaitytaknyga.lt\/en\/wp-json\/wp\/v2\/media\/15974"}],"wp:attachment":[{"href":"https:\/\/skaitytaknyga.lt\/en\/wp-json\/wp\/v2\/media?parent=15970"}],"wp:term":[{"taxonomy":"product_brand","embeddable":true,"href":"https:\/\/skaitytaknyga.lt\/en\/wp-json\/wp\/v2\/product_brand?post=15970"},{"taxonomy":"product_cat","embeddable":true,"href":"https:\/\/skaitytaknyga.lt\/en\/wp-json\/wp\/v2\/product_cat?post=15970"},{"taxonomy":"product_tag","embeddable":true,"href":"https:\/\/skaitytaknyga.lt\/en\/wp-json\/wp\/v2\/product_tag?post=15970"}],"curies":[{"name":"wp","href":"https:\/\/api.w.org\/{rel}","templated":true}]}}