{"id":15968,"date":"2025-01-17T09:25:01","date_gmt":"2025-01-17T07:25:01","guid":{"rendered":"https:\/\/skaitytaknyga.lt\/en\/?post_type=product&#038;p=15968"},"modified":"2025-01-17T09:50:32","modified_gmt":"2025-01-17T07:50:32","slug":"brangiausiai-kainuojancios-iliuzijos","status":"publish","type":"product","link":"https:\/\/skaitytaknyga.lt\/en\/produktas\/brangiausiai-kainuojancios-iliuzijos\/","title":{"rendered":"Brangiausiai kainuojan\u010dios iliuzijos"},"content":{"rendered":"<p>Vaduosim\u0117s i\u0161 savo iliuzij\u0173 ar ne \u2013 grynai m\u016bs\u0173 asmeninis reikalas. A\u0161 tik galiu pasakyti, kad kaip tik jos, \u0161itos iliuzijos, ir yra did\u017eiausios kli\u016btys, neleid\u017eian\u010dios mums jaustis laimingiems ir laisviems. \u0160ios iliuzijos mums per daug brangiai atsieina, nes atima kaip tik \u0161iuos dalykus \u2013 laim\u0119 ir laisv\u0119, be kuri\u0173, kaip suprantate, gyvenimas ma\u017eai ko vertas. Mok\u0117ti u\u017e iliuzijas gyvenimu \u2013 nepateisinama. O atsikratyti iliuzij\u0173 \u2013 ne nuostolis, kaip gali atrodyti. Atsikratyti iliuzij\u0173 \u2013 tas pats, kas atsikratyti \u0161iuk\u0161li\u0173. Tad jei norite alsuoti laisvai ir gyventi visavert\u012f gyvenim\u0105, prad\u0117kite kuoptis i\u0161 pagrind\u0173. Kas yra \u201e\u0161iuk\u0161l\u0117s&#8221;, jau \u017einote&#8230;<\/p>\n<p>Andrej Kurpatov<\/p>\n<ul class=\"about-product d-none d-xl-block mt-4\">\n<li><strong>Autorius:<\/strong>\u00a0Andrej Kurpatov<\/li>\n<li><strong>Leid\u0117jas:<\/strong>\u00a0Alma littera<\/li>\n<li><strong>Metai:<\/strong>\u00a02007<\/li>\n<li><strong>Puslapiai:<\/strong>\u00a0248<\/li>\n<li class=\"toggleable type-new-formats \"><strong>ISBN:<\/strong>\u00a09789955246671<\/li>\n<li class=\"toggleable type-new-formats \"><strong>Formatas:<\/strong>\u00a014,2 x 21,4 x 2 cm, mink\u0161ti vir\u0161eliai<\/li>\n<li><strong>Vert\u0117jas:<\/strong>\u00a0Zita Marien\u0117<\/li>\n<\/ul>\n","protected":false},"excerpt":{"rendered":"<p>Vaduosim\u0117s i\u0161 savo iliuzij\u0173 ar ne \u2013 grynai m\u016bs\u0173 asmeninis reikalas. A\u0161 tik galiu pasakyti, kad kaip tik jos, \u0161itos iliuzijos, ir yra did\u017eiausios kli\u016btys, neleid\u017eian\u010dios mums jaustis laimingiems ir laisviems. \u0160ios iliuzijos mums per daug brangiai atsieina, nes atima kaip tik \u0161iuos dalykus \u2013 laim\u0119 ir laisv\u0119, be kuri\u0173, kaip suprantate, gyvenimas ma\u017eai ko vertas. Mok\u0117ti u\u017e iliuzijas gyvenimu \u2013 nepateisinama. O atsikratyti iliuzij\u0173 \u2013 ne nuostolis, kaip gali atrodyti. Atsikratyti iliuzij\u0173 \u2013 tas pats, kas atsikratyti \u0161iuk\u0161li\u0173. Tad jei norite alsuoti laisvai ir gyventi visavert\u012f gyvenim\u0105, prad\u0117kite kuoptis i\u0161 pagrind\u0173. Kas yra \u201e\u0161iuk\u0161l\u0117s&#8221;, jau \u017einote&#8230; Andrej Kurpatov Autorius:\u00a0Andrej Kurpatov Leid\u0117jas:\u00a0Alma littera Metai:\u00a02007 Puslapiai:\u00a0248 ISBN:\u00a09789955246671 Formatas:\u00a014,2 x 21,4 x 2 cm, mink\u0161ti vir\u0161eliai Vert\u0117jas:\u00a0Zita Marien\u0117<\/p>\n","protected":false},"featured_media":15969,"comment_status":"closed","ping_status":"closed","template":"","meta":{"_acf_changed":false,"site-sidebar-layout":"default","site-content-layout":"","ast-site-content-layout":"default","site-content-style":"default","site-sidebar-style":"default","ast-global-header-display":"","ast-banner-title-visibility":"","ast-main-header-display":"","ast-hfb-above-header-display":"","ast-hfb-below-header-display":"","ast-hfb-mobile-header-display":"","site-post-title":"","ast-breadcrumbs-content":"","ast-featured-img":"","footer-sml-layout":"","ast-disable-related-posts":"","theme-transparent-header-meta":"default","adv-header-id-meta":"","stick-header-meta":"","header-above-stick-meta":"","header-main-stick-meta":"","header-below-stick-meta":"","astra-migrate-meta-layouts":"set","ast-page-background-enabled":"default","ast-page-background-meta":{"desktop":{"background-color":"","background-image":"","background-repeat":"repeat","background-position":"center center","background-size":"auto","background-attachment":"scroll","background-type":"","background-media":"","overlay-type":"","overlay-color":"","overlay-opacity":"","overlay-gradient":""},"tablet":{"background-color":"","background-image":"","background-repeat":"repeat","background-position":"center center","background-size":"auto","background-attachment":"scroll","background-type":"","background-media":"","overlay-type":"","overlay-color":"","overlay-opacity":"","overlay-gradient":""},"mobile":{"background-color":"","background-image":"","background-repeat":"repeat","background-position":"center center","background-size":"auto","background-attachment":"scroll","background-type":"","background-media":"","overlay-type":"","overlay-color":"","overlay-opacity":"","overlay-gradient":""}},"ast-content-background-meta":{"desktop":{"background-color":"var(--ast-global-color-4)","background-image":"","background-repeat":"repeat","background-position":"center center","background-size":"auto","background-attachment":"scroll","background-type":"","background-media":"","overlay-type":"","overlay-color":"","overlay-opacity":"","overlay-gradient":""},"tablet":{"background-color":"var(--ast-global-color-4)","background-image":"","background-repeat":"repeat","background-position":"center center","background-size":"auto","background-attachment":"scroll","background-type":"","background-media":"","overlay-type":"","overlay-color":"","overlay-opacity":"","overlay-gradient":""},"mobile":{"background-color":"var(--ast-global-color-4)","background-image":"","background-repeat":"repeat","background-position":"center center","background-size":"auto","background-attachment":"scroll","background-type":"","background-media":"","overlay-type":"","overlay-color":"","overlay-opacity":"","overlay-gradient":""}}},"product_brand":[],"product_cat":[30],"product_tag":[],"class_list":{"0":"post-15968","1":"product","2":"type-product","3":"status-publish","4":"has-post-thumbnail","6":"product_cat-psichologija-ir-saviugda","7":"desktop-align-left","8":"tablet-align-left","9":"mobile-align-left","11":"first","12":"instock","13":"shipping-taxable","14":"purchasable","15":"product-type-simple"},"acf":[],"yoast_head":"<!-- This site is optimized with the Yoast SEO plugin v27.0 - https:\/\/yoast.com\/product\/yoast-seo-wordpress\/ -->\n<title>Brangiausiai kainuojan\u010dios iliuzijos<\/title>\n<meta name=\"description\" content=\"Kaip pagerinti bendravim\u0105 \u017eod\u017eiu ir ra\u0161tu, kad darbas ir kitos gyvenimo sritys b\u016bt\u0173 s\u0117kmingos, kaip kalb\u0117ti, kad b\u016btum suprastas vis\u0173 ir visose situacijose.\" \/>\n<meta name=\"robots\" content=\"index, follow, max-snippet:-1, max-image-preview:large, max-video-preview:-1\" \/>\n<link rel=\"canonical\" href=\"https:\/\/skaitytaknyga.lt\/en\/produktas\/brangiausiai-kainuojancios-iliuzijos\/\" \/>\n<meta property=\"og:locale\" content=\"en_GB\" \/>\n<meta property=\"og:locale:alternate\" content=\"lt_LT\" \/>\n<meta property=\"og:type\" content=\"article\" \/>\n<meta property=\"og:title\" content=\"Brangiausiai kainuojan\u010dios iliuzijos\" \/>\n<meta property=\"og:description\" content=\"Kaip pagerinti bendravim\u0105 \u017eod\u017eiu ir ra\u0161tu, kad darbas ir kitos gyvenimo sritys b\u016bt\u0173 s\u0117kmingos, kaip kalb\u0117ti, kad b\u016btum suprastas vis\u0173 ir visose situacijose.\" \/>\n<meta property=\"og:url\" content=\"https:\/\/skaitytaknyga.lt\/en\/produktas\/brangiausiai-kainuojancios-iliuzijos\/\" \/>\n<meta property=\"og:site_name\" content=\"Skaitytaknyga\" \/>\n<meta property=\"article:publisher\" content=\"https:\/\/www.facebook.com\/skaitytaknyga\/\" \/>\n<meta property=\"article:modified_time\" content=\"2025-01-17T07:50:32+00:00\" \/>\n<meta property=\"og:image\" content=\"https:\/\/skaitytaknyga.lt\/wp-content\/uploads\/2025\/01\/Brangiausiai-kainuojancios-iliuzijos.webp\" \/>\n\t<meta property=\"og:image:width\" content=\"519\" \/>\n\t<meta property=\"og:image:height\" content=\"800\" \/>\n\t<meta property=\"og:image:type\" content=\"image\/webp\" \/>\n<meta name=\"twitter:card\" content=\"summary_large_image\" \/>\n<meta name=\"twitter:label1\" content=\"Estimated reading time\" \/>\n\t<meta name=\"twitter:data1\" content=\"1 minute\" \/>\n<script type=\"application\/ld+json\" class=\"yoast-schema-graph\">{\"@context\":\"https:\/\/schema.org\",\"@graph\":[{\"@type\":\"WebPage\",\"@id\":\"https:\/\/skaitytaknyga.lt\/produktas\/brangiausiai-kainuojancios-iliuzijos\/\",\"url\":\"https:\/\/skaitytaknyga.lt\/produktas\/brangiausiai-kainuojancios-iliuzijos\/\",\"name\":\"Brangiausiai kainuojan\u010dios iliuzijos\",\"isPartOf\":{\"@id\":\"https:\/\/skaitytaknyga.lt\/#website\"},\"primaryImageOfPage\":{\"@id\":\"https:\/\/skaitytaknyga.lt\/produktas\/brangiausiai-kainuojancios-iliuzijos\/#primaryimage\"},\"image\":{\"@id\":\"https:\/\/skaitytaknyga.lt\/produktas\/brangiausiai-kainuojancios-iliuzijos\/#primaryimage\"},\"thumbnailUrl\":\"https:\/\/skaitytaknyga.lt\/wp-content\/uploads\/2025\/01\/Brangiausiai-kainuojancios-iliuzijos.webp\",\"datePublished\":\"2025-01-17T07:25:01+00:00\",\"dateModified\":\"2025-01-17T07:50:32+00:00\",\"description\":\"Kaip pagerinti bendravim\u0105 \u017eod\u017eiu ir ra\u0161tu, kad darbas ir kitos gyvenimo sritys b\u016bt\u0173 s\u0117kmingos, kaip kalb\u0117ti, kad b\u016btum suprastas vis\u0173 ir visose situacijose.\",\"breadcrumb\":{\"@id\":\"https:\/\/skaitytaknyga.lt\/produktas\/brangiausiai-kainuojancios-iliuzijos\/#breadcrumb\"},\"inLanguage\":\"en-GB\",\"potentialAction\":[{\"@type\":\"ReadAction\",\"target\":[\"https:\/\/skaitytaknyga.lt\/produktas\/brangiausiai-kainuojancios-iliuzijos\/\"]}]},{\"@type\":\"ImageObject\",\"inLanguage\":\"en-GB\",\"@id\":\"https:\/\/skaitytaknyga.lt\/produktas\/brangiausiai-kainuojancios-iliuzijos\/#primaryimage\",\"url\":\"https:\/\/skaitytaknyga.lt\/wp-content\/uploads\/2025\/01\/Brangiausiai-kainuojancios-iliuzijos.webp\",\"contentUrl\":\"https:\/\/skaitytaknyga.lt\/wp-content\/uploads\/2025\/01\/Brangiausiai-kainuojancios-iliuzijos.webp\",\"width\":519,\"height\":800,\"caption\":\"Brangiausiai kainuojan\u010dios iliuzijos\"},{\"@type\":\"BreadcrumbList\",\"@id\":\"https:\/\/skaitytaknyga.lt\/produktas\/brangiausiai-kainuojancios-iliuzijos\/#breadcrumb\",\"itemListElement\":[{\"@type\":\"ListItem\",\"position\":1,\"name\":\"Home\",\"item\":\"https:\/\/skaitytaknyga.lt\/\"},{\"@type\":\"ListItem\",\"position\":2,\"name\":\"Parduotuv\u0117\",\"item\":\"https:\/\/skaitytaknyga.lt\/knygu-parduotuve\/\"},{\"@type\":\"ListItem\",\"position\":3,\"name\":\"Brangiausiai kainuojan\u010dios iliuzijos\"}]},{\"@type\":\"WebSite\",\"@id\":\"https:\/\/skaitytaknyga.lt\/#website\",\"url\":\"https:\/\/skaitytaknyga.lt\/\",\"name\":\"skaitytaknyga.lt\",\"description\":\"Skaitytaknyga.lt \u2013 tai ma\u017eas \u0161eimos verslas, kuris prasid\u0117jo nuo meil\u0117s knygoms ir siekio i\u0161gelb\u0117ti knygas nuo likimo prie konteinerio. Kas vienam nereikalingas daiktas \u2013 kitam lobis, o mes esame tarpininkai, kurie padeda abiems tapti laimingesniems ???? \u017dinome kaip nelengva i\u0161gyventi ma\u017eiems verslams, tad nuo \u0161iol, \u010dia rasite ir kit\u0173, ma\u017e\u0173 \u0161eim\u0173 versl\u0173, rank\u0173 darbo, dovan\u0173 sau ir artimiesiems.\",\"publisher\":{\"@id\":\"https:\/\/skaitytaknyga.lt\/#organization\"},\"potentialAction\":[{\"@type\":\"SearchAction\",\"target\":{\"@type\":\"EntryPoint\",\"urlTemplate\":\"https:\/\/skaitytaknyga.lt\/?s={search_term_string}\"},\"query-input\":{\"@type\":\"PropertyValueSpecification\",\"valueRequired\":true,\"valueName\":\"search_term_string\"}}],\"inLanguage\":\"en-GB\"},{\"@type\":\"Organization\",\"@id\":\"https:\/\/skaitytaknyga.lt\/#organization\",\"name\":\"skaitytaknyga.lt\",\"url\":\"https:\/\/skaitytaknyga.lt\/\",\"logo\":{\"@type\":\"ImageObject\",\"inLanguage\":\"en-GB\",\"@id\":\"https:\/\/skaitytaknyga.lt\/#\/schema\/logo\/image\/\",\"url\":\"https:\/\/skaitytaknyga.lt\/wp-content\/uploads\/2024\/05\/cropped-cropped-cropped-02_00843_jt3bggkj1j3HLc7SyY6rEUpg.jpeg\",\"contentUrl\":\"https:\/\/skaitytaknyga.lt\/wp-content\/uploads\/2024\/05\/cropped-cropped-cropped-02_00843_jt3bggkj1j3HLc7SyY6rEUpg.jpeg\",\"width\":1600,\"height\":1600,\"caption\":\"skaitytaknyga.lt\"},\"image\":{\"@id\":\"https:\/\/skaitytaknyga.lt\/#\/schema\/logo\/image\/\"},\"sameAs\":[\"https:\/\/www.facebook.com\/skaitytaknyga\/\"]}]}<\/script>\n<!-- \/ Yoast SEO plugin. -->","yoast_head_json":{"title":"Brangiausiai kainuojan\u010dios iliuzijos","description":"Kaip pagerinti bendravim\u0105 \u017eod\u017eiu ir ra\u0161tu, kad darbas ir kitos gyvenimo sritys b\u016bt\u0173 s\u0117kmingos, kaip kalb\u0117ti, kad b\u016btum suprastas vis\u0173 ir visose situacijose.","robots":{"index":"index","follow":"follow","max-snippet":"max-snippet:-1","max-image-preview":"max-image-preview:large","max-video-preview":"max-video-preview:-1"},"canonical":"https:\/\/skaitytaknyga.lt\/en\/produktas\/brangiausiai-kainuojancios-iliuzijos\/","og_locale":"en_GB","og_type":"article","og_title":"[:en]Brangiausiai kainuojan\u010dios iliuzijos[:lt]Brangiausiai kainuojan\u010dios iliuzijos[:] - Skaitytaknyga","og_description":"Kaip pagerinti bendravim\u0105 \u017eod\u017eiu ir ra\u0161tu, kad darbas ir kitos gyvenimo sritys b\u016bt\u0173 s\u0117kmingos, kaip kalb\u0117ti, kad b\u016btum suprastas vis\u0173 ir visose situacijose.","og_url":"https:\/\/skaitytaknyga.lt\/en\/produktas\/brangiausiai-kainuojancios-iliuzijos\/","og_site_name":"Skaitytaknyga","article_publisher":"https:\/\/www.facebook.com\/skaitytaknyga\/","article_modified_time":"2025-01-17T07:50:32+00:00","og_image":[{"width":519,"height":800,"url":"https:\/\/skaitytaknyga.lt\/wp-content\/uploads\/2025\/01\/Brangiausiai-kainuojancios-iliuzijos.webp","type":"image\/webp"}],"twitter_card":"summary_large_image","twitter_misc":{"Estimated reading time":"1 minute"},"schema":{"@context":"https:\/\/schema.org","@graph":[{"@type":"WebPage","@id":"https:\/\/skaitytaknyga.lt\/produktas\/brangiausiai-kainuojancios-iliuzijos\/","url":"https:\/\/skaitytaknyga.lt\/produktas\/brangiausiai-kainuojancios-iliuzijos\/","name":"Brangiausiai kainuojan\u010dios iliuzijos","isPartOf":{"@id":"https:\/\/skaitytaknyga.lt\/#website"},"primaryImageOfPage":{"@id":"https:\/\/skaitytaknyga.lt\/produktas\/brangiausiai-kainuojancios-iliuzijos\/#primaryimage"},"image":{"@id":"https:\/\/skaitytaknyga.lt\/produktas\/brangiausiai-kainuojancios-iliuzijos\/#primaryimage"},"thumbnailUrl":"https:\/\/skaitytaknyga.lt\/wp-content\/uploads\/2025\/01\/Brangiausiai-kainuojancios-iliuzijos.webp","datePublished":"2025-01-17T07:25:01+00:00","dateModified":"2025-01-17T07:50:32+00:00","description":"Kaip pagerinti bendravim\u0105 \u017eod\u017eiu ir ra\u0161tu, kad darbas ir kitos gyvenimo sritys b\u016bt\u0173 s\u0117kmingos, kaip kalb\u0117ti, kad b\u016btum suprastas vis\u0173 ir visose situacijose.","breadcrumb":{"@id":"https:\/\/skaitytaknyga.lt\/produktas\/brangiausiai-kainuojancios-iliuzijos\/#breadcrumb"},"inLanguage":"en-GB","potentialAction":[{"@type":"ReadAction","target":["https:\/\/skaitytaknyga.lt\/produktas\/brangiausiai-kainuojancios-iliuzijos\/"]}]},{"@type":"ImageObject","inLanguage":"en-GB","@id":"https:\/\/skaitytaknyga.lt\/produktas\/brangiausiai-kainuojancios-iliuzijos\/#primaryimage","url":"https:\/\/skaitytaknyga.lt\/wp-content\/uploads\/2025\/01\/Brangiausiai-kainuojancios-iliuzijos.webp","contentUrl":"https:\/\/skaitytaknyga.lt\/wp-content\/uploads\/2025\/01\/Brangiausiai-kainuojancios-iliuzijos.webp","width":519,"height":800,"caption":"Brangiausiai kainuojan\u010dios iliuzijos"},{"@type":"BreadcrumbList","@id":"https:\/\/skaitytaknyga.lt\/produktas\/brangiausiai-kainuojancios-iliuzijos\/#breadcrumb","itemListElement":[{"@type":"ListItem","position":1,"name":"Home","item":"https:\/\/skaitytaknyga.lt\/"},{"@type":"ListItem","position":2,"name":"Parduotuv\u0117","item":"https:\/\/skaitytaknyga.lt\/knygu-parduotuve\/"},{"@type":"ListItem","position":3,"name":"Brangiausiai kainuojan\u010dios iliuzijos"}]},{"@type":"WebSite","@id":"https:\/\/skaitytaknyga.lt\/#website","url":"https:\/\/skaitytaknyga.lt\/","name":"skaitytaknyga.lt","description":"Skaitytaknyga.lt \u2013 tai ma\u017eas \u0161eimos verslas, kuris prasid\u0117jo nuo meil\u0117s knygoms ir siekio i\u0161gelb\u0117ti knygas nuo likimo prie konteinerio. Kas vienam nereikalingas daiktas \u2013 kitam lobis, o mes esame tarpininkai, kurie padeda abiems tapti laimingesniems ???? \u017dinome kaip nelengva i\u0161gyventi ma\u017eiems verslams, tad nuo \u0161iol, \u010dia rasite ir kit\u0173, ma\u017e\u0173 \u0161eim\u0173 versl\u0173, rank\u0173 darbo, dovan\u0173 sau ir artimiesiems.","publisher":{"@id":"https:\/\/skaitytaknyga.lt\/#organization"},"potentialAction":[{"@type":"SearchAction","target":{"@type":"EntryPoint","urlTemplate":"https:\/\/skaitytaknyga.lt\/?s={search_term_string}"},"query-input":{"@type":"PropertyValueSpecification","valueRequired":true,"valueName":"search_term_string"}}],"inLanguage":"en-GB"},{"@type":"Organization","@id":"https:\/\/skaitytaknyga.lt\/#organization","name":"skaitytaknyga.lt","url":"https:\/\/skaitytaknyga.lt\/","logo":{"@type":"ImageObject","inLanguage":"en-GB","@id":"https:\/\/skaitytaknyga.lt\/#\/schema\/logo\/image\/","url":"https:\/\/skaitytaknyga.lt\/wp-content\/uploads\/2024\/05\/cropped-cropped-cropped-02_00843_jt3bggkj1j3HLc7SyY6rEUpg.jpeg","contentUrl":"https:\/\/skaitytaknyga.lt\/wp-content\/uploads\/2024\/05\/cropped-cropped-cropped-02_00843_jt3bggkj1j3HLc7SyY6rEUpg.jpeg","width":1600,"height":1600,"caption":"skaitytaknyga.lt"},"image":{"@id":"https:\/\/skaitytaknyga.lt\/#\/schema\/logo\/image\/"},"sameAs":["https:\/\/www.facebook.com\/skaitytaknyga\/"]}]}},"_links":{"self":[{"href":"https:\/\/skaitytaknyga.lt\/en\/wp-json\/wp\/v2\/product\/15968","targetHints":{"allow":["GET"]}}],"collection":[{"href":"https:\/\/skaitytaknyga.lt\/en\/wp-json\/wp\/v2\/product"}],"about":[{"href":"https:\/\/skaitytaknyga.lt\/en\/wp-json\/wp\/v2\/types\/product"}],"replies":[{"embeddable":true,"href":"https:\/\/skaitytaknyga.lt\/en\/wp-json\/wp\/v2\/comments?post=15968"}],"wp:featuredmedia":[{"embeddable":true,"href":"https:\/\/skaitytaknyga.lt\/en\/wp-json\/wp\/v2\/media\/15969"}],"wp:attachment":[{"href":"https:\/\/skaitytaknyga.lt\/en\/wp-json\/wp\/v2\/media?parent=15968"}],"wp:term":[{"taxonomy":"product_brand","embeddable":true,"href":"https:\/\/skaitytaknyga.lt\/en\/wp-json\/wp\/v2\/product_brand?post=15968"},{"taxonomy":"product_cat","embeddable":true,"href":"https:\/\/skaitytaknyga.lt\/en\/wp-json\/wp\/v2\/product_cat?post=15968"},{"taxonomy":"product_tag","embeddable":true,"href":"https:\/\/skaitytaknyga.lt\/en\/wp-json\/wp\/v2\/product_tag?post=15968"}],"curies":[{"name":"wp","href":"https:\/\/api.w.org\/{rel}","templated":true}]}}