{"id":15966,"date":"2025-01-17T09:19:42","date_gmt":"2025-01-17T07:19:42","guid":{"rendered":"https:\/\/skaitytaknyga.lt\/en\/?post_type=product&#038;p=15966"},"modified":"2025-01-17T09:52:07","modified_gmt":"2025-01-17T07:52:07","slug":"kaip-uzmegzti-vertingus-santykius","status":"publish","type":"product","link":"https:\/\/skaitytaknyga.lt\/en\/produktas\/kaip-uzmegzti-vertingus-santykius\/","title":{"rendered":"Dale Carnegie \u201eKaip u\u017emegzti vertingus santykius\u201c"},"content":{"rendered":"<p><strong>S\u0117km\u0117s lydim\u0173 \u017emoni\u0173 paslaptys, kurios pad\u0117s Jums tapti charizmati\u0161ka asmenybe, \u012fgyti kit\u0173 \u017emoni\u0173 pasitik\u0117jim\u0105, puos\u0117l\u0117ti idealius santykius ir padaryti karjer\u0105.<\/strong><\/p>\n<p>Kai kurie \u017emon\u0117s &#8211; tokie magneti\u0161ki, tokie \u012ftikinantys, tokie patraukl\u016bs, kad yra visur laukiami, s\u0117kmingai dirba ir smagiai kopia karjeros laiptais. Savyb\u0117s, kuriomis jie pasi\u017eymi, traukia kiekvien\u0105. Ta\u010diau j\u0173 rinkinio neatsine\u0161ame \u012f lop\u0161\u012f. Patrauklios asmenyb\u0117s bruo\u017eus galima i\u0161siugdyti skyrus tam laiko ir pastang\u0173.<\/p>\n<p>Deilas Karnegis ir jo pasek\u0117jai visame pasaulyje sukaup\u0117 90 met\u0173 patirt\u012f, kaip pad\u0117ti visokio am\u017eiaus, tautyb\u0117s, i\u0161silavinimo vyrams ir moterims \u012fgyti \u0161ias savybes, u\u017emegzti ir i\u0161saugoti kuo daugiau pa\u017ein\u010di\u0173, s\u0117kmingai t\u0119sti karjer\u0105 ir gyventi verting\u0105 gyvenim\u0105. \u0160ioje knygoje naujos gyvenimo kokyb\u0117s ie\u0161kantis su\u017einos:<\/p>\n<p>&#8211; Kaip tapti charizmati\u0161ka asmenybe;<\/p>\n<p>&#8211; Kaip susirasti nauj\u0173 draug\u0173 ir i\u0161saugoti senuosius;<\/p>\n<p>&#8211; Kaip daryti \u012ftak\u0105 \u017emon\u0117ms, su kuriais bendrauji, ir sukurti geranori\u0161k\u0105 aplink\u0105;<\/p>\n<p>&#8211; Kaip \u012fgyti kit\u0173 \u017emoni\u0173 pasitik\u0117jim\u0105;<\/p>\n<p>&#8211; Kaip parduoti savo id\u0117jas, koncepcijas ir pasi\u016blymus visiems, su kuo susiduri;<\/p>\n<p>&#8211; Kaip bendrauti su sunkiais \u017emon\u0117mis;<\/p>\n<p>&#8211; Kaip atsakyti neigiamai nepaliekant nemalonaus \u012fsp\u016bd\u017eio;<\/p>\n<p>&#8211; Kaip lavinti savo emocin\u012f intelekt\u0105.<\/p>\n<ul class=\"about-product d-none d-xl-block mt-4\">\n<li><strong>Autorius:<\/strong>\u00a0<a href=\"https:\/\/skaitytaknyga.lt\/?s=CARNEGIE&#038;post_type=product&#038;dgwt_wcas=1\">Dale Carnegie<\/a><\/li>\n<li><strong>Leid\u0117jas:<\/strong>\u00a0Obuolys<\/li>\n<li><strong>Metai:<\/strong>\u00a02010<\/li>\n<li><strong>Puslapiai:<\/strong>\u00a0320<\/li>\n<li class=\"toggleable type-new-formats \"><strong>ISBN:<\/strong>\u00a09786094031748<\/li>\n<li><strong>Versijos kodas:<\/strong>\u00a0PT<\/li>\n<li class=\"toggleable type-new-formats \"><strong>Formatas:<\/strong>\u00a010,5 x 17 cm, mink\u0161ti vir\u0161eliai<\/li>\n<li><strong>Kalba:<\/strong>\u00a0Lietuvi\u0173<\/li>\n<li><strong>Vert\u0117jas:<\/strong>\u00a0Jurgita J\u0117rinait\u0117<\/li>\n<li><strong>Knyg\u0173 serija:<\/strong>\u00a0Guru<\/li>\n<\/ul>\n","protected":false},"excerpt":{"rendered":"<p>S\u0117km\u0117s lydim\u0173 \u017emoni\u0173 paslaptys, kurios pad\u0117s Jums tapti charizmati\u0161ka asmenybe, \u012fgyti kit\u0173 \u017emoni\u0173 pasitik\u0117jim\u0105, puos\u0117l\u0117ti idealius santykius ir padaryti karjer\u0105. Kai kurie \u017emon\u0117s &#8211; tokie magneti\u0161ki, tokie \u012ftikinantys, tokie patraukl\u016bs, kad yra visur laukiami, s\u0117kmingai dirba ir smagiai kopia karjeros laiptais. Savyb\u0117s, kuriomis jie pasi\u017eymi, traukia kiekvien\u0105. Ta\u010diau j\u0173 rinkinio neatsine\u0161ame \u012f lop\u0161\u012f. Patrauklios asmenyb\u0117s bruo\u017eus galima i\u0161siugdyti skyrus tam laiko ir pastang\u0173. Deilas Karnegis ir jo pasek\u0117jai visame pasaulyje sukaup\u0117 90 met\u0173 patirt\u012f, kaip pad\u0117ti visokio am\u017eiaus, tautyb\u0117s, i\u0161silavinimo vyrams ir moterims \u012fgyti \u0161ias savybes, u\u017emegzti ir i\u0161saugoti kuo daugiau pa\u017ein\u010di\u0173, s\u0117kmingai t\u0119sti karjer\u0105 ir gyventi verting\u0105 gyvenim\u0105. \u0160ioje knygoje naujos gyvenimo kokyb\u0117s ie\u0161kantis su\u017einos: &#8211; Kaip tapti charizmati\u0161ka asmenybe; &#8211; Kaip susirasti nauj\u0173 draug\u0173 ir i\u0161saugoti senuosius; &#8211; Kaip daryti \u012ftak\u0105 \u017emon\u0117ms, su kuriais bendrauji, ir sukurti geranori\u0161k\u0105 aplink\u0105; &#8211; Kaip \u012fgyti kit\u0173 \u017emoni\u0173 pasitik\u0117jim\u0105; &#8211; Kaip parduoti savo id\u0117jas, koncepcijas ir pasi\u016blymus visiems, su kuo susiduri; &#8211; Kaip bendrauti su sunkiais \u017emon\u0117mis; &#8211; Kaip atsakyti neigiamai nepaliekant nemalonaus \u012fsp\u016bd\u017eio; &#8211; Kaip lavinti savo emocin\u012f intelekt\u0105. Autorius:\u00a0Dale Carnegie Leid\u0117jas:\u00a0Obuolys Metai:\u00a02010 Puslapiai:\u00a0320 ISBN:\u00a09786094031748 Versijos kodas:\u00a0PT Formatas:\u00a010,5 x 17 cm, mink\u0161ti vir\u0161eliai Kalba:\u00a0Lietuvi\u0173 Vert\u0117jas:\u00a0Jurgita J\u0117rinait\u0117 Knyg\u0173 serija:\u00a0Guru<\/p>\n","protected":false},"featured_media":15967,"comment_status":"closed","ping_status":"closed","template":"","meta":{"_acf_changed":false,"site-sidebar-layout":"default","site-content-layout":"","ast-site-content-layout":"default","site-content-style":"default","site-sidebar-style":"default","ast-global-header-display":"","ast-banner-title-visibility":"","ast-main-header-display":"","ast-hfb-above-header-display":"","ast-hfb-below-header-display":"","ast-hfb-mobile-header-display":"","site-post-title":"","ast-breadcrumbs-content":"","ast-featured-img":"","footer-sml-layout":"","ast-disable-related-posts":"","theme-transparent-header-meta":"default","adv-header-id-meta":"","stick-header-meta":"","header-above-stick-meta":"","header-main-stick-meta":"","header-below-stick-meta":"","astra-migrate-meta-layouts":"set","ast-page-background-enabled":"default","ast-page-background-meta":{"desktop":{"background-color":"","background-image":"","background-repeat":"repeat","background-position":"center center","background-size":"auto","background-attachment":"scroll","background-type":"","background-media":"","overlay-type":"","overlay-color":"","overlay-opacity":"","overlay-gradient":""},"tablet":{"background-color":"","background-image":"","background-repeat":"repeat","background-position":"center center","background-size":"auto","background-attachment":"scroll","background-type":"","background-media":"","overlay-type":"","overlay-color":"","overlay-opacity":"","overlay-gradient":""},"mobile":{"background-color":"","background-image":"","background-repeat":"repeat","background-position":"center center","background-size":"auto","background-attachment":"scroll","background-type":"","background-media":"","overlay-type":"","overlay-color":"","overlay-opacity":"","overlay-gradient":""}},"ast-content-background-meta":{"desktop":{"background-color":"var(--ast-global-color-4)","background-image":"","background-repeat":"repeat","background-position":"center center","background-size":"auto","background-attachment":"scroll","background-type":"","background-media":"","overlay-type":"","overlay-color":"","overlay-opacity":"","overlay-gradient":""},"tablet":{"background-color":"var(--ast-global-color-4)","background-image":"","background-repeat":"repeat","background-position":"center center","background-size":"auto","background-attachment":"scroll","background-type":"","background-media":"","overlay-type":"","overlay-color":"","overlay-opacity":"","overlay-gradient":""},"mobile":{"background-color":"var(--ast-global-color-4)","background-image":"","background-repeat":"repeat","background-position":"center center","background-size":"auto","background-attachment":"scroll","background-type":"","background-media":"","overlay-type":"","overlay-color":"","overlay-opacity":"","overlay-gradient":""}}},"product_brand":[],"product_cat":[30],"product_tag":[1405,1391,1397,1392,1417,1396,1418],"class_list":{"0":"post-15966","1":"product","2":"type-product","3":"status-publish","4":"has-post-thumbnail","6":"product_cat-psichologija-ir-saviugda","7":"product_tag-bendravimo-igudziai","8":"product_tag-dale-carnegie","9":"product_tag-emocinis-intelektas","10":"product_tag-psichologija","11":"product_tag-santykiai","12":"product_tag-saviugda","13":"product_tag-socialiniai-rysiai","14":"desktop-align-left","15":"tablet-align-left","16":"mobile-align-left","18":"first","19":"instock","20":"shipping-taxable","21":"purchasable","22":"product-type-simple"},"acf":[],"yoast_head":"<!-- This site is optimized with the Yoast SEO plugin v27.0 - https:\/\/yoast.com\/product\/yoast-seo-wordpress\/ -->\n<title>Dale Carnegie \u201eKaip u\u017emegzti vertingus santykius\u201c<\/title>\n<meta name=\"description\" content=\"Kaip pagerinti bendravim\u0105 \u017eod\u017eiu ir ra\u0161tu, kad darbas ir kitos gyvenimo sritys b\u016bt\u0173 s\u0117kmingos, kaip kalb\u0117ti, kad b\u016btum suprastas vis\u0173 ir visose situacijose.\" \/>\n<meta name=\"robots\" content=\"index, follow, max-snippet:-1, max-image-preview:large, max-video-preview:-1\" \/>\n<link rel=\"canonical\" href=\"https:\/\/skaitytaknyga.lt\/en\/produktas\/kaip-uzmegzti-vertingus-santykius\/\" \/>\n<meta property=\"og:locale\" content=\"en_GB\" \/>\n<meta property=\"og:locale:alternate\" content=\"lt_LT\" \/>\n<meta property=\"og:type\" content=\"article\" \/>\n<meta property=\"og:title\" content=\"Dale Carnegie \u201eKaip u\u017emegzti vertingus santykius\u201c\" \/>\n<meta property=\"og:description\" content=\"Kaip pagerinti bendravim\u0105 \u017eod\u017eiu ir ra\u0161tu, kad darbas ir kitos gyvenimo sritys b\u016bt\u0173 s\u0117kmingos, kaip kalb\u0117ti, kad b\u016btum suprastas vis\u0173 ir visose situacijose.\" \/>\n<meta property=\"og:url\" content=\"https:\/\/skaitytaknyga.lt\/en\/produktas\/kaip-uzmegzti-vertingus-santykius\/\" \/>\n<meta property=\"og:site_name\" content=\"Skaitytaknyga\" \/>\n<meta property=\"article:publisher\" content=\"https:\/\/www.facebook.com\/skaitytaknyga\/\" \/>\n<meta property=\"article:modified_time\" content=\"2025-01-17T07:52:07+00:00\" \/>\n<meta property=\"og:image\" content=\"https:\/\/skaitytaknyga.lt\/wp-content\/uploads\/2025\/01\/Kaip-uzmegzti-vertingus-santykius.jpg\" \/>\n\t<meta property=\"og:image:width\" content=\"276\" \/>\n\t<meta property=\"og:image:height\" content=\"450\" \/>\n\t<meta property=\"og:image:type\" content=\"image\/jpeg\" \/>\n<meta name=\"twitter:card\" content=\"summary_large_image\" \/>\n<meta name=\"twitter:label1\" content=\"Estimated reading time\" \/>\n\t<meta name=\"twitter:data1\" content=\"1 minute\" \/>\n<script type=\"application\/ld+json\" class=\"yoast-schema-graph\">{\"@context\":\"https:\/\/schema.org\",\"@graph\":[{\"@type\":\"WebPage\",\"@id\":\"https:\/\/skaitytaknyga.lt\/produktas\/kaip-uzmegzti-vertingus-santykius\/\",\"url\":\"https:\/\/skaitytaknyga.lt\/produktas\/kaip-uzmegzti-vertingus-santykius\/\",\"name\":\"Dale Carnegie \u201eKaip u\u017emegzti vertingus santykius\u201c\",\"isPartOf\":{\"@id\":\"https:\/\/skaitytaknyga.lt\/#website\"},\"primaryImageOfPage\":{\"@id\":\"https:\/\/skaitytaknyga.lt\/produktas\/kaip-uzmegzti-vertingus-santykius\/#primaryimage\"},\"image\":{\"@id\":\"https:\/\/skaitytaknyga.lt\/produktas\/kaip-uzmegzti-vertingus-santykius\/#primaryimage\"},\"thumbnailUrl\":\"https:\/\/skaitytaknyga.lt\/wp-content\/uploads\/2025\/01\/Kaip-uzmegzti-vertingus-santykius.jpg\",\"datePublished\":\"2025-01-17T07:19:42+00:00\",\"dateModified\":\"2025-01-17T07:52:07+00:00\",\"description\":\"Kaip pagerinti bendravim\u0105 \u017eod\u017eiu ir ra\u0161tu, kad darbas ir kitos gyvenimo sritys b\u016bt\u0173 s\u0117kmingos, kaip kalb\u0117ti, kad b\u016btum suprastas vis\u0173 ir visose situacijose.\",\"breadcrumb\":{\"@id\":\"https:\/\/skaitytaknyga.lt\/produktas\/kaip-uzmegzti-vertingus-santykius\/#breadcrumb\"},\"inLanguage\":\"en-GB\",\"potentialAction\":[{\"@type\":\"ReadAction\",\"target\":[\"https:\/\/skaitytaknyga.lt\/produktas\/kaip-uzmegzti-vertingus-santykius\/\"]}]},{\"@type\":\"ImageObject\",\"inLanguage\":\"en-GB\",\"@id\":\"https:\/\/skaitytaknyga.lt\/produktas\/kaip-uzmegzti-vertingus-santykius\/#primaryimage\",\"url\":\"https:\/\/skaitytaknyga.lt\/wp-content\/uploads\/2025\/01\/Kaip-uzmegzti-vertingus-santykius.jpg\",\"contentUrl\":\"https:\/\/skaitytaknyga.lt\/wp-content\/uploads\/2025\/01\/Kaip-uzmegzti-vertingus-santykius.jpg\",\"width\":276,\"height\":450,\"caption\":\"Kaip u\u017emegzti vertingus santykius\"},{\"@type\":\"BreadcrumbList\",\"@id\":\"https:\/\/skaitytaknyga.lt\/produktas\/kaip-uzmegzti-vertingus-santykius\/#breadcrumb\",\"itemListElement\":[{\"@type\":\"ListItem\",\"position\":1,\"name\":\"Home\",\"item\":\"https:\/\/skaitytaknyga.lt\/\"},{\"@type\":\"ListItem\",\"position\":2,\"name\":\"Parduotuv\u0117\",\"item\":\"https:\/\/skaitytaknyga.lt\/knygu-parduotuve\/\"},{\"@type\":\"ListItem\",\"position\":3,\"name\":\"Kaip u\u017emegzti vertingus santykius\"}]},{\"@type\":\"WebSite\",\"@id\":\"https:\/\/skaitytaknyga.lt\/#website\",\"url\":\"https:\/\/skaitytaknyga.lt\/\",\"name\":\"skaitytaknyga.lt\",\"description\":\"Skaitytaknyga.lt \u2013 tai ma\u017eas \u0161eimos verslas, kuris prasid\u0117jo nuo meil\u0117s knygoms ir siekio i\u0161gelb\u0117ti knygas nuo likimo prie konteinerio. Kas vienam nereikalingas daiktas \u2013 kitam lobis, o mes esame tarpininkai, kurie padeda abiems tapti laimingesniems ???? \u017dinome kaip nelengva i\u0161gyventi ma\u017eiems verslams, tad nuo \u0161iol, \u010dia rasite ir kit\u0173, ma\u017e\u0173 \u0161eim\u0173 versl\u0173, rank\u0173 darbo, dovan\u0173 sau ir artimiesiems.\",\"publisher\":{\"@id\":\"https:\/\/skaitytaknyga.lt\/#organization\"},\"potentialAction\":[{\"@type\":\"SearchAction\",\"target\":{\"@type\":\"EntryPoint\",\"urlTemplate\":\"https:\/\/skaitytaknyga.lt\/?s={search_term_string}\"},\"query-input\":{\"@type\":\"PropertyValueSpecification\",\"valueRequired\":true,\"valueName\":\"search_term_string\"}}],\"inLanguage\":\"en-GB\"},{\"@type\":\"Organization\",\"@id\":\"https:\/\/skaitytaknyga.lt\/#organization\",\"name\":\"skaitytaknyga.lt\",\"url\":\"https:\/\/skaitytaknyga.lt\/\",\"logo\":{\"@type\":\"ImageObject\",\"inLanguage\":\"en-GB\",\"@id\":\"https:\/\/skaitytaknyga.lt\/#\/schema\/logo\/image\/\",\"url\":\"https:\/\/skaitytaknyga.lt\/wp-content\/uploads\/2024\/05\/cropped-cropped-cropped-02_00843_jt3bggkj1j3HLc7SyY6rEUpg.jpeg\",\"contentUrl\":\"https:\/\/skaitytaknyga.lt\/wp-content\/uploads\/2024\/05\/cropped-cropped-cropped-02_00843_jt3bggkj1j3HLc7SyY6rEUpg.jpeg\",\"width\":1600,\"height\":1600,\"caption\":\"skaitytaknyga.lt\"},\"image\":{\"@id\":\"https:\/\/skaitytaknyga.lt\/#\/schema\/logo\/image\/\"},\"sameAs\":[\"https:\/\/www.facebook.com\/skaitytaknyga\/\"]}]}<\/script>\n<!-- \/ Yoast SEO plugin. -->","yoast_head_json":{"title":"Dale Carnegie \u201eKaip u\u017emegzti vertingus santykius\u201c","description":"Kaip pagerinti bendravim\u0105 \u017eod\u017eiu ir ra\u0161tu, kad darbas ir kitos gyvenimo sritys b\u016bt\u0173 s\u0117kmingos, kaip kalb\u0117ti, kad b\u016btum suprastas vis\u0173 ir visose situacijose.","robots":{"index":"index","follow":"follow","max-snippet":"max-snippet:-1","max-image-preview":"max-image-preview:large","max-video-preview":"max-video-preview:-1"},"canonical":"https:\/\/skaitytaknyga.lt\/en\/produktas\/kaip-uzmegzti-vertingus-santykius\/","og_locale":"en_GB","og_type":"article","og_title":"[:en]Dale Carnegie \u201eKaip u\u017emegzti vertingus santykius\u201c[:lt]Kaip u\u017emegzti vertingus santykius[:] - Skaitytaknyga","og_description":"[:lt]Kaip pagerinti bendravim\u0105 \u017eod\u017eiu ir ra\u0161tu, kad darbas ir kitos gyvenimo sritys b\u016bt\u0173 s\u0117kmingos, kaip kalb\u0117ti, kad b\u016btum suprastas vis\u0173 ir visose situacijose.[:]","og_url":"https:\/\/skaitytaknyga.lt\/en\/produktas\/kaip-uzmegzti-vertingus-santykius\/","og_site_name":"Skaitytaknyga","article_publisher":"https:\/\/www.facebook.com\/skaitytaknyga\/","article_modified_time":"2025-01-17T07:52:07+00:00","og_image":[{"width":276,"height":450,"url":"https:\/\/skaitytaknyga.lt\/wp-content\/uploads\/2025\/01\/Kaip-uzmegzti-vertingus-santykius.jpg","type":"image\/jpeg"}],"twitter_card":"summary_large_image","twitter_misc":{"Estimated reading time":"1 minute"},"schema":{"@context":"https:\/\/schema.org","@graph":[{"@type":"WebPage","@id":"https:\/\/skaitytaknyga.lt\/produktas\/kaip-uzmegzti-vertingus-santykius\/","url":"https:\/\/skaitytaknyga.lt\/produktas\/kaip-uzmegzti-vertingus-santykius\/","name":"Dale Carnegie \u201eKaip u\u017emegzti vertingus santykius\u201c","isPartOf":{"@id":"https:\/\/skaitytaknyga.lt\/#website"},"primaryImageOfPage":{"@id":"https:\/\/skaitytaknyga.lt\/produktas\/kaip-uzmegzti-vertingus-santykius\/#primaryimage"},"image":{"@id":"https:\/\/skaitytaknyga.lt\/produktas\/kaip-uzmegzti-vertingus-santykius\/#primaryimage"},"thumbnailUrl":"https:\/\/skaitytaknyga.lt\/wp-content\/uploads\/2025\/01\/Kaip-uzmegzti-vertingus-santykius.jpg","datePublished":"2025-01-17T07:19:42+00:00","dateModified":"2025-01-17T07:52:07+00:00","description":"Kaip pagerinti bendravim\u0105 \u017eod\u017eiu ir ra\u0161tu, kad darbas ir kitos gyvenimo sritys b\u016bt\u0173 s\u0117kmingos, kaip kalb\u0117ti, kad b\u016btum suprastas vis\u0173 ir visose situacijose.","breadcrumb":{"@id":"https:\/\/skaitytaknyga.lt\/produktas\/kaip-uzmegzti-vertingus-santykius\/#breadcrumb"},"inLanguage":"en-GB","potentialAction":[{"@type":"ReadAction","target":["https:\/\/skaitytaknyga.lt\/produktas\/kaip-uzmegzti-vertingus-santykius\/"]}]},{"@type":"ImageObject","inLanguage":"en-GB","@id":"https:\/\/skaitytaknyga.lt\/produktas\/kaip-uzmegzti-vertingus-santykius\/#primaryimage","url":"https:\/\/skaitytaknyga.lt\/wp-content\/uploads\/2025\/01\/Kaip-uzmegzti-vertingus-santykius.jpg","contentUrl":"https:\/\/skaitytaknyga.lt\/wp-content\/uploads\/2025\/01\/Kaip-uzmegzti-vertingus-santykius.jpg","width":276,"height":450,"caption":"Kaip u\u017emegzti vertingus santykius"},{"@type":"BreadcrumbList","@id":"https:\/\/skaitytaknyga.lt\/produktas\/kaip-uzmegzti-vertingus-santykius\/#breadcrumb","itemListElement":[{"@type":"ListItem","position":1,"name":"Home","item":"https:\/\/skaitytaknyga.lt\/"},{"@type":"ListItem","position":2,"name":"Parduotuv\u0117","item":"https:\/\/skaitytaknyga.lt\/knygu-parduotuve\/"},{"@type":"ListItem","position":3,"name":"Kaip u\u017emegzti vertingus santykius"}]},{"@type":"WebSite","@id":"https:\/\/skaitytaknyga.lt\/#website","url":"https:\/\/skaitytaknyga.lt\/","name":"skaitytaknyga.lt","description":"Skaitytaknyga.lt \u2013 tai ma\u017eas \u0161eimos verslas, kuris prasid\u0117jo nuo meil\u0117s knygoms ir siekio i\u0161gelb\u0117ti knygas nuo likimo prie konteinerio. Kas vienam nereikalingas daiktas \u2013 kitam lobis, o mes esame tarpininkai, kurie padeda abiems tapti laimingesniems ???? \u017dinome kaip nelengva i\u0161gyventi ma\u017eiems verslams, tad nuo \u0161iol, \u010dia rasite ir kit\u0173, ma\u017e\u0173 \u0161eim\u0173 versl\u0173, rank\u0173 darbo, dovan\u0173 sau ir artimiesiems.","publisher":{"@id":"https:\/\/skaitytaknyga.lt\/#organization"},"potentialAction":[{"@type":"SearchAction","target":{"@type":"EntryPoint","urlTemplate":"https:\/\/skaitytaknyga.lt\/?s={search_term_string}"},"query-input":{"@type":"PropertyValueSpecification","valueRequired":true,"valueName":"search_term_string"}}],"inLanguage":"en-GB"},{"@type":"Organization","@id":"https:\/\/skaitytaknyga.lt\/#organization","name":"skaitytaknyga.lt","url":"https:\/\/skaitytaknyga.lt\/","logo":{"@type":"ImageObject","inLanguage":"en-GB","@id":"https:\/\/skaitytaknyga.lt\/#\/schema\/logo\/image\/","url":"https:\/\/skaitytaknyga.lt\/wp-content\/uploads\/2024\/05\/cropped-cropped-cropped-02_00843_jt3bggkj1j3HLc7SyY6rEUpg.jpeg","contentUrl":"https:\/\/skaitytaknyga.lt\/wp-content\/uploads\/2024\/05\/cropped-cropped-cropped-02_00843_jt3bggkj1j3HLc7SyY6rEUpg.jpeg","width":1600,"height":1600,"caption":"skaitytaknyga.lt"},"image":{"@id":"https:\/\/skaitytaknyga.lt\/#\/schema\/logo\/image\/"},"sameAs":["https:\/\/www.facebook.com\/skaitytaknyga\/"]}]}},"_links":{"self":[{"href":"https:\/\/skaitytaknyga.lt\/en\/wp-json\/wp\/v2\/product\/15966","targetHints":{"allow":["GET"]}}],"collection":[{"href":"https:\/\/skaitytaknyga.lt\/en\/wp-json\/wp\/v2\/product"}],"about":[{"href":"https:\/\/skaitytaknyga.lt\/en\/wp-json\/wp\/v2\/types\/product"}],"replies":[{"embeddable":true,"href":"https:\/\/skaitytaknyga.lt\/en\/wp-json\/wp\/v2\/comments?post=15966"}],"wp:featuredmedia":[{"embeddable":true,"href":"https:\/\/skaitytaknyga.lt\/en\/wp-json\/wp\/v2\/media\/15967"}],"wp:attachment":[{"href":"https:\/\/skaitytaknyga.lt\/en\/wp-json\/wp\/v2\/media?parent=15966"}],"wp:term":[{"taxonomy":"product_brand","embeddable":true,"href":"https:\/\/skaitytaknyga.lt\/en\/wp-json\/wp\/v2\/product_brand?post=15966"},{"taxonomy":"product_cat","embeddable":true,"href":"https:\/\/skaitytaknyga.lt\/en\/wp-json\/wp\/v2\/product_cat?post=15966"},{"taxonomy":"product_tag","embeddable":true,"href":"https:\/\/skaitytaknyga.lt\/en\/wp-json\/wp\/v2\/product_tag?post=15966"}],"curies":[{"name":"wp","href":"https:\/\/api.w.org\/{rel}","templated":true}]}}