{"id":15954,"date":"2025-01-17T08:15:29","date_gmt":"2025-01-17T06:15:29","guid":{"rendered":"https:\/\/skaitytaknyga.lt\/en\/?post_type=product&#038;p=15954"},"modified":"2025-05-24T20:56:58","modified_gmt":"2025-05-24T17:56:58","slug":"hausas-ir-psichologija-zmogiskumas-neveza","status":"publish","type":"product","link":"https:\/\/skaitytaknyga.lt\/en\/produktas\/hausas-ir-psichologija-zmogiskumas-neveza\/","title":{"rendered":"Hausas ir psichologija: \u017emogi\u0161kumas neve\u017ea"},"content":{"rendered":"<p>Gregoris Hausas yra medicinos genijus ir \u012f \u0160erlok\u0105 Holms\u0105 pana\u0161us persona\u017eas, ta\u010diau tuo pat metu jis yra pats sau prie\u0161as. Kuo \u0161is piktas ir aroganti\u0161kas veik\u0117jas mums taip patinka?<\/p>\n<p>Knygoje \u201eHausas ir psichologija\u201c pateikiamas nepaprastai \u012fdomus psichologinis Gregorio Hauso ir jo komandos vaizdas. Hausas \u2013 herojus ar antiherojus? Ar Vilsonui reikia emocinio Hauso palaikymo? Ar visi seriale rodomi santykiai pasmerkti \u017elugti?<\/p>\n<p>Atsakymai \u012f \u0161iuos klausimus ne tik pad\u0117s dar labiau \u012fvertinti savo m\u0117gstamus herojus, bet ir \u012fd\u0117miai pa\u017evelgti \u012f save. Kod\u0117l apgaudin\u0117jame kitus \u017emones? Kas yra priklausomyb\u0117? Ar galime pad\u0117ti kitiems, nieko u\u017e tai nesitik\u0117dami? Sujung\u0119 psichologijos mokslo teorij\u0105 su naujausiais psicholog\u0173 tyrimais knygoje \u201eHausas ir psichologija\u201c autoriai pad\u0117s suprasti tikruosius serialo veik\u0117j\u0173 elgesio motyvus. Knygoje atsakoma \u012f klausimus &#8211; kod\u0117l apgaudin\u0117jame kitus \u017emones? Kas yra priklausomyb\u0117? Ar galime pad\u0117ti kitiems, nieko u\u017e tai nesitik\u0117dami?<\/p>\n<ul class=\"about-product d-none d-xl-block mt-4\">\n<li><strong>Originalus pavadinimas:<\/strong>\u00a0House and Psychology: Humanity Is Overrated<\/li>\n<li><strong>Autorius:<\/strong>\u00a0Ted Cascio,\u00a0Leonard L. Martin<\/li>\n<li><strong>Leid\u0117jas:<\/strong>\u00a0Metodika<\/li>\n<li><strong>Metai:<\/strong>\u00a02012<\/li>\n<li><strong>Puslapiai:<\/strong>\u00a0320<\/li>\n<li class=\"toggleable type-new-formats \"><strong>ISBN:<\/strong>\u00a09786094440922<\/li>\n<li><strong>Versijos kodas:<\/strong>\u00a0PT.<\/li>\n<li class=\"toggleable type-new-formats \"><strong>Formatas:<\/strong>\u00a02,3 cm, mink\u0161ti vir\u0161eliai<\/li>\n<li><strong>Kalba:<\/strong>\u00a0Lietuvi\u0173<\/li>\n<li><strong>Vert\u0117jas:<\/strong>\u00a0Linas Vasara<\/li>\n<\/ul>\n","protected":false},"excerpt":{"rendered":"<p>Gregoris Hausas yra medicinos genijus ir \u012f \u0160erlok\u0105 Holms\u0105 pana\u0161us persona\u017eas, ta\u010diau tuo pat metu jis yra pats sau prie\u0161as. Kuo \u0161is piktas ir aroganti\u0161kas veik\u0117jas mums taip patinka? Knygoje \u201eHausas ir psichologija\u201c pateikiamas nepaprastai \u012fdomus psichologinis Gregorio Hauso ir jo komandos vaizdas. Hausas \u2013 herojus ar antiherojus? Ar Vilsonui reikia emocinio Hauso palaikymo? Ar visi seriale rodomi santykiai pasmerkti \u017elugti? Atsakymai \u012f \u0161iuos klausimus ne tik pad\u0117s dar labiau \u012fvertinti savo m\u0117gstamus herojus, bet ir \u012fd\u0117miai pa\u017evelgti \u012f save. Kod\u0117l apgaudin\u0117jame kitus \u017emones? Kas yra priklausomyb\u0117? Ar galime pad\u0117ti kitiems, nieko u\u017e tai nesitik\u0117dami? Sujung\u0119 psichologijos mokslo teorij\u0105 su naujausiais psicholog\u0173 tyrimais knygoje \u201eHausas ir psichologija\u201c autoriai pad\u0117s suprasti tikruosius serialo veik\u0117j\u0173 elgesio motyvus. Knygoje atsakoma \u012f klausimus &#8211; kod\u0117l apgaudin\u0117jame kitus \u017emones? Kas yra priklausomyb\u0117? Ar galime pad\u0117ti kitiems, nieko u\u017e tai nesitik\u0117dami? Originalus pavadinimas:\u00a0House and Psychology: Humanity Is Overrated Autorius:\u00a0Ted Cascio,\u00a0Leonard L. Martin Leid\u0117jas:\u00a0Metodika Metai:\u00a02012 Puslapiai:\u00a0320 ISBN:\u00a09786094440922 Versijos kodas:\u00a0PT. Formatas:\u00a02,3 cm, mink\u0161ti vir\u0161eliai Kalba:\u00a0Lietuvi\u0173 Vert\u0117jas:\u00a0Linas Vasara<\/p>\n","protected":false},"featured_media":15955,"comment_status":"open","ping_status":"closed","template":"","meta":{"_acf_changed":false,"site-sidebar-layout":"default","site-content-layout":"","ast-site-content-layout":"default","site-content-style":"default","site-sidebar-style":"default","ast-global-header-display":"","ast-banner-title-visibility":"","ast-main-header-display":"","ast-hfb-above-header-display":"","ast-hfb-below-header-display":"","ast-hfb-mobile-header-display":"","site-post-title":"","ast-breadcrumbs-content":"","ast-featured-img":"","footer-sml-layout":"","ast-disable-related-posts":"","theme-transparent-header-meta":"default","adv-header-id-meta":"","stick-header-meta":"","header-above-stick-meta":"","header-main-stick-meta":"","header-below-stick-meta":"","astra-migrate-meta-layouts":"set","ast-page-background-enabled":"default","ast-page-background-meta":{"desktop":{"background-color":"","background-image":"","background-repeat":"repeat","background-position":"center center","background-size":"auto","background-attachment":"scroll","background-type":"","background-media":"","overlay-type":"","overlay-color":"","overlay-opacity":"","overlay-gradient":""},"tablet":{"background-color":"","background-image":"","background-repeat":"repeat","background-position":"center center","background-size":"auto","background-attachment":"scroll","background-type":"","background-media":"","overlay-type":"","overlay-color":"","overlay-opacity":"","overlay-gradient":""},"mobile":{"background-color":"","background-image":"","background-repeat":"repeat","background-position":"center center","background-size":"auto","background-attachment":"scroll","background-type":"","background-media":"","overlay-type":"","overlay-color":"","overlay-opacity":"","overlay-gradient":""}},"ast-content-background-meta":{"desktop":{"background-color":"var(--ast-global-color-4)","background-image":"","background-repeat":"repeat","background-position":"center center","background-size":"auto","background-attachment":"scroll","background-type":"","background-media":"","overlay-type":"","overlay-color":"","overlay-opacity":"","overlay-gradient":""},"tablet":{"background-color":"var(--ast-global-color-4)","background-image":"","background-repeat":"repeat","background-position":"center center","background-size":"auto","background-attachment":"scroll","background-type":"","background-media":"","overlay-type":"","overlay-color":"","overlay-opacity":"","overlay-gradient":""},"mobile":{"background-color":"var(--ast-global-color-4)","background-image":"","background-repeat":"repeat","background-position":"center center","background-size":"auto","background-attachment":"scroll","background-type":"","background-media":"","overlay-type":"","overlay-color":"","overlay-opacity":"","overlay-gradient":""}}},"product_brand":[],"product_cat":[15,30],"product_tag":[4121,4307,4305,4304,1392,4306,4303],"class_list":{"0":"post-15954","1":"product","2":"type-product","3":"status-publish","4":"has-post-thumbnail","6":"product_cat-uncategorized","7":"product_cat-psichologija-ir-saviugda","8":"product_tag-analize","9":"product_tag-elgesys","10":"product_tag-hausas","11":"product_tag-leonard-l-martin","12":"product_tag-psichologija","13":"product_tag-serialai","14":"product_tag-ted-cascio","15":"desktop-align-left","16":"tablet-align-left","17":"mobile-align-left","19":"first","20":"instock","21":"shipping-taxable","22":"purchasable","23":"product-type-simple"},"acf":[],"yoast_head":"<!-- This site is optimized with the Yoast SEO plugin v27.0 - https:\/\/yoast.com\/product\/yoast-seo-wordpress\/ -->\n<title>Hausas ir psichologija: \u017emogi\u0161kumas neve\u017ea<\/title>\n<meta name=\"description\" content=\"Gregoris Hausas yra medicinos genijus ir \u012f \u0160erlok\u0105 Holms\u0105 pana\u0161us persona\u017eas, ta\u010diau tuo pat metu jis yra pats sau prie\u0161as. Kuo \u0161is piktas ir aroganti\u0161kas\" \/>\n<meta name=\"robots\" content=\"index, follow, max-snippet:-1, max-image-preview:large, max-video-preview:-1\" \/>\n<link rel=\"canonical\" href=\"https:\/\/skaitytaknyga.lt\/en\/produktas\/hausas-ir-psichologija-zmogiskumas-neveza\/\" \/>\n<meta property=\"og:locale\" content=\"en_GB\" \/>\n<meta property=\"og:locale:alternate\" content=\"lt_LT\" \/>\n<meta property=\"og:type\" content=\"article\" \/>\n<meta property=\"og:title\" content=\"Hausas ir psichologija: \u017emogi\u0161kumas neve\u017ea\" \/>\n<meta property=\"og:description\" content=\"Gregoris Hausas yra medicinos genijus ir \u012f \u0160erlok\u0105 Holms\u0105 pana\u0161us persona\u017eas, ta\u010diau tuo pat metu jis yra pats sau prie\u0161as. Kuo \u0161is piktas ir aroganti\u0161kas\" \/>\n<meta property=\"og:url\" content=\"https:\/\/skaitytaknyga.lt\/en\/produktas\/hausas-ir-psichologija-zmogiskumas-neveza\/\" \/>\n<meta property=\"og:site_name\" content=\"Skaitytaknyga\" \/>\n<meta property=\"article:publisher\" content=\"https:\/\/www.facebook.com\/skaitytaknyga\/\" \/>\n<meta property=\"article:modified_time\" content=\"2025-05-24T17:56:58+00:00\" \/>\n<meta property=\"og:image\" content=\"https:\/\/skaitytaknyga.lt\/wp-content\/uploads\/2025\/01\/Hausas-ir-psichologija-zmogiskumas-neveza.webp\" \/>\n\t<meta property=\"og:image:width\" content=\"381\" \/>\n\t<meta property=\"og:image:height\" content=\"584\" \/>\n\t<meta property=\"og:image:type\" content=\"image\/webp\" \/>\n<meta name=\"twitter:card\" content=\"summary_large_image\" \/>\n<meta name=\"twitter:label1\" content=\"Estimated reading time\" \/>\n\t<meta name=\"twitter:data1\" content=\"2 minutes\" \/>\n<script type=\"application\/ld+json\" class=\"yoast-schema-graph\">{\"@context\":\"https:\/\/schema.org\",\"@graph\":[{\"@type\":\"WebPage\",\"@id\":\"https:\/\/skaitytaknyga.lt\/produktas\/hausas-ir-psichologija-zmogiskumas-neveza\/\",\"url\":\"https:\/\/skaitytaknyga.lt\/produktas\/hausas-ir-psichologija-zmogiskumas-neveza\/\",\"name\":\"Hausas ir psichologija: \u017emogi\u0161kumas neve\u017ea\",\"isPartOf\":{\"@id\":\"https:\/\/skaitytaknyga.lt\/#website\"},\"primaryImageOfPage\":{\"@id\":\"https:\/\/skaitytaknyga.lt\/produktas\/hausas-ir-psichologija-zmogiskumas-neveza\/#primaryimage\"},\"image\":{\"@id\":\"https:\/\/skaitytaknyga.lt\/produktas\/hausas-ir-psichologija-zmogiskumas-neveza\/#primaryimage\"},\"thumbnailUrl\":\"https:\/\/skaitytaknyga.lt\/wp-content\/uploads\/2025\/01\/Hausas-ir-psichologija-zmogiskumas-neveza.webp\",\"datePublished\":\"2025-01-17T06:15:29+00:00\",\"dateModified\":\"2025-05-24T17:56:58+00:00\",\"description\":\"Gregoris Hausas yra medicinos genijus ir \u012f \u0160erlok\u0105 Holms\u0105 pana\u0161us persona\u017eas, ta\u010diau tuo pat metu jis yra pats sau prie\u0161as. Kuo \u0161is piktas ir aroganti\u0161kas\",\"breadcrumb\":{\"@id\":\"https:\/\/skaitytaknyga.lt\/produktas\/hausas-ir-psichologija-zmogiskumas-neveza\/#breadcrumb\"},\"inLanguage\":\"en-GB\",\"potentialAction\":[{\"@type\":\"ReadAction\",\"target\":[\"https:\/\/skaitytaknyga.lt\/produktas\/hausas-ir-psichologija-zmogiskumas-neveza\/\"]}]},{\"@type\":\"ImageObject\",\"inLanguage\":\"en-GB\",\"@id\":\"https:\/\/skaitytaknyga.lt\/produktas\/hausas-ir-psichologija-zmogiskumas-neveza\/#primaryimage\",\"url\":\"https:\/\/skaitytaknyga.lt\/wp-content\/uploads\/2025\/01\/Hausas-ir-psichologija-zmogiskumas-neveza.webp\",\"contentUrl\":\"https:\/\/skaitytaknyga.lt\/wp-content\/uploads\/2025\/01\/Hausas-ir-psichologija-zmogiskumas-neveza.webp\",\"width\":381,\"height\":584,\"caption\":\"Hausas ir psichologija: \u017emogi\u0161kumas neve\u017ea\"},{\"@type\":\"BreadcrumbList\",\"@id\":\"https:\/\/skaitytaknyga.lt\/produktas\/hausas-ir-psichologija-zmogiskumas-neveza\/#breadcrumb\",\"itemListElement\":[{\"@type\":\"ListItem\",\"position\":1,\"name\":\"Home\",\"item\":\"https:\/\/skaitytaknyga.lt\/\"},{\"@type\":\"ListItem\",\"position\":2,\"name\":\"Parduotuv\u0117\",\"item\":\"https:\/\/skaitytaknyga.lt\/knygu-parduotuve\/\"},{\"@type\":\"ListItem\",\"position\":3,\"name\":\"Hausas ir psichologija: \u017emogi\u0161kumas neve\u017ea\"}]},{\"@type\":\"WebSite\",\"@id\":\"https:\/\/skaitytaknyga.lt\/#website\",\"url\":\"https:\/\/skaitytaknyga.lt\/\",\"name\":\"skaitytaknyga.lt\",\"description\":\"Skaitytaknyga.lt \u2013 tai ma\u017eas \u0161eimos verslas, kuris prasid\u0117jo nuo meil\u0117s knygoms ir siekio i\u0161gelb\u0117ti knygas nuo likimo prie konteinerio. Kas vienam nereikalingas daiktas \u2013 kitam lobis, o mes esame tarpininkai, kurie padeda abiems tapti laimingesniems ???? \u017dinome kaip nelengva i\u0161gyventi ma\u017eiems verslams, tad nuo \u0161iol, \u010dia rasite ir kit\u0173, ma\u017e\u0173 \u0161eim\u0173 versl\u0173, rank\u0173 darbo, dovan\u0173 sau ir artimiesiems.\",\"publisher\":{\"@id\":\"https:\/\/skaitytaknyga.lt\/#organization\"},\"potentialAction\":[{\"@type\":\"SearchAction\",\"target\":{\"@type\":\"EntryPoint\",\"urlTemplate\":\"https:\/\/skaitytaknyga.lt\/?s={search_term_string}\"},\"query-input\":{\"@type\":\"PropertyValueSpecification\",\"valueRequired\":true,\"valueName\":\"search_term_string\"}}],\"inLanguage\":\"en-GB\"},{\"@type\":\"Organization\",\"@id\":\"https:\/\/skaitytaknyga.lt\/#organization\",\"name\":\"skaitytaknyga.lt\",\"url\":\"https:\/\/skaitytaknyga.lt\/\",\"logo\":{\"@type\":\"ImageObject\",\"inLanguage\":\"en-GB\",\"@id\":\"https:\/\/skaitytaknyga.lt\/#\/schema\/logo\/image\/\",\"url\":\"https:\/\/skaitytaknyga.lt\/wp-content\/uploads\/2024\/05\/cropped-cropped-cropped-02_00843_jt3bggkj1j3HLc7SyY6rEUpg.jpeg\",\"contentUrl\":\"https:\/\/skaitytaknyga.lt\/wp-content\/uploads\/2024\/05\/cropped-cropped-cropped-02_00843_jt3bggkj1j3HLc7SyY6rEUpg.jpeg\",\"width\":1600,\"height\":1600,\"caption\":\"skaitytaknyga.lt\"},\"image\":{\"@id\":\"https:\/\/skaitytaknyga.lt\/#\/schema\/logo\/image\/\"},\"sameAs\":[\"https:\/\/www.facebook.com\/skaitytaknyga\/\"]}]}<\/script>\n<!-- \/ Yoast SEO plugin. -->","yoast_head_json":{"title":"Hausas ir psichologija: \u017emogi\u0161kumas neve\u017ea","description":"Gregoris Hausas yra medicinos genijus ir \u012f \u0160erlok\u0105 Holms\u0105 pana\u0161us persona\u017eas, ta\u010diau tuo pat metu jis yra pats sau prie\u0161as. Kuo \u0161is piktas ir aroganti\u0161kas","robots":{"index":"index","follow":"follow","max-snippet":"max-snippet:-1","max-image-preview":"max-image-preview:large","max-video-preview":"max-video-preview:-1"},"canonical":"https:\/\/skaitytaknyga.lt\/en\/produktas\/hausas-ir-psichologija-zmogiskumas-neveza\/","og_locale":"en_GB","og_type":"article","og_title":"[:en]Hausas ir psichologija: \u017emogi\u0161kumas neve\u017ea[:lt]Hausas ir psichologija: \u017emogi\u0161kumas neve\u017ea[:] - Skaitytaknyga","og_description":"Gregoris Hausas yra medicinos genijus ir \u012f \u0160erlok\u0105 Holms\u0105 pana\u0161us persona\u017eas, ta\u010diau tuo pat metu jis yra pats sau prie\u0161as. Kuo \u0161is piktas ir aroganti\u0161kas","og_url":"https:\/\/skaitytaknyga.lt\/en\/produktas\/hausas-ir-psichologija-zmogiskumas-neveza\/","og_site_name":"Skaitytaknyga","article_publisher":"https:\/\/www.facebook.com\/skaitytaknyga\/","article_modified_time":"2025-05-24T17:56:58+00:00","og_image":[{"width":381,"height":584,"url":"https:\/\/skaitytaknyga.lt\/wp-content\/uploads\/2025\/01\/Hausas-ir-psichologija-zmogiskumas-neveza.webp","type":"image\/webp"}],"twitter_card":"summary_large_image","twitter_misc":{"Estimated reading time":"2 minutes"},"schema":{"@context":"https:\/\/schema.org","@graph":[{"@type":"WebPage","@id":"https:\/\/skaitytaknyga.lt\/produktas\/hausas-ir-psichologija-zmogiskumas-neveza\/","url":"https:\/\/skaitytaknyga.lt\/produktas\/hausas-ir-psichologija-zmogiskumas-neveza\/","name":"Hausas ir psichologija: \u017emogi\u0161kumas neve\u017ea","isPartOf":{"@id":"https:\/\/skaitytaknyga.lt\/#website"},"primaryImageOfPage":{"@id":"https:\/\/skaitytaknyga.lt\/produktas\/hausas-ir-psichologija-zmogiskumas-neveza\/#primaryimage"},"image":{"@id":"https:\/\/skaitytaknyga.lt\/produktas\/hausas-ir-psichologija-zmogiskumas-neveza\/#primaryimage"},"thumbnailUrl":"https:\/\/skaitytaknyga.lt\/wp-content\/uploads\/2025\/01\/Hausas-ir-psichologija-zmogiskumas-neveza.webp","datePublished":"2025-01-17T06:15:29+00:00","dateModified":"2025-05-24T17:56:58+00:00","description":"Gregoris Hausas yra medicinos genijus ir \u012f \u0160erlok\u0105 Holms\u0105 pana\u0161us persona\u017eas, ta\u010diau tuo pat metu jis yra pats sau prie\u0161as. Kuo \u0161is piktas ir aroganti\u0161kas","breadcrumb":{"@id":"https:\/\/skaitytaknyga.lt\/produktas\/hausas-ir-psichologija-zmogiskumas-neveza\/#breadcrumb"},"inLanguage":"en-GB","potentialAction":[{"@type":"ReadAction","target":["https:\/\/skaitytaknyga.lt\/produktas\/hausas-ir-psichologija-zmogiskumas-neveza\/"]}]},{"@type":"ImageObject","inLanguage":"en-GB","@id":"https:\/\/skaitytaknyga.lt\/produktas\/hausas-ir-psichologija-zmogiskumas-neveza\/#primaryimage","url":"https:\/\/skaitytaknyga.lt\/wp-content\/uploads\/2025\/01\/Hausas-ir-psichologija-zmogiskumas-neveza.webp","contentUrl":"https:\/\/skaitytaknyga.lt\/wp-content\/uploads\/2025\/01\/Hausas-ir-psichologija-zmogiskumas-neveza.webp","width":381,"height":584,"caption":"Hausas ir psichologija: \u017emogi\u0161kumas neve\u017ea"},{"@type":"BreadcrumbList","@id":"https:\/\/skaitytaknyga.lt\/produktas\/hausas-ir-psichologija-zmogiskumas-neveza\/#breadcrumb","itemListElement":[{"@type":"ListItem","position":1,"name":"Home","item":"https:\/\/skaitytaknyga.lt\/"},{"@type":"ListItem","position":2,"name":"Parduotuv\u0117","item":"https:\/\/skaitytaknyga.lt\/knygu-parduotuve\/"},{"@type":"ListItem","position":3,"name":"Hausas ir psichologija: \u017emogi\u0161kumas neve\u017ea"}]},{"@type":"WebSite","@id":"https:\/\/skaitytaknyga.lt\/#website","url":"https:\/\/skaitytaknyga.lt\/","name":"skaitytaknyga.lt","description":"Skaitytaknyga.lt \u2013 tai ma\u017eas \u0161eimos verslas, kuris prasid\u0117jo nuo meil\u0117s knygoms ir siekio i\u0161gelb\u0117ti knygas nuo likimo prie konteinerio. Kas vienam nereikalingas daiktas \u2013 kitam lobis, o mes esame tarpininkai, kurie padeda abiems tapti laimingesniems ???? \u017dinome kaip nelengva i\u0161gyventi ma\u017eiems verslams, tad nuo \u0161iol, \u010dia rasite ir kit\u0173, ma\u017e\u0173 \u0161eim\u0173 versl\u0173, rank\u0173 darbo, dovan\u0173 sau ir artimiesiems.","publisher":{"@id":"https:\/\/skaitytaknyga.lt\/#organization"},"potentialAction":[{"@type":"SearchAction","target":{"@type":"EntryPoint","urlTemplate":"https:\/\/skaitytaknyga.lt\/?s={search_term_string}"},"query-input":{"@type":"PropertyValueSpecification","valueRequired":true,"valueName":"search_term_string"}}],"inLanguage":"en-GB"},{"@type":"Organization","@id":"https:\/\/skaitytaknyga.lt\/#organization","name":"skaitytaknyga.lt","url":"https:\/\/skaitytaknyga.lt\/","logo":{"@type":"ImageObject","inLanguage":"en-GB","@id":"https:\/\/skaitytaknyga.lt\/#\/schema\/logo\/image\/","url":"https:\/\/skaitytaknyga.lt\/wp-content\/uploads\/2024\/05\/cropped-cropped-cropped-02_00843_jt3bggkj1j3HLc7SyY6rEUpg.jpeg","contentUrl":"https:\/\/skaitytaknyga.lt\/wp-content\/uploads\/2024\/05\/cropped-cropped-cropped-02_00843_jt3bggkj1j3HLc7SyY6rEUpg.jpeg","width":1600,"height":1600,"caption":"skaitytaknyga.lt"},"image":{"@id":"https:\/\/skaitytaknyga.lt\/#\/schema\/logo\/image\/"},"sameAs":["https:\/\/www.facebook.com\/skaitytaknyga\/"]}]}},"_links":{"self":[{"href":"https:\/\/skaitytaknyga.lt\/en\/wp-json\/wp\/v2\/product\/15954","targetHints":{"allow":["GET"]}}],"collection":[{"href":"https:\/\/skaitytaknyga.lt\/en\/wp-json\/wp\/v2\/product"}],"about":[{"href":"https:\/\/skaitytaknyga.lt\/en\/wp-json\/wp\/v2\/types\/product"}],"replies":[{"embeddable":true,"href":"https:\/\/skaitytaknyga.lt\/en\/wp-json\/wp\/v2\/comments?post=15954"}],"wp:featuredmedia":[{"embeddable":true,"href":"https:\/\/skaitytaknyga.lt\/en\/wp-json\/wp\/v2\/media\/15955"}],"wp:attachment":[{"href":"https:\/\/skaitytaknyga.lt\/en\/wp-json\/wp\/v2\/media?parent=15954"}],"wp:term":[{"taxonomy":"product_brand","embeddable":true,"href":"https:\/\/skaitytaknyga.lt\/en\/wp-json\/wp\/v2\/product_brand?post=15954"},{"taxonomy":"product_cat","embeddable":true,"href":"https:\/\/skaitytaknyga.lt\/en\/wp-json\/wp\/v2\/product_cat?post=15954"},{"taxonomy":"product_tag","embeddable":true,"href":"https:\/\/skaitytaknyga.lt\/en\/wp-json\/wp\/v2\/product_tag?post=15954"}],"curies":[{"name":"wp","href":"https:\/\/api.w.org\/{rel}","templated":true}]}}