{"id":15950,"date":"2025-01-17T08:07:45","date_gmt":"2025-01-17T06:07:45","guid":{"rendered":"https:\/\/skaitytaknyga.lt\/en\/?post_type=product&#038;p=15950"},"modified":"2025-01-17T10:00:26","modified_gmt":"2025-01-17T08:00:26","slug":"auksaranke-ir-menulio-akmuo","status":"publish","type":"product","link":"https:\/\/skaitytaknyga.lt\/en\/produktas\/auksaranke-ir-menulio-akmuo\/","title":{"rendered":"A\u010di\u016b. \u017dodis, kur\u012f visi turime prisiminti"},"content":{"rendered":"<p>Jeigu kas nors mums padaro gera, svarbu pasakyti a\u010di\u016b!<br \/>\nPaskaityk, kaip gyv\u016bn\u0117liams sek\u0117si tarti ma\u017e\u0105 \u017eodel\u012f, kuris daro didelius darbus.<\/p>\n<table class=\"attribute\" width=\"544\">\n<tbody>\n<tr>\n<td class=\"Puslapi\u0173 skai\u010dius attr_id24 name\">Puslapi\u0173 skai\u010dius<\/td>\n<td class=\"value\">8 psl.<\/td>\n<\/tr>\n<tr>\n<td class=\"Vir\u0161elis attr_id25 name\">Vir\u0161elis<\/td>\n<td class=\"value\">kietas<\/td>\n<\/tr>\n<tr>\n<td class=\"Vir\u0161elis attr_id25 name\">Vidus<\/td>\n<td class=\"value\">spalvotos iliustracijos<\/td>\n<\/tr>\n<tr>\n<td class=\"Plotis attr_id23 name\">Plotis<\/td>\n<td class=\"value\">20,5 cm<\/td>\n<\/tr>\n<tr>\n<td class=\"Auk\u0161tis attr_id13 name\">Auk\u0161tis<\/td>\n<td class=\"value\">20,5 cm<\/td>\n<\/tr>\n<\/tbody>\n<\/table>\n","protected":false},"excerpt":{"rendered":"<p>Jeigu kas nors mums padaro gera, svarbu pasakyti a\u010di\u016b! Paskaityk, kaip gyv\u016bn\u0117liams sek\u0117si tarti ma\u017e\u0105 \u017eodel\u012f, kuris daro didelius darbus. Puslapi\u0173 skai\u010dius 8 psl. Vir\u0161elis kietas Vidus spalvotos iliustracijos Plotis 20,5 cm Auk\u0161tis 20,5 cm<\/p>\n","protected":false},"featured_media":15951,"comment_status":"open","ping_status":"closed","template":"","meta":{"_acf_changed":false,"site-sidebar-layout":"default","site-content-layout":"","ast-site-content-layout":"default","site-content-style":"default","site-sidebar-style":"default","ast-global-header-display":"","ast-banner-title-visibility":"","ast-main-header-display":"","ast-hfb-above-header-display":"","ast-hfb-below-header-display":"","ast-hfb-mobile-header-display":"","site-post-title":"","ast-breadcrumbs-content":"","ast-featured-img":"","footer-sml-layout":"","ast-disable-related-posts":"","theme-transparent-header-meta":"default","adv-header-id-meta":"","stick-header-meta":"","header-above-stick-meta":"","header-main-stick-meta":"","header-below-stick-meta":"","astra-migrate-meta-layouts":"set","ast-page-background-enabled":"default","ast-page-background-meta":{"desktop":{"background-color":"","background-image":"","background-repeat":"repeat","background-position":"center center","background-size":"auto","background-attachment":"scroll","background-type":"","background-media":"","overlay-type":"","overlay-color":"","overlay-opacity":"","overlay-gradient":""},"tablet":{"background-color":"","background-image":"","background-repeat":"repeat","background-position":"center center","background-size":"auto","background-attachment":"scroll","background-type":"","background-media":"","overlay-type":"","overlay-color":"","overlay-opacity":"","overlay-gradient":""},"mobile":{"background-color":"","background-image":"","background-repeat":"repeat","background-position":"center center","background-size":"auto","background-attachment":"scroll","background-type":"","background-media":"","overlay-type":"","overlay-color":"","overlay-opacity":"","overlay-gradient":""}},"ast-content-background-meta":{"desktop":{"background-color":"var(--ast-global-color-4)","background-image":"","background-repeat":"repeat","background-position":"center center","background-size":"auto","background-attachment":"scroll","background-type":"","background-media":"","overlay-type":"","overlay-color":"","overlay-opacity":"","overlay-gradient":""},"tablet":{"background-color":"var(--ast-global-color-4)","background-image":"","background-repeat":"repeat","background-position":"center center","background-size":"auto","background-attachment":"scroll","background-type":"","background-media":"","overlay-type":"","overlay-color":"","overlay-opacity":"","overlay-gradient":""},"mobile":{"background-color":"var(--ast-global-color-4)","background-image":"","background-repeat":"repeat","background-position":"center center","background-size":"auto","background-attachment":"scroll","background-type":"","background-media":"","overlay-type":"","overlay-color":"","overlay-opacity":"","overlay-gradient":""}}},"product_brand":[],"product_cat":[15,35],"product_tag":[],"class_list":{"0":"post-15950","1":"product","2":"type-product","3":"status-publish","4":"has-post-thumbnail","6":"product_cat-uncategorized","7":"product_cat-vaikams-ir-paaugliams","8":"desktop-align-left","9":"tablet-align-left","10":"mobile-align-left","12":"first","13":"instock","14":"shipping-taxable","15":"purchasable","16":"product-type-simple"},"acf":[],"yoast_head":"<!-- This site is optimized with the Yoast SEO plugin v27.0 - https:\/\/yoast.com\/product\/yoast-seo-wordpress\/ -->\n<title>A\u010di\u016b. \u017dodis, kur\u012f visi turime prisiminti<\/title>\n<meta name=\"description\" content=\"Jeigu kas nors mums padaro gera, svarbu pasakyti a\u010di\u016b! Paskaityk, kaip gyv\u016bn\u0117liams sek\u0117si tarti ma\u017e\u0105 \u017eodel\u012f, kuris daro didelius darbus. Puslapi\u0173 skai\u010dius\" \/>\n<meta name=\"robots\" content=\"index, follow, max-snippet:-1, max-image-preview:large, max-video-preview:-1\" \/>\n<link rel=\"canonical\" href=\"https:\/\/skaitytaknyga.lt\/en\/produktas\/auksaranke-ir-menulio-akmuo\/\" \/>\n<meta property=\"og:locale\" content=\"en_GB\" \/>\n<meta property=\"og:locale:alternate\" content=\"lt_LT\" \/>\n<meta property=\"og:type\" content=\"article\" \/>\n<meta property=\"og:title\" content=\"A\u010di\u016b. \u017dodis, kur\u012f visi turime prisiminti\" \/>\n<meta property=\"og:description\" content=\"Jeigu kas nors mums padaro gera, svarbu pasakyti a\u010di\u016b! Paskaityk, kaip gyv\u016bn\u0117liams sek\u0117si tarti ma\u017e\u0105 \u017eodel\u012f, kuris daro didelius darbus. Puslapi\u0173 skai\u010dius\" \/>\n<meta property=\"og:url\" content=\"https:\/\/skaitytaknyga.lt\/en\/produktas\/auksaranke-ir-menulio-akmuo\/\" \/>\n<meta property=\"og:site_name\" content=\"Skaitytaknyga\" \/>\n<meta property=\"article:publisher\" content=\"https:\/\/www.facebook.com\/skaitytaknyga\/\" \/>\n<meta property=\"article:modified_time\" content=\"2025-01-17T08:00:26+00:00\" \/>\n<meta property=\"og:image\" content=\"https:\/\/skaitytaknyga.lt\/wp-content\/uploads\/2025\/01\/Auksaranke-ir-menulio-akmuo-e1736434866425.jpg\" \/>\n\t<meta property=\"og:image:width\" content=\"360\" \/>\n\t<meta property=\"og:image:height\" content=\"505\" \/>\n\t<meta property=\"og:image:type\" content=\"image\/jpeg\" \/>\n<meta name=\"twitter:card\" content=\"summary_large_image\" \/>\n<meta name=\"twitter:label1\" content=\"Estimated reading time\" \/>\n\t<meta name=\"twitter:data1\" content=\"1 minute\" \/>\n<script type=\"application\/ld+json\" class=\"yoast-schema-graph\">{\"@context\":\"https:\/\/schema.org\",\"@graph\":[{\"@type\":\"WebPage\",\"@id\":\"https:\/\/skaitytaknyga.lt\/produktas\/auksaranke-ir-menulio-akmuo\/\",\"url\":\"https:\/\/skaitytaknyga.lt\/produktas\/auksaranke-ir-menulio-akmuo\/\",\"name\":\"A\u010di\u016b. \u017dodis, kur\u012f visi turime prisiminti\",\"isPartOf\":{\"@id\":\"https:\/\/skaitytaknyga.lt\/#website\"},\"primaryImageOfPage\":{\"@id\":\"https:\/\/skaitytaknyga.lt\/produktas\/auksaranke-ir-menulio-akmuo\/#primaryimage\"},\"image\":{\"@id\":\"https:\/\/skaitytaknyga.lt\/produktas\/auksaranke-ir-menulio-akmuo\/#primaryimage\"},\"thumbnailUrl\":\"https:\/\/skaitytaknyga.lt\/wp-content\/uploads\/2025\/01\/Aciu.-Zodis-kuri-visi-turime-prisiminti.webp\",\"datePublished\":\"2025-01-17T06:07:45+00:00\",\"dateModified\":\"2025-01-17T08:00:26+00:00\",\"description\":\"Jeigu kas nors mums padaro gera, svarbu pasakyti a\u010di\u016b! Paskaityk, kaip gyv\u016bn\u0117liams sek\u0117si tarti ma\u017e\u0105 \u017eodel\u012f, kuris daro didelius darbus. Puslapi\u0173 skai\u010dius\",\"breadcrumb\":{\"@id\":\"https:\/\/skaitytaknyga.lt\/produktas\/auksaranke-ir-menulio-akmuo\/#breadcrumb\"},\"inLanguage\":\"en-GB\",\"potentialAction\":[{\"@type\":\"ReadAction\",\"target\":[\"https:\/\/skaitytaknyga.lt\/produktas\/auksaranke-ir-menulio-akmuo\/\"]}]},{\"@type\":\"ImageObject\",\"inLanguage\":\"en-GB\",\"@id\":\"https:\/\/skaitytaknyga.lt\/produktas\/auksaranke-ir-menulio-akmuo\/#primaryimage\",\"url\":\"https:\/\/skaitytaknyga.lt\/wp-content\/uploads\/2025\/01\/Aciu.-Zodis-kuri-visi-turime-prisiminti.webp\",\"contentUrl\":\"https:\/\/skaitytaknyga.lt\/wp-content\/uploads\/2025\/01\/Aciu.-Zodis-kuri-visi-turime-prisiminti.webp\",\"width\":1600,\"height\":1596,\"caption\":\"A\u010di\u016b. \u017dodis, kur\u012f visi turime prisiminti\"},{\"@type\":\"BreadcrumbList\",\"@id\":\"https:\/\/skaitytaknyga.lt\/produktas\/auksaranke-ir-menulio-akmuo\/#breadcrumb\",\"itemListElement\":[{\"@type\":\"ListItem\",\"position\":1,\"name\":\"Home\",\"item\":\"https:\/\/skaitytaknyga.lt\/\"},{\"@type\":\"ListItem\",\"position\":2,\"name\":\"Parduotuv\u0117\",\"item\":\"https:\/\/skaitytaknyga.lt\/knygu-parduotuve\/\"},{\"@type\":\"ListItem\",\"position\":3,\"name\":\"Auksarank\u0117 ir m\u0117nulio akmuo\"}]},{\"@type\":\"WebSite\",\"@id\":\"https:\/\/skaitytaknyga.lt\/#website\",\"url\":\"https:\/\/skaitytaknyga.lt\/\",\"name\":\"skaitytaknyga.lt\",\"description\":\"Skaitytaknyga.lt \u2013 tai ma\u017eas \u0161eimos verslas, kuris prasid\u0117jo nuo meil\u0117s knygoms ir siekio i\u0161gelb\u0117ti knygas nuo likimo prie konteinerio. Kas vienam nereikalingas daiktas \u2013 kitam lobis, o mes esame tarpininkai, kurie padeda abiems tapti laimingesniems ???? \u017dinome kaip nelengva i\u0161gyventi ma\u017eiems verslams, tad nuo \u0161iol, \u010dia rasite ir kit\u0173, ma\u017e\u0173 \u0161eim\u0173 versl\u0173, rank\u0173 darbo, dovan\u0173 sau ir artimiesiems.\",\"publisher\":{\"@id\":\"https:\/\/skaitytaknyga.lt\/#organization\"},\"potentialAction\":[{\"@type\":\"SearchAction\",\"target\":{\"@type\":\"EntryPoint\",\"urlTemplate\":\"https:\/\/skaitytaknyga.lt\/?s={search_term_string}\"},\"query-input\":{\"@type\":\"PropertyValueSpecification\",\"valueRequired\":true,\"valueName\":\"search_term_string\"}}],\"inLanguage\":\"en-GB\"},{\"@type\":\"Organization\",\"@id\":\"https:\/\/skaitytaknyga.lt\/#organization\",\"name\":\"skaitytaknyga.lt\",\"url\":\"https:\/\/skaitytaknyga.lt\/\",\"logo\":{\"@type\":\"ImageObject\",\"inLanguage\":\"en-GB\",\"@id\":\"https:\/\/skaitytaknyga.lt\/#\/schema\/logo\/image\/\",\"url\":\"https:\/\/skaitytaknyga.lt\/wp-content\/uploads\/2024\/05\/cropped-cropped-cropped-02_00843_jt3bggkj1j3HLc7SyY6rEUpg.jpeg\",\"contentUrl\":\"https:\/\/skaitytaknyga.lt\/wp-content\/uploads\/2024\/05\/cropped-cropped-cropped-02_00843_jt3bggkj1j3HLc7SyY6rEUpg.jpeg\",\"width\":1600,\"height\":1600,\"caption\":\"skaitytaknyga.lt\"},\"image\":{\"@id\":\"https:\/\/skaitytaknyga.lt\/#\/schema\/logo\/image\/\"},\"sameAs\":[\"https:\/\/www.facebook.com\/skaitytaknyga\/\"]}]}<\/script>\n<!-- \/ Yoast SEO plugin. -->","yoast_head_json":{"title":"A\u010di\u016b. \u017dodis, kur\u012f visi turime prisiminti","description":"Jeigu kas nors mums padaro gera, svarbu pasakyti a\u010di\u016b! Paskaityk, kaip gyv\u016bn\u0117liams sek\u0117si tarti ma\u017e\u0105 \u017eodel\u012f, kuris daro didelius darbus. Puslapi\u0173 skai\u010dius","robots":{"index":"index","follow":"follow","max-snippet":"max-snippet:-1","max-image-preview":"max-image-preview:large","max-video-preview":"max-video-preview:-1"},"canonical":"https:\/\/skaitytaknyga.lt\/en\/produktas\/auksaranke-ir-menulio-akmuo\/","og_locale":"en_GB","og_type":"article","og_title":"[:en]A\u010di\u016b. \u017dodis, kur\u012f visi turime prisiminti[:lt]Auksarank\u0117 ir m\u0117nulio akmuo[:] - Skaitytaknyga","og_description":"Jeigu kas nors mums padaro gera, svarbu pasakyti a\u010di\u016b! Paskaityk, kaip gyv\u016bn\u0117liams sek\u0117si tarti ma\u017e\u0105 \u017eodel\u012f, kuris daro didelius darbus. Puslapi\u0173 skai\u010dius","og_url":"https:\/\/skaitytaknyga.lt\/en\/produktas\/auksaranke-ir-menulio-akmuo\/","og_site_name":"Skaitytaknyga","article_publisher":"https:\/\/www.facebook.com\/skaitytaknyga\/","article_modified_time":"2025-01-17T08:00:26+00:00","og_image":[{"width":360,"height":505,"url":"https:\/\/skaitytaknyga.lt\/wp-content\/uploads\/2025\/01\/Auksaranke-ir-menulio-akmuo-e1736434866425.jpg","type":"image\/jpeg"}],"twitter_card":"summary_large_image","twitter_misc":{"Estimated reading time":"1 minute"},"schema":{"@context":"https:\/\/schema.org","@graph":[{"@type":"WebPage","@id":"https:\/\/skaitytaknyga.lt\/produktas\/auksaranke-ir-menulio-akmuo\/","url":"https:\/\/skaitytaknyga.lt\/produktas\/auksaranke-ir-menulio-akmuo\/","name":"A\u010di\u016b. \u017dodis, kur\u012f visi turime prisiminti","isPartOf":{"@id":"https:\/\/skaitytaknyga.lt\/#website"},"primaryImageOfPage":{"@id":"https:\/\/skaitytaknyga.lt\/produktas\/auksaranke-ir-menulio-akmuo\/#primaryimage"},"image":{"@id":"https:\/\/skaitytaknyga.lt\/produktas\/auksaranke-ir-menulio-akmuo\/#primaryimage"},"thumbnailUrl":"https:\/\/skaitytaknyga.lt\/wp-content\/uploads\/2025\/01\/Aciu.-Zodis-kuri-visi-turime-prisiminti.webp","datePublished":"2025-01-17T06:07:45+00:00","dateModified":"2025-01-17T08:00:26+00:00","description":"Jeigu kas nors mums padaro gera, svarbu pasakyti a\u010di\u016b! Paskaityk, kaip gyv\u016bn\u0117liams sek\u0117si tarti ma\u017e\u0105 \u017eodel\u012f, kuris daro didelius darbus. Puslapi\u0173 skai\u010dius","breadcrumb":{"@id":"https:\/\/skaitytaknyga.lt\/produktas\/auksaranke-ir-menulio-akmuo\/#breadcrumb"},"inLanguage":"en-GB","potentialAction":[{"@type":"ReadAction","target":["https:\/\/skaitytaknyga.lt\/produktas\/auksaranke-ir-menulio-akmuo\/"]}]},{"@type":"ImageObject","inLanguage":"en-GB","@id":"https:\/\/skaitytaknyga.lt\/produktas\/auksaranke-ir-menulio-akmuo\/#primaryimage","url":"https:\/\/skaitytaknyga.lt\/wp-content\/uploads\/2025\/01\/Aciu.-Zodis-kuri-visi-turime-prisiminti.webp","contentUrl":"https:\/\/skaitytaknyga.lt\/wp-content\/uploads\/2025\/01\/Aciu.-Zodis-kuri-visi-turime-prisiminti.webp","width":1600,"height":1596,"caption":"A\u010di\u016b. \u017dodis, kur\u012f visi turime prisiminti"},{"@type":"BreadcrumbList","@id":"https:\/\/skaitytaknyga.lt\/produktas\/auksaranke-ir-menulio-akmuo\/#breadcrumb","itemListElement":[{"@type":"ListItem","position":1,"name":"Home","item":"https:\/\/skaitytaknyga.lt\/"},{"@type":"ListItem","position":2,"name":"Parduotuv\u0117","item":"https:\/\/skaitytaknyga.lt\/knygu-parduotuve\/"},{"@type":"ListItem","position":3,"name":"Auksarank\u0117 ir m\u0117nulio akmuo"}]},{"@type":"WebSite","@id":"https:\/\/skaitytaknyga.lt\/#website","url":"https:\/\/skaitytaknyga.lt\/","name":"skaitytaknyga.lt","description":"Skaitytaknyga.lt \u2013 tai ma\u017eas \u0161eimos verslas, kuris prasid\u0117jo nuo meil\u0117s knygoms ir siekio i\u0161gelb\u0117ti knygas nuo likimo prie konteinerio. Kas vienam nereikalingas daiktas \u2013 kitam lobis, o mes esame tarpininkai, kurie padeda abiems tapti laimingesniems ???? \u017dinome kaip nelengva i\u0161gyventi ma\u017eiems verslams, tad nuo \u0161iol, \u010dia rasite ir kit\u0173, ma\u017e\u0173 \u0161eim\u0173 versl\u0173, rank\u0173 darbo, dovan\u0173 sau ir artimiesiems.","publisher":{"@id":"https:\/\/skaitytaknyga.lt\/#organization"},"potentialAction":[{"@type":"SearchAction","target":{"@type":"EntryPoint","urlTemplate":"https:\/\/skaitytaknyga.lt\/?s={search_term_string}"},"query-input":{"@type":"PropertyValueSpecification","valueRequired":true,"valueName":"search_term_string"}}],"inLanguage":"en-GB"},{"@type":"Organization","@id":"https:\/\/skaitytaknyga.lt\/#organization","name":"skaitytaknyga.lt","url":"https:\/\/skaitytaknyga.lt\/","logo":{"@type":"ImageObject","inLanguage":"en-GB","@id":"https:\/\/skaitytaknyga.lt\/#\/schema\/logo\/image\/","url":"https:\/\/skaitytaknyga.lt\/wp-content\/uploads\/2024\/05\/cropped-cropped-cropped-02_00843_jt3bggkj1j3HLc7SyY6rEUpg.jpeg","contentUrl":"https:\/\/skaitytaknyga.lt\/wp-content\/uploads\/2024\/05\/cropped-cropped-cropped-02_00843_jt3bggkj1j3HLc7SyY6rEUpg.jpeg","width":1600,"height":1600,"caption":"skaitytaknyga.lt"},"image":{"@id":"https:\/\/skaitytaknyga.lt\/#\/schema\/logo\/image\/"},"sameAs":["https:\/\/www.facebook.com\/skaitytaknyga\/"]}]}},"_links":{"self":[{"href":"https:\/\/skaitytaknyga.lt\/en\/wp-json\/wp\/v2\/product\/15950","targetHints":{"allow":["GET"]}}],"collection":[{"href":"https:\/\/skaitytaknyga.lt\/en\/wp-json\/wp\/v2\/product"}],"about":[{"href":"https:\/\/skaitytaknyga.lt\/en\/wp-json\/wp\/v2\/types\/product"}],"replies":[{"embeddable":true,"href":"https:\/\/skaitytaknyga.lt\/en\/wp-json\/wp\/v2\/comments?post=15950"}],"wp:featuredmedia":[{"embeddable":true,"href":"https:\/\/skaitytaknyga.lt\/en\/wp-json\/wp\/v2\/media\/15951"}],"wp:attachment":[{"href":"https:\/\/skaitytaknyga.lt\/en\/wp-json\/wp\/v2\/media?parent=15950"}],"wp:term":[{"taxonomy":"product_brand","embeddable":true,"href":"https:\/\/skaitytaknyga.lt\/en\/wp-json\/wp\/v2\/product_brand?post=15950"},{"taxonomy":"product_cat","embeddable":true,"href":"https:\/\/skaitytaknyga.lt\/en\/wp-json\/wp\/v2\/product_cat?post=15950"},{"taxonomy":"product_tag","embeddable":true,"href":"https:\/\/skaitytaknyga.lt\/en\/wp-json\/wp\/v2\/product_tag?post=15950"}],"curies":[{"name":"wp","href":"https:\/\/api.w.org\/{rel}","templated":true}]}}