{"id":15948,"date":"2025-01-17T08:04:26","date_gmt":"2025-01-17T06:04:26","guid":{"rendered":"https:\/\/skaitytaknyga.lt\/en\/?post_type=product&#038;p=15948"},"modified":"2025-01-24T16:02:53","modified_gmt":"2025-01-24T14:02:53","slug":"auksinis-protas-2","status":"publish","type":"product","link":"https:\/\/skaitytaknyga.lt\/en\/produktas\/auksinis-protas-2\/","title":{"rendered":"Auksinis protas. Antras sezonas"},"content":{"rendered":"<p>POPULIARAUS TV \u017dAIDIMO<strong>\u00a0\u201eAUKSINIS PROTAS\u201c<\/strong>\u00a0VED\u0116JAI\u00a0<strong>AR\u016aNAS VALINSKAS<\/strong>\u00a0IR<strong>\u00a0ANDRIUS TAPINAS<\/strong>\u00a0KVIE\u010cIA:<\/p>\n<ul>\n<li>Prapl\u0117sti akirat\u012f ir su\u017einoti nauj\u0173 dalyk\u0173<\/li>\n<li>Smagiai praleisti vakar\u0117l\u012f su draugais<\/li>\n<li>Patekti \u012f TV \u017eaidim\u0105 \u201eAuksinis protas\u201c<\/li>\n<li>Pamatyti interaktyvius atsakymus su \u201eScripta\u201c program\u0117le<\/li>\n<\/ul>\n<p>Pirmame TV sezone sensacingo populiarumo sulauk\u0119s intelektinis \u017eaidimas\u00a0<strong>\u201eAuksinis protas\u201c<\/strong>\u00a0t\u0119sia kelion\u0119 ir knyg\u0173 puslapiais. Antrojoje knygoje v\u0117l naujos u\u017eduotys, sukurtos pagal TV \u017eaidimo format\u0105, klastingi klausimai ir netik\u0117ti atsakymai.<\/p>\n<p>Nustebinkite savo \u017einiomis \u0161eimos narius, draugus ar kolegas \u2013 su\u00a0<strong>\u201eAuksinio proto\u201c<\/strong>\u00a0pagalba. O galb\u016bt jums pasiseks ir \u012fveik\u0119 knygoje pateikiamus atrankinius klausimus pateksite \u012f TV studij\u0105 ir i\u0161girsite jums skirtus klausimus i\u0161\u00a0<strong>Ar\u016bno Valinsko<\/strong>\u00a0ir\u00a0<strong>Andriaus Tapin<\/strong>o l\u016bp\u0173? Kas \u017eino, kam nusi\u0161ypsos Fort\u016bna?<\/p>\n<p>Skaitykite, \u017eaiskite ir tobul\u0117kite!<\/p>\n<p>Autorius: Ar\u016bnas Valinskas, Andrius Tapinas<br \/>\nLeid\u0117jas: Alma littera<br \/>\nMetai: 2015<br \/>\nPuslapiai: 216<br \/>\nISBN: 9786090119600<br \/>\nVersijos kodas: PT.<br \/>\nFormatas: 14 x 21 x 1,3 cm, mink\u0161ti vir\u0161eliai<br \/>\nKalba: Lietuvi\u0173<\/p>\n","protected":false},"excerpt":{"rendered":"<p>POPULIARAUS TV \u017dAIDIMO\u00a0\u201eAUKSINIS PROTAS\u201c\u00a0VED\u0116JAI\u00a0AR\u016aNAS VALINSKAS\u00a0IR\u00a0ANDRIUS TAPINAS\u00a0KVIE\u010cIA: Prapl\u0117sti akirat\u012f ir su\u017einoti nauj\u0173 dalyk\u0173 Smagiai praleisti vakar\u0117l\u012f su draugais Patekti \u012f TV \u017eaidim\u0105 \u201eAuksinis protas\u201c Pamatyti interaktyvius atsakymus su \u201eScripta\u201c program\u0117le Pirmame TV sezone sensacingo populiarumo sulauk\u0119s intelektinis \u017eaidimas\u00a0\u201eAuksinis protas\u201c\u00a0t\u0119sia kelion\u0119 ir knyg\u0173 puslapiais. Antrojoje knygoje v\u0117l naujos u\u017eduotys, sukurtos pagal TV \u017eaidimo format\u0105, klastingi klausimai ir netik\u0117ti atsakymai. Nustebinkite savo \u017einiomis \u0161eimos narius, draugus ar kolegas \u2013 su\u00a0\u201eAuksinio proto\u201c\u00a0pagalba. O galb\u016bt jums pasiseks ir \u012fveik\u0119 knygoje pateikiamus atrankinius klausimus pateksite \u012f TV studij\u0105 ir i\u0161girsite jums skirtus klausimus i\u0161\u00a0Ar\u016bno Valinsko\u00a0ir\u00a0Andriaus Tapino l\u016bp\u0173? Kas \u017eino, kam nusi\u0161ypsos Fort\u016bna? Skaitykite, \u017eaiskite ir tobul\u0117kite! Autorius: Ar\u016bnas Valinskas, Andrius Tapinas Leid\u0117jas: Alma littera Metai: 2015 Puslapiai: 216 ISBN: 9786090119600 Versijos kodas: PT. Formatas: 14 x 21 x 1,3 cm, mink\u0161ti vir\u0161eliai Kalba: Lietuvi\u0173<\/p>\n","protected":false},"featured_media":15949,"comment_status":"open","ping_status":"closed","template":"","meta":{"_acf_changed":false,"site-sidebar-layout":"default","site-content-layout":"","ast-site-content-layout":"default","site-content-style":"default","site-sidebar-style":"default","ast-global-header-display":"","ast-banner-title-visibility":"","ast-main-header-display":"","ast-hfb-above-header-display":"","ast-hfb-below-header-display":"","ast-hfb-mobile-header-display":"","site-post-title":"","ast-breadcrumbs-content":"","ast-featured-img":"","footer-sml-layout":"","ast-disable-related-posts":"","theme-transparent-header-meta":"default","adv-header-id-meta":"","stick-header-meta":"","header-above-stick-meta":"","header-main-stick-meta":"","header-below-stick-meta":"","astra-migrate-meta-layouts":"set","ast-page-background-enabled":"default","ast-page-background-meta":{"desktop":{"background-color":"","background-image":"","background-repeat":"repeat","background-position":"center center","background-size":"auto","background-attachment":"scroll","background-type":"","background-media":"","overlay-type":"","overlay-color":"","overlay-opacity":"","overlay-gradient":""},"tablet":{"background-color":"","background-image":"","background-repeat":"repeat","background-position":"center center","background-size":"auto","background-attachment":"scroll","background-type":"","background-media":"","overlay-type":"","overlay-color":"","overlay-opacity":"","overlay-gradient":""},"mobile":{"background-color":"","background-image":"","background-repeat":"repeat","background-position":"center center","background-size":"auto","background-attachment":"scroll","background-type":"","background-media":"","overlay-type":"","overlay-color":"","overlay-opacity":"","overlay-gradient":""}},"ast-content-background-meta":{"desktop":{"background-color":"var(--ast-global-color-4)","background-image":"","background-repeat":"repeat","background-position":"center center","background-size":"auto","background-attachment":"scroll","background-type":"","background-media":"","overlay-type":"","overlay-color":"","overlay-opacity":"","overlay-gradient":""},"tablet":{"background-color":"var(--ast-global-color-4)","background-image":"","background-repeat":"repeat","background-position":"center center","background-size":"auto","background-attachment":"scroll","background-type":"","background-media":"","overlay-type":"","overlay-color":"","overlay-opacity":"","overlay-gradient":""},"mobile":{"background-color":"var(--ast-global-color-4)","background-image":"","background-repeat":"repeat","background-position":"center center","background-size":"auto","background-attachment":"scroll","background-type":"","background-media":"","overlay-type":"","overlay-color":"","overlay-opacity":"","overlay-gradient":""}}},"product_brand":[],"product_cat":[15],"product_tag":[],"class_list":{"0":"post-15948","1":"product","2":"type-product","3":"status-publish","4":"has-post-thumbnail","6":"product_cat-uncategorized","7":"desktop-align-left","8":"tablet-align-left","9":"mobile-align-left","11":"first","12":"instock","13":"shipping-taxable","14":"purchasable","15":"product-type-simple"},"acf":[],"yoast_head":"<!-- This site is optimized with the Yoast SEO plugin v27.0 - https:\/\/yoast.com\/product\/yoast-seo-wordpress\/ -->\n<title>Auksinis protas. Antras sezonas<\/title>\n<meta name=\"description\" content=\"POPULIARAUS TV \u017dAIDIMO\u00a0\u201eAUKSINIS PROTAS\u201c\u00a0VED\u0116JAI\u00a0AR\u016aNAS VALINSKAS\u00a0IR\u00a0ANDRIUS TAPINAS\u00a0KVIE\u010cIA: Prapl\u0117sti akirat\u012f ir su\u017einoti nauj\u0173 dalyk\u0173 Smagiai praleisti\" \/>\n<meta name=\"robots\" content=\"index, follow, max-snippet:-1, max-image-preview:large, max-video-preview:-1\" \/>\n<link rel=\"canonical\" href=\"https:\/\/skaitytaknyga.lt\/en\/produktas\/auksinis-protas-2\/\" \/>\n<meta property=\"og:locale\" content=\"en_GB\" \/>\n<meta property=\"og:locale:alternate\" content=\"lt_LT\" \/>\n<meta property=\"og:type\" content=\"article\" \/>\n<meta property=\"og:title\" content=\"Auksinis protas. Antras sezonas\" \/>\n<meta property=\"og:description\" content=\"POPULIARAUS TV \u017dAIDIMO\u00a0\u201eAUKSINIS PROTAS\u201c\u00a0VED\u0116JAI\u00a0AR\u016aNAS VALINSKAS\u00a0IR\u00a0ANDRIUS TAPINAS\u00a0KVIE\u010cIA: Prapl\u0117sti akirat\u012f ir su\u017einoti nauj\u0173 dalyk\u0173 Smagiai praleisti\" \/>\n<meta property=\"og:url\" content=\"https:\/\/skaitytaknyga.lt\/en\/produktas\/auksinis-protas-2\/\" \/>\n<meta property=\"og:site_name\" content=\"Skaitytaknyga\" \/>\n<meta property=\"article:publisher\" content=\"https:\/\/www.facebook.com\/skaitytaknyga\/\" \/>\n<meta property=\"article:modified_time\" content=\"2025-01-24T14:02:53+00:00\" \/>\n<meta property=\"og:image\" content=\"https:\/\/skaitytaknyga.lt\/wp-content\/uploads\/2025\/01\/Auksinis-protas.-Antras-sezonas.webp\" \/>\n\t<meta property=\"og:image:width\" content=\"414\" \/>\n\t<meta property=\"og:image:height\" content=\"600\" \/>\n\t<meta property=\"og:image:type\" content=\"image\/webp\" \/>\n<meta name=\"twitter:card\" content=\"summary_large_image\" \/>\n<meta name=\"twitter:label1\" content=\"Estimated reading time\" \/>\n\t<meta name=\"twitter:data1\" content=\"1 minute\" \/>\n<script type=\"application\/ld+json\" class=\"yoast-schema-graph\">{\"@context\":\"https:\/\/schema.org\",\"@graph\":[{\"@type\":\"WebPage\",\"@id\":\"https:\/\/skaitytaknyga.lt\/produktas\/auksinis-protas-2\/\",\"url\":\"https:\/\/skaitytaknyga.lt\/produktas\/auksinis-protas-2\/\",\"name\":\"Auksinis protas. Antras sezonas\",\"isPartOf\":{\"@id\":\"https:\/\/skaitytaknyga.lt\/#website\"},\"primaryImageOfPage\":{\"@id\":\"https:\/\/skaitytaknyga.lt\/produktas\/auksinis-protas-2\/#primaryimage\"},\"image\":{\"@id\":\"https:\/\/skaitytaknyga.lt\/produktas\/auksinis-protas-2\/#primaryimage\"},\"thumbnailUrl\":\"https:\/\/skaitytaknyga.lt\/wp-content\/uploads\/2025\/01\/Auksinis-protas.-Antras-sezonas.webp\",\"datePublished\":\"2025-01-17T06:04:26+00:00\",\"dateModified\":\"2025-01-24T14:02:53+00:00\",\"description\":\"POPULIARAUS TV \u017dAIDIMO\u00a0\u201eAUKSINIS PROTAS\u201c\u00a0VED\u0116JAI\u00a0AR\u016aNAS VALINSKAS\u00a0IR\u00a0ANDRIUS TAPINAS\u00a0KVIE\u010cIA: Prapl\u0117sti akirat\u012f ir su\u017einoti nauj\u0173 dalyk\u0173 Smagiai praleisti\",\"breadcrumb\":{\"@id\":\"https:\/\/skaitytaknyga.lt\/produktas\/auksinis-protas-2\/#breadcrumb\"},\"inLanguage\":\"en-GB\",\"potentialAction\":[{\"@type\":\"ReadAction\",\"target\":[\"https:\/\/skaitytaknyga.lt\/produktas\/auksinis-protas-2\/\"]}]},{\"@type\":\"ImageObject\",\"inLanguage\":\"en-GB\",\"@id\":\"https:\/\/skaitytaknyga.lt\/produktas\/auksinis-protas-2\/#primaryimage\",\"url\":\"https:\/\/skaitytaknyga.lt\/wp-content\/uploads\/2025\/01\/Auksinis-protas.-Antras-sezonas.webp\",\"contentUrl\":\"https:\/\/skaitytaknyga.lt\/wp-content\/uploads\/2025\/01\/Auksinis-protas.-Antras-sezonas.webp\",\"width\":414,\"height\":600,\"caption\":\"Auksinis protas. Antras sezonas\"},{\"@type\":\"BreadcrumbList\",\"@id\":\"https:\/\/skaitytaknyga.lt\/produktas\/auksinis-protas-2\/#breadcrumb\",\"itemListElement\":[{\"@type\":\"ListItem\",\"position\":1,\"name\":\"Home\",\"item\":\"https:\/\/skaitytaknyga.lt\/\"},{\"@type\":\"ListItem\",\"position\":2,\"name\":\"Parduotuv\u0117\",\"item\":\"https:\/\/skaitytaknyga.lt\/knygu-parduotuve\/\"},{\"@type\":\"ListItem\",\"position\":3,\"name\":\"Auksinis protas. Antras sezonas\"}]},{\"@type\":\"WebSite\",\"@id\":\"https:\/\/skaitytaknyga.lt\/#website\",\"url\":\"https:\/\/skaitytaknyga.lt\/\",\"name\":\"skaitytaknyga.lt\",\"description\":\"Skaitytaknyga.lt \u2013 tai ma\u017eas \u0161eimos verslas, kuris prasid\u0117jo nuo meil\u0117s knygoms ir siekio i\u0161gelb\u0117ti knygas nuo likimo prie konteinerio. Kas vienam nereikalingas daiktas \u2013 kitam lobis, o mes esame tarpininkai, kurie padeda abiems tapti laimingesniems ???? \u017dinome kaip nelengva i\u0161gyventi ma\u017eiems verslams, tad nuo \u0161iol, \u010dia rasite ir kit\u0173, ma\u017e\u0173 \u0161eim\u0173 versl\u0173, rank\u0173 darbo, dovan\u0173 sau ir artimiesiems.\",\"publisher\":{\"@id\":\"https:\/\/skaitytaknyga.lt\/#organization\"},\"potentialAction\":[{\"@type\":\"SearchAction\",\"target\":{\"@type\":\"EntryPoint\",\"urlTemplate\":\"https:\/\/skaitytaknyga.lt\/?s={search_term_string}\"},\"query-input\":{\"@type\":\"PropertyValueSpecification\",\"valueRequired\":true,\"valueName\":\"search_term_string\"}}],\"inLanguage\":\"en-GB\"},{\"@type\":\"Organization\",\"@id\":\"https:\/\/skaitytaknyga.lt\/#organization\",\"name\":\"skaitytaknyga.lt\",\"url\":\"https:\/\/skaitytaknyga.lt\/\",\"logo\":{\"@type\":\"ImageObject\",\"inLanguage\":\"en-GB\",\"@id\":\"https:\/\/skaitytaknyga.lt\/#\/schema\/logo\/image\/\",\"url\":\"https:\/\/skaitytaknyga.lt\/wp-content\/uploads\/2024\/05\/cropped-cropped-cropped-02_00843_jt3bggkj1j3HLc7SyY6rEUpg.jpeg\",\"contentUrl\":\"https:\/\/skaitytaknyga.lt\/wp-content\/uploads\/2024\/05\/cropped-cropped-cropped-02_00843_jt3bggkj1j3HLc7SyY6rEUpg.jpeg\",\"width\":1600,\"height\":1600,\"caption\":\"skaitytaknyga.lt\"},\"image\":{\"@id\":\"https:\/\/skaitytaknyga.lt\/#\/schema\/logo\/image\/\"},\"sameAs\":[\"https:\/\/www.facebook.com\/skaitytaknyga\/\"]}]}<\/script>\n<!-- \/ Yoast SEO plugin. -->","yoast_head_json":{"title":"Auksinis protas. Antras sezonas","description":"POPULIARAUS TV \u017dAIDIMO\u00a0\u201eAUKSINIS PROTAS\u201c\u00a0VED\u0116JAI\u00a0AR\u016aNAS VALINSKAS\u00a0IR\u00a0ANDRIUS TAPINAS\u00a0KVIE\u010cIA: Prapl\u0117sti akirat\u012f ir su\u017einoti nauj\u0173 dalyk\u0173 Smagiai praleisti","robots":{"index":"index","follow":"follow","max-snippet":"max-snippet:-1","max-image-preview":"max-image-preview:large","max-video-preview":"max-video-preview:-1"},"canonical":"https:\/\/skaitytaknyga.lt\/en\/produktas\/auksinis-protas-2\/","og_locale":"en_GB","og_type":"article","og_title":"[:en]Auksinis protas. Antras sezonas[:lt]Auksinis protas. Antras sezonas[:] - Skaitytaknyga","og_description":"POPULIARAUS TV \u017dAIDIMO\u00a0\u201eAUKSINIS PROTAS\u201c\u00a0VED\u0116JAI\u00a0AR\u016aNAS VALINSKAS\u00a0IR\u00a0ANDRIUS TAPINAS\u00a0KVIE\u010cIA: Prapl\u0117sti akirat\u012f ir su\u017einoti nauj\u0173 dalyk\u0173 Smagiai praleisti","og_url":"https:\/\/skaitytaknyga.lt\/en\/produktas\/auksinis-protas-2\/","og_site_name":"Skaitytaknyga","article_publisher":"https:\/\/www.facebook.com\/skaitytaknyga\/","article_modified_time":"2025-01-24T14:02:53+00:00","og_image":[{"width":414,"height":600,"url":"https:\/\/skaitytaknyga.lt\/wp-content\/uploads\/2025\/01\/Auksinis-protas.-Antras-sezonas.webp","type":"image\/webp"}],"twitter_card":"summary_large_image","twitter_misc":{"Estimated reading time":"1 minute"},"schema":{"@context":"https:\/\/schema.org","@graph":[{"@type":"WebPage","@id":"https:\/\/skaitytaknyga.lt\/produktas\/auksinis-protas-2\/","url":"https:\/\/skaitytaknyga.lt\/produktas\/auksinis-protas-2\/","name":"Auksinis protas. Antras sezonas","isPartOf":{"@id":"https:\/\/skaitytaknyga.lt\/#website"},"primaryImageOfPage":{"@id":"https:\/\/skaitytaknyga.lt\/produktas\/auksinis-protas-2\/#primaryimage"},"image":{"@id":"https:\/\/skaitytaknyga.lt\/produktas\/auksinis-protas-2\/#primaryimage"},"thumbnailUrl":"https:\/\/skaitytaknyga.lt\/wp-content\/uploads\/2025\/01\/Auksinis-protas.-Antras-sezonas.webp","datePublished":"2025-01-17T06:04:26+00:00","dateModified":"2025-01-24T14:02:53+00:00","description":"POPULIARAUS TV \u017dAIDIMO\u00a0\u201eAUKSINIS PROTAS\u201c\u00a0VED\u0116JAI\u00a0AR\u016aNAS VALINSKAS\u00a0IR\u00a0ANDRIUS TAPINAS\u00a0KVIE\u010cIA: Prapl\u0117sti akirat\u012f ir su\u017einoti nauj\u0173 dalyk\u0173 Smagiai praleisti","breadcrumb":{"@id":"https:\/\/skaitytaknyga.lt\/produktas\/auksinis-protas-2\/#breadcrumb"},"inLanguage":"en-GB","potentialAction":[{"@type":"ReadAction","target":["https:\/\/skaitytaknyga.lt\/produktas\/auksinis-protas-2\/"]}]},{"@type":"ImageObject","inLanguage":"en-GB","@id":"https:\/\/skaitytaknyga.lt\/produktas\/auksinis-protas-2\/#primaryimage","url":"https:\/\/skaitytaknyga.lt\/wp-content\/uploads\/2025\/01\/Auksinis-protas.-Antras-sezonas.webp","contentUrl":"https:\/\/skaitytaknyga.lt\/wp-content\/uploads\/2025\/01\/Auksinis-protas.-Antras-sezonas.webp","width":414,"height":600,"caption":"Auksinis protas. Antras sezonas"},{"@type":"BreadcrumbList","@id":"https:\/\/skaitytaknyga.lt\/produktas\/auksinis-protas-2\/#breadcrumb","itemListElement":[{"@type":"ListItem","position":1,"name":"Home","item":"https:\/\/skaitytaknyga.lt\/"},{"@type":"ListItem","position":2,"name":"Parduotuv\u0117","item":"https:\/\/skaitytaknyga.lt\/knygu-parduotuve\/"},{"@type":"ListItem","position":3,"name":"Auksinis protas. Antras sezonas"}]},{"@type":"WebSite","@id":"https:\/\/skaitytaknyga.lt\/#website","url":"https:\/\/skaitytaknyga.lt\/","name":"skaitytaknyga.lt","description":"Skaitytaknyga.lt \u2013 tai ma\u017eas \u0161eimos verslas, kuris prasid\u0117jo nuo meil\u0117s knygoms ir siekio i\u0161gelb\u0117ti knygas nuo likimo prie konteinerio. Kas vienam nereikalingas daiktas \u2013 kitam lobis, o mes esame tarpininkai, kurie padeda abiems tapti laimingesniems ???? \u017dinome kaip nelengva i\u0161gyventi ma\u017eiems verslams, tad nuo \u0161iol, \u010dia rasite ir kit\u0173, ma\u017e\u0173 \u0161eim\u0173 versl\u0173, rank\u0173 darbo, dovan\u0173 sau ir artimiesiems.","publisher":{"@id":"https:\/\/skaitytaknyga.lt\/#organization"},"potentialAction":[{"@type":"SearchAction","target":{"@type":"EntryPoint","urlTemplate":"https:\/\/skaitytaknyga.lt\/?s={search_term_string}"},"query-input":{"@type":"PropertyValueSpecification","valueRequired":true,"valueName":"search_term_string"}}],"inLanguage":"en-GB"},{"@type":"Organization","@id":"https:\/\/skaitytaknyga.lt\/#organization","name":"skaitytaknyga.lt","url":"https:\/\/skaitytaknyga.lt\/","logo":{"@type":"ImageObject","inLanguage":"en-GB","@id":"https:\/\/skaitytaknyga.lt\/#\/schema\/logo\/image\/","url":"https:\/\/skaitytaknyga.lt\/wp-content\/uploads\/2024\/05\/cropped-cropped-cropped-02_00843_jt3bggkj1j3HLc7SyY6rEUpg.jpeg","contentUrl":"https:\/\/skaitytaknyga.lt\/wp-content\/uploads\/2024\/05\/cropped-cropped-cropped-02_00843_jt3bggkj1j3HLc7SyY6rEUpg.jpeg","width":1600,"height":1600,"caption":"skaitytaknyga.lt"},"image":{"@id":"https:\/\/skaitytaknyga.lt\/#\/schema\/logo\/image\/"},"sameAs":["https:\/\/www.facebook.com\/skaitytaknyga\/"]}]}},"_links":{"self":[{"href":"https:\/\/skaitytaknyga.lt\/en\/wp-json\/wp\/v2\/product\/15948","targetHints":{"allow":["GET"]}}],"collection":[{"href":"https:\/\/skaitytaknyga.lt\/en\/wp-json\/wp\/v2\/product"}],"about":[{"href":"https:\/\/skaitytaknyga.lt\/en\/wp-json\/wp\/v2\/types\/product"}],"replies":[{"embeddable":true,"href":"https:\/\/skaitytaknyga.lt\/en\/wp-json\/wp\/v2\/comments?post=15948"}],"wp:featuredmedia":[{"embeddable":true,"href":"https:\/\/skaitytaknyga.lt\/en\/wp-json\/wp\/v2\/media\/15949"}],"wp:attachment":[{"href":"https:\/\/skaitytaknyga.lt\/en\/wp-json\/wp\/v2\/media?parent=15948"}],"wp:term":[{"taxonomy":"product_brand","embeddable":true,"href":"https:\/\/skaitytaknyga.lt\/en\/wp-json\/wp\/v2\/product_brand?post=15948"},{"taxonomy":"product_cat","embeddable":true,"href":"https:\/\/skaitytaknyga.lt\/en\/wp-json\/wp\/v2\/product_cat?post=15948"},{"taxonomy":"product_tag","embeddable":true,"href":"https:\/\/skaitytaknyga.lt\/en\/wp-json\/wp\/v2\/product_tag?post=15948"}],"curies":[{"name":"wp","href":"https:\/\/api.w.org\/{rel}","templated":true}]}}