{"id":15946,"date":"2025-01-17T08:04:16","date_gmt":"2025-01-17T06:04:16","guid":{"rendered":"https:\/\/skaitytaknyga.lt\/en\/?post_type=product&#038;p=15946"},"modified":"2025-04-09T22:04:57","modified_gmt":"2025-04-09T19:04:57","slug":"auksinis-protas","status":"publish","type":"product","link":"https:\/\/skaitytaknyga.lt\/en\/produktas\/auksinis-protas\/","title":{"rendered":"Auksinis protas"},"content":{"rendered":"<p>POPULIARAUS TV \u017dAIDIMO<strong>\u00a0\u201eAUKSINIS PROTAS\u201c<\/strong>\u00a0VED\u0116JAI\u00a0<strong>AR\u016aNAS VALINSKAS<\/strong>\u00a0IR<strong>\u00a0ANDRIUS TAPINAS<\/strong>\u00a0KVIE\u010cIA:<\/p>\n<ul>\n<li>Prapl\u0117sti akirat\u012f ir su\u017einoti nauj\u0173 dalyk\u0173<\/li>\n<li>Smagiai praleisti vakar\u0117l\u012f su draugais<\/li>\n<li>Patekti \u012f TV \u017eaidim\u0105 \u201eAuksinis protas\u201c<\/li>\n<li>Pamatyti interaktyvius atsakymus su \u201eScripta\u201c program\u0117le<\/li>\n<\/ul>\n<p>Visa tai j\u016bs\u0173 laukia pirmojoje\u00a0<strong>\u201eAuksinio proto\u201c<\/strong>\u00a0knygoje. Pagal TV \u017eaidimo format\u0105 sukurti u\u017eduo\u010di\u0173 rinkiniai leis i\u0161bandyti savo proto j\u0117gas ir vienam \u017emogui, ir taps puikia tema vakar\u0117liui, gimimo dienai ar kitai \u0161ventei.<\/p>\n<p>Interaktyvus \u201eQR\u201c kodas knygoje jus nuves \u012f tik knygos skaitytojams pasiekiam\u0105 interneto puslap\u012f, kuriame rasite atrankin\u012f klausim\u0105 ir teisingai atsak\u0119 tur\u0117site prog\u0105 patekti \u012f televizijos \u017eaidim\u0105 \u201eAuksinis protas\u201c.<\/p>\n<p>Specialiu \u017eenklu pa\u017eym\u0117tuose atsakym\u0173 puslapiuose rasite interaktyv\u0173 turin\u012f: vaizdo klipus, garsus, vaizdus ir \u012fdomias nuorodas. Pajuskite tai, ko negali perduoti \u017eod\u017eiai!<\/p>\n<p>Kvie\u010diame \u012f erudicijos ir logikos kelion\u0119 kartu su Andriumi Tapinu ir Ar\u016bnu Valinsku!<\/p>\n<ul class=\"about-product d-none d-xl-block mt-4\">\n<li><strong>Autorius:<\/strong>\u00a0Ar\u016bnas Valinskas,\u00a0Andrius Tapinas<\/li>\n<li><strong>Leid\u0117jas:<\/strong>\u00a0Alma littera<\/li>\n<li><strong>Metai:<\/strong>\u00a02014<\/li>\n<li><strong>Puslapiai:<\/strong>\u00a0216<\/li>\n<li class=\"toggleable type-new-formats \"><strong>ISBN:<\/strong>\u00a09786090116326<\/li>\n<li><strong>Versijos kodas:<\/strong>\u00a0PT.<\/li>\n<li class=\"toggleable type-new-formats \"><strong>Formatas:<\/strong>\u00a014 x 24 cm, mink\u0161ti vir\u0161eliai<\/li>\n<li><strong>Kalba:<\/strong>\u00a0Lietuvi\u0173<\/li>\n<\/ul>\n","protected":false},"excerpt":{"rendered":"<p>POPULIARAUS TV \u017dAIDIMO\u00a0\u201eAUKSINIS PROTAS\u201c\u00a0VED\u0116JAI\u00a0AR\u016aNAS VALINSKAS\u00a0IR\u00a0ANDRIUS TAPINAS\u00a0KVIE\u010cIA: Prapl\u0117sti akirat\u012f ir su\u017einoti nauj\u0173 dalyk\u0173 Smagiai praleisti vakar\u0117l\u012f su draugais Patekti \u012f TV \u017eaidim\u0105 \u201eAuksinis protas\u201c Pamatyti interaktyvius atsakymus su \u201eScripta\u201c program\u0117le Visa tai j\u016bs\u0173 laukia pirmojoje\u00a0\u201eAuksinio proto\u201c\u00a0knygoje. Pagal TV \u017eaidimo format\u0105 sukurti u\u017eduo\u010di\u0173 rinkiniai leis i\u0161bandyti savo proto j\u0117gas ir vienam \u017emogui, ir taps puikia tema vakar\u0117liui, gimimo dienai ar kitai \u0161ventei. Interaktyvus \u201eQR\u201c kodas knygoje jus nuves \u012f tik knygos skaitytojams pasiekiam\u0105 interneto puslap\u012f, kuriame rasite atrankin\u012f klausim\u0105 ir teisingai atsak\u0119 tur\u0117site prog\u0105 patekti \u012f televizijos \u017eaidim\u0105 \u201eAuksinis protas\u201c. Specialiu \u017eenklu pa\u017eym\u0117tuose atsakym\u0173 puslapiuose rasite interaktyv\u0173 turin\u012f: vaizdo klipus, garsus, vaizdus ir \u012fdomias nuorodas. Pajuskite tai, ko negali perduoti \u017eod\u017eiai! Kvie\u010diame \u012f erudicijos ir logikos kelion\u0119 kartu su Andriumi Tapinu ir Ar\u016bnu Valinsku! Autorius:\u00a0Ar\u016bnas Valinskas,\u00a0Andrius Tapinas Leid\u0117jas:\u00a0Alma littera Metai:\u00a02014 Puslapiai:\u00a0216 ISBN:\u00a09786090116326 Versijos kodas:\u00a0PT. Formatas:\u00a014 x 24 cm, mink\u0161ti vir\u0161eliai Kalba:\u00a0Lietuvi\u0173<\/p>\n","protected":false},"featured_media":15947,"comment_status":"open","ping_status":"closed","template":"","meta":{"_acf_changed":false,"site-sidebar-layout":"default","site-content-layout":"","ast-site-content-layout":"default","site-content-style":"default","site-sidebar-style":"default","ast-global-header-display":"","ast-banner-title-visibility":"","ast-main-header-display":"","ast-hfb-above-header-display":"","ast-hfb-below-header-display":"","ast-hfb-mobile-header-display":"","site-post-title":"","ast-breadcrumbs-content":"","ast-featured-img":"","footer-sml-layout":"","ast-disable-related-posts":"","theme-transparent-header-meta":"default","adv-header-id-meta":"","stick-header-meta":"","header-above-stick-meta":"","header-main-stick-meta":"","header-below-stick-meta":"","astra-migrate-meta-layouts":"set","ast-page-background-enabled":"default","ast-page-background-meta":{"desktop":{"background-color":"","background-image":"","background-repeat":"repeat","background-position":"center center","background-size":"auto","background-attachment":"scroll","background-type":"","background-media":"","overlay-type":"","overlay-color":"","overlay-opacity":"","overlay-gradient":""},"tablet":{"background-color":"","background-image":"","background-repeat":"repeat","background-position":"center center","background-size":"auto","background-attachment":"scroll","background-type":"","background-media":"","overlay-type":"","overlay-color":"","overlay-opacity":"","overlay-gradient":""},"mobile":{"background-color":"","background-image":"","background-repeat":"repeat","background-position":"center center","background-size":"auto","background-attachment":"scroll","background-type":"","background-media":"","overlay-type":"","overlay-color":"","overlay-opacity":"","overlay-gradient":""}},"ast-content-background-meta":{"desktop":{"background-color":"var(--ast-global-color-4)","background-image":"","background-repeat":"repeat","background-position":"center center","background-size":"auto","background-attachment":"scroll","background-type":"","background-media":"","overlay-type":"","overlay-color":"","overlay-opacity":"","overlay-gradient":""},"tablet":{"background-color":"var(--ast-global-color-4)","background-image":"","background-repeat":"repeat","background-position":"center center","background-size":"auto","background-attachment":"scroll","background-type":"","background-media":"","overlay-type":"","overlay-color":"","overlay-opacity":"","overlay-gradient":""},"mobile":{"background-color":"var(--ast-global-color-4)","background-image":"","background-repeat":"repeat","background-position":"center center","background-size":"auto","background-attachment":"scroll","background-type":"","background-media":"","overlay-type":"","overlay-color":"","overlay-opacity":"","overlay-gradient":""}}},"product_brand":[],"product_cat":[15],"product_tag":[],"class_list":{"0":"post-15946","1":"product","2":"type-product","3":"status-publish","4":"has-post-thumbnail","6":"product_cat-uncategorized","7":"desktop-align-left","8":"tablet-align-left","9":"mobile-align-left","11":"first","12":"instock","13":"shipping-taxable","14":"purchasable","15":"product-type-simple"},"acf":[],"yoast_head":"<!-- This site is optimized with the Yoast SEO plugin v27.0 - https:\/\/yoast.com\/product\/yoast-seo-wordpress\/ -->\n<title>Auksinis protas<\/title>\n<meta name=\"description\" content=\"POPULIARAUS TV \u017dAIDIMO\u00a0\u201eAUKSINIS PROTAS\u201c\u00a0VED\u0116JAI\u00a0AR\u016aNAS VALINSKAS\u00a0IR\u00a0ANDRIUS TAPINAS\u00a0KVIE\u010cIA: Prapl\u0117sti akirat\u012f ir su\u017einoti nauj\u0173 dalyk\u0173 Smagiai praleisti\" \/>\n<meta name=\"robots\" content=\"index, follow, max-snippet:-1, max-image-preview:large, max-video-preview:-1\" \/>\n<link rel=\"canonical\" href=\"https:\/\/skaitytaknyga.lt\/en\/produktas\/auksinis-protas\/\" \/>\n<meta property=\"og:locale\" content=\"en_GB\" \/>\n<meta property=\"og:locale:alternate\" content=\"lt_LT\" \/>\n<meta property=\"og:type\" content=\"article\" \/>\n<meta property=\"og:title\" content=\"Auksinis protas\" \/>\n<meta property=\"og:description\" content=\"POPULIARAUS TV \u017dAIDIMO\u00a0\u201eAUKSINIS PROTAS\u201c\u00a0VED\u0116JAI\u00a0AR\u016aNAS VALINSKAS\u00a0IR\u00a0ANDRIUS TAPINAS\u00a0KVIE\u010cIA: Prapl\u0117sti akirat\u012f ir su\u017einoti nauj\u0173 dalyk\u0173 Smagiai praleisti\" \/>\n<meta property=\"og:url\" content=\"https:\/\/skaitytaknyga.lt\/en\/produktas\/auksinis-protas\/\" \/>\n<meta property=\"og:site_name\" content=\"Skaitytaknyga\" \/>\n<meta property=\"article:publisher\" content=\"https:\/\/www.facebook.com\/skaitytaknyga\/\" \/>\n<meta property=\"article:modified_time\" content=\"2025-04-09T19:04:57+00:00\" \/>\n<meta property=\"og:image\" content=\"https:\/\/skaitytaknyga.lt\/wp-content\/uploads\/2025\/01\/Auksinis-protas.webp\" \/>\n\t<meta property=\"og:image:width\" content=\"425\" \/>\n\t<meta property=\"og:image:height\" content=\"600\" \/>\n\t<meta property=\"og:image:type\" content=\"image\/webp\" \/>\n<meta name=\"twitter:card\" content=\"summary_large_image\" \/>\n<meta name=\"twitter:label1\" content=\"Estimated reading time\" \/>\n\t<meta name=\"twitter:data1\" content=\"2 minutes\" \/>\n<script type=\"application\/ld+json\" class=\"yoast-schema-graph\">{\"@context\":\"https:\/\/schema.org\",\"@graph\":[{\"@type\":\"WebPage\",\"@id\":\"https:\/\/skaitytaknyga.lt\/produktas\/auksinis-protas\/\",\"url\":\"https:\/\/skaitytaknyga.lt\/produktas\/auksinis-protas\/\",\"name\":\"Auksinis protas\",\"isPartOf\":{\"@id\":\"https:\/\/skaitytaknyga.lt\/#website\"},\"primaryImageOfPage\":{\"@id\":\"https:\/\/skaitytaknyga.lt\/produktas\/auksinis-protas\/#primaryimage\"},\"image\":{\"@id\":\"https:\/\/skaitytaknyga.lt\/produktas\/auksinis-protas\/#primaryimage\"},\"thumbnailUrl\":\"https:\/\/skaitytaknyga.lt\/wp-content\/uploads\/2025\/01\/Auksinis-protas.webp\",\"datePublished\":\"2025-01-17T06:04:16+00:00\",\"dateModified\":\"2025-04-09T19:04:57+00:00\",\"description\":\"POPULIARAUS TV \u017dAIDIMO\u00a0\u201eAUKSINIS PROTAS\u201c\u00a0VED\u0116JAI\u00a0AR\u016aNAS VALINSKAS\u00a0IR\u00a0ANDRIUS TAPINAS\u00a0KVIE\u010cIA: Prapl\u0117sti akirat\u012f ir su\u017einoti nauj\u0173 dalyk\u0173 Smagiai praleisti\",\"breadcrumb\":{\"@id\":\"https:\/\/skaitytaknyga.lt\/produktas\/auksinis-protas\/#breadcrumb\"},\"inLanguage\":\"en-GB\",\"potentialAction\":[{\"@type\":\"ReadAction\",\"target\":[\"https:\/\/skaitytaknyga.lt\/produktas\/auksinis-protas\/\"]}]},{\"@type\":\"ImageObject\",\"inLanguage\":\"en-GB\",\"@id\":\"https:\/\/skaitytaknyga.lt\/produktas\/auksinis-protas\/#primaryimage\",\"url\":\"https:\/\/skaitytaknyga.lt\/wp-content\/uploads\/2025\/01\/Auksinis-protas.webp\",\"contentUrl\":\"https:\/\/skaitytaknyga.lt\/wp-content\/uploads\/2025\/01\/Auksinis-protas.webp\",\"width\":425,\"height\":600,\"caption\":\"Auksinis protas\"},{\"@type\":\"BreadcrumbList\",\"@id\":\"https:\/\/skaitytaknyga.lt\/produktas\/auksinis-protas\/#breadcrumb\",\"itemListElement\":[{\"@type\":\"ListItem\",\"position\":1,\"name\":\"Home\",\"item\":\"https:\/\/skaitytaknyga.lt\/\"},{\"@type\":\"ListItem\",\"position\":2,\"name\":\"Parduotuv\u0117\",\"item\":\"https:\/\/skaitytaknyga.lt\/knygu-parduotuve\/\"},{\"@type\":\"ListItem\",\"position\":3,\"name\":\"Auksinis protas\"}]},{\"@type\":\"WebSite\",\"@id\":\"https:\/\/skaitytaknyga.lt\/#website\",\"url\":\"https:\/\/skaitytaknyga.lt\/\",\"name\":\"skaitytaknyga.lt\",\"description\":\"Skaitytaknyga.lt \u2013 tai ma\u017eas \u0161eimos verslas, kuris prasid\u0117jo nuo meil\u0117s knygoms ir siekio i\u0161gelb\u0117ti knygas nuo likimo prie konteinerio. Kas vienam nereikalingas daiktas \u2013 kitam lobis, o mes esame tarpininkai, kurie padeda abiems tapti laimingesniems ???? \u017dinome kaip nelengva i\u0161gyventi ma\u017eiems verslams, tad nuo \u0161iol, \u010dia rasite ir kit\u0173, ma\u017e\u0173 \u0161eim\u0173 versl\u0173, rank\u0173 darbo, dovan\u0173 sau ir artimiesiems.\",\"publisher\":{\"@id\":\"https:\/\/skaitytaknyga.lt\/#organization\"},\"potentialAction\":[{\"@type\":\"SearchAction\",\"target\":{\"@type\":\"EntryPoint\",\"urlTemplate\":\"https:\/\/skaitytaknyga.lt\/?s={search_term_string}\"},\"query-input\":{\"@type\":\"PropertyValueSpecification\",\"valueRequired\":true,\"valueName\":\"search_term_string\"}}],\"inLanguage\":\"en-GB\"},{\"@type\":\"Organization\",\"@id\":\"https:\/\/skaitytaknyga.lt\/#organization\",\"name\":\"skaitytaknyga.lt\",\"url\":\"https:\/\/skaitytaknyga.lt\/\",\"logo\":{\"@type\":\"ImageObject\",\"inLanguage\":\"en-GB\",\"@id\":\"https:\/\/skaitytaknyga.lt\/#\/schema\/logo\/image\/\",\"url\":\"https:\/\/skaitytaknyga.lt\/wp-content\/uploads\/2024\/05\/cropped-cropped-cropped-02_00843_jt3bggkj1j3HLc7SyY6rEUpg.jpeg\",\"contentUrl\":\"https:\/\/skaitytaknyga.lt\/wp-content\/uploads\/2024\/05\/cropped-cropped-cropped-02_00843_jt3bggkj1j3HLc7SyY6rEUpg.jpeg\",\"width\":1600,\"height\":1600,\"caption\":\"skaitytaknyga.lt\"},\"image\":{\"@id\":\"https:\/\/skaitytaknyga.lt\/#\/schema\/logo\/image\/\"},\"sameAs\":[\"https:\/\/www.facebook.com\/skaitytaknyga\/\"]}]}<\/script>\n<!-- \/ Yoast SEO plugin. -->","yoast_head_json":{"title":"Auksinis protas","description":"POPULIARAUS TV \u017dAIDIMO\u00a0\u201eAUKSINIS PROTAS\u201c\u00a0VED\u0116JAI\u00a0AR\u016aNAS VALINSKAS\u00a0IR\u00a0ANDRIUS TAPINAS\u00a0KVIE\u010cIA: Prapl\u0117sti akirat\u012f ir su\u017einoti nauj\u0173 dalyk\u0173 Smagiai praleisti","robots":{"index":"index","follow":"follow","max-snippet":"max-snippet:-1","max-image-preview":"max-image-preview:large","max-video-preview":"max-video-preview:-1"},"canonical":"https:\/\/skaitytaknyga.lt\/en\/produktas\/auksinis-protas\/","og_locale":"en_GB","og_type":"article","og_title":"[:lt]Auksinis protas[:] - Skaitytaknyga","og_description":"POPULIARAUS TV \u017dAIDIMO\u00a0\u201eAUKSINIS PROTAS\u201c\u00a0VED\u0116JAI\u00a0AR\u016aNAS VALINSKAS\u00a0IR\u00a0ANDRIUS TAPINAS\u00a0KVIE\u010cIA: Prapl\u0117sti akirat\u012f ir su\u017einoti nauj\u0173 dalyk\u0173 Smagiai praleisti","og_url":"https:\/\/skaitytaknyga.lt\/en\/produktas\/auksinis-protas\/","og_site_name":"Skaitytaknyga","article_publisher":"https:\/\/www.facebook.com\/skaitytaknyga\/","article_modified_time":"2025-04-09T19:04:57+00:00","og_image":[{"width":425,"height":600,"url":"https:\/\/skaitytaknyga.lt\/wp-content\/uploads\/2025\/01\/Auksinis-protas.webp","type":"image\/webp"}],"twitter_card":"summary_large_image","twitter_misc":{"Estimated reading time":"2 minutes"},"schema":{"@context":"https:\/\/schema.org","@graph":[{"@type":"WebPage","@id":"https:\/\/skaitytaknyga.lt\/produktas\/auksinis-protas\/","url":"https:\/\/skaitytaknyga.lt\/produktas\/auksinis-protas\/","name":"Auksinis protas","isPartOf":{"@id":"https:\/\/skaitytaknyga.lt\/#website"},"primaryImageOfPage":{"@id":"https:\/\/skaitytaknyga.lt\/produktas\/auksinis-protas\/#primaryimage"},"image":{"@id":"https:\/\/skaitytaknyga.lt\/produktas\/auksinis-protas\/#primaryimage"},"thumbnailUrl":"https:\/\/skaitytaknyga.lt\/wp-content\/uploads\/2025\/01\/Auksinis-protas.webp","datePublished":"2025-01-17T06:04:16+00:00","dateModified":"2025-04-09T19:04:57+00:00","description":"POPULIARAUS TV \u017dAIDIMO\u00a0\u201eAUKSINIS PROTAS\u201c\u00a0VED\u0116JAI\u00a0AR\u016aNAS VALINSKAS\u00a0IR\u00a0ANDRIUS TAPINAS\u00a0KVIE\u010cIA: Prapl\u0117sti akirat\u012f ir su\u017einoti nauj\u0173 dalyk\u0173 Smagiai praleisti","breadcrumb":{"@id":"https:\/\/skaitytaknyga.lt\/produktas\/auksinis-protas\/#breadcrumb"},"inLanguage":"en-GB","potentialAction":[{"@type":"ReadAction","target":["https:\/\/skaitytaknyga.lt\/produktas\/auksinis-protas\/"]}]},{"@type":"ImageObject","inLanguage":"en-GB","@id":"https:\/\/skaitytaknyga.lt\/produktas\/auksinis-protas\/#primaryimage","url":"https:\/\/skaitytaknyga.lt\/wp-content\/uploads\/2025\/01\/Auksinis-protas.webp","contentUrl":"https:\/\/skaitytaknyga.lt\/wp-content\/uploads\/2025\/01\/Auksinis-protas.webp","width":425,"height":600,"caption":"Auksinis protas"},{"@type":"BreadcrumbList","@id":"https:\/\/skaitytaknyga.lt\/produktas\/auksinis-protas\/#breadcrumb","itemListElement":[{"@type":"ListItem","position":1,"name":"Home","item":"https:\/\/skaitytaknyga.lt\/"},{"@type":"ListItem","position":2,"name":"Parduotuv\u0117","item":"https:\/\/skaitytaknyga.lt\/knygu-parduotuve\/"},{"@type":"ListItem","position":3,"name":"Auksinis protas"}]},{"@type":"WebSite","@id":"https:\/\/skaitytaknyga.lt\/#website","url":"https:\/\/skaitytaknyga.lt\/","name":"skaitytaknyga.lt","description":"Skaitytaknyga.lt \u2013 tai ma\u017eas \u0161eimos verslas, kuris prasid\u0117jo nuo meil\u0117s knygoms ir siekio i\u0161gelb\u0117ti knygas nuo likimo prie konteinerio. Kas vienam nereikalingas daiktas \u2013 kitam lobis, o mes esame tarpininkai, kurie padeda abiems tapti laimingesniems ???? \u017dinome kaip nelengva i\u0161gyventi ma\u017eiems verslams, tad nuo \u0161iol, \u010dia rasite ir kit\u0173, ma\u017e\u0173 \u0161eim\u0173 versl\u0173, rank\u0173 darbo, dovan\u0173 sau ir artimiesiems.","publisher":{"@id":"https:\/\/skaitytaknyga.lt\/#organization"},"potentialAction":[{"@type":"SearchAction","target":{"@type":"EntryPoint","urlTemplate":"https:\/\/skaitytaknyga.lt\/?s={search_term_string}"},"query-input":{"@type":"PropertyValueSpecification","valueRequired":true,"valueName":"search_term_string"}}],"inLanguage":"en-GB"},{"@type":"Organization","@id":"https:\/\/skaitytaknyga.lt\/#organization","name":"skaitytaknyga.lt","url":"https:\/\/skaitytaknyga.lt\/","logo":{"@type":"ImageObject","inLanguage":"en-GB","@id":"https:\/\/skaitytaknyga.lt\/#\/schema\/logo\/image\/","url":"https:\/\/skaitytaknyga.lt\/wp-content\/uploads\/2024\/05\/cropped-cropped-cropped-02_00843_jt3bggkj1j3HLc7SyY6rEUpg.jpeg","contentUrl":"https:\/\/skaitytaknyga.lt\/wp-content\/uploads\/2024\/05\/cropped-cropped-cropped-02_00843_jt3bggkj1j3HLc7SyY6rEUpg.jpeg","width":1600,"height":1600,"caption":"skaitytaknyga.lt"},"image":{"@id":"https:\/\/skaitytaknyga.lt\/#\/schema\/logo\/image\/"},"sameAs":["https:\/\/www.facebook.com\/skaitytaknyga\/"]}]}},"_links":{"self":[{"href":"https:\/\/skaitytaknyga.lt\/en\/wp-json\/wp\/v2\/product\/15946","targetHints":{"allow":["GET"]}}],"collection":[{"href":"https:\/\/skaitytaknyga.lt\/en\/wp-json\/wp\/v2\/product"}],"about":[{"href":"https:\/\/skaitytaknyga.lt\/en\/wp-json\/wp\/v2\/types\/product"}],"replies":[{"embeddable":true,"href":"https:\/\/skaitytaknyga.lt\/en\/wp-json\/wp\/v2\/comments?post=15946"}],"wp:featuredmedia":[{"embeddable":true,"href":"https:\/\/skaitytaknyga.lt\/en\/wp-json\/wp\/v2\/media\/15947"}],"wp:attachment":[{"href":"https:\/\/skaitytaknyga.lt\/en\/wp-json\/wp\/v2\/media?parent=15946"}],"wp:term":[{"taxonomy":"product_brand","embeddable":true,"href":"https:\/\/skaitytaknyga.lt\/en\/wp-json\/wp\/v2\/product_brand?post=15946"},{"taxonomy":"product_cat","embeddable":true,"href":"https:\/\/skaitytaknyga.lt\/en\/wp-json\/wp\/v2\/product_cat?post=15946"},{"taxonomy":"product_tag","embeddable":true,"href":"https:\/\/skaitytaknyga.lt\/en\/wp-json\/wp\/v2\/product_tag?post=15946"}],"curies":[{"name":"wp","href":"https:\/\/api.w.org\/{rel}","templated":true}]}}