{"id":15944,"date":"2025-01-17T07:58:06","date_gmt":"2025-01-17T05:58:06","guid":{"rendered":"https:\/\/skaitytaknyga.lt\/en\/?post_type=product&#038;p=15944"},"modified":"2026-02-24T12:43:39","modified_gmt":"2026-02-24T10:43:39","slug":"l-tolstojus-ana-karenina-1-tomas","status":"publish","type":"product","link":"https:\/\/skaitytaknyga.lt\/en\/produktas\/l-tolstojus-ana-karenina-1-tomas\/","title":{"rendered":"Ana Karenina. I-II tomai"},"content":{"rendered":"<p>Ana Karenina turi mylint\u012f vyr\u0105, s\u016bnel\u012f ir visk\u0105, ko tik gal\u0117t\u0173 nor\u0117ti, bet gyvena jausdama tu\u0161tum\u0105 \u0161irdyje. Lemtinga pa\u017eintis su grafu Aleksejumi Vronskiu pakreipia jos likim\u0105 naujais b\u0117giais. Beatodairi\u0161kai \u012fsimyl\u0117jusi, jausminga mai\u0161tautoja atmeta priimt\u0105 norm\u0105 sl\u0117pti nei\u0161tikimyb\u0119 ir paskelbia pasauliui apie savo meil\u0119\u2026 Ar moteris nepadar\u0117 lemtingos klaidos? Ar grafas j\u0105 i\u0161 ties\u0173 myli? Ar jiems kada lemta gyventi kaip \u0161eimai?<\/p>\n<p>Vienas i\u0161 garsiausi\u0173 pasaulio romanist\u0173 daugiasluoksnio devynioliktojo am\u017eiaus Rusijos paveikslo fone \u0161alia i\u0161skirtin\u0117s meil\u0117s istorijos tapo septyni\u0173 skirting\u0173 veik\u0117j\u0173 charakterius. Meistri\u0161kai manipuliuojant miesto ir kaimo, auk\u0161tuomen\u0117s ir valstie\u010di\u0173 kasdienyb\u0117s kontrastais atskleid\u017eiamas visas laim\u0117s bei \u0161eimos gyvenimo spektras.<\/p>\n<p>Autorius: Lev Tolstoj<br \/>\nLeidykla: Alma littera<br \/>\nVert\u0117jas: Pranas Povilaitis<br \/>\nLeidimo metai: 2008<br \/>\nVir\u0161elio tipas: Kietas<br \/>\nPuslapi\u0173 skai\u010dius: 496<br \/>\nMatmenys: 15,3&#215;21,9&#215;3,4<br \/>\nISBN kodas: 9789955087816<\/p>\n","protected":false},"excerpt":{"rendered":"<p>Ana Karenina turi mylint\u012f vyr\u0105, s\u016bnel\u012f ir visk\u0105, ko tik gal\u0117t\u0173 nor\u0117ti, bet gyvena jausdama tu\u0161tum\u0105 \u0161irdyje. Lemtinga pa\u017eintis su grafu Aleksejumi Vronskiu pakreipia jos likim\u0105 naujais b\u0117giais. Beatodairi\u0161kai \u012fsimyl\u0117jusi, jausminga mai\u0161tautoja atmeta priimt\u0105 norm\u0105 sl\u0117pti nei\u0161tikimyb\u0119 ir paskelbia pasauliui apie savo meil\u0119\u2026 Ar moteris nepadar\u0117 lemtingos klaidos? Ar grafas j\u0105 i\u0161 ties\u0173 myli? Ar jiems kada lemta gyventi kaip \u0161eimai? Vienas i\u0161 garsiausi\u0173 pasaulio romanist\u0173 daugiasluoksnio devynioliktojo am\u017eiaus Rusijos paveikslo fone \u0161alia i\u0161skirtin\u0117s meil\u0117s istorijos tapo septyni\u0173 skirting\u0173 veik\u0117j\u0173 charakterius. Meistri\u0161kai manipuliuojant miesto ir kaimo, auk\u0161tuomen\u0117s ir valstie\u010di\u0173 kasdienyb\u0117s kontrastais atskleid\u017eiamas visas laim\u0117s bei \u0161eimos gyvenimo spektras. Autorius: Lev Tolstoj Leidykla: Alma littera Vert\u0117jas: Pranas Povilaitis Leidimo metai: 2008 Vir\u0161elio tipas: Kietas Puslapi\u0173 skai\u010dius: 496 Matmenys: 15,3&#215;21,9&#215;3,4 ISBN kodas: 9789955087816<\/p>\n","protected":false},"featured_media":15945,"comment_status":"closed","ping_status":"closed","template":"","meta":{"_acf_changed":false,"site-sidebar-layout":"default","site-content-layout":"","ast-site-content-layout":"default","site-content-style":"default","site-sidebar-style":"default","ast-global-header-display":"","ast-banner-title-visibility":"","ast-main-header-display":"","ast-hfb-above-header-display":"","ast-hfb-below-header-display":"","ast-hfb-mobile-header-display":"","site-post-title":"","ast-breadcrumbs-content":"","ast-featured-img":"","footer-sml-layout":"","ast-disable-related-posts":"","theme-transparent-header-meta":"default","adv-header-id-meta":"","stick-header-meta":"","header-above-stick-meta":"","header-main-stick-meta":"","header-below-stick-meta":"","astra-migrate-meta-layouts":"set","ast-page-background-enabled":"default","ast-page-background-meta":{"desktop":{"background-color":"","background-image":"","background-repeat":"repeat","background-position":"center center","background-size":"auto","background-attachment":"scroll","background-type":"","background-media":"","overlay-type":"","overlay-color":"","overlay-opacity":"","overlay-gradient":""},"tablet":{"background-color":"","background-image":"","background-repeat":"repeat","background-position":"center center","background-size":"auto","background-attachment":"scroll","background-type":"","background-media":"","overlay-type":"","overlay-color":"","overlay-opacity":"","overlay-gradient":""},"mobile":{"background-color":"","background-image":"","background-repeat":"repeat","background-position":"center center","background-size":"auto","background-attachment":"scroll","background-type":"","background-media":"","overlay-type":"","overlay-color":"","overlay-opacity":"","overlay-gradient":""}},"ast-content-background-meta":{"desktop":{"background-color":"var(--ast-global-color-4)","background-image":"","background-repeat":"repeat","background-position":"center center","background-size":"auto","background-attachment":"scroll","background-type":"","background-media":"","overlay-type":"","overlay-color":"","overlay-opacity":"","overlay-gradient":""},"tablet":{"background-color":"var(--ast-global-color-4)","background-image":"","background-repeat":"repeat","background-position":"center center","background-size":"auto","background-attachment":"scroll","background-type":"","background-media":"","overlay-type":"","overlay-color":"","overlay-opacity":"","overlay-gradient":""},"mobile":{"background-color":"var(--ast-global-color-4)","background-image":"","background-repeat":"repeat","background-position":"center center","background-size":"auto","background-attachment":"scroll","background-type":"","background-media":"","overlay-type":"","overlay-color":"","overlay-opacity":"","overlay-gradient":""}}},"product_brand":[],"product_cat":[31,28],"product_tag":[4974,1437,4973,1748,1842],"class_list":{"0":"post-15944","1":"product","2":"type-product","3":"status-publish","4":"has-post-thumbnail","6":"product_cat-grozine-literatura","7":"product_cat-klasika","8":"product_tag-ana-karenina","9":"product_tag-klasika","10":"product_tag-lev-tolstojus","11":"product_tag-meiles-istorija","12":"product_tag-rusu-literatura","13":"desktop-align-left","14":"tablet-align-left","15":"mobile-align-left","17":"first","18":"outofstock","19":"shipping-taxable","20":"purchasable","21":"product-type-simple"},"acf":[],"yoast_head":"<!-- This site is optimized with the Yoast SEO plugin v27.0 - https:\/\/yoast.com\/product\/yoast-seo-wordpress\/ -->\n<title>Ana Karenina. I-II tomai<\/title>\n<meta name=\"description\" content=\"Ana Karenina turi mylint\u012f vyr\u0105, s\u016bnel\u012f ir visk\u0105, ko tik gal\u0117t\u0173 nor\u0117ti, bet gyvena jausdama tu\u0161tum\u0105 \u0161irdyje. Lemtinga pa\u017eintis su grafu Aleksejumi Vronskiu\" \/>\n<meta name=\"robots\" content=\"index, follow, max-snippet:-1, max-image-preview:large, max-video-preview:-1\" \/>\n<link rel=\"canonical\" href=\"https:\/\/skaitytaknyga.lt\/en\/produktas\/l-tolstojus-ana-karenina-1-tomas\/\" \/>\n<meta property=\"og:locale\" content=\"en_GB\" \/>\n<meta property=\"og:locale:alternate\" content=\"lt_LT\" \/>\n<meta property=\"og:type\" content=\"article\" \/>\n<meta property=\"og:title\" content=\"Ana Karenina. I-II tomai\" \/>\n<meta property=\"og:description\" content=\"Ana Karenina turi mylint\u012f vyr\u0105, s\u016bnel\u012f ir visk\u0105, ko tik gal\u0117t\u0173 nor\u0117ti, bet gyvena jausdama tu\u0161tum\u0105 \u0161irdyje. Lemtinga pa\u017eintis su grafu Aleksejumi Vronskiu\" \/>\n<meta property=\"og:url\" content=\"https:\/\/skaitytaknyga.lt\/en\/produktas\/l-tolstojus-ana-karenina-1-tomas\/\" \/>\n<meta property=\"og:site_name\" content=\"Skaitytaknyga\" \/>\n<meta property=\"article:publisher\" content=\"https:\/\/www.facebook.com\/skaitytaknyga\/\" \/>\n<meta property=\"article:modified_time\" content=\"2026-02-24T10:43:39+00:00\" \/>\n<meta property=\"og:image\" content=\"https:\/\/skaitytaknyga.lt\/wp-content\/uploads\/2025\/01\/Ana-Karenina-I.jpg\" \/>\n\t<meta property=\"og:image:width\" content=\"295\" \/>\n\t<meta property=\"og:image:height\" content=\"422\" \/>\n\t<meta property=\"og:image:type\" content=\"image\/jpeg\" \/>\n<meta name=\"twitter:card\" content=\"summary_large_image\" \/>\n<meta name=\"twitter:label1\" content=\"Estimated reading time\" \/>\n\t<meta name=\"twitter:data1\" content=\"1 minute\" \/>\n<script type=\"application\/ld+json\" class=\"yoast-schema-graph\">{\"@context\":\"https:\/\/schema.org\",\"@graph\":[{\"@type\":\"WebPage\",\"@id\":\"https:\/\/skaitytaknyga.lt\/produktas\/l-tolstojus-ana-karenina-1-tomas\/\",\"url\":\"https:\/\/skaitytaknyga.lt\/produktas\/l-tolstojus-ana-karenina-1-tomas\/\",\"name\":\"Ana Karenina. I-II tomai\",\"isPartOf\":{\"@id\":\"https:\/\/skaitytaknyga.lt\/#website\"},\"primaryImageOfPage\":{\"@id\":\"https:\/\/skaitytaknyga.lt\/produktas\/l-tolstojus-ana-karenina-1-tomas\/#primaryimage\"},\"image\":{\"@id\":\"https:\/\/skaitytaknyga.lt\/produktas\/l-tolstojus-ana-karenina-1-tomas\/#primaryimage\"},\"thumbnailUrl\":\"https:\/\/skaitytaknyga.lt\/wp-content\/uploads\/2025\/01\/Ana-Karenina-I.jpg\",\"datePublished\":\"2025-01-17T05:58:06+00:00\",\"dateModified\":\"2026-02-24T10:43:39+00:00\",\"description\":\"Ana Karenina turi mylint\u012f vyr\u0105, s\u016bnel\u012f ir visk\u0105, ko tik gal\u0117t\u0173 nor\u0117ti, bet gyvena jausdama tu\u0161tum\u0105 \u0161irdyje. Lemtinga pa\u017eintis su grafu Aleksejumi Vronskiu\",\"breadcrumb\":{\"@id\":\"https:\/\/skaitytaknyga.lt\/produktas\/l-tolstojus-ana-karenina-1-tomas\/#breadcrumb\"},\"inLanguage\":\"en-GB\",\"potentialAction\":[{\"@type\":\"ReadAction\",\"target\":[\"https:\/\/skaitytaknyga.lt\/produktas\/l-tolstojus-ana-karenina-1-tomas\/\"]}]},{\"@type\":\"ImageObject\",\"inLanguage\":\"en-GB\",\"@id\":\"https:\/\/skaitytaknyga.lt\/produktas\/l-tolstojus-ana-karenina-1-tomas\/#primaryimage\",\"url\":\"https:\/\/skaitytaknyga.lt\/wp-content\/uploads\/2025\/01\/Ana-Karenina-I.jpg\",\"contentUrl\":\"https:\/\/skaitytaknyga.lt\/wp-content\/uploads\/2025\/01\/Ana-Karenina-I.jpg\",\"width\":295,\"height\":422,\"caption\":\"Ana Karenina I\"},{\"@type\":\"BreadcrumbList\",\"@id\":\"https:\/\/skaitytaknyga.lt\/produktas\/l-tolstojus-ana-karenina-1-tomas\/#breadcrumb\",\"itemListElement\":[{\"@type\":\"ListItem\",\"position\":1,\"name\":\"Home\",\"item\":\"https:\/\/skaitytaknyga.lt\/\"},{\"@type\":\"ListItem\",\"position\":2,\"name\":\"Parduotuv\u0117\",\"item\":\"https:\/\/skaitytaknyga.lt\/knygu-parduotuve\/\"},{\"@type\":\"ListItem\",\"position\":3,\"name\":\"Ana Karenina. I-II tomai\"}]},{\"@type\":\"WebSite\",\"@id\":\"https:\/\/skaitytaknyga.lt\/#website\",\"url\":\"https:\/\/skaitytaknyga.lt\/\",\"name\":\"skaitytaknyga.lt\",\"description\":\"Skaitytaknyga.lt \u2013 tai ma\u017eas \u0161eimos verslas, kuris prasid\u0117jo nuo meil\u0117s knygoms ir siekio i\u0161gelb\u0117ti knygas nuo likimo prie konteinerio. Kas vienam nereikalingas daiktas \u2013 kitam lobis, o mes esame tarpininkai, kurie padeda abiems tapti laimingesniems ???? \u017dinome kaip nelengva i\u0161gyventi ma\u017eiems verslams, tad nuo \u0161iol, \u010dia rasite ir kit\u0173, ma\u017e\u0173 \u0161eim\u0173 versl\u0173, rank\u0173 darbo, dovan\u0173 sau ir artimiesiems.\",\"publisher\":{\"@id\":\"https:\/\/skaitytaknyga.lt\/#organization\"},\"potentialAction\":[{\"@type\":\"SearchAction\",\"target\":{\"@type\":\"EntryPoint\",\"urlTemplate\":\"https:\/\/skaitytaknyga.lt\/?s={search_term_string}\"},\"query-input\":{\"@type\":\"PropertyValueSpecification\",\"valueRequired\":true,\"valueName\":\"search_term_string\"}}],\"inLanguage\":\"en-GB\"},{\"@type\":\"Organization\",\"@id\":\"https:\/\/skaitytaknyga.lt\/#organization\",\"name\":\"skaitytaknyga.lt\",\"url\":\"https:\/\/skaitytaknyga.lt\/\",\"logo\":{\"@type\":\"ImageObject\",\"inLanguage\":\"en-GB\",\"@id\":\"https:\/\/skaitytaknyga.lt\/#\/schema\/logo\/image\/\",\"url\":\"https:\/\/skaitytaknyga.lt\/wp-content\/uploads\/2024\/05\/cropped-cropped-cropped-02_00843_jt3bggkj1j3HLc7SyY6rEUpg.jpeg\",\"contentUrl\":\"https:\/\/skaitytaknyga.lt\/wp-content\/uploads\/2024\/05\/cropped-cropped-cropped-02_00843_jt3bggkj1j3HLc7SyY6rEUpg.jpeg\",\"width\":1600,\"height\":1600,\"caption\":\"skaitytaknyga.lt\"},\"image\":{\"@id\":\"https:\/\/skaitytaknyga.lt\/#\/schema\/logo\/image\/\"},\"sameAs\":[\"https:\/\/www.facebook.com\/skaitytaknyga\/\"]}]}<\/script>\n<!-- \/ Yoast SEO plugin. -->","yoast_head_json":{"title":"Ana Karenina. I-II tomai","description":"Ana Karenina turi mylint\u012f vyr\u0105, s\u016bnel\u012f ir visk\u0105, ko tik gal\u0117t\u0173 nor\u0117ti, bet gyvena jausdama tu\u0161tum\u0105 \u0161irdyje. Lemtinga pa\u017eintis su grafu Aleksejumi Vronskiu","robots":{"index":"index","follow":"follow","max-snippet":"max-snippet:-1","max-image-preview":"max-image-preview:large","max-video-preview":"max-video-preview:-1"},"canonical":"https:\/\/skaitytaknyga.lt\/en\/produktas\/l-tolstojus-ana-karenina-1-tomas\/","og_locale":"en_GB","og_type":"article","og_title":"[:lt]Ana Karenina. I-II tomai[:] - Skaitytaknyga","og_description":"Ana Karenina turi mylint\u012f vyr\u0105, s\u016bnel\u012f ir visk\u0105, ko tik gal\u0117t\u0173 nor\u0117ti, bet gyvena jausdama tu\u0161tum\u0105 \u0161irdyje. Lemtinga pa\u017eintis su grafu Aleksejumi Vronskiu","og_url":"https:\/\/skaitytaknyga.lt\/en\/produktas\/l-tolstojus-ana-karenina-1-tomas\/","og_site_name":"Skaitytaknyga","article_publisher":"https:\/\/www.facebook.com\/skaitytaknyga\/","article_modified_time":"2026-02-24T10:43:39+00:00","og_image":[{"width":295,"height":422,"url":"https:\/\/skaitytaknyga.lt\/wp-content\/uploads\/2025\/01\/Ana-Karenina-I.jpg","type":"image\/jpeg"}],"twitter_card":"summary_large_image","twitter_misc":{"Estimated reading time":"1 minute"},"schema":{"@context":"https:\/\/schema.org","@graph":[{"@type":"WebPage","@id":"https:\/\/skaitytaknyga.lt\/produktas\/l-tolstojus-ana-karenina-1-tomas\/","url":"https:\/\/skaitytaknyga.lt\/produktas\/l-tolstojus-ana-karenina-1-tomas\/","name":"Ana Karenina. I-II tomai","isPartOf":{"@id":"https:\/\/skaitytaknyga.lt\/#website"},"primaryImageOfPage":{"@id":"https:\/\/skaitytaknyga.lt\/produktas\/l-tolstojus-ana-karenina-1-tomas\/#primaryimage"},"image":{"@id":"https:\/\/skaitytaknyga.lt\/produktas\/l-tolstojus-ana-karenina-1-tomas\/#primaryimage"},"thumbnailUrl":"https:\/\/skaitytaknyga.lt\/wp-content\/uploads\/2025\/01\/Ana-Karenina-I.jpg","datePublished":"2025-01-17T05:58:06+00:00","dateModified":"2026-02-24T10:43:39+00:00","description":"Ana Karenina turi mylint\u012f vyr\u0105, s\u016bnel\u012f ir visk\u0105, ko tik gal\u0117t\u0173 nor\u0117ti, bet gyvena jausdama tu\u0161tum\u0105 \u0161irdyje. Lemtinga pa\u017eintis su grafu Aleksejumi Vronskiu","breadcrumb":{"@id":"https:\/\/skaitytaknyga.lt\/produktas\/l-tolstojus-ana-karenina-1-tomas\/#breadcrumb"},"inLanguage":"en-GB","potentialAction":[{"@type":"ReadAction","target":["https:\/\/skaitytaknyga.lt\/produktas\/l-tolstojus-ana-karenina-1-tomas\/"]}]},{"@type":"ImageObject","inLanguage":"en-GB","@id":"https:\/\/skaitytaknyga.lt\/produktas\/l-tolstojus-ana-karenina-1-tomas\/#primaryimage","url":"https:\/\/skaitytaknyga.lt\/wp-content\/uploads\/2025\/01\/Ana-Karenina-I.jpg","contentUrl":"https:\/\/skaitytaknyga.lt\/wp-content\/uploads\/2025\/01\/Ana-Karenina-I.jpg","width":295,"height":422,"caption":"Ana Karenina I"},{"@type":"BreadcrumbList","@id":"https:\/\/skaitytaknyga.lt\/produktas\/l-tolstojus-ana-karenina-1-tomas\/#breadcrumb","itemListElement":[{"@type":"ListItem","position":1,"name":"Home","item":"https:\/\/skaitytaknyga.lt\/"},{"@type":"ListItem","position":2,"name":"Parduotuv\u0117","item":"https:\/\/skaitytaknyga.lt\/knygu-parduotuve\/"},{"@type":"ListItem","position":3,"name":"Ana Karenina. I-II tomai"}]},{"@type":"WebSite","@id":"https:\/\/skaitytaknyga.lt\/#website","url":"https:\/\/skaitytaknyga.lt\/","name":"skaitytaknyga.lt","description":"Skaitytaknyga.lt \u2013 tai ma\u017eas \u0161eimos verslas, kuris prasid\u0117jo nuo meil\u0117s knygoms ir siekio i\u0161gelb\u0117ti knygas nuo likimo prie konteinerio. Kas vienam nereikalingas daiktas \u2013 kitam lobis, o mes esame tarpininkai, kurie padeda abiems tapti laimingesniems ???? \u017dinome kaip nelengva i\u0161gyventi ma\u017eiems verslams, tad nuo \u0161iol, \u010dia rasite ir kit\u0173, ma\u017e\u0173 \u0161eim\u0173 versl\u0173, rank\u0173 darbo, dovan\u0173 sau ir artimiesiems.","publisher":{"@id":"https:\/\/skaitytaknyga.lt\/#organization"},"potentialAction":[{"@type":"SearchAction","target":{"@type":"EntryPoint","urlTemplate":"https:\/\/skaitytaknyga.lt\/?s={search_term_string}"},"query-input":{"@type":"PropertyValueSpecification","valueRequired":true,"valueName":"search_term_string"}}],"inLanguage":"en-GB"},{"@type":"Organization","@id":"https:\/\/skaitytaknyga.lt\/#organization","name":"skaitytaknyga.lt","url":"https:\/\/skaitytaknyga.lt\/","logo":{"@type":"ImageObject","inLanguage":"en-GB","@id":"https:\/\/skaitytaknyga.lt\/#\/schema\/logo\/image\/","url":"https:\/\/skaitytaknyga.lt\/wp-content\/uploads\/2024\/05\/cropped-cropped-cropped-02_00843_jt3bggkj1j3HLc7SyY6rEUpg.jpeg","contentUrl":"https:\/\/skaitytaknyga.lt\/wp-content\/uploads\/2024\/05\/cropped-cropped-cropped-02_00843_jt3bggkj1j3HLc7SyY6rEUpg.jpeg","width":1600,"height":1600,"caption":"skaitytaknyga.lt"},"image":{"@id":"https:\/\/skaitytaknyga.lt\/#\/schema\/logo\/image\/"},"sameAs":["https:\/\/www.facebook.com\/skaitytaknyga\/"]}]}},"_links":{"self":[{"href":"https:\/\/skaitytaknyga.lt\/en\/wp-json\/wp\/v2\/product\/15944","targetHints":{"allow":["GET"]}}],"collection":[{"href":"https:\/\/skaitytaknyga.lt\/en\/wp-json\/wp\/v2\/product"}],"about":[{"href":"https:\/\/skaitytaknyga.lt\/en\/wp-json\/wp\/v2\/types\/product"}],"replies":[{"embeddable":true,"href":"https:\/\/skaitytaknyga.lt\/en\/wp-json\/wp\/v2\/comments?post=15944"}],"wp:featuredmedia":[{"embeddable":true,"href":"https:\/\/skaitytaknyga.lt\/en\/wp-json\/wp\/v2\/media\/15945"}],"wp:attachment":[{"href":"https:\/\/skaitytaknyga.lt\/en\/wp-json\/wp\/v2\/media?parent=15944"}],"wp:term":[{"taxonomy":"product_brand","embeddable":true,"href":"https:\/\/skaitytaknyga.lt\/en\/wp-json\/wp\/v2\/product_brand?post=15944"},{"taxonomy":"product_cat","embeddable":true,"href":"https:\/\/skaitytaknyga.lt\/en\/wp-json\/wp\/v2\/product_cat?post=15944"},{"taxonomy":"product_tag","embeddable":true,"href":"https:\/\/skaitytaknyga.lt\/en\/wp-json\/wp\/v2\/product_tag?post=15944"}],"curies":[{"name":"wp","href":"https:\/\/api.w.org\/{rel}","templated":true}]}}