{"id":15925,"date":"2025-01-10T10:41:07","date_gmt":"2025-01-10T08:41:07","guid":{"rendered":"https:\/\/skaitytaknyga.lt\/?post_type=product&#038;p=15925"},"modified":"2026-01-26T19:34:50","modified_gmt":"2026-01-26T17:34:50","slug":"pasakyk-ka-jauti-emociju-knyga","status":"publish","type":"product","link":"https:\/\/skaitytaknyga.lt\/en\/produktas\/pasakyk-ka-jauti-emociju-knyga\/","title":{"rendered":"Pasakyk, k\u0105 jauti: emocij\u0173 knyga"},"content":{"rendered":"<p>Kalb\u0117ti apie jausmus vaikams yra nemenkas i\u0161\u0161\u016bkis. Kartais jie ne\u017eino, kaip juos i\u0161sakyti ar pavadinti, o kartais ai\u0161kiai suvokia, k\u0105 jau\u010dia, ta\u010diau nedr\u012fsta apie tai prabilti, nes j\u0173 jausmai \u201eblogi&#8221; \u2013 taip jie b\u016bna gird\u0117j\u0119 savo aplinkoje. N\u0117ra \u201eger\u0173&#8221; ir \u201eblog\u0173&#8221; jausm\u0173. Kiekviena emocija, kiekvienas jausmas yra reikalingas ir prasmingas, tik svarbu j\u012f \u012fsis\u0105moninti, pa\u017einti, i\u0161jausti ir mok\u0117ti \u012fvardyti. Juk savo emocij\u0173 atpa\u017einimas ir \u012fvardijimas, geb\u0117jimas suprasti kito \u017emogaus patiriamas emocijas ir jausmus yra nepaprastai vertingas \u012fg\u016bdis, padedantis kurti pilnaver\u010dius santykius tiek su savimi, tiek su i\u0161oriniu pasauliu.<\/p>\n<p>Tad imkite \u012f rankas \u0161i\u0105 EMOCIJ\u0172 KNYG\u0104 ir leiskit\u0117s drauge su savo vaikais \u012f kelion\u0119 po nepaprastai spalving\u0105 ir \u012fdom\u0173 jausm\u0173 pasaul\u012f. Ir \u0161alia kasdieni\u0173 klausim\u0173: \u201eKaip sek\u0117si mokykloje ar dar\u017eelyje?&#8221;, \u201eK\u0105 naujo i\u0161mokai?&#8221; vaikus padr\u0105sinkite kalb\u0117ti apie patiriamas emocijas ir jausmus: \u201ePasakyk, kaip tu jautiesi?&#8221;<\/p>\n<p>Jurgita Smilt\u0117 Jasiulion\u0117, \u201eVaik\u0173 linijos&#8221; psicholog\u0117<\/p>\n<p>Originalus pavadinimas: EMOCIONARIO<br \/>\nAutorius: Cristina N\u00fa\u00f1ez Pereira, Rafael R. Valc\u00e1rcel<br \/>\nLeid\u0117jas: Alma littera<br \/>\nMetai: 2017<br \/>\nPuslapiai: 96<br \/>\nISBN: 9786090130308<br \/>\nVersijos kodas: PT.<br \/>\nFormatas: 22 x 24 x 1,2 cm, kieti vir\u0161eliai<br \/>\nKalba: Lietuvi\u0173<br \/>\nVert\u0117jas: El\u017ebieta Kmitait\u0117<\/p>\n","protected":false},"excerpt":{"rendered":"<p>Kalb\u0117ti apie jausmus vaikams yra nemenkas i\u0161\u0161\u016bkis. Kartais jie ne\u017eino, kaip juos i\u0161sakyti ar pavadinti, o kartais ai\u0161kiai suvokia, k\u0105 jau\u010dia, ta\u010diau nedr\u012fsta apie tai prabilti, nes j\u0173 jausmai \u201eblogi&#8221; \u2013 taip jie b\u016bna gird\u0117j\u0119 savo aplinkoje. N\u0117ra \u201eger\u0173&#8221; ir \u201eblog\u0173&#8221; jausm\u0173. Kiekviena emocija, kiekvienas jausmas yra reikalingas ir prasmingas, tik svarbu j\u012f \u012fsis\u0105moninti, pa\u017einti, i\u0161jausti ir mok\u0117ti \u012fvardyti. Juk savo emocij\u0173 atpa\u017einimas ir \u012fvardijimas, geb\u0117jimas suprasti kito \u017emogaus patiriamas emocijas ir jausmus yra nepaprastai vertingas \u012fg\u016bdis, padedantis kurti pilnaver\u010dius santykius tiek su savimi, tiek su i\u0161oriniu pasauliu. Tad imkite \u012f rankas \u0161i\u0105 EMOCIJ\u0172 KNYG\u0104 ir leiskit\u0117s drauge su savo vaikais \u012f kelion\u0119 po nepaprastai spalving\u0105 ir \u012fdom\u0173 jausm\u0173 pasaul\u012f. Ir \u0161alia kasdieni\u0173 klausim\u0173: \u201eKaip sek\u0117si mokykloje ar dar\u017eelyje?&#8221;, \u201eK\u0105 naujo i\u0161mokai?&#8221; vaikus padr\u0105sinkite kalb\u0117ti apie patiriamas emocijas ir jausmus: \u201ePasakyk, kaip tu jautiesi?&#8221; Jurgita Smilt\u0117 Jasiulion\u0117, \u201eVaik\u0173 linijos&#8221; psicholog\u0117 Originalus pavadinimas: EMOCIONARIO Autorius: Cristina N\u00fa\u00f1ez Pereira, Rafael R. Valc\u00e1rcel Leid\u0117jas: Alma littera Metai: 2017 Puslapiai: 96 ISBN: 9786090130308 Versijos kodas: PT. Formatas: 22 x 24 x 1,2 cm, kieti vir\u0161eliai Kalba: Lietuvi\u0173 Vert\u0117jas: El\u017ebieta Kmitait\u0117<\/p>\n","protected":false},"featured_media":15926,"comment_status":"open","ping_status":"closed","template":"","meta":{"_acf_changed":false,"site-sidebar-layout":"default","site-content-layout":"","ast-site-content-layout":"default","site-content-style":"default","site-sidebar-style":"default","ast-global-header-display":"","ast-banner-title-visibility":"","ast-main-header-display":"","ast-hfb-above-header-display":"","ast-hfb-below-header-display":"","ast-hfb-mobile-header-display":"","site-post-title":"","ast-breadcrumbs-content":"","ast-featured-img":"","footer-sml-layout":"","ast-disable-related-posts":"","theme-transparent-header-meta":"default","adv-header-id-meta":"","stick-header-meta":"","header-above-stick-meta":"","header-main-stick-meta":"","header-below-stick-meta":"","astra-migrate-meta-layouts":"set","ast-page-background-enabled":"default","ast-page-background-meta":{"desktop":{"background-color":"","background-image":"","background-repeat":"repeat","background-position":"center center","background-size":"auto","background-attachment":"scroll","background-type":"","background-media":"","overlay-type":"","overlay-color":"","overlay-opacity":"","overlay-gradient":""},"tablet":{"background-color":"","background-image":"","background-repeat":"repeat","background-position":"center center","background-size":"auto","background-attachment":"scroll","background-type":"","background-media":"","overlay-type":"","overlay-color":"","overlay-opacity":"","overlay-gradient":""},"mobile":{"background-color":"","background-image":"","background-repeat":"repeat","background-position":"center center","background-size":"auto","background-attachment":"scroll","background-type":"","background-media":"","overlay-type":"","overlay-color":"","overlay-opacity":"","overlay-gradient":""}},"ast-content-background-meta":{"desktop":{"background-color":"var(--ast-global-color-4)","background-image":"","background-repeat":"repeat","background-position":"center center","background-size":"auto","background-attachment":"scroll","background-type":"","background-media":"","overlay-type":"","overlay-color":"","overlay-opacity":"","overlay-gradient":""},"tablet":{"background-color":"var(--ast-global-color-4)","background-image":"","background-repeat":"repeat","background-position":"center center","background-size":"auto","background-attachment":"scroll","background-type":"","background-media":"","overlay-type":"","overlay-color":"","overlay-opacity":"","overlay-gradient":""},"mobile":{"background-color":"var(--ast-global-color-4)","background-image":"","background-repeat":"repeat","background-position":"center center","background-size":"auto","background-attachment":"scroll","background-type":"","background-media":"","overlay-type":"","overlay-color":"","overlay-opacity":"","overlay-gradient":""}}},"product_brand":[],"product_cat":[15,30,35],"product_tag":[],"class_list":{"0":"post-15925","1":"product","2":"type-product","3":"status-publish","4":"has-post-thumbnail","6":"product_cat-uncategorized","7":"product_cat-psichologija-ir-saviugda","8":"product_cat-vaikams-ir-paaugliams","9":"desktop-align-left","10":"tablet-align-left","11":"mobile-align-left","13":"first","14":"outofstock","15":"shipping-taxable","16":"purchasable","17":"product-type-simple"},"acf":[],"yoast_head":"<!-- This site is optimized with the Yoast SEO plugin v27.0 - https:\/\/yoast.com\/product\/yoast-seo-wordpress\/ -->\n<title>Pasakyk, k\u0105 jauti: emocij\u0173 knyga<\/title>\n<meta name=\"description\" content=\"Kalb\u0117ti apie jausmus vaikams yra nemenkas i\u0161\u0161\u016bkis. Kartais jie ne\u017eino, kaip juos i\u0161sakyti ar pavadinti, o kartais ai\u0161kiai suvokia, k\u0105 jau\u010dia, ta\u010diau\" \/>\n<meta name=\"robots\" content=\"index, follow, max-snippet:-1, max-image-preview:large, max-video-preview:-1\" \/>\n<link rel=\"canonical\" href=\"https:\/\/skaitytaknyga.lt\/en\/produktas\/pasakyk-ka-jauti-emociju-knyga\/\" \/>\n<meta property=\"og:locale\" content=\"en_GB\" \/>\n<meta property=\"og:locale:alternate\" content=\"lt_LT\" \/>\n<meta property=\"og:type\" content=\"article\" \/>\n<meta property=\"og:title\" content=\"Pasakyk, k\u0105 jauti: emocij\u0173 knyga\" \/>\n<meta property=\"og:description\" content=\"Kalb\u0117ti apie jausmus vaikams yra nemenkas i\u0161\u0161\u016bkis. Kartais jie ne\u017eino, kaip juos i\u0161sakyti ar pavadinti, o kartais ai\u0161kiai suvokia, k\u0105 jau\u010dia, ta\u010diau\" \/>\n<meta property=\"og:url\" content=\"https:\/\/skaitytaknyga.lt\/en\/produktas\/pasakyk-ka-jauti-emociju-knyga\/\" \/>\n<meta property=\"og:site_name\" content=\"Skaitytaknyga\" \/>\n<meta property=\"article:publisher\" content=\"https:\/\/www.facebook.com\/skaitytaknyga\/\" \/>\n<meta property=\"article:modified_time\" content=\"2026-01-26T17:34:50+00:00\" \/>\n<meta property=\"og:image\" content=\"https:\/\/skaitytaknyga.lt\/wp-content\/uploads\/2025\/01\/Pasakyk-ka-jauti-emociju-knyga.webp\" \/>\n\t<meta property=\"og:image:width\" content=\"285\" \/>\n\t<meta property=\"og:image:height\" content=\"306\" \/>\n\t<meta property=\"og:image:type\" content=\"image\/webp\" \/>\n<meta name=\"twitter:card\" content=\"summary_large_image\" \/>\n<meta name=\"twitter:label1\" content=\"Estimated reading time\" \/>\n\t<meta name=\"twitter:data1\" content=\"2 minutes\" \/>\n<script type=\"application\/ld+json\" class=\"yoast-schema-graph\">{\"@context\":\"https:\/\/schema.org\",\"@graph\":[{\"@type\":\"WebPage\",\"@id\":\"https:\/\/skaitytaknyga.lt\/produktas\/pasakyk-ka-jauti-emociju-knyga\/\",\"url\":\"https:\/\/skaitytaknyga.lt\/produktas\/pasakyk-ka-jauti-emociju-knyga\/\",\"name\":\"Pasakyk, k\u0105 jauti: emocij\u0173 knyga\",\"isPartOf\":{\"@id\":\"https:\/\/skaitytaknyga.lt\/#website\"},\"primaryImageOfPage\":{\"@id\":\"https:\/\/skaitytaknyga.lt\/produktas\/pasakyk-ka-jauti-emociju-knyga\/#primaryimage\"},\"image\":{\"@id\":\"https:\/\/skaitytaknyga.lt\/produktas\/pasakyk-ka-jauti-emociju-knyga\/#primaryimage\"},\"thumbnailUrl\":\"https:\/\/skaitytaknyga.lt\/wp-content\/uploads\/2025\/01\/Pasakyk-ka-jauti-emociju-knyga.webp\",\"datePublished\":\"2025-01-10T08:41:07+00:00\",\"dateModified\":\"2026-01-26T17:34:50+00:00\",\"description\":\"Kalb\u0117ti apie jausmus vaikams yra nemenkas i\u0161\u0161\u016bkis. Kartais jie ne\u017eino, kaip juos i\u0161sakyti ar pavadinti, o kartais ai\u0161kiai suvokia, k\u0105 jau\u010dia, ta\u010diau\",\"breadcrumb\":{\"@id\":\"https:\/\/skaitytaknyga.lt\/produktas\/pasakyk-ka-jauti-emociju-knyga\/#breadcrumb\"},\"inLanguage\":\"en-GB\",\"potentialAction\":[{\"@type\":\"ReadAction\",\"target\":[\"https:\/\/skaitytaknyga.lt\/produktas\/pasakyk-ka-jauti-emociju-knyga\/\"]}]},{\"@type\":\"ImageObject\",\"inLanguage\":\"en-GB\",\"@id\":\"https:\/\/skaitytaknyga.lt\/produktas\/pasakyk-ka-jauti-emociju-knyga\/#primaryimage\",\"url\":\"https:\/\/skaitytaknyga.lt\/wp-content\/uploads\/2025\/01\/Pasakyk-ka-jauti-emociju-knyga.webp\",\"contentUrl\":\"https:\/\/skaitytaknyga.lt\/wp-content\/uploads\/2025\/01\/Pasakyk-ka-jauti-emociju-knyga.webp\",\"width\":285,\"height\":306,\"caption\":\"Pasakyk, k\u0105 jauti: emocij\u0173 knyga\"},{\"@type\":\"BreadcrumbList\",\"@id\":\"https:\/\/skaitytaknyga.lt\/produktas\/pasakyk-ka-jauti-emociju-knyga\/#breadcrumb\",\"itemListElement\":[{\"@type\":\"ListItem\",\"position\":1,\"name\":\"Home\",\"item\":\"https:\/\/skaitytaknyga.lt\/\"},{\"@type\":\"ListItem\",\"position\":2,\"name\":\"Parduotuv\u0117\",\"item\":\"https:\/\/skaitytaknyga.lt\/knygu-parduotuve\/\"},{\"@type\":\"ListItem\",\"position\":3,\"name\":\"Pasakyk, k\u0105 jauti: emocij\u0173 knyga\"}]},{\"@type\":\"WebSite\",\"@id\":\"https:\/\/skaitytaknyga.lt\/#website\",\"url\":\"https:\/\/skaitytaknyga.lt\/\",\"name\":\"skaitytaknyga.lt\",\"description\":\"Skaitytaknyga.lt \u2013 tai ma\u017eas \u0161eimos verslas, kuris prasid\u0117jo nuo meil\u0117s knygoms ir siekio i\u0161gelb\u0117ti knygas nuo likimo prie konteinerio. Kas vienam nereikalingas daiktas \u2013 kitam lobis, o mes esame tarpininkai, kurie padeda abiems tapti laimingesniems ???? \u017dinome kaip nelengva i\u0161gyventi ma\u017eiems verslams, tad nuo \u0161iol, \u010dia rasite ir kit\u0173, ma\u017e\u0173 \u0161eim\u0173 versl\u0173, rank\u0173 darbo, dovan\u0173 sau ir artimiesiems.\",\"publisher\":{\"@id\":\"https:\/\/skaitytaknyga.lt\/#organization\"},\"potentialAction\":[{\"@type\":\"SearchAction\",\"target\":{\"@type\":\"EntryPoint\",\"urlTemplate\":\"https:\/\/skaitytaknyga.lt\/?s={search_term_string}\"},\"query-input\":{\"@type\":\"PropertyValueSpecification\",\"valueRequired\":true,\"valueName\":\"search_term_string\"}}],\"inLanguage\":\"en-GB\"},{\"@type\":\"Organization\",\"@id\":\"https:\/\/skaitytaknyga.lt\/#organization\",\"name\":\"skaitytaknyga.lt\",\"url\":\"https:\/\/skaitytaknyga.lt\/\",\"logo\":{\"@type\":\"ImageObject\",\"inLanguage\":\"en-GB\",\"@id\":\"https:\/\/skaitytaknyga.lt\/#\/schema\/logo\/image\/\",\"url\":\"https:\/\/skaitytaknyga.lt\/wp-content\/uploads\/2024\/05\/cropped-cropped-cropped-02_00843_jt3bggkj1j3HLc7SyY6rEUpg.jpeg\",\"contentUrl\":\"https:\/\/skaitytaknyga.lt\/wp-content\/uploads\/2024\/05\/cropped-cropped-cropped-02_00843_jt3bggkj1j3HLc7SyY6rEUpg.jpeg\",\"width\":1600,\"height\":1600,\"caption\":\"skaitytaknyga.lt\"},\"image\":{\"@id\":\"https:\/\/skaitytaknyga.lt\/#\/schema\/logo\/image\/\"},\"sameAs\":[\"https:\/\/www.facebook.com\/skaitytaknyga\/\"]}]}<\/script>\n<!-- \/ Yoast SEO plugin. -->","yoast_head_json":{"title":"Pasakyk, k\u0105 jauti: emocij\u0173 knyga","description":"Kalb\u0117ti apie jausmus vaikams yra nemenkas i\u0161\u0161\u016bkis. Kartais jie ne\u017eino, kaip juos i\u0161sakyti ar pavadinti, o kartais ai\u0161kiai suvokia, k\u0105 jau\u010dia, ta\u010diau","robots":{"index":"index","follow":"follow","max-snippet":"max-snippet:-1","max-image-preview":"max-image-preview:large","max-video-preview":"max-video-preview:-1"},"canonical":"https:\/\/skaitytaknyga.lt\/en\/produktas\/pasakyk-ka-jauti-emociju-knyga\/","og_locale":"en_GB","og_type":"article","og_title":"[:lt]Pasakyk, k\u0105 jauti: emocij\u0173 knyga[:] - Skaitytaknyga","og_description":"Kalb\u0117ti apie jausmus vaikams yra nemenkas i\u0161\u0161\u016bkis. Kartais jie ne\u017eino, kaip juos i\u0161sakyti ar pavadinti, o kartais ai\u0161kiai suvokia, k\u0105 jau\u010dia, ta\u010diau","og_url":"https:\/\/skaitytaknyga.lt\/en\/produktas\/pasakyk-ka-jauti-emociju-knyga\/","og_site_name":"Skaitytaknyga","article_publisher":"https:\/\/www.facebook.com\/skaitytaknyga\/","article_modified_time":"2026-01-26T17:34:50+00:00","og_image":[{"width":285,"height":306,"url":"https:\/\/skaitytaknyga.lt\/wp-content\/uploads\/2025\/01\/Pasakyk-ka-jauti-emociju-knyga.webp","type":"image\/webp"}],"twitter_card":"summary_large_image","twitter_misc":{"Estimated reading time":"2 minutes"},"schema":{"@context":"https:\/\/schema.org","@graph":[{"@type":"WebPage","@id":"https:\/\/skaitytaknyga.lt\/produktas\/pasakyk-ka-jauti-emociju-knyga\/","url":"https:\/\/skaitytaknyga.lt\/produktas\/pasakyk-ka-jauti-emociju-knyga\/","name":"Pasakyk, k\u0105 jauti: emocij\u0173 knyga","isPartOf":{"@id":"https:\/\/skaitytaknyga.lt\/#website"},"primaryImageOfPage":{"@id":"https:\/\/skaitytaknyga.lt\/produktas\/pasakyk-ka-jauti-emociju-knyga\/#primaryimage"},"image":{"@id":"https:\/\/skaitytaknyga.lt\/produktas\/pasakyk-ka-jauti-emociju-knyga\/#primaryimage"},"thumbnailUrl":"https:\/\/skaitytaknyga.lt\/wp-content\/uploads\/2025\/01\/Pasakyk-ka-jauti-emociju-knyga.webp","datePublished":"2025-01-10T08:41:07+00:00","dateModified":"2026-01-26T17:34:50+00:00","description":"Kalb\u0117ti apie jausmus vaikams yra nemenkas i\u0161\u0161\u016bkis. Kartais jie ne\u017eino, kaip juos i\u0161sakyti ar pavadinti, o kartais ai\u0161kiai suvokia, k\u0105 jau\u010dia, ta\u010diau","breadcrumb":{"@id":"https:\/\/skaitytaknyga.lt\/produktas\/pasakyk-ka-jauti-emociju-knyga\/#breadcrumb"},"inLanguage":"en-GB","potentialAction":[{"@type":"ReadAction","target":["https:\/\/skaitytaknyga.lt\/produktas\/pasakyk-ka-jauti-emociju-knyga\/"]}]},{"@type":"ImageObject","inLanguage":"en-GB","@id":"https:\/\/skaitytaknyga.lt\/produktas\/pasakyk-ka-jauti-emociju-knyga\/#primaryimage","url":"https:\/\/skaitytaknyga.lt\/wp-content\/uploads\/2025\/01\/Pasakyk-ka-jauti-emociju-knyga.webp","contentUrl":"https:\/\/skaitytaknyga.lt\/wp-content\/uploads\/2025\/01\/Pasakyk-ka-jauti-emociju-knyga.webp","width":285,"height":306,"caption":"Pasakyk, k\u0105 jauti: emocij\u0173 knyga"},{"@type":"BreadcrumbList","@id":"https:\/\/skaitytaknyga.lt\/produktas\/pasakyk-ka-jauti-emociju-knyga\/#breadcrumb","itemListElement":[{"@type":"ListItem","position":1,"name":"Home","item":"https:\/\/skaitytaknyga.lt\/"},{"@type":"ListItem","position":2,"name":"Parduotuv\u0117","item":"https:\/\/skaitytaknyga.lt\/knygu-parduotuve\/"},{"@type":"ListItem","position":3,"name":"Pasakyk, k\u0105 jauti: emocij\u0173 knyga"}]},{"@type":"WebSite","@id":"https:\/\/skaitytaknyga.lt\/#website","url":"https:\/\/skaitytaknyga.lt\/","name":"skaitytaknyga.lt","description":"Skaitytaknyga.lt \u2013 tai ma\u017eas \u0161eimos verslas, kuris prasid\u0117jo nuo meil\u0117s knygoms ir siekio i\u0161gelb\u0117ti knygas nuo likimo prie konteinerio. Kas vienam nereikalingas daiktas \u2013 kitam lobis, o mes esame tarpininkai, kurie padeda abiems tapti laimingesniems ???? \u017dinome kaip nelengva i\u0161gyventi ma\u017eiems verslams, tad nuo \u0161iol, \u010dia rasite ir kit\u0173, ma\u017e\u0173 \u0161eim\u0173 versl\u0173, rank\u0173 darbo, dovan\u0173 sau ir artimiesiems.","publisher":{"@id":"https:\/\/skaitytaknyga.lt\/#organization"},"potentialAction":[{"@type":"SearchAction","target":{"@type":"EntryPoint","urlTemplate":"https:\/\/skaitytaknyga.lt\/?s={search_term_string}"},"query-input":{"@type":"PropertyValueSpecification","valueRequired":true,"valueName":"search_term_string"}}],"inLanguage":"en-GB"},{"@type":"Organization","@id":"https:\/\/skaitytaknyga.lt\/#organization","name":"skaitytaknyga.lt","url":"https:\/\/skaitytaknyga.lt\/","logo":{"@type":"ImageObject","inLanguage":"en-GB","@id":"https:\/\/skaitytaknyga.lt\/#\/schema\/logo\/image\/","url":"https:\/\/skaitytaknyga.lt\/wp-content\/uploads\/2024\/05\/cropped-cropped-cropped-02_00843_jt3bggkj1j3HLc7SyY6rEUpg.jpeg","contentUrl":"https:\/\/skaitytaknyga.lt\/wp-content\/uploads\/2024\/05\/cropped-cropped-cropped-02_00843_jt3bggkj1j3HLc7SyY6rEUpg.jpeg","width":1600,"height":1600,"caption":"skaitytaknyga.lt"},"image":{"@id":"https:\/\/skaitytaknyga.lt\/#\/schema\/logo\/image\/"},"sameAs":["https:\/\/www.facebook.com\/skaitytaknyga\/"]}]}},"_links":{"self":[{"href":"https:\/\/skaitytaknyga.lt\/en\/wp-json\/wp\/v2\/product\/15925","targetHints":{"allow":["GET"]}}],"collection":[{"href":"https:\/\/skaitytaknyga.lt\/en\/wp-json\/wp\/v2\/product"}],"about":[{"href":"https:\/\/skaitytaknyga.lt\/en\/wp-json\/wp\/v2\/types\/product"}],"replies":[{"embeddable":true,"href":"https:\/\/skaitytaknyga.lt\/en\/wp-json\/wp\/v2\/comments?post=15925"}],"wp:featuredmedia":[{"embeddable":true,"href":"https:\/\/skaitytaknyga.lt\/en\/wp-json\/wp\/v2\/media\/15926"}],"wp:attachment":[{"href":"https:\/\/skaitytaknyga.lt\/en\/wp-json\/wp\/v2\/media?parent=15925"}],"wp:term":[{"taxonomy":"product_brand","embeddable":true,"href":"https:\/\/skaitytaknyga.lt\/en\/wp-json\/wp\/v2\/product_brand?post=15925"},{"taxonomy":"product_cat","embeddable":true,"href":"https:\/\/skaitytaknyga.lt\/en\/wp-json\/wp\/v2\/product_cat?post=15925"},{"taxonomy":"product_tag","embeddable":true,"href":"https:\/\/skaitytaknyga.lt\/en\/wp-json\/wp\/v2\/product_tag?post=15925"}],"curies":[{"name":"wp","href":"https:\/\/api.w.org\/{rel}","templated":true}]}}