{"id":15923,"date":"2025-01-10T10:23:57","date_gmt":"2025-01-10T08:23:57","guid":{"rendered":"https:\/\/skaitytaknyga.lt\/?post_type=product&#038;p=15923"},"modified":"2025-09-09T21:23:20","modified_gmt":"2025-09-09T18:23:20","slug":"mano-pirmoji-zirgu-knyga","status":"publish","type":"product","link":"https:\/\/skaitytaknyga.lt\/en\/produktas\/mano-pirmoji-zirgu-knyga\/","title":{"rendered":"Mano pirmoji \u017eirg\u0173 knyga"},"content":{"rendered":"<p>Jei manai, kad \u017eirgas \u2013 gra\u017eiausias gyv\u016bnas \u017dem\u0117je, jeigu domina viskas, kas susij\u0119 su jais, jei pavyd\u017eiai stebi raitelius filmuose ar raitus policininkus, \u0161i knyga tau! Nuostabiai iliustruota knygel\u0117 apie \u017eirg\u0173 istorij\u0105 nuo viduram\u017ei\u0173 iki \u0161i\u0173 dien\u0173, j\u0173 savybes, prie\u017ei\u016bros ypatumus.<br \/>\nTaip pat su\u017einok:<\/p>\n<p>populiariausias \u017eirg\u0173 veisles<br \/>\nko reikia, kad \u017eirgas b\u016bt\u0173 sveikas ir linksmas<br \/>\nkaip pri\u017ei\u016br\u0117ti, \u0161erti ir \u0161ukuoti \u017eirg\u0105<br \/>\napie balnus, pasagas ir raitelio aprang\u0105<br \/>\npagrindinius \u017eirgininkyst\u0117s terminus ir raiteli\u0173 \u017eodyn\u0105<\/p>\n<p>Galb\u016bt kada nors ateis diena, kai panor\u0117si s\u0117sti ant \u017eirgo, pajusti, kaip grak\u0161\u010diai juda jo k\u016bnas, i\u0161girsti girg\u017edant\u012f baln\u0105 ir suvokti, jog gali priversti did\u017eiul\u012f \u017eirg\u0105 eiti ten, kur nori tu!<\/p>\n<p>Autorius: Ingrid Andersson<br \/>\nLeid\u0117jas: Obuoliukas<br \/>\nMetai: 2012<br \/>\nPuslapiai: 48<br \/>\nISBN: 9786094033506<br \/>\nFormatas: 19,4 x 26,5 cm, kieti vir\u0161eliai<br \/>\nKalba: Lietuvi\u0173<br \/>\nVert\u0117jas: Gytaut\u0117 Gru\u017eauskait\u0117<\/p>\n","protected":false},"excerpt":{"rendered":"<p>Jei manai, kad \u017eirgas \u2013 gra\u017eiausias gyv\u016bnas \u017dem\u0117je, jeigu domina viskas, kas susij\u0119 su jais, jei pavyd\u017eiai stebi raitelius filmuose ar raitus policininkus, \u0161i knyga tau! Nuostabiai iliustruota knygel\u0117 apie \u017eirg\u0173 istorij\u0105 nuo viduram\u017ei\u0173 iki \u0161i\u0173 dien\u0173, j\u0173 savybes, prie\u017ei\u016bros ypatumus. Taip pat su\u017einok: populiariausias \u017eirg\u0173 veisles ko reikia, kad \u017eirgas b\u016bt\u0173 sveikas ir linksmas kaip pri\u017ei\u016br\u0117ti, \u0161erti ir \u0161ukuoti \u017eirg\u0105 apie balnus, pasagas ir raitelio aprang\u0105 pagrindinius \u017eirgininkyst\u0117s terminus ir raiteli\u0173 \u017eodyn\u0105 Galb\u016bt kada nors ateis diena, kai panor\u0117si s\u0117sti ant \u017eirgo, pajusti, kaip grak\u0161\u010diai juda jo k\u016bnas, i\u0161girsti girg\u017edant\u012f baln\u0105 ir suvokti, jog gali priversti did\u017eiul\u012f \u017eirg\u0105 eiti ten, kur nori tu! Autorius: Ingrid Andersson Leid\u0117jas: Obuoliukas Metai: 2012 Puslapiai: 48 ISBN: 9786094033506 Formatas: 19,4 x 26,5 cm, kieti vir\u0161eliai Kalba: Lietuvi\u0173 Vert\u0117jas: Gytaut\u0117 Gru\u017eauskait\u0117<\/p>\n","protected":false},"featured_media":15924,"comment_status":"open","ping_status":"closed","template":"","meta":{"_acf_changed":false,"site-sidebar-layout":"default","site-content-layout":"","ast-site-content-layout":"default","site-content-style":"default","site-sidebar-style":"default","ast-global-header-display":"","ast-banner-title-visibility":"","ast-main-header-display":"","ast-hfb-above-header-display":"","ast-hfb-below-header-display":"","ast-hfb-mobile-header-display":"","site-post-title":"","ast-breadcrumbs-content":"","ast-featured-img":"","footer-sml-layout":"","ast-disable-related-posts":"","theme-transparent-header-meta":"default","adv-header-id-meta":"","stick-header-meta":"","header-above-stick-meta":"","header-main-stick-meta":"","header-below-stick-meta":"","astra-migrate-meta-layouts":"set","ast-page-background-enabled":"default","ast-page-background-meta":{"desktop":{"background-color":"","background-image":"","background-repeat":"repeat","background-position":"center center","background-size":"auto","background-attachment":"scroll","background-type":"","background-media":"","overlay-type":"","overlay-color":"","overlay-opacity":"","overlay-gradient":""},"tablet":{"background-color":"","background-image":"","background-repeat":"repeat","background-position":"center center","background-size":"auto","background-attachment":"scroll","background-type":"","background-media":"","overlay-type":"","overlay-color":"","overlay-opacity":"","overlay-gradient":""},"mobile":{"background-color":"","background-image":"","background-repeat":"repeat","background-position":"center center","background-size":"auto","background-attachment":"scroll","background-type":"","background-media":"","overlay-type":"","overlay-color":"","overlay-opacity":"","overlay-gradient":""}},"ast-content-background-meta":{"desktop":{"background-color":"var(--ast-global-color-4)","background-image":"","background-repeat":"repeat","background-position":"center center","background-size":"auto","background-attachment":"scroll","background-type":"","background-media":"","overlay-type":"","overlay-color":"","overlay-opacity":"","overlay-gradient":""},"tablet":{"background-color":"var(--ast-global-color-4)","background-image":"","background-repeat":"repeat","background-position":"center center","background-size":"auto","background-attachment":"scroll","background-type":"","background-media":"","overlay-type":"","overlay-color":"","overlay-opacity":"","overlay-gradient":""},"mobile":{"background-color":"var(--ast-global-color-4)","background-image":"","background-repeat":"repeat","background-position":"center center","background-size":"auto","background-attachment":"scroll","background-type":"","background-media":"","overlay-type":"","overlay-color":"","overlay-opacity":"","overlay-gradient":""}}},"product_brand":[],"product_cat":[15,35],"product_tag":[],"class_list":{"0":"post-15923","1":"product","2":"type-product","3":"status-publish","4":"has-post-thumbnail","6":"product_cat-uncategorized","7":"product_cat-vaikams-ir-paaugliams","8":"desktop-align-left","9":"tablet-align-left","10":"mobile-align-left","12":"first","13":"outofstock","14":"shipping-taxable","15":"purchasable","16":"product-type-simple"},"acf":[],"yoast_head":"<!-- This site is optimized with the Yoast SEO plugin v27.0 - https:\/\/yoast.com\/product\/yoast-seo-wordpress\/ -->\n<title>Mano pirmoji \u017eirg\u0173 knyga<\/title>\n<meta name=\"description\" content=\"Jei manai, kad \u017eirgas \u2013 gra\u017eiausias gyv\u016bnas \u017dem\u0117je, jeigu domina viskas, kas susij\u0119 su jais, jei pavyd\u017eiai stebi raitelius filmuose ar raitus\" \/>\n<meta name=\"robots\" content=\"index, follow, max-snippet:-1, max-image-preview:large, max-video-preview:-1\" \/>\n<link rel=\"canonical\" href=\"https:\/\/skaitytaknyga.lt\/en\/produktas\/mano-pirmoji-zirgu-knyga\/\" \/>\n<meta property=\"og:locale\" content=\"en_GB\" \/>\n<meta property=\"og:locale:alternate\" content=\"lt_LT\" \/>\n<meta property=\"og:type\" content=\"article\" \/>\n<meta property=\"og:title\" content=\"Mano pirmoji \u017eirg\u0173 knyga\" \/>\n<meta property=\"og:description\" content=\"Jei manai, kad \u017eirgas \u2013 gra\u017eiausias gyv\u016bnas \u017dem\u0117je, jeigu domina viskas, kas susij\u0119 su jais, jei pavyd\u017eiai stebi raitelius filmuose ar raitus\" \/>\n<meta property=\"og:url\" content=\"https:\/\/skaitytaknyga.lt\/en\/produktas\/mano-pirmoji-zirgu-knyga\/\" \/>\n<meta property=\"og:site_name\" content=\"Skaitytaknyga\" \/>\n<meta property=\"article:publisher\" content=\"https:\/\/www.facebook.com\/skaitytaknyga\/\" \/>\n<meta property=\"article:modified_time\" content=\"2025-09-09T18:23:20+00:00\" \/>\n<meta property=\"og:image\" content=\"https:\/\/skaitytaknyga.lt\/wp-content\/uploads\/2025\/01\/Mano-pirmoji-zirgu-knyga-scaled.webp\" \/>\n\t<meta property=\"og:image:width\" content=\"1876\" \/>\n\t<meta property=\"og:image:height\" content=\"2560\" \/>\n\t<meta property=\"og:image:type\" content=\"image\/webp\" \/>\n<meta name=\"twitter:card\" content=\"summary_large_image\" \/>\n<meta name=\"twitter:label1\" content=\"Estimated reading time\" \/>\n\t<meta name=\"twitter:data1\" content=\"1 minute\" \/>\n<script type=\"application\/ld+json\" class=\"yoast-schema-graph\">{\"@context\":\"https:\/\/schema.org\",\"@graph\":[{\"@type\":\"WebPage\",\"@id\":\"https:\/\/skaitytaknyga.lt\/produktas\/mano-pirmoji-zirgu-knyga\/\",\"url\":\"https:\/\/skaitytaknyga.lt\/produktas\/mano-pirmoji-zirgu-knyga\/\",\"name\":\"Mano pirmoji \u017eirg\u0173 knyga\",\"isPartOf\":{\"@id\":\"https:\/\/skaitytaknyga.lt\/#website\"},\"primaryImageOfPage\":{\"@id\":\"https:\/\/skaitytaknyga.lt\/produktas\/mano-pirmoji-zirgu-knyga\/#primaryimage\"},\"image\":{\"@id\":\"https:\/\/skaitytaknyga.lt\/produktas\/mano-pirmoji-zirgu-knyga\/#primaryimage\"},\"thumbnailUrl\":\"https:\/\/skaitytaknyga.lt\/wp-content\/uploads\/2025\/01\/Mano-pirmoji-zirgu-knyga-scaled.webp\",\"datePublished\":\"2025-01-10T08:23:57+00:00\",\"dateModified\":\"2025-09-09T18:23:20+00:00\",\"description\":\"Jei manai, kad \u017eirgas \u2013 gra\u017eiausias gyv\u016bnas \u017dem\u0117je, jeigu domina viskas, kas susij\u0119 su jais, jei pavyd\u017eiai stebi raitelius filmuose ar raitus\",\"breadcrumb\":{\"@id\":\"https:\/\/skaitytaknyga.lt\/produktas\/mano-pirmoji-zirgu-knyga\/#breadcrumb\"},\"inLanguage\":\"en-GB\",\"potentialAction\":[{\"@type\":\"ReadAction\",\"target\":[\"https:\/\/skaitytaknyga.lt\/produktas\/mano-pirmoji-zirgu-knyga\/\"]}]},{\"@type\":\"ImageObject\",\"inLanguage\":\"en-GB\",\"@id\":\"https:\/\/skaitytaknyga.lt\/produktas\/mano-pirmoji-zirgu-knyga\/#primaryimage\",\"url\":\"https:\/\/skaitytaknyga.lt\/wp-content\/uploads\/2025\/01\/Mano-pirmoji-zirgu-knyga-scaled.webp\",\"contentUrl\":\"https:\/\/skaitytaknyga.lt\/wp-content\/uploads\/2025\/01\/Mano-pirmoji-zirgu-knyga-scaled.webp\",\"width\":1876,\"height\":2560,\"caption\":\"Mano pirmoji \u017eirg\u0173 knyga\"},{\"@type\":\"BreadcrumbList\",\"@id\":\"https:\/\/skaitytaknyga.lt\/produktas\/mano-pirmoji-zirgu-knyga\/#breadcrumb\",\"itemListElement\":[{\"@type\":\"ListItem\",\"position\":1,\"name\":\"Home\",\"item\":\"https:\/\/skaitytaknyga.lt\/\"},{\"@type\":\"ListItem\",\"position\":2,\"name\":\"Parduotuv\u0117\",\"item\":\"https:\/\/skaitytaknyga.lt\/knygu-parduotuve\/\"},{\"@type\":\"ListItem\",\"position\":3,\"name\":\"Mano pirmoji \u017eirg\u0173 knyga\"}]},{\"@type\":\"WebSite\",\"@id\":\"https:\/\/skaitytaknyga.lt\/#website\",\"url\":\"https:\/\/skaitytaknyga.lt\/\",\"name\":\"skaitytaknyga.lt\",\"description\":\"Skaitytaknyga.lt \u2013 tai ma\u017eas \u0161eimos verslas, kuris prasid\u0117jo nuo meil\u0117s knygoms ir siekio i\u0161gelb\u0117ti knygas nuo likimo prie konteinerio. Kas vienam nereikalingas daiktas \u2013 kitam lobis, o mes esame tarpininkai, kurie padeda abiems tapti laimingesniems ???? \u017dinome kaip nelengva i\u0161gyventi ma\u017eiems verslams, tad nuo \u0161iol, \u010dia rasite ir kit\u0173, ma\u017e\u0173 \u0161eim\u0173 versl\u0173, rank\u0173 darbo, dovan\u0173 sau ir artimiesiems.\",\"publisher\":{\"@id\":\"https:\/\/skaitytaknyga.lt\/#organization\"},\"potentialAction\":[{\"@type\":\"SearchAction\",\"target\":{\"@type\":\"EntryPoint\",\"urlTemplate\":\"https:\/\/skaitytaknyga.lt\/?s={search_term_string}\"},\"query-input\":{\"@type\":\"PropertyValueSpecification\",\"valueRequired\":true,\"valueName\":\"search_term_string\"}}],\"inLanguage\":\"en-GB\"},{\"@type\":\"Organization\",\"@id\":\"https:\/\/skaitytaknyga.lt\/#organization\",\"name\":\"skaitytaknyga.lt\",\"url\":\"https:\/\/skaitytaknyga.lt\/\",\"logo\":{\"@type\":\"ImageObject\",\"inLanguage\":\"en-GB\",\"@id\":\"https:\/\/skaitytaknyga.lt\/#\/schema\/logo\/image\/\",\"url\":\"https:\/\/skaitytaknyga.lt\/wp-content\/uploads\/2024\/05\/cropped-cropped-cropped-02_00843_jt3bggkj1j3HLc7SyY6rEUpg.jpeg\",\"contentUrl\":\"https:\/\/skaitytaknyga.lt\/wp-content\/uploads\/2024\/05\/cropped-cropped-cropped-02_00843_jt3bggkj1j3HLc7SyY6rEUpg.jpeg\",\"width\":1600,\"height\":1600,\"caption\":\"skaitytaknyga.lt\"},\"image\":{\"@id\":\"https:\/\/skaitytaknyga.lt\/#\/schema\/logo\/image\/\"},\"sameAs\":[\"https:\/\/www.facebook.com\/skaitytaknyga\/\"]}]}<\/script>\n<!-- \/ Yoast SEO plugin. -->","yoast_head_json":{"title":"Mano pirmoji \u017eirg\u0173 knyga","description":"Jei manai, kad \u017eirgas \u2013 gra\u017eiausias gyv\u016bnas \u017dem\u0117je, jeigu domina viskas, kas susij\u0119 su jais, jei pavyd\u017eiai stebi raitelius filmuose ar raitus","robots":{"index":"index","follow":"follow","max-snippet":"max-snippet:-1","max-image-preview":"max-image-preview:large","max-video-preview":"max-video-preview:-1"},"canonical":"https:\/\/skaitytaknyga.lt\/en\/produktas\/mano-pirmoji-zirgu-knyga\/","og_locale":"en_GB","og_type":"article","og_title":"[:lt]Mano pirmoji \u017eirg\u0173 knyga[:] - Skaitytaknyga","og_description":"Jei manai, kad \u017eirgas \u2013 gra\u017eiausias gyv\u016bnas \u017dem\u0117je, jeigu domina viskas, kas susij\u0119 su jais, jei pavyd\u017eiai stebi raitelius filmuose ar raitus","og_url":"https:\/\/skaitytaknyga.lt\/en\/produktas\/mano-pirmoji-zirgu-knyga\/","og_site_name":"Skaitytaknyga","article_publisher":"https:\/\/www.facebook.com\/skaitytaknyga\/","article_modified_time":"2025-09-09T18:23:20+00:00","og_image":[{"width":1876,"height":2560,"url":"https:\/\/skaitytaknyga.lt\/wp-content\/uploads\/2025\/01\/Mano-pirmoji-zirgu-knyga-scaled.webp","type":"image\/webp"}],"twitter_card":"summary_large_image","twitter_misc":{"Estimated reading time":"1 minute"},"schema":{"@context":"https:\/\/schema.org","@graph":[{"@type":"WebPage","@id":"https:\/\/skaitytaknyga.lt\/produktas\/mano-pirmoji-zirgu-knyga\/","url":"https:\/\/skaitytaknyga.lt\/produktas\/mano-pirmoji-zirgu-knyga\/","name":"Mano pirmoji \u017eirg\u0173 knyga","isPartOf":{"@id":"https:\/\/skaitytaknyga.lt\/#website"},"primaryImageOfPage":{"@id":"https:\/\/skaitytaknyga.lt\/produktas\/mano-pirmoji-zirgu-knyga\/#primaryimage"},"image":{"@id":"https:\/\/skaitytaknyga.lt\/produktas\/mano-pirmoji-zirgu-knyga\/#primaryimage"},"thumbnailUrl":"https:\/\/skaitytaknyga.lt\/wp-content\/uploads\/2025\/01\/Mano-pirmoji-zirgu-knyga-scaled.webp","datePublished":"2025-01-10T08:23:57+00:00","dateModified":"2025-09-09T18:23:20+00:00","description":"Jei manai, kad \u017eirgas \u2013 gra\u017eiausias gyv\u016bnas \u017dem\u0117je, jeigu domina viskas, kas susij\u0119 su jais, jei pavyd\u017eiai stebi raitelius filmuose ar raitus","breadcrumb":{"@id":"https:\/\/skaitytaknyga.lt\/produktas\/mano-pirmoji-zirgu-knyga\/#breadcrumb"},"inLanguage":"en-GB","potentialAction":[{"@type":"ReadAction","target":["https:\/\/skaitytaknyga.lt\/produktas\/mano-pirmoji-zirgu-knyga\/"]}]},{"@type":"ImageObject","inLanguage":"en-GB","@id":"https:\/\/skaitytaknyga.lt\/produktas\/mano-pirmoji-zirgu-knyga\/#primaryimage","url":"https:\/\/skaitytaknyga.lt\/wp-content\/uploads\/2025\/01\/Mano-pirmoji-zirgu-knyga-scaled.webp","contentUrl":"https:\/\/skaitytaknyga.lt\/wp-content\/uploads\/2025\/01\/Mano-pirmoji-zirgu-knyga-scaled.webp","width":1876,"height":2560,"caption":"Mano pirmoji \u017eirg\u0173 knyga"},{"@type":"BreadcrumbList","@id":"https:\/\/skaitytaknyga.lt\/produktas\/mano-pirmoji-zirgu-knyga\/#breadcrumb","itemListElement":[{"@type":"ListItem","position":1,"name":"Home","item":"https:\/\/skaitytaknyga.lt\/"},{"@type":"ListItem","position":2,"name":"Parduotuv\u0117","item":"https:\/\/skaitytaknyga.lt\/knygu-parduotuve\/"},{"@type":"ListItem","position":3,"name":"Mano pirmoji \u017eirg\u0173 knyga"}]},{"@type":"WebSite","@id":"https:\/\/skaitytaknyga.lt\/#website","url":"https:\/\/skaitytaknyga.lt\/","name":"skaitytaknyga.lt","description":"Skaitytaknyga.lt \u2013 tai ma\u017eas \u0161eimos verslas, kuris prasid\u0117jo nuo meil\u0117s knygoms ir siekio i\u0161gelb\u0117ti knygas nuo likimo prie konteinerio. Kas vienam nereikalingas daiktas \u2013 kitam lobis, o mes esame tarpininkai, kurie padeda abiems tapti laimingesniems ???? \u017dinome kaip nelengva i\u0161gyventi ma\u017eiems verslams, tad nuo \u0161iol, \u010dia rasite ir kit\u0173, ma\u017e\u0173 \u0161eim\u0173 versl\u0173, rank\u0173 darbo, dovan\u0173 sau ir artimiesiems.","publisher":{"@id":"https:\/\/skaitytaknyga.lt\/#organization"},"potentialAction":[{"@type":"SearchAction","target":{"@type":"EntryPoint","urlTemplate":"https:\/\/skaitytaknyga.lt\/?s={search_term_string}"},"query-input":{"@type":"PropertyValueSpecification","valueRequired":true,"valueName":"search_term_string"}}],"inLanguage":"en-GB"},{"@type":"Organization","@id":"https:\/\/skaitytaknyga.lt\/#organization","name":"skaitytaknyga.lt","url":"https:\/\/skaitytaknyga.lt\/","logo":{"@type":"ImageObject","inLanguage":"en-GB","@id":"https:\/\/skaitytaknyga.lt\/#\/schema\/logo\/image\/","url":"https:\/\/skaitytaknyga.lt\/wp-content\/uploads\/2024\/05\/cropped-cropped-cropped-02_00843_jt3bggkj1j3HLc7SyY6rEUpg.jpeg","contentUrl":"https:\/\/skaitytaknyga.lt\/wp-content\/uploads\/2024\/05\/cropped-cropped-cropped-02_00843_jt3bggkj1j3HLc7SyY6rEUpg.jpeg","width":1600,"height":1600,"caption":"skaitytaknyga.lt"},"image":{"@id":"https:\/\/skaitytaknyga.lt\/#\/schema\/logo\/image\/"},"sameAs":["https:\/\/www.facebook.com\/skaitytaknyga\/"]}]}},"_links":{"self":[{"href":"https:\/\/skaitytaknyga.lt\/en\/wp-json\/wp\/v2\/product\/15923","targetHints":{"allow":["GET"]}}],"collection":[{"href":"https:\/\/skaitytaknyga.lt\/en\/wp-json\/wp\/v2\/product"}],"about":[{"href":"https:\/\/skaitytaknyga.lt\/en\/wp-json\/wp\/v2\/types\/product"}],"replies":[{"embeddable":true,"href":"https:\/\/skaitytaknyga.lt\/en\/wp-json\/wp\/v2\/comments?post=15923"}],"wp:featuredmedia":[{"embeddable":true,"href":"https:\/\/skaitytaknyga.lt\/en\/wp-json\/wp\/v2\/media\/15924"}],"wp:attachment":[{"href":"https:\/\/skaitytaknyga.lt\/en\/wp-json\/wp\/v2\/media?parent=15923"}],"wp:term":[{"taxonomy":"product_brand","embeddable":true,"href":"https:\/\/skaitytaknyga.lt\/en\/wp-json\/wp\/v2\/product_brand?post=15923"},{"taxonomy":"product_cat","embeddable":true,"href":"https:\/\/skaitytaknyga.lt\/en\/wp-json\/wp\/v2\/product_cat?post=15923"},{"taxonomy":"product_tag","embeddable":true,"href":"https:\/\/skaitytaknyga.lt\/en\/wp-json\/wp\/v2\/product_tag?post=15923"}],"curies":[{"name":"wp","href":"https:\/\/api.w.org\/{rel}","templated":true}]}}