{"id":15921,"date":"2025-01-10T10:21:36","date_gmt":"2025-01-10T08:21:36","guid":{"rendered":"https:\/\/skaitytaknyga.lt\/?post_type=product&#038;p=15921"},"modified":"2025-02-10T17:40:45","modified_gmt":"2025-02-10T15:40:45","slug":"jums-mazi-ir-didesni","status":"publish","type":"product","link":"https:\/\/skaitytaknyga.lt\/en\/produktas\/jums-mazi-ir-didesni\/","title":{"rendered":"Jums, ma\u017ei ir didesni"},"content":{"rendered":"<p>Kiekvienas vaikas, ma\u017eas ir truput\u012f paaug\u0119s, save, savo vidin\u012f pasaul\u012f kuria gaudamas vienoki\u0105 ar kitoki\u0105 informacij\u0105 apie j\u012f supan\u010dius \u017emones, pa\u010dius \u012fvairiausius aplinkos daiktus ir rei\u0161kinius. Vaiko teis\u0117 \u2013 gauti informacij\u0105, kuri atitikt\u0173 jo am\u017eiaus ypatybes, jo poreikius, interesus.<\/p>\n<p>Skaitini\u0173 knygoje \u201eJums, ma\u017ei ir didesni&#8221; pateikti lietuvi\u0173 tautosakos ir literat\u016bros k\u016brin\u0117liai atitinka ikimokyklin\u012f vaik\u0173 am\u017ei\u0173 bei \u0161iuolaikin\u012f edukacin\u012f vaik\u0173 literat\u016brinio prusinimo supratim\u0105. Pasakojami, deklamuojami ar skaitomi, jie padeda ma\u017eajam klausytojui pa\u017einti j\u012f supant\u012f pasaul\u012f, perprasti m\u016bs\u0173 etnin\u012f paveld\u0105, pajusti m\u016bs\u0173 tautos savast\u012f. Jie turtina vaiko kalb\u0105 \u017eod\u017eiais ir posakiais, kurie vartotini \u012fvairiose socialin\u0117se situacijose. Tarmi\u0161ki skaitini\u0173 k\u016brin\u0117liai skatina vaiko savigarb\u0105, puosel\u0117ja jo kalbos jausm\u0105. Turtinga, spalvinga, gyva skaitini\u0173 kalba veikia vaiko kalbos gramatin\u0119 rai\u0161k\u0105, rodo jam \u017eod\u017eio reik\u0161mi\u0173 \u012fvairov\u0119.<\/p>\n<p>Knyga pirmiausiai skirta vaik\u0173 ugdymo \u012fstaig\u0173 darbuotojams bei ma\u017e\u0173 vaik\u0173 t\u0117vams. Ji &#8211; dviej\u0173 dali\u0173. Pirmoje dalyje \u2013 k\u016brin\u0117liai vaikams iki 3 met\u0173, antroji \u2013 vyresniems ikimokyklinukams skirti k\u016briniai. Kiekvienos dalies k\u016briniai suskirstyti pagal temas. Ir teminis, ir k\u016brini\u0173 skirstymas pagal vaik\u0173 am\u017ei\u0173 s\u0105lyginis. Patiems ma\u017eiausiems skirtos dalies k\u016brini\u0173 gali klausytis ir vyresni, vyresni\u0173j\u0173 \u2013 ma\u017eiukai, o daugelyje k\u016brini\u0173 galima \u012f\u017ei\u016br\u0117ti \u012fvairi\u0173 tem\u0173 atspalvius.<\/p>\n<p>Autorius: Vitolda Sofija Glebuvien\u0117, Aldona Mazolevskien\u0117<br \/>\nLeid\u0117jas: Alma littera<br \/>\nMetai: 2010<br \/>\nPuslapiai: 268<br \/>\nISBN: 9789955386490<br \/>\nVersijos kodas: PT.<br \/>\nFormatas: 20,3 x 29,2 cm, kieti vir\u0161eliai<br \/>\nKalba: Lietuvi\u0173<\/p>\n","protected":false},"excerpt":{"rendered":"<p>Kiekvienas vaikas, ma\u017eas ir truput\u012f paaug\u0119s, save, savo vidin\u012f pasaul\u012f kuria gaudamas vienoki\u0105 ar kitoki\u0105 informacij\u0105 apie j\u012f supan\u010dius \u017emones, pa\u010dius \u012fvairiausius aplinkos daiktus ir rei\u0161kinius. Vaiko teis\u0117 \u2013 gauti informacij\u0105, kuri atitikt\u0173 jo am\u017eiaus ypatybes, jo poreikius, interesus. Skaitini\u0173 knygoje \u201eJums, ma\u017ei ir didesni&#8221; pateikti lietuvi\u0173 tautosakos ir literat\u016bros k\u016brin\u0117liai atitinka ikimokyklin\u012f vaik\u0173 am\u017ei\u0173 bei \u0161iuolaikin\u012f edukacin\u012f vaik\u0173 literat\u016brinio prusinimo supratim\u0105. Pasakojami, deklamuojami ar skaitomi, jie padeda ma\u017eajam klausytojui pa\u017einti j\u012f supant\u012f pasaul\u012f, perprasti m\u016bs\u0173 etnin\u012f paveld\u0105, pajusti m\u016bs\u0173 tautos savast\u012f. Jie turtina vaiko kalb\u0105 \u017eod\u017eiais ir posakiais, kurie vartotini \u012fvairiose socialin\u0117se situacijose. Tarmi\u0161ki skaitini\u0173 k\u016brin\u0117liai skatina vaiko savigarb\u0105, puosel\u0117ja jo kalbos jausm\u0105. Turtinga, spalvinga, gyva skaitini\u0173 kalba veikia vaiko kalbos gramatin\u0119 rai\u0161k\u0105, rodo jam \u017eod\u017eio reik\u0161mi\u0173 \u012fvairov\u0119. Knyga pirmiausiai skirta vaik\u0173 ugdymo \u012fstaig\u0173 darbuotojams bei ma\u017e\u0173 vaik\u0173 t\u0117vams. Ji &#8211; dviej\u0173 dali\u0173. Pirmoje dalyje \u2013 k\u016brin\u0117liai vaikams iki 3 met\u0173, antroji \u2013 vyresniems ikimokyklinukams skirti k\u016briniai. Kiekvienos dalies k\u016briniai suskirstyti pagal temas. Ir teminis, ir k\u016brini\u0173 skirstymas pagal vaik\u0173 am\u017ei\u0173 s\u0105lyginis. Patiems ma\u017eiausiems skirtos dalies k\u016brini\u0173 gali klausytis ir vyresni, vyresni\u0173j\u0173 \u2013 ma\u017eiukai, o daugelyje k\u016brini\u0173 galima \u012f\u017ei\u016br\u0117ti \u012fvairi\u0173 tem\u0173 atspalvius. Autorius: Vitolda Sofija Glebuvien\u0117, Aldona Mazolevskien\u0117 Leid\u0117jas: Alma littera Metai: 2010 Puslapiai: 268 ISBN: 9789955386490 Versijos kodas: PT. Formatas: 20,3 x 29,2 cm, kieti vir\u0161eliai Kalba: Lietuvi\u0173<\/p>\n","protected":false},"featured_media":15922,"comment_status":"open","ping_status":"closed","template":"","meta":{"_acf_changed":false,"site-sidebar-layout":"default","site-content-layout":"","ast-site-content-layout":"default","site-content-style":"default","site-sidebar-style":"default","ast-global-header-display":"","ast-banner-title-visibility":"","ast-main-header-display":"","ast-hfb-above-header-display":"","ast-hfb-below-header-display":"","ast-hfb-mobile-header-display":"","site-post-title":"","ast-breadcrumbs-content":"","ast-featured-img":"","footer-sml-layout":"","ast-disable-related-posts":"","theme-transparent-header-meta":"default","adv-header-id-meta":"","stick-header-meta":"","header-above-stick-meta":"","header-main-stick-meta":"","header-below-stick-meta":"","astra-migrate-meta-layouts":"set","ast-page-background-enabled":"default","ast-page-background-meta":{"desktop":{"background-color":"","background-image":"","background-repeat":"repeat","background-position":"center center","background-size":"auto","background-attachment":"scroll","background-type":"","background-media":"","overlay-type":"","overlay-color":"","overlay-opacity":"","overlay-gradient":""},"tablet":{"background-color":"","background-image":"","background-repeat":"repeat","background-position":"center center","background-size":"auto","background-attachment":"scroll","background-type":"","background-media":"","overlay-type":"","overlay-color":"","overlay-opacity":"","overlay-gradient":""},"mobile":{"background-color":"","background-image":"","background-repeat":"repeat","background-position":"center center","background-size":"auto","background-attachment":"scroll","background-type":"","background-media":"","overlay-type":"","overlay-color":"","overlay-opacity":"","overlay-gradient":""}},"ast-content-background-meta":{"desktop":{"background-color":"var(--ast-global-color-4)","background-image":"","background-repeat":"repeat","background-position":"center center","background-size":"auto","background-attachment":"scroll","background-type":"","background-media":"","overlay-type":"","overlay-color":"","overlay-opacity":"","overlay-gradient":""},"tablet":{"background-color":"var(--ast-global-color-4)","background-image":"","background-repeat":"repeat","background-position":"center center","background-size":"auto","background-attachment":"scroll","background-type":"","background-media":"","overlay-type":"","overlay-color":"","overlay-opacity":"","overlay-gradient":""},"mobile":{"background-color":"var(--ast-global-color-4)","background-image":"","background-repeat":"repeat","background-position":"center center","background-size":"auto","background-attachment":"scroll","background-type":"","background-media":"","overlay-type":"","overlay-color":"","overlay-opacity":"","overlay-gradient":""}}},"product_brand":[],"product_cat":[15,35],"product_tag":[],"class_list":{"0":"post-15921","1":"product","2":"type-product","3":"status-publish","4":"has-post-thumbnail","6":"product_cat-uncategorized","7":"product_cat-vaikams-ir-paaugliams","8":"desktop-align-left","9":"tablet-align-left","10":"mobile-align-left","12":"first","13":"outofstock","14":"shipping-taxable","15":"purchasable","16":"product-type-simple"},"acf":[],"yoast_head":"<!-- This site is optimized with the Yoast SEO plugin v27.0 - https:\/\/yoast.com\/product\/yoast-seo-wordpress\/ -->\n<title>Jums, ma\u017ei ir didesni<\/title>\n<meta name=\"description\" content=\"Kiekvienas vaikas, ma\u017eas ir truput\u012f paaug\u0119s, save, savo vidin\u012f pasaul\u012f kuria gaudamas vienoki\u0105 ar kitoki\u0105 informacij\u0105 apie j\u012f supan\u010dius \u017emones, pa\u010dius\" \/>\n<meta name=\"robots\" content=\"index, follow, max-snippet:-1, max-image-preview:large, max-video-preview:-1\" \/>\n<link rel=\"canonical\" href=\"https:\/\/skaitytaknyga.lt\/en\/produktas\/jums-mazi-ir-didesni\/\" \/>\n<meta property=\"og:locale\" content=\"en_GB\" \/>\n<meta property=\"og:locale:alternate\" content=\"lt_LT\" \/>\n<meta property=\"og:type\" content=\"article\" \/>\n<meta property=\"og:title\" content=\"Jums, ma\u017ei ir didesni\" \/>\n<meta property=\"og:description\" content=\"Kiekvienas vaikas, ma\u017eas ir truput\u012f paaug\u0119s, save, savo vidin\u012f pasaul\u012f kuria gaudamas vienoki\u0105 ar kitoki\u0105 informacij\u0105 apie j\u012f supan\u010dius \u017emones, pa\u010dius\" \/>\n<meta property=\"og:url\" content=\"https:\/\/skaitytaknyga.lt\/en\/produktas\/jums-mazi-ir-didesni\/\" \/>\n<meta property=\"og:site_name\" content=\"Skaitytaknyga\" \/>\n<meta property=\"article:publisher\" content=\"https:\/\/www.facebook.com\/skaitytaknyga\/\" \/>\n<meta property=\"article:modified_time\" content=\"2025-02-10T15:40:45+00:00\" \/>\n<meta property=\"og:image\" content=\"https:\/\/skaitytaknyga.lt\/wp-content\/uploads\/2025\/01\/Jums-mazi-ir-didesni.webp\" \/>\n\t<meta property=\"og:image:width\" content=\"285\" \/>\n\t<meta property=\"og:image:height\" content=\"408\" \/>\n\t<meta property=\"og:image:type\" content=\"image\/webp\" \/>\n<meta name=\"twitter:card\" content=\"summary_large_image\" \/>\n<meta name=\"twitter:label1\" content=\"Estimated reading time\" \/>\n\t<meta name=\"twitter:data1\" content=\"2 minutes\" \/>\n<script type=\"application\/ld+json\" class=\"yoast-schema-graph\">{\"@context\":\"https:\/\/schema.org\",\"@graph\":[{\"@type\":\"WebPage\",\"@id\":\"https:\/\/skaitytaknyga.lt\/produktas\/jums-mazi-ir-didesni\/\",\"url\":\"https:\/\/skaitytaknyga.lt\/produktas\/jums-mazi-ir-didesni\/\",\"name\":\"Jums, ma\u017ei ir didesni\",\"isPartOf\":{\"@id\":\"https:\/\/skaitytaknyga.lt\/#website\"},\"primaryImageOfPage\":{\"@id\":\"https:\/\/skaitytaknyga.lt\/produktas\/jums-mazi-ir-didesni\/#primaryimage\"},\"image\":{\"@id\":\"https:\/\/skaitytaknyga.lt\/produktas\/jums-mazi-ir-didesni\/#primaryimage\"},\"thumbnailUrl\":\"https:\/\/skaitytaknyga.lt\/wp-content\/uploads\/2025\/01\/Jums-mazi-ir-didesni.webp\",\"datePublished\":\"2025-01-10T08:21:36+00:00\",\"dateModified\":\"2025-02-10T15:40:45+00:00\",\"description\":\"Kiekvienas vaikas, ma\u017eas ir truput\u012f paaug\u0119s, save, savo vidin\u012f pasaul\u012f kuria gaudamas vienoki\u0105 ar kitoki\u0105 informacij\u0105 apie j\u012f supan\u010dius \u017emones, pa\u010dius\",\"breadcrumb\":{\"@id\":\"https:\/\/skaitytaknyga.lt\/produktas\/jums-mazi-ir-didesni\/#breadcrumb\"},\"inLanguage\":\"en-GB\",\"potentialAction\":[{\"@type\":\"ReadAction\",\"target\":[\"https:\/\/skaitytaknyga.lt\/produktas\/jums-mazi-ir-didesni\/\"]}]},{\"@type\":\"ImageObject\",\"inLanguage\":\"en-GB\",\"@id\":\"https:\/\/skaitytaknyga.lt\/produktas\/jums-mazi-ir-didesni\/#primaryimage\",\"url\":\"https:\/\/skaitytaknyga.lt\/wp-content\/uploads\/2025\/01\/Jums-mazi-ir-didesni.webp\",\"contentUrl\":\"https:\/\/skaitytaknyga.lt\/wp-content\/uploads\/2025\/01\/Jums-mazi-ir-didesni.webp\",\"width\":285,\"height\":408,\"caption\":\"Jums, ma\u017ei ir didesni\"},{\"@type\":\"BreadcrumbList\",\"@id\":\"https:\/\/skaitytaknyga.lt\/produktas\/jums-mazi-ir-didesni\/#breadcrumb\",\"itemListElement\":[{\"@type\":\"ListItem\",\"position\":1,\"name\":\"Home\",\"item\":\"https:\/\/skaitytaknyga.lt\/\"},{\"@type\":\"ListItem\",\"position\":2,\"name\":\"Parduotuv\u0117\",\"item\":\"https:\/\/skaitytaknyga.lt\/knygu-parduotuve\/\"},{\"@type\":\"ListItem\",\"position\":3,\"name\":\"Jums, ma\u017ei ir didesni\"}]},{\"@type\":\"WebSite\",\"@id\":\"https:\/\/skaitytaknyga.lt\/#website\",\"url\":\"https:\/\/skaitytaknyga.lt\/\",\"name\":\"skaitytaknyga.lt\",\"description\":\"Skaitytaknyga.lt \u2013 tai ma\u017eas \u0161eimos verslas, kuris prasid\u0117jo nuo meil\u0117s knygoms ir siekio i\u0161gelb\u0117ti knygas nuo likimo prie konteinerio. Kas vienam nereikalingas daiktas \u2013 kitam lobis, o mes esame tarpininkai, kurie padeda abiems tapti laimingesniems ???? \u017dinome kaip nelengva i\u0161gyventi ma\u017eiems verslams, tad nuo \u0161iol, \u010dia rasite ir kit\u0173, ma\u017e\u0173 \u0161eim\u0173 versl\u0173, rank\u0173 darbo, dovan\u0173 sau ir artimiesiems.\",\"publisher\":{\"@id\":\"https:\/\/skaitytaknyga.lt\/#organization\"},\"potentialAction\":[{\"@type\":\"SearchAction\",\"target\":{\"@type\":\"EntryPoint\",\"urlTemplate\":\"https:\/\/skaitytaknyga.lt\/?s={search_term_string}\"},\"query-input\":{\"@type\":\"PropertyValueSpecification\",\"valueRequired\":true,\"valueName\":\"search_term_string\"}}],\"inLanguage\":\"en-GB\"},{\"@type\":\"Organization\",\"@id\":\"https:\/\/skaitytaknyga.lt\/#organization\",\"name\":\"skaitytaknyga.lt\",\"url\":\"https:\/\/skaitytaknyga.lt\/\",\"logo\":{\"@type\":\"ImageObject\",\"inLanguage\":\"en-GB\",\"@id\":\"https:\/\/skaitytaknyga.lt\/#\/schema\/logo\/image\/\",\"url\":\"https:\/\/skaitytaknyga.lt\/wp-content\/uploads\/2024\/05\/cropped-cropped-cropped-02_00843_jt3bggkj1j3HLc7SyY6rEUpg.jpeg\",\"contentUrl\":\"https:\/\/skaitytaknyga.lt\/wp-content\/uploads\/2024\/05\/cropped-cropped-cropped-02_00843_jt3bggkj1j3HLc7SyY6rEUpg.jpeg\",\"width\":1600,\"height\":1600,\"caption\":\"skaitytaknyga.lt\"},\"image\":{\"@id\":\"https:\/\/skaitytaknyga.lt\/#\/schema\/logo\/image\/\"},\"sameAs\":[\"https:\/\/www.facebook.com\/skaitytaknyga\/\"]}]}<\/script>\n<!-- \/ Yoast SEO plugin. -->","yoast_head_json":{"title":"Jums, ma\u017ei ir didesni","description":"Kiekvienas vaikas, ma\u017eas ir truput\u012f paaug\u0119s, save, savo vidin\u012f pasaul\u012f kuria gaudamas vienoki\u0105 ar kitoki\u0105 informacij\u0105 apie j\u012f supan\u010dius \u017emones, pa\u010dius","robots":{"index":"index","follow":"follow","max-snippet":"max-snippet:-1","max-image-preview":"max-image-preview:large","max-video-preview":"max-video-preview:-1"},"canonical":"https:\/\/skaitytaknyga.lt\/en\/produktas\/jums-mazi-ir-didesni\/","og_locale":"en_GB","og_type":"article","og_title":"[:lt]Jums, ma\u017ei ir didesni[:] - Skaitytaknyga","og_description":"Kiekvienas vaikas, ma\u017eas ir truput\u012f paaug\u0119s, save, savo vidin\u012f pasaul\u012f kuria gaudamas vienoki\u0105 ar kitoki\u0105 informacij\u0105 apie j\u012f supan\u010dius \u017emones, pa\u010dius","og_url":"https:\/\/skaitytaknyga.lt\/en\/produktas\/jums-mazi-ir-didesni\/","og_site_name":"Skaitytaknyga","article_publisher":"https:\/\/www.facebook.com\/skaitytaknyga\/","article_modified_time":"2025-02-10T15:40:45+00:00","og_image":[{"width":285,"height":408,"url":"https:\/\/skaitytaknyga.lt\/wp-content\/uploads\/2025\/01\/Jums-mazi-ir-didesni.webp","type":"image\/webp"}],"twitter_card":"summary_large_image","twitter_misc":{"Estimated reading time":"2 minutes"},"schema":{"@context":"https:\/\/schema.org","@graph":[{"@type":"WebPage","@id":"https:\/\/skaitytaknyga.lt\/produktas\/jums-mazi-ir-didesni\/","url":"https:\/\/skaitytaknyga.lt\/produktas\/jums-mazi-ir-didesni\/","name":"Jums, ma\u017ei ir didesni","isPartOf":{"@id":"https:\/\/skaitytaknyga.lt\/#website"},"primaryImageOfPage":{"@id":"https:\/\/skaitytaknyga.lt\/produktas\/jums-mazi-ir-didesni\/#primaryimage"},"image":{"@id":"https:\/\/skaitytaknyga.lt\/produktas\/jums-mazi-ir-didesni\/#primaryimage"},"thumbnailUrl":"https:\/\/skaitytaknyga.lt\/wp-content\/uploads\/2025\/01\/Jums-mazi-ir-didesni.webp","datePublished":"2025-01-10T08:21:36+00:00","dateModified":"2025-02-10T15:40:45+00:00","description":"Kiekvienas vaikas, ma\u017eas ir truput\u012f paaug\u0119s, save, savo vidin\u012f pasaul\u012f kuria gaudamas vienoki\u0105 ar kitoki\u0105 informacij\u0105 apie j\u012f supan\u010dius \u017emones, pa\u010dius","breadcrumb":{"@id":"https:\/\/skaitytaknyga.lt\/produktas\/jums-mazi-ir-didesni\/#breadcrumb"},"inLanguage":"en-GB","potentialAction":[{"@type":"ReadAction","target":["https:\/\/skaitytaknyga.lt\/produktas\/jums-mazi-ir-didesni\/"]}]},{"@type":"ImageObject","inLanguage":"en-GB","@id":"https:\/\/skaitytaknyga.lt\/produktas\/jums-mazi-ir-didesni\/#primaryimage","url":"https:\/\/skaitytaknyga.lt\/wp-content\/uploads\/2025\/01\/Jums-mazi-ir-didesni.webp","contentUrl":"https:\/\/skaitytaknyga.lt\/wp-content\/uploads\/2025\/01\/Jums-mazi-ir-didesni.webp","width":285,"height":408,"caption":"Jums, ma\u017ei ir didesni"},{"@type":"BreadcrumbList","@id":"https:\/\/skaitytaknyga.lt\/produktas\/jums-mazi-ir-didesni\/#breadcrumb","itemListElement":[{"@type":"ListItem","position":1,"name":"Home","item":"https:\/\/skaitytaknyga.lt\/"},{"@type":"ListItem","position":2,"name":"Parduotuv\u0117","item":"https:\/\/skaitytaknyga.lt\/knygu-parduotuve\/"},{"@type":"ListItem","position":3,"name":"Jums, ma\u017ei ir didesni"}]},{"@type":"WebSite","@id":"https:\/\/skaitytaknyga.lt\/#website","url":"https:\/\/skaitytaknyga.lt\/","name":"skaitytaknyga.lt","description":"Skaitytaknyga.lt \u2013 tai ma\u017eas \u0161eimos verslas, kuris prasid\u0117jo nuo meil\u0117s knygoms ir siekio i\u0161gelb\u0117ti knygas nuo likimo prie konteinerio. Kas vienam nereikalingas daiktas \u2013 kitam lobis, o mes esame tarpininkai, kurie padeda abiems tapti laimingesniems ???? \u017dinome kaip nelengva i\u0161gyventi ma\u017eiems verslams, tad nuo \u0161iol, \u010dia rasite ir kit\u0173, ma\u017e\u0173 \u0161eim\u0173 versl\u0173, rank\u0173 darbo, dovan\u0173 sau ir artimiesiems.","publisher":{"@id":"https:\/\/skaitytaknyga.lt\/#organization"},"potentialAction":[{"@type":"SearchAction","target":{"@type":"EntryPoint","urlTemplate":"https:\/\/skaitytaknyga.lt\/?s={search_term_string}"},"query-input":{"@type":"PropertyValueSpecification","valueRequired":true,"valueName":"search_term_string"}}],"inLanguage":"en-GB"},{"@type":"Organization","@id":"https:\/\/skaitytaknyga.lt\/#organization","name":"skaitytaknyga.lt","url":"https:\/\/skaitytaknyga.lt\/","logo":{"@type":"ImageObject","inLanguage":"en-GB","@id":"https:\/\/skaitytaknyga.lt\/#\/schema\/logo\/image\/","url":"https:\/\/skaitytaknyga.lt\/wp-content\/uploads\/2024\/05\/cropped-cropped-cropped-02_00843_jt3bggkj1j3HLc7SyY6rEUpg.jpeg","contentUrl":"https:\/\/skaitytaknyga.lt\/wp-content\/uploads\/2024\/05\/cropped-cropped-cropped-02_00843_jt3bggkj1j3HLc7SyY6rEUpg.jpeg","width":1600,"height":1600,"caption":"skaitytaknyga.lt"},"image":{"@id":"https:\/\/skaitytaknyga.lt\/#\/schema\/logo\/image\/"},"sameAs":["https:\/\/www.facebook.com\/skaitytaknyga\/"]}]}},"_links":{"self":[{"href":"https:\/\/skaitytaknyga.lt\/en\/wp-json\/wp\/v2\/product\/15921","targetHints":{"allow":["GET"]}}],"collection":[{"href":"https:\/\/skaitytaknyga.lt\/en\/wp-json\/wp\/v2\/product"}],"about":[{"href":"https:\/\/skaitytaknyga.lt\/en\/wp-json\/wp\/v2\/types\/product"}],"replies":[{"embeddable":true,"href":"https:\/\/skaitytaknyga.lt\/en\/wp-json\/wp\/v2\/comments?post=15921"}],"wp:featuredmedia":[{"embeddable":true,"href":"https:\/\/skaitytaknyga.lt\/en\/wp-json\/wp\/v2\/media\/15922"}],"wp:attachment":[{"href":"https:\/\/skaitytaknyga.lt\/en\/wp-json\/wp\/v2\/media?parent=15921"}],"wp:term":[{"taxonomy":"product_brand","embeddable":true,"href":"https:\/\/skaitytaknyga.lt\/en\/wp-json\/wp\/v2\/product_brand?post=15921"},{"taxonomy":"product_cat","embeddable":true,"href":"https:\/\/skaitytaknyga.lt\/en\/wp-json\/wp\/v2\/product_cat?post=15921"},{"taxonomy":"product_tag","embeddable":true,"href":"https:\/\/skaitytaknyga.lt\/en\/wp-json\/wp\/v2\/product_tag?post=15921"}],"curies":[{"name":"wp","href":"https:\/\/api.w.org\/{rel}","templated":true}]}}