{"id":15918,"date":"2025-01-09T17:03:19","date_gmt":"2025-01-09T15:03:19","guid":{"rendered":"https:\/\/skaitytaknyga.lt\/?post_type=product&#038;p=15918"},"modified":"2025-05-15T12:58:07","modified_gmt":"2025-05-15T09:58:07","slug":"5-valandos-klubas","status":"publish","type":"product","link":"https:\/\/skaitytaknyga.lt\/en\/produktas\/5-valandos-klubas\/","title":{"rendered":"5 VALANDOS KLUBAS"},"content":{"rendered":"<p>Knyg\u0105 \u201e5 valandos klubas\u201c autorius \u012ftemptai ra\u0161\u0117 ketverius metus. J\u0105 skaitydami, susipa\u017einsite su naujais \u012fpro\u010diais, kurie daugybei \u017emoni\u0173 pad\u0117jo siekti \u012fsp\u016bding\u0173 rezultat\u0173, \u0161ie \u017emon\u0117s tapo laimingi ir naudingi kitiems, jie \u0117m\u0117 jaustis kur kas gyvybingesni.<\/p>\n<p>Versdami \u0161ios knygos puslapius su\u017einosite:<\/p>\n<p>Kaip savo dien\u0105 pradeda i\u0161mintingi \u017emon\u0117s ir verslo titanai, kad j\u0173 pasiekimai b\u016bt\u0173 nepaprasti.<br \/>\nYpating\u0105 formul\u0119, leisian\u010di\u0105 leis jums pajausti \u012fkv\u0117pim\u0105, kuris lyd\u0117s jus vis\u0105 dien\u0105.<br \/>\nKaip apsaugoti savo ramias rytme\u010dio valandas, kad gal\u0117tum\u0117te pasimank\u0161tinti ir pasisemti gyvybini\u0173 j\u0117g\u0173.<br \/>\nKaip lengvai atsikelti tuo metu, kai dauguma \u017emoni\u0173 dar miega \u2013 tada prad\u0117site dien\u0105 be sumai\u0161ties, jausit\u0117s k\u016brybingi ir ram\u016bs.<br \/>\nTik \u201einsaideriams\u201c prieinam\u0105 taktik\u0105, kaip apsaugoti savo talentus ir kaip apginti svajones nuo \u012fvairi\u0173 gyvenimo smulkmen\u0173, kad jus lyd\u0117t\u0173 s\u0117km\u0117 ir kad darytum\u0117te poveik\u012f pasauliui.<\/p>\n<p>Robinas Sharma yra visame pasaulyje pripa\u017eintas humanistas ir vienas i\u0161 garsiausi\u0173 lyderyst\u0117s bei asmenin\u0117s veiklos optimizacijos ekspertas. Jo klientai \u2013 \u017einomi pasaulio milijardieriai, profesional\u016bs sportininkai ir kompanijos i\u0161 Fortune 100 s\u0105ra\u0161o. Robino Sharmos bestseleriai \u201eVienuolis, kuris pardav\u0117 Ferrar\u012f\u201c, \u201eKelias \u012f didingum\u0105\u201c, \u201eLyderis be titulo\u201c ir kitos knygos yra i\u0161verstos \u012f 92 kalbas. Robinas Sharma \u0161iandien\u0105 yra vienas i\u0161 \u017einomiausi\u0173 pasaulio ra\u0161ytoj\u0173.<\/p>\n<p>Originalus pavadinimas: THE 5 AM CLUB<br \/>\nAutorius: Robin Sharma<br \/>\nLeid\u0117jas: Luceo<br \/>\nMetai: 2022<br \/>\nPuslapiai: 316<br \/>\nISBN: 9786098112962<br \/>\nVersijos kodas: NN 01.23<br \/>\nFormatas: 14,5 x 21 x 2,5 cm, mink\u0161ti vir\u0161eliai<br \/>\nKalba: Lietuvi\u0173<br \/>\nVert\u0117jas: Rozita Znamenskait\u0117, Aleksandras Tomskis<\/p>\n","protected":false},"excerpt":{"rendered":"<p>Knyg\u0105 \u201e5 valandos klubas\u201c autorius \u012ftemptai ra\u0161\u0117 ketverius metus. J\u0105 skaitydami, susipa\u017einsite su naujais \u012fpro\u010diais, kurie daugybei \u017emoni\u0173 pad\u0117jo siekti \u012fsp\u016bding\u0173 rezultat\u0173, \u0161ie \u017emon\u0117s tapo laimingi ir naudingi kitiems, jie \u0117m\u0117 jaustis kur kas gyvybingesni. Versdami \u0161ios knygos puslapius su\u017einosite: Kaip savo dien\u0105 pradeda i\u0161mintingi \u017emon\u0117s ir verslo titanai, kad j\u0173 pasiekimai b\u016bt\u0173 nepaprasti. Ypating\u0105 formul\u0119, leisian\u010di\u0105 leis jums pajausti \u012fkv\u0117pim\u0105, kuris lyd\u0117s jus vis\u0105 dien\u0105. Kaip apsaugoti savo ramias rytme\u010dio valandas, kad gal\u0117tum\u0117te pasimank\u0161tinti ir pasisemti gyvybini\u0173 j\u0117g\u0173. Kaip lengvai atsikelti tuo metu, kai dauguma \u017emoni\u0173 dar miega \u2013 tada prad\u0117site dien\u0105 be sumai\u0161ties, jausit\u0117s k\u016brybingi ir ram\u016bs. Tik \u201einsaideriams\u201c prieinam\u0105 taktik\u0105, kaip apsaugoti savo talentus ir kaip apginti svajones nuo \u012fvairi\u0173 gyvenimo smulkmen\u0173, kad jus lyd\u0117t\u0173 s\u0117km\u0117 ir kad darytum\u0117te poveik\u012f pasauliui. Robinas Sharma yra visame pasaulyje pripa\u017eintas humanistas ir vienas i\u0161 garsiausi\u0173 lyderyst\u0117s bei asmenin\u0117s veiklos optimizacijos ekspertas. Jo klientai \u2013 \u017einomi pasaulio milijardieriai, profesional\u016bs sportininkai ir kompanijos i\u0161 Fortune 100 s\u0105ra\u0161o. Robino Sharmos bestseleriai \u201eVienuolis, kuris pardav\u0117 Ferrar\u012f\u201c, \u201eKelias \u012f didingum\u0105\u201c, \u201eLyderis be titulo\u201c ir kitos knygos yra i\u0161verstos \u012f 92 kalbas. Robinas Sharma \u0161iandien\u0105 yra vienas i\u0161 \u017einomiausi\u0173 pasaulio ra\u0161ytoj\u0173. Originalus pavadinimas: THE 5 AM CLUB Autorius: Robin Sharma Leid\u0117jas: Luceo Metai: 2022 Puslapiai: 316 ISBN: 9786098112962 Versijos kodas: NN 01.23 Formatas: 14,5 x 21 x 2,5 cm, mink\u0161ti vir\u0161eliai Kalba: Lietuvi\u0173 Vert\u0117jas: Rozita Znamenskait\u0117, Aleksandras Tomskis<\/p>\n","protected":false},"featured_media":15919,"comment_status":"closed","ping_status":"closed","template":"","meta":{"_acf_changed":false,"site-sidebar-layout":"default","site-content-layout":"","ast-site-content-layout":"default","site-content-style":"default","site-sidebar-style":"default","ast-global-header-display":"","ast-banner-title-visibility":"","ast-main-header-display":"","ast-hfb-above-header-display":"","ast-hfb-below-header-display":"","ast-hfb-mobile-header-display":"","site-post-title":"","ast-breadcrumbs-content":"","ast-featured-img":"","footer-sml-layout":"","ast-disable-related-posts":"","theme-transparent-header-meta":"default","adv-header-id-meta":"","stick-header-meta":"","header-above-stick-meta":"","header-main-stick-meta":"","header-below-stick-meta":"","astra-migrate-meta-layouts":"set","ast-page-background-enabled":"default","ast-page-background-meta":{"desktop":{"background-color":"","background-image":"","background-repeat":"repeat","background-position":"center center","background-size":"auto","background-attachment":"scroll","background-type":"","background-media":"","overlay-type":"","overlay-color":"","overlay-opacity":"","overlay-gradient":""},"tablet":{"background-color":"","background-image":"","background-repeat":"repeat","background-position":"center center","background-size":"auto","background-attachment":"scroll","background-type":"","background-media":"","overlay-type":"","overlay-color":"","overlay-opacity":"","overlay-gradient":""},"mobile":{"background-color":"","background-image":"","background-repeat":"repeat","background-position":"center center","background-size":"auto","background-attachment":"scroll","background-type":"","background-media":"","overlay-type":"","overlay-color":"","overlay-opacity":"","overlay-gradient":""}},"ast-content-background-meta":{"desktop":{"background-color":"var(--ast-global-color-4)","background-image":"","background-repeat":"repeat","background-position":"center center","background-size":"auto","background-attachment":"scroll","background-type":"","background-media":"","overlay-type":"","overlay-color":"","overlay-opacity":"","overlay-gradient":""},"tablet":{"background-color":"var(--ast-global-color-4)","background-image":"","background-repeat":"repeat","background-position":"center center","background-size":"auto","background-attachment":"scroll","background-type":"","background-media":"","overlay-type":"","overlay-color":"","overlay-opacity":"","overlay-gradient":""},"mobile":{"background-color":"var(--ast-global-color-4)","background-image":"","background-repeat":"repeat","background-position":"center center","background-size":"auto","background-attachment":"scroll","background-type":"","background-media":"","overlay-type":"","overlay-color":"","overlay-opacity":"","overlay-gradient":""}}},"product_brand":[],"product_cat":[30,26],"product_tag":[1409,2483,3112,1396],"class_list":{"0":"post-15918","1":"product","2":"type-product","3":"status-publish","4":"has-post-thumbnail","6":"product_cat-psichologija-ir-saviugda","7":"product_cat-verslas-vadyba-ir-finansai","8":"product_tag-motyvacija","9":"product_tag-produktyvumas","10":"product_tag-robin-sharma","11":"product_tag-saviugda","12":"desktop-align-left","13":"tablet-align-left","14":"mobile-align-left","16":"first","17":"outofstock","18":"shipping-taxable","19":"purchasable","20":"product-type-simple"},"acf":[],"yoast_head":"<!-- This site is optimized with the Yoast SEO plugin v27.0 - https:\/\/yoast.com\/product\/yoast-seo-wordpress\/ -->\n<title>5 VALANDOS KLUBAS<\/title>\n<meta name=\"description\" content=\"Knyg\u0105 \u201e5 valandos klubas\u201c autorius \u012ftemptai ra\u0161\u0117 ketverius metus. J\u0105 skaitydami, susipa\u017einsite su naujais \u012fpro\u010diais, kurie daugybei \u017emoni\u0173 pad\u0117jo siekti\" \/>\n<meta name=\"robots\" content=\"index, follow, max-snippet:-1, max-image-preview:large, max-video-preview:-1\" \/>\n<link rel=\"canonical\" href=\"https:\/\/skaitytaknyga.lt\/en\/produktas\/5-valandos-klubas\/\" \/>\n<meta property=\"og:locale\" content=\"en_GB\" \/>\n<meta property=\"og:locale:alternate\" content=\"lt_LT\" \/>\n<meta property=\"og:type\" content=\"article\" \/>\n<meta property=\"og:title\" content=\"5 VALANDOS KLUBAS\" \/>\n<meta property=\"og:description\" content=\"Knyg\u0105 \u201e5 valandos klubas\u201c autorius \u012ftemptai ra\u0161\u0117 ketverius metus. J\u0105 skaitydami, susipa\u017einsite su naujais \u012fpro\u010diais, kurie daugybei \u017emoni\u0173 pad\u0117jo siekti\" \/>\n<meta property=\"og:url\" content=\"https:\/\/skaitytaknyga.lt\/en\/produktas\/5-valandos-klubas\/\" \/>\n<meta property=\"og:site_name\" content=\"Skaitytaknyga\" \/>\n<meta property=\"article:publisher\" content=\"https:\/\/www.facebook.com\/skaitytaknyga\/\" \/>\n<meta property=\"article:modified_time\" content=\"2025-05-15T09:58:07+00:00\" \/>\n<meta property=\"og:image\" content=\"https:\/\/skaitytaknyga.lt\/wp-content\/uploads\/2025\/01\/5-VALANDOS-KLUBAS.webp\" \/>\n\t<meta property=\"og:image:width\" content=\"552\" \/>\n\t<meta property=\"og:image:height\" content=\"800\" \/>\n\t<meta property=\"og:image:type\" content=\"image\/webp\" \/>\n<meta name=\"twitter:card\" content=\"summary_large_image\" \/>\n<meta name=\"twitter:label1\" content=\"Estimated reading time\" \/>\n\t<meta name=\"twitter:data1\" content=\"2 minutes\" \/>\n<script type=\"application\/ld+json\" class=\"yoast-schema-graph\">{\"@context\":\"https:\/\/schema.org\",\"@graph\":[{\"@type\":\"WebPage\",\"@id\":\"https:\/\/skaitytaknyga.lt\/produktas\/5-valandos-klubas\/\",\"url\":\"https:\/\/skaitytaknyga.lt\/produktas\/5-valandos-klubas\/\",\"name\":\"5 VALANDOS KLUBAS\",\"isPartOf\":{\"@id\":\"https:\/\/skaitytaknyga.lt\/#website\"},\"primaryImageOfPage\":{\"@id\":\"https:\/\/skaitytaknyga.lt\/produktas\/5-valandos-klubas\/#primaryimage\"},\"image\":{\"@id\":\"https:\/\/skaitytaknyga.lt\/produktas\/5-valandos-klubas\/#primaryimage\"},\"thumbnailUrl\":\"https:\/\/skaitytaknyga.lt\/wp-content\/uploads\/2025\/01\/5-VALANDOS-KLUBAS.webp\",\"datePublished\":\"2025-01-09T15:03:19+00:00\",\"dateModified\":\"2025-05-15T09:58:07+00:00\",\"description\":\"Knyg\u0105 \u201e5 valandos klubas\u201c autorius \u012ftemptai ra\u0161\u0117 ketverius metus. J\u0105 skaitydami, susipa\u017einsite su naujais \u012fpro\u010diais, kurie daugybei \u017emoni\u0173 pad\u0117jo siekti\",\"breadcrumb\":{\"@id\":\"https:\/\/skaitytaknyga.lt\/produktas\/5-valandos-klubas\/#breadcrumb\"},\"inLanguage\":\"en-GB\",\"potentialAction\":[{\"@type\":\"ReadAction\",\"target\":[\"https:\/\/skaitytaknyga.lt\/produktas\/5-valandos-klubas\/\"]}]},{\"@type\":\"ImageObject\",\"inLanguage\":\"en-GB\",\"@id\":\"https:\/\/skaitytaknyga.lt\/produktas\/5-valandos-klubas\/#primaryimage\",\"url\":\"https:\/\/skaitytaknyga.lt\/wp-content\/uploads\/2025\/01\/5-VALANDOS-KLUBAS.webp\",\"contentUrl\":\"https:\/\/skaitytaknyga.lt\/wp-content\/uploads\/2025\/01\/5-VALANDOS-KLUBAS.webp\",\"width\":552,\"height\":800,\"caption\":\"5 VALANDOS KLUBAS\"},{\"@type\":\"BreadcrumbList\",\"@id\":\"https:\/\/skaitytaknyga.lt\/produktas\/5-valandos-klubas\/#breadcrumb\",\"itemListElement\":[{\"@type\":\"ListItem\",\"position\":1,\"name\":\"Home\",\"item\":\"https:\/\/skaitytaknyga.lt\/\"},{\"@type\":\"ListItem\",\"position\":2,\"name\":\"Parduotuv\u0117\",\"item\":\"https:\/\/skaitytaknyga.lt\/knygu-parduotuve\/\"},{\"@type\":\"ListItem\",\"position\":3,\"name\":\"5 VALANDOS KLUBAS\"}]},{\"@type\":\"WebSite\",\"@id\":\"https:\/\/skaitytaknyga.lt\/#website\",\"url\":\"https:\/\/skaitytaknyga.lt\/\",\"name\":\"skaitytaknyga.lt\",\"description\":\"Skaitytaknyga.lt \u2013 tai ma\u017eas \u0161eimos verslas, kuris prasid\u0117jo nuo meil\u0117s knygoms ir siekio i\u0161gelb\u0117ti knygas nuo likimo prie konteinerio. Kas vienam nereikalingas daiktas \u2013 kitam lobis, o mes esame tarpininkai, kurie padeda abiems tapti laimingesniems ???? \u017dinome kaip nelengva i\u0161gyventi ma\u017eiems verslams, tad nuo \u0161iol, \u010dia rasite ir kit\u0173, ma\u017e\u0173 \u0161eim\u0173 versl\u0173, rank\u0173 darbo, dovan\u0173 sau ir artimiesiems.\",\"publisher\":{\"@id\":\"https:\/\/skaitytaknyga.lt\/#organization\"},\"potentialAction\":[{\"@type\":\"SearchAction\",\"target\":{\"@type\":\"EntryPoint\",\"urlTemplate\":\"https:\/\/skaitytaknyga.lt\/?s={search_term_string}\"},\"query-input\":{\"@type\":\"PropertyValueSpecification\",\"valueRequired\":true,\"valueName\":\"search_term_string\"}}],\"inLanguage\":\"en-GB\"},{\"@type\":\"Organization\",\"@id\":\"https:\/\/skaitytaknyga.lt\/#organization\",\"name\":\"skaitytaknyga.lt\",\"url\":\"https:\/\/skaitytaknyga.lt\/\",\"logo\":{\"@type\":\"ImageObject\",\"inLanguage\":\"en-GB\",\"@id\":\"https:\/\/skaitytaknyga.lt\/#\/schema\/logo\/image\/\",\"url\":\"https:\/\/skaitytaknyga.lt\/wp-content\/uploads\/2024\/05\/cropped-cropped-cropped-02_00843_jt3bggkj1j3HLc7SyY6rEUpg.jpeg\",\"contentUrl\":\"https:\/\/skaitytaknyga.lt\/wp-content\/uploads\/2024\/05\/cropped-cropped-cropped-02_00843_jt3bggkj1j3HLc7SyY6rEUpg.jpeg\",\"width\":1600,\"height\":1600,\"caption\":\"skaitytaknyga.lt\"},\"image\":{\"@id\":\"https:\/\/skaitytaknyga.lt\/#\/schema\/logo\/image\/\"},\"sameAs\":[\"https:\/\/www.facebook.com\/skaitytaknyga\/\"]}]}<\/script>\n<!-- \/ Yoast SEO plugin. -->","yoast_head_json":{"title":"5 VALANDOS KLUBAS","description":"Knyg\u0105 \u201e5 valandos klubas\u201c autorius \u012ftemptai ra\u0161\u0117 ketverius metus. J\u0105 skaitydami, susipa\u017einsite su naujais \u012fpro\u010diais, kurie daugybei \u017emoni\u0173 pad\u0117jo siekti","robots":{"index":"index","follow":"follow","max-snippet":"max-snippet:-1","max-image-preview":"max-image-preview:large","max-video-preview":"max-video-preview:-1"},"canonical":"https:\/\/skaitytaknyga.lt\/en\/produktas\/5-valandos-klubas\/","og_locale":"en_GB","og_type":"article","og_title":"[:lt]5 VALANDOS KLUBAS[:] - Skaitytaknyga","og_description":"Knyg\u0105 \u201e5 valandos klubas\u201c autorius \u012ftemptai ra\u0161\u0117 ketverius metus. J\u0105 skaitydami, susipa\u017einsite su naujais \u012fpro\u010diais, kurie daugybei \u017emoni\u0173 pad\u0117jo siekti","og_url":"https:\/\/skaitytaknyga.lt\/en\/produktas\/5-valandos-klubas\/","og_site_name":"Skaitytaknyga","article_publisher":"https:\/\/www.facebook.com\/skaitytaknyga\/","article_modified_time":"2025-05-15T09:58:07+00:00","og_image":[{"width":552,"height":800,"url":"https:\/\/skaitytaknyga.lt\/wp-content\/uploads\/2025\/01\/5-VALANDOS-KLUBAS.webp","type":"image\/webp"}],"twitter_card":"summary_large_image","twitter_misc":{"Estimated reading time":"2 minutes"},"schema":{"@context":"https:\/\/schema.org","@graph":[{"@type":"WebPage","@id":"https:\/\/skaitytaknyga.lt\/produktas\/5-valandos-klubas\/","url":"https:\/\/skaitytaknyga.lt\/produktas\/5-valandos-klubas\/","name":"5 VALANDOS KLUBAS","isPartOf":{"@id":"https:\/\/skaitytaknyga.lt\/#website"},"primaryImageOfPage":{"@id":"https:\/\/skaitytaknyga.lt\/produktas\/5-valandos-klubas\/#primaryimage"},"image":{"@id":"https:\/\/skaitytaknyga.lt\/produktas\/5-valandos-klubas\/#primaryimage"},"thumbnailUrl":"https:\/\/skaitytaknyga.lt\/wp-content\/uploads\/2025\/01\/5-VALANDOS-KLUBAS.webp","datePublished":"2025-01-09T15:03:19+00:00","dateModified":"2025-05-15T09:58:07+00:00","description":"Knyg\u0105 \u201e5 valandos klubas\u201c autorius \u012ftemptai ra\u0161\u0117 ketverius metus. J\u0105 skaitydami, susipa\u017einsite su naujais \u012fpro\u010diais, kurie daugybei \u017emoni\u0173 pad\u0117jo siekti","breadcrumb":{"@id":"https:\/\/skaitytaknyga.lt\/produktas\/5-valandos-klubas\/#breadcrumb"},"inLanguage":"en-GB","potentialAction":[{"@type":"ReadAction","target":["https:\/\/skaitytaknyga.lt\/produktas\/5-valandos-klubas\/"]}]},{"@type":"ImageObject","inLanguage":"en-GB","@id":"https:\/\/skaitytaknyga.lt\/produktas\/5-valandos-klubas\/#primaryimage","url":"https:\/\/skaitytaknyga.lt\/wp-content\/uploads\/2025\/01\/5-VALANDOS-KLUBAS.webp","contentUrl":"https:\/\/skaitytaknyga.lt\/wp-content\/uploads\/2025\/01\/5-VALANDOS-KLUBAS.webp","width":552,"height":800,"caption":"5 VALANDOS KLUBAS"},{"@type":"BreadcrumbList","@id":"https:\/\/skaitytaknyga.lt\/produktas\/5-valandos-klubas\/#breadcrumb","itemListElement":[{"@type":"ListItem","position":1,"name":"Home","item":"https:\/\/skaitytaknyga.lt\/"},{"@type":"ListItem","position":2,"name":"Parduotuv\u0117","item":"https:\/\/skaitytaknyga.lt\/knygu-parduotuve\/"},{"@type":"ListItem","position":3,"name":"5 VALANDOS KLUBAS"}]},{"@type":"WebSite","@id":"https:\/\/skaitytaknyga.lt\/#website","url":"https:\/\/skaitytaknyga.lt\/","name":"skaitytaknyga.lt","description":"Skaitytaknyga.lt \u2013 tai ma\u017eas \u0161eimos verslas, kuris prasid\u0117jo nuo meil\u0117s knygoms ir siekio i\u0161gelb\u0117ti knygas nuo likimo prie konteinerio. Kas vienam nereikalingas daiktas \u2013 kitam lobis, o mes esame tarpininkai, kurie padeda abiems tapti laimingesniems ???? \u017dinome kaip nelengva i\u0161gyventi ma\u017eiems verslams, tad nuo \u0161iol, \u010dia rasite ir kit\u0173, ma\u017e\u0173 \u0161eim\u0173 versl\u0173, rank\u0173 darbo, dovan\u0173 sau ir artimiesiems.","publisher":{"@id":"https:\/\/skaitytaknyga.lt\/#organization"},"potentialAction":[{"@type":"SearchAction","target":{"@type":"EntryPoint","urlTemplate":"https:\/\/skaitytaknyga.lt\/?s={search_term_string}"},"query-input":{"@type":"PropertyValueSpecification","valueRequired":true,"valueName":"search_term_string"}}],"inLanguage":"en-GB"},{"@type":"Organization","@id":"https:\/\/skaitytaknyga.lt\/#organization","name":"skaitytaknyga.lt","url":"https:\/\/skaitytaknyga.lt\/","logo":{"@type":"ImageObject","inLanguage":"en-GB","@id":"https:\/\/skaitytaknyga.lt\/#\/schema\/logo\/image\/","url":"https:\/\/skaitytaknyga.lt\/wp-content\/uploads\/2024\/05\/cropped-cropped-cropped-02_00843_jt3bggkj1j3HLc7SyY6rEUpg.jpeg","contentUrl":"https:\/\/skaitytaknyga.lt\/wp-content\/uploads\/2024\/05\/cropped-cropped-cropped-02_00843_jt3bggkj1j3HLc7SyY6rEUpg.jpeg","width":1600,"height":1600,"caption":"skaitytaknyga.lt"},"image":{"@id":"https:\/\/skaitytaknyga.lt\/#\/schema\/logo\/image\/"},"sameAs":["https:\/\/www.facebook.com\/skaitytaknyga\/"]}]}},"_links":{"self":[{"href":"https:\/\/skaitytaknyga.lt\/en\/wp-json\/wp\/v2\/product\/15918","targetHints":{"allow":["GET"]}}],"collection":[{"href":"https:\/\/skaitytaknyga.lt\/en\/wp-json\/wp\/v2\/product"}],"about":[{"href":"https:\/\/skaitytaknyga.lt\/en\/wp-json\/wp\/v2\/types\/product"}],"replies":[{"embeddable":true,"href":"https:\/\/skaitytaknyga.lt\/en\/wp-json\/wp\/v2\/comments?post=15918"}],"wp:featuredmedia":[{"embeddable":true,"href":"https:\/\/skaitytaknyga.lt\/en\/wp-json\/wp\/v2\/media\/15919"}],"wp:attachment":[{"href":"https:\/\/skaitytaknyga.lt\/en\/wp-json\/wp\/v2\/media?parent=15918"}],"wp:term":[{"taxonomy":"product_brand","embeddable":true,"href":"https:\/\/skaitytaknyga.lt\/en\/wp-json\/wp\/v2\/product_brand?post=15918"},{"taxonomy":"product_cat","embeddable":true,"href":"https:\/\/skaitytaknyga.lt\/en\/wp-json\/wp\/v2\/product_cat?post=15918"},{"taxonomy":"product_tag","embeddable":true,"href":"https:\/\/skaitytaknyga.lt\/en\/wp-json\/wp\/v2\/product_tag?post=15918"}],"curies":[{"name":"wp","href":"https:\/\/api.w.org\/{rel}","templated":true}]}}