{"id":15914,"date":"2025-01-09T14:25:38","date_gmt":"2025-01-09T12:25:38","guid":{"rendered":"https:\/\/skaitytaknyga.lt\/?post_type=product&#038;p=15914"},"modified":"2025-01-09T14:27:01","modified_gmt":"2025-01-09T12:27:01","slug":"bite-maja-ir-jos-nuotykiai","status":"publish","type":"product","link":"https:\/\/skaitytaknyga.lt\/en\/produktas\/bite-maja-ir-jos-nuotykiai\/","title":{"rendered":"Bit\u0117 Maja ir jos nuotykiai (yra skaitymo \u017eymi\u0173)"},"content":{"rendered":"<p>Prisiminus saul\u0117s spindulius Maj\u0105 v\u0117l u\u017epl\u016bdo d\u017eiaugsmas ir slaptas pasidid\u017eiavimas, kad buvo tokia narsi ir ry\u017eosi prad\u0117ti gyventi savaranki\u0161kai.<\/p>\n<p>Ir kiek ji su\u017einojo, kiek patyr\u0117 per tok\u012f trump\u0105 kelion\u0117s laik\u0105! Dauguma bi\u010di\u0173 per vis\u0105 gyvenim\u0105 n\u0117 dalel\u0117s tiek nesu\u017eino.<\/p>\n<p>\u201ePatyrimas yra did\u017eiausias gyvenimo turtas, ir d\u0117l jo verta stengtis\u201c, \u2013 pagalvojo bitel\u0117.<\/p>\n<p>Antras leidimas.<\/p>\n<p>Originalus pavadinimas: Die Biene Maja und ihre Abenteuer<br \/>\nAutorius: Waldemar Bonsels<br \/>\nLeid\u0117jas: Nieko rimto<br \/>\nMetai: 2015<br \/>\nPuslapiai: 216<br \/>\nISBN: 9789955683902<br \/>\nFormatas: 19 x 21,6 cm, kieti vir\u0161eliai<br \/>\nKalba: Lietuvi\u0173<br \/>\nVert\u0117jas: Dalia Klimkait\u0117<\/p>\n","protected":false},"excerpt":{"rendered":"<p>Prisiminus saul\u0117s spindulius Maj\u0105 v\u0117l u\u017epl\u016bdo d\u017eiaugsmas ir slaptas pasidid\u017eiavimas, kad buvo tokia narsi ir ry\u017eosi prad\u0117ti gyventi savaranki\u0161kai. Ir kiek ji su\u017einojo, kiek patyr\u0117 per tok\u012f trump\u0105 kelion\u0117s laik\u0105! Dauguma bi\u010di\u0173 per vis\u0105 gyvenim\u0105 n\u0117 dalel\u0117s tiek nesu\u017eino. \u201ePatyrimas yra did\u017eiausias gyvenimo turtas, ir d\u0117l jo verta stengtis\u201c, \u2013 pagalvojo bitel\u0117. Antras leidimas. Originalus pavadinimas: Die Biene Maja und ihre Abenteuer Autorius: Waldemar Bonsels Leid\u0117jas: Nieko rimto Metai: 2015 Puslapiai: 216 ISBN: 9789955683902 Formatas: 19 x 21,6 cm, kieti vir\u0161eliai Kalba: Lietuvi\u0173 Vert\u0117jas: Dalia Klimkait\u0117<\/p>\n","protected":false},"featured_media":15915,"comment_status":"open","ping_status":"closed","template":"","meta":{"_acf_changed":false,"site-sidebar-layout":"default","site-content-layout":"","ast-site-content-layout":"default","site-content-style":"default","site-sidebar-style":"default","ast-global-header-display":"","ast-banner-title-visibility":"","ast-main-header-display":"","ast-hfb-above-header-display":"","ast-hfb-below-header-display":"","ast-hfb-mobile-header-display":"","site-post-title":"","ast-breadcrumbs-content":"","ast-featured-img":"","footer-sml-layout":"","ast-disable-related-posts":"","theme-transparent-header-meta":"default","adv-header-id-meta":"","stick-header-meta":"","header-above-stick-meta":"","header-main-stick-meta":"","header-below-stick-meta":"","astra-migrate-meta-layouts":"set","ast-page-background-enabled":"default","ast-page-background-meta":{"desktop":{"background-color":"","background-image":"","background-repeat":"repeat","background-position":"center center","background-size":"auto","background-attachment":"scroll","background-type":"","background-media":"","overlay-type":"","overlay-color":"","overlay-opacity":"","overlay-gradient":""},"tablet":{"background-color":"","background-image":"","background-repeat":"repeat","background-position":"center center","background-size":"auto","background-attachment":"scroll","background-type":"","background-media":"","overlay-type":"","overlay-color":"","overlay-opacity":"","overlay-gradient":""},"mobile":{"background-color":"","background-image":"","background-repeat":"repeat","background-position":"center center","background-size":"auto","background-attachment":"scroll","background-type":"","background-media":"","overlay-type":"","overlay-color":"","overlay-opacity":"","overlay-gradient":""}},"ast-content-background-meta":{"desktop":{"background-color":"var(--ast-global-color-4)","background-image":"","background-repeat":"repeat","background-position":"center center","background-size":"auto","background-attachment":"scroll","background-type":"","background-media":"","overlay-type":"","overlay-color":"","overlay-opacity":"","overlay-gradient":""},"tablet":{"background-color":"var(--ast-global-color-4)","background-image":"","background-repeat":"repeat","background-position":"center center","background-size":"auto","background-attachment":"scroll","background-type":"","background-media":"","overlay-type":"","overlay-color":"","overlay-opacity":"","overlay-gradient":""},"mobile":{"background-color":"var(--ast-global-color-4)","background-image":"","background-repeat":"repeat","background-position":"center center","background-size":"auto","background-attachment":"scroll","background-type":"","background-media":"","overlay-type":"","overlay-color":"","overlay-opacity":"","overlay-gradient":""}}},"product_brand":[],"product_cat":[15,35],"product_tag":[],"class_list":{"0":"post-15914","1":"product","2":"type-product","3":"status-publish","4":"has-post-thumbnail","6":"product_cat-uncategorized","7":"product_cat-vaikams-ir-paaugliams","8":"desktop-align-left","9":"tablet-align-left","10":"mobile-align-left","12":"first","13":"instock","14":"shipping-taxable","15":"purchasable","16":"product-type-simple"},"acf":[],"yoast_head":"<!-- This site is optimized with the Yoast SEO plugin v27.0 - https:\/\/yoast.com\/product\/yoast-seo-wordpress\/ -->\n<title>Bit\u0117 Maja ir jos nuotykiai (yra skaitymo \u017eymi\u0173)<\/title>\n<meta name=\"description\" content=\"Prisiminus saul\u0117s spindulius Maj\u0105 v\u0117l u\u017epl\u016bdo d\u017eiaugsmas ir slaptas pasidid\u017eiavimas, kad buvo tokia narsi ir ry\u017eosi prad\u0117ti gyventi savaranki\u0161kai. Ir kiek\" \/>\n<meta name=\"robots\" content=\"index, follow, max-snippet:-1, max-image-preview:large, max-video-preview:-1\" \/>\n<link rel=\"canonical\" href=\"https:\/\/skaitytaknyga.lt\/en\/produktas\/bite-maja-ir-jos-nuotykiai\/\" \/>\n<meta property=\"og:locale\" content=\"en_GB\" \/>\n<meta property=\"og:locale:alternate\" content=\"lt_LT\" \/>\n<meta property=\"og:type\" content=\"article\" \/>\n<meta property=\"og:title\" content=\"Bit\u0117 Maja ir jos nuotykiai (yra skaitymo \u017eymi\u0173)\" \/>\n<meta property=\"og:description\" content=\"Prisiminus saul\u0117s spindulius Maj\u0105 v\u0117l u\u017epl\u016bdo d\u017eiaugsmas ir slaptas pasidid\u017eiavimas, kad buvo tokia narsi ir ry\u017eosi prad\u0117ti gyventi savaranki\u0161kai. Ir kiek\" \/>\n<meta property=\"og:url\" content=\"https:\/\/skaitytaknyga.lt\/en\/produktas\/bite-maja-ir-jos-nuotykiai\/\" \/>\n<meta property=\"og:site_name\" content=\"Skaitytaknyga\" \/>\n<meta property=\"article:publisher\" content=\"https:\/\/www.facebook.com\/skaitytaknyga\/\" \/>\n<meta property=\"article:modified_time\" content=\"2025-01-09T12:27:01+00:00\" \/>\n<meta property=\"og:image\" content=\"https:\/\/skaitytaknyga.lt\/wp-content\/uploads\/2025\/01\/Bite-Maja-ir-jos-nuotykiai.webp\" \/>\n\t<meta property=\"og:image:width\" content=\"349\" \/>\n\t<meta property=\"og:image:height\" content=\"400\" \/>\n\t<meta property=\"og:image:type\" content=\"image\/webp\" \/>\n<meta name=\"twitter:card\" content=\"summary_large_image\" \/>\n<meta name=\"twitter:label1\" content=\"Estimated reading time\" \/>\n\t<meta name=\"twitter:data1\" content=\"1 minute\" \/>\n<script type=\"application\/ld+json\" class=\"yoast-schema-graph\">{\"@context\":\"https:\/\/schema.org\",\"@graph\":[{\"@type\":\"WebPage\",\"@id\":\"https:\/\/skaitytaknyga.lt\/produktas\/bite-maja-ir-jos-nuotykiai\/\",\"url\":\"https:\/\/skaitytaknyga.lt\/produktas\/bite-maja-ir-jos-nuotykiai\/\",\"name\":\"Bit\u0117 Maja ir jos nuotykiai (yra skaitymo \u017eymi\u0173)\",\"isPartOf\":{\"@id\":\"https:\/\/skaitytaknyga.lt\/#website\"},\"primaryImageOfPage\":{\"@id\":\"https:\/\/skaitytaknyga.lt\/produktas\/bite-maja-ir-jos-nuotykiai\/#primaryimage\"},\"image\":{\"@id\":\"https:\/\/skaitytaknyga.lt\/produktas\/bite-maja-ir-jos-nuotykiai\/#primaryimage\"},\"thumbnailUrl\":\"https:\/\/skaitytaknyga.lt\/wp-content\/uploads\/2025\/01\/Bite-Maja-ir-jos-nuotykiai.webp\",\"datePublished\":\"2025-01-09T12:25:38+00:00\",\"dateModified\":\"2025-01-09T12:27:01+00:00\",\"description\":\"Prisiminus saul\u0117s spindulius Maj\u0105 v\u0117l u\u017epl\u016bdo d\u017eiaugsmas ir slaptas pasidid\u017eiavimas, kad buvo tokia narsi ir ry\u017eosi prad\u0117ti gyventi savaranki\u0161kai. Ir kiek\",\"breadcrumb\":{\"@id\":\"https:\/\/skaitytaknyga.lt\/produktas\/bite-maja-ir-jos-nuotykiai\/#breadcrumb\"},\"inLanguage\":\"en-GB\",\"potentialAction\":[{\"@type\":\"ReadAction\",\"target\":[\"https:\/\/skaitytaknyga.lt\/produktas\/bite-maja-ir-jos-nuotykiai\/\"]}]},{\"@type\":\"ImageObject\",\"inLanguage\":\"en-GB\",\"@id\":\"https:\/\/skaitytaknyga.lt\/produktas\/bite-maja-ir-jos-nuotykiai\/#primaryimage\",\"url\":\"https:\/\/skaitytaknyga.lt\/wp-content\/uploads\/2025\/01\/Bite-Maja-ir-jos-nuotykiai.webp\",\"contentUrl\":\"https:\/\/skaitytaknyga.lt\/wp-content\/uploads\/2025\/01\/Bite-Maja-ir-jos-nuotykiai.webp\",\"width\":349,\"height\":400,\"caption\":\"Bit\u0117 Maja ir jos nuotykiai\"},{\"@type\":\"BreadcrumbList\",\"@id\":\"https:\/\/skaitytaknyga.lt\/produktas\/bite-maja-ir-jos-nuotykiai\/#breadcrumb\",\"itemListElement\":[{\"@type\":\"ListItem\",\"position\":1,\"name\":\"Home\",\"item\":\"https:\/\/skaitytaknyga.lt\/\"},{\"@type\":\"ListItem\",\"position\":2,\"name\":\"Parduotuv\u0117\",\"item\":\"https:\/\/skaitytaknyga.lt\/knygu-parduotuve\/\"},{\"@type\":\"ListItem\",\"position\":3,\"name\":\"Bit\u0117 Maja ir jos nuotykiai (yra skaitymo \u017eymi\u0173)\"}]},{\"@type\":\"WebSite\",\"@id\":\"https:\/\/skaitytaknyga.lt\/#website\",\"url\":\"https:\/\/skaitytaknyga.lt\/\",\"name\":\"skaitytaknyga.lt\",\"description\":\"Skaitytaknyga.lt \u2013 tai ma\u017eas \u0161eimos verslas, kuris prasid\u0117jo nuo meil\u0117s knygoms ir siekio i\u0161gelb\u0117ti knygas nuo likimo prie konteinerio. Kas vienam nereikalingas daiktas \u2013 kitam lobis, o mes esame tarpininkai, kurie padeda abiems tapti laimingesniems ???? \u017dinome kaip nelengva i\u0161gyventi ma\u017eiems verslams, tad nuo \u0161iol, \u010dia rasite ir kit\u0173, ma\u017e\u0173 \u0161eim\u0173 versl\u0173, rank\u0173 darbo, dovan\u0173 sau ir artimiesiems.\",\"publisher\":{\"@id\":\"https:\/\/skaitytaknyga.lt\/#organization\"},\"potentialAction\":[{\"@type\":\"SearchAction\",\"target\":{\"@type\":\"EntryPoint\",\"urlTemplate\":\"https:\/\/skaitytaknyga.lt\/?s={search_term_string}\"},\"query-input\":{\"@type\":\"PropertyValueSpecification\",\"valueRequired\":true,\"valueName\":\"search_term_string\"}}],\"inLanguage\":\"en-GB\"},{\"@type\":\"Organization\",\"@id\":\"https:\/\/skaitytaknyga.lt\/#organization\",\"name\":\"skaitytaknyga.lt\",\"url\":\"https:\/\/skaitytaknyga.lt\/\",\"logo\":{\"@type\":\"ImageObject\",\"inLanguage\":\"en-GB\",\"@id\":\"https:\/\/skaitytaknyga.lt\/#\/schema\/logo\/image\/\",\"url\":\"https:\/\/skaitytaknyga.lt\/wp-content\/uploads\/2024\/05\/cropped-cropped-cropped-02_00843_jt3bggkj1j3HLc7SyY6rEUpg.jpeg\",\"contentUrl\":\"https:\/\/skaitytaknyga.lt\/wp-content\/uploads\/2024\/05\/cropped-cropped-cropped-02_00843_jt3bggkj1j3HLc7SyY6rEUpg.jpeg\",\"width\":1600,\"height\":1600,\"caption\":\"skaitytaknyga.lt\"},\"image\":{\"@id\":\"https:\/\/skaitytaknyga.lt\/#\/schema\/logo\/image\/\"},\"sameAs\":[\"https:\/\/www.facebook.com\/skaitytaknyga\/\"]}]}<\/script>\n<!-- \/ Yoast SEO plugin. -->","yoast_head_json":{"title":"Bit\u0117 Maja ir jos nuotykiai (yra skaitymo \u017eymi\u0173)","description":"Prisiminus saul\u0117s spindulius Maj\u0105 v\u0117l u\u017epl\u016bdo d\u017eiaugsmas ir slaptas pasidid\u017eiavimas, kad buvo tokia narsi ir ry\u017eosi prad\u0117ti gyventi savaranki\u0161kai. Ir kiek","robots":{"index":"index","follow":"follow","max-snippet":"max-snippet:-1","max-image-preview":"max-image-preview:large","max-video-preview":"max-video-preview:-1"},"canonical":"https:\/\/skaitytaknyga.lt\/en\/produktas\/bite-maja-ir-jos-nuotykiai\/","og_locale":"en_GB","og_type":"article","og_title":"[:lt]Bit\u0117 Maja ir jos nuotykiai (yra skaitymo \u017eymi\u0173)[:] - Skaitytaknyga","og_description":"Prisiminus saul\u0117s spindulius Maj\u0105 v\u0117l u\u017epl\u016bdo d\u017eiaugsmas ir slaptas pasidid\u017eiavimas, kad buvo tokia narsi ir ry\u017eosi prad\u0117ti gyventi savaranki\u0161kai. Ir kiek","og_url":"https:\/\/skaitytaknyga.lt\/en\/produktas\/bite-maja-ir-jos-nuotykiai\/","og_site_name":"Skaitytaknyga","article_publisher":"https:\/\/www.facebook.com\/skaitytaknyga\/","article_modified_time":"2025-01-09T12:27:01+00:00","og_image":[{"width":349,"height":400,"url":"https:\/\/skaitytaknyga.lt\/wp-content\/uploads\/2025\/01\/Bite-Maja-ir-jos-nuotykiai.webp","type":"image\/webp"}],"twitter_card":"summary_large_image","twitter_misc":{"Estimated reading time":"1 minute"},"schema":{"@context":"https:\/\/schema.org","@graph":[{"@type":"WebPage","@id":"https:\/\/skaitytaknyga.lt\/produktas\/bite-maja-ir-jos-nuotykiai\/","url":"https:\/\/skaitytaknyga.lt\/produktas\/bite-maja-ir-jos-nuotykiai\/","name":"Bit\u0117 Maja ir jos nuotykiai (yra skaitymo \u017eymi\u0173)","isPartOf":{"@id":"https:\/\/skaitytaknyga.lt\/#website"},"primaryImageOfPage":{"@id":"https:\/\/skaitytaknyga.lt\/produktas\/bite-maja-ir-jos-nuotykiai\/#primaryimage"},"image":{"@id":"https:\/\/skaitytaknyga.lt\/produktas\/bite-maja-ir-jos-nuotykiai\/#primaryimage"},"thumbnailUrl":"https:\/\/skaitytaknyga.lt\/wp-content\/uploads\/2025\/01\/Bite-Maja-ir-jos-nuotykiai.webp","datePublished":"2025-01-09T12:25:38+00:00","dateModified":"2025-01-09T12:27:01+00:00","description":"Prisiminus saul\u0117s spindulius Maj\u0105 v\u0117l u\u017epl\u016bdo d\u017eiaugsmas ir slaptas pasidid\u017eiavimas, kad buvo tokia narsi ir ry\u017eosi prad\u0117ti gyventi savaranki\u0161kai. Ir kiek","breadcrumb":{"@id":"https:\/\/skaitytaknyga.lt\/produktas\/bite-maja-ir-jos-nuotykiai\/#breadcrumb"},"inLanguage":"en-GB","potentialAction":[{"@type":"ReadAction","target":["https:\/\/skaitytaknyga.lt\/produktas\/bite-maja-ir-jos-nuotykiai\/"]}]},{"@type":"ImageObject","inLanguage":"en-GB","@id":"https:\/\/skaitytaknyga.lt\/produktas\/bite-maja-ir-jos-nuotykiai\/#primaryimage","url":"https:\/\/skaitytaknyga.lt\/wp-content\/uploads\/2025\/01\/Bite-Maja-ir-jos-nuotykiai.webp","contentUrl":"https:\/\/skaitytaknyga.lt\/wp-content\/uploads\/2025\/01\/Bite-Maja-ir-jos-nuotykiai.webp","width":349,"height":400,"caption":"Bit\u0117 Maja ir jos nuotykiai"},{"@type":"BreadcrumbList","@id":"https:\/\/skaitytaknyga.lt\/produktas\/bite-maja-ir-jos-nuotykiai\/#breadcrumb","itemListElement":[{"@type":"ListItem","position":1,"name":"Home","item":"https:\/\/skaitytaknyga.lt\/"},{"@type":"ListItem","position":2,"name":"Parduotuv\u0117","item":"https:\/\/skaitytaknyga.lt\/knygu-parduotuve\/"},{"@type":"ListItem","position":3,"name":"Bit\u0117 Maja ir jos nuotykiai (yra skaitymo \u017eymi\u0173)"}]},{"@type":"WebSite","@id":"https:\/\/skaitytaknyga.lt\/#website","url":"https:\/\/skaitytaknyga.lt\/","name":"skaitytaknyga.lt","description":"Skaitytaknyga.lt \u2013 tai ma\u017eas \u0161eimos verslas, kuris prasid\u0117jo nuo meil\u0117s knygoms ir siekio i\u0161gelb\u0117ti knygas nuo likimo prie konteinerio. Kas vienam nereikalingas daiktas \u2013 kitam lobis, o mes esame tarpininkai, kurie padeda abiems tapti laimingesniems ???? \u017dinome kaip nelengva i\u0161gyventi ma\u017eiems verslams, tad nuo \u0161iol, \u010dia rasite ir kit\u0173, ma\u017e\u0173 \u0161eim\u0173 versl\u0173, rank\u0173 darbo, dovan\u0173 sau ir artimiesiems.","publisher":{"@id":"https:\/\/skaitytaknyga.lt\/#organization"},"potentialAction":[{"@type":"SearchAction","target":{"@type":"EntryPoint","urlTemplate":"https:\/\/skaitytaknyga.lt\/?s={search_term_string}"},"query-input":{"@type":"PropertyValueSpecification","valueRequired":true,"valueName":"search_term_string"}}],"inLanguage":"en-GB"},{"@type":"Organization","@id":"https:\/\/skaitytaknyga.lt\/#organization","name":"skaitytaknyga.lt","url":"https:\/\/skaitytaknyga.lt\/","logo":{"@type":"ImageObject","inLanguage":"en-GB","@id":"https:\/\/skaitytaknyga.lt\/#\/schema\/logo\/image\/","url":"https:\/\/skaitytaknyga.lt\/wp-content\/uploads\/2024\/05\/cropped-cropped-cropped-02_00843_jt3bggkj1j3HLc7SyY6rEUpg.jpeg","contentUrl":"https:\/\/skaitytaknyga.lt\/wp-content\/uploads\/2024\/05\/cropped-cropped-cropped-02_00843_jt3bggkj1j3HLc7SyY6rEUpg.jpeg","width":1600,"height":1600,"caption":"skaitytaknyga.lt"},"image":{"@id":"https:\/\/skaitytaknyga.lt\/#\/schema\/logo\/image\/"},"sameAs":["https:\/\/www.facebook.com\/skaitytaknyga\/"]}]}},"_links":{"self":[{"href":"https:\/\/skaitytaknyga.lt\/en\/wp-json\/wp\/v2\/product\/15914","targetHints":{"allow":["GET"]}}],"collection":[{"href":"https:\/\/skaitytaknyga.lt\/en\/wp-json\/wp\/v2\/product"}],"about":[{"href":"https:\/\/skaitytaknyga.lt\/en\/wp-json\/wp\/v2\/types\/product"}],"replies":[{"embeddable":true,"href":"https:\/\/skaitytaknyga.lt\/en\/wp-json\/wp\/v2\/comments?post=15914"}],"wp:featuredmedia":[{"embeddable":true,"href":"https:\/\/skaitytaknyga.lt\/en\/wp-json\/wp\/v2\/media\/15915"}],"wp:attachment":[{"href":"https:\/\/skaitytaknyga.lt\/en\/wp-json\/wp\/v2\/media?parent=15914"}],"wp:term":[{"taxonomy":"product_brand","embeddable":true,"href":"https:\/\/skaitytaknyga.lt\/en\/wp-json\/wp\/v2\/product_brand?post=15914"},{"taxonomy":"product_cat","embeddable":true,"href":"https:\/\/skaitytaknyga.lt\/en\/wp-json\/wp\/v2\/product_cat?post=15914"},{"taxonomy":"product_tag","embeddable":true,"href":"https:\/\/skaitytaknyga.lt\/en\/wp-json\/wp\/v2\/product_tag?post=15914"}],"curies":[{"name":"wp","href":"https:\/\/api.w.org\/{rel}","templated":true}]}}