{"id":15912,"date":"2025-01-09T14:22:20","date_gmt":"2025-01-09T12:22:20","guid":{"rendered":"https:\/\/skaitytaknyga.lt\/?post_type=product&#038;p=15912"},"modified":"2026-03-18T14:59:51","modified_gmt":"2026-03-18T12:59:51","slug":"gulago-istorija-yra-skaitymo-zymiu","status":"publish","type":"product","link":"https:\/\/skaitytaknyga.lt\/en\/produktas\/gulago-istorija-yra-skaitymo-zymiu\/","title":{"rendered":"Judk\u0117 (yra pora d\u0117mi\u0173 knygos \u0161one)"},"content":{"rendered":"<p>Autobiografine knyga \u201eJudk\u0117\u201c yra atvira, niekuo nepagra\u017einta Judelio Beileso, gimusio 1927 metais Kaune, gyvenimo istorija. 1944-aisiais, naci\u0173 deportuotas i\u0161 Kauno geto \u012f Dachau koncentracijos stovykl\u0105, Judelis slapta ant cemento mai\u0161\u0173 popieriaus prad\u0117jo ra\u0161yti dienora\u0161t\u012f. Ra\u0161\u0117 jis jidi\u0161 kalba, bet lietuvi\u0161komis raid\u0117mis, nes tada hebraji\u0161k\u0173 ra\u0161men\u0173 dar nemok\u0117jo. J. Beilesui r\u016bp\u0117jo papasakoti \u017emonijai, kas atsitiko jam, jo \u0161eimai ir jo tautai Antrojo pasaulinio karo metais. Daug v\u0117liau, jau gyvendamas Izraelyje, Judelis prisimin\u0117 i\u0161saugot\u0105 karo laik\u0173 dienora\u0161t\u012f, surinko nema\u017eai nuotrauk\u0173, dokument\u0173, papildomos med\u017eiagos apie Kauno get\u0105 ir hebraj\u0173 kalba pareng\u0117 jaudinan\u010dios knygos \u201eJudk\u0117\u201c rankra\u0161t\u012f. Ta\u010diau Judeliui to neu\u017eteko. Niekad neu\u017emir\u0161\u0119s savo gimtin\u0117s, jis tro\u0161ko papasakoti savo gyvenimo istorij\u0105 ir Lietuvos \u017emon\u0117ms.<\/p>\n<p>&nbsp;<\/p>\n","protected":false},"excerpt":{"rendered":"<p>Autobiografine knyga \u201eJudk\u0117\u201c yra atvira, niekuo nepagra\u017einta Judelio Beileso, gimusio 1927 metais Kaune, gyvenimo istorija. 1944-aisiais, naci\u0173 deportuotas i\u0161 Kauno geto \u012f Dachau koncentracijos stovykl\u0105, Judelis slapta ant cemento mai\u0161\u0173 popieriaus prad\u0117jo ra\u0161yti dienora\u0161t\u012f. Ra\u0161\u0117 jis jidi\u0161 kalba, bet lietuvi\u0161komis raid\u0117mis, nes tada hebraji\u0161k\u0173 ra\u0161men\u0173 dar nemok\u0117jo. J. Beilesui r\u016bp\u0117jo papasakoti \u017emonijai, kas atsitiko jam, jo \u0161eimai ir jo tautai Antrojo pasaulinio karo metais. Daug v\u0117liau, jau gyvendamas Izraelyje, Judelis prisimin\u0117 i\u0161saugot\u0105 karo laik\u0173 dienora\u0161t\u012f, surinko nema\u017eai nuotrauk\u0173, dokument\u0173, papildomos med\u017eiagos apie Kauno get\u0105 ir hebraj\u0173 kalba pareng\u0117 jaudinan\u010dios knygos \u201eJudk\u0117\u201c rankra\u0161t\u012f. Ta\u010diau Judeliui to neu\u017eteko. Niekad neu\u017emir\u0161\u0119s savo gimtin\u0117s, jis tro\u0161ko papasakoti savo gyvenimo istorij\u0105 ir Lietuvos \u017emon\u0117ms. &nbsp;<\/p>\n","protected":false},"featured_media":15913,"comment_status":"closed","ping_status":"closed","template":"","meta":{"_acf_changed":false,"site-sidebar-layout":"default","site-content-layout":"","ast-site-content-layout":"default","site-content-style":"default","site-sidebar-style":"default","ast-global-header-display":"","ast-banner-title-visibility":"","ast-main-header-display":"","ast-hfb-above-header-display":"","ast-hfb-below-header-display":"","ast-hfb-mobile-header-display":"","site-post-title":"","ast-breadcrumbs-content":"","ast-featured-img":"","footer-sml-layout":"","ast-disable-related-posts":"","theme-transparent-header-meta":"default","adv-header-id-meta":"","stick-header-meta":"","header-above-stick-meta":"","header-main-stick-meta":"","header-below-stick-meta":"","astra-migrate-meta-layouts":"set","ast-page-background-enabled":"default","ast-page-background-meta":{"desktop":{"background-color":"","background-image":"","background-repeat":"repeat","background-position":"center center","background-size":"auto","background-attachment":"scroll","background-type":"","background-media":"","overlay-type":"","overlay-color":"","overlay-opacity":"","overlay-gradient":""},"tablet":{"background-color":"","background-image":"","background-repeat":"repeat","background-position":"center center","background-size":"auto","background-attachment":"scroll","background-type":"","background-media":"","overlay-type":"","overlay-color":"","overlay-opacity":"","overlay-gradient":""},"mobile":{"background-color":"","background-image":"","background-repeat":"repeat","background-position":"center center","background-size":"auto","background-attachment":"scroll","background-type":"","background-media":"","overlay-type":"","overlay-color":"","overlay-opacity":"","overlay-gradient":""}},"ast-content-background-meta":{"desktop":{"background-color":"var(--ast-global-color-4)","background-image":"","background-repeat":"repeat","background-position":"center center","background-size":"auto","background-attachment":"scroll","background-type":"","background-media":"","overlay-type":"","overlay-color":"","overlay-opacity":"","overlay-gradient":""},"tablet":{"background-color":"var(--ast-global-color-4)","background-image":"","background-repeat":"repeat","background-position":"center center","background-size":"auto","background-attachment":"scroll","background-type":"","background-media":"","overlay-type":"","overlay-color":"","overlay-opacity":"","overlay-gradient":""},"mobile":{"background-color":"var(--ast-global-color-4)","background-image":"","background-repeat":"repeat","background-position":"center center","background-size":"auto","background-attachment":"scroll","background-type":"","background-media":"","overlay-type":"","overlay-color":"","overlay-opacity":"","overlay-gradient":""}}},"product_brand":[],"product_cat":[9862,174],"product_tag":[1095,1349,1361],"class_list":{"0":"post-15912","1":"product","2":"type-product","3":"status-publish","4":"has-post-thumbnail","6":"product_cat-lietuvos-istorija","7":"product_cat-istorija-ir-politologija","8":"product_tag-antrasis-pasaulinis-karas","9":"product_tag-atsiminimai","10":"product_tag-beilesas-judelis","11":"desktop-align-left","12":"tablet-align-left","13":"mobile-align-left","15":"first","16":"instock","17":"shipping-taxable","18":"purchasable","19":"product-type-simple"},"acf":[],"yoast_head":"<!-- This site is optimized with the Yoast SEO plugin v27.0 - https:\/\/yoast.com\/product\/yoast-seo-wordpress\/ -->\n<title>Judk\u0117 (yra pora d\u0117mi\u0173 knygos \u0161one)<\/title>\n<meta name=\"description\" content=\"Autobiografine knyga \u201eJudk\u0117\u201c yra atvira, niekuo nepagra\u017einta Judelio Beileso, gimusio 1927 metais Kaune, gyvenimo istorija. 1944-aisiais, naci\u0173\" \/>\n<meta name=\"robots\" content=\"index, follow, max-snippet:-1, max-image-preview:large, max-video-preview:-1\" \/>\n<link rel=\"canonical\" href=\"https:\/\/skaitytaknyga.lt\/en\/produktas\/gulago-istorija-yra-skaitymo-zymiu\/\" \/>\n<meta property=\"og:locale\" content=\"en_GB\" \/>\n<meta property=\"og:locale:alternate\" content=\"lt_LT\" \/>\n<meta property=\"og:type\" content=\"article\" \/>\n<meta property=\"og:title\" content=\"Judk\u0117 (yra pora d\u0117mi\u0173 knygos \u0161one)\" \/>\n<meta property=\"og:description\" content=\"Autobiografine knyga \u201eJudk\u0117\u201c yra atvira, niekuo nepagra\u017einta Judelio Beileso, gimusio 1927 metais Kaune, gyvenimo istorija. 1944-aisiais, naci\u0173\" \/>\n<meta property=\"og:url\" content=\"https:\/\/skaitytaknyga.lt\/en\/produktas\/gulago-istorija-yra-skaitymo-zymiu\/\" \/>\n<meta property=\"og:site_name\" content=\"Skaitytaknyga\" \/>\n<meta property=\"article:publisher\" content=\"https:\/\/www.facebook.com\/skaitytaknyga\/\" \/>\n<meta property=\"article:modified_time\" content=\"2026-03-18T12:59:51+00:00\" \/>\n<meta property=\"og:image\" content=\"https:\/\/skaitytaknyga.lt\/wp-content\/uploads\/2025\/01\/Judke-e1736425418219.jpg\" \/>\n\t<meta property=\"og:image:width\" content=\"470\" \/>\n\t<meta property=\"og:image:height\" content=\"692\" \/>\n\t<meta property=\"og:image:type\" content=\"image\/jpeg\" \/>\n<meta name=\"twitter:card\" content=\"summary_large_image\" \/>\n<meta name=\"twitter:label1\" content=\"Estimated reading time\" \/>\n\t<meta name=\"twitter:data1\" content=\"1 minute\" \/>\n<script type=\"application\/ld+json\" class=\"yoast-schema-graph\">{\"@context\":\"https:\/\/schema.org\",\"@graph\":[{\"@type\":\"WebPage\",\"@id\":\"https:\/\/skaitytaknyga.lt\/produktas\/gulago-istorija-yra-skaitymo-zymiu\/\",\"url\":\"https:\/\/skaitytaknyga.lt\/produktas\/gulago-istorija-yra-skaitymo-zymiu\/\",\"name\":\"Judk\u0117 (yra pora d\u0117mi\u0173 knygos \u0161one)\",\"isPartOf\":{\"@id\":\"https:\/\/skaitytaknyga.lt\/#website\"},\"primaryImageOfPage\":{\"@id\":\"https:\/\/skaitytaknyga.lt\/produktas\/gulago-istorija-yra-skaitymo-zymiu\/#primaryimage\"},\"image\":{\"@id\":\"https:\/\/skaitytaknyga.lt\/produktas\/gulago-istorija-yra-skaitymo-zymiu\/#primaryimage\"},\"thumbnailUrl\":\"https:\/\/skaitytaknyga.lt\/wp-content\/uploads\/2025\/01\/Judke-e1736425418219.jpg\",\"datePublished\":\"2025-01-09T12:22:20+00:00\",\"dateModified\":\"2026-03-18T12:59:51+00:00\",\"description\":\"Autobiografine knyga \u201eJudk\u0117\u201c yra atvira, niekuo nepagra\u017einta Judelio Beileso, gimusio 1927 metais Kaune, gyvenimo istorija. 1944-aisiais, naci\u0173\",\"breadcrumb\":{\"@id\":\"https:\/\/skaitytaknyga.lt\/produktas\/gulago-istorija-yra-skaitymo-zymiu\/#breadcrumb\"},\"inLanguage\":\"en-GB\",\"potentialAction\":[{\"@type\":\"ReadAction\",\"target\":[\"https:\/\/skaitytaknyga.lt\/produktas\/gulago-istorija-yra-skaitymo-zymiu\/\"]}]},{\"@type\":\"ImageObject\",\"inLanguage\":\"en-GB\",\"@id\":\"https:\/\/skaitytaknyga.lt\/produktas\/gulago-istorija-yra-skaitymo-zymiu\/#primaryimage\",\"url\":\"https:\/\/skaitytaknyga.lt\/wp-content\/uploads\/2025\/01\/Judke-e1736425418219.jpg\",\"contentUrl\":\"https:\/\/skaitytaknyga.lt\/wp-content\/uploads\/2025\/01\/Judke-e1736425418219.jpg\",\"width\":470,\"height\":692,\"caption\":\"Judk\u0117\"},{\"@type\":\"BreadcrumbList\",\"@id\":\"https:\/\/skaitytaknyga.lt\/produktas\/gulago-istorija-yra-skaitymo-zymiu\/#breadcrumb\",\"itemListElement\":[{\"@type\":\"ListItem\",\"position\":1,\"name\":\"Home\",\"item\":\"https:\/\/skaitytaknyga.lt\/\"},{\"@type\":\"ListItem\",\"position\":2,\"name\":\"Parduotuv\u0117\",\"item\":\"https:\/\/skaitytaknyga.lt\/knygu-parduotuve\/\"},{\"@type\":\"ListItem\",\"position\":3,\"name\":\"Judk\u0117 (yra pora d\u0117mi\u0173 knygos \u0161one)\"}]},{\"@type\":\"WebSite\",\"@id\":\"https:\/\/skaitytaknyga.lt\/#website\",\"url\":\"https:\/\/skaitytaknyga.lt\/\",\"name\":\"skaitytaknyga.lt\",\"description\":\"Skaitytaknyga.lt \u2013 tai ma\u017eas \u0161eimos verslas, kuris prasid\u0117jo nuo meil\u0117s knygoms ir siekio i\u0161gelb\u0117ti knygas nuo likimo prie konteinerio. Kas vienam nereikalingas daiktas \u2013 kitam lobis, o mes esame tarpininkai, kurie padeda abiems tapti laimingesniems ???? \u017dinome kaip nelengva i\u0161gyventi ma\u017eiems verslams, tad nuo \u0161iol, \u010dia rasite ir kit\u0173, ma\u017e\u0173 \u0161eim\u0173 versl\u0173, rank\u0173 darbo, dovan\u0173 sau ir artimiesiems.\",\"publisher\":{\"@id\":\"https:\/\/skaitytaknyga.lt\/#organization\"},\"potentialAction\":[{\"@type\":\"SearchAction\",\"target\":{\"@type\":\"EntryPoint\",\"urlTemplate\":\"https:\/\/skaitytaknyga.lt\/?s={search_term_string}\"},\"query-input\":{\"@type\":\"PropertyValueSpecification\",\"valueRequired\":true,\"valueName\":\"search_term_string\"}}],\"inLanguage\":\"en-GB\"},{\"@type\":\"Organization\",\"@id\":\"https:\/\/skaitytaknyga.lt\/#organization\",\"name\":\"skaitytaknyga.lt\",\"url\":\"https:\/\/skaitytaknyga.lt\/\",\"logo\":{\"@type\":\"ImageObject\",\"inLanguage\":\"en-GB\",\"@id\":\"https:\/\/skaitytaknyga.lt\/#\/schema\/logo\/image\/\",\"url\":\"https:\/\/skaitytaknyga.lt\/wp-content\/uploads\/2024\/05\/cropped-cropped-cropped-02_00843_jt3bggkj1j3HLc7SyY6rEUpg.jpeg\",\"contentUrl\":\"https:\/\/skaitytaknyga.lt\/wp-content\/uploads\/2024\/05\/cropped-cropped-cropped-02_00843_jt3bggkj1j3HLc7SyY6rEUpg.jpeg\",\"width\":1600,\"height\":1600,\"caption\":\"skaitytaknyga.lt\"},\"image\":{\"@id\":\"https:\/\/skaitytaknyga.lt\/#\/schema\/logo\/image\/\"},\"sameAs\":[\"https:\/\/www.facebook.com\/skaitytaknyga\/\"]}]}<\/script>\n<!-- \/ Yoast SEO plugin. -->","yoast_head_json":{"title":"Judk\u0117 (yra pora d\u0117mi\u0173 knygos \u0161one)","description":"Autobiografine knyga \u201eJudk\u0117\u201c yra atvira, niekuo nepagra\u017einta Judelio Beileso, gimusio 1927 metais Kaune, gyvenimo istorija. 1944-aisiais, naci\u0173","robots":{"index":"index","follow":"follow","max-snippet":"max-snippet:-1","max-image-preview":"max-image-preview:large","max-video-preview":"max-video-preview:-1"},"canonical":"https:\/\/skaitytaknyga.lt\/en\/produktas\/gulago-istorija-yra-skaitymo-zymiu\/","og_locale":"en_GB","og_type":"article","og_title":"[:lt]Judk\u0117 (yra pora d\u0117mi\u0173 knygos \u0161one)[:] - Skaitytaknyga","og_description":"Autobiografine knyga \u201eJudk\u0117\u201c yra atvira, niekuo nepagra\u017einta Judelio Beileso, gimusio 1927 metais Kaune, gyvenimo istorija. 1944-aisiais, naci\u0173","og_url":"https:\/\/skaitytaknyga.lt\/en\/produktas\/gulago-istorija-yra-skaitymo-zymiu\/","og_site_name":"Skaitytaknyga","article_publisher":"https:\/\/www.facebook.com\/skaitytaknyga\/","article_modified_time":"2026-03-18T12:59:51+00:00","og_image":[{"width":470,"height":692,"url":"https:\/\/skaitytaknyga.lt\/wp-content\/uploads\/2025\/01\/Judke-e1736425418219.jpg","type":"image\/jpeg"}],"twitter_card":"summary_large_image","twitter_misc":{"Estimated reading time":"1 minute"},"schema":{"@context":"https:\/\/schema.org","@graph":[{"@type":"WebPage","@id":"https:\/\/skaitytaknyga.lt\/produktas\/gulago-istorija-yra-skaitymo-zymiu\/","url":"https:\/\/skaitytaknyga.lt\/produktas\/gulago-istorija-yra-skaitymo-zymiu\/","name":"Judk\u0117 (yra pora d\u0117mi\u0173 knygos \u0161one)","isPartOf":{"@id":"https:\/\/skaitytaknyga.lt\/#website"},"primaryImageOfPage":{"@id":"https:\/\/skaitytaknyga.lt\/produktas\/gulago-istorija-yra-skaitymo-zymiu\/#primaryimage"},"image":{"@id":"https:\/\/skaitytaknyga.lt\/produktas\/gulago-istorija-yra-skaitymo-zymiu\/#primaryimage"},"thumbnailUrl":"https:\/\/skaitytaknyga.lt\/wp-content\/uploads\/2025\/01\/Judke-e1736425418219.jpg","datePublished":"2025-01-09T12:22:20+00:00","dateModified":"2026-03-18T12:59:51+00:00","description":"Autobiografine knyga \u201eJudk\u0117\u201c yra atvira, niekuo nepagra\u017einta Judelio Beileso, gimusio 1927 metais Kaune, gyvenimo istorija. 1944-aisiais, naci\u0173","breadcrumb":{"@id":"https:\/\/skaitytaknyga.lt\/produktas\/gulago-istorija-yra-skaitymo-zymiu\/#breadcrumb"},"inLanguage":"en-GB","potentialAction":[{"@type":"ReadAction","target":["https:\/\/skaitytaknyga.lt\/produktas\/gulago-istorija-yra-skaitymo-zymiu\/"]}]},{"@type":"ImageObject","inLanguage":"en-GB","@id":"https:\/\/skaitytaknyga.lt\/produktas\/gulago-istorija-yra-skaitymo-zymiu\/#primaryimage","url":"https:\/\/skaitytaknyga.lt\/wp-content\/uploads\/2025\/01\/Judke-e1736425418219.jpg","contentUrl":"https:\/\/skaitytaknyga.lt\/wp-content\/uploads\/2025\/01\/Judke-e1736425418219.jpg","width":470,"height":692,"caption":"Judk\u0117"},{"@type":"BreadcrumbList","@id":"https:\/\/skaitytaknyga.lt\/produktas\/gulago-istorija-yra-skaitymo-zymiu\/#breadcrumb","itemListElement":[{"@type":"ListItem","position":1,"name":"Home","item":"https:\/\/skaitytaknyga.lt\/"},{"@type":"ListItem","position":2,"name":"Parduotuv\u0117","item":"https:\/\/skaitytaknyga.lt\/knygu-parduotuve\/"},{"@type":"ListItem","position":3,"name":"Judk\u0117 (yra pora d\u0117mi\u0173 knygos \u0161one)"}]},{"@type":"WebSite","@id":"https:\/\/skaitytaknyga.lt\/#website","url":"https:\/\/skaitytaknyga.lt\/","name":"skaitytaknyga.lt","description":"Skaitytaknyga.lt \u2013 tai ma\u017eas \u0161eimos verslas, kuris prasid\u0117jo nuo meil\u0117s knygoms ir siekio i\u0161gelb\u0117ti knygas nuo likimo prie konteinerio. Kas vienam nereikalingas daiktas \u2013 kitam lobis, o mes esame tarpininkai, kurie padeda abiems tapti laimingesniems ???? \u017dinome kaip nelengva i\u0161gyventi ma\u017eiems verslams, tad nuo \u0161iol, \u010dia rasite ir kit\u0173, ma\u017e\u0173 \u0161eim\u0173 versl\u0173, rank\u0173 darbo, dovan\u0173 sau ir artimiesiems.","publisher":{"@id":"https:\/\/skaitytaknyga.lt\/#organization"},"potentialAction":[{"@type":"SearchAction","target":{"@type":"EntryPoint","urlTemplate":"https:\/\/skaitytaknyga.lt\/?s={search_term_string}"},"query-input":{"@type":"PropertyValueSpecification","valueRequired":true,"valueName":"search_term_string"}}],"inLanguage":"en-GB"},{"@type":"Organization","@id":"https:\/\/skaitytaknyga.lt\/#organization","name":"skaitytaknyga.lt","url":"https:\/\/skaitytaknyga.lt\/","logo":{"@type":"ImageObject","inLanguage":"en-GB","@id":"https:\/\/skaitytaknyga.lt\/#\/schema\/logo\/image\/","url":"https:\/\/skaitytaknyga.lt\/wp-content\/uploads\/2024\/05\/cropped-cropped-cropped-02_00843_jt3bggkj1j3HLc7SyY6rEUpg.jpeg","contentUrl":"https:\/\/skaitytaknyga.lt\/wp-content\/uploads\/2024\/05\/cropped-cropped-cropped-02_00843_jt3bggkj1j3HLc7SyY6rEUpg.jpeg","width":1600,"height":1600,"caption":"skaitytaknyga.lt"},"image":{"@id":"https:\/\/skaitytaknyga.lt\/#\/schema\/logo\/image\/"},"sameAs":["https:\/\/www.facebook.com\/skaitytaknyga\/"]}]}},"_links":{"self":[{"href":"https:\/\/skaitytaknyga.lt\/en\/wp-json\/wp\/v2\/product\/15912","targetHints":{"allow":["GET"]}}],"collection":[{"href":"https:\/\/skaitytaknyga.lt\/en\/wp-json\/wp\/v2\/product"}],"about":[{"href":"https:\/\/skaitytaknyga.lt\/en\/wp-json\/wp\/v2\/types\/product"}],"replies":[{"embeddable":true,"href":"https:\/\/skaitytaknyga.lt\/en\/wp-json\/wp\/v2\/comments?post=15912"}],"wp:featuredmedia":[{"embeddable":true,"href":"https:\/\/skaitytaknyga.lt\/en\/wp-json\/wp\/v2\/media\/15913"}],"wp:attachment":[{"href":"https:\/\/skaitytaknyga.lt\/en\/wp-json\/wp\/v2\/media?parent=15912"}],"wp:term":[{"taxonomy":"product_brand","embeddable":true,"href":"https:\/\/skaitytaknyga.lt\/en\/wp-json\/wp\/v2\/product_brand?post=15912"},{"taxonomy":"product_cat","embeddable":true,"href":"https:\/\/skaitytaknyga.lt\/en\/wp-json\/wp\/v2\/product_cat?post=15912"},{"taxonomy":"product_tag","embeddable":true,"href":"https:\/\/skaitytaknyga.lt\/en\/wp-json\/wp\/v2\/product_tag?post=15912"}],"curies":[{"name":"wp","href":"https:\/\/api.w.org\/{rel}","templated":true}]}}