{"id":15908,"date":"2025-01-09T14:18:36","date_gmt":"2025-01-09T12:18:36","guid":{"rendered":"https:\/\/skaitytaknyga.lt\/?post_type=product&#038;p=15908"},"modified":"2025-01-09T14:19:41","modified_gmt":"2025-01-09T12:19:41","slug":"poniu-salies-mergaites-stebuklingojo-veidrodzio-paslaptis","status":"publish","type":"product","link":"https:\/\/skaitytaknyga.lt\/en\/produktas\/poniu-salies-mergaites-stebuklingojo-veidrodzio-paslaptis\/","title":{"rendered":"Poni\u0173 \u0161alies mergait\u0117s. Stebuklingojo veidrod\u017eio paslaptis"},"content":{"rendered":"<p>Puiki pasaka apie princes\u0119 \u017d\u0117rut\u0119, i\u0161 kurios ka\u017ekas pavagia kar\u016bn\u0105 ir pradingsta stebuklingame veidrodyje!<\/p>\n<p>Nor\u0117dama susigr\u0105\u017einti kar\u016bn\u0105, \u017d\u0117rut\u0117 neria \u012f veidrod\u012f, atsiduria nepa\u017e\u012fstamoje aplinkoje, \u012fkalinta \u017emogaus k\u016bne, kuriuo nemoka naudotis, ir privalo tapti Kanterloto vidurin\u0117s Rudens pokylio princese.<\/p>\n<ul class=\"about-product d-none d-xl-block mt-4\">\n<li><strong>Leid\u0117jas:<\/strong>\u00a0Egmont Lietuva<\/li>\n<li><strong>Metai:<\/strong>\u00a02015<\/li>\n<li><strong>Puslapiai:<\/strong>\u00a0216<\/li>\n<li class=\"toggleable type-new-formats \"><strong>ISBN:<\/strong>\u00a09786094148576<\/li>\n<li class=\"toggleable type-new-formats \"><strong>Formatas:<\/strong>\u00a017 x 24 cm, mink\u0161ti vir\u0161eliai<\/li>\n<li><strong>Kalba:<\/strong>\u00a0Lietuvi\u0173<\/li>\n<\/ul>\n","protected":false},"excerpt":{"rendered":"<p>Puiki pasaka apie princes\u0119 \u017d\u0117rut\u0119, i\u0161 kurios ka\u017ekas pavagia kar\u016bn\u0105 ir pradingsta stebuklingame veidrodyje! Nor\u0117dama susigr\u0105\u017einti kar\u016bn\u0105, \u017d\u0117rut\u0117 neria \u012f veidrod\u012f, atsiduria nepa\u017e\u012fstamoje aplinkoje, \u012fkalinta \u017emogaus k\u016bne, kuriuo nemoka naudotis, ir privalo tapti Kanterloto vidurin\u0117s Rudens pokylio princese. Leid\u0117jas:\u00a0Egmont Lietuva Metai:\u00a02015 Puslapiai:\u00a0216 ISBN:\u00a09786094148576 Formatas:\u00a017 x 24 cm, mink\u0161ti vir\u0161eliai Kalba:\u00a0Lietuvi\u0173<\/p>\n","protected":false},"featured_media":15909,"comment_status":"open","ping_status":"closed","template":"","meta":{"_acf_changed":false,"site-sidebar-layout":"default","site-content-layout":"","ast-site-content-layout":"default","site-content-style":"default","site-sidebar-style":"default","ast-global-header-display":"","ast-banner-title-visibility":"","ast-main-header-display":"","ast-hfb-above-header-display":"","ast-hfb-below-header-display":"","ast-hfb-mobile-header-display":"","site-post-title":"","ast-breadcrumbs-content":"","ast-featured-img":"","footer-sml-layout":"","ast-disable-related-posts":"","theme-transparent-header-meta":"default","adv-header-id-meta":"","stick-header-meta":"","header-above-stick-meta":"","header-main-stick-meta":"","header-below-stick-meta":"","astra-migrate-meta-layouts":"set","ast-page-background-enabled":"default","ast-page-background-meta":{"desktop":{"background-color":"","background-image":"","background-repeat":"repeat","background-position":"center center","background-size":"auto","background-attachment":"scroll","background-type":"","background-media":"","overlay-type":"","overlay-color":"","overlay-opacity":"","overlay-gradient":""},"tablet":{"background-color":"","background-image":"","background-repeat":"repeat","background-position":"center center","background-size":"auto","background-attachment":"scroll","background-type":"","background-media":"","overlay-type":"","overlay-color":"","overlay-opacity":"","overlay-gradient":""},"mobile":{"background-color":"","background-image":"","background-repeat":"repeat","background-position":"center center","background-size":"auto","background-attachment":"scroll","background-type":"","background-media":"","overlay-type":"","overlay-color":"","overlay-opacity":"","overlay-gradient":""}},"ast-content-background-meta":{"desktop":{"background-color":"var(--ast-global-color-4)","background-image":"","background-repeat":"repeat","background-position":"center center","background-size":"auto","background-attachment":"scroll","background-type":"","background-media":"","overlay-type":"","overlay-color":"","overlay-opacity":"","overlay-gradient":""},"tablet":{"background-color":"var(--ast-global-color-4)","background-image":"","background-repeat":"repeat","background-position":"center center","background-size":"auto","background-attachment":"scroll","background-type":"","background-media":"","overlay-type":"","overlay-color":"","overlay-opacity":"","overlay-gradient":""},"mobile":{"background-color":"var(--ast-global-color-4)","background-image":"","background-repeat":"repeat","background-position":"center center","background-size":"auto","background-attachment":"scroll","background-type":"","background-media":"","overlay-type":"","overlay-color":"","overlay-opacity":"","overlay-gradient":""}}},"product_brand":[],"product_cat":[15,35],"product_tag":[],"class_list":{"0":"post-15908","1":"product","2":"type-product","3":"status-publish","4":"has-post-thumbnail","6":"product_cat-uncategorized","7":"product_cat-vaikams-ir-paaugliams","8":"desktop-align-left","9":"tablet-align-left","10":"mobile-align-left","12":"first","13":"instock","14":"shipping-taxable","15":"purchasable","16":"product-type-simple"},"acf":[],"yoast_head":"<!-- This site is optimized with the Yoast SEO plugin v27.0 - https:\/\/yoast.com\/product\/yoast-seo-wordpress\/ -->\n<title>Poni\u0173 \u0161alies mergait\u0117s. Stebuklingojo veidrod\u017eio paslaptis<\/title>\n<meta name=\"description\" content=\"Puiki pasaka apie princes\u0119 \u017d\u0117rut\u0119, i\u0161 kurios ka\u017ekas pavagia kar\u016bn\u0105 ir pradingsta stebuklingame veidrodyje! Nor\u0117dama susigr\u0105\u017einti kar\u016bn\u0105, \u017d\u0117rut\u0117 neria \u012f\" \/>\n<meta name=\"robots\" content=\"index, follow, max-snippet:-1, max-image-preview:large, max-video-preview:-1\" \/>\n<link rel=\"canonical\" href=\"https:\/\/skaitytaknyga.lt\/en\/produktas\/poniu-salies-mergaites-stebuklingojo-veidrodzio-paslaptis\/\" \/>\n<meta property=\"og:locale\" content=\"en_GB\" \/>\n<meta property=\"og:locale:alternate\" content=\"lt_LT\" \/>\n<meta property=\"og:type\" content=\"article\" \/>\n<meta property=\"og:title\" content=\"Poni\u0173 \u0161alies mergait\u0117s. Stebuklingojo veidrod\u017eio paslaptis\" \/>\n<meta property=\"og:description\" content=\"Puiki pasaka apie princes\u0119 \u017d\u0117rut\u0119, i\u0161 kurios ka\u017ekas pavagia kar\u016bn\u0105 ir pradingsta stebuklingame veidrodyje! Nor\u0117dama susigr\u0105\u017einti kar\u016bn\u0105, \u017d\u0117rut\u0117 neria \u012f\" \/>\n<meta property=\"og:url\" content=\"https:\/\/skaitytaknyga.lt\/en\/produktas\/poniu-salies-mergaites-stebuklingojo-veidrodzio-paslaptis\/\" \/>\n<meta property=\"og:site_name\" content=\"Skaitytaknyga\" \/>\n<meta property=\"article:publisher\" content=\"https:\/\/www.facebook.com\/skaitytaknyga\/\" \/>\n<meta property=\"article:modified_time\" content=\"2025-01-09T12:19:41+00:00\" \/>\n<meta property=\"og:image\" content=\"https:\/\/skaitytaknyga.lt\/wp-content\/uploads\/2025\/01\/Poniu-salies-mergaites.-Stebuklingojo-veidrodzio-paslaptis.webp\" \/>\n\t<meta property=\"og:image:width\" content=\"415\" \/>\n\t<meta property=\"og:image:height\" content=\"560\" \/>\n\t<meta property=\"og:image:type\" content=\"image\/webp\" \/>\n<meta name=\"twitter:card\" content=\"summary_large_image\" \/>\n<meta name=\"twitter:label1\" content=\"Estimated reading time\" \/>\n\t<meta name=\"twitter:data1\" content=\"1 minute\" \/>\n<script type=\"application\/ld+json\" class=\"yoast-schema-graph\">{\"@context\":\"https:\/\/schema.org\",\"@graph\":[{\"@type\":\"WebPage\",\"@id\":\"https:\/\/skaitytaknyga.lt\/produktas\/poniu-salies-mergaites-stebuklingojo-veidrodzio-paslaptis\/\",\"url\":\"https:\/\/skaitytaknyga.lt\/produktas\/poniu-salies-mergaites-stebuklingojo-veidrodzio-paslaptis\/\",\"name\":\"Poni\u0173 \u0161alies mergait\u0117s. Stebuklingojo veidrod\u017eio paslaptis\",\"isPartOf\":{\"@id\":\"https:\/\/skaitytaknyga.lt\/#website\"},\"primaryImageOfPage\":{\"@id\":\"https:\/\/skaitytaknyga.lt\/produktas\/poniu-salies-mergaites-stebuklingojo-veidrodzio-paslaptis\/#primaryimage\"},\"image\":{\"@id\":\"https:\/\/skaitytaknyga.lt\/produktas\/poniu-salies-mergaites-stebuklingojo-veidrodzio-paslaptis\/#primaryimage\"},\"thumbnailUrl\":\"https:\/\/skaitytaknyga.lt\/wp-content\/uploads\/2025\/01\/Poniu-salies-mergaites.-Stebuklingojo-veidrodzio-paslaptis.webp\",\"datePublished\":\"2025-01-09T12:18:36+00:00\",\"dateModified\":\"2025-01-09T12:19:41+00:00\",\"description\":\"Puiki pasaka apie princes\u0119 \u017d\u0117rut\u0119, i\u0161 kurios ka\u017ekas pavagia kar\u016bn\u0105 ir pradingsta stebuklingame veidrodyje! Nor\u0117dama susigr\u0105\u017einti kar\u016bn\u0105, \u017d\u0117rut\u0117 neria \u012f\",\"breadcrumb\":{\"@id\":\"https:\/\/skaitytaknyga.lt\/produktas\/poniu-salies-mergaites-stebuklingojo-veidrodzio-paslaptis\/#breadcrumb\"},\"inLanguage\":\"en-GB\",\"potentialAction\":[{\"@type\":\"ReadAction\",\"target\":[\"https:\/\/skaitytaknyga.lt\/produktas\/poniu-salies-mergaites-stebuklingojo-veidrodzio-paslaptis\/\"]}]},{\"@type\":\"ImageObject\",\"inLanguage\":\"en-GB\",\"@id\":\"https:\/\/skaitytaknyga.lt\/produktas\/poniu-salies-mergaites-stebuklingojo-veidrodzio-paslaptis\/#primaryimage\",\"url\":\"https:\/\/skaitytaknyga.lt\/wp-content\/uploads\/2025\/01\/Poniu-salies-mergaites.-Stebuklingojo-veidrodzio-paslaptis.webp\",\"contentUrl\":\"https:\/\/skaitytaknyga.lt\/wp-content\/uploads\/2025\/01\/Poniu-salies-mergaites.-Stebuklingojo-veidrodzio-paslaptis.webp\",\"width\":415,\"height\":560,\"caption\":\"Poni\u0173 \u0161alies mergait\u0117s. Stebuklingojo veidrod\u017eio paslaptis\"},{\"@type\":\"BreadcrumbList\",\"@id\":\"https:\/\/skaitytaknyga.lt\/produktas\/poniu-salies-mergaites-stebuklingojo-veidrodzio-paslaptis\/#breadcrumb\",\"itemListElement\":[{\"@type\":\"ListItem\",\"position\":1,\"name\":\"Home\",\"item\":\"https:\/\/skaitytaknyga.lt\/\"},{\"@type\":\"ListItem\",\"position\":2,\"name\":\"Parduotuv\u0117\",\"item\":\"https:\/\/skaitytaknyga.lt\/knygu-parduotuve\/\"},{\"@type\":\"ListItem\",\"position\":3,\"name\":\"Poni\u0173 \u0161alies mergait\u0117s. Stebuklingojo veidrod\u017eio paslaptis\"}]},{\"@type\":\"WebSite\",\"@id\":\"https:\/\/skaitytaknyga.lt\/#website\",\"url\":\"https:\/\/skaitytaknyga.lt\/\",\"name\":\"skaitytaknyga.lt\",\"description\":\"Skaitytaknyga.lt \u2013 tai ma\u017eas \u0161eimos verslas, kuris prasid\u0117jo nuo meil\u0117s knygoms ir siekio i\u0161gelb\u0117ti knygas nuo likimo prie konteinerio. Kas vienam nereikalingas daiktas \u2013 kitam lobis, o mes esame tarpininkai, kurie padeda abiems tapti laimingesniems ???? \u017dinome kaip nelengva i\u0161gyventi ma\u017eiems verslams, tad nuo \u0161iol, \u010dia rasite ir kit\u0173, ma\u017e\u0173 \u0161eim\u0173 versl\u0173, rank\u0173 darbo, dovan\u0173 sau ir artimiesiems.\",\"publisher\":{\"@id\":\"https:\/\/skaitytaknyga.lt\/#organization\"},\"potentialAction\":[{\"@type\":\"SearchAction\",\"target\":{\"@type\":\"EntryPoint\",\"urlTemplate\":\"https:\/\/skaitytaknyga.lt\/?s={search_term_string}\"},\"query-input\":{\"@type\":\"PropertyValueSpecification\",\"valueRequired\":true,\"valueName\":\"search_term_string\"}}],\"inLanguage\":\"en-GB\"},{\"@type\":\"Organization\",\"@id\":\"https:\/\/skaitytaknyga.lt\/#organization\",\"name\":\"skaitytaknyga.lt\",\"url\":\"https:\/\/skaitytaknyga.lt\/\",\"logo\":{\"@type\":\"ImageObject\",\"inLanguage\":\"en-GB\",\"@id\":\"https:\/\/skaitytaknyga.lt\/#\/schema\/logo\/image\/\",\"url\":\"https:\/\/skaitytaknyga.lt\/wp-content\/uploads\/2024\/05\/cropped-cropped-cropped-02_00843_jt3bggkj1j3HLc7SyY6rEUpg.jpeg\",\"contentUrl\":\"https:\/\/skaitytaknyga.lt\/wp-content\/uploads\/2024\/05\/cropped-cropped-cropped-02_00843_jt3bggkj1j3HLc7SyY6rEUpg.jpeg\",\"width\":1600,\"height\":1600,\"caption\":\"skaitytaknyga.lt\"},\"image\":{\"@id\":\"https:\/\/skaitytaknyga.lt\/#\/schema\/logo\/image\/\"},\"sameAs\":[\"https:\/\/www.facebook.com\/skaitytaknyga\/\"]}]}<\/script>\n<!-- \/ Yoast SEO plugin. -->","yoast_head_json":{"title":"Poni\u0173 \u0161alies mergait\u0117s. Stebuklingojo veidrod\u017eio paslaptis","description":"Puiki pasaka apie princes\u0119 \u017d\u0117rut\u0119, i\u0161 kurios ka\u017ekas pavagia kar\u016bn\u0105 ir pradingsta stebuklingame veidrodyje! Nor\u0117dama susigr\u0105\u017einti kar\u016bn\u0105, \u017d\u0117rut\u0117 neria \u012f","robots":{"index":"index","follow":"follow","max-snippet":"max-snippet:-1","max-image-preview":"max-image-preview:large","max-video-preview":"max-video-preview:-1"},"canonical":"https:\/\/skaitytaknyga.lt\/en\/produktas\/poniu-salies-mergaites-stebuklingojo-veidrodzio-paslaptis\/","og_locale":"en_GB","og_type":"article","og_title":"[:lt]Poni\u0173 \u0161alies mergait\u0117s. Stebuklingojo veidrod\u017eio paslaptis[:] - Skaitytaknyga","og_description":"Puiki pasaka apie princes\u0119 \u017d\u0117rut\u0119, i\u0161 kurios ka\u017ekas pavagia kar\u016bn\u0105 ir pradingsta stebuklingame veidrodyje! Nor\u0117dama susigr\u0105\u017einti kar\u016bn\u0105, \u017d\u0117rut\u0117 neria \u012f","og_url":"https:\/\/skaitytaknyga.lt\/en\/produktas\/poniu-salies-mergaites-stebuklingojo-veidrodzio-paslaptis\/","og_site_name":"Skaitytaknyga","article_publisher":"https:\/\/www.facebook.com\/skaitytaknyga\/","article_modified_time":"2025-01-09T12:19:41+00:00","og_image":[{"width":415,"height":560,"url":"https:\/\/skaitytaknyga.lt\/wp-content\/uploads\/2025\/01\/Poniu-salies-mergaites.-Stebuklingojo-veidrodzio-paslaptis.webp","type":"image\/webp"}],"twitter_card":"summary_large_image","twitter_misc":{"Estimated reading time":"1 minute"},"schema":{"@context":"https:\/\/schema.org","@graph":[{"@type":"WebPage","@id":"https:\/\/skaitytaknyga.lt\/produktas\/poniu-salies-mergaites-stebuklingojo-veidrodzio-paslaptis\/","url":"https:\/\/skaitytaknyga.lt\/produktas\/poniu-salies-mergaites-stebuklingojo-veidrodzio-paslaptis\/","name":"Poni\u0173 \u0161alies mergait\u0117s. Stebuklingojo veidrod\u017eio paslaptis","isPartOf":{"@id":"https:\/\/skaitytaknyga.lt\/#website"},"primaryImageOfPage":{"@id":"https:\/\/skaitytaknyga.lt\/produktas\/poniu-salies-mergaites-stebuklingojo-veidrodzio-paslaptis\/#primaryimage"},"image":{"@id":"https:\/\/skaitytaknyga.lt\/produktas\/poniu-salies-mergaites-stebuklingojo-veidrodzio-paslaptis\/#primaryimage"},"thumbnailUrl":"https:\/\/skaitytaknyga.lt\/wp-content\/uploads\/2025\/01\/Poniu-salies-mergaites.-Stebuklingojo-veidrodzio-paslaptis.webp","datePublished":"2025-01-09T12:18:36+00:00","dateModified":"2025-01-09T12:19:41+00:00","description":"Puiki pasaka apie princes\u0119 \u017d\u0117rut\u0119, i\u0161 kurios ka\u017ekas pavagia kar\u016bn\u0105 ir pradingsta stebuklingame veidrodyje! Nor\u0117dama susigr\u0105\u017einti kar\u016bn\u0105, \u017d\u0117rut\u0117 neria \u012f","breadcrumb":{"@id":"https:\/\/skaitytaknyga.lt\/produktas\/poniu-salies-mergaites-stebuklingojo-veidrodzio-paslaptis\/#breadcrumb"},"inLanguage":"en-GB","potentialAction":[{"@type":"ReadAction","target":["https:\/\/skaitytaknyga.lt\/produktas\/poniu-salies-mergaites-stebuklingojo-veidrodzio-paslaptis\/"]}]},{"@type":"ImageObject","inLanguage":"en-GB","@id":"https:\/\/skaitytaknyga.lt\/produktas\/poniu-salies-mergaites-stebuklingojo-veidrodzio-paslaptis\/#primaryimage","url":"https:\/\/skaitytaknyga.lt\/wp-content\/uploads\/2025\/01\/Poniu-salies-mergaites.-Stebuklingojo-veidrodzio-paslaptis.webp","contentUrl":"https:\/\/skaitytaknyga.lt\/wp-content\/uploads\/2025\/01\/Poniu-salies-mergaites.-Stebuklingojo-veidrodzio-paslaptis.webp","width":415,"height":560,"caption":"Poni\u0173 \u0161alies mergait\u0117s. Stebuklingojo veidrod\u017eio paslaptis"},{"@type":"BreadcrumbList","@id":"https:\/\/skaitytaknyga.lt\/produktas\/poniu-salies-mergaites-stebuklingojo-veidrodzio-paslaptis\/#breadcrumb","itemListElement":[{"@type":"ListItem","position":1,"name":"Home","item":"https:\/\/skaitytaknyga.lt\/"},{"@type":"ListItem","position":2,"name":"Parduotuv\u0117","item":"https:\/\/skaitytaknyga.lt\/knygu-parduotuve\/"},{"@type":"ListItem","position":3,"name":"Poni\u0173 \u0161alies mergait\u0117s. Stebuklingojo veidrod\u017eio paslaptis"}]},{"@type":"WebSite","@id":"https:\/\/skaitytaknyga.lt\/#website","url":"https:\/\/skaitytaknyga.lt\/","name":"skaitytaknyga.lt","description":"Skaitytaknyga.lt \u2013 tai ma\u017eas \u0161eimos verslas, kuris prasid\u0117jo nuo meil\u0117s knygoms ir siekio i\u0161gelb\u0117ti knygas nuo likimo prie konteinerio. Kas vienam nereikalingas daiktas \u2013 kitam lobis, o mes esame tarpininkai, kurie padeda abiems tapti laimingesniems ???? \u017dinome kaip nelengva i\u0161gyventi ma\u017eiems verslams, tad nuo \u0161iol, \u010dia rasite ir kit\u0173, ma\u017e\u0173 \u0161eim\u0173 versl\u0173, rank\u0173 darbo, dovan\u0173 sau ir artimiesiems.","publisher":{"@id":"https:\/\/skaitytaknyga.lt\/#organization"},"potentialAction":[{"@type":"SearchAction","target":{"@type":"EntryPoint","urlTemplate":"https:\/\/skaitytaknyga.lt\/?s={search_term_string}"},"query-input":{"@type":"PropertyValueSpecification","valueRequired":true,"valueName":"search_term_string"}}],"inLanguage":"en-GB"},{"@type":"Organization","@id":"https:\/\/skaitytaknyga.lt\/#organization","name":"skaitytaknyga.lt","url":"https:\/\/skaitytaknyga.lt\/","logo":{"@type":"ImageObject","inLanguage":"en-GB","@id":"https:\/\/skaitytaknyga.lt\/#\/schema\/logo\/image\/","url":"https:\/\/skaitytaknyga.lt\/wp-content\/uploads\/2024\/05\/cropped-cropped-cropped-02_00843_jt3bggkj1j3HLc7SyY6rEUpg.jpeg","contentUrl":"https:\/\/skaitytaknyga.lt\/wp-content\/uploads\/2024\/05\/cropped-cropped-cropped-02_00843_jt3bggkj1j3HLc7SyY6rEUpg.jpeg","width":1600,"height":1600,"caption":"skaitytaknyga.lt"},"image":{"@id":"https:\/\/skaitytaknyga.lt\/#\/schema\/logo\/image\/"},"sameAs":["https:\/\/www.facebook.com\/skaitytaknyga\/"]}]}},"_links":{"self":[{"href":"https:\/\/skaitytaknyga.lt\/en\/wp-json\/wp\/v2\/product\/15908","targetHints":{"allow":["GET"]}}],"collection":[{"href":"https:\/\/skaitytaknyga.lt\/en\/wp-json\/wp\/v2\/product"}],"about":[{"href":"https:\/\/skaitytaknyga.lt\/en\/wp-json\/wp\/v2\/types\/product"}],"replies":[{"embeddable":true,"href":"https:\/\/skaitytaknyga.lt\/en\/wp-json\/wp\/v2\/comments?post=15908"}],"wp:featuredmedia":[{"embeddable":true,"href":"https:\/\/skaitytaknyga.lt\/en\/wp-json\/wp\/v2\/media\/15909"}],"wp:attachment":[{"href":"https:\/\/skaitytaknyga.lt\/en\/wp-json\/wp\/v2\/media?parent=15908"}],"wp:term":[{"taxonomy":"product_brand","embeddable":true,"href":"https:\/\/skaitytaknyga.lt\/en\/wp-json\/wp\/v2\/product_brand?post=15908"},{"taxonomy":"product_cat","embeddable":true,"href":"https:\/\/skaitytaknyga.lt\/en\/wp-json\/wp\/v2\/product_cat?post=15908"},{"taxonomy":"product_tag","embeddable":true,"href":"https:\/\/skaitytaknyga.lt\/en\/wp-json\/wp\/v2\/product_tag?post=15908"}],"curies":[{"name":"wp","href":"https:\/\/api.w.org\/{rel}","templated":true}]}}