{"id":15904,"date":"2025-01-09T14:09:44","date_gmt":"2025-01-09T12:09:44","guid":{"rendered":"https:\/\/skaitytaknyga.lt\/?post_type=product&#038;p=15904"},"modified":"2025-05-19T09:47:18","modified_gmt":"2025-05-19T06:47:18","slug":"sabriele","status":"publish","type":"product","link":"https:\/\/skaitytaknyga.lt\/en\/produktas\/sabriele\/","title":{"rendered":"Sabriel\u0117"},"content":{"rendered":"<p>Sabriel\u0117s mokslai Vyverlio koled\u017ee \u0117jo \u012f pabaig\u0105 ir ji jau svajojo apie studijas Ancelstjero sostin\u0117je. \u010cia \u012fprastas gyvenimas niekuo nesiskiria nuo kit\u0173 miest\u0173, kur mokytojai nedraud\u017eia vaik\u0161\u010dioti \u012f kin\u0105, kur skuba \u017emon\u0117s ir automobiliai ir&#8230; daug vaikin\u0173, kuri\u0173 taip tr\u016bksta mokantis \u201ejaun\u0173j\u0173 ledi\u201c koled\u017ee.<\/p>\n<p>Auk\u0161tyn kojomis visk\u0105 apvert\u0117 \u017einia apie Sabriel\u0117s t\u0117vo dingim\u0105. Jo ie\u0161koti Sabriel\u0117 i\u0161keliavo u\u017e Sienos, skirian\u010dios Sen\u0105j\u0105 karalyst\u0119, kurioje ji gim\u0117, ir Ancelstjer\u0105. Ta\u010diau tai padaryti nebus lengva \u2013 Senojoje karalyst\u0117je vie\u0161patauja magija, o vald\u017ei\u0105 siekia u\u017egrobti i\u0161 Mirties i\u0161tr\u016bk\u0119s blogis.<\/p>\n<p>\u201eSabriel\u0117\u201c \u2013 pirmasis austral\u0173 ra\u0161ytojo Garth Nix trilogijos \u201eSenoji karalyst\u0117\u201c romanas, kuris suteik\u0117 autoriui pripa\u017einim\u0105, o jo sukurtas pasaulis trauk\u0117 visus \u201efantasy\u201c m\u0117g\u0117jus, nepriklausomai nuo am\u017eiaus, lyties ir kit\u0173 kriterij\u0173.<\/p>\n<p>Originalus pavadinimas: Sabriel<br \/>\nAutorius: Garth Nix<br \/>\nLeid\u0117jas: Bonus Animus<br \/>\nMetai: 2009<br \/>\nPuslapiai: 264<br \/>\nISBN: 9789955754138<br \/>\nFormatas: 14,5 x 21,5 cm, mink\u0161ti vir\u0161eliai<br \/>\nKalba: Lietuvi\u0173<br \/>\nVert\u0117jas: Vytautas Tonk\u016bnas<\/p>\n","protected":false},"excerpt":{"rendered":"<p>Sabriel\u0117s mokslai Vyverlio koled\u017ee \u0117jo \u012f pabaig\u0105 ir ji jau svajojo apie studijas Ancelstjero sostin\u0117je. \u010cia \u012fprastas gyvenimas niekuo nesiskiria nuo kit\u0173 miest\u0173, kur mokytojai nedraud\u017eia vaik\u0161\u010dioti \u012f kin\u0105, kur skuba \u017emon\u0117s ir automobiliai ir&#8230; daug vaikin\u0173, kuri\u0173 taip tr\u016bksta mokantis \u201ejaun\u0173j\u0173 ledi\u201c koled\u017ee. Auk\u0161tyn kojomis visk\u0105 apvert\u0117 \u017einia apie Sabriel\u0117s t\u0117vo dingim\u0105. Jo ie\u0161koti Sabriel\u0117 i\u0161keliavo u\u017e Sienos, skirian\u010dios Sen\u0105j\u0105 karalyst\u0119, kurioje ji gim\u0117, ir Ancelstjer\u0105. Ta\u010diau tai padaryti nebus lengva \u2013 Senojoje karalyst\u0117je vie\u0161patauja magija, o vald\u017ei\u0105 siekia u\u017egrobti i\u0161 Mirties i\u0161tr\u016bk\u0119s blogis. \u201eSabriel\u0117\u201c \u2013 pirmasis austral\u0173 ra\u0161ytojo Garth Nix trilogijos \u201eSenoji karalyst\u0117\u201c romanas, kuris suteik\u0117 autoriui pripa\u017einim\u0105, o jo sukurtas pasaulis trauk\u0117 visus \u201efantasy\u201c m\u0117g\u0117jus, nepriklausomai nuo am\u017eiaus, lyties ir kit\u0173 kriterij\u0173. Originalus pavadinimas: Sabriel Autorius: Garth Nix Leid\u0117jas: Bonus Animus Metai: 2009 Puslapiai: 264 ISBN: 9789955754138 Formatas: 14,5 x 21,5 cm, mink\u0161ti vir\u0161eliai Kalba: Lietuvi\u0173 Vert\u0117jas: Vytautas Tonk\u016bnas<\/p>\n","protected":false},"featured_media":15905,"comment_status":"open","ping_status":"closed","template":"","meta":{"_acf_changed":false,"site-sidebar-layout":"default","site-content-layout":"","ast-site-content-layout":"default","site-content-style":"default","site-sidebar-style":"default","ast-global-header-display":"","ast-banner-title-visibility":"","ast-main-header-display":"","ast-hfb-above-header-display":"","ast-hfb-below-header-display":"","ast-hfb-mobile-header-display":"","site-post-title":"","ast-breadcrumbs-content":"","ast-featured-img":"","footer-sml-layout":"","ast-disable-related-posts":"","theme-transparent-header-meta":"default","adv-header-id-meta":"","stick-header-meta":"","header-above-stick-meta":"","header-main-stick-meta":"","header-below-stick-meta":"","astra-migrate-meta-layouts":"set","ast-page-background-enabled":"default","ast-page-background-meta":{"desktop":{"background-color":"","background-image":"","background-repeat":"repeat","background-position":"center center","background-size":"auto","background-attachment":"scroll","background-type":"","background-media":"","overlay-type":"","overlay-color":"","overlay-opacity":"","overlay-gradient":""},"tablet":{"background-color":"","background-image":"","background-repeat":"repeat","background-position":"center center","background-size":"auto","background-attachment":"scroll","background-type":"","background-media":"","overlay-type":"","overlay-color":"","overlay-opacity":"","overlay-gradient":""},"mobile":{"background-color":"","background-image":"","background-repeat":"repeat","background-position":"center center","background-size":"auto","background-attachment":"scroll","background-type":"","background-media":"","overlay-type":"","overlay-color":"","overlay-opacity":"","overlay-gradient":""}},"ast-content-background-meta":{"desktop":{"background-color":"var(--ast-global-color-4)","background-image":"","background-repeat":"repeat","background-position":"center center","background-size":"auto","background-attachment":"scroll","background-type":"","background-media":"","overlay-type":"","overlay-color":"","overlay-opacity":"","overlay-gradient":""},"tablet":{"background-color":"var(--ast-global-color-4)","background-image":"","background-repeat":"repeat","background-position":"center center","background-size":"auto","background-attachment":"scroll","background-type":"","background-media":"","overlay-type":"","overlay-color":"","overlay-opacity":"","overlay-gradient":""},"mobile":{"background-color":"var(--ast-global-color-4)","background-image":"","background-repeat":"repeat","background-position":"center center","background-size":"auto","background-attachment":"scroll","background-type":"","background-media":"","overlay-type":"","overlay-color":"","overlay-opacity":"","overlay-gradient":""}}},"product_brand":[],"product_cat":[31,15,35],"product_tag":[],"class_list":{"0":"post-15904","1":"product","2":"type-product","3":"status-publish","4":"has-post-thumbnail","6":"product_cat-grozine-literatura","7":"product_cat-uncategorized","8":"product_cat-vaikams-ir-paaugliams","9":"desktop-align-left","10":"tablet-align-left","11":"mobile-align-left","13":"first","14":"instock","15":"shipping-taxable","16":"purchasable","17":"product-type-simple"},"acf":[],"yoast_head":"<!-- This site is optimized with the Yoast SEO plugin v27.0 - https:\/\/yoast.com\/product\/yoast-seo-wordpress\/ -->\n<title>Sabriel\u0117<\/title>\n<meta name=\"description\" content=\"Sabriel\u0117s mokslai Vyverlio koled\u017ee \u0117jo \u012f pabaig\u0105 ir ji jau svajojo apie studijas Ancelstjero sostin\u0117je. \u010cia \u012fprastas gyvenimas niekuo nesiskiria nuo kit\u0173\" \/>\n<meta name=\"robots\" content=\"index, follow, max-snippet:-1, max-image-preview:large, max-video-preview:-1\" \/>\n<link rel=\"canonical\" href=\"https:\/\/skaitytaknyga.lt\/en\/produktas\/sabriele\/\" \/>\n<meta property=\"og:locale\" content=\"en_GB\" \/>\n<meta property=\"og:locale:alternate\" content=\"lt_LT\" \/>\n<meta property=\"og:type\" content=\"article\" \/>\n<meta property=\"og:title\" content=\"Sabriel\u0117\" \/>\n<meta property=\"og:description\" content=\"Sabriel\u0117s mokslai Vyverlio koled\u017ee \u0117jo \u012f pabaig\u0105 ir ji jau svajojo apie studijas Ancelstjero sostin\u0117je. \u010cia \u012fprastas gyvenimas niekuo nesiskiria nuo kit\u0173\" \/>\n<meta property=\"og:url\" content=\"https:\/\/skaitytaknyga.lt\/en\/produktas\/sabriele\/\" \/>\n<meta property=\"og:site_name\" content=\"Skaitytaknyga\" \/>\n<meta property=\"article:publisher\" content=\"https:\/\/www.facebook.com\/skaitytaknyga\/\" \/>\n<meta property=\"article:modified_time\" content=\"2025-05-19T06:47:18+00:00\" \/>\n<meta property=\"og:image\" content=\"https:\/\/skaitytaknyga.lt\/wp-content\/uploads\/2025\/01\/Sabriele.webp\" \/>\n\t<meta property=\"og:image:width\" content=\"511\" \/>\n\t<meta property=\"og:image:height\" content=\"800\" \/>\n\t<meta property=\"og:image:type\" content=\"image\/webp\" \/>\n<meta name=\"twitter:card\" content=\"summary_large_image\" \/>\n<meta name=\"twitter:label1\" content=\"Estimated reading time\" \/>\n\t<meta name=\"twitter:data1\" content=\"1 minute\" \/>\n<script type=\"application\/ld+json\" class=\"yoast-schema-graph\">{\"@context\":\"https:\/\/schema.org\",\"@graph\":[{\"@type\":\"WebPage\",\"@id\":\"https:\/\/skaitytaknyga.lt\/produktas\/sabriele\/\",\"url\":\"https:\/\/skaitytaknyga.lt\/produktas\/sabriele\/\",\"name\":\"Sabriel\u0117\",\"isPartOf\":{\"@id\":\"https:\/\/skaitytaknyga.lt\/#website\"},\"primaryImageOfPage\":{\"@id\":\"https:\/\/skaitytaknyga.lt\/produktas\/sabriele\/#primaryimage\"},\"image\":{\"@id\":\"https:\/\/skaitytaknyga.lt\/produktas\/sabriele\/#primaryimage\"},\"thumbnailUrl\":\"https:\/\/skaitytaknyga.lt\/wp-content\/uploads\/2025\/01\/Sabriele.webp\",\"datePublished\":\"2025-01-09T12:09:44+00:00\",\"dateModified\":\"2025-05-19T06:47:18+00:00\",\"description\":\"Sabriel\u0117s mokslai Vyverlio koled\u017ee \u0117jo \u012f pabaig\u0105 ir ji jau svajojo apie studijas Ancelstjero sostin\u0117je. \u010cia \u012fprastas gyvenimas niekuo nesiskiria nuo kit\u0173\",\"breadcrumb\":{\"@id\":\"https:\/\/skaitytaknyga.lt\/produktas\/sabriele\/#breadcrumb\"},\"inLanguage\":\"en-GB\",\"potentialAction\":[{\"@type\":\"ReadAction\",\"target\":[\"https:\/\/skaitytaknyga.lt\/produktas\/sabriele\/\"]}]},{\"@type\":\"ImageObject\",\"inLanguage\":\"en-GB\",\"@id\":\"https:\/\/skaitytaknyga.lt\/produktas\/sabriele\/#primaryimage\",\"url\":\"https:\/\/skaitytaknyga.lt\/wp-content\/uploads\/2025\/01\/Sabriele.webp\",\"contentUrl\":\"https:\/\/skaitytaknyga.lt\/wp-content\/uploads\/2025\/01\/Sabriele.webp\",\"width\":511,\"height\":800,\"caption\":\"Sabriel\u0117\"},{\"@type\":\"BreadcrumbList\",\"@id\":\"https:\/\/skaitytaknyga.lt\/produktas\/sabriele\/#breadcrumb\",\"itemListElement\":[{\"@type\":\"ListItem\",\"position\":1,\"name\":\"Home\",\"item\":\"https:\/\/skaitytaknyga.lt\/\"},{\"@type\":\"ListItem\",\"position\":2,\"name\":\"Parduotuv\u0117\",\"item\":\"https:\/\/skaitytaknyga.lt\/knygu-parduotuve\/\"},{\"@type\":\"ListItem\",\"position\":3,\"name\":\"Sabriel\u0117\"}]},{\"@type\":\"WebSite\",\"@id\":\"https:\/\/skaitytaknyga.lt\/#website\",\"url\":\"https:\/\/skaitytaknyga.lt\/\",\"name\":\"skaitytaknyga.lt\",\"description\":\"Skaitytaknyga.lt \u2013 tai ma\u017eas \u0161eimos verslas, kuris prasid\u0117jo nuo meil\u0117s knygoms ir siekio i\u0161gelb\u0117ti knygas nuo likimo prie konteinerio. Kas vienam nereikalingas daiktas \u2013 kitam lobis, o mes esame tarpininkai, kurie padeda abiems tapti laimingesniems ???? \u017dinome kaip nelengva i\u0161gyventi ma\u017eiems verslams, tad nuo \u0161iol, \u010dia rasite ir kit\u0173, ma\u017e\u0173 \u0161eim\u0173 versl\u0173, rank\u0173 darbo, dovan\u0173 sau ir artimiesiems.\",\"publisher\":{\"@id\":\"https:\/\/skaitytaknyga.lt\/#organization\"},\"potentialAction\":[{\"@type\":\"SearchAction\",\"target\":{\"@type\":\"EntryPoint\",\"urlTemplate\":\"https:\/\/skaitytaknyga.lt\/?s={search_term_string}\"},\"query-input\":{\"@type\":\"PropertyValueSpecification\",\"valueRequired\":true,\"valueName\":\"search_term_string\"}}],\"inLanguage\":\"en-GB\"},{\"@type\":\"Organization\",\"@id\":\"https:\/\/skaitytaknyga.lt\/#organization\",\"name\":\"skaitytaknyga.lt\",\"url\":\"https:\/\/skaitytaknyga.lt\/\",\"logo\":{\"@type\":\"ImageObject\",\"inLanguage\":\"en-GB\",\"@id\":\"https:\/\/skaitytaknyga.lt\/#\/schema\/logo\/image\/\",\"url\":\"https:\/\/skaitytaknyga.lt\/wp-content\/uploads\/2024\/05\/cropped-cropped-cropped-02_00843_jt3bggkj1j3HLc7SyY6rEUpg.jpeg\",\"contentUrl\":\"https:\/\/skaitytaknyga.lt\/wp-content\/uploads\/2024\/05\/cropped-cropped-cropped-02_00843_jt3bggkj1j3HLc7SyY6rEUpg.jpeg\",\"width\":1600,\"height\":1600,\"caption\":\"skaitytaknyga.lt\"},\"image\":{\"@id\":\"https:\/\/skaitytaknyga.lt\/#\/schema\/logo\/image\/\"},\"sameAs\":[\"https:\/\/www.facebook.com\/skaitytaknyga\/\"]}]}<\/script>\n<!-- \/ Yoast SEO plugin. -->","yoast_head_json":{"title":"Sabriel\u0117","description":"Sabriel\u0117s mokslai Vyverlio koled\u017ee \u0117jo \u012f pabaig\u0105 ir ji jau svajojo apie studijas Ancelstjero sostin\u0117je. \u010cia \u012fprastas gyvenimas niekuo nesiskiria nuo kit\u0173","robots":{"index":"index","follow":"follow","max-snippet":"max-snippet:-1","max-image-preview":"max-image-preview:large","max-video-preview":"max-video-preview:-1"},"canonical":"https:\/\/skaitytaknyga.lt\/en\/produktas\/sabriele\/","og_locale":"en_GB","og_type":"article","og_title":"[:lt]Sabriel\u0117[:] - Skaitytaknyga","og_description":"Sabriel\u0117s mokslai Vyverlio koled\u017ee \u0117jo \u012f pabaig\u0105 ir ji jau svajojo apie studijas Ancelstjero sostin\u0117je. \u010cia \u012fprastas gyvenimas niekuo nesiskiria nuo kit\u0173","og_url":"https:\/\/skaitytaknyga.lt\/en\/produktas\/sabriele\/","og_site_name":"Skaitytaknyga","article_publisher":"https:\/\/www.facebook.com\/skaitytaknyga\/","article_modified_time":"2025-05-19T06:47:18+00:00","og_image":[{"width":511,"height":800,"url":"https:\/\/skaitytaknyga.lt\/wp-content\/uploads\/2025\/01\/Sabriele.webp","type":"image\/webp"}],"twitter_card":"summary_large_image","twitter_misc":{"Estimated reading time":"1 minute"},"schema":{"@context":"https:\/\/schema.org","@graph":[{"@type":"WebPage","@id":"https:\/\/skaitytaknyga.lt\/produktas\/sabriele\/","url":"https:\/\/skaitytaknyga.lt\/produktas\/sabriele\/","name":"Sabriel\u0117","isPartOf":{"@id":"https:\/\/skaitytaknyga.lt\/#website"},"primaryImageOfPage":{"@id":"https:\/\/skaitytaknyga.lt\/produktas\/sabriele\/#primaryimage"},"image":{"@id":"https:\/\/skaitytaknyga.lt\/produktas\/sabriele\/#primaryimage"},"thumbnailUrl":"https:\/\/skaitytaknyga.lt\/wp-content\/uploads\/2025\/01\/Sabriele.webp","datePublished":"2025-01-09T12:09:44+00:00","dateModified":"2025-05-19T06:47:18+00:00","description":"Sabriel\u0117s mokslai Vyverlio koled\u017ee \u0117jo \u012f pabaig\u0105 ir ji jau svajojo apie studijas Ancelstjero sostin\u0117je. \u010cia \u012fprastas gyvenimas niekuo nesiskiria nuo kit\u0173","breadcrumb":{"@id":"https:\/\/skaitytaknyga.lt\/produktas\/sabriele\/#breadcrumb"},"inLanguage":"en-GB","potentialAction":[{"@type":"ReadAction","target":["https:\/\/skaitytaknyga.lt\/produktas\/sabriele\/"]}]},{"@type":"ImageObject","inLanguage":"en-GB","@id":"https:\/\/skaitytaknyga.lt\/produktas\/sabriele\/#primaryimage","url":"https:\/\/skaitytaknyga.lt\/wp-content\/uploads\/2025\/01\/Sabriele.webp","contentUrl":"https:\/\/skaitytaknyga.lt\/wp-content\/uploads\/2025\/01\/Sabriele.webp","width":511,"height":800,"caption":"Sabriel\u0117"},{"@type":"BreadcrumbList","@id":"https:\/\/skaitytaknyga.lt\/produktas\/sabriele\/#breadcrumb","itemListElement":[{"@type":"ListItem","position":1,"name":"Home","item":"https:\/\/skaitytaknyga.lt\/"},{"@type":"ListItem","position":2,"name":"Parduotuv\u0117","item":"https:\/\/skaitytaknyga.lt\/knygu-parduotuve\/"},{"@type":"ListItem","position":3,"name":"Sabriel\u0117"}]},{"@type":"WebSite","@id":"https:\/\/skaitytaknyga.lt\/#website","url":"https:\/\/skaitytaknyga.lt\/","name":"skaitytaknyga.lt","description":"Skaitytaknyga.lt \u2013 tai ma\u017eas \u0161eimos verslas, kuris prasid\u0117jo nuo meil\u0117s knygoms ir siekio i\u0161gelb\u0117ti knygas nuo likimo prie konteinerio. Kas vienam nereikalingas daiktas \u2013 kitam lobis, o mes esame tarpininkai, kurie padeda abiems tapti laimingesniems ???? \u017dinome kaip nelengva i\u0161gyventi ma\u017eiems verslams, tad nuo \u0161iol, \u010dia rasite ir kit\u0173, ma\u017e\u0173 \u0161eim\u0173 versl\u0173, rank\u0173 darbo, dovan\u0173 sau ir artimiesiems.","publisher":{"@id":"https:\/\/skaitytaknyga.lt\/#organization"},"potentialAction":[{"@type":"SearchAction","target":{"@type":"EntryPoint","urlTemplate":"https:\/\/skaitytaknyga.lt\/?s={search_term_string}"},"query-input":{"@type":"PropertyValueSpecification","valueRequired":true,"valueName":"search_term_string"}}],"inLanguage":"en-GB"},{"@type":"Organization","@id":"https:\/\/skaitytaknyga.lt\/#organization","name":"skaitytaknyga.lt","url":"https:\/\/skaitytaknyga.lt\/","logo":{"@type":"ImageObject","inLanguage":"en-GB","@id":"https:\/\/skaitytaknyga.lt\/#\/schema\/logo\/image\/","url":"https:\/\/skaitytaknyga.lt\/wp-content\/uploads\/2024\/05\/cropped-cropped-cropped-02_00843_jt3bggkj1j3HLc7SyY6rEUpg.jpeg","contentUrl":"https:\/\/skaitytaknyga.lt\/wp-content\/uploads\/2024\/05\/cropped-cropped-cropped-02_00843_jt3bggkj1j3HLc7SyY6rEUpg.jpeg","width":1600,"height":1600,"caption":"skaitytaknyga.lt"},"image":{"@id":"https:\/\/skaitytaknyga.lt\/#\/schema\/logo\/image\/"},"sameAs":["https:\/\/www.facebook.com\/skaitytaknyga\/"]}]}},"_links":{"self":[{"href":"https:\/\/skaitytaknyga.lt\/en\/wp-json\/wp\/v2\/product\/15904","targetHints":{"allow":["GET"]}}],"collection":[{"href":"https:\/\/skaitytaknyga.lt\/en\/wp-json\/wp\/v2\/product"}],"about":[{"href":"https:\/\/skaitytaknyga.lt\/en\/wp-json\/wp\/v2\/types\/product"}],"replies":[{"embeddable":true,"href":"https:\/\/skaitytaknyga.lt\/en\/wp-json\/wp\/v2\/comments?post=15904"}],"wp:featuredmedia":[{"embeddable":true,"href":"https:\/\/skaitytaknyga.lt\/en\/wp-json\/wp\/v2\/media\/15905"}],"wp:attachment":[{"href":"https:\/\/skaitytaknyga.lt\/en\/wp-json\/wp\/v2\/media?parent=15904"}],"wp:term":[{"taxonomy":"product_brand","embeddable":true,"href":"https:\/\/skaitytaknyga.lt\/en\/wp-json\/wp\/v2\/product_brand?post=15904"},{"taxonomy":"product_cat","embeddable":true,"href":"https:\/\/skaitytaknyga.lt\/en\/wp-json\/wp\/v2\/product_cat?post=15904"},{"taxonomy":"product_tag","embeddable":true,"href":"https:\/\/skaitytaknyga.lt\/en\/wp-json\/wp\/v2\/product_tag?post=15904"}],"curies":[{"name":"wp","href":"https:\/\/api.w.org\/{rel}","templated":true}]}}