{"id":15900,"date":"2025-01-09T13:55:44","date_gmt":"2025-01-09T11:55:44","guid":{"rendered":"https:\/\/skaitytaknyga.lt\/?post_type=product&#038;p=15900"},"modified":"2025-01-15T15:44:46","modified_gmt":"2025-01-15T13:44:46","slug":"vakaro-istorijos-lietuvos-mergaitems-100-istoriju-apie-lietuvos-moteris","status":"publish","type":"product","link":"https:\/\/skaitytaknyga.lt\/en\/produktas\/vakaro-istorijos-lietuvos-mergaitems-100-istoriju-apie-lietuvos-moteris\/","title":{"rendered":"VAKARO ISTORIJOS LIETUVOS MERGAIT\u0116MS: 100 istorij\u0173 apie Lietuvos moteris"},"content":{"rendered":"<p>Tikroms ie\u0161kotojoms, mokslinink\u0117ms, atrad\u0117joms ir kovotojoms &#8211; \u201eVakaro istorijos Lietuvos mergait\u0117ms&#8221; yra \u012fkvepianti pasakojim\u0173 knyga apie i\u0161skirtines m\u016bs\u0173 kra\u0161to moteris, i\u0161dr\u012fsusias keliauti dar nei\u0161tirtais keliais Lietuvoje ir pasaulyje.<\/p>\n<p>I\u0161leidus pasaulin\u012f bestseler\u012f lietuvi\u0173 kalba \u201eVakaro istorijos mergait\u0117ms mai\u0161tinink\u0117ms&#8221;, daugyb\u0117 skaitytoj\u0173 teiravosi apie herojes i\u0161 Lietuvos. Ar m\u016bs\u0173 moterys ir j\u0173 gyvenimo pasiekimai verti knygos vaikams puslapi\u0173? Skaitydami apie pasaulio dr\u0105suoles suvok\u0117me, kad Lietuvoje toki\u0173 moter\u0173 netr\u016bksta. Tai &#8211; pilot\u0117s, botanik\u0117s, knygne\u0161\u0117s, meninink\u0117s, ra\u0161ytojos, sportinink\u0117s, muzikant\u0117s, cirko artist\u0117s, karinink\u0117s! Leidom\u0117s \u012f kelion\u0119 jas atrasti, i\u0161girsti ir apra\u0161yti.<\/p>\n<p>Knygoje \u201eVakaro istorijos Lietuvos mergait\u0117ms&#8221; pasimatysime su \u0161imtu Lietuvos istorini\u0173 ir \u0161i\u0173 dien\u0173 moter\u0173. Ir nors knyg\u0105 dedikuojame mergait\u0117ms, neabejojame, ji patiks ir berniukams, nes kalba apie dr\u0105s\u0105, ry\u017et\u0105 ir tik\u0117jim\u0105 savo svajon\u0117mis. Rekomenduojame patiems \u012fvairiausiems skaitytojams, neapribojant j\u0173 am\u017eiaus. Ta\u010diau svarbu viena &#8211; smalsumas. B\u016btent tod\u0117l knygoje ne viena u\u017eduotis, pra\u0161anti pagalvoti, papasakoti, prisiminti ar atsp\u0117ti.<\/p>\n<p>Su dvigubos pergal\u0117s palink\u0117jimu &#8211; kiekvienai pasak\u0173 herojei ir skaitan\u010diai mergaitei, bendravard\u0117s knygos autor\u0117s &#8211; dvi Viktorijos, leidosi \u012f pasakojim\u0173 kelion\u0119. Victoria rei\u0161kia pergal\u0119. Tai &#8211; Viktorija Aprimait\u0117, besislepianti po k\u016brybiniu slapyvard\u017eiu \u201eKvepia lietus&#8221; ir Viktorija Urbonait\u0117, k\u016brybos nam\u0173 \u201eKreg\u017edynas&#8221; \u012fk\u016br\u0117ja.<\/p>\n<p>Istorijos iliustruotos daugyb\u0117s talenting\u0173 dailininki\u0173 i\u0161 Lietuvos, o knygos dizainu r\u016bpinasi Ugn\u0117 Bal\u010di\u016bnait\u0117.<\/p>\n<p>Autorius: Viktorija Aprimait\u0117, Viktorija Urbonait\u0117<br \/>\nLeid\u0117jas: Dvi tylos<br \/>\nMetai: 2020<br \/>\nPuslapiai: 239<br \/>\nISBN: 9786098232097<br \/>\nVersijos kodas: PT.<br \/>\nFormatas: 21,5 x 29 x 2,5 cm, kieti vir\u0161eliai<br \/>\nKalba: Lietuvi\u0173<\/p>\n","protected":false},"excerpt":{"rendered":"<p>Tikroms ie\u0161kotojoms, mokslinink\u0117ms, atrad\u0117joms ir kovotojoms &#8211; \u201eVakaro istorijos Lietuvos mergait\u0117ms&#8221; yra \u012fkvepianti pasakojim\u0173 knyga apie i\u0161skirtines m\u016bs\u0173 kra\u0161to moteris, i\u0161dr\u012fsusias keliauti dar nei\u0161tirtais keliais Lietuvoje ir pasaulyje. I\u0161leidus pasaulin\u012f bestseler\u012f lietuvi\u0173 kalba \u201eVakaro istorijos mergait\u0117ms mai\u0161tinink\u0117ms&#8221;, daugyb\u0117 skaitytoj\u0173 teiravosi apie herojes i\u0161 Lietuvos. Ar m\u016bs\u0173 moterys ir j\u0173 gyvenimo pasiekimai verti knygos vaikams puslapi\u0173? Skaitydami apie pasaulio dr\u0105suoles suvok\u0117me, kad Lietuvoje toki\u0173 moter\u0173 netr\u016bksta. Tai &#8211; pilot\u0117s, botanik\u0117s, knygne\u0161\u0117s, meninink\u0117s, ra\u0161ytojos, sportinink\u0117s, muzikant\u0117s, cirko artist\u0117s, karinink\u0117s! Leidom\u0117s \u012f kelion\u0119 jas atrasti, i\u0161girsti ir apra\u0161yti. Knygoje \u201eVakaro istorijos Lietuvos mergait\u0117ms&#8221; pasimatysime su \u0161imtu Lietuvos istorini\u0173 ir \u0161i\u0173 dien\u0173 moter\u0173. Ir nors knyg\u0105 dedikuojame mergait\u0117ms, neabejojame, ji patiks ir berniukams, nes kalba apie dr\u0105s\u0105, ry\u017et\u0105 ir tik\u0117jim\u0105 savo svajon\u0117mis. Rekomenduojame patiems \u012fvairiausiems skaitytojams, neapribojant j\u0173 am\u017eiaus. Ta\u010diau svarbu viena &#8211; smalsumas. B\u016btent tod\u0117l knygoje ne viena u\u017eduotis, pra\u0161anti pagalvoti, papasakoti, prisiminti ar atsp\u0117ti. Su dvigubos pergal\u0117s palink\u0117jimu &#8211; kiekvienai pasak\u0173 herojei ir skaitan\u010diai mergaitei, bendravard\u0117s knygos autor\u0117s &#8211; dvi Viktorijos, leidosi \u012f pasakojim\u0173 kelion\u0119. Victoria rei\u0161kia pergal\u0119. Tai &#8211; Viktorija Aprimait\u0117, besislepianti po k\u016brybiniu slapyvard\u017eiu \u201eKvepia lietus&#8221; ir Viktorija Urbonait\u0117, k\u016brybos nam\u0173 \u201eKreg\u017edynas&#8221; \u012fk\u016br\u0117ja. Istorijos iliustruotos daugyb\u0117s talenting\u0173 dailininki\u0173 i\u0161 Lietuvos, o knygos dizainu r\u016bpinasi Ugn\u0117 Bal\u010di\u016bnait\u0117. Autorius: Viktorija Aprimait\u0117, Viktorija Urbonait\u0117 Leid\u0117jas: Dvi tylos Metai: 2020 Puslapiai: 239 ISBN: 9786098232097 Versijos kodas: PT. Formatas: 21,5 x 29 x 2,5 cm, kieti vir\u0161eliai Kalba: Lietuvi\u0173<\/p>\n","protected":false},"featured_media":15901,"comment_status":"open","ping_status":"closed","template":"","meta":{"_acf_changed":false,"site-sidebar-layout":"default","site-content-layout":"","ast-site-content-layout":"default","site-content-style":"default","site-sidebar-style":"default","ast-global-header-display":"","ast-banner-title-visibility":"","ast-main-header-display":"","ast-hfb-above-header-display":"","ast-hfb-below-header-display":"","ast-hfb-mobile-header-display":"","site-post-title":"","ast-breadcrumbs-content":"","ast-featured-img":"","footer-sml-layout":"","ast-disable-related-posts":"","theme-transparent-header-meta":"default","adv-header-id-meta":"","stick-header-meta":"","header-above-stick-meta":"","header-main-stick-meta":"","header-below-stick-meta":"","astra-migrate-meta-layouts":"set","ast-page-background-enabled":"default","ast-page-background-meta":{"desktop":{"background-color":"","background-image":"","background-repeat":"repeat","background-position":"center center","background-size":"auto","background-attachment":"scroll","background-type":"","background-media":"","overlay-type":"","overlay-color":"","overlay-opacity":"","overlay-gradient":""},"tablet":{"background-color":"","background-image":"","background-repeat":"repeat","background-position":"center center","background-size":"auto","background-attachment":"scroll","background-type":"","background-media":"","overlay-type":"","overlay-color":"","overlay-opacity":"","overlay-gradient":""},"mobile":{"background-color":"","background-image":"","background-repeat":"repeat","background-position":"center center","background-size":"auto","background-attachment":"scroll","background-type":"","background-media":"","overlay-type":"","overlay-color":"","overlay-opacity":"","overlay-gradient":""}},"ast-content-background-meta":{"desktop":{"background-color":"var(--ast-global-color-4)","background-image":"","background-repeat":"repeat","background-position":"center center","background-size":"auto","background-attachment":"scroll","background-type":"","background-media":"","overlay-type":"","overlay-color":"","overlay-opacity":"","overlay-gradient":""},"tablet":{"background-color":"var(--ast-global-color-4)","background-image":"","background-repeat":"repeat","background-position":"center center","background-size":"auto","background-attachment":"scroll","background-type":"","background-media":"","overlay-type":"","overlay-color":"","overlay-opacity":"","overlay-gradient":""},"mobile":{"background-color":"var(--ast-global-color-4)","background-image":"","background-repeat":"repeat","background-position":"center center","background-size":"auto","background-attachment":"scroll","background-type":"","background-media":"","overlay-type":"","overlay-color":"","overlay-opacity":"","overlay-gradient":""}}},"product_brand":[],"product_cat":[31,15,35],"product_tag":[],"class_list":{"0":"post-15900","1":"product","2":"type-product","3":"status-publish","4":"has-post-thumbnail","6":"product_cat-grozine-literatura","7":"product_cat-uncategorized","8":"product_cat-vaikams-ir-paaugliams","9":"desktop-align-left","10":"tablet-align-left","11":"mobile-align-left","13":"first","14":"outofstock","15":"shipping-taxable","16":"purchasable","17":"product-type-simple"},"acf":[],"yoast_head":"<!-- This site is optimized with the Yoast SEO plugin v27.0 - https:\/\/yoast.com\/product\/yoast-seo-wordpress\/ -->\n<title>VAKARO ISTORIJOS LIETUVOS MERGAIT\u0116MS: 100 istorij\u0173 apie Lietuvos moteris<\/title>\n<meta name=\"description\" content=\"Tikroms ie\u0161kotojoms, mokslinink\u0117ms, atrad\u0117joms ir kovotojoms - \u201eVakaro istorijos Lietuvos mergait\u0117ms&quot; yra \u012fkvepianti pasakojim\u0173 knyga apie i\u0161skirtines\" \/>\n<meta name=\"robots\" content=\"index, follow, max-snippet:-1, max-image-preview:large, max-video-preview:-1\" \/>\n<link rel=\"canonical\" href=\"https:\/\/skaitytaknyga.lt\/en\/produktas\/vakaro-istorijos-lietuvos-mergaitems-100-istoriju-apie-lietuvos-moteris\/\" \/>\n<meta property=\"og:locale\" content=\"en_GB\" \/>\n<meta property=\"og:locale:alternate\" content=\"lt_LT\" \/>\n<meta property=\"og:type\" content=\"article\" \/>\n<meta property=\"og:title\" content=\"VAKARO ISTORIJOS LIETUVOS MERGAIT\u0116MS: 100 istorij\u0173 apie Lietuvos moteris\" \/>\n<meta property=\"og:description\" content=\"Tikroms ie\u0161kotojoms, mokslinink\u0117ms, atrad\u0117joms ir kovotojoms - \u201eVakaro istorijos Lietuvos mergait\u0117ms&quot; yra \u012fkvepianti pasakojim\u0173 knyga apie i\u0161skirtines\" \/>\n<meta property=\"og:url\" content=\"https:\/\/skaitytaknyga.lt\/en\/produktas\/vakaro-istorijos-lietuvos-mergaitems-100-istoriju-apie-lietuvos-moteris\/\" \/>\n<meta property=\"og:site_name\" content=\"Skaitytaknyga\" \/>\n<meta property=\"article:publisher\" content=\"https:\/\/www.facebook.com\/skaitytaknyga\/\" \/>\n<meta property=\"article:modified_time\" content=\"2025-01-15T13:44:46+00:00\" \/>\n<meta property=\"og:image\" content=\"https:\/\/skaitytaknyga.lt\/wp-content\/uploads\/2025\/01\/VAKARO-ISTORIJOS-LIETUVOS-MERGAITEMS-100-istoriju-apie-Lietuvos-moteris.webp\" \/>\n\t<meta property=\"og:image:width\" content=\"589\" \/>\n\t<meta property=\"og:image:height\" content=\"800\" \/>\n\t<meta property=\"og:image:type\" content=\"image\/webp\" \/>\n<meta name=\"twitter:card\" content=\"summary_large_image\" \/>\n<meta name=\"twitter:label1\" content=\"Estimated reading time\" \/>\n\t<meta name=\"twitter:data1\" content=\"2 minutes\" \/>\n<script type=\"application\/ld+json\" class=\"yoast-schema-graph\">{\"@context\":\"https:\/\/schema.org\",\"@graph\":[{\"@type\":\"WebPage\",\"@id\":\"https:\/\/skaitytaknyga.lt\/produktas\/vakaro-istorijos-lietuvos-mergaitems-100-istoriju-apie-lietuvos-moteris\/\",\"url\":\"https:\/\/skaitytaknyga.lt\/produktas\/vakaro-istorijos-lietuvos-mergaitems-100-istoriju-apie-lietuvos-moteris\/\",\"name\":\"VAKARO ISTORIJOS LIETUVOS MERGAIT\u0116MS: 100 istorij\u0173 apie Lietuvos moteris\",\"isPartOf\":{\"@id\":\"https:\/\/skaitytaknyga.lt\/#website\"},\"primaryImageOfPage\":{\"@id\":\"https:\/\/skaitytaknyga.lt\/produktas\/vakaro-istorijos-lietuvos-mergaitems-100-istoriju-apie-lietuvos-moteris\/#primaryimage\"},\"image\":{\"@id\":\"https:\/\/skaitytaknyga.lt\/produktas\/vakaro-istorijos-lietuvos-mergaitems-100-istoriju-apie-lietuvos-moteris\/#primaryimage\"},\"thumbnailUrl\":\"https:\/\/skaitytaknyga.lt\/wp-content\/uploads\/2025\/01\/VAKARO-ISTORIJOS-LIETUVOS-MERGAITEMS-100-istoriju-apie-Lietuvos-moteris.webp\",\"datePublished\":\"2025-01-09T11:55:44+00:00\",\"dateModified\":\"2025-01-15T13:44:46+00:00\",\"description\":\"Tikroms ie\u0161kotojoms, mokslinink\u0117ms, atrad\u0117joms ir kovotojoms - \u201eVakaro istorijos Lietuvos mergait\u0117ms\\\" yra \u012fkvepianti pasakojim\u0173 knyga apie i\u0161skirtines\",\"breadcrumb\":{\"@id\":\"https:\/\/skaitytaknyga.lt\/produktas\/vakaro-istorijos-lietuvos-mergaitems-100-istoriju-apie-lietuvos-moteris\/#breadcrumb\"},\"inLanguage\":\"en-GB\",\"potentialAction\":[{\"@type\":\"ReadAction\",\"target\":[\"https:\/\/skaitytaknyga.lt\/produktas\/vakaro-istorijos-lietuvos-mergaitems-100-istoriju-apie-lietuvos-moteris\/\"]}]},{\"@type\":\"ImageObject\",\"inLanguage\":\"en-GB\",\"@id\":\"https:\/\/skaitytaknyga.lt\/produktas\/vakaro-istorijos-lietuvos-mergaitems-100-istoriju-apie-lietuvos-moteris\/#primaryimage\",\"url\":\"https:\/\/skaitytaknyga.lt\/wp-content\/uploads\/2025\/01\/VAKARO-ISTORIJOS-LIETUVOS-MERGAITEMS-100-istoriju-apie-Lietuvos-moteris.webp\",\"contentUrl\":\"https:\/\/skaitytaknyga.lt\/wp-content\/uploads\/2025\/01\/VAKARO-ISTORIJOS-LIETUVOS-MERGAITEMS-100-istoriju-apie-Lietuvos-moteris.webp\",\"width\":589,\"height\":800,\"caption\":\"VAKARO ISTORIJOS LIETUVOS MERGAIT\u0116MS: 100 istorij\u0173 apie Lietuvos moteris\"},{\"@type\":\"BreadcrumbList\",\"@id\":\"https:\/\/skaitytaknyga.lt\/produktas\/vakaro-istorijos-lietuvos-mergaitems-100-istoriju-apie-lietuvos-moteris\/#breadcrumb\",\"itemListElement\":[{\"@type\":\"ListItem\",\"position\":1,\"name\":\"Home\",\"item\":\"https:\/\/skaitytaknyga.lt\/\"},{\"@type\":\"ListItem\",\"position\":2,\"name\":\"Parduotuv\u0117\",\"item\":\"https:\/\/skaitytaknyga.lt\/knygu-parduotuve\/\"},{\"@type\":\"ListItem\",\"position\":3,\"name\":\"VAKARO ISTORIJOS LIETUVOS MERGAIT\u0116MS: 100 istorij\u0173 apie Lietuvos moteris\"}]},{\"@type\":\"WebSite\",\"@id\":\"https:\/\/skaitytaknyga.lt\/#website\",\"url\":\"https:\/\/skaitytaknyga.lt\/\",\"name\":\"skaitytaknyga.lt\",\"description\":\"Skaitytaknyga.lt \u2013 tai ma\u017eas \u0161eimos verslas, kuris prasid\u0117jo nuo meil\u0117s knygoms ir siekio i\u0161gelb\u0117ti knygas nuo likimo prie konteinerio. Kas vienam nereikalingas daiktas \u2013 kitam lobis, o mes esame tarpininkai, kurie padeda abiems tapti laimingesniems ???? \u017dinome kaip nelengva i\u0161gyventi ma\u017eiems verslams, tad nuo \u0161iol, \u010dia rasite ir kit\u0173, ma\u017e\u0173 \u0161eim\u0173 versl\u0173, rank\u0173 darbo, dovan\u0173 sau ir artimiesiems.\",\"publisher\":{\"@id\":\"https:\/\/skaitytaknyga.lt\/#organization\"},\"potentialAction\":[{\"@type\":\"SearchAction\",\"target\":{\"@type\":\"EntryPoint\",\"urlTemplate\":\"https:\/\/skaitytaknyga.lt\/?s={search_term_string}\"},\"query-input\":{\"@type\":\"PropertyValueSpecification\",\"valueRequired\":true,\"valueName\":\"search_term_string\"}}],\"inLanguage\":\"en-GB\"},{\"@type\":\"Organization\",\"@id\":\"https:\/\/skaitytaknyga.lt\/#organization\",\"name\":\"skaitytaknyga.lt\",\"url\":\"https:\/\/skaitytaknyga.lt\/\",\"logo\":{\"@type\":\"ImageObject\",\"inLanguage\":\"en-GB\",\"@id\":\"https:\/\/skaitytaknyga.lt\/#\/schema\/logo\/image\/\",\"url\":\"https:\/\/skaitytaknyga.lt\/wp-content\/uploads\/2024\/05\/cropped-cropped-cropped-02_00843_jt3bggkj1j3HLc7SyY6rEUpg.jpeg\",\"contentUrl\":\"https:\/\/skaitytaknyga.lt\/wp-content\/uploads\/2024\/05\/cropped-cropped-cropped-02_00843_jt3bggkj1j3HLc7SyY6rEUpg.jpeg\",\"width\":1600,\"height\":1600,\"caption\":\"skaitytaknyga.lt\"},\"image\":{\"@id\":\"https:\/\/skaitytaknyga.lt\/#\/schema\/logo\/image\/\"},\"sameAs\":[\"https:\/\/www.facebook.com\/skaitytaknyga\/\"]}]}<\/script>\n<!-- \/ Yoast SEO plugin. -->","yoast_head_json":{"title":"VAKARO ISTORIJOS LIETUVOS MERGAIT\u0116MS: 100 istorij\u0173 apie Lietuvos moteris","description":"Tikroms ie\u0161kotojoms, mokslinink\u0117ms, atrad\u0117joms ir kovotojoms - \u201eVakaro istorijos Lietuvos mergait\u0117ms\" yra \u012fkvepianti pasakojim\u0173 knyga apie i\u0161skirtines","robots":{"index":"index","follow":"follow","max-snippet":"max-snippet:-1","max-image-preview":"max-image-preview:large","max-video-preview":"max-video-preview:-1"},"canonical":"https:\/\/skaitytaknyga.lt\/en\/produktas\/vakaro-istorijos-lietuvos-mergaitems-100-istoriju-apie-lietuvos-moteris\/","og_locale":"en_GB","og_type":"article","og_title":"[:lt]VAKARO ISTORIJOS LIETUVOS MERGAIT\u0116MS: 100 istorij\u0173 apie Lietuvos moteris[:] - Skaitytaknyga","og_description":"Tikroms ie\u0161kotojoms, mokslinink\u0117ms, atrad\u0117joms ir kovotojoms - \u201eVakaro istorijos Lietuvos mergait\u0117ms\" yra \u012fkvepianti pasakojim\u0173 knyga apie i\u0161skirtines","og_url":"https:\/\/skaitytaknyga.lt\/en\/produktas\/vakaro-istorijos-lietuvos-mergaitems-100-istoriju-apie-lietuvos-moteris\/","og_site_name":"Skaitytaknyga","article_publisher":"https:\/\/www.facebook.com\/skaitytaknyga\/","article_modified_time":"2025-01-15T13:44:46+00:00","og_image":[{"width":589,"height":800,"url":"https:\/\/skaitytaknyga.lt\/wp-content\/uploads\/2025\/01\/VAKARO-ISTORIJOS-LIETUVOS-MERGAITEMS-100-istoriju-apie-Lietuvos-moteris.webp","type":"image\/webp"}],"twitter_card":"summary_large_image","twitter_misc":{"Estimated reading time":"2 minutes"},"schema":{"@context":"https:\/\/schema.org","@graph":[{"@type":"WebPage","@id":"https:\/\/skaitytaknyga.lt\/produktas\/vakaro-istorijos-lietuvos-mergaitems-100-istoriju-apie-lietuvos-moteris\/","url":"https:\/\/skaitytaknyga.lt\/produktas\/vakaro-istorijos-lietuvos-mergaitems-100-istoriju-apie-lietuvos-moteris\/","name":"VAKARO ISTORIJOS LIETUVOS MERGAIT\u0116MS: 100 istorij\u0173 apie Lietuvos moteris","isPartOf":{"@id":"https:\/\/skaitytaknyga.lt\/#website"},"primaryImageOfPage":{"@id":"https:\/\/skaitytaknyga.lt\/produktas\/vakaro-istorijos-lietuvos-mergaitems-100-istoriju-apie-lietuvos-moteris\/#primaryimage"},"image":{"@id":"https:\/\/skaitytaknyga.lt\/produktas\/vakaro-istorijos-lietuvos-mergaitems-100-istoriju-apie-lietuvos-moteris\/#primaryimage"},"thumbnailUrl":"https:\/\/skaitytaknyga.lt\/wp-content\/uploads\/2025\/01\/VAKARO-ISTORIJOS-LIETUVOS-MERGAITEMS-100-istoriju-apie-Lietuvos-moteris.webp","datePublished":"2025-01-09T11:55:44+00:00","dateModified":"2025-01-15T13:44:46+00:00","description":"Tikroms ie\u0161kotojoms, mokslinink\u0117ms, atrad\u0117joms ir kovotojoms - \u201eVakaro istorijos Lietuvos mergait\u0117ms\" yra \u012fkvepianti pasakojim\u0173 knyga apie i\u0161skirtines","breadcrumb":{"@id":"https:\/\/skaitytaknyga.lt\/produktas\/vakaro-istorijos-lietuvos-mergaitems-100-istoriju-apie-lietuvos-moteris\/#breadcrumb"},"inLanguage":"en-GB","potentialAction":[{"@type":"ReadAction","target":["https:\/\/skaitytaknyga.lt\/produktas\/vakaro-istorijos-lietuvos-mergaitems-100-istoriju-apie-lietuvos-moteris\/"]}]},{"@type":"ImageObject","inLanguage":"en-GB","@id":"https:\/\/skaitytaknyga.lt\/produktas\/vakaro-istorijos-lietuvos-mergaitems-100-istoriju-apie-lietuvos-moteris\/#primaryimage","url":"https:\/\/skaitytaknyga.lt\/wp-content\/uploads\/2025\/01\/VAKARO-ISTORIJOS-LIETUVOS-MERGAITEMS-100-istoriju-apie-Lietuvos-moteris.webp","contentUrl":"https:\/\/skaitytaknyga.lt\/wp-content\/uploads\/2025\/01\/VAKARO-ISTORIJOS-LIETUVOS-MERGAITEMS-100-istoriju-apie-Lietuvos-moteris.webp","width":589,"height":800,"caption":"VAKARO ISTORIJOS LIETUVOS MERGAIT\u0116MS: 100 istorij\u0173 apie Lietuvos moteris"},{"@type":"BreadcrumbList","@id":"https:\/\/skaitytaknyga.lt\/produktas\/vakaro-istorijos-lietuvos-mergaitems-100-istoriju-apie-lietuvos-moteris\/#breadcrumb","itemListElement":[{"@type":"ListItem","position":1,"name":"Home","item":"https:\/\/skaitytaknyga.lt\/"},{"@type":"ListItem","position":2,"name":"Parduotuv\u0117","item":"https:\/\/skaitytaknyga.lt\/knygu-parduotuve\/"},{"@type":"ListItem","position":3,"name":"VAKARO ISTORIJOS LIETUVOS MERGAIT\u0116MS: 100 istorij\u0173 apie Lietuvos moteris"}]},{"@type":"WebSite","@id":"https:\/\/skaitytaknyga.lt\/#website","url":"https:\/\/skaitytaknyga.lt\/","name":"skaitytaknyga.lt","description":"Skaitytaknyga.lt \u2013 tai ma\u017eas \u0161eimos verslas, kuris prasid\u0117jo nuo meil\u0117s knygoms ir siekio i\u0161gelb\u0117ti knygas nuo likimo prie konteinerio. Kas vienam nereikalingas daiktas \u2013 kitam lobis, o mes esame tarpininkai, kurie padeda abiems tapti laimingesniems ???? \u017dinome kaip nelengva i\u0161gyventi ma\u017eiems verslams, tad nuo \u0161iol, \u010dia rasite ir kit\u0173, ma\u017e\u0173 \u0161eim\u0173 versl\u0173, rank\u0173 darbo, dovan\u0173 sau ir artimiesiems.","publisher":{"@id":"https:\/\/skaitytaknyga.lt\/#organization"},"potentialAction":[{"@type":"SearchAction","target":{"@type":"EntryPoint","urlTemplate":"https:\/\/skaitytaknyga.lt\/?s={search_term_string}"},"query-input":{"@type":"PropertyValueSpecification","valueRequired":true,"valueName":"search_term_string"}}],"inLanguage":"en-GB"},{"@type":"Organization","@id":"https:\/\/skaitytaknyga.lt\/#organization","name":"skaitytaknyga.lt","url":"https:\/\/skaitytaknyga.lt\/","logo":{"@type":"ImageObject","inLanguage":"en-GB","@id":"https:\/\/skaitytaknyga.lt\/#\/schema\/logo\/image\/","url":"https:\/\/skaitytaknyga.lt\/wp-content\/uploads\/2024\/05\/cropped-cropped-cropped-02_00843_jt3bggkj1j3HLc7SyY6rEUpg.jpeg","contentUrl":"https:\/\/skaitytaknyga.lt\/wp-content\/uploads\/2024\/05\/cropped-cropped-cropped-02_00843_jt3bggkj1j3HLc7SyY6rEUpg.jpeg","width":1600,"height":1600,"caption":"skaitytaknyga.lt"},"image":{"@id":"https:\/\/skaitytaknyga.lt\/#\/schema\/logo\/image\/"},"sameAs":["https:\/\/www.facebook.com\/skaitytaknyga\/"]}]}},"_links":{"self":[{"href":"https:\/\/skaitytaknyga.lt\/en\/wp-json\/wp\/v2\/product\/15900","targetHints":{"allow":["GET"]}}],"collection":[{"href":"https:\/\/skaitytaknyga.lt\/en\/wp-json\/wp\/v2\/product"}],"about":[{"href":"https:\/\/skaitytaknyga.lt\/en\/wp-json\/wp\/v2\/types\/product"}],"replies":[{"embeddable":true,"href":"https:\/\/skaitytaknyga.lt\/en\/wp-json\/wp\/v2\/comments?post=15900"}],"wp:featuredmedia":[{"embeddable":true,"href":"https:\/\/skaitytaknyga.lt\/en\/wp-json\/wp\/v2\/media\/15901"}],"wp:attachment":[{"href":"https:\/\/skaitytaknyga.lt\/en\/wp-json\/wp\/v2\/media?parent=15900"}],"wp:term":[{"taxonomy":"product_brand","embeddable":true,"href":"https:\/\/skaitytaknyga.lt\/en\/wp-json\/wp\/v2\/product_brand?post=15900"},{"taxonomy":"product_cat","embeddable":true,"href":"https:\/\/skaitytaknyga.lt\/en\/wp-json\/wp\/v2\/product_cat?post=15900"},{"taxonomy":"product_tag","embeddable":true,"href":"https:\/\/skaitytaknyga.lt\/en\/wp-json\/wp\/v2\/product_tag?post=15900"}],"curies":[{"name":"wp","href":"https:\/\/api.w.org\/{rel}","templated":true}]}}