{"id":15898,"date":"2025-01-09T11:31:47","date_gmt":"2025-01-09T09:31:47","guid":{"rendered":"https:\/\/skaitytaknyga.lt\/?post_type=product&#038;p=15898"},"modified":"2025-01-09T11:33:09","modified_gmt":"2025-01-09T09:33:09","slug":"julija-mokosi-anglu-kalbos","status":"publish","type":"product","link":"https:\/\/skaitytaknyga.lt\/en\/produktas\/julija-mokosi-anglu-kalbos\/","title":{"rendered":"Lietuvi\u0173 patarl\u0117s ir prie\u017eod\u017eiaiJulija mokosi angl\u0173 kalbos (be cd)"},"content":{"rendered":"<p>Gausiai animaciniu stiliumi iliustruotoje mokomojoje kygel\u0117je pasakojama apie mergait\u0117s nuotykius Niujorke: taip pateikiamos situacijos ir jose b\u016btiniausi angl\u0173 kalbos \u017eod\u017eiai bei fraz\u0117s. Tod\u0117l smagi Julijos vie\u0161nag\u0117s istorija ne tik suteikia elementari\u0173 \u0161nekamosios angl\u0173 kalbos \u017eini\u0173, bet ir \u0161iek tiek supa\u017eindina su pa\u010diu miestu.<\/p>\n<p>Visi angl\u0173 kalbos \u017eod\u017eiai pary\u0161kinti, j\u0173 reik\u0161m\u0117s nurodomos kiekvienos temos \u017eodyn\u0117lyje. Taip pat galima \u012fsigyti ir kompaktin\u012f disk\u0105, kuriame pateikiamas angli\u0161k\u0173 \u017eod\u017ei\u0173 tarimas ir keturi mokomieji \u017eaidimai.<\/p>\n<p>Knyga skirta ne tik ma\u017eiesiems, bet visiems, norintiems i\u0161mokti b\u016btiniausi\u0173 angl\u0173 kalbos frazi\u0173.<\/p>\n<ul class=\"about-product d-none d-xl-block mt-4\">\n<li><strong>Autorius:<\/strong>\u00a0Sue Finnie,\u00a0Daniele Bourdais<\/li>\n<li><strong>Leid\u0117jas:<\/strong>\u00a0Baltos lankos<\/li>\n<li><strong>Metai:<\/strong>\u00a02006<\/li>\n<li><strong>Puslapiai:<\/strong>\u00a027<\/li>\n<li class=\"toggleable type-new-formats \"><strong>ISBN:<\/strong>\u00a09789955230106<\/li>\n<li><strong>Versijos kodas:<\/strong>\u00a0PT.<\/li>\n<li class=\"toggleable type-new-formats \"><strong>Formatas:<\/strong>\u00a021,5 x 29 cm, kieti vir\u0161eliai<\/li>\n<li><strong>Kalba:<\/strong>\u00a0Lietuvi\u0173<\/li>\n<li><strong>Vert\u0117jas:<\/strong>\u00a0Kotryna \u017dukait\u0117<\/li>\n<\/ul>\n","protected":false},"excerpt":{"rendered":"<p>Gausiai animaciniu stiliumi iliustruotoje mokomojoje kygel\u0117je pasakojama apie mergait\u0117s nuotykius Niujorke: taip pateikiamos situacijos ir jose b\u016btiniausi angl\u0173 kalbos \u017eod\u017eiai bei fraz\u0117s. Tod\u0117l smagi Julijos vie\u0161nag\u0117s istorija ne tik suteikia elementari\u0173 \u0161nekamosios angl\u0173 kalbos \u017eini\u0173, bet ir \u0161iek tiek supa\u017eindina su pa\u010diu miestu. Visi angl\u0173 kalbos \u017eod\u017eiai pary\u0161kinti, j\u0173 reik\u0161m\u0117s nurodomos kiekvienos temos \u017eodyn\u0117lyje. Taip pat galima \u012fsigyti ir kompaktin\u012f disk\u0105, kuriame pateikiamas angli\u0161k\u0173 \u017eod\u017ei\u0173 tarimas ir keturi mokomieji \u017eaidimai. Knyga skirta ne tik ma\u017eiesiems, bet visiems, norintiems i\u0161mokti b\u016btiniausi\u0173 angl\u0173 kalbos frazi\u0173. Autorius:\u00a0Sue Finnie,\u00a0Daniele Bourdais Leid\u0117jas:\u00a0Baltos lankos Metai:\u00a02006 Puslapiai:\u00a027 ISBN:\u00a09789955230106 Versijos kodas:\u00a0PT. Formatas:\u00a021,5 x 29 cm, kieti vir\u0161eliai Kalba:\u00a0Lietuvi\u0173 Vert\u0117jas:\u00a0Kotryna \u017dukait\u0117<\/p>\n","protected":false},"featured_media":15899,"comment_status":"open","ping_status":"closed","template":"","meta":{"_acf_changed":false,"site-sidebar-layout":"default","site-content-layout":"","ast-site-content-layout":"default","site-content-style":"default","site-sidebar-style":"default","ast-global-header-display":"","ast-banner-title-visibility":"","ast-main-header-display":"","ast-hfb-above-header-display":"","ast-hfb-below-header-display":"","ast-hfb-mobile-header-display":"","site-post-title":"","ast-breadcrumbs-content":"","ast-featured-img":"","footer-sml-layout":"","ast-disable-related-posts":"","theme-transparent-header-meta":"default","adv-header-id-meta":"","stick-header-meta":"","header-above-stick-meta":"","header-main-stick-meta":"","header-below-stick-meta":"","astra-migrate-meta-layouts":"set","ast-page-background-enabled":"default","ast-page-background-meta":{"desktop":{"background-color":"","background-image":"","background-repeat":"repeat","background-position":"center center","background-size":"auto","background-attachment":"scroll","background-type":"","background-media":"","overlay-type":"","overlay-color":"","overlay-opacity":"","overlay-gradient":""},"tablet":{"background-color":"","background-image":"","background-repeat":"repeat","background-position":"center center","background-size":"auto","background-attachment":"scroll","background-type":"","background-media":"","overlay-type":"","overlay-color":"","overlay-opacity":"","overlay-gradient":""},"mobile":{"background-color":"","background-image":"","background-repeat":"repeat","background-position":"center center","background-size":"auto","background-attachment":"scroll","background-type":"","background-media":"","overlay-type":"","overlay-color":"","overlay-opacity":"","overlay-gradient":""}},"ast-content-background-meta":{"desktop":{"background-color":"var(--ast-global-color-4)","background-image":"","background-repeat":"repeat","background-position":"center center","background-size":"auto","background-attachment":"scroll","background-type":"","background-media":"","overlay-type":"","overlay-color":"","overlay-opacity":"","overlay-gradient":""},"tablet":{"background-color":"var(--ast-global-color-4)","background-image":"","background-repeat":"repeat","background-position":"center center","background-size":"auto","background-attachment":"scroll","background-type":"","background-media":"","overlay-type":"","overlay-color":"","overlay-opacity":"","overlay-gradient":""},"mobile":{"background-color":"var(--ast-global-color-4)","background-image":"","background-repeat":"repeat","background-position":"center center","background-size":"auto","background-attachment":"scroll","background-type":"","background-media":"","overlay-type":"","overlay-color":"","overlay-opacity":"","overlay-gradient":""}}},"product_brand":[],"product_cat":[15,56,35],"product_tag":[],"class_list":{"0":"post-15898","1":"product","2":"type-product","3":"status-publish","4":"has-post-thumbnail","6":"product_cat-uncategorized","7":"product_cat-namu-irengimas-ir-prieziura","8":"product_cat-vaikams-ir-paaugliams","9":"desktop-align-left","10":"tablet-align-left","11":"mobile-align-left","13":"first","14":"instock","15":"shipping-taxable","16":"purchasable","17":"product-type-simple"},"acf":[],"yoast_head":"<!-- This site is optimized with the Yoast SEO plugin v27.0 - https:\/\/yoast.com\/product\/yoast-seo-wordpress\/ -->\n<title>Lietuvi\u0173 patarl\u0117s ir prie\u017eod\u017eiaiJulija mokosi angl\u0173 kalbos (be cd)<\/title>\n<meta name=\"description\" content=\"Gausiai animaciniu stiliumi iliustruotoje mokomojoje kygel\u0117je pasakojama apie mergait\u0117s nuotykius Niujorke: taip pateikiamos situacijos ir jose b\u016btiniausi\" \/>\n<meta name=\"robots\" content=\"index, follow, max-snippet:-1, max-image-preview:large, max-video-preview:-1\" \/>\n<link rel=\"canonical\" href=\"https:\/\/skaitytaknyga.lt\/en\/produktas\/julija-mokosi-anglu-kalbos\/\" \/>\n<meta property=\"og:locale\" content=\"en_GB\" \/>\n<meta property=\"og:locale:alternate\" content=\"lt_LT\" \/>\n<meta property=\"og:type\" content=\"article\" \/>\n<meta property=\"og:title\" content=\"Lietuvi\u0173 patarl\u0117s ir prie\u017eod\u017eiaiJulija mokosi angl\u0173 kalbos (be cd)\" \/>\n<meta property=\"og:description\" content=\"Gausiai animaciniu stiliumi iliustruotoje mokomojoje kygel\u0117je pasakojama apie mergait\u0117s nuotykius Niujorke: taip pateikiamos situacijos ir jose b\u016btiniausi\" \/>\n<meta property=\"og:url\" content=\"https:\/\/skaitytaknyga.lt\/en\/produktas\/julija-mokosi-anglu-kalbos\/\" \/>\n<meta property=\"og:site_name\" content=\"Skaitytaknyga\" \/>\n<meta property=\"article:publisher\" content=\"https:\/\/www.facebook.com\/skaitytaknyga\/\" \/>\n<meta property=\"article:modified_time\" content=\"2025-01-09T09:33:09+00:00\" \/>\n<meta property=\"og:image\" content=\"https:\/\/skaitytaknyga.lt\/wp-content\/uploads\/2025\/01\/Julija-mokosi-anglu-kalbos.webp\" \/>\n\t<meta property=\"og:image:width\" content=\"585\" \/>\n\t<meta property=\"og:image:height\" content=\"800\" \/>\n\t<meta property=\"og:image:type\" content=\"image\/webp\" \/>\n<meta name=\"twitter:card\" content=\"summary_large_image\" \/>\n<meta name=\"twitter:label1\" content=\"Estimated reading time\" \/>\n\t<meta name=\"twitter:data1\" content=\"1 minute\" \/>\n<script type=\"application\/ld+json\" class=\"yoast-schema-graph\">{\"@context\":\"https:\/\/schema.org\",\"@graph\":[{\"@type\":\"WebPage\",\"@id\":\"https:\/\/skaitytaknyga.lt\/produktas\/julija-mokosi-anglu-kalbos\/\",\"url\":\"https:\/\/skaitytaknyga.lt\/produktas\/julija-mokosi-anglu-kalbos\/\",\"name\":\"Lietuvi\u0173 patarl\u0117s ir prie\u017eod\u017eiaiJulija mokosi angl\u0173 kalbos (be cd)\",\"isPartOf\":{\"@id\":\"https:\/\/skaitytaknyga.lt\/#website\"},\"primaryImageOfPage\":{\"@id\":\"https:\/\/skaitytaknyga.lt\/produktas\/julija-mokosi-anglu-kalbos\/#primaryimage\"},\"image\":{\"@id\":\"https:\/\/skaitytaknyga.lt\/produktas\/julija-mokosi-anglu-kalbos\/#primaryimage\"},\"thumbnailUrl\":\"https:\/\/skaitytaknyga.lt\/wp-content\/uploads\/2025\/01\/Julija-mokosi-anglu-kalbos.webp\",\"datePublished\":\"2025-01-09T09:31:47+00:00\",\"dateModified\":\"2025-01-09T09:33:09+00:00\",\"description\":\"Gausiai animaciniu stiliumi iliustruotoje mokomojoje kygel\u0117je pasakojama apie mergait\u0117s nuotykius Niujorke: taip pateikiamos situacijos ir jose b\u016btiniausi\",\"breadcrumb\":{\"@id\":\"https:\/\/skaitytaknyga.lt\/produktas\/julija-mokosi-anglu-kalbos\/#breadcrumb\"},\"inLanguage\":\"en-GB\",\"potentialAction\":[{\"@type\":\"ReadAction\",\"target\":[\"https:\/\/skaitytaknyga.lt\/produktas\/julija-mokosi-anglu-kalbos\/\"]}]},{\"@type\":\"ImageObject\",\"inLanguage\":\"en-GB\",\"@id\":\"https:\/\/skaitytaknyga.lt\/produktas\/julija-mokosi-anglu-kalbos\/#primaryimage\",\"url\":\"https:\/\/skaitytaknyga.lt\/wp-content\/uploads\/2025\/01\/Julija-mokosi-anglu-kalbos.webp\",\"contentUrl\":\"https:\/\/skaitytaknyga.lt\/wp-content\/uploads\/2025\/01\/Julija-mokosi-anglu-kalbos.webp\",\"width\":585,\"height\":800,\"caption\":\"Julija mokosi angl\u0173 kalbos\"},{\"@type\":\"BreadcrumbList\",\"@id\":\"https:\/\/skaitytaknyga.lt\/produktas\/julija-mokosi-anglu-kalbos\/#breadcrumb\",\"itemListElement\":[{\"@type\":\"ListItem\",\"position\":1,\"name\":\"Home\",\"item\":\"https:\/\/skaitytaknyga.lt\/\"},{\"@type\":\"ListItem\",\"position\":2,\"name\":\"Parduotuv\u0117\",\"item\":\"https:\/\/skaitytaknyga.lt\/knygu-parduotuve\/\"},{\"@type\":\"ListItem\",\"position\":3,\"name\":\"Lietuvi\u0173 patarl\u0117s ir prie\u017eod\u017eiaiJulija mokosi angl\u0173 kalbos (be cd)\"}]},{\"@type\":\"WebSite\",\"@id\":\"https:\/\/skaitytaknyga.lt\/#website\",\"url\":\"https:\/\/skaitytaknyga.lt\/\",\"name\":\"skaitytaknyga.lt\",\"description\":\"Skaitytaknyga.lt \u2013 tai ma\u017eas \u0161eimos verslas, kuris prasid\u0117jo nuo meil\u0117s knygoms ir siekio i\u0161gelb\u0117ti knygas nuo likimo prie konteinerio. Kas vienam nereikalingas daiktas \u2013 kitam lobis, o mes esame tarpininkai, kurie padeda abiems tapti laimingesniems ???? \u017dinome kaip nelengva i\u0161gyventi ma\u017eiems verslams, tad nuo \u0161iol, \u010dia rasite ir kit\u0173, ma\u017e\u0173 \u0161eim\u0173 versl\u0173, rank\u0173 darbo, dovan\u0173 sau ir artimiesiems.\",\"publisher\":{\"@id\":\"https:\/\/skaitytaknyga.lt\/#organization\"},\"potentialAction\":[{\"@type\":\"SearchAction\",\"target\":{\"@type\":\"EntryPoint\",\"urlTemplate\":\"https:\/\/skaitytaknyga.lt\/?s={search_term_string}\"},\"query-input\":{\"@type\":\"PropertyValueSpecification\",\"valueRequired\":true,\"valueName\":\"search_term_string\"}}],\"inLanguage\":\"en-GB\"},{\"@type\":\"Organization\",\"@id\":\"https:\/\/skaitytaknyga.lt\/#organization\",\"name\":\"skaitytaknyga.lt\",\"url\":\"https:\/\/skaitytaknyga.lt\/\",\"logo\":{\"@type\":\"ImageObject\",\"inLanguage\":\"en-GB\",\"@id\":\"https:\/\/skaitytaknyga.lt\/#\/schema\/logo\/image\/\",\"url\":\"https:\/\/skaitytaknyga.lt\/wp-content\/uploads\/2024\/05\/cropped-cropped-cropped-02_00843_jt3bggkj1j3HLc7SyY6rEUpg.jpeg\",\"contentUrl\":\"https:\/\/skaitytaknyga.lt\/wp-content\/uploads\/2024\/05\/cropped-cropped-cropped-02_00843_jt3bggkj1j3HLc7SyY6rEUpg.jpeg\",\"width\":1600,\"height\":1600,\"caption\":\"skaitytaknyga.lt\"},\"image\":{\"@id\":\"https:\/\/skaitytaknyga.lt\/#\/schema\/logo\/image\/\"},\"sameAs\":[\"https:\/\/www.facebook.com\/skaitytaknyga\/\"]}]}<\/script>\n<!-- \/ Yoast SEO plugin. -->","yoast_head_json":{"title":"Lietuvi\u0173 patarl\u0117s ir prie\u017eod\u017eiaiJulija mokosi angl\u0173 kalbos (be cd)","description":"Gausiai animaciniu stiliumi iliustruotoje mokomojoje kygel\u0117je pasakojama apie mergait\u0117s nuotykius Niujorke: taip pateikiamos situacijos ir jose b\u016btiniausi","robots":{"index":"index","follow":"follow","max-snippet":"max-snippet:-1","max-image-preview":"max-image-preview:large","max-video-preview":"max-video-preview:-1"},"canonical":"https:\/\/skaitytaknyga.lt\/en\/produktas\/julija-mokosi-anglu-kalbos\/","og_locale":"en_GB","og_type":"article","og_title":"[:lt]Lietuvi\u0173 patarl\u0117s ir prie\u017eod\u017eiaiJulija mokosi angl\u0173 kalbos (be cd)[:] - Skaitytaknyga","og_description":"Gausiai animaciniu stiliumi iliustruotoje mokomojoje kygel\u0117je pasakojama apie mergait\u0117s nuotykius Niujorke: taip pateikiamos situacijos ir jose b\u016btiniausi","og_url":"https:\/\/skaitytaknyga.lt\/en\/produktas\/julija-mokosi-anglu-kalbos\/","og_site_name":"Skaitytaknyga","article_publisher":"https:\/\/www.facebook.com\/skaitytaknyga\/","article_modified_time":"2025-01-09T09:33:09+00:00","og_image":[{"width":585,"height":800,"url":"https:\/\/skaitytaknyga.lt\/wp-content\/uploads\/2025\/01\/Julija-mokosi-anglu-kalbos.webp","type":"image\/webp"}],"twitter_card":"summary_large_image","twitter_misc":{"Estimated reading time":"1 minute"},"schema":{"@context":"https:\/\/schema.org","@graph":[{"@type":"WebPage","@id":"https:\/\/skaitytaknyga.lt\/produktas\/julija-mokosi-anglu-kalbos\/","url":"https:\/\/skaitytaknyga.lt\/produktas\/julija-mokosi-anglu-kalbos\/","name":"Lietuvi\u0173 patarl\u0117s ir prie\u017eod\u017eiaiJulija mokosi angl\u0173 kalbos (be cd)","isPartOf":{"@id":"https:\/\/skaitytaknyga.lt\/#website"},"primaryImageOfPage":{"@id":"https:\/\/skaitytaknyga.lt\/produktas\/julija-mokosi-anglu-kalbos\/#primaryimage"},"image":{"@id":"https:\/\/skaitytaknyga.lt\/produktas\/julija-mokosi-anglu-kalbos\/#primaryimage"},"thumbnailUrl":"https:\/\/skaitytaknyga.lt\/wp-content\/uploads\/2025\/01\/Julija-mokosi-anglu-kalbos.webp","datePublished":"2025-01-09T09:31:47+00:00","dateModified":"2025-01-09T09:33:09+00:00","description":"Gausiai animaciniu stiliumi iliustruotoje mokomojoje kygel\u0117je pasakojama apie mergait\u0117s nuotykius Niujorke: taip pateikiamos situacijos ir jose b\u016btiniausi","breadcrumb":{"@id":"https:\/\/skaitytaknyga.lt\/produktas\/julija-mokosi-anglu-kalbos\/#breadcrumb"},"inLanguage":"en-GB","potentialAction":[{"@type":"ReadAction","target":["https:\/\/skaitytaknyga.lt\/produktas\/julija-mokosi-anglu-kalbos\/"]}]},{"@type":"ImageObject","inLanguage":"en-GB","@id":"https:\/\/skaitytaknyga.lt\/produktas\/julija-mokosi-anglu-kalbos\/#primaryimage","url":"https:\/\/skaitytaknyga.lt\/wp-content\/uploads\/2025\/01\/Julija-mokosi-anglu-kalbos.webp","contentUrl":"https:\/\/skaitytaknyga.lt\/wp-content\/uploads\/2025\/01\/Julija-mokosi-anglu-kalbos.webp","width":585,"height":800,"caption":"Julija mokosi angl\u0173 kalbos"},{"@type":"BreadcrumbList","@id":"https:\/\/skaitytaknyga.lt\/produktas\/julija-mokosi-anglu-kalbos\/#breadcrumb","itemListElement":[{"@type":"ListItem","position":1,"name":"Home","item":"https:\/\/skaitytaknyga.lt\/"},{"@type":"ListItem","position":2,"name":"Parduotuv\u0117","item":"https:\/\/skaitytaknyga.lt\/knygu-parduotuve\/"},{"@type":"ListItem","position":3,"name":"Lietuvi\u0173 patarl\u0117s ir prie\u017eod\u017eiaiJulija mokosi angl\u0173 kalbos (be cd)"}]},{"@type":"WebSite","@id":"https:\/\/skaitytaknyga.lt\/#website","url":"https:\/\/skaitytaknyga.lt\/","name":"skaitytaknyga.lt","description":"Skaitytaknyga.lt \u2013 tai ma\u017eas \u0161eimos verslas, kuris prasid\u0117jo nuo meil\u0117s knygoms ir siekio i\u0161gelb\u0117ti knygas nuo likimo prie konteinerio. Kas vienam nereikalingas daiktas \u2013 kitam lobis, o mes esame tarpininkai, kurie padeda abiems tapti laimingesniems ???? \u017dinome kaip nelengva i\u0161gyventi ma\u017eiems verslams, tad nuo \u0161iol, \u010dia rasite ir kit\u0173, ma\u017e\u0173 \u0161eim\u0173 versl\u0173, rank\u0173 darbo, dovan\u0173 sau ir artimiesiems.","publisher":{"@id":"https:\/\/skaitytaknyga.lt\/#organization"},"potentialAction":[{"@type":"SearchAction","target":{"@type":"EntryPoint","urlTemplate":"https:\/\/skaitytaknyga.lt\/?s={search_term_string}"},"query-input":{"@type":"PropertyValueSpecification","valueRequired":true,"valueName":"search_term_string"}}],"inLanguage":"en-GB"},{"@type":"Organization","@id":"https:\/\/skaitytaknyga.lt\/#organization","name":"skaitytaknyga.lt","url":"https:\/\/skaitytaknyga.lt\/","logo":{"@type":"ImageObject","inLanguage":"en-GB","@id":"https:\/\/skaitytaknyga.lt\/#\/schema\/logo\/image\/","url":"https:\/\/skaitytaknyga.lt\/wp-content\/uploads\/2024\/05\/cropped-cropped-cropped-02_00843_jt3bggkj1j3HLc7SyY6rEUpg.jpeg","contentUrl":"https:\/\/skaitytaknyga.lt\/wp-content\/uploads\/2024\/05\/cropped-cropped-cropped-02_00843_jt3bggkj1j3HLc7SyY6rEUpg.jpeg","width":1600,"height":1600,"caption":"skaitytaknyga.lt"},"image":{"@id":"https:\/\/skaitytaknyga.lt\/#\/schema\/logo\/image\/"},"sameAs":["https:\/\/www.facebook.com\/skaitytaknyga\/"]}]}},"_links":{"self":[{"href":"https:\/\/skaitytaknyga.lt\/en\/wp-json\/wp\/v2\/product\/15898","targetHints":{"allow":["GET"]}}],"collection":[{"href":"https:\/\/skaitytaknyga.lt\/en\/wp-json\/wp\/v2\/product"}],"about":[{"href":"https:\/\/skaitytaknyga.lt\/en\/wp-json\/wp\/v2\/types\/product"}],"replies":[{"embeddable":true,"href":"https:\/\/skaitytaknyga.lt\/en\/wp-json\/wp\/v2\/comments?post=15898"}],"wp:featuredmedia":[{"embeddable":true,"href":"https:\/\/skaitytaknyga.lt\/en\/wp-json\/wp\/v2\/media\/15899"}],"wp:attachment":[{"href":"https:\/\/skaitytaknyga.lt\/en\/wp-json\/wp\/v2\/media?parent=15898"}],"wp:term":[{"taxonomy":"product_brand","embeddable":true,"href":"https:\/\/skaitytaknyga.lt\/en\/wp-json\/wp\/v2\/product_brand?post=15898"},{"taxonomy":"product_cat","embeddable":true,"href":"https:\/\/skaitytaknyga.lt\/en\/wp-json\/wp\/v2\/product_cat?post=15898"},{"taxonomy":"product_tag","embeddable":true,"href":"https:\/\/skaitytaknyga.lt\/en\/wp-json\/wp\/v2\/product_tag?post=15898"}],"curies":[{"name":"wp","href":"https:\/\/api.w.org\/{rel}","templated":true}]}}