{"id":15894,"date":"2025-01-08T18:51:43","date_gmt":"2025-01-08T16:51:43","guid":{"rendered":"https:\/\/skaitytaknyga.lt\/?post_type=product&#038;p=15894"},"modified":"2026-03-11T10:55:21","modified_gmt":"2026-03-11T08:55:21","slug":"aliaskos-beieskant","status":"publish","type":"product","link":"https:\/\/skaitytaknyga.lt\/en\/produktas\/aliaskos-beieskant\/","title":{"rendered":"Aliaskos beie\u0161kant"},"content":{"rendered":"<p>Nuobod\u017eiaujantis \u0161e\u0161iolikmetis Mailzas Holteris \u2013 vieni\u0161as paauglys, m\u0117gstantis rinkti garsi\u0173 \u017emoni\u0173 paskutinius \u017eod\u017eius.<\/p>\n<p>Pasak paties Mailzo, jo gyvenimas jam atrodo \u201evienas didelis ne\u012fvykis<em>&#8220;.\u00a0<\/em>Tad jis ry\u017etasi palikti t\u0117v\u0173 namus Floridoje ir vykti \u012f internatin\u0119 mokykl\u0105 Alabamoje.<\/p>\n<p>\u010cia jis sutinka\u00a0 savo naujuosius draugus: kambario kaimyn\u0105 \u010cip\u0105 ir seksuali\u0105, linksm\u0105, proting\u0105, egzoti\u0161k\u0105, bet jau \u201eu\u017eimt\u0105&#8221; Aliask\u0105 Jang, kuri\u0105 beproti\u0161kai \u012fsimyli.<\/p>\n<p>Sukasi nuotaikingas paaugli\u0173 gyvenimas su savo pramogomis, r\u016bpes\u010diais ir rizikingais nuotykiais, kol kart\u0105 netik\u0117\u010diausiu metu suskamba Aliaskos telefonas. Mailzo gyvenimas pasikei\u010dia 180 laipsni\u0173 kampu&#8230;<\/p>\n<p>Knyga\u00a0<strong>\u201eAliaskos beie\u0161kant\u201c<\/strong>\u00a0 \u012fkvepia susim\u0105styti apie svarbiausius gyvenimo klausimus arba tiesiog primena, kokie jie svarb\u016bs. K\u016btinys i\u0161verstas \u012f daugel\u012f kalb\u0173, \u012ftrauktas \u012f jaunimo skaitomiausi\u0173 knyg\u0173 s\u0105ra\u0161us, lyginamas su J. D. Selind\u017eerio romanu\u00a0<em>\u201e<\/em>Rugiuose prie bedugn\u0117s<em>&#8220;<\/em>.<\/p>\n<ul class=\"about-product d-none d-xl-block mt-4\">\n<li><strong>Originalus pavadinimas:<\/strong>\u00a0Looking for Alaska<\/li>\n<li><strong>Autorius:<\/strong>\u00a0John Green<\/li>\n<li><strong>Leid\u0117jas:<\/strong>\u00a0Alma littera<\/li>\n<li><strong>Metai:<\/strong>\u00a02015<\/li>\n<li><strong>Puslapiai:<\/strong>\u00a0288<\/li>\n<li class=\"toggleable type-new-formats \"><strong>ISBN:<\/strong>\u00a09786090116302<\/li>\n<li><strong>Versijos kodas:<\/strong>\u00a0PT.<\/li>\n<li class=\"toggleable type-new-formats \"><strong>Formatas:<\/strong>\u00a014,3 x 21 cm, kieti vir\u0161eliai<\/li>\n<li><strong>Kalba:<\/strong>\u00a0Lietuvi\u0173<\/li>\n<li><strong>Vert\u0117jas:<\/strong>\u00a0Daumantas Gadeikis<\/li>\n<\/ul>\n","protected":false},"excerpt":{"rendered":"<p>Nuobod\u017eiaujantis \u0161e\u0161iolikmetis Mailzas Holteris \u2013 vieni\u0161as paauglys, m\u0117gstantis rinkti garsi\u0173 \u017emoni\u0173 paskutinius \u017eod\u017eius. Pasak paties Mailzo, jo gyvenimas jam atrodo \u201evienas didelis ne\u012fvykis&#8220;.\u00a0Tad jis ry\u017etasi palikti t\u0117v\u0173 namus Floridoje ir vykti \u012f internatin\u0119 mokykl\u0105 Alabamoje. \u010cia jis sutinka\u00a0 savo naujuosius draugus: kambario kaimyn\u0105 \u010cip\u0105 ir seksuali\u0105, linksm\u0105, proting\u0105, egzoti\u0161k\u0105, bet jau \u201eu\u017eimt\u0105&#8221; Aliask\u0105 Jang, kuri\u0105 beproti\u0161kai \u012fsimyli. Sukasi nuotaikingas paaugli\u0173 gyvenimas su savo pramogomis, r\u016bpes\u010diais ir rizikingais nuotykiais, kol kart\u0105 netik\u0117\u010diausiu metu suskamba Aliaskos telefonas. Mailzo gyvenimas pasikei\u010dia 180 laipsni\u0173 kampu&#8230; Knyga\u00a0\u201eAliaskos beie\u0161kant\u201c\u00a0 \u012fkvepia susim\u0105styti apie svarbiausius gyvenimo klausimus arba tiesiog primena, kokie jie svarb\u016bs. K\u016btinys i\u0161verstas \u012f daugel\u012f kalb\u0173, \u012ftrauktas \u012f jaunimo skaitomiausi\u0173 knyg\u0173 s\u0105ra\u0161us, lyginamas su J. D. Selind\u017eerio romanu\u00a0\u201eRugiuose prie bedugn\u0117s&#8220;. Originalus pavadinimas:\u00a0Looking for Alaska Autorius:\u00a0John Green Leid\u0117jas:\u00a0Alma littera Metai:\u00a02015 Puslapiai:\u00a0288 ISBN:\u00a09786090116302 Versijos kodas:\u00a0PT. Formatas:\u00a014,3 x 21 cm, kieti vir\u0161eliai Kalba:\u00a0Lietuvi\u0173 Vert\u0117jas:\u00a0Daumantas Gadeikis<\/p>\n","protected":false},"featured_media":15895,"comment_status":"open","ping_status":"closed","template":"","meta":{"_acf_changed":false,"site-sidebar-layout":"default","site-content-layout":"","ast-site-content-layout":"default","site-content-style":"default","site-sidebar-style":"default","ast-global-header-display":"","ast-banner-title-visibility":"","ast-main-header-display":"","ast-hfb-above-header-display":"","ast-hfb-below-header-display":"","ast-hfb-mobile-header-display":"","site-post-title":"","ast-breadcrumbs-content":"","ast-featured-img":"","footer-sml-layout":"","ast-disable-related-posts":"","theme-transparent-header-meta":"default","adv-header-id-meta":"","stick-header-meta":"","header-above-stick-meta":"","header-main-stick-meta":"","header-below-stick-meta":"","astra-migrate-meta-layouts":"set","ast-page-background-enabled":"default","ast-page-background-meta":{"desktop":{"background-color":"","background-image":"","background-repeat":"repeat","background-position":"center center","background-size":"auto","background-attachment":"scroll","background-type":"","background-media":"","overlay-type":"","overlay-color":"","overlay-opacity":"","overlay-gradient":""},"tablet":{"background-color":"","background-image":"","background-repeat":"repeat","background-position":"center center","background-size":"auto","background-attachment":"scroll","background-type":"","background-media":"","overlay-type":"","overlay-color":"","overlay-opacity":"","overlay-gradient":""},"mobile":{"background-color":"","background-image":"","background-repeat":"repeat","background-position":"center center","background-size":"auto","background-attachment":"scroll","background-type":"","background-media":"","overlay-type":"","overlay-color":"","overlay-opacity":"","overlay-gradient":""}},"ast-content-background-meta":{"desktop":{"background-color":"var(--ast-global-color-4)","background-image":"","background-repeat":"repeat","background-position":"center center","background-size":"auto","background-attachment":"scroll","background-type":"","background-media":"","overlay-type":"","overlay-color":"","overlay-opacity":"","overlay-gradient":""},"tablet":{"background-color":"var(--ast-global-color-4)","background-image":"","background-repeat":"repeat","background-position":"center center","background-size":"auto","background-attachment":"scroll","background-type":"","background-media":"","overlay-type":"","overlay-color":"","overlay-opacity":"","overlay-gradient":""},"mobile":{"background-color":"var(--ast-global-color-4)","background-image":"","background-repeat":"repeat","background-position":"center center","background-size":"auto","background-attachment":"scroll","background-type":"","background-media":"","overlay-type":"","overlay-color":"","overlay-opacity":"","overlay-gradient":""}}},"product_brand":[],"product_cat":[9676],"product_tag":[],"class_list":{"0":"post-15894","1":"product","2":"type-product","3":"status-publish","4":"has-post-thumbnail","6":"product_cat-paaugliams","7":"desktop-align-left","8":"tablet-align-left","9":"mobile-align-left","11":"first","12":"instock","13":"shipping-taxable","14":"purchasable","15":"product-type-simple"},"acf":[],"yoast_head":"<!-- This site is optimized with the Yoast SEO plugin v27.0 - https:\/\/yoast.com\/product\/yoast-seo-wordpress\/ -->\n<title>Aliaskos beie\u0161kant<\/title>\n<meta name=\"description\" content=\"Nuobod\u017eiaujantis \u0161e\u0161iolikmetis Mailzas Holteris \u2013 vieni\u0161as paauglys, m\u0117gstantis rinkti garsi\u0173 \u017emoni\u0173 paskutinius \u017eod\u017eius. Pasak paties Mailzo, jo\" \/>\n<meta name=\"robots\" content=\"index, follow, max-snippet:-1, max-image-preview:large, max-video-preview:-1\" \/>\n<link rel=\"canonical\" href=\"https:\/\/skaitytaknyga.lt\/en\/produktas\/aliaskos-beieskant\/\" \/>\n<meta property=\"og:locale\" content=\"en_GB\" \/>\n<meta property=\"og:locale:alternate\" content=\"lt_LT\" \/>\n<meta property=\"og:type\" content=\"article\" \/>\n<meta property=\"og:title\" content=\"Aliaskos beie\u0161kant\" \/>\n<meta property=\"og:description\" content=\"Nuobod\u017eiaujantis \u0161e\u0161iolikmetis Mailzas Holteris \u2013 vieni\u0161as paauglys, m\u0117gstantis rinkti garsi\u0173 \u017emoni\u0173 paskutinius \u017eod\u017eius. Pasak paties Mailzo, jo\" \/>\n<meta property=\"og:url\" content=\"https:\/\/skaitytaknyga.lt\/en\/produktas\/aliaskos-beieskant\/\" \/>\n<meta property=\"og:site_name\" content=\"Skaitytaknyga\" \/>\n<meta property=\"article:publisher\" content=\"https:\/\/www.facebook.com\/skaitytaknyga\/\" \/>\n<meta property=\"article:modified_time\" content=\"2026-03-11T08:55:21+00:00\" \/>\n<meta property=\"og:image\" content=\"https:\/\/skaitytaknyga.lt\/wp-content\/uploads\/2025\/01\/Aliaskos-beieskant.webp\" \/>\n\t<meta property=\"og:image:width\" content=\"402\" \/>\n\t<meta property=\"og:image:height\" content=\"600\" \/>\n\t<meta property=\"og:image:type\" content=\"image\/webp\" \/>\n<meta name=\"twitter:card\" content=\"summary_large_image\" \/>\n<meta name=\"twitter:label1\" content=\"Estimated reading time\" \/>\n\t<meta name=\"twitter:data1\" content=\"2 minutes\" \/>\n<script type=\"application\/ld+json\" class=\"yoast-schema-graph\">{\"@context\":\"https:\/\/schema.org\",\"@graph\":[{\"@type\":\"WebPage\",\"@id\":\"https:\/\/skaitytaknyga.lt\/produktas\/aliaskos-beieskant\/\",\"url\":\"https:\/\/skaitytaknyga.lt\/produktas\/aliaskos-beieskant\/\",\"name\":\"Aliaskos beie\u0161kant\",\"isPartOf\":{\"@id\":\"https:\/\/skaitytaknyga.lt\/#website\"},\"primaryImageOfPage\":{\"@id\":\"https:\/\/skaitytaknyga.lt\/produktas\/aliaskos-beieskant\/#primaryimage\"},\"image\":{\"@id\":\"https:\/\/skaitytaknyga.lt\/produktas\/aliaskos-beieskant\/#primaryimage\"},\"thumbnailUrl\":\"https:\/\/skaitytaknyga.lt\/wp-content\/uploads\/2025\/01\/Aliaskos-beieskant.webp\",\"datePublished\":\"2025-01-08T16:51:43+00:00\",\"dateModified\":\"2026-03-11T08:55:21+00:00\",\"description\":\"Nuobod\u017eiaujantis \u0161e\u0161iolikmetis Mailzas Holteris \u2013 vieni\u0161as paauglys, m\u0117gstantis rinkti garsi\u0173 \u017emoni\u0173 paskutinius \u017eod\u017eius. Pasak paties Mailzo, jo\",\"breadcrumb\":{\"@id\":\"https:\/\/skaitytaknyga.lt\/produktas\/aliaskos-beieskant\/#breadcrumb\"},\"inLanguage\":\"en-GB\",\"potentialAction\":[{\"@type\":\"ReadAction\",\"target\":[\"https:\/\/skaitytaknyga.lt\/produktas\/aliaskos-beieskant\/\"]}]},{\"@type\":\"ImageObject\",\"inLanguage\":\"en-GB\",\"@id\":\"https:\/\/skaitytaknyga.lt\/produktas\/aliaskos-beieskant\/#primaryimage\",\"url\":\"https:\/\/skaitytaknyga.lt\/wp-content\/uploads\/2025\/01\/Aliaskos-beieskant.webp\",\"contentUrl\":\"https:\/\/skaitytaknyga.lt\/wp-content\/uploads\/2025\/01\/Aliaskos-beieskant.webp\",\"width\":402,\"height\":600,\"caption\":\"Aliaskos beie\u0161kant\"},{\"@type\":\"BreadcrumbList\",\"@id\":\"https:\/\/skaitytaknyga.lt\/produktas\/aliaskos-beieskant\/#breadcrumb\",\"itemListElement\":[{\"@type\":\"ListItem\",\"position\":1,\"name\":\"Home\",\"item\":\"https:\/\/skaitytaknyga.lt\/\"},{\"@type\":\"ListItem\",\"position\":2,\"name\":\"Parduotuv\u0117\",\"item\":\"https:\/\/skaitytaknyga.lt\/knygu-parduotuve\/\"},{\"@type\":\"ListItem\",\"position\":3,\"name\":\"Aliaskos beie\u0161kant\"}]},{\"@type\":\"WebSite\",\"@id\":\"https:\/\/skaitytaknyga.lt\/#website\",\"url\":\"https:\/\/skaitytaknyga.lt\/\",\"name\":\"skaitytaknyga.lt\",\"description\":\"Skaitytaknyga.lt \u2013 tai ma\u017eas \u0161eimos verslas, kuris prasid\u0117jo nuo meil\u0117s knygoms ir siekio i\u0161gelb\u0117ti knygas nuo likimo prie konteinerio. Kas vienam nereikalingas daiktas \u2013 kitam lobis, o mes esame tarpininkai, kurie padeda abiems tapti laimingesniems ???? \u017dinome kaip nelengva i\u0161gyventi ma\u017eiems verslams, tad nuo \u0161iol, \u010dia rasite ir kit\u0173, ma\u017e\u0173 \u0161eim\u0173 versl\u0173, rank\u0173 darbo, dovan\u0173 sau ir artimiesiems.\",\"publisher\":{\"@id\":\"https:\/\/skaitytaknyga.lt\/#organization\"},\"potentialAction\":[{\"@type\":\"SearchAction\",\"target\":{\"@type\":\"EntryPoint\",\"urlTemplate\":\"https:\/\/skaitytaknyga.lt\/?s={search_term_string}\"},\"query-input\":{\"@type\":\"PropertyValueSpecification\",\"valueRequired\":true,\"valueName\":\"search_term_string\"}}],\"inLanguage\":\"en-GB\"},{\"@type\":\"Organization\",\"@id\":\"https:\/\/skaitytaknyga.lt\/#organization\",\"name\":\"skaitytaknyga.lt\",\"url\":\"https:\/\/skaitytaknyga.lt\/\",\"logo\":{\"@type\":\"ImageObject\",\"inLanguage\":\"en-GB\",\"@id\":\"https:\/\/skaitytaknyga.lt\/#\/schema\/logo\/image\/\",\"url\":\"https:\/\/skaitytaknyga.lt\/wp-content\/uploads\/2024\/05\/cropped-cropped-cropped-02_00843_jt3bggkj1j3HLc7SyY6rEUpg.jpeg\",\"contentUrl\":\"https:\/\/skaitytaknyga.lt\/wp-content\/uploads\/2024\/05\/cropped-cropped-cropped-02_00843_jt3bggkj1j3HLc7SyY6rEUpg.jpeg\",\"width\":1600,\"height\":1600,\"caption\":\"skaitytaknyga.lt\"},\"image\":{\"@id\":\"https:\/\/skaitytaknyga.lt\/#\/schema\/logo\/image\/\"},\"sameAs\":[\"https:\/\/www.facebook.com\/skaitytaknyga\/\"]}]}<\/script>\n<!-- \/ Yoast SEO plugin. -->","yoast_head_json":{"title":"Aliaskos beie\u0161kant","description":"Nuobod\u017eiaujantis \u0161e\u0161iolikmetis Mailzas Holteris \u2013 vieni\u0161as paauglys, m\u0117gstantis rinkti garsi\u0173 \u017emoni\u0173 paskutinius \u017eod\u017eius. Pasak paties Mailzo, jo","robots":{"index":"index","follow":"follow","max-snippet":"max-snippet:-1","max-image-preview":"max-image-preview:large","max-video-preview":"max-video-preview:-1"},"canonical":"https:\/\/skaitytaknyga.lt\/en\/produktas\/aliaskos-beieskant\/","og_locale":"en_GB","og_type":"article","og_title":"[:lt]Aliaskos beie\u0161kant[:] - Skaitytaknyga","og_description":"Nuobod\u017eiaujantis \u0161e\u0161iolikmetis Mailzas Holteris \u2013 vieni\u0161as paauglys, m\u0117gstantis rinkti garsi\u0173 \u017emoni\u0173 paskutinius \u017eod\u017eius. Pasak paties Mailzo, jo","og_url":"https:\/\/skaitytaknyga.lt\/en\/produktas\/aliaskos-beieskant\/","og_site_name":"Skaitytaknyga","article_publisher":"https:\/\/www.facebook.com\/skaitytaknyga\/","article_modified_time":"2026-03-11T08:55:21+00:00","og_image":[{"width":402,"height":600,"url":"https:\/\/skaitytaknyga.lt\/wp-content\/uploads\/2025\/01\/Aliaskos-beieskant.webp","type":"image\/webp"}],"twitter_card":"summary_large_image","twitter_misc":{"Estimated reading time":"2 minutes"},"schema":{"@context":"https:\/\/schema.org","@graph":[{"@type":"WebPage","@id":"https:\/\/skaitytaknyga.lt\/produktas\/aliaskos-beieskant\/","url":"https:\/\/skaitytaknyga.lt\/produktas\/aliaskos-beieskant\/","name":"Aliaskos beie\u0161kant","isPartOf":{"@id":"https:\/\/skaitytaknyga.lt\/#website"},"primaryImageOfPage":{"@id":"https:\/\/skaitytaknyga.lt\/produktas\/aliaskos-beieskant\/#primaryimage"},"image":{"@id":"https:\/\/skaitytaknyga.lt\/produktas\/aliaskos-beieskant\/#primaryimage"},"thumbnailUrl":"https:\/\/skaitytaknyga.lt\/wp-content\/uploads\/2025\/01\/Aliaskos-beieskant.webp","datePublished":"2025-01-08T16:51:43+00:00","dateModified":"2026-03-11T08:55:21+00:00","description":"Nuobod\u017eiaujantis \u0161e\u0161iolikmetis Mailzas Holteris \u2013 vieni\u0161as paauglys, m\u0117gstantis rinkti garsi\u0173 \u017emoni\u0173 paskutinius \u017eod\u017eius. Pasak paties Mailzo, jo","breadcrumb":{"@id":"https:\/\/skaitytaknyga.lt\/produktas\/aliaskos-beieskant\/#breadcrumb"},"inLanguage":"en-GB","potentialAction":[{"@type":"ReadAction","target":["https:\/\/skaitytaknyga.lt\/produktas\/aliaskos-beieskant\/"]}]},{"@type":"ImageObject","inLanguage":"en-GB","@id":"https:\/\/skaitytaknyga.lt\/produktas\/aliaskos-beieskant\/#primaryimage","url":"https:\/\/skaitytaknyga.lt\/wp-content\/uploads\/2025\/01\/Aliaskos-beieskant.webp","contentUrl":"https:\/\/skaitytaknyga.lt\/wp-content\/uploads\/2025\/01\/Aliaskos-beieskant.webp","width":402,"height":600,"caption":"Aliaskos beie\u0161kant"},{"@type":"BreadcrumbList","@id":"https:\/\/skaitytaknyga.lt\/produktas\/aliaskos-beieskant\/#breadcrumb","itemListElement":[{"@type":"ListItem","position":1,"name":"Home","item":"https:\/\/skaitytaknyga.lt\/"},{"@type":"ListItem","position":2,"name":"Parduotuv\u0117","item":"https:\/\/skaitytaknyga.lt\/knygu-parduotuve\/"},{"@type":"ListItem","position":3,"name":"Aliaskos beie\u0161kant"}]},{"@type":"WebSite","@id":"https:\/\/skaitytaknyga.lt\/#website","url":"https:\/\/skaitytaknyga.lt\/","name":"skaitytaknyga.lt","description":"Skaitytaknyga.lt \u2013 tai ma\u017eas \u0161eimos verslas, kuris prasid\u0117jo nuo meil\u0117s knygoms ir siekio i\u0161gelb\u0117ti knygas nuo likimo prie konteinerio. Kas vienam nereikalingas daiktas \u2013 kitam lobis, o mes esame tarpininkai, kurie padeda abiems tapti laimingesniems ???? \u017dinome kaip nelengva i\u0161gyventi ma\u017eiems verslams, tad nuo \u0161iol, \u010dia rasite ir kit\u0173, ma\u017e\u0173 \u0161eim\u0173 versl\u0173, rank\u0173 darbo, dovan\u0173 sau ir artimiesiems.","publisher":{"@id":"https:\/\/skaitytaknyga.lt\/#organization"},"potentialAction":[{"@type":"SearchAction","target":{"@type":"EntryPoint","urlTemplate":"https:\/\/skaitytaknyga.lt\/?s={search_term_string}"},"query-input":{"@type":"PropertyValueSpecification","valueRequired":true,"valueName":"search_term_string"}}],"inLanguage":"en-GB"},{"@type":"Organization","@id":"https:\/\/skaitytaknyga.lt\/#organization","name":"skaitytaknyga.lt","url":"https:\/\/skaitytaknyga.lt\/","logo":{"@type":"ImageObject","inLanguage":"en-GB","@id":"https:\/\/skaitytaknyga.lt\/#\/schema\/logo\/image\/","url":"https:\/\/skaitytaknyga.lt\/wp-content\/uploads\/2024\/05\/cropped-cropped-cropped-02_00843_jt3bggkj1j3HLc7SyY6rEUpg.jpeg","contentUrl":"https:\/\/skaitytaknyga.lt\/wp-content\/uploads\/2024\/05\/cropped-cropped-cropped-02_00843_jt3bggkj1j3HLc7SyY6rEUpg.jpeg","width":1600,"height":1600,"caption":"skaitytaknyga.lt"},"image":{"@id":"https:\/\/skaitytaknyga.lt\/#\/schema\/logo\/image\/"},"sameAs":["https:\/\/www.facebook.com\/skaitytaknyga\/"]}]}},"_links":{"self":[{"href":"https:\/\/skaitytaknyga.lt\/en\/wp-json\/wp\/v2\/product\/15894","targetHints":{"allow":["GET"]}}],"collection":[{"href":"https:\/\/skaitytaknyga.lt\/en\/wp-json\/wp\/v2\/product"}],"about":[{"href":"https:\/\/skaitytaknyga.lt\/en\/wp-json\/wp\/v2\/types\/product"}],"replies":[{"embeddable":true,"href":"https:\/\/skaitytaknyga.lt\/en\/wp-json\/wp\/v2\/comments?post=15894"}],"wp:featuredmedia":[{"embeddable":true,"href":"https:\/\/skaitytaknyga.lt\/en\/wp-json\/wp\/v2\/media\/15895"}],"wp:attachment":[{"href":"https:\/\/skaitytaknyga.lt\/en\/wp-json\/wp\/v2\/media?parent=15894"}],"wp:term":[{"taxonomy":"product_brand","embeddable":true,"href":"https:\/\/skaitytaknyga.lt\/en\/wp-json\/wp\/v2\/product_brand?post=15894"},{"taxonomy":"product_cat","embeddable":true,"href":"https:\/\/skaitytaknyga.lt\/en\/wp-json\/wp\/v2\/product_cat?post=15894"},{"taxonomy":"product_tag","embeddable":true,"href":"https:\/\/skaitytaknyga.lt\/en\/wp-json\/wp\/v2\/product_tag?post=15894"}],"curies":[{"name":"wp","href":"https:\/\/api.w.org\/{rel}","templated":true}]}}