{"id":15890,"date":"2025-01-08T18:47:22","date_gmt":"2025-01-08T16:47:22","guid":{"rendered":"https:\/\/skaitytaknyga.lt\/?post_type=product&#038;p=15890"},"modified":"2025-06-13T18:20:44","modified_gmt":"2025-06-13T15:20:44","slug":"mergaiciu-vadovelis","status":"publish","type":"product","link":"https:\/\/skaitytaknyga.lt\/en\/produktas\/mergaiciu-vadovelis\/","title":{"rendered":"Mergai\u010di\u0173 vadov\u0117lis"},"content":{"rendered":"<p>Tai iliustruotas praktinis vadov\u0117lis, kuriame mergait\u0117ms pateikiama daugyb\u0117 patarim\u0173 ir instrukcij\u0173, kaip pagra\u017einti ar patobulinti savo aplink\u0105 bei k\u016bn\u0105. Kartu mokoma elementari\u0173 gro\u017eio ir higienos pagrind\u0173, paai\u0161kinama, kaip mergait\u0117ms pa\u010dioms pasigaminti \u012fvairi\u0173 patiekal\u0173, surengti \u0161vent\u0119, patariama, k\u0105 \u012fdomaus ir netik\u0117to galima veikti namuose ar sode, kaip papuo\u0161ti savo drabu\u017eius bei mokyklinius s\u0105siuvinius ir t.t. Vadov\u0117lyje yra 10 tem\u0173, jame aptariama k\u016bno prie\u017ei\u016bra, \u0161ukuosenos, madinga i\u0161vaizda, aksesuarai, papuo\u0161alai, maisto gaminimas, dekoravimas, \u0161vent\u0117s, sodininkyst\u0117, eksperimentai ir \u017eaidimai. Kiekvien\u0105 tem\u0105 sudaro 25 praktiniai u\u017esi\u0117mimai, j\u0105 suprasti padeda pie\u0161iniai.<\/p>\n<p>\u201eMergai\u010di\u0173 vadov\u0117lis\u201c \u2013 puiki pagalbin\u0117 priemon\u0117 dail\u0117s ir technologij\u0173 pamokose. Knyga rekomenduojama 8 \u2013 12 met\u0173 mergait\u0117ms.Autorius: Colonel Moutarde<\/p>\n<p>Leid\u0117jas: Baltos lankos<br \/>\nI\u0161leidimo metai: 2017<br \/>\nKnygos puslapi\u0173 skai\u010dius: 252<br \/>\nFormatas: 20&#215;27, mink\u0161ti vir\u0161eliai<br \/>\nISBN ar kodas: 9789955231554<\/p>\n","protected":false},"excerpt":{"rendered":"<p>Tai iliustruotas praktinis vadov\u0117lis, kuriame mergait\u0117ms pateikiama daugyb\u0117 patarim\u0173 ir instrukcij\u0173, kaip pagra\u017einti ar patobulinti savo aplink\u0105 bei k\u016bn\u0105. Kartu mokoma elementari\u0173 gro\u017eio ir higienos pagrind\u0173, paai\u0161kinama, kaip mergait\u0117ms pa\u010dioms pasigaminti \u012fvairi\u0173 patiekal\u0173, surengti \u0161vent\u0119, patariama, k\u0105 \u012fdomaus ir netik\u0117to galima veikti namuose ar sode, kaip papuo\u0161ti savo drabu\u017eius bei mokyklinius s\u0105siuvinius ir t.t. Vadov\u0117lyje yra 10 tem\u0173, jame aptariama k\u016bno prie\u017ei\u016bra, \u0161ukuosenos, madinga i\u0161vaizda, aksesuarai, papuo\u0161alai, maisto gaminimas, dekoravimas, \u0161vent\u0117s, sodininkyst\u0117, eksperimentai ir \u017eaidimai. Kiekvien\u0105 tem\u0105 sudaro 25 praktiniai u\u017esi\u0117mimai, j\u0105 suprasti padeda pie\u0161iniai. \u201eMergai\u010di\u0173 vadov\u0117lis\u201c \u2013 puiki pagalbin\u0117 priemon\u0117 dail\u0117s ir technologij\u0173 pamokose. Knyga rekomenduojama 8 \u2013 12 met\u0173 mergait\u0117ms.Autorius: Colonel Moutarde Leid\u0117jas: Baltos lankos I\u0161leidimo metai: 2017 Knygos puslapi\u0173 skai\u010dius: 252 Formatas: 20&#215;27, mink\u0161ti vir\u0161eliai ISBN ar kodas: 9789955231554<\/p>\n","protected":false},"featured_media":15891,"comment_status":"open","ping_status":"closed","template":"","meta":{"_acf_changed":false,"site-sidebar-layout":"default","site-content-layout":"","ast-site-content-layout":"default","site-content-style":"default","site-sidebar-style":"default","ast-global-header-display":"","ast-banner-title-visibility":"","ast-main-header-display":"","ast-hfb-above-header-display":"","ast-hfb-below-header-display":"","ast-hfb-mobile-header-display":"","site-post-title":"","ast-breadcrumbs-content":"","ast-featured-img":"","footer-sml-layout":"","ast-disable-related-posts":"","theme-transparent-header-meta":"default","adv-header-id-meta":"","stick-header-meta":"","header-above-stick-meta":"","header-main-stick-meta":"","header-below-stick-meta":"","astra-migrate-meta-layouts":"set","ast-page-background-enabled":"default","ast-page-background-meta":{"desktop":{"background-color":"","background-image":"","background-repeat":"repeat","background-position":"center center","background-size":"auto","background-attachment":"scroll","background-type":"","background-media":"","overlay-type":"","overlay-color":"","overlay-opacity":"","overlay-gradient":""},"tablet":{"background-color":"","background-image":"","background-repeat":"repeat","background-position":"center center","background-size":"auto","background-attachment":"scroll","background-type":"","background-media":"","overlay-type":"","overlay-color":"","overlay-opacity":"","overlay-gradient":""},"mobile":{"background-color":"","background-image":"","background-repeat":"repeat","background-position":"center center","background-size":"auto","background-attachment":"scroll","background-type":"","background-media":"","overlay-type":"","overlay-color":"","overlay-opacity":"","overlay-gradient":""}},"ast-content-background-meta":{"desktop":{"background-color":"var(--ast-global-color-4)","background-image":"","background-repeat":"repeat","background-position":"center center","background-size":"auto","background-attachment":"scroll","background-type":"","background-media":"","overlay-type":"","overlay-color":"","overlay-opacity":"","overlay-gradient":""},"tablet":{"background-color":"var(--ast-global-color-4)","background-image":"","background-repeat":"repeat","background-position":"center center","background-size":"auto","background-attachment":"scroll","background-type":"","background-media":"","overlay-type":"","overlay-color":"","overlay-opacity":"","overlay-gradient":""},"mobile":{"background-color":"var(--ast-global-color-4)","background-image":"","background-repeat":"repeat","background-position":"center center","background-size":"auto","background-attachment":"scroll","background-type":"","background-media":"","overlay-type":"","overlay-color":"","overlay-opacity":"","overlay-gradient":""}}},"product_brand":[],"product_cat":[15,35],"product_tag":[],"class_list":{"0":"post-15890","1":"product","2":"type-product","3":"status-publish","4":"has-post-thumbnail","6":"product_cat-uncategorized","7":"product_cat-vaikams-ir-paaugliams","8":"desktop-align-left","9":"tablet-align-left","10":"mobile-align-left","12":"first","13":"instock","14":"shipping-taxable","15":"purchasable","16":"product-type-simple"},"acf":[],"yoast_head":"<!-- This site is optimized with the Yoast SEO plugin v27.0 - https:\/\/yoast.com\/product\/yoast-seo-wordpress\/ -->\n<title>Mergai\u010di\u0173 vadov\u0117lis<\/title>\n<meta name=\"description\" content=\"Tai iliustruotas praktinis vadov\u0117lis, kuriame mergait\u0117ms pateikiama daugyb\u0117 patarim\u0173 ir instrukcij\u0173, kaip pagra\u017einti ar patobulinti savo aplink\u0105 bei k\u016bn\u0105.\" \/>\n<meta name=\"robots\" content=\"index, follow, max-snippet:-1, max-image-preview:large, max-video-preview:-1\" \/>\n<link rel=\"canonical\" href=\"https:\/\/skaitytaknyga.lt\/en\/produktas\/mergaiciu-vadovelis\/\" \/>\n<meta property=\"og:locale\" content=\"en_GB\" \/>\n<meta property=\"og:locale:alternate\" content=\"lt_LT\" \/>\n<meta property=\"og:type\" content=\"article\" \/>\n<meta property=\"og:title\" content=\"Mergai\u010di\u0173 vadov\u0117lis\" \/>\n<meta property=\"og:description\" content=\"Tai iliustruotas praktinis vadov\u0117lis, kuriame mergait\u0117ms pateikiama daugyb\u0117 patarim\u0173 ir instrukcij\u0173, kaip pagra\u017einti ar patobulinti savo aplink\u0105 bei k\u016bn\u0105.\" \/>\n<meta property=\"og:url\" content=\"https:\/\/skaitytaknyga.lt\/en\/produktas\/mergaiciu-vadovelis\/\" \/>\n<meta property=\"og:site_name\" content=\"Skaitytaknyga\" \/>\n<meta property=\"article:publisher\" content=\"https:\/\/www.facebook.com\/skaitytaknyga\/\" \/>\n<meta property=\"article:modified_time\" content=\"2025-06-13T15:20:44+00:00\" \/>\n<meta property=\"og:image\" content=\"https:\/\/skaitytaknyga.lt\/wp-content\/uploads\/2025\/01\/Mergaiciu-vadovelis.jpeg\" \/>\n\t<meta property=\"og:image:width\" content=\"451\" \/>\n\t<meta property=\"og:image:height\" content=\"624\" \/>\n\t<meta property=\"og:image:type\" content=\"image\/jpeg\" \/>\n<meta name=\"twitter:card\" content=\"summary_large_image\" \/>\n<meta name=\"twitter:label1\" content=\"Estimated reading time\" \/>\n\t<meta name=\"twitter:data1\" content=\"1 minute\" \/>\n<script type=\"application\/ld+json\" class=\"yoast-schema-graph\">{\"@context\":\"https:\/\/schema.org\",\"@graph\":[{\"@type\":\"WebPage\",\"@id\":\"https:\/\/skaitytaknyga.lt\/produktas\/mergaiciu-vadovelis\/\",\"url\":\"https:\/\/skaitytaknyga.lt\/produktas\/mergaiciu-vadovelis\/\",\"name\":\"Mergai\u010di\u0173 vadov\u0117lis\",\"isPartOf\":{\"@id\":\"https:\/\/skaitytaknyga.lt\/#website\"},\"primaryImageOfPage\":{\"@id\":\"https:\/\/skaitytaknyga.lt\/produktas\/mergaiciu-vadovelis\/#primaryimage\"},\"image\":{\"@id\":\"https:\/\/skaitytaknyga.lt\/produktas\/mergaiciu-vadovelis\/#primaryimage\"},\"thumbnailUrl\":\"https:\/\/skaitytaknyga.lt\/wp-content\/uploads\/2025\/01\/Mergaiciu-vadovelis.jpeg\",\"datePublished\":\"2025-01-08T16:47:22+00:00\",\"dateModified\":\"2025-06-13T15:20:44+00:00\",\"description\":\"Tai iliustruotas praktinis vadov\u0117lis, kuriame mergait\u0117ms pateikiama daugyb\u0117 patarim\u0173 ir instrukcij\u0173, kaip pagra\u017einti ar patobulinti savo aplink\u0105 bei k\u016bn\u0105.\",\"breadcrumb\":{\"@id\":\"https:\/\/skaitytaknyga.lt\/produktas\/mergaiciu-vadovelis\/#breadcrumb\"},\"inLanguage\":\"en-GB\",\"potentialAction\":[{\"@type\":\"ReadAction\",\"target\":[\"https:\/\/skaitytaknyga.lt\/produktas\/mergaiciu-vadovelis\/\"]}]},{\"@type\":\"ImageObject\",\"inLanguage\":\"en-GB\",\"@id\":\"https:\/\/skaitytaknyga.lt\/produktas\/mergaiciu-vadovelis\/#primaryimage\",\"url\":\"https:\/\/skaitytaknyga.lt\/wp-content\/uploads\/2025\/01\/Mergaiciu-vadovelis.jpeg\",\"contentUrl\":\"https:\/\/skaitytaknyga.lt\/wp-content\/uploads\/2025\/01\/Mergaiciu-vadovelis.jpeg\",\"width\":451,\"height\":624,\"caption\":\"Mergai\u010di\u0173 vadov\u0117lis\"},{\"@type\":\"BreadcrumbList\",\"@id\":\"https:\/\/skaitytaknyga.lt\/produktas\/mergaiciu-vadovelis\/#breadcrumb\",\"itemListElement\":[{\"@type\":\"ListItem\",\"position\":1,\"name\":\"Home\",\"item\":\"https:\/\/skaitytaknyga.lt\/\"},{\"@type\":\"ListItem\",\"position\":2,\"name\":\"Parduotuv\u0117\",\"item\":\"https:\/\/skaitytaknyga.lt\/knygu-parduotuve\/\"},{\"@type\":\"ListItem\",\"position\":3,\"name\":\"Mergai\u010di\u0173 vadov\u0117lis\"}]},{\"@type\":\"WebSite\",\"@id\":\"https:\/\/skaitytaknyga.lt\/#website\",\"url\":\"https:\/\/skaitytaknyga.lt\/\",\"name\":\"skaitytaknyga.lt\",\"description\":\"Skaitytaknyga.lt \u2013 tai ma\u017eas \u0161eimos verslas, kuris prasid\u0117jo nuo meil\u0117s knygoms ir siekio i\u0161gelb\u0117ti knygas nuo likimo prie konteinerio. Kas vienam nereikalingas daiktas \u2013 kitam lobis, o mes esame tarpininkai, kurie padeda abiems tapti laimingesniems ???? \u017dinome kaip nelengva i\u0161gyventi ma\u017eiems verslams, tad nuo \u0161iol, \u010dia rasite ir kit\u0173, ma\u017e\u0173 \u0161eim\u0173 versl\u0173, rank\u0173 darbo, dovan\u0173 sau ir artimiesiems.\",\"publisher\":{\"@id\":\"https:\/\/skaitytaknyga.lt\/#organization\"},\"potentialAction\":[{\"@type\":\"SearchAction\",\"target\":{\"@type\":\"EntryPoint\",\"urlTemplate\":\"https:\/\/skaitytaknyga.lt\/?s={search_term_string}\"},\"query-input\":{\"@type\":\"PropertyValueSpecification\",\"valueRequired\":true,\"valueName\":\"search_term_string\"}}],\"inLanguage\":\"en-GB\"},{\"@type\":\"Organization\",\"@id\":\"https:\/\/skaitytaknyga.lt\/#organization\",\"name\":\"skaitytaknyga.lt\",\"url\":\"https:\/\/skaitytaknyga.lt\/\",\"logo\":{\"@type\":\"ImageObject\",\"inLanguage\":\"en-GB\",\"@id\":\"https:\/\/skaitytaknyga.lt\/#\/schema\/logo\/image\/\",\"url\":\"https:\/\/skaitytaknyga.lt\/wp-content\/uploads\/2024\/05\/cropped-cropped-cropped-02_00843_jt3bggkj1j3HLc7SyY6rEUpg.jpeg\",\"contentUrl\":\"https:\/\/skaitytaknyga.lt\/wp-content\/uploads\/2024\/05\/cropped-cropped-cropped-02_00843_jt3bggkj1j3HLc7SyY6rEUpg.jpeg\",\"width\":1600,\"height\":1600,\"caption\":\"skaitytaknyga.lt\"},\"image\":{\"@id\":\"https:\/\/skaitytaknyga.lt\/#\/schema\/logo\/image\/\"},\"sameAs\":[\"https:\/\/www.facebook.com\/skaitytaknyga\/\"]}]}<\/script>\n<!-- \/ Yoast SEO plugin. -->","yoast_head_json":{"title":"Mergai\u010di\u0173 vadov\u0117lis","description":"Tai iliustruotas praktinis vadov\u0117lis, kuriame mergait\u0117ms pateikiama daugyb\u0117 patarim\u0173 ir instrukcij\u0173, kaip pagra\u017einti ar patobulinti savo aplink\u0105 bei k\u016bn\u0105.","robots":{"index":"index","follow":"follow","max-snippet":"max-snippet:-1","max-image-preview":"max-image-preview:large","max-video-preview":"max-video-preview:-1"},"canonical":"https:\/\/skaitytaknyga.lt\/en\/produktas\/mergaiciu-vadovelis\/","og_locale":"en_GB","og_type":"article","og_title":"[:lt]Mergai\u010di\u0173 vadov\u0117lis[:] - Skaitytaknyga","og_description":"Tai iliustruotas praktinis vadov\u0117lis, kuriame mergait\u0117ms pateikiama daugyb\u0117 patarim\u0173 ir instrukcij\u0173, kaip pagra\u017einti ar patobulinti savo aplink\u0105 bei k\u016bn\u0105.","og_url":"https:\/\/skaitytaknyga.lt\/en\/produktas\/mergaiciu-vadovelis\/","og_site_name":"Skaitytaknyga","article_publisher":"https:\/\/www.facebook.com\/skaitytaknyga\/","article_modified_time":"2025-06-13T15:20:44+00:00","og_image":[{"width":451,"height":624,"url":"https:\/\/skaitytaknyga.lt\/wp-content\/uploads\/2025\/01\/Mergaiciu-vadovelis.jpeg","type":"image\/jpeg"}],"twitter_card":"summary_large_image","twitter_misc":{"Estimated reading time":"1 minute"},"schema":{"@context":"https:\/\/schema.org","@graph":[{"@type":"WebPage","@id":"https:\/\/skaitytaknyga.lt\/produktas\/mergaiciu-vadovelis\/","url":"https:\/\/skaitytaknyga.lt\/produktas\/mergaiciu-vadovelis\/","name":"Mergai\u010di\u0173 vadov\u0117lis","isPartOf":{"@id":"https:\/\/skaitytaknyga.lt\/#website"},"primaryImageOfPage":{"@id":"https:\/\/skaitytaknyga.lt\/produktas\/mergaiciu-vadovelis\/#primaryimage"},"image":{"@id":"https:\/\/skaitytaknyga.lt\/produktas\/mergaiciu-vadovelis\/#primaryimage"},"thumbnailUrl":"https:\/\/skaitytaknyga.lt\/wp-content\/uploads\/2025\/01\/Mergaiciu-vadovelis.jpeg","datePublished":"2025-01-08T16:47:22+00:00","dateModified":"2025-06-13T15:20:44+00:00","description":"Tai iliustruotas praktinis vadov\u0117lis, kuriame mergait\u0117ms pateikiama daugyb\u0117 patarim\u0173 ir instrukcij\u0173, kaip pagra\u017einti ar patobulinti savo aplink\u0105 bei k\u016bn\u0105.","breadcrumb":{"@id":"https:\/\/skaitytaknyga.lt\/produktas\/mergaiciu-vadovelis\/#breadcrumb"},"inLanguage":"en-GB","potentialAction":[{"@type":"ReadAction","target":["https:\/\/skaitytaknyga.lt\/produktas\/mergaiciu-vadovelis\/"]}]},{"@type":"ImageObject","inLanguage":"en-GB","@id":"https:\/\/skaitytaknyga.lt\/produktas\/mergaiciu-vadovelis\/#primaryimage","url":"https:\/\/skaitytaknyga.lt\/wp-content\/uploads\/2025\/01\/Mergaiciu-vadovelis.jpeg","contentUrl":"https:\/\/skaitytaknyga.lt\/wp-content\/uploads\/2025\/01\/Mergaiciu-vadovelis.jpeg","width":451,"height":624,"caption":"Mergai\u010di\u0173 vadov\u0117lis"},{"@type":"BreadcrumbList","@id":"https:\/\/skaitytaknyga.lt\/produktas\/mergaiciu-vadovelis\/#breadcrumb","itemListElement":[{"@type":"ListItem","position":1,"name":"Home","item":"https:\/\/skaitytaknyga.lt\/"},{"@type":"ListItem","position":2,"name":"Parduotuv\u0117","item":"https:\/\/skaitytaknyga.lt\/knygu-parduotuve\/"},{"@type":"ListItem","position":3,"name":"Mergai\u010di\u0173 vadov\u0117lis"}]},{"@type":"WebSite","@id":"https:\/\/skaitytaknyga.lt\/#website","url":"https:\/\/skaitytaknyga.lt\/","name":"skaitytaknyga.lt","description":"Skaitytaknyga.lt \u2013 tai ma\u017eas \u0161eimos verslas, kuris prasid\u0117jo nuo meil\u0117s knygoms ir siekio i\u0161gelb\u0117ti knygas nuo likimo prie konteinerio. Kas vienam nereikalingas daiktas \u2013 kitam lobis, o mes esame tarpininkai, kurie padeda abiems tapti laimingesniems ???? \u017dinome kaip nelengva i\u0161gyventi ma\u017eiems verslams, tad nuo \u0161iol, \u010dia rasite ir kit\u0173, ma\u017e\u0173 \u0161eim\u0173 versl\u0173, rank\u0173 darbo, dovan\u0173 sau ir artimiesiems.","publisher":{"@id":"https:\/\/skaitytaknyga.lt\/#organization"},"potentialAction":[{"@type":"SearchAction","target":{"@type":"EntryPoint","urlTemplate":"https:\/\/skaitytaknyga.lt\/?s={search_term_string}"},"query-input":{"@type":"PropertyValueSpecification","valueRequired":true,"valueName":"search_term_string"}}],"inLanguage":"en-GB"},{"@type":"Organization","@id":"https:\/\/skaitytaknyga.lt\/#organization","name":"skaitytaknyga.lt","url":"https:\/\/skaitytaknyga.lt\/","logo":{"@type":"ImageObject","inLanguage":"en-GB","@id":"https:\/\/skaitytaknyga.lt\/#\/schema\/logo\/image\/","url":"https:\/\/skaitytaknyga.lt\/wp-content\/uploads\/2024\/05\/cropped-cropped-cropped-02_00843_jt3bggkj1j3HLc7SyY6rEUpg.jpeg","contentUrl":"https:\/\/skaitytaknyga.lt\/wp-content\/uploads\/2024\/05\/cropped-cropped-cropped-02_00843_jt3bggkj1j3HLc7SyY6rEUpg.jpeg","width":1600,"height":1600,"caption":"skaitytaknyga.lt"},"image":{"@id":"https:\/\/skaitytaknyga.lt\/#\/schema\/logo\/image\/"},"sameAs":["https:\/\/www.facebook.com\/skaitytaknyga\/"]}]}},"_links":{"self":[{"href":"https:\/\/skaitytaknyga.lt\/en\/wp-json\/wp\/v2\/product\/15890","targetHints":{"allow":["GET"]}}],"collection":[{"href":"https:\/\/skaitytaknyga.lt\/en\/wp-json\/wp\/v2\/product"}],"about":[{"href":"https:\/\/skaitytaknyga.lt\/en\/wp-json\/wp\/v2\/types\/product"}],"replies":[{"embeddable":true,"href":"https:\/\/skaitytaknyga.lt\/en\/wp-json\/wp\/v2\/comments?post=15890"}],"wp:featuredmedia":[{"embeddable":true,"href":"https:\/\/skaitytaknyga.lt\/en\/wp-json\/wp\/v2\/media\/15891"}],"wp:attachment":[{"href":"https:\/\/skaitytaknyga.lt\/en\/wp-json\/wp\/v2\/media?parent=15890"}],"wp:term":[{"taxonomy":"product_brand","embeddable":true,"href":"https:\/\/skaitytaknyga.lt\/en\/wp-json\/wp\/v2\/product_brand?post=15890"},{"taxonomy":"product_cat","embeddable":true,"href":"https:\/\/skaitytaknyga.lt\/en\/wp-json\/wp\/v2\/product_cat?post=15890"},{"taxonomy":"product_tag","embeddable":true,"href":"https:\/\/skaitytaknyga.lt\/en\/wp-json\/wp\/v2\/product_tag?post=15890"}],"curies":[{"name":"wp","href":"https:\/\/api.w.org\/{rel}","templated":true}]}}