{"id":15887,"date":"2025-01-08T18:43:51","date_gmt":"2025-01-08T16:43:51","guid":{"rendered":"https:\/\/skaitytaknyga.lt\/?post_type=product&#038;p=15887"},"modified":"2025-05-15T08:53:18","modified_gmt":"2025-05-15T05:53:18","slug":"saltasis-kalnas","status":"publish","type":"product","link":"https:\/\/skaitytaknyga.lt\/en\/produktas\/saltasis-kalnas\/","title":{"rendered":"\u0160altasis kalnas"},"content":{"rendered":"<p>Neatsitiktinai kiekvienas knygos \u017eodis atrodo kruop\u0161\u010diai parinktas. I\u0161 dalies remdamasis savo paties \u0161eimos istorija, Charlesas Frazieris \u201e\u0160alt\u0105j\u012f kaln\u0105\u201d ra\u0161\u0117 net septynerius metus. Jis niekur neskub\u0117jo \u2013 literat\u016bros sensacija tapo v\u0117lai, b\u016bdamas 46-eri\u0173. Bet gim\u0117 knyga, kurios vert\u0117jo laukti. \u0160edevras, kuriame susipina jaudinanti meil\u0117s istorija ir kvap\u0105 gniau\u017eianti kelion\u0117 namo per negailesting\u0105, o tuo pa\u010diu nepaprasto gro\u017eio \u0161al\u012f.<\/p>\n<p>\u201e\u0160altasis kalnas\u201c \u2013 romanas apie meil\u0119, kar\u0105, neapykant\u0105 ir mok\u0117jim\u0105 \u012fveikti nevilt\u012f. Jo fonas \u2013 Pilietinis karas, XIX am\u017eiaus viduryje visiems laikams sujung\u0119s iki tol \u012f Pietus ir \u0160iaur\u0119 padalint\u0105 Amerik\u0105.<\/p>\n<p>Nekalbaus Inmano ir pastoriaus dukters Ados meil\u0117 \u012fsi\u017eiebia kruvin\u0173 \u012fvyki\u0173 i\u0161vakar\u0117se. Netrukus jaun\u0105 vyr\u0105 sunkiai su\u017eeid\u017eia m\u016b\u0161io lauke\u2026 Per plauk\u0105 mirties i\u0161veng\u0119s Inmanas nusprend\u017eia nebegr\u012f\u017eti \u012f front\u0105 ir leid\u017eiasi per vis\u0105 \u0161al\u012f namo pas mylim\u0105j\u0105, patirdamas i\u0161bandym\u0173, kurie primena Odis\u0117jo nuotykius. Paklydim\u0173 kupinos b\u0117glio Inmano klajon\u0117s \u2013 tai ne tik mitinis \u017eygis namo, bet ir kelion\u0117 \u012f savo paties sielos gelmes. Tuo tarpu Ada kovoja su vienatve ir mokosi gyventi, padedama visko u\u017egr\u016bdintos Rub\u0117s.<\/p>\n<p>Pasiek\u0119s skaitytojus 1997-aisiais, \u201e\u0160altasis kalnas\u201c akimirksniu \u012fkop\u0117 \u012f pirm\u0105j\u0105\u00a0<em>New York Times<\/em>\u00a0bestseleri\u0173 viet\u0105. Jis buvo apdovanotas Amerikos Nacionalin\u0117s knygos premija \u2013 garbingiausiu JAV literat\u016bros apdovanojimu. \u201e\u0160altasis kalnas\u201c \u012fkv\u0117p\u0117 \u201eAnglo ligonio\u201c re\u017eisieri\u0173 Anthony Mingell\u0105 sukurti to paties pavadinimo romantin\u012f ep\u0105, kuris 2004-aisiais buvo nominuotas 8 \u201eAuksiniams gaubliams\u201c ir net 7 \u201eOskarams\u201c.<\/p>\n<ul class=\"about-product d-none d-xl-block mt-4\">\n<li><strong>Autorius:<\/strong>\u00a0Charles Frazier<\/li>\n<li><strong>Leid\u0117jas:<\/strong>\u00a0Obuolys<\/li>\n<li><strong>Metai:<\/strong>\u00a02006<\/li>\n<li><strong>Puslapiai:<\/strong>\u00a0360<\/li>\n<li class=\"toggleable type-new-formats \"><strong>ISBN-10:<\/strong>\u00a0995570005X<\/li>\n<li class=\"toggleable type-new-formats \"><strong>ISBN-13:<\/strong>\u00a09789955700050<\/li>\n<li><strong>Versijos kodas:<\/strong>\u00a0PT.<\/li>\n<li class=\"toggleable type-new-formats \"><strong>Formatas:<\/strong>\u00a015 x 24 cm, kieti vir\u0161eliai<\/li>\n<li><strong>Kalba:<\/strong>\u00a0Lietuvi\u0173<\/li>\n<li><strong>Vert\u0117jas:<\/strong>\u00a0Jurgita J\u0117rinait\u0117<\/li>\n<li><strong>Knyg\u0173 serija:<\/strong>\u00a0Tik geriausios knygos virsta filmais<\/li>\n<\/ul>\n","protected":false},"excerpt":{"rendered":"<p>Neatsitiktinai kiekvienas knygos \u017eodis atrodo kruop\u0161\u010diai parinktas. I\u0161 dalies remdamasis savo paties \u0161eimos istorija, Charlesas Frazieris \u201e\u0160alt\u0105j\u012f kaln\u0105\u201d ra\u0161\u0117 net septynerius metus. Jis niekur neskub\u0117jo \u2013 literat\u016bros sensacija tapo v\u0117lai, b\u016bdamas 46-eri\u0173. Bet gim\u0117 knyga, kurios vert\u0117jo laukti. \u0160edevras, kuriame susipina jaudinanti meil\u0117s istorija ir kvap\u0105 gniau\u017eianti kelion\u0117 namo per negailesting\u0105, o tuo pa\u010diu nepaprasto gro\u017eio \u0161al\u012f. \u201e\u0160altasis kalnas\u201c \u2013 romanas apie meil\u0119, kar\u0105, neapykant\u0105 ir mok\u0117jim\u0105 \u012fveikti nevilt\u012f. Jo fonas \u2013 Pilietinis karas, XIX am\u017eiaus viduryje visiems laikams sujung\u0119s iki tol \u012f Pietus ir \u0160iaur\u0119 padalint\u0105 Amerik\u0105. Nekalbaus Inmano ir pastoriaus dukters Ados meil\u0117 \u012fsi\u017eiebia kruvin\u0173 \u012fvyki\u0173 i\u0161vakar\u0117se. Netrukus jaun\u0105 vyr\u0105 sunkiai su\u017eeid\u017eia m\u016b\u0161io lauke\u2026 Per plauk\u0105 mirties i\u0161veng\u0119s Inmanas nusprend\u017eia nebegr\u012f\u017eti \u012f front\u0105 ir leid\u017eiasi per vis\u0105 \u0161al\u012f namo pas mylim\u0105j\u0105, patirdamas i\u0161bandym\u0173, kurie primena Odis\u0117jo nuotykius. Paklydim\u0173 kupinos b\u0117glio Inmano klajon\u0117s \u2013 tai ne tik mitinis \u017eygis namo, bet ir kelion\u0117 \u012f savo paties sielos gelmes. Tuo tarpu Ada kovoja su vienatve ir mokosi gyventi, padedama visko u\u017egr\u016bdintos Rub\u0117s. Pasiek\u0119s skaitytojus 1997-aisiais, \u201e\u0160altasis kalnas\u201c akimirksniu \u012fkop\u0117 \u012f pirm\u0105j\u0105\u00a0New York Times\u00a0bestseleri\u0173 viet\u0105. Jis buvo apdovanotas Amerikos Nacionalin\u0117s knygos premija \u2013 garbingiausiu JAV literat\u016bros apdovanojimu. \u201e\u0160altasis kalnas\u201c \u012fkv\u0117p\u0117 \u201eAnglo ligonio\u201c re\u017eisieri\u0173 Anthony Mingell\u0105 sukurti to paties pavadinimo romantin\u012f ep\u0105, kuris 2004-aisiais buvo nominuotas 8 \u201eAuksiniams gaubliams\u201c ir net 7 \u201eOskarams\u201c. Autorius:\u00a0Charles Frazier Leid\u0117jas:\u00a0Obuolys Metai:\u00a02006 Puslapiai:\u00a0360 ISBN-10:\u00a0995570005X ISBN-13:\u00a09789955700050 Versijos kodas:\u00a0PT. Formatas:\u00a015 x 24 cm, kieti vir\u0161eliai Kalba:\u00a0Lietuvi\u0173 Vert\u0117jas:\u00a0Jurgita J\u0117rinait\u0117 Knyg\u0173 serija:\u00a0Tik geriausios knygos virsta filmais<\/p>\n","protected":false},"featured_media":15889,"comment_status":"open","ping_status":"closed","template":"","meta":{"_acf_changed":false,"site-sidebar-layout":"default","site-content-layout":"","ast-site-content-layout":"default","site-content-style":"default","site-sidebar-style":"default","ast-global-header-display":"","ast-banner-title-visibility":"","ast-main-header-display":"","ast-hfb-above-header-display":"","ast-hfb-below-header-display":"","ast-hfb-mobile-header-display":"","site-post-title":"","ast-breadcrumbs-content":"","ast-featured-img":"","footer-sml-layout":"","ast-disable-related-posts":"","theme-transparent-header-meta":"default","adv-header-id-meta":"","stick-header-meta":"","header-above-stick-meta":"","header-main-stick-meta":"","header-below-stick-meta":"","astra-migrate-meta-layouts":"set","ast-page-background-enabled":"default","ast-page-background-meta":{"desktop":{"background-color":"","background-image":"","background-repeat":"repeat","background-position":"center center","background-size":"auto","background-attachment":"scroll","background-type":"","background-media":"","overlay-type":"","overlay-color":"","overlay-opacity":"","overlay-gradient":""},"tablet":{"background-color":"","background-image":"","background-repeat":"repeat","background-position":"center center","background-size":"auto","background-attachment":"scroll","background-type":"","background-media":"","overlay-type":"","overlay-color":"","overlay-opacity":"","overlay-gradient":""},"mobile":{"background-color":"","background-image":"","background-repeat":"repeat","background-position":"center center","background-size":"auto","background-attachment":"scroll","background-type":"","background-media":"","overlay-type":"","overlay-color":"","overlay-opacity":"","overlay-gradient":""}},"ast-content-background-meta":{"desktop":{"background-color":"var(--ast-global-color-4)","background-image":"","background-repeat":"repeat","background-position":"center center","background-size":"auto","background-attachment":"scroll","background-type":"","background-media":"","overlay-type":"","overlay-color":"","overlay-opacity":"","overlay-gradient":""},"tablet":{"background-color":"var(--ast-global-color-4)","background-image":"","background-repeat":"repeat","background-position":"center center","background-size":"auto","background-attachment":"scroll","background-type":"","background-media":"","overlay-type":"","overlay-color":"","overlay-opacity":"","overlay-gradient":""},"mobile":{"background-color":"var(--ast-global-color-4)","background-image":"","background-repeat":"repeat","background-position":"center center","background-size":"auto","background-attachment":"scroll","background-type":"","background-media":"","overlay-type":"","overlay-color":"","overlay-opacity":"","overlay-gradient":""}}},"product_brand":[],"product_cat":[31,15],"product_tag":[2678,2677,1840,2069,2680,1748,2679,2681],"class_list":{"0":"post-15887","1":"product","2":"type-product","3":"status-publish","4":"has-post-thumbnail","6":"product_cat-grozine-literatura","7":"product_cat-uncategorized","8":"product_tag-amerikos-pilietinis-karas","9":"product_tag-charles-frazier","10":"product_tag-isgyvenimas","11":"product_tag-istorinis-romanas","12":"product_tag-kelione","13":"product_tag-meiles-istorija","14":"product_tag-pabegimas","15":"product_tag-xix-a-jav","16":"desktop-align-left","17":"tablet-align-left","18":"mobile-align-left","20":"first","21":"instock","22":"shipping-taxable","23":"purchasable","24":"product-type-simple"},"acf":[],"yoast_head":"<!-- This site is optimized with the Yoast SEO plugin v27.0 - https:\/\/yoast.com\/product\/yoast-seo-wordpress\/ -->\n<title>\u0160altasis kalnas<\/title>\n<meta name=\"description\" content=\"Neatsitiktinai kiekvienas knygos \u017eodis atrodo kruop\u0161\u010diai parinktas. I\u0161 dalies remdamasis savo paties \u0161eimos istorija, Charlesas Frazieris \u201e\u0160alt\u0105j\u012f kaln\u0105\u201d\" \/>\n<meta name=\"robots\" content=\"index, follow, max-snippet:-1, max-image-preview:large, max-video-preview:-1\" \/>\n<link rel=\"canonical\" href=\"https:\/\/skaitytaknyga.lt\/en\/produktas\/saltasis-kalnas\/\" \/>\n<meta property=\"og:locale\" content=\"en_GB\" \/>\n<meta property=\"og:locale:alternate\" content=\"lt_LT\" \/>\n<meta property=\"og:type\" content=\"article\" \/>\n<meta property=\"og:title\" content=\"\u0160altasis kalnas\" \/>\n<meta property=\"og:description\" content=\"Neatsitiktinai kiekvienas knygos \u017eodis atrodo kruop\u0161\u010diai parinktas. I\u0161 dalies remdamasis savo paties \u0161eimos istorija, Charlesas Frazieris \u201e\u0160alt\u0105j\u012f kaln\u0105\u201d\" \/>\n<meta property=\"og:url\" content=\"https:\/\/skaitytaknyga.lt\/en\/produktas\/saltasis-kalnas\/\" \/>\n<meta property=\"og:site_name\" content=\"Skaitytaknyga\" \/>\n<meta property=\"article:publisher\" content=\"https:\/\/www.facebook.com\/skaitytaknyga\/\" \/>\n<meta property=\"article:modified_time\" content=\"2025-05-15T05:53:18+00:00\" \/>\n<meta property=\"og:image\" content=\"https:\/\/skaitytaknyga.lt\/wp-content\/uploads\/2025\/01\/Saltasis-kalnas.webp\" \/>\n\t<meta property=\"og:image:width\" content=\"484\" \/>\n\t<meta property=\"og:image:height\" content=\"800\" \/>\n\t<meta property=\"og:image:type\" content=\"image\/webp\" \/>\n<meta name=\"twitter:card\" content=\"summary_large_image\" \/>\n<meta name=\"twitter:label1\" content=\"Estimated reading time\" \/>\n\t<meta name=\"twitter:data1\" content=\"2 minutes\" \/>\n<script type=\"application\/ld+json\" class=\"yoast-schema-graph\">{\"@context\":\"https:\/\/schema.org\",\"@graph\":[{\"@type\":\"WebPage\",\"@id\":\"https:\/\/skaitytaknyga.lt\/produktas\/saltasis-kalnas\/\",\"url\":\"https:\/\/skaitytaknyga.lt\/produktas\/saltasis-kalnas\/\",\"name\":\"\u0160altasis kalnas\",\"isPartOf\":{\"@id\":\"https:\/\/skaitytaknyga.lt\/#website\"},\"primaryImageOfPage\":{\"@id\":\"https:\/\/skaitytaknyga.lt\/produktas\/saltasis-kalnas\/#primaryimage\"},\"image\":{\"@id\":\"https:\/\/skaitytaknyga.lt\/produktas\/saltasis-kalnas\/#primaryimage\"},\"thumbnailUrl\":\"https:\/\/skaitytaknyga.lt\/wp-content\/uploads\/2025\/01\/Saltasis-kalnas.webp\",\"datePublished\":\"2025-01-08T16:43:51+00:00\",\"dateModified\":\"2025-05-15T05:53:18+00:00\",\"description\":\"Neatsitiktinai kiekvienas knygos \u017eodis atrodo kruop\u0161\u010diai parinktas. I\u0161 dalies remdamasis savo paties \u0161eimos istorija, Charlesas Frazieris \u201e\u0160alt\u0105j\u012f kaln\u0105\u201d\",\"breadcrumb\":{\"@id\":\"https:\/\/skaitytaknyga.lt\/produktas\/saltasis-kalnas\/#breadcrumb\"},\"inLanguage\":\"en-GB\",\"potentialAction\":[{\"@type\":\"ReadAction\",\"target\":[\"https:\/\/skaitytaknyga.lt\/produktas\/saltasis-kalnas\/\"]}]},{\"@type\":\"ImageObject\",\"inLanguage\":\"en-GB\",\"@id\":\"https:\/\/skaitytaknyga.lt\/produktas\/saltasis-kalnas\/#primaryimage\",\"url\":\"https:\/\/skaitytaknyga.lt\/wp-content\/uploads\/2025\/01\/Saltasis-kalnas.webp\",\"contentUrl\":\"https:\/\/skaitytaknyga.lt\/wp-content\/uploads\/2025\/01\/Saltasis-kalnas.webp\",\"width\":484,\"height\":800,\"caption\":\"\u0160altasis kalnas\"},{\"@type\":\"BreadcrumbList\",\"@id\":\"https:\/\/skaitytaknyga.lt\/produktas\/saltasis-kalnas\/#breadcrumb\",\"itemListElement\":[{\"@type\":\"ListItem\",\"position\":1,\"name\":\"Home\",\"item\":\"https:\/\/skaitytaknyga.lt\/\"},{\"@type\":\"ListItem\",\"position\":2,\"name\":\"Parduotuv\u0117\",\"item\":\"https:\/\/skaitytaknyga.lt\/knygu-parduotuve\/\"},{\"@type\":\"ListItem\",\"position\":3,\"name\":\"\u0160altasis kalnas\"}]},{\"@type\":\"WebSite\",\"@id\":\"https:\/\/skaitytaknyga.lt\/#website\",\"url\":\"https:\/\/skaitytaknyga.lt\/\",\"name\":\"skaitytaknyga.lt\",\"description\":\"Skaitytaknyga.lt \u2013 tai ma\u017eas \u0161eimos verslas, kuris prasid\u0117jo nuo meil\u0117s knygoms ir siekio i\u0161gelb\u0117ti knygas nuo likimo prie konteinerio. Kas vienam nereikalingas daiktas \u2013 kitam lobis, o mes esame tarpininkai, kurie padeda abiems tapti laimingesniems ???? \u017dinome kaip nelengva i\u0161gyventi ma\u017eiems verslams, tad nuo \u0161iol, \u010dia rasite ir kit\u0173, ma\u017e\u0173 \u0161eim\u0173 versl\u0173, rank\u0173 darbo, dovan\u0173 sau ir artimiesiems.\",\"publisher\":{\"@id\":\"https:\/\/skaitytaknyga.lt\/#organization\"},\"potentialAction\":[{\"@type\":\"SearchAction\",\"target\":{\"@type\":\"EntryPoint\",\"urlTemplate\":\"https:\/\/skaitytaknyga.lt\/?s={search_term_string}\"},\"query-input\":{\"@type\":\"PropertyValueSpecification\",\"valueRequired\":true,\"valueName\":\"search_term_string\"}}],\"inLanguage\":\"en-GB\"},{\"@type\":\"Organization\",\"@id\":\"https:\/\/skaitytaknyga.lt\/#organization\",\"name\":\"skaitytaknyga.lt\",\"url\":\"https:\/\/skaitytaknyga.lt\/\",\"logo\":{\"@type\":\"ImageObject\",\"inLanguage\":\"en-GB\",\"@id\":\"https:\/\/skaitytaknyga.lt\/#\/schema\/logo\/image\/\",\"url\":\"https:\/\/skaitytaknyga.lt\/wp-content\/uploads\/2024\/05\/cropped-cropped-cropped-02_00843_jt3bggkj1j3HLc7SyY6rEUpg.jpeg\",\"contentUrl\":\"https:\/\/skaitytaknyga.lt\/wp-content\/uploads\/2024\/05\/cropped-cropped-cropped-02_00843_jt3bggkj1j3HLc7SyY6rEUpg.jpeg\",\"width\":1600,\"height\":1600,\"caption\":\"skaitytaknyga.lt\"},\"image\":{\"@id\":\"https:\/\/skaitytaknyga.lt\/#\/schema\/logo\/image\/\"},\"sameAs\":[\"https:\/\/www.facebook.com\/skaitytaknyga\/\"]}]}<\/script>\n<!-- \/ Yoast SEO plugin. -->","yoast_head_json":{"title":"\u0160altasis kalnas","description":"Neatsitiktinai kiekvienas knygos \u017eodis atrodo kruop\u0161\u010diai parinktas. I\u0161 dalies remdamasis savo paties \u0161eimos istorija, Charlesas Frazieris \u201e\u0160alt\u0105j\u012f kaln\u0105\u201d","robots":{"index":"index","follow":"follow","max-snippet":"max-snippet:-1","max-image-preview":"max-image-preview:large","max-video-preview":"max-video-preview:-1"},"canonical":"https:\/\/skaitytaknyga.lt\/en\/produktas\/saltasis-kalnas\/","og_locale":"en_GB","og_type":"article","og_title":"[:lt]\u0160altasis kalnas[:] - Skaitytaknyga","og_description":"Neatsitiktinai kiekvienas knygos \u017eodis atrodo kruop\u0161\u010diai parinktas. I\u0161 dalies remdamasis savo paties \u0161eimos istorija, Charlesas Frazieris \u201e\u0160alt\u0105j\u012f kaln\u0105\u201d","og_url":"https:\/\/skaitytaknyga.lt\/en\/produktas\/saltasis-kalnas\/","og_site_name":"Skaitytaknyga","article_publisher":"https:\/\/www.facebook.com\/skaitytaknyga\/","article_modified_time":"2025-05-15T05:53:18+00:00","og_image":[{"width":484,"height":800,"url":"https:\/\/skaitytaknyga.lt\/wp-content\/uploads\/2025\/01\/Saltasis-kalnas.webp","type":"image\/webp"}],"twitter_card":"summary_large_image","twitter_misc":{"Estimated reading time":"2 minutes"},"schema":{"@context":"https:\/\/schema.org","@graph":[{"@type":"WebPage","@id":"https:\/\/skaitytaknyga.lt\/produktas\/saltasis-kalnas\/","url":"https:\/\/skaitytaknyga.lt\/produktas\/saltasis-kalnas\/","name":"\u0160altasis kalnas","isPartOf":{"@id":"https:\/\/skaitytaknyga.lt\/#website"},"primaryImageOfPage":{"@id":"https:\/\/skaitytaknyga.lt\/produktas\/saltasis-kalnas\/#primaryimage"},"image":{"@id":"https:\/\/skaitytaknyga.lt\/produktas\/saltasis-kalnas\/#primaryimage"},"thumbnailUrl":"https:\/\/skaitytaknyga.lt\/wp-content\/uploads\/2025\/01\/Saltasis-kalnas.webp","datePublished":"2025-01-08T16:43:51+00:00","dateModified":"2025-05-15T05:53:18+00:00","description":"Neatsitiktinai kiekvienas knygos \u017eodis atrodo kruop\u0161\u010diai parinktas. I\u0161 dalies remdamasis savo paties \u0161eimos istorija, Charlesas Frazieris \u201e\u0160alt\u0105j\u012f kaln\u0105\u201d","breadcrumb":{"@id":"https:\/\/skaitytaknyga.lt\/produktas\/saltasis-kalnas\/#breadcrumb"},"inLanguage":"en-GB","potentialAction":[{"@type":"ReadAction","target":["https:\/\/skaitytaknyga.lt\/produktas\/saltasis-kalnas\/"]}]},{"@type":"ImageObject","inLanguage":"en-GB","@id":"https:\/\/skaitytaknyga.lt\/produktas\/saltasis-kalnas\/#primaryimage","url":"https:\/\/skaitytaknyga.lt\/wp-content\/uploads\/2025\/01\/Saltasis-kalnas.webp","contentUrl":"https:\/\/skaitytaknyga.lt\/wp-content\/uploads\/2025\/01\/Saltasis-kalnas.webp","width":484,"height":800,"caption":"\u0160altasis kalnas"},{"@type":"BreadcrumbList","@id":"https:\/\/skaitytaknyga.lt\/produktas\/saltasis-kalnas\/#breadcrumb","itemListElement":[{"@type":"ListItem","position":1,"name":"Home","item":"https:\/\/skaitytaknyga.lt\/"},{"@type":"ListItem","position":2,"name":"Parduotuv\u0117","item":"https:\/\/skaitytaknyga.lt\/knygu-parduotuve\/"},{"@type":"ListItem","position":3,"name":"\u0160altasis kalnas"}]},{"@type":"WebSite","@id":"https:\/\/skaitytaknyga.lt\/#website","url":"https:\/\/skaitytaknyga.lt\/","name":"skaitytaknyga.lt","description":"Skaitytaknyga.lt \u2013 tai ma\u017eas \u0161eimos verslas, kuris prasid\u0117jo nuo meil\u0117s knygoms ir siekio i\u0161gelb\u0117ti knygas nuo likimo prie konteinerio. Kas vienam nereikalingas daiktas \u2013 kitam lobis, o mes esame tarpininkai, kurie padeda abiems tapti laimingesniems ???? \u017dinome kaip nelengva i\u0161gyventi ma\u017eiems verslams, tad nuo \u0161iol, \u010dia rasite ir kit\u0173, ma\u017e\u0173 \u0161eim\u0173 versl\u0173, rank\u0173 darbo, dovan\u0173 sau ir artimiesiems.","publisher":{"@id":"https:\/\/skaitytaknyga.lt\/#organization"},"potentialAction":[{"@type":"SearchAction","target":{"@type":"EntryPoint","urlTemplate":"https:\/\/skaitytaknyga.lt\/?s={search_term_string}"},"query-input":{"@type":"PropertyValueSpecification","valueRequired":true,"valueName":"search_term_string"}}],"inLanguage":"en-GB"},{"@type":"Organization","@id":"https:\/\/skaitytaknyga.lt\/#organization","name":"skaitytaknyga.lt","url":"https:\/\/skaitytaknyga.lt\/","logo":{"@type":"ImageObject","inLanguage":"en-GB","@id":"https:\/\/skaitytaknyga.lt\/#\/schema\/logo\/image\/","url":"https:\/\/skaitytaknyga.lt\/wp-content\/uploads\/2024\/05\/cropped-cropped-cropped-02_00843_jt3bggkj1j3HLc7SyY6rEUpg.jpeg","contentUrl":"https:\/\/skaitytaknyga.lt\/wp-content\/uploads\/2024\/05\/cropped-cropped-cropped-02_00843_jt3bggkj1j3HLc7SyY6rEUpg.jpeg","width":1600,"height":1600,"caption":"skaitytaknyga.lt"},"image":{"@id":"https:\/\/skaitytaknyga.lt\/#\/schema\/logo\/image\/"},"sameAs":["https:\/\/www.facebook.com\/skaitytaknyga\/"]}]}},"_links":{"self":[{"href":"https:\/\/skaitytaknyga.lt\/en\/wp-json\/wp\/v2\/product\/15887","targetHints":{"allow":["GET"]}}],"collection":[{"href":"https:\/\/skaitytaknyga.lt\/en\/wp-json\/wp\/v2\/product"}],"about":[{"href":"https:\/\/skaitytaknyga.lt\/en\/wp-json\/wp\/v2\/types\/product"}],"replies":[{"embeddable":true,"href":"https:\/\/skaitytaknyga.lt\/en\/wp-json\/wp\/v2\/comments?post=15887"}],"wp:featuredmedia":[{"embeddable":true,"href":"https:\/\/skaitytaknyga.lt\/en\/wp-json\/wp\/v2\/media\/15889"}],"wp:attachment":[{"href":"https:\/\/skaitytaknyga.lt\/en\/wp-json\/wp\/v2\/media?parent=15887"}],"wp:term":[{"taxonomy":"product_brand","embeddable":true,"href":"https:\/\/skaitytaknyga.lt\/en\/wp-json\/wp\/v2\/product_brand?post=15887"},{"taxonomy":"product_cat","embeddable":true,"href":"https:\/\/skaitytaknyga.lt\/en\/wp-json\/wp\/v2\/product_cat?post=15887"},{"taxonomy":"product_tag","embeddable":true,"href":"https:\/\/skaitytaknyga.lt\/en\/wp-json\/wp\/v2\/product_tag?post=15887"}],"curies":[{"name":"wp","href":"https:\/\/api.w.org\/{rel}","templated":true}]}}