{"id":15884,"date":"2025-01-08T18:41:20","date_gmt":"2025-01-08T16:41:20","guid":{"rendered":"https:\/\/skaitytaknyga.lt\/?post_type=product&#038;p=15884"},"modified":"2025-04-29T10:08:30","modified_gmt":"2025-04-29T07:08:30","slug":"musu-ateitis","status":"publish","type":"product","link":"https:\/\/skaitytaknyga.lt\/en\/produktas\/musu-ateitis\/","title":{"rendered":"M\u016bs\u0173 ateitis"},"content":{"rendered":"<p>D\u017eo\u0161as ir Ema nuo vaikyst\u0117s buvo geriausi draugai, bet viskas prad\u0117jo keistis, kai prie\u0161 \u0161e\u0161is m\u0117nesius Ema nesileido D\u017eo\u0161o pabu\u010diuojama. Tarp draug\u0173 \u012fsivyravusi\u0105 \u012ftamp\u0105 nutrauk\u0117 skambutis \u012f Emos nam\u0173 duris. D\u017eo\u0161as atne\u0161\u0117 pa\u0161tu gaut\u0105 nemokam\u0105\u00a0<em>America Online\u00a0<\/em>kompaktin\u012f disk\u0105 ir pasi\u016bl\u0117 instaliuoti program\u0105 jos naujame kompiuteryje. Instaliav\u0119 program\u0105 jie pateko \u012f feisbuk\u0105.<\/p>\n<p>Paskutiniame pra\u0117jusio am\u017eiaus de\u0161imtmetyje dar niekas nebuvo gird\u0117j\u0119s \u0161io \u017eod\u017eio. Dabar bilijonus vartotoj\u0173 turintis socialinis puslapis tada dar buvo nei\u0161rastas. Taigi persona\u017eai pamato save ateityje \u2013 subrendusius ir suk\u016brusius savo gyvenimus.<\/p>\n<p>Tik ar D\u017eo\u0161o ir Emos nenuvils ateitis? Ar i\u0161sipildys j\u0173 svajon\u0117s ir kurti planai?<\/p>\n<p>Kuo ilgiau jie klaid\u017eioja po savo ateities gyvenimus, tuo ai\u0161kiau suvokia, kad visi j\u0173 dabartiniai veiksmai, sprendimai ir siekiai tur\u0117s \u012ftak\u0105 j\u0173 laimei ateityje&#8230;<\/p>\n<ul class=\"about-product d-none d-xl-block mt-4\">\n<li><strong>Originalus pavadinimas:<\/strong>\u00a0The Future of Us<\/li>\n<li><strong>Autorius:<\/strong>\u00a0Jay Asher,\u00a0Carolyn Mackler<\/li>\n<li><strong>Leid\u0117jas:<\/strong>\u00a0Alma littera<\/li>\n<li><strong>Metai:<\/strong>\u00a02015<\/li>\n<li><strong>Puslapiai:<\/strong>\u00a0304<\/li>\n<li class=\"toggleable type-new-formats \"><strong>ISBN:<\/strong>\u00a09786090118092<\/li>\n<li><strong>Versijos kodas:<\/strong>\u00a0PT.<\/li>\n<li class=\"toggleable type-new-formats \"><strong>Formatas:<\/strong>\u00a014,3 x 21,3 x 2,8 cm, kieti vir\u0161eliai<\/li>\n<li><strong>Kalba:<\/strong>\u00a0Lietuvi\u0173<\/li>\n<li><strong>Vert\u0117jas:<\/strong>\u00a0Virginijus \u010cepliejus<\/li>\n<\/ul>\n","protected":false},"excerpt":{"rendered":"<p>Princes\u0117 Gvendolina i\u0161 savo t\u0117\u010dio karaliaus Gustavo gauna ne\u012fprast\u0105 dovan\u0105 \u2013 net 3785 minutes visi\u0161kos laisv\u0117s. Ji tekinom pasileid\u017eia \u012f kaim\u0105. Juk reikia pasir\u016bpinti sveikstan\u010diu arkliuku ir aplankyti geriausi\u0105 draug\u0119 Jet\u0119&#8230; Kaimo sodyboje princes\u0117 mokosi mel\u017eti o\u017ek\u0105, \u0161luoti grindis, skusti bulves. Smagu!<\/p>\n<p>Ta\u010diau nakt\u012f kyla gaisras. Mergai\u010di\u0173 laukia tikras nuotykis \u2013 susitikimas su baisiu ugnies drakonu, kuris padeg\u0117 karali\u0161k\u0105j\u012f mi\u0161k\u0105.<\/p>\n<p>Tai jau antroji knyga apie dr\u0105siausi\u0105 ir sumaniausi\u0105 princes\u0119 \u2013 drakon\u0173 med\u017eiotoj\u0105. Knygoje \u201eKarali\u0161kasis pasirodymas\u201c buvo pasakojama, kaip Gvendolina i\u0161gelb\u0117jo Pon\u012f Pauli\u0173 nuo skerdiko peilio ir atskleid\u0117 nedorus savo tetul\u0117s k\u0117slus.<\/p>\n","protected":false},"featured_media":15885,"comment_status":"closed","ping_status":"closed","template":"","meta":{"_acf_changed":false,"site-sidebar-layout":"default","site-content-layout":"","ast-site-content-layout":"default","site-content-style":"default","site-sidebar-style":"default","ast-global-header-display":"","ast-banner-title-visibility":"","ast-main-header-display":"","ast-hfb-above-header-display":"","ast-hfb-below-header-display":"","ast-hfb-mobile-header-display":"","site-post-title":"","ast-breadcrumbs-content":"","ast-featured-img":"","footer-sml-layout":"","ast-disable-related-posts":"","theme-transparent-header-meta":"default","adv-header-id-meta":"","stick-header-meta":"","header-above-stick-meta":"","header-main-stick-meta":"","header-below-stick-meta":"","astra-migrate-meta-layouts":"set","ast-page-background-enabled":"default","ast-page-background-meta":{"desktop":{"background-color":"","background-image":"","background-repeat":"repeat","background-position":"center center","background-size":"auto","background-attachment":"scroll","background-type":"","background-media":"","overlay-type":"","overlay-color":"","overlay-opacity":"","overlay-gradient":""},"tablet":{"background-color":"","background-image":"","background-repeat":"repeat","background-position":"center center","background-size":"auto","background-attachment":"scroll","background-type":"","background-media":"","overlay-type":"","overlay-color":"","overlay-opacity":"","overlay-gradient":""},"mobile":{"background-color":"","background-image":"","background-repeat":"repeat","background-position":"center center","background-size":"auto","background-attachment":"scroll","background-type":"","background-media":"","overlay-type":"","overlay-color":"","overlay-opacity":"","overlay-gradient":""}},"ast-content-background-meta":{"desktop":{"background-color":"var(--ast-global-color-4)","background-image":"","background-repeat":"repeat","background-position":"center center","background-size":"auto","background-attachment":"scroll","background-type":"","background-media":"","overlay-type":"","overlay-color":"","overlay-opacity":"","overlay-gradient":""},"tablet":{"background-color":"var(--ast-global-color-4)","background-image":"","background-repeat":"repeat","background-position":"center center","background-size":"auto","background-attachment":"scroll","background-type":"","background-media":"","overlay-type":"","overlay-color":"","overlay-opacity":"","overlay-gradient":""},"mobile":{"background-color":"var(--ast-global-color-4)","background-image":"","background-repeat":"repeat","background-position":"center center","background-size":"auto","background-attachment":"scroll","background-type":"","background-media":"","overlay-type":"","overlay-color":"","overlay-opacity":"","overlay-gradient":""}}},"product_brand":[],"product_cat":[35],"product_tag":[],"class_list":{"0":"post-15884","1":"product","2":"type-product","3":"status-publish","4":"has-post-thumbnail","6":"product_cat-vaikams-ir-paaugliams","7":"desktop-align-left","8":"tablet-align-left","9":"mobile-align-left","11":"first","12":"instock","13":"shipping-taxable","14":"purchasable","15":"product-type-simple"},"acf":[],"yoast_head":"<!-- This site is optimized with the Yoast SEO plugin v27.0 - https:\/\/yoast.com\/product\/yoast-seo-wordpress\/ -->\n<title>M\u016bs\u0173 ateitis<\/title>\n<meta name=\"description\" content=\"Princes\u0117 Gvendolina i\u0161 savo t\u0117\u010dio karaliaus Gustavo gauna ne\u012fprast\u0105 dovan\u0105 \u2013 net 3785 minutes visi\u0161kos laisv\u0117s. Ji tekinom pasileid\u017eia \u012f kaim\u0105. Juk reikia pasir\u016bpinti sveikstan\u010diu arkliuku ir aplankyti geriausi\u0105 draug\u0119 Jet\u0119... Kaimo sodyboje princes\u0117 mokosi mel\u017eti o\u017ek\u0105, \u0161luoti grindis, skusti bulves. Smagu!  Ta\u010diau nakt\u012f kyla gaisras. Mergai\u010di\u0173 laukia tikras nuotykis \u2013 susitikimas su baisiu ugnies drakonu, kuris padeg\u0117 karali\u0161k\u0105j\u012f mi\u0161k\u0105.  Tai jau antroji knyga apie dr\u0105siausi\u0105 ir sumaniausi\u0105 princes\u0119 \u2013 drakon\u0173 med\u017eiotoj\u0105. Knygoje \u201eKarali\u0161kasis pasirodymas\u201c buvo pasakojama, kaip Gvendolina i\u0161gelb\u0117jo Pon\u012f Pauli\u0173 nuo skerdiko peilio ir atskleid\u0117 nedorus savo tetul\u0117s k\u0117slus.\" \/>\n<meta name=\"robots\" content=\"index, follow, max-snippet:-1, max-image-preview:large, max-video-preview:-1\" \/>\n<link rel=\"canonical\" href=\"https:\/\/skaitytaknyga.lt\/en\/produktas\/musu-ateitis\/\" \/>\n<meta property=\"og:locale\" content=\"en_GB\" \/>\n<meta property=\"og:locale:alternate\" content=\"lt_LT\" \/>\n<meta property=\"og:type\" content=\"article\" \/>\n<meta property=\"og:title\" content=\"M\u016bs\u0173 ateitis\" \/>\n<meta property=\"og:description\" content=\"Princes\u0117 Gvendolina i\u0161 savo t\u0117\u010dio karaliaus Gustavo gauna ne\u012fprast\u0105 dovan\u0105 \u2013 net 3785 minutes visi\u0161kos laisv\u0117s. Ji tekinom pasileid\u017eia \u012f kaim\u0105. Juk reikia pasir\u016bpinti sveikstan\u010diu arkliuku ir aplankyti geriausi\u0105 draug\u0119 Jet\u0119... Kaimo sodyboje princes\u0117 mokosi mel\u017eti o\u017ek\u0105, \u0161luoti grindis, skusti bulves. Smagu!  Ta\u010diau nakt\u012f kyla gaisras. Mergai\u010di\u0173 laukia tikras nuotykis \u2013 susitikimas su baisiu ugnies drakonu, kuris padeg\u0117 karali\u0161k\u0105j\u012f mi\u0161k\u0105.  Tai jau antroji knyga apie dr\u0105siausi\u0105 ir sumaniausi\u0105 princes\u0119 \u2013 drakon\u0173 med\u017eiotoj\u0105. Knygoje \u201eKarali\u0161kasis pasirodymas\u201c buvo pasakojama, kaip Gvendolina i\u0161gelb\u0117jo Pon\u012f Pauli\u0173 nuo skerdiko peilio ir atskleid\u0117 nedorus savo tetul\u0117s k\u0117slus.\" \/>\n<meta property=\"og:url\" content=\"https:\/\/skaitytaknyga.lt\/en\/produktas\/musu-ateitis\/\" \/>\n<meta property=\"og:site_name\" content=\"Skaitytaknyga\" \/>\n<meta property=\"article:publisher\" content=\"https:\/\/www.facebook.com\/skaitytaknyga\/\" \/>\n<meta property=\"article:modified_time\" content=\"2025-04-29T07:08:30+00:00\" \/>\n<meta property=\"og:image\" content=\"https:\/\/skaitytaknyga.lt\/wp-content\/uploads\/2025\/01\/Musu-ateitis.webp\" \/>\n\t<meta property=\"og:image:width\" content=\"402\" \/>\n\t<meta property=\"og:image:height\" content=\"600\" \/>\n\t<meta property=\"og:image:type\" content=\"image\/webp\" \/>\n<meta name=\"twitter:card\" content=\"summary_large_image\" \/>\n<meta name=\"twitter:label1\" content=\"Estimated reading time\" \/>\n\t<meta name=\"twitter:data1\" content=\"2 minutes\" \/>\n<script type=\"application\/ld+json\" class=\"yoast-schema-graph\">{\"@context\":\"https:\/\/schema.org\",\"@graph\":[{\"@type\":\"WebPage\",\"@id\":\"https:\/\/skaitytaknyga.lt\/produktas\/musu-ateitis\/\",\"url\":\"https:\/\/skaitytaknyga.lt\/produktas\/musu-ateitis\/\",\"name\":\"M\u016bs\u0173 ateitis\",\"isPartOf\":{\"@id\":\"https:\/\/skaitytaknyga.lt\/#website\"},\"primaryImageOfPage\":{\"@id\":\"https:\/\/skaitytaknyga.lt\/produktas\/musu-ateitis\/#primaryimage\"},\"image\":{\"@id\":\"https:\/\/skaitytaknyga.lt\/produktas\/musu-ateitis\/#primaryimage\"},\"thumbnailUrl\":\"https:\/\/skaitytaknyga.lt\/wp-content\/uploads\/2025\/01\/Musu-ateitis.webp\",\"datePublished\":\"2025-01-08T16:41:20+00:00\",\"dateModified\":\"2025-04-29T07:08:30+00:00\",\"description\":\"Princes\u0117 Gvendolina i\u0161 savo t\u0117\u010dio karaliaus Gustavo gauna ne\u012fprast\u0105 dovan\u0105 \u2013 net 3785 minutes visi\u0161kos laisv\u0117s. Ji tekinom pasileid\u017eia \u012f kaim\u0105. Juk reikia pasir\u016bpinti sveikstan\u010diu arkliuku ir aplankyti geriausi\u0105 draug\u0119 Jet\u0119... Kaimo sodyboje princes\u0117 mokosi mel\u017eti o\u017ek\u0105, \u0161luoti grindis, skusti bulves. Smagu! Ta\u010diau nakt\u012f kyla gaisras. Mergai\u010di\u0173 laukia tikras nuotykis \u2013 susitikimas su baisiu ugnies drakonu, kuris padeg\u0117 karali\u0161k\u0105j\u012f mi\u0161k\u0105. Tai jau antroji knyga apie dr\u0105siausi\u0105 ir sumaniausi\u0105 princes\u0119 \u2013 drakon\u0173 med\u017eiotoj\u0105. Knygoje \u201eKarali\u0161kasis pasirodymas\u201c buvo pasakojama, kaip Gvendolina i\u0161gelb\u0117jo Pon\u012f Pauli\u0173 nuo skerdiko peilio ir atskleid\u0117 nedorus savo tetul\u0117s k\u0117slus.\",\"breadcrumb\":{\"@id\":\"https:\/\/skaitytaknyga.lt\/produktas\/musu-ateitis\/#breadcrumb\"},\"inLanguage\":\"en-GB\",\"potentialAction\":[{\"@type\":\"ReadAction\",\"target\":[\"https:\/\/skaitytaknyga.lt\/produktas\/musu-ateitis\/\"]}]},{\"@type\":\"ImageObject\",\"inLanguage\":\"en-GB\",\"@id\":\"https:\/\/skaitytaknyga.lt\/produktas\/musu-ateitis\/#primaryimage\",\"url\":\"https:\/\/skaitytaknyga.lt\/wp-content\/uploads\/2025\/01\/Musu-ateitis.webp\",\"contentUrl\":\"https:\/\/skaitytaknyga.lt\/wp-content\/uploads\/2025\/01\/Musu-ateitis.webp\",\"width\":402,\"height\":600,\"caption\":\"M\u016bs\u0173 ateitis\"},{\"@type\":\"BreadcrumbList\",\"@id\":\"https:\/\/skaitytaknyga.lt\/produktas\/musu-ateitis\/#breadcrumb\",\"itemListElement\":[{\"@type\":\"ListItem\",\"position\":1,\"name\":\"Home\",\"item\":\"https:\/\/skaitytaknyga.lt\/\"},{\"@type\":\"ListItem\",\"position\":2,\"name\":\"Parduotuv\u0117\",\"item\":\"https:\/\/skaitytaknyga.lt\/knygu-parduotuve\/\"},{\"@type\":\"ListItem\",\"position\":3,\"name\":\"M\u016bs\u0173 ateitis\"}]},{\"@type\":\"WebSite\",\"@id\":\"https:\/\/skaitytaknyga.lt\/#website\",\"url\":\"https:\/\/skaitytaknyga.lt\/\",\"name\":\"skaitytaknyga.lt\",\"description\":\"Skaitytaknyga.lt \u2013 tai ma\u017eas \u0161eimos verslas, kuris prasid\u0117jo nuo meil\u0117s knygoms ir siekio i\u0161gelb\u0117ti knygas nuo likimo prie konteinerio. Kas vienam nereikalingas daiktas \u2013 kitam lobis, o mes esame tarpininkai, kurie padeda abiems tapti laimingesniems ???? \u017dinome kaip nelengva i\u0161gyventi ma\u017eiems verslams, tad nuo \u0161iol, \u010dia rasite ir kit\u0173, ma\u017e\u0173 \u0161eim\u0173 versl\u0173, rank\u0173 darbo, dovan\u0173 sau ir artimiesiems.\",\"publisher\":{\"@id\":\"https:\/\/skaitytaknyga.lt\/#organization\"},\"potentialAction\":[{\"@type\":\"SearchAction\",\"target\":{\"@type\":\"EntryPoint\",\"urlTemplate\":\"https:\/\/skaitytaknyga.lt\/?s={search_term_string}\"},\"query-input\":{\"@type\":\"PropertyValueSpecification\",\"valueRequired\":true,\"valueName\":\"search_term_string\"}}],\"inLanguage\":\"en-GB\"},{\"@type\":\"Organization\",\"@id\":\"https:\/\/skaitytaknyga.lt\/#organization\",\"name\":\"skaitytaknyga.lt\",\"url\":\"https:\/\/skaitytaknyga.lt\/\",\"logo\":{\"@type\":\"ImageObject\",\"inLanguage\":\"en-GB\",\"@id\":\"https:\/\/skaitytaknyga.lt\/#\/schema\/logo\/image\/\",\"url\":\"https:\/\/skaitytaknyga.lt\/wp-content\/uploads\/2024\/05\/cropped-cropped-cropped-02_00843_jt3bggkj1j3HLc7SyY6rEUpg.jpeg\",\"contentUrl\":\"https:\/\/skaitytaknyga.lt\/wp-content\/uploads\/2024\/05\/cropped-cropped-cropped-02_00843_jt3bggkj1j3HLc7SyY6rEUpg.jpeg\",\"width\":1600,\"height\":1600,\"caption\":\"skaitytaknyga.lt\"},\"image\":{\"@id\":\"https:\/\/skaitytaknyga.lt\/#\/schema\/logo\/image\/\"},\"sameAs\":[\"https:\/\/www.facebook.com\/skaitytaknyga\/\"]}]}<\/script>\n<!-- \/ Yoast SEO plugin. -->","yoast_head_json":{"title":"M\u016bs\u0173 ateitis","description":"Princes\u0117 Gvendolina i\u0161 savo t\u0117\u010dio karaliaus Gustavo gauna ne\u012fprast\u0105 dovan\u0105 \u2013 net 3785 minutes visi\u0161kos laisv\u0117s. Ji tekinom pasileid\u017eia \u012f kaim\u0105. Juk reikia pasir\u016bpinti sveikstan\u010diu arkliuku ir aplankyti geriausi\u0105 draug\u0119 Jet\u0119... Kaimo sodyboje princes\u0117 mokosi mel\u017eti o\u017ek\u0105, \u0161luoti grindis, skusti bulves. Smagu!  Ta\u010diau nakt\u012f kyla gaisras. Mergai\u010di\u0173 laukia tikras nuotykis \u2013 susitikimas su baisiu ugnies drakonu, kuris padeg\u0117 karali\u0161k\u0105j\u012f mi\u0161k\u0105.  Tai jau antroji knyga apie dr\u0105siausi\u0105 ir sumaniausi\u0105 princes\u0119 \u2013 drakon\u0173 med\u017eiotoj\u0105. Knygoje \u201eKarali\u0161kasis pasirodymas\u201c buvo pasakojama, kaip Gvendolina i\u0161gelb\u0117jo Pon\u012f Pauli\u0173 nuo skerdiko peilio ir atskleid\u0117 nedorus savo tetul\u0117s k\u0117slus.","robots":{"index":"index","follow":"follow","max-snippet":"max-snippet:-1","max-image-preview":"max-image-preview:large","max-video-preview":"max-video-preview:-1"},"canonical":"https:\/\/skaitytaknyga.lt\/en\/produktas\/musu-ateitis\/","og_locale":"en_GB","og_type":"article","og_title":"[:lt]M\u016bs\u0173 ateitis[:] - Skaitytaknyga","og_description":"Princes\u0117 Gvendolina i\u0161 savo t\u0117\u010dio karaliaus Gustavo gauna ne\u012fprast\u0105 dovan\u0105 \u2013 net 3785 minutes visi\u0161kos laisv\u0117s. Ji tekinom pasileid\u017eia \u012f kaim\u0105. Juk reikia pasir\u016bpinti sveikstan\u010diu arkliuku ir aplankyti geriausi\u0105 draug\u0119 Jet\u0119... Kaimo sodyboje princes\u0117 mokosi mel\u017eti o\u017ek\u0105, \u0161luoti grindis, skusti bulves. Smagu!  Ta\u010diau nakt\u012f kyla gaisras. Mergai\u010di\u0173 laukia tikras nuotykis \u2013 susitikimas su baisiu ugnies drakonu, kuris padeg\u0117 karali\u0161k\u0105j\u012f mi\u0161k\u0105.  Tai jau antroji knyga apie dr\u0105siausi\u0105 ir sumaniausi\u0105 princes\u0119 \u2013 drakon\u0173 med\u017eiotoj\u0105. Knygoje \u201eKarali\u0161kasis pasirodymas\u201c buvo pasakojama, kaip Gvendolina i\u0161gelb\u0117jo Pon\u012f Pauli\u0173 nuo skerdiko peilio ir atskleid\u0117 nedorus savo tetul\u0117s k\u0117slus.","og_url":"https:\/\/skaitytaknyga.lt\/en\/produktas\/musu-ateitis\/","og_site_name":"Skaitytaknyga","article_publisher":"https:\/\/www.facebook.com\/skaitytaknyga\/","article_modified_time":"2025-04-29T07:08:30+00:00","og_image":[{"width":402,"height":600,"url":"https:\/\/skaitytaknyga.lt\/wp-content\/uploads\/2025\/01\/Musu-ateitis.webp","type":"image\/webp"}],"twitter_card":"summary_large_image","twitter_misc":{"Estimated reading time":"2 minutes"},"schema":{"@context":"https:\/\/schema.org","@graph":[{"@type":"WebPage","@id":"https:\/\/skaitytaknyga.lt\/produktas\/musu-ateitis\/","url":"https:\/\/skaitytaknyga.lt\/produktas\/musu-ateitis\/","name":"M\u016bs\u0173 ateitis","isPartOf":{"@id":"https:\/\/skaitytaknyga.lt\/#website"},"primaryImageOfPage":{"@id":"https:\/\/skaitytaknyga.lt\/produktas\/musu-ateitis\/#primaryimage"},"image":{"@id":"https:\/\/skaitytaknyga.lt\/produktas\/musu-ateitis\/#primaryimage"},"thumbnailUrl":"https:\/\/skaitytaknyga.lt\/wp-content\/uploads\/2025\/01\/Musu-ateitis.webp","datePublished":"2025-01-08T16:41:20+00:00","dateModified":"2025-04-29T07:08:30+00:00","description":"Princes\u0117 Gvendolina i\u0161 savo t\u0117\u010dio karaliaus Gustavo gauna ne\u012fprast\u0105 dovan\u0105 \u2013 net 3785 minutes visi\u0161kos laisv\u0117s. Ji tekinom pasileid\u017eia \u012f kaim\u0105. Juk reikia pasir\u016bpinti sveikstan\u010diu arkliuku ir aplankyti geriausi\u0105 draug\u0119 Jet\u0119... Kaimo sodyboje princes\u0117 mokosi mel\u017eti o\u017ek\u0105, \u0161luoti grindis, skusti bulves. Smagu! Ta\u010diau nakt\u012f kyla gaisras. Mergai\u010di\u0173 laukia tikras nuotykis \u2013 susitikimas su baisiu ugnies drakonu, kuris padeg\u0117 karali\u0161k\u0105j\u012f mi\u0161k\u0105. Tai jau antroji knyga apie dr\u0105siausi\u0105 ir sumaniausi\u0105 princes\u0119 \u2013 drakon\u0173 med\u017eiotoj\u0105. Knygoje \u201eKarali\u0161kasis pasirodymas\u201c buvo pasakojama, kaip Gvendolina i\u0161gelb\u0117jo Pon\u012f Pauli\u0173 nuo skerdiko peilio ir atskleid\u0117 nedorus savo tetul\u0117s k\u0117slus.","breadcrumb":{"@id":"https:\/\/skaitytaknyga.lt\/produktas\/musu-ateitis\/#breadcrumb"},"inLanguage":"en-GB","potentialAction":[{"@type":"ReadAction","target":["https:\/\/skaitytaknyga.lt\/produktas\/musu-ateitis\/"]}]},{"@type":"ImageObject","inLanguage":"en-GB","@id":"https:\/\/skaitytaknyga.lt\/produktas\/musu-ateitis\/#primaryimage","url":"https:\/\/skaitytaknyga.lt\/wp-content\/uploads\/2025\/01\/Musu-ateitis.webp","contentUrl":"https:\/\/skaitytaknyga.lt\/wp-content\/uploads\/2025\/01\/Musu-ateitis.webp","width":402,"height":600,"caption":"M\u016bs\u0173 ateitis"},{"@type":"BreadcrumbList","@id":"https:\/\/skaitytaknyga.lt\/produktas\/musu-ateitis\/#breadcrumb","itemListElement":[{"@type":"ListItem","position":1,"name":"Home","item":"https:\/\/skaitytaknyga.lt\/"},{"@type":"ListItem","position":2,"name":"Parduotuv\u0117","item":"https:\/\/skaitytaknyga.lt\/knygu-parduotuve\/"},{"@type":"ListItem","position":3,"name":"M\u016bs\u0173 ateitis"}]},{"@type":"WebSite","@id":"https:\/\/skaitytaknyga.lt\/#website","url":"https:\/\/skaitytaknyga.lt\/","name":"skaitytaknyga.lt","description":"Skaitytaknyga.lt \u2013 tai ma\u017eas \u0161eimos verslas, kuris prasid\u0117jo nuo meil\u0117s knygoms ir siekio i\u0161gelb\u0117ti knygas nuo likimo prie konteinerio. Kas vienam nereikalingas daiktas \u2013 kitam lobis, o mes esame tarpininkai, kurie padeda abiems tapti laimingesniems ???? \u017dinome kaip nelengva i\u0161gyventi ma\u017eiems verslams, tad nuo \u0161iol, \u010dia rasite ir kit\u0173, ma\u017e\u0173 \u0161eim\u0173 versl\u0173, rank\u0173 darbo, dovan\u0173 sau ir artimiesiems.","publisher":{"@id":"https:\/\/skaitytaknyga.lt\/#organization"},"potentialAction":[{"@type":"SearchAction","target":{"@type":"EntryPoint","urlTemplate":"https:\/\/skaitytaknyga.lt\/?s={search_term_string}"},"query-input":{"@type":"PropertyValueSpecification","valueRequired":true,"valueName":"search_term_string"}}],"inLanguage":"en-GB"},{"@type":"Organization","@id":"https:\/\/skaitytaknyga.lt\/#organization","name":"skaitytaknyga.lt","url":"https:\/\/skaitytaknyga.lt\/","logo":{"@type":"ImageObject","inLanguage":"en-GB","@id":"https:\/\/skaitytaknyga.lt\/#\/schema\/logo\/image\/","url":"https:\/\/skaitytaknyga.lt\/wp-content\/uploads\/2024\/05\/cropped-cropped-cropped-02_00843_jt3bggkj1j3HLc7SyY6rEUpg.jpeg","contentUrl":"https:\/\/skaitytaknyga.lt\/wp-content\/uploads\/2024\/05\/cropped-cropped-cropped-02_00843_jt3bggkj1j3HLc7SyY6rEUpg.jpeg","width":1600,"height":1600,"caption":"skaitytaknyga.lt"},"image":{"@id":"https:\/\/skaitytaknyga.lt\/#\/schema\/logo\/image\/"},"sameAs":["https:\/\/www.facebook.com\/skaitytaknyga\/"]}]}},"_links":{"self":[{"href":"https:\/\/skaitytaknyga.lt\/en\/wp-json\/wp\/v2\/product\/15884","targetHints":{"allow":["GET"]}}],"collection":[{"href":"https:\/\/skaitytaknyga.lt\/en\/wp-json\/wp\/v2\/product"}],"about":[{"href":"https:\/\/skaitytaknyga.lt\/en\/wp-json\/wp\/v2\/types\/product"}],"replies":[{"embeddable":true,"href":"https:\/\/skaitytaknyga.lt\/en\/wp-json\/wp\/v2\/comments?post=15884"}],"wp:featuredmedia":[{"embeddable":true,"href":"https:\/\/skaitytaknyga.lt\/en\/wp-json\/wp\/v2\/media\/15885"}],"wp:attachment":[{"href":"https:\/\/skaitytaknyga.lt\/en\/wp-json\/wp\/v2\/media?parent=15884"}],"wp:term":[{"taxonomy":"product_brand","embeddable":true,"href":"https:\/\/skaitytaknyga.lt\/en\/wp-json\/wp\/v2\/product_brand?post=15884"},{"taxonomy":"product_cat","embeddable":true,"href":"https:\/\/skaitytaknyga.lt\/en\/wp-json\/wp\/v2\/product_cat?post=15884"},{"taxonomy":"product_tag","embeddable":true,"href":"https:\/\/skaitytaknyga.lt\/en\/wp-json\/wp\/v2\/product_tag?post=15884"}],"curies":[{"name":"wp","href":"https:\/\/api.w.org\/{rel}","templated":true}]}}