{"id":15879,"date":"2025-01-08T18:24:41","date_gmt":"2025-01-08T16:24:41","guid":{"rendered":"https:\/\/skaitytaknyga.lt\/?post_type=product&#038;p=15879"},"modified":"2026-03-05T13:24:23","modified_gmt":"2026-03-05T11:24:23","slug":"ju-pedsakais","status":"publish","type":"product","link":"https:\/\/skaitytaknyga.lt\/en\/produktas\/ju-pedsakais\/","title":{"rendered":"J\u0173 p\u0117dsakais"},"content":{"rendered":"<p>Dviej\u0173 knyg\u0173 serija \u201eTavistokai: slapta&#8221;. Pirma knyga.<\/p>\n<p><em>Tiesa gali b\u016bti labai pavojinga. Ta\u010diau teisingumo Tavistokai siekia bet kokia kaina<\/em><\/p>\n<p>Beril\u0117 Tavistok vis\u0105 gyvenim\u0105 gird\u0117jo aplinkinius \u0161nab\u017edantis apie m\u012fsling\u0105 savo t\u0117v\u0173 mirt\u012f. Ji ima u\u017edavin\u0117ti klausimus, atsakymai \u012f kuriuos gali pra\u017eudyti.<\/p>\n<p>Ant kuln\u0173 lipantis persekiotojas, nematomo \u0161aulio paleistos kulkos, niokojantys sprogimai rodo viena: ka\u017ekas pasiry\u017e\u0119s \u017e\u016btb\u016bt i\u0161saugoti paslapt\u012f. Vienintel\u0117 Beril\u0117s viltis \u2013 buv\u0119s agentas Ri\u010dardas Vulfas. Nors ji beveik nieko ne\u017eino apie \u0161\u012f vyr\u0105, negali atsispirti beproti\u0161kai traukai. Ta\u010diau pasaulyje, kuriame kasdien tenka vaik\u0161\u010dioti lyg peilio a\u0161menimis, pasitik\u0117ti kuo nors rizikinga. \u010cia draugai tampa prie\u0161ais, o prie\u0161ai \u2013 \u017eudo.<\/p>\n<ul class=\"about-product d-none d-xl-block mt-4\">\n<li><strong>Originalus pavadinimas:<\/strong>\u00a0In Their Footsteps<\/li>\n<li><strong>Autorius:<\/strong>\u00a0Tess Gerritsen<\/li>\n<li><strong>Leid\u0117jas:<\/strong>\u00a0<a href=\"https:\/\/www.knygos.lt\/lt\/knygos\/leidejas\/svajoniu-knygos-\/\">Svajoni\u0173 knygos<\/a><\/li>\n<li><strong>Metai:<\/strong>\u00a02021<\/li>\n<li><strong>Puslapiai:<\/strong>\u00a0320<\/li>\n<li class=\"toggleable type-new-formats \"><strong>ISBN:<\/strong>\u00a09786090307205<\/li>\n<li><strong>Versijos kodas:<\/strong>\u00a0PT.<\/li>\n<li class=\"toggleable type-new-formats \"><strong>Formatas:<\/strong>\u00a012,5 x 18,5 x 1,9 cm, mink\u0161ti vir\u0161eliai<\/li>\n<li><strong>Kalba:<\/strong>\u00a0Lietuvi\u0173<\/li>\n<li><strong>Vert\u0117jas:<\/strong>\u00a0Ieva Albertavi\u010dien\u0117<\/li>\n<\/ul>\n","protected":false},"excerpt":{"rendered":"<p>Dviej\u0173 knyg\u0173 serija \u201eTavistokai: slapta&#8221;. Pirma knyga. Tiesa gali b\u016bti labai pavojinga. Ta\u010diau teisingumo Tavistokai siekia bet kokia kaina Beril\u0117 Tavistok vis\u0105 gyvenim\u0105 gird\u0117jo aplinkinius \u0161nab\u017edantis apie m\u012fsling\u0105 savo t\u0117v\u0173 mirt\u012f. Ji ima u\u017edavin\u0117ti klausimus, atsakymai \u012f kuriuos gali pra\u017eudyti. Ant kuln\u0173 lipantis persekiotojas, nematomo \u0161aulio paleistos kulkos, niokojantys sprogimai rodo viena: ka\u017ekas pasiry\u017e\u0119s \u017e\u016btb\u016bt i\u0161saugoti paslapt\u012f. Vienintel\u0117 Beril\u0117s viltis \u2013 buv\u0119s agentas Ri\u010dardas Vulfas. Nors ji beveik nieko ne\u017eino apie \u0161\u012f vyr\u0105, negali atsispirti beproti\u0161kai traukai. Ta\u010diau pasaulyje, kuriame kasdien tenka vaik\u0161\u010dioti lyg peilio a\u0161menimis, pasitik\u0117ti kuo nors rizikinga. \u010cia draugai tampa prie\u0161ais, o prie\u0161ai \u2013 \u017eudo. Originalus pavadinimas:\u00a0In Their Footsteps Autorius:\u00a0Tess Gerritsen Leid\u0117jas:\u00a0Svajoni\u0173 knygos Metai:\u00a02021 Puslapiai:\u00a0320 ISBN:\u00a09786090307205 Versijos kodas:\u00a0PT. Formatas:\u00a012,5 x 18,5 x 1,9 cm, mink\u0161ti vir\u0161eliai Kalba:\u00a0Lietuvi\u0173 Vert\u0117jas:\u00a0Ieva Albertavi\u010dien\u0117<\/p>\n","protected":false},"featured_media":15880,"comment_status":"open","ping_status":"closed","template":"","meta":{"_acf_changed":false,"site-sidebar-layout":"default","site-content-layout":"","ast-site-content-layout":"default","site-content-style":"default","site-sidebar-style":"default","ast-global-header-display":"","ast-banner-title-visibility":"","ast-main-header-display":"","ast-hfb-above-header-display":"","ast-hfb-below-header-display":"","ast-hfb-mobile-header-display":"","site-post-title":"","ast-breadcrumbs-content":"","ast-featured-img":"","footer-sml-layout":"","ast-disable-related-posts":"","theme-transparent-header-meta":"default","adv-header-id-meta":"","stick-header-meta":"","header-above-stick-meta":"","header-main-stick-meta":"","header-below-stick-meta":"","astra-migrate-meta-layouts":"set","ast-page-background-enabled":"default","ast-page-background-meta":{"desktop":{"background-color":"","background-image":"","background-repeat":"repeat","background-position":"center center","background-size":"auto","background-attachment":"scroll","background-type":"","background-media":"","overlay-type":"","overlay-color":"","overlay-opacity":"","overlay-gradient":""},"tablet":{"background-color":"","background-image":"","background-repeat":"repeat","background-position":"center center","background-size":"auto","background-attachment":"scroll","background-type":"","background-media":"","overlay-type":"","overlay-color":"","overlay-opacity":"","overlay-gradient":""},"mobile":{"background-color":"","background-image":"","background-repeat":"repeat","background-position":"center center","background-size":"auto","background-attachment":"scroll","background-type":"","background-media":"","overlay-type":"","overlay-color":"","overlay-opacity":"","overlay-gradient":""}},"ast-content-background-meta":{"desktop":{"background-color":"var(--ast-global-color-4)","background-image":"","background-repeat":"repeat","background-position":"center center","background-size":"auto","background-attachment":"scroll","background-type":"","background-media":"","overlay-type":"","overlay-color":"","overlay-opacity":"","overlay-gradient":""},"tablet":{"background-color":"var(--ast-global-color-4)","background-image":"","background-repeat":"repeat","background-position":"center center","background-size":"auto","background-attachment":"scroll","background-type":"","background-media":"","overlay-type":"","overlay-color":"","overlay-opacity":"","overlay-gradient":""},"mobile":{"background-color":"var(--ast-global-color-4)","background-image":"","background-repeat":"repeat","background-position":"center center","background-size":"auto","background-attachment":"scroll","background-type":"","background-media":"","overlay-type":"","overlay-color":"","overlay-opacity":"","overlay-gradient":""}}},"product_brand":[],"product_cat":[9581],"product_tag":[],"class_list":{"0":"post-15879","1":"product","2":"type-product","3":"status-publish","4":"has-post-thumbnail","6":"product_cat-kriminaliniai-romanai","7":"desktop-align-left","8":"tablet-align-left","9":"mobile-align-left","11":"first","12":"outofstock","13":"shipping-taxable","14":"purchasable","15":"product-type-simple"},"acf":[],"yoast_head":"<!-- This site is optimized with the Yoast SEO plugin v27.0 - https:\/\/yoast.com\/product\/yoast-seo-wordpress\/ -->\n<title>J\u0173 p\u0117dsakais<\/title>\n<meta name=\"description\" content=\"Dviej\u0173 knyg\u0173 serija \u201eTavistokai: slapta&quot;. Pirma knyga. Tiesa gali b\u016bti labai pavojinga. Ta\u010diau teisingumo Tavistokai siekia bet kokia kaina Beril\u0117\" \/>\n<meta name=\"robots\" content=\"index, follow, max-snippet:-1, max-image-preview:large, max-video-preview:-1\" \/>\n<link rel=\"canonical\" href=\"https:\/\/skaitytaknyga.lt\/en\/produktas\/ju-pedsakais\/\" \/>\n<meta property=\"og:locale\" content=\"en_GB\" \/>\n<meta property=\"og:locale:alternate\" content=\"lt_LT\" \/>\n<meta property=\"og:type\" content=\"article\" \/>\n<meta property=\"og:title\" content=\"J\u0173 p\u0117dsakais\" \/>\n<meta property=\"og:description\" content=\"Dviej\u0173 knyg\u0173 serija \u201eTavistokai: slapta&quot;. Pirma knyga. Tiesa gali b\u016bti labai pavojinga. Ta\u010diau teisingumo Tavistokai siekia bet kokia kaina Beril\u0117\" \/>\n<meta property=\"og:url\" content=\"https:\/\/skaitytaknyga.lt\/en\/produktas\/ju-pedsakais\/\" \/>\n<meta property=\"og:site_name\" content=\"Skaitytaknyga\" \/>\n<meta property=\"article:publisher\" content=\"https:\/\/www.facebook.com\/skaitytaknyga\/\" \/>\n<meta property=\"article:modified_time\" content=\"2026-03-05T11:24:23+00:00\" \/>\n<meta property=\"og:image\" content=\"https:\/\/skaitytaknyga.lt\/wp-content\/uploads\/2025\/01\/Ju-pedsakais.webp\" \/>\n\t<meta property=\"og:image:width\" content=\"560\" \/>\n\t<meta property=\"og:image:height\" content=\"800\" \/>\n\t<meta property=\"og:image:type\" content=\"image\/webp\" \/>\n<meta name=\"twitter:card\" content=\"summary_large_image\" \/>\n<meta name=\"twitter:label1\" content=\"Estimated reading time\" \/>\n\t<meta name=\"twitter:data1\" content=\"1 minute\" \/>\n<script type=\"application\/ld+json\" class=\"yoast-schema-graph\">{\"@context\":\"https:\/\/schema.org\",\"@graph\":[{\"@type\":\"WebPage\",\"@id\":\"https:\/\/skaitytaknyga.lt\/produktas\/ju-pedsakais\/\",\"url\":\"https:\/\/skaitytaknyga.lt\/produktas\/ju-pedsakais\/\",\"name\":\"J\u0173 p\u0117dsakais\",\"isPartOf\":{\"@id\":\"https:\/\/skaitytaknyga.lt\/#website\"},\"primaryImageOfPage\":{\"@id\":\"https:\/\/skaitytaknyga.lt\/produktas\/ju-pedsakais\/#primaryimage\"},\"image\":{\"@id\":\"https:\/\/skaitytaknyga.lt\/produktas\/ju-pedsakais\/#primaryimage\"},\"thumbnailUrl\":\"https:\/\/skaitytaknyga.lt\/wp-content\/uploads\/2025\/01\/Ju-pedsakais.webp\",\"datePublished\":\"2025-01-08T16:24:41+00:00\",\"dateModified\":\"2026-03-05T11:24:23+00:00\",\"description\":\"Dviej\u0173 knyg\u0173 serija \u201eTavistokai: slapta\\\". Pirma knyga. Tiesa gali b\u016bti labai pavojinga. Ta\u010diau teisingumo Tavistokai siekia bet kokia kaina Beril\u0117\",\"breadcrumb\":{\"@id\":\"https:\/\/skaitytaknyga.lt\/produktas\/ju-pedsakais\/#breadcrumb\"},\"inLanguage\":\"en-GB\",\"potentialAction\":[{\"@type\":\"ReadAction\",\"target\":[\"https:\/\/skaitytaknyga.lt\/produktas\/ju-pedsakais\/\"]}]},{\"@type\":\"ImageObject\",\"inLanguage\":\"en-GB\",\"@id\":\"https:\/\/skaitytaknyga.lt\/produktas\/ju-pedsakais\/#primaryimage\",\"url\":\"https:\/\/skaitytaknyga.lt\/wp-content\/uploads\/2025\/01\/Ju-pedsakais.webp\",\"contentUrl\":\"https:\/\/skaitytaknyga.lt\/wp-content\/uploads\/2025\/01\/Ju-pedsakais.webp\",\"width\":560,\"height\":800,\"caption\":\"J\u0173 p\u0117dsakais\"},{\"@type\":\"BreadcrumbList\",\"@id\":\"https:\/\/skaitytaknyga.lt\/produktas\/ju-pedsakais\/#breadcrumb\",\"itemListElement\":[{\"@type\":\"ListItem\",\"position\":1,\"name\":\"Home\",\"item\":\"https:\/\/skaitytaknyga.lt\/\"},{\"@type\":\"ListItem\",\"position\":2,\"name\":\"Parduotuv\u0117\",\"item\":\"https:\/\/skaitytaknyga.lt\/knygu-parduotuve\/\"},{\"@type\":\"ListItem\",\"position\":3,\"name\":\"J\u0173 p\u0117dsakais\"}]},{\"@type\":\"WebSite\",\"@id\":\"https:\/\/skaitytaknyga.lt\/#website\",\"url\":\"https:\/\/skaitytaknyga.lt\/\",\"name\":\"skaitytaknyga.lt\",\"description\":\"Skaitytaknyga.lt \u2013 tai ma\u017eas \u0161eimos verslas, kuris prasid\u0117jo nuo meil\u0117s knygoms ir siekio i\u0161gelb\u0117ti knygas nuo likimo prie konteinerio. Kas vienam nereikalingas daiktas \u2013 kitam lobis, o mes esame tarpininkai, kurie padeda abiems tapti laimingesniems ???? \u017dinome kaip nelengva i\u0161gyventi ma\u017eiems verslams, tad nuo \u0161iol, \u010dia rasite ir kit\u0173, ma\u017e\u0173 \u0161eim\u0173 versl\u0173, rank\u0173 darbo, dovan\u0173 sau ir artimiesiems.\",\"publisher\":{\"@id\":\"https:\/\/skaitytaknyga.lt\/#organization\"},\"potentialAction\":[{\"@type\":\"SearchAction\",\"target\":{\"@type\":\"EntryPoint\",\"urlTemplate\":\"https:\/\/skaitytaknyga.lt\/?s={search_term_string}\"},\"query-input\":{\"@type\":\"PropertyValueSpecification\",\"valueRequired\":true,\"valueName\":\"search_term_string\"}}],\"inLanguage\":\"en-GB\"},{\"@type\":\"Organization\",\"@id\":\"https:\/\/skaitytaknyga.lt\/#organization\",\"name\":\"skaitytaknyga.lt\",\"url\":\"https:\/\/skaitytaknyga.lt\/\",\"logo\":{\"@type\":\"ImageObject\",\"inLanguage\":\"en-GB\",\"@id\":\"https:\/\/skaitytaknyga.lt\/#\/schema\/logo\/image\/\",\"url\":\"https:\/\/skaitytaknyga.lt\/wp-content\/uploads\/2024\/05\/cropped-cropped-cropped-02_00843_jt3bggkj1j3HLc7SyY6rEUpg.jpeg\",\"contentUrl\":\"https:\/\/skaitytaknyga.lt\/wp-content\/uploads\/2024\/05\/cropped-cropped-cropped-02_00843_jt3bggkj1j3HLc7SyY6rEUpg.jpeg\",\"width\":1600,\"height\":1600,\"caption\":\"skaitytaknyga.lt\"},\"image\":{\"@id\":\"https:\/\/skaitytaknyga.lt\/#\/schema\/logo\/image\/\"},\"sameAs\":[\"https:\/\/www.facebook.com\/skaitytaknyga\/\"]}]}<\/script>\n<!-- \/ Yoast SEO plugin. -->","yoast_head_json":{"title":"J\u0173 p\u0117dsakais","description":"Dviej\u0173 knyg\u0173 serija \u201eTavistokai: slapta\". Pirma knyga. Tiesa gali b\u016bti labai pavojinga. Ta\u010diau teisingumo Tavistokai siekia bet kokia kaina Beril\u0117","robots":{"index":"index","follow":"follow","max-snippet":"max-snippet:-1","max-image-preview":"max-image-preview:large","max-video-preview":"max-video-preview:-1"},"canonical":"https:\/\/skaitytaknyga.lt\/en\/produktas\/ju-pedsakais\/","og_locale":"en_GB","og_type":"article","og_title":"[:lt]J\u0173 p\u0117dsakais[:] - Skaitytaknyga","og_description":"Dviej\u0173 knyg\u0173 serija \u201eTavistokai: slapta\". Pirma knyga. Tiesa gali b\u016bti labai pavojinga. Ta\u010diau teisingumo Tavistokai siekia bet kokia kaina Beril\u0117","og_url":"https:\/\/skaitytaknyga.lt\/en\/produktas\/ju-pedsakais\/","og_site_name":"Skaitytaknyga","article_publisher":"https:\/\/www.facebook.com\/skaitytaknyga\/","article_modified_time":"2026-03-05T11:24:23+00:00","og_image":[{"width":560,"height":800,"url":"https:\/\/skaitytaknyga.lt\/wp-content\/uploads\/2025\/01\/Ju-pedsakais.webp","type":"image\/webp"}],"twitter_card":"summary_large_image","twitter_misc":{"Estimated reading time":"1 minute"},"schema":{"@context":"https:\/\/schema.org","@graph":[{"@type":"WebPage","@id":"https:\/\/skaitytaknyga.lt\/produktas\/ju-pedsakais\/","url":"https:\/\/skaitytaknyga.lt\/produktas\/ju-pedsakais\/","name":"J\u0173 p\u0117dsakais","isPartOf":{"@id":"https:\/\/skaitytaknyga.lt\/#website"},"primaryImageOfPage":{"@id":"https:\/\/skaitytaknyga.lt\/produktas\/ju-pedsakais\/#primaryimage"},"image":{"@id":"https:\/\/skaitytaknyga.lt\/produktas\/ju-pedsakais\/#primaryimage"},"thumbnailUrl":"https:\/\/skaitytaknyga.lt\/wp-content\/uploads\/2025\/01\/Ju-pedsakais.webp","datePublished":"2025-01-08T16:24:41+00:00","dateModified":"2026-03-05T11:24:23+00:00","description":"Dviej\u0173 knyg\u0173 serija \u201eTavistokai: slapta\". Pirma knyga. Tiesa gali b\u016bti labai pavojinga. Ta\u010diau teisingumo Tavistokai siekia bet kokia kaina Beril\u0117","breadcrumb":{"@id":"https:\/\/skaitytaknyga.lt\/produktas\/ju-pedsakais\/#breadcrumb"},"inLanguage":"en-GB","potentialAction":[{"@type":"ReadAction","target":["https:\/\/skaitytaknyga.lt\/produktas\/ju-pedsakais\/"]}]},{"@type":"ImageObject","inLanguage":"en-GB","@id":"https:\/\/skaitytaknyga.lt\/produktas\/ju-pedsakais\/#primaryimage","url":"https:\/\/skaitytaknyga.lt\/wp-content\/uploads\/2025\/01\/Ju-pedsakais.webp","contentUrl":"https:\/\/skaitytaknyga.lt\/wp-content\/uploads\/2025\/01\/Ju-pedsakais.webp","width":560,"height":800,"caption":"J\u0173 p\u0117dsakais"},{"@type":"BreadcrumbList","@id":"https:\/\/skaitytaknyga.lt\/produktas\/ju-pedsakais\/#breadcrumb","itemListElement":[{"@type":"ListItem","position":1,"name":"Home","item":"https:\/\/skaitytaknyga.lt\/"},{"@type":"ListItem","position":2,"name":"Parduotuv\u0117","item":"https:\/\/skaitytaknyga.lt\/knygu-parduotuve\/"},{"@type":"ListItem","position":3,"name":"J\u0173 p\u0117dsakais"}]},{"@type":"WebSite","@id":"https:\/\/skaitytaknyga.lt\/#website","url":"https:\/\/skaitytaknyga.lt\/","name":"skaitytaknyga.lt","description":"Skaitytaknyga.lt \u2013 tai ma\u017eas \u0161eimos verslas, kuris prasid\u0117jo nuo meil\u0117s knygoms ir siekio i\u0161gelb\u0117ti knygas nuo likimo prie konteinerio. Kas vienam nereikalingas daiktas \u2013 kitam lobis, o mes esame tarpininkai, kurie padeda abiems tapti laimingesniems ???? \u017dinome kaip nelengva i\u0161gyventi ma\u017eiems verslams, tad nuo \u0161iol, \u010dia rasite ir kit\u0173, ma\u017e\u0173 \u0161eim\u0173 versl\u0173, rank\u0173 darbo, dovan\u0173 sau ir artimiesiems.","publisher":{"@id":"https:\/\/skaitytaknyga.lt\/#organization"},"potentialAction":[{"@type":"SearchAction","target":{"@type":"EntryPoint","urlTemplate":"https:\/\/skaitytaknyga.lt\/?s={search_term_string}"},"query-input":{"@type":"PropertyValueSpecification","valueRequired":true,"valueName":"search_term_string"}}],"inLanguage":"en-GB"},{"@type":"Organization","@id":"https:\/\/skaitytaknyga.lt\/#organization","name":"skaitytaknyga.lt","url":"https:\/\/skaitytaknyga.lt\/","logo":{"@type":"ImageObject","inLanguage":"en-GB","@id":"https:\/\/skaitytaknyga.lt\/#\/schema\/logo\/image\/","url":"https:\/\/skaitytaknyga.lt\/wp-content\/uploads\/2024\/05\/cropped-cropped-cropped-02_00843_jt3bggkj1j3HLc7SyY6rEUpg.jpeg","contentUrl":"https:\/\/skaitytaknyga.lt\/wp-content\/uploads\/2024\/05\/cropped-cropped-cropped-02_00843_jt3bggkj1j3HLc7SyY6rEUpg.jpeg","width":1600,"height":1600,"caption":"skaitytaknyga.lt"},"image":{"@id":"https:\/\/skaitytaknyga.lt\/#\/schema\/logo\/image\/"},"sameAs":["https:\/\/www.facebook.com\/skaitytaknyga\/"]}]}},"_links":{"self":[{"href":"https:\/\/skaitytaknyga.lt\/en\/wp-json\/wp\/v2\/product\/15879","targetHints":{"allow":["GET"]}}],"collection":[{"href":"https:\/\/skaitytaknyga.lt\/en\/wp-json\/wp\/v2\/product"}],"about":[{"href":"https:\/\/skaitytaknyga.lt\/en\/wp-json\/wp\/v2\/types\/product"}],"replies":[{"embeddable":true,"href":"https:\/\/skaitytaknyga.lt\/en\/wp-json\/wp\/v2\/comments?post=15879"}],"wp:featuredmedia":[{"embeddable":true,"href":"https:\/\/skaitytaknyga.lt\/en\/wp-json\/wp\/v2\/media\/15880"}],"wp:attachment":[{"href":"https:\/\/skaitytaknyga.lt\/en\/wp-json\/wp\/v2\/media?parent=15879"}],"wp:term":[{"taxonomy":"product_brand","embeddable":true,"href":"https:\/\/skaitytaknyga.lt\/en\/wp-json\/wp\/v2\/product_brand?post=15879"},{"taxonomy":"product_cat","embeddable":true,"href":"https:\/\/skaitytaknyga.lt\/en\/wp-json\/wp\/v2\/product_cat?post=15879"},{"taxonomy":"product_tag","embeddable":true,"href":"https:\/\/skaitytaknyga.lt\/en\/wp-json\/wp\/v2\/product_tag?post=15879"}],"curies":[{"name":"wp","href":"https:\/\/api.w.org\/{rel}","templated":true}]}}