{"id":15877,"date":"2025-01-08T18:23:10","date_gmt":"2025-01-08T16:23:10","guid":{"rendered":"https:\/\/skaitytaknyga.lt\/?post_type=product&#038;p=15877"},"modified":"2025-01-08T18:23:58","modified_gmt":"2025-01-08T16:23:58","slug":"raudonkepuraite-turi-verkti","status":"publish","type":"product","link":"https:\/\/skaitytaknyga.lt\/en\/produktas\/raudonkepuraite-turi-verkti\/","title":{"rendered":"Raudonkepurait\u0117 turi verkti"},"content":{"rendered":"<p>Trylikamet\u0117s Malvinos istorija jautri ir sukre\u010dianti. Per Velyk\u0173 atostogas ji lieka viena, nes geriausia draug\u0117 Liz\u0117 i\u0161vyksta dviem savait\u0117ms. Paaugl\u0117s tyko blogis &#8211; jos senelis. Mirus senelei, Malvinai privalu j\u012f lankyti, mat jis jau\u010diasi vieni\u0161as ir pasiligoj\u0119s. Niekam i\u0161 nami\u0161ki\u0173 ner\u016bpi, kod\u0117l mergait\u0117 pas j\u012f nenori eiti. Mama, t\u0117vas ir vyresnieji brolis su seserimi pu\u010dia vien\u0105 d\u016bd\u0105: Malvina tik o\u017eiuojasi, o vieni\u0161o senelio b\u016btina gail\u0117tis.<\/p>\n<p>Malvina ne be pagrindo nenori lankyti senelio. Anks\u010diau d\u0117l senel\u0117s nenutiko pats baisiausias dalykas, bet dabar paaugl\u0117 jau nebeturi kuo kliautis.<\/p>\n<p>Malvina negali pasipasakoti nei savo geriausiai draugei Lizei, su kuria jiedvi susitikin\u0117ja senoje, apleistoje viloje, nei Debes\u0117liui, berniukui, kuris rodo jai d\u0117mes\u012f ir j\u0105 vadina Raudonkepuraite. Senelio kaimyn\u0117 lenk\u0117 ponia Bi\u010dek, regis, vienintel\u0117 nutuokia, kad \u010dia ka\u017ekas ne taip&#8230;<\/p>\n<ul class=\"about-product d-none d-xl-block mt-4\">\n<li><strong>Originalus pavadinimas:<\/strong>\u00a0Rotkappchen muss weinen<\/li>\n<li><strong>Autorius:<\/strong>\u00a0Beate Teresa Hanika<\/li>\n<li><strong>Leid\u0117jas:<\/strong>\u00a0Alma littera<\/li>\n<li><strong>Metai:<\/strong>\u00a02013<\/li>\n<li><strong>Puslapiai:<\/strong>\u00a0192<\/li>\n<li class=\"toggleable type-new-formats \"><strong>ISBN:<\/strong>\u00a09786090110812<\/li>\n<li><strong>Versijos kodas:<\/strong>\u00a0PT.<\/li>\n<li class=\"toggleable type-new-formats \"><strong>Formatas:<\/strong>\u00a012,5 x 20 cm, mink\u0161ti vir\u0161eliai<\/li>\n<li><strong>Kalba:<\/strong>\u00a0Lietuvi\u0173<\/li>\n<li><strong>Vert\u0117jas:<\/strong>\u00a0Vilija Gerulaitien\u0117<\/li>\n<\/ul>\n","protected":false},"excerpt":{"rendered":"<p>Trylikamet\u0117s Malvinos istorija jautri ir sukre\u010dianti. Per Velyk\u0173 atostogas ji lieka viena, nes geriausia draug\u0117 Liz\u0117 i\u0161vyksta dviem savait\u0117ms. Paaugl\u0117s tyko blogis &#8211; jos senelis. Mirus senelei, Malvinai privalu j\u012f lankyti, mat jis jau\u010diasi vieni\u0161as ir pasiligoj\u0119s. Niekam i\u0161 nami\u0161ki\u0173 ner\u016bpi, kod\u0117l mergait\u0117 pas j\u012f nenori eiti. Mama, t\u0117vas ir vyresnieji brolis su seserimi pu\u010dia vien\u0105 d\u016bd\u0105: Malvina tik o\u017eiuojasi, o vieni\u0161o senelio b\u016btina gail\u0117tis. Malvina ne be pagrindo nenori lankyti senelio. Anks\u010diau d\u0117l senel\u0117s nenutiko pats baisiausias dalykas, bet dabar paaugl\u0117 jau nebeturi kuo kliautis. Malvina negali pasipasakoti nei savo geriausiai draugei Lizei, su kuria jiedvi susitikin\u0117ja senoje, apleistoje viloje, nei Debes\u0117liui, berniukui, kuris rodo jai d\u0117mes\u012f ir j\u0105 vadina Raudonkepuraite. Senelio kaimyn\u0117 lenk\u0117 ponia Bi\u010dek, regis, vienintel\u0117 nutuokia, kad \u010dia ka\u017ekas ne taip&#8230; Originalus pavadinimas:\u00a0Rotkappchen muss weinen Autorius:\u00a0Beate Teresa Hanika Leid\u0117jas:\u00a0Alma littera Metai:\u00a02013 Puslapiai:\u00a0192 ISBN:\u00a09786090110812 Versijos kodas:\u00a0PT. Formatas:\u00a012,5 x 20 cm, mink\u0161ti vir\u0161eliai Kalba:\u00a0Lietuvi\u0173 Vert\u0117jas:\u00a0Vilija Gerulaitien\u0117<\/p>\n","protected":false},"featured_media":15878,"comment_status":"open","ping_status":"closed","template":"","meta":{"_acf_changed":false,"site-sidebar-layout":"default","site-content-layout":"","ast-site-content-layout":"default","site-content-style":"default","site-sidebar-style":"default","ast-global-header-display":"","ast-banner-title-visibility":"","ast-main-header-display":"","ast-hfb-above-header-display":"","ast-hfb-below-header-display":"","ast-hfb-mobile-header-display":"","site-post-title":"","ast-breadcrumbs-content":"","ast-featured-img":"","footer-sml-layout":"","ast-disable-related-posts":"","theme-transparent-header-meta":"default","adv-header-id-meta":"","stick-header-meta":"","header-above-stick-meta":"","header-main-stick-meta":"","header-below-stick-meta":"","astra-migrate-meta-layouts":"set","ast-page-background-enabled":"default","ast-page-background-meta":{"desktop":{"background-color":"","background-image":"","background-repeat":"repeat","background-position":"center center","background-size":"auto","background-attachment":"scroll","background-type":"","background-media":"","overlay-type":"","overlay-color":"","overlay-opacity":"","overlay-gradient":""},"tablet":{"background-color":"","background-image":"","background-repeat":"repeat","background-position":"center center","background-size":"auto","background-attachment":"scroll","background-type":"","background-media":"","overlay-type":"","overlay-color":"","overlay-opacity":"","overlay-gradient":""},"mobile":{"background-color":"","background-image":"","background-repeat":"repeat","background-position":"center center","background-size":"auto","background-attachment":"scroll","background-type":"","background-media":"","overlay-type":"","overlay-color":"","overlay-opacity":"","overlay-gradient":""}},"ast-content-background-meta":{"desktop":{"background-color":"var(--ast-global-color-4)","background-image":"","background-repeat":"repeat","background-position":"center center","background-size":"auto","background-attachment":"scroll","background-type":"","background-media":"","overlay-type":"","overlay-color":"","overlay-opacity":"","overlay-gradient":""},"tablet":{"background-color":"var(--ast-global-color-4)","background-image":"","background-repeat":"repeat","background-position":"center center","background-size":"auto","background-attachment":"scroll","background-type":"","background-media":"","overlay-type":"","overlay-color":"","overlay-opacity":"","overlay-gradient":""},"mobile":{"background-color":"var(--ast-global-color-4)","background-image":"","background-repeat":"repeat","background-position":"center center","background-size":"auto","background-attachment":"scroll","background-type":"","background-media":"","overlay-type":"","overlay-color":"","overlay-opacity":"","overlay-gradient":""}}},"product_brand":[],"product_cat":[15,35],"product_tag":[],"class_list":{"0":"post-15877","1":"product","2":"type-product","3":"status-publish","4":"has-post-thumbnail","6":"product_cat-uncategorized","7":"product_cat-vaikams-ir-paaugliams","8":"desktop-align-left","9":"tablet-align-left","10":"mobile-align-left","12":"first","13":"instock","14":"shipping-taxable","15":"purchasable","16":"product-type-simple"},"acf":[],"yoast_head":"<!-- This site is optimized with the Yoast SEO plugin v27.0 - https:\/\/yoast.com\/product\/yoast-seo-wordpress\/ -->\n<title>Raudonkepurait\u0117 turi verkti<\/title>\n<meta name=\"description\" content=\"Trylikamet\u0117s Malvinos istorija jautri ir sukre\u010dianti. Per Velyk\u0173 atostogas ji lieka viena, nes geriausia draug\u0117 Liz\u0117 i\u0161vyksta dviem savait\u0117ms. Paaugl\u0117s\" \/>\n<meta name=\"robots\" content=\"index, follow, max-snippet:-1, max-image-preview:large, max-video-preview:-1\" \/>\n<link rel=\"canonical\" href=\"https:\/\/skaitytaknyga.lt\/en\/produktas\/raudonkepuraite-turi-verkti\/\" \/>\n<meta property=\"og:locale\" content=\"en_GB\" \/>\n<meta property=\"og:locale:alternate\" content=\"lt_LT\" \/>\n<meta property=\"og:type\" content=\"article\" \/>\n<meta property=\"og:title\" content=\"Raudonkepurait\u0117 turi verkti\" \/>\n<meta property=\"og:description\" content=\"Trylikamet\u0117s Malvinos istorija jautri ir sukre\u010dianti. Per Velyk\u0173 atostogas ji lieka viena, nes geriausia draug\u0117 Liz\u0117 i\u0161vyksta dviem savait\u0117ms. Paaugl\u0117s\" \/>\n<meta property=\"og:url\" content=\"https:\/\/skaitytaknyga.lt\/en\/produktas\/raudonkepuraite-turi-verkti\/\" \/>\n<meta property=\"og:site_name\" content=\"Skaitytaknyga\" \/>\n<meta property=\"article:publisher\" content=\"https:\/\/www.facebook.com\/skaitytaknyga\/\" \/>\n<meta property=\"article:modified_time\" content=\"2025-01-08T16:23:58+00:00\" \/>\n<meta property=\"og:image\" content=\"https:\/\/skaitytaknyga.lt\/wp-content\/uploads\/2025\/01\/Raudonkepuraite-turi-verkti.webp\" \/>\n\t<meta property=\"og:image:width\" content=\"502\" \/>\n\t<meta property=\"og:image:height\" content=\"800\" \/>\n\t<meta property=\"og:image:type\" content=\"image\/webp\" \/>\n<meta name=\"twitter:card\" content=\"summary_large_image\" \/>\n<meta name=\"twitter:label1\" content=\"Estimated reading time\" \/>\n\t<meta name=\"twitter:data1\" content=\"2 minutes\" \/>\n<script type=\"application\/ld+json\" class=\"yoast-schema-graph\">{\"@context\":\"https:\/\/schema.org\",\"@graph\":[{\"@type\":\"WebPage\",\"@id\":\"https:\/\/skaitytaknyga.lt\/produktas\/raudonkepuraite-turi-verkti\/\",\"url\":\"https:\/\/skaitytaknyga.lt\/produktas\/raudonkepuraite-turi-verkti\/\",\"name\":\"Raudonkepurait\u0117 turi verkti\",\"isPartOf\":{\"@id\":\"https:\/\/skaitytaknyga.lt\/#website\"},\"primaryImageOfPage\":{\"@id\":\"https:\/\/skaitytaknyga.lt\/produktas\/raudonkepuraite-turi-verkti\/#primaryimage\"},\"image\":{\"@id\":\"https:\/\/skaitytaknyga.lt\/produktas\/raudonkepuraite-turi-verkti\/#primaryimage\"},\"thumbnailUrl\":\"https:\/\/skaitytaknyga.lt\/wp-content\/uploads\/2025\/01\/Raudonkepuraite-turi-verkti.webp\",\"datePublished\":\"2025-01-08T16:23:10+00:00\",\"dateModified\":\"2025-01-08T16:23:58+00:00\",\"description\":\"Trylikamet\u0117s Malvinos istorija jautri ir sukre\u010dianti. Per Velyk\u0173 atostogas ji lieka viena, nes geriausia draug\u0117 Liz\u0117 i\u0161vyksta dviem savait\u0117ms. Paaugl\u0117s\",\"breadcrumb\":{\"@id\":\"https:\/\/skaitytaknyga.lt\/produktas\/raudonkepuraite-turi-verkti\/#breadcrumb\"},\"inLanguage\":\"en-GB\",\"potentialAction\":[{\"@type\":\"ReadAction\",\"target\":[\"https:\/\/skaitytaknyga.lt\/produktas\/raudonkepuraite-turi-verkti\/\"]}]},{\"@type\":\"ImageObject\",\"inLanguage\":\"en-GB\",\"@id\":\"https:\/\/skaitytaknyga.lt\/produktas\/raudonkepuraite-turi-verkti\/#primaryimage\",\"url\":\"https:\/\/skaitytaknyga.lt\/wp-content\/uploads\/2025\/01\/Raudonkepuraite-turi-verkti.webp\",\"contentUrl\":\"https:\/\/skaitytaknyga.lt\/wp-content\/uploads\/2025\/01\/Raudonkepuraite-turi-verkti.webp\",\"width\":502,\"height\":800,\"caption\":\"Raudonkepurait\u0117 turi verkti\"},{\"@type\":\"BreadcrumbList\",\"@id\":\"https:\/\/skaitytaknyga.lt\/produktas\/raudonkepuraite-turi-verkti\/#breadcrumb\",\"itemListElement\":[{\"@type\":\"ListItem\",\"position\":1,\"name\":\"Home\",\"item\":\"https:\/\/skaitytaknyga.lt\/\"},{\"@type\":\"ListItem\",\"position\":2,\"name\":\"Parduotuv\u0117\",\"item\":\"https:\/\/skaitytaknyga.lt\/knygu-parduotuve\/\"},{\"@type\":\"ListItem\",\"position\":3,\"name\":\"Raudonkepurait\u0117 turi verkti\"}]},{\"@type\":\"WebSite\",\"@id\":\"https:\/\/skaitytaknyga.lt\/#website\",\"url\":\"https:\/\/skaitytaknyga.lt\/\",\"name\":\"skaitytaknyga.lt\",\"description\":\"Skaitytaknyga.lt \u2013 tai ma\u017eas \u0161eimos verslas, kuris prasid\u0117jo nuo meil\u0117s knygoms ir siekio i\u0161gelb\u0117ti knygas nuo likimo prie konteinerio. Kas vienam nereikalingas daiktas \u2013 kitam lobis, o mes esame tarpininkai, kurie padeda abiems tapti laimingesniems ???? \u017dinome kaip nelengva i\u0161gyventi ma\u017eiems verslams, tad nuo \u0161iol, \u010dia rasite ir kit\u0173, ma\u017e\u0173 \u0161eim\u0173 versl\u0173, rank\u0173 darbo, dovan\u0173 sau ir artimiesiems.\",\"publisher\":{\"@id\":\"https:\/\/skaitytaknyga.lt\/#organization\"},\"potentialAction\":[{\"@type\":\"SearchAction\",\"target\":{\"@type\":\"EntryPoint\",\"urlTemplate\":\"https:\/\/skaitytaknyga.lt\/?s={search_term_string}\"},\"query-input\":{\"@type\":\"PropertyValueSpecification\",\"valueRequired\":true,\"valueName\":\"search_term_string\"}}],\"inLanguage\":\"en-GB\"},{\"@type\":\"Organization\",\"@id\":\"https:\/\/skaitytaknyga.lt\/#organization\",\"name\":\"skaitytaknyga.lt\",\"url\":\"https:\/\/skaitytaknyga.lt\/\",\"logo\":{\"@type\":\"ImageObject\",\"inLanguage\":\"en-GB\",\"@id\":\"https:\/\/skaitytaknyga.lt\/#\/schema\/logo\/image\/\",\"url\":\"https:\/\/skaitytaknyga.lt\/wp-content\/uploads\/2024\/05\/cropped-cropped-cropped-02_00843_jt3bggkj1j3HLc7SyY6rEUpg.jpeg\",\"contentUrl\":\"https:\/\/skaitytaknyga.lt\/wp-content\/uploads\/2024\/05\/cropped-cropped-cropped-02_00843_jt3bggkj1j3HLc7SyY6rEUpg.jpeg\",\"width\":1600,\"height\":1600,\"caption\":\"skaitytaknyga.lt\"},\"image\":{\"@id\":\"https:\/\/skaitytaknyga.lt\/#\/schema\/logo\/image\/\"},\"sameAs\":[\"https:\/\/www.facebook.com\/skaitytaknyga\/\"]}]}<\/script>\n<!-- \/ Yoast SEO plugin. -->","yoast_head_json":{"title":"Raudonkepurait\u0117 turi verkti","description":"Trylikamet\u0117s Malvinos istorija jautri ir sukre\u010dianti. Per Velyk\u0173 atostogas ji lieka viena, nes geriausia draug\u0117 Liz\u0117 i\u0161vyksta dviem savait\u0117ms. Paaugl\u0117s","robots":{"index":"index","follow":"follow","max-snippet":"max-snippet:-1","max-image-preview":"max-image-preview:large","max-video-preview":"max-video-preview:-1"},"canonical":"https:\/\/skaitytaknyga.lt\/en\/produktas\/raudonkepuraite-turi-verkti\/","og_locale":"en_GB","og_type":"article","og_title":"[:lt]Raudonkepurait\u0117 turi verkti[:] - Skaitytaknyga","og_description":"Trylikamet\u0117s Malvinos istorija jautri ir sukre\u010dianti. Per Velyk\u0173 atostogas ji lieka viena, nes geriausia draug\u0117 Liz\u0117 i\u0161vyksta dviem savait\u0117ms. Paaugl\u0117s","og_url":"https:\/\/skaitytaknyga.lt\/en\/produktas\/raudonkepuraite-turi-verkti\/","og_site_name":"Skaitytaknyga","article_publisher":"https:\/\/www.facebook.com\/skaitytaknyga\/","article_modified_time":"2025-01-08T16:23:58+00:00","og_image":[{"width":502,"height":800,"url":"https:\/\/skaitytaknyga.lt\/wp-content\/uploads\/2025\/01\/Raudonkepuraite-turi-verkti.webp","type":"image\/webp"}],"twitter_card":"summary_large_image","twitter_misc":{"Estimated reading time":"2 minutes"},"schema":{"@context":"https:\/\/schema.org","@graph":[{"@type":"WebPage","@id":"https:\/\/skaitytaknyga.lt\/produktas\/raudonkepuraite-turi-verkti\/","url":"https:\/\/skaitytaknyga.lt\/produktas\/raudonkepuraite-turi-verkti\/","name":"Raudonkepurait\u0117 turi verkti","isPartOf":{"@id":"https:\/\/skaitytaknyga.lt\/#website"},"primaryImageOfPage":{"@id":"https:\/\/skaitytaknyga.lt\/produktas\/raudonkepuraite-turi-verkti\/#primaryimage"},"image":{"@id":"https:\/\/skaitytaknyga.lt\/produktas\/raudonkepuraite-turi-verkti\/#primaryimage"},"thumbnailUrl":"https:\/\/skaitytaknyga.lt\/wp-content\/uploads\/2025\/01\/Raudonkepuraite-turi-verkti.webp","datePublished":"2025-01-08T16:23:10+00:00","dateModified":"2025-01-08T16:23:58+00:00","description":"Trylikamet\u0117s Malvinos istorija jautri ir sukre\u010dianti. Per Velyk\u0173 atostogas ji lieka viena, nes geriausia draug\u0117 Liz\u0117 i\u0161vyksta dviem savait\u0117ms. Paaugl\u0117s","breadcrumb":{"@id":"https:\/\/skaitytaknyga.lt\/produktas\/raudonkepuraite-turi-verkti\/#breadcrumb"},"inLanguage":"en-GB","potentialAction":[{"@type":"ReadAction","target":["https:\/\/skaitytaknyga.lt\/produktas\/raudonkepuraite-turi-verkti\/"]}]},{"@type":"ImageObject","inLanguage":"en-GB","@id":"https:\/\/skaitytaknyga.lt\/produktas\/raudonkepuraite-turi-verkti\/#primaryimage","url":"https:\/\/skaitytaknyga.lt\/wp-content\/uploads\/2025\/01\/Raudonkepuraite-turi-verkti.webp","contentUrl":"https:\/\/skaitytaknyga.lt\/wp-content\/uploads\/2025\/01\/Raudonkepuraite-turi-verkti.webp","width":502,"height":800,"caption":"Raudonkepurait\u0117 turi verkti"},{"@type":"BreadcrumbList","@id":"https:\/\/skaitytaknyga.lt\/produktas\/raudonkepuraite-turi-verkti\/#breadcrumb","itemListElement":[{"@type":"ListItem","position":1,"name":"Home","item":"https:\/\/skaitytaknyga.lt\/"},{"@type":"ListItem","position":2,"name":"Parduotuv\u0117","item":"https:\/\/skaitytaknyga.lt\/knygu-parduotuve\/"},{"@type":"ListItem","position":3,"name":"Raudonkepurait\u0117 turi verkti"}]},{"@type":"WebSite","@id":"https:\/\/skaitytaknyga.lt\/#website","url":"https:\/\/skaitytaknyga.lt\/","name":"skaitytaknyga.lt","description":"Skaitytaknyga.lt \u2013 tai ma\u017eas \u0161eimos verslas, kuris prasid\u0117jo nuo meil\u0117s knygoms ir siekio i\u0161gelb\u0117ti knygas nuo likimo prie konteinerio. Kas vienam nereikalingas daiktas \u2013 kitam lobis, o mes esame tarpininkai, kurie padeda abiems tapti laimingesniems ???? \u017dinome kaip nelengva i\u0161gyventi ma\u017eiems verslams, tad nuo \u0161iol, \u010dia rasite ir kit\u0173, ma\u017e\u0173 \u0161eim\u0173 versl\u0173, rank\u0173 darbo, dovan\u0173 sau ir artimiesiems.","publisher":{"@id":"https:\/\/skaitytaknyga.lt\/#organization"},"potentialAction":[{"@type":"SearchAction","target":{"@type":"EntryPoint","urlTemplate":"https:\/\/skaitytaknyga.lt\/?s={search_term_string}"},"query-input":{"@type":"PropertyValueSpecification","valueRequired":true,"valueName":"search_term_string"}}],"inLanguage":"en-GB"},{"@type":"Organization","@id":"https:\/\/skaitytaknyga.lt\/#organization","name":"skaitytaknyga.lt","url":"https:\/\/skaitytaknyga.lt\/","logo":{"@type":"ImageObject","inLanguage":"en-GB","@id":"https:\/\/skaitytaknyga.lt\/#\/schema\/logo\/image\/","url":"https:\/\/skaitytaknyga.lt\/wp-content\/uploads\/2024\/05\/cropped-cropped-cropped-02_00843_jt3bggkj1j3HLc7SyY6rEUpg.jpeg","contentUrl":"https:\/\/skaitytaknyga.lt\/wp-content\/uploads\/2024\/05\/cropped-cropped-cropped-02_00843_jt3bggkj1j3HLc7SyY6rEUpg.jpeg","width":1600,"height":1600,"caption":"skaitytaknyga.lt"},"image":{"@id":"https:\/\/skaitytaknyga.lt\/#\/schema\/logo\/image\/"},"sameAs":["https:\/\/www.facebook.com\/skaitytaknyga\/"]}]}},"_links":{"self":[{"href":"https:\/\/skaitytaknyga.lt\/en\/wp-json\/wp\/v2\/product\/15877","targetHints":{"allow":["GET"]}}],"collection":[{"href":"https:\/\/skaitytaknyga.lt\/en\/wp-json\/wp\/v2\/product"}],"about":[{"href":"https:\/\/skaitytaknyga.lt\/en\/wp-json\/wp\/v2\/types\/product"}],"replies":[{"embeddable":true,"href":"https:\/\/skaitytaknyga.lt\/en\/wp-json\/wp\/v2\/comments?post=15877"}],"wp:featuredmedia":[{"embeddable":true,"href":"https:\/\/skaitytaknyga.lt\/en\/wp-json\/wp\/v2\/media\/15878"}],"wp:attachment":[{"href":"https:\/\/skaitytaknyga.lt\/en\/wp-json\/wp\/v2\/media?parent=15877"}],"wp:term":[{"taxonomy":"product_brand","embeddable":true,"href":"https:\/\/skaitytaknyga.lt\/en\/wp-json\/wp\/v2\/product_brand?post=15877"},{"taxonomy":"product_cat","embeddable":true,"href":"https:\/\/skaitytaknyga.lt\/en\/wp-json\/wp\/v2\/product_cat?post=15877"},{"taxonomy":"product_tag","embeddable":true,"href":"https:\/\/skaitytaknyga.lt\/en\/wp-json\/wp\/v2\/product_tag?post=15877"}],"curies":[{"name":"wp","href":"https:\/\/api.w.org\/{rel}","templated":true}]}}