{"id":15875,"date":"2025-01-08T18:21:21","date_gmt":"2025-01-08T16:21:21","guid":{"rendered":"https:\/\/skaitytaknyga.lt\/?post_type=product&#038;p=15875"},"modified":"2025-06-26T15:27:57","modified_gmt":"2025-06-26T12:27:57","slug":"kai-ji-isejo","status":"publish","type":"product","link":"https:\/\/skaitytaknyga.lt\/en\/produktas\/kai-ji-isejo\/","title":{"rendered":"Kai ji i\u0161\u0117jo"},"content":{"rendered":"<p>Mija ir Adamas \u2013 buv\u0119 \u012fsimyl\u0117j\u0117liai, susaistyti skausmingos praeities. Pra\u0117jus trejiems metams po tragi\u0161kos avarijos, kurioje \u017euvo merginos \u0161eima, dabar i\u0161gars\u0117j\u0119s Adamas Vaildas netik\u0117tai atsiduria karjer\u0105 pradedan\u010dios Mijos koncerte Carnegie Hall Niujorke. Tik\u0117damasis, kad Mij\u0105 pakaks i\u0161girsti, Adamas pasislepia publikoje ir apstulbsta, kai po koncerto j\u012f pakvie\u010dia \u012f u\u017ekulisius. Nejaukus susitikimas pradeda nakt\u012f, kupin\u0105 skausming\u0173 prisiminim\u0173, \u0161ird\u012f spaud\u017eian\u010dio noro susitaikyti su praeitimi ir vilting\u0173 atradim\u0173.<\/p>\n<p>Gayle Forman \u2013 apdovanojim\u0173 pelniusi visame pasaulyje \u017einom\u0173 bestseleri\u0173 autor\u0117 ir \u017eurnalist\u0117. Para\u0161\u0117 romanus, i\u0161 kuri\u0173 lietuvi\u0173 kalba i\u0161leisti \u201eTik viena diena\u201c, New York Times bestseleris \u201eJei pasilik\u010diau\u201c ir \u201eKai ji i\u0161\u0117jo\u201c. G. Forman gyvena Niujorke, Brukline, su vyru ir dukromis.<\/p>\n<ul class=\"about-product d-none d-xl-block mt-4\">\n<li><strong>Originalus pavadinimas:<\/strong>\u00a0Where She Went<\/li>\n<li><strong>Autorius:<\/strong>\u00a0Gayle Forman<\/li>\n<li><strong>Leid\u0117jas:<\/strong>\u00a0Alma littera<\/li>\n<li><strong>Metai:<\/strong>\u00a02015<\/li>\n<li><strong>Puslapiai:<\/strong>\u00a0272<\/li>\n<li class=\"toggleable type-new-formats \"><strong>ISBN:<\/strong>\u00a09786090119204<\/li>\n<li><strong>Versijos kodas:<\/strong>\u00a0PT.<\/li>\n<li class=\"toggleable type-new-formats \"><strong>Formatas:<\/strong>\u00a014,3 x 21,3 x 2,5 cm, kieti vir\u0161eliai<\/li>\n<li><strong>Kalba:<\/strong>\u00a0Lietuvi\u0173<\/li>\n<li><strong>Vert\u0117jas:<\/strong>\u00a0Dalia Zaikauskait\u0117<\/li>\n<\/ul>\n","protected":false},"excerpt":{"rendered":"<p>Mija ir Adamas \u2013 buv\u0119 \u012fsimyl\u0117j\u0117liai, susaistyti skausmingos praeities. Pra\u0117jus trejiems metams po tragi\u0161kos avarijos, kurioje \u017euvo merginos \u0161eima, dabar i\u0161gars\u0117j\u0119s Adamas Vaildas netik\u0117tai atsiduria karjer\u0105 pradedan\u010dios Mijos koncerte Carnegie Hall Niujorke. Tik\u0117damasis, kad Mij\u0105 pakaks i\u0161girsti, Adamas pasislepia publikoje ir apstulbsta, kai po koncerto j\u012f pakvie\u010dia \u012f u\u017ekulisius. Nejaukus susitikimas pradeda nakt\u012f, kupin\u0105 skausming\u0173 prisiminim\u0173, \u0161ird\u012f spaud\u017eian\u010dio noro susitaikyti su praeitimi ir vilting\u0173 atradim\u0173. Gayle Forman \u2013 apdovanojim\u0173 pelniusi visame pasaulyje \u017einom\u0173 bestseleri\u0173 autor\u0117 ir \u017eurnalist\u0117. Para\u0161\u0117 romanus, i\u0161 kuri\u0173 lietuvi\u0173 kalba i\u0161leisti \u201eTik viena diena\u201c, New York Times bestseleris \u201eJei pasilik\u010diau\u201c ir \u201eKai ji i\u0161\u0117jo\u201c. G. Forman gyvena Niujorke, Brukline, su vyru ir dukromis. Originalus pavadinimas:\u00a0Where She Went Autorius:\u00a0Gayle Forman Leid\u0117jas:\u00a0Alma littera Metai:\u00a02015 Puslapiai:\u00a0272 ISBN:\u00a09786090119204 Versijos kodas:\u00a0PT. Formatas:\u00a014,3 x 21,3 x 2,5 cm, kieti vir\u0161eliai Kalba:\u00a0Lietuvi\u0173 Vert\u0117jas:\u00a0Dalia Zaikauskait\u0117<\/p>\n","protected":false},"featured_media":15876,"comment_status":"open","ping_status":"closed","template":"","meta":{"_acf_changed":false,"site-sidebar-layout":"default","site-content-layout":"","ast-site-content-layout":"default","site-content-style":"default","site-sidebar-style":"default","ast-global-header-display":"","ast-banner-title-visibility":"","ast-main-header-display":"","ast-hfb-above-header-display":"","ast-hfb-below-header-display":"","ast-hfb-mobile-header-display":"","site-post-title":"","ast-breadcrumbs-content":"","ast-featured-img":"","footer-sml-layout":"","ast-disable-related-posts":"","theme-transparent-header-meta":"default","adv-header-id-meta":"","stick-header-meta":"","header-above-stick-meta":"","header-main-stick-meta":"","header-below-stick-meta":"","astra-migrate-meta-layouts":"set","ast-page-background-enabled":"default","ast-page-background-meta":{"desktop":{"background-color":"","background-image":"","background-repeat":"repeat","background-position":"center center","background-size":"auto","background-attachment":"scroll","background-type":"","background-media":"","overlay-type":"","overlay-color":"","overlay-opacity":"","overlay-gradient":""},"tablet":{"background-color":"","background-image":"","background-repeat":"repeat","background-position":"center center","background-size":"auto","background-attachment":"scroll","background-type":"","background-media":"","overlay-type":"","overlay-color":"","overlay-opacity":"","overlay-gradient":""},"mobile":{"background-color":"","background-image":"","background-repeat":"repeat","background-position":"center center","background-size":"auto","background-attachment":"scroll","background-type":"","background-media":"","overlay-type":"","overlay-color":"","overlay-opacity":"","overlay-gradient":""}},"ast-content-background-meta":{"desktop":{"background-color":"var(--ast-global-color-4)","background-image":"","background-repeat":"repeat","background-position":"center center","background-size":"auto","background-attachment":"scroll","background-type":"","background-media":"","overlay-type":"","overlay-color":"","overlay-opacity":"","overlay-gradient":""},"tablet":{"background-color":"var(--ast-global-color-4)","background-image":"","background-repeat":"repeat","background-position":"center center","background-size":"auto","background-attachment":"scroll","background-type":"","background-media":"","overlay-type":"","overlay-color":"","overlay-opacity":"","overlay-gradient":""},"mobile":{"background-color":"var(--ast-global-color-4)","background-image":"","background-repeat":"repeat","background-position":"center center","background-size":"auto","background-attachment":"scroll","background-type":"","background-media":"","overlay-type":"","overlay-color":"","overlay-opacity":"","overlay-gradient":""}}},"product_brand":[],"product_cat":[15,35],"product_tag":[5720,5721,5718,5722,5713,5715,5714,5717,1796,1705,5716,5719],"class_list":{"0":"post-15875","1":"product","2":"type-product","3":"status-publish","4":"has-post-thumbnail","6":"product_cat-uncategorized","7":"product_cat-vaikams-ir-paaugliams","8":"product_tag-apdovanojimai","9":"product_tag-bestseleriai","10":"product_tag-carnegie-hall","11":"product_tag-dalia-zaikauskaite","12":"product_tag-gayle-forman","13":"product_tag-isimylejeliai","14":"product_tag-kai-ji-isejo","15":"product_tag-koncertas","16":"product_tag-meile","17":"product_tag-niujorkas","18":"product_tag-skausminga-praeitis","19":"product_tag-susitaikymas","20":"desktop-align-left","21":"tablet-align-left","22":"mobile-align-left","24":"first","25":"instock","26":"shipping-taxable","27":"purchasable","28":"product-type-simple"},"acf":[],"yoast_head":"<!-- This site is optimized with the Yoast SEO plugin v27.0 - https:\/\/yoast.com\/product\/yoast-seo-wordpress\/ -->\n<title>Kai ji i\u0161\u0117jo<\/title>\n<meta name=\"description\" content=\"Mija ir Adamas \u2013 buv\u0119 \u012fsimyl\u0117j\u0117liai, susaistyti skausmingos praeities. Pra\u0117jus trejiems metams po tragi\u0161kos avarijos, kurioje \u017euvo merginos \u0161eima, dabar\" \/>\n<meta name=\"robots\" content=\"index, follow, max-snippet:-1, max-image-preview:large, max-video-preview:-1\" \/>\n<link rel=\"canonical\" href=\"https:\/\/skaitytaknyga.lt\/en\/produktas\/kai-ji-isejo\/\" \/>\n<meta property=\"og:locale\" content=\"en_GB\" \/>\n<meta property=\"og:locale:alternate\" content=\"lt_LT\" \/>\n<meta property=\"og:type\" content=\"article\" \/>\n<meta property=\"og:title\" content=\"Kai ji i\u0161\u0117jo\" \/>\n<meta property=\"og:description\" content=\"Mija ir Adamas \u2013 buv\u0119 \u012fsimyl\u0117j\u0117liai, susaistyti skausmingos praeities. Pra\u0117jus trejiems metams po tragi\u0161kos avarijos, kurioje \u017euvo merginos \u0161eima, dabar\" \/>\n<meta property=\"og:url\" content=\"https:\/\/skaitytaknyga.lt\/en\/produktas\/kai-ji-isejo\/\" \/>\n<meta property=\"og:site_name\" content=\"Skaitytaknyga\" \/>\n<meta property=\"article:publisher\" content=\"https:\/\/www.facebook.com\/skaitytaknyga\/\" \/>\n<meta property=\"article:modified_time\" content=\"2025-06-26T12:27:57+00:00\" \/>\n<meta property=\"og:image\" content=\"https:\/\/skaitytaknyga.lt\/wp-content\/uploads\/2025\/01\/Kai-ji-isejo.webp\" \/>\n\t<meta property=\"og:image:width\" content=\"402\" \/>\n\t<meta property=\"og:image:height\" content=\"600\" \/>\n\t<meta property=\"og:image:type\" content=\"image\/webp\" \/>\n<meta name=\"twitter:card\" content=\"summary_large_image\" \/>\n<meta name=\"twitter:label1\" content=\"Estimated reading time\" \/>\n\t<meta name=\"twitter:data1\" content=\"1 minute\" \/>\n<script type=\"application\/ld+json\" class=\"yoast-schema-graph\">{\"@context\":\"https:\/\/schema.org\",\"@graph\":[{\"@type\":\"WebPage\",\"@id\":\"https:\/\/skaitytaknyga.lt\/produktas\/kai-ji-isejo\/\",\"url\":\"https:\/\/skaitytaknyga.lt\/produktas\/kai-ji-isejo\/\",\"name\":\"Kai ji i\u0161\u0117jo\",\"isPartOf\":{\"@id\":\"https:\/\/skaitytaknyga.lt\/#website\"},\"primaryImageOfPage\":{\"@id\":\"https:\/\/skaitytaknyga.lt\/produktas\/kai-ji-isejo\/#primaryimage\"},\"image\":{\"@id\":\"https:\/\/skaitytaknyga.lt\/produktas\/kai-ji-isejo\/#primaryimage\"},\"thumbnailUrl\":\"https:\/\/skaitytaknyga.lt\/wp-content\/uploads\/2025\/01\/Kai-ji-isejo.webp\",\"datePublished\":\"2025-01-08T16:21:21+00:00\",\"dateModified\":\"2025-06-26T12:27:57+00:00\",\"description\":\"Mija ir Adamas \u2013 buv\u0119 \u012fsimyl\u0117j\u0117liai, susaistyti skausmingos praeities. Pra\u0117jus trejiems metams po tragi\u0161kos avarijos, kurioje \u017euvo merginos \u0161eima, dabar\",\"breadcrumb\":{\"@id\":\"https:\/\/skaitytaknyga.lt\/produktas\/kai-ji-isejo\/#breadcrumb\"},\"inLanguage\":\"en-GB\",\"potentialAction\":[{\"@type\":\"ReadAction\",\"target\":[\"https:\/\/skaitytaknyga.lt\/produktas\/kai-ji-isejo\/\"]}]},{\"@type\":\"ImageObject\",\"inLanguage\":\"en-GB\",\"@id\":\"https:\/\/skaitytaknyga.lt\/produktas\/kai-ji-isejo\/#primaryimage\",\"url\":\"https:\/\/skaitytaknyga.lt\/wp-content\/uploads\/2025\/01\/Kai-ji-isejo.webp\",\"contentUrl\":\"https:\/\/skaitytaknyga.lt\/wp-content\/uploads\/2025\/01\/Kai-ji-isejo.webp\",\"width\":402,\"height\":600,\"caption\":\"Kai ji i\u0161\u0117jo\"},{\"@type\":\"BreadcrumbList\",\"@id\":\"https:\/\/skaitytaknyga.lt\/produktas\/kai-ji-isejo\/#breadcrumb\",\"itemListElement\":[{\"@type\":\"ListItem\",\"position\":1,\"name\":\"Home\",\"item\":\"https:\/\/skaitytaknyga.lt\/\"},{\"@type\":\"ListItem\",\"position\":2,\"name\":\"Parduotuv\u0117\",\"item\":\"https:\/\/skaitytaknyga.lt\/knygu-parduotuve\/\"},{\"@type\":\"ListItem\",\"position\":3,\"name\":\"Kai ji i\u0161\u0117jo\"}]},{\"@type\":\"WebSite\",\"@id\":\"https:\/\/skaitytaknyga.lt\/#website\",\"url\":\"https:\/\/skaitytaknyga.lt\/\",\"name\":\"skaitytaknyga.lt\",\"description\":\"Skaitytaknyga.lt \u2013 tai ma\u017eas \u0161eimos verslas, kuris prasid\u0117jo nuo meil\u0117s knygoms ir siekio i\u0161gelb\u0117ti knygas nuo likimo prie konteinerio. Kas vienam nereikalingas daiktas \u2013 kitam lobis, o mes esame tarpininkai, kurie padeda abiems tapti laimingesniems ???? \u017dinome kaip nelengva i\u0161gyventi ma\u017eiems verslams, tad nuo \u0161iol, \u010dia rasite ir kit\u0173, ma\u017e\u0173 \u0161eim\u0173 versl\u0173, rank\u0173 darbo, dovan\u0173 sau ir artimiesiems.\",\"publisher\":{\"@id\":\"https:\/\/skaitytaknyga.lt\/#organization\"},\"potentialAction\":[{\"@type\":\"SearchAction\",\"target\":{\"@type\":\"EntryPoint\",\"urlTemplate\":\"https:\/\/skaitytaknyga.lt\/?s={search_term_string}\"},\"query-input\":{\"@type\":\"PropertyValueSpecification\",\"valueRequired\":true,\"valueName\":\"search_term_string\"}}],\"inLanguage\":\"en-GB\"},{\"@type\":\"Organization\",\"@id\":\"https:\/\/skaitytaknyga.lt\/#organization\",\"name\":\"skaitytaknyga.lt\",\"url\":\"https:\/\/skaitytaknyga.lt\/\",\"logo\":{\"@type\":\"ImageObject\",\"inLanguage\":\"en-GB\",\"@id\":\"https:\/\/skaitytaknyga.lt\/#\/schema\/logo\/image\/\",\"url\":\"https:\/\/skaitytaknyga.lt\/wp-content\/uploads\/2024\/05\/cropped-cropped-cropped-02_00843_jt3bggkj1j3HLc7SyY6rEUpg.jpeg\",\"contentUrl\":\"https:\/\/skaitytaknyga.lt\/wp-content\/uploads\/2024\/05\/cropped-cropped-cropped-02_00843_jt3bggkj1j3HLc7SyY6rEUpg.jpeg\",\"width\":1600,\"height\":1600,\"caption\":\"skaitytaknyga.lt\"},\"image\":{\"@id\":\"https:\/\/skaitytaknyga.lt\/#\/schema\/logo\/image\/\"},\"sameAs\":[\"https:\/\/www.facebook.com\/skaitytaknyga\/\"]}]}<\/script>\n<!-- \/ Yoast SEO plugin. -->","yoast_head_json":{"title":"Kai ji i\u0161\u0117jo","description":"Mija ir Adamas \u2013 buv\u0119 \u012fsimyl\u0117j\u0117liai, susaistyti skausmingos praeities. Pra\u0117jus trejiems metams po tragi\u0161kos avarijos, kurioje \u017euvo merginos \u0161eima, dabar","robots":{"index":"index","follow":"follow","max-snippet":"max-snippet:-1","max-image-preview":"max-image-preview:large","max-video-preview":"max-video-preview:-1"},"canonical":"https:\/\/skaitytaknyga.lt\/en\/produktas\/kai-ji-isejo\/","og_locale":"en_GB","og_type":"article","og_title":"[:lt]Kai ji i\u0161\u0117jo[:] - Skaitytaknyga","og_description":"Mija ir Adamas \u2013 buv\u0119 \u012fsimyl\u0117j\u0117liai, susaistyti skausmingos praeities. Pra\u0117jus trejiems metams po tragi\u0161kos avarijos, kurioje \u017euvo merginos \u0161eima, dabar","og_url":"https:\/\/skaitytaknyga.lt\/en\/produktas\/kai-ji-isejo\/","og_site_name":"Skaitytaknyga","article_publisher":"https:\/\/www.facebook.com\/skaitytaknyga\/","article_modified_time":"2025-06-26T12:27:57+00:00","og_image":[{"width":402,"height":600,"url":"https:\/\/skaitytaknyga.lt\/wp-content\/uploads\/2025\/01\/Kai-ji-isejo.webp","type":"image\/webp"}],"twitter_card":"summary_large_image","twitter_misc":{"Estimated reading time":"1 minute"},"schema":{"@context":"https:\/\/schema.org","@graph":[{"@type":"WebPage","@id":"https:\/\/skaitytaknyga.lt\/produktas\/kai-ji-isejo\/","url":"https:\/\/skaitytaknyga.lt\/produktas\/kai-ji-isejo\/","name":"Kai ji i\u0161\u0117jo","isPartOf":{"@id":"https:\/\/skaitytaknyga.lt\/#website"},"primaryImageOfPage":{"@id":"https:\/\/skaitytaknyga.lt\/produktas\/kai-ji-isejo\/#primaryimage"},"image":{"@id":"https:\/\/skaitytaknyga.lt\/produktas\/kai-ji-isejo\/#primaryimage"},"thumbnailUrl":"https:\/\/skaitytaknyga.lt\/wp-content\/uploads\/2025\/01\/Kai-ji-isejo.webp","datePublished":"2025-01-08T16:21:21+00:00","dateModified":"2025-06-26T12:27:57+00:00","description":"Mija ir Adamas \u2013 buv\u0119 \u012fsimyl\u0117j\u0117liai, susaistyti skausmingos praeities. Pra\u0117jus trejiems metams po tragi\u0161kos avarijos, kurioje \u017euvo merginos \u0161eima, dabar","breadcrumb":{"@id":"https:\/\/skaitytaknyga.lt\/produktas\/kai-ji-isejo\/#breadcrumb"},"inLanguage":"en-GB","potentialAction":[{"@type":"ReadAction","target":["https:\/\/skaitytaknyga.lt\/produktas\/kai-ji-isejo\/"]}]},{"@type":"ImageObject","inLanguage":"en-GB","@id":"https:\/\/skaitytaknyga.lt\/produktas\/kai-ji-isejo\/#primaryimage","url":"https:\/\/skaitytaknyga.lt\/wp-content\/uploads\/2025\/01\/Kai-ji-isejo.webp","contentUrl":"https:\/\/skaitytaknyga.lt\/wp-content\/uploads\/2025\/01\/Kai-ji-isejo.webp","width":402,"height":600,"caption":"Kai ji i\u0161\u0117jo"},{"@type":"BreadcrumbList","@id":"https:\/\/skaitytaknyga.lt\/produktas\/kai-ji-isejo\/#breadcrumb","itemListElement":[{"@type":"ListItem","position":1,"name":"Home","item":"https:\/\/skaitytaknyga.lt\/"},{"@type":"ListItem","position":2,"name":"Parduotuv\u0117","item":"https:\/\/skaitytaknyga.lt\/knygu-parduotuve\/"},{"@type":"ListItem","position":3,"name":"Kai ji i\u0161\u0117jo"}]},{"@type":"WebSite","@id":"https:\/\/skaitytaknyga.lt\/#website","url":"https:\/\/skaitytaknyga.lt\/","name":"skaitytaknyga.lt","description":"Skaitytaknyga.lt \u2013 tai ma\u017eas \u0161eimos verslas, kuris prasid\u0117jo nuo meil\u0117s knygoms ir siekio i\u0161gelb\u0117ti knygas nuo likimo prie konteinerio. Kas vienam nereikalingas daiktas \u2013 kitam lobis, o mes esame tarpininkai, kurie padeda abiems tapti laimingesniems ???? \u017dinome kaip nelengva i\u0161gyventi ma\u017eiems verslams, tad nuo \u0161iol, \u010dia rasite ir kit\u0173, ma\u017e\u0173 \u0161eim\u0173 versl\u0173, rank\u0173 darbo, dovan\u0173 sau ir artimiesiems.","publisher":{"@id":"https:\/\/skaitytaknyga.lt\/#organization"},"potentialAction":[{"@type":"SearchAction","target":{"@type":"EntryPoint","urlTemplate":"https:\/\/skaitytaknyga.lt\/?s={search_term_string}"},"query-input":{"@type":"PropertyValueSpecification","valueRequired":true,"valueName":"search_term_string"}}],"inLanguage":"en-GB"},{"@type":"Organization","@id":"https:\/\/skaitytaknyga.lt\/#organization","name":"skaitytaknyga.lt","url":"https:\/\/skaitytaknyga.lt\/","logo":{"@type":"ImageObject","inLanguage":"en-GB","@id":"https:\/\/skaitytaknyga.lt\/#\/schema\/logo\/image\/","url":"https:\/\/skaitytaknyga.lt\/wp-content\/uploads\/2024\/05\/cropped-cropped-cropped-02_00843_jt3bggkj1j3HLc7SyY6rEUpg.jpeg","contentUrl":"https:\/\/skaitytaknyga.lt\/wp-content\/uploads\/2024\/05\/cropped-cropped-cropped-02_00843_jt3bggkj1j3HLc7SyY6rEUpg.jpeg","width":1600,"height":1600,"caption":"skaitytaknyga.lt"},"image":{"@id":"https:\/\/skaitytaknyga.lt\/#\/schema\/logo\/image\/"},"sameAs":["https:\/\/www.facebook.com\/skaitytaknyga\/"]}]}},"_links":{"self":[{"href":"https:\/\/skaitytaknyga.lt\/en\/wp-json\/wp\/v2\/product\/15875","targetHints":{"allow":["GET"]}}],"collection":[{"href":"https:\/\/skaitytaknyga.lt\/en\/wp-json\/wp\/v2\/product"}],"about":[{"href":"https:\/\/skaitytaknyga.lt\/en\/wp-json\/wp\/v2\/types\/product"}],"replies":[{"embeddable":true,"href":"https:\/\/skaitytaknyga.lt\/en\/wp-json\/wp\/v2\/comments?post=15875"}],"wp:featuredmedia":[{"embeddable":true,"href":"https:\/\/skaitytaknyga.lt\/en\/wp-json\/wp\/v2\/media\/15876"}],"wp:attachment":[{"href":"https:\/\/skaitytaknyga.lt\/en\/wp-json\/wp\/v2\/media?parent=15875"}],"wp:term":[{"taxonomy":"product_brand","embeddable":true,"href":"https:\/\/skaitytaknyga.lt\/en\/wp-json\/wp\/v2\/product_brand?post=15875"},{"taxonomy":"product_cat","embeddable":true,"href":"https:\/\/skaitytaknyga.lt\/en\/wp-json\/wp\/v2\/product_cat?post=15875"},{"taxonomy":"product_tag","embeddable":true,"href":"https:\/\/skaitytaknyga.lt\/en\/wp-json\/wp\/v2\/product_tag?post=15875"}],"curies":[{"name":"wp","href":"https:\/\/api.w.org\/{rel}","templated":true}]}}