{"id":15873,"date":"2025-01-08T18:18:46","date_gmt":"2025-01-08T16:18:46","guid":{"rendered":"https:\/\/skaitytaknyga.lt\/?post_type=product&#038;p=15873"},"modified":"2026-03-18T11:09:41","modified_gmt":"2026-03-18T09:09:41","slug":"100-spinteliu","status":"publish","type":"product","link":"https:\/\/skaitytaknyga.lt\/en\/produktas\/100-spinteliu\/","title":{"rendered":"100 spinteli\u0173"},"content":{"rendered":"<p><strong>N. D. Wilson<\/strong>\u00a0\u2013 amerikie\u010di\u0173 ra\u0161ytojas, vienuolikos knyg\u0173 autorius. Jis m\u0117gsta stipr\u0173 v\u0117j\u0105, pien\u0105 ir mieliausiai ra\u0161o nakt\u012f, kai visi miega. Kaip pats sako, \u201eved\u0117 mergin\u0105, kuri\u0105 pavog\u0117 i\u0161 vandenyno\u201c. \u0160iandien jiedu gyvena Aidaho valstijoje kartu su penkiais savo vaikais.<\/p>\n<p><strong>\u201e100 spinteli\u0173\u201c<\/strong>\u00a0\u2013 pirmoji magin\u0117s fantastikos trilogijos knyga, nuotyki\u0173 pilnas pasakojimas apie berniuk\u0105 ir nepaprast\u0105 jo kelion\u0119.<\/p>\n<p>Henriui Jorkui dvylika met\u0173 ir jis visai nesid\u017eiaugia, kad kur\u012f laik\u0105 neplanuotai teks pagyventi pas d\u0117d\u0119 ma\u017eame miestelyje. Ten didelis senas namas, trys pusseser\u0117s ir katinas &#8211; ramu, tylu ir nuobodu. Ta\u010diau vien\u0105 nakt\u012f netik\u0117tai pabud\u0119s, Henris pamato keist\u0105 ma\u017e\u0105 seneliuk\u0105, kurio name tikrai netur\u0117jo b\u016bti. Kit\u0105 ryt\u0105 jis lovoje randa tinko gabal\u0117lius, o i\u0161 sienos, l\u0117tai besisukdami, ima l\u012fsti du rutuliai\u2026Nuval\u0119s tink\u0105, Henris randa paslaptingas dureles. J\u0173, pasl\u0117pt\u0173 po tinku, yra \u0161imtas, visoki\u0173 spalv\u0173 ir dyd\u017ei\u0173. Priki\u0161\u0119s aus\u012f prie vienos, Henris gali gird\u0117ti, kaip lyja. Pa\u017ei\u016br\u0117j\u0119s pro kitos rakto skylut\u0119, jis mato \u017eydr\u0105 dang\u0173 ir auksin\u012f sm\u0117l\u012f! Ir greitai paai\u0161k\u0117ja, kad tai visai \u2013 ne spintel\u0117s, o portalai \u012f kitus pasaulius. Rad\u0119 spinteli\u0173 \u017eem\u0117lap\u012f ir kompas\u0105, Henris ir smalsi jo pusseser\u0117 Henrieta nei\u0161ken\u010dia \u2013 ir leid\u017eiasi \u012f kelion\u0119. U\u017e dureli\u0173 slypintys kiti pasauliai vilioja, bet ir g\u0105sdina. Ten gyvena keisti ir paslaptingi \u017emon\u0117s. Ir ne \u017emon\u0117s. Atsiranda keisti lai\u0161kai, keistas berniukas, pikt\u0173 elf\u0173 karalyst\u0117 \u2013 vaik\u0173 gyvenimas visi\u0161kai pasikei\u010dia. O kur dar juos persekiojanti gr\u0117sminga karalien\u0117 \u2013 labai gra\u017ei ir labai pavojinga\u2026<\/p>\n<p>Henrio ir Henrietos kelion\u0117 po spinteli\u0173 pasaul\u012f pilna pavoj\u0173 ir vienas u\u017e kit\u0105 \u012fdomesni\u0173 nuotyki\u0173. Prisijunk, tik atsargiai.<\/p>\n<ul class=\"about-product d-none d-xl-block mt-4\">\n<li><strong>Originalus pavadinimas:<\/strong>\u00a0100 Cupboards<\/li>\n<li><strong>Autorius:<\/strong>\u00a0N. D. Wilson<\/li>\n<li><strong>Leid\u0117jas:<\/strong>\u00a0Tyto alba<\/li>\n<li><strong>Metai:<\/strong>\u00a02014<\/li>\n<li><strong>Puslapiai:<\/strong>\u00a0252<\/li>\n<li class=\"toggleable type-new-formats \"><strong>ISBN:<\/strong>\u00a09786094660429<\/li>\n<li><strong>Versijos kodas:<\/strong>\u00a0PT.<\/li>\n<li class=\"toggleable type-new-formats \"><strong>Formatas:<\/strong>\u00a015 x 22 cm, kieti vir\u0161eliai<\/li>\n<li><strong>Kalba:<\/strong>\u00a0Lietuvi\u0173<\/li>\n<li><strong>Vert\u0117jas:<\/strong>\u00a0R\u016bta Tum\u0117nait\u0117<\/li>\n<\/ul>\n","protected":false},"excerpt":{"rendered":"<p>N. D. Wilson\u00a0\u2013 amerikie\u010di\u0173 ra\u0161ytojas, vienuolikos knyg\u0173 autorius. Jis m\u0117gsta stipr\u0173 v\u0117j\u0105, pien\u0105 ir mieliausiai ra\u0161o nakt\u012f, kai visi miega. Kaip pats sako, \u201eved\u0117 mergin\u0105, kuri\u0105 pavog\u0117 i\u0161 vandenyno\u201c. \u0160iandien jiedu gyvena Aidaho valstijoje kartu su penkiais savo vaikais. \u201e100 spinteli\u0173\u201c\u00a0\u2013 pirmoji magin\u0117s fantastikos trilogijos knyga, nuotyki\u0173 pilnas pasakojimas apie berniuk\u0105 ir nepaprast\u0105 jo kelion\u0119. Henriui Jorkui dvylika met\u0173 ir jis visai nesid\u017eiaugia, kad kur\u012f laik\u0105 neplanuotai teks pagyventi pas d\u0117d\u0119 ma\u017eame miestelyje. Ten didelis senas namas, trys pusseser\u0117s ir katinas &#8211; ramu, tylu ir nuobodu. Ta\u010diau vien\u0105 nakt\u012f netik\u0117tai pabud\u0119s, Henris pamato keist\u0105 ma\u017e\u0105 seneliuk\u0105, kurio name tikrai netur\u0117jo b\u016bti. Kit\u0105 ryt\u0105 jis lovoje randa tinko gabal\u0117lius, o i\u0161 sienos, l\u0117tai besisukdami, ima l\u012fsti du rutuliai\u2026Nuval\u0119s tink\u0105, Henris randa paslaptingas dureles. J\u0173, pasl\u0117pt\u0173 po tinku, yra \u0161imtas, visoki\u0173 spalv\u0173 ir dyd\u017ei\u0173. Priki\u0161\u0119s aus\u012f prie vienos, Henris gali gird\u0117ti, kaip lyja. Pa\u017ei\u016br\u0117j\u0119s pro kitos rakto skylut\u0119, jis mato \u017eydr\u0105 dang\u0173 ir auksin\u012f sm\u0117l\u012f! Ir greitai paai\u0161k\u0117ja, kad tai visai \u2013 ne spintel\u0117s, o portalai \u012f kitus pasaulius. Rad\u0119 spinteli\u0173 \u017eem\u0117lap\u012f ir kompas\u0105, Henris ir smalsi jo pusseser\u0117 Henrieta nei\u0161ken\u010dia \u2013 ir leid\u017eiasi \u012f kelion\u0119. U\u017e dureli\u0173 slypintys kiti pasauliai vilioja, bet ir g\u0105sdina. Ten gyvena keisti ir paslaptingi \u017emon\u0117s. Ir ne \u017emon\u0117s. Atsiranda keisti lai\u0161kai, keistas berniukas, pikt\u0173 elf\u0173 karalyst\u0117 \u2013 vaik\u0173 gyvenimas visi\u0161kai pasikei\u010dia. O kur dar juos persekiojanti gr\u0117sminga karalien\u0117 \u2013 labai gra\u017ei ir labai pavojinga\u2026 Henrio ir Henrietos kelion\u0117 po spinteli\u0173 pasaul\u012f pilna pavoj\u0173 ir vienas u\u017e kit\u0105 \u012fdomesni\u0173 nuotyki\u0173. Prisijunk, tik atsargiai. Originalus pavadinimas:\u00a0100 Cupboards Autorius:\u00a0N. D. Wilson Leid\u0117jas:\u00a0Tyto alba Metai:\u00a02014 Puslapiai:\u00a0252 ISBN:\u00a09786094660429 Versijos kodas:\u00a0PT. Formatas:\u00a015 x 22 cm, kieti vir\u0161eliai Kalba:\u00a0Lietuvi\u0173 Vert\u0117jas:\u00a0R\u016bta Tum\u0117nait\u0117<\/p>\n","protected":false},"featured_media":15874,"comment_status":"open","ping_status":"closed","template":"","meta":{"_acf_changed":false,"site-sidebar-layout":"default","site-content-layout":"","ast-site-content-layout":"default","site-content-style":"default","site-sidebar-style":"default","ast-global-header-display":"","ast-banner-title-visibility":"","ast-main-header-display":"","ast-hfb-above-header-display":"","ast-hfb-below-header-display":"","ast-hfb-mobile-header-display":"","site-post-title":"","ast-breadcrumbs-content":"","ast-featured-img":"","footer-sml-layout":"","ast-disable-related-posts":"","theme-transparent-header-meta":"default","adv-header-id-meta":"","stick-header-meta":"","header-above-stick-meta":"","header-main-stick-meta":"","header-below-stick-meta":"","astra-migrate-meta-layouts":"set","ast-page-background-enabled":"default","ast-page-background-meta":{"desktop":{"background-color":"","background-image":"","background-repeat":"repeat","background-position":"center center","background-size":"auto","background-attachment":"scroll","background-type":"","background-media":"","overlay-type":"","overlay-color":"","overlay-opacity":"","overlay-gradient":""},"tablet":{"background-color":"","background-image":"","background-repeat":"repeat","background-position":"center center","background-size":"auto","background-attachment":"scroll","background-type":"","background-media":"","overlay-type":"","overlay-color":"","overlay-opacity":"","overlay-gradient":""},"mobile":{"background-color":"","background-image":"","background-repeat":"repeat","background-position":"center center","background-size":"auto","background-attachment":"scroll","background-type":"","background-media":"","overlay-type":"","overlay-color":"","overlay-opacity":"","overlay-gradient":""}},"ast-content-background-meta":{"desktop":{"background-color":"var(--ast-global-color-4)","background-image":"","background-repeat":"repeat","background-position":"center center","background-size":"auto","background-attachment":"scroll","background-type":"","background-media":"","overlay-type":"","overlay-color":"","overlay-opacity":"","overlay-gradient":""},"tablet":{"background-color":"var(--ast-global-color-4)","background-image":"","background-repeat":"repeat","background-position":"center center","background-size":"auto","background-attachment":"scroll","background-type":"","background-media":"","overlay-type":"","overlay-color":"","overlay-opacity":"","overlay-gradient":""},"mobile":{"background-color":"var(--ast-global-color-4)","background-image":"","background-repeat":"repeat","background-position":"center center","background-size":"auto","background-attachment":"scroll","background-type":"","background-media":"","overlay-type":"","overlay-color":"","overlay-opacity":"","overlay-gradient":""}}},"product_brand":[],"product_cat":[9676],"product_tag":[],"class_list":{"0":"post-15873","1":"product","2":"type-product","3":"status-publish","4":"has-post-thumbnail","6":"product_cat-paaugliams","7":"desktop-align-left","8":"tablet-align-left","9":"mobile-align-left","11":"first","12":"instock","13":"shipping-taxable","14":"purchasable","15":"product-type-simple"},"acf":[],"yoast_head":"<!-- This site is optimized with the Yoast SEO plugin v27.0 - https:\/\/yoast.com\/product\/yoast-seo-wordpress\/ -->\n<title>100 spinteli\u0173<\/title>\n<meta name=\"description\" content=\"N. D. Wilson\u00a0\u2013 amerikie\u010di\u0173 ra\u0161ytojas, vienuolikos knyg\u0173 autorius. Jis m\u0117gsta stipr\u0173 v\u0117j\u0105, pien\u0105 ir mieliausiai ra\u0161o nakt\u012f, kai visi miega. Kaip pats sako,\" \/>\n<meta name=\"robots\" content=\"index, follow, max-snippet:-1, max-image-preview:large, max-video-preview:-1\" \/>\n<link rel=\"canonical\" href=\"https:\/\/skaitytaknyga.lt\/en\/produktas\/100-spinteliu\/\" \/>\n<meta property=\"og:locale\" content=\"en_GB\" \/>\n<meta property=\"og:locale:alternate\" content=\"lt_LT\" \/>\n<meta property=\"og:type\" content=\"article\" \/>\n<meta property=\"og:title\" content=\"100 spinteli\u0173\" \/>\n<meta property=\"og:description\" content=\"N. D. Wilson\u00a0\u2013 amerikie\u010di\u0173 ra\u0161ytojas, vienuolikos knyg\u0173 autorius. Jis m\u0117gsta stipr\u0173 v\u0117j\u0105, pien\u0105 ir mieliausiai ra\u0161o nakt\u012f, kai visi miega. Kaip pats sako,\" \/>\n<meta property=\"og:url\" content=\"https:\/\/skaitytaknyga.lt\/en\/produktas\/100-spinteliu\/\" \/>\n<meta property=\"og:site_name\" content=\"Skaitytaknyga\" \/>\n<meta property=\"article:publisher\" content=\"https:\/\/www.facebook.com\/skaitytaknyga\/\" \/>\n<meta property=\"article:modified_time\" content=\"2026-03-18T09:09:41+00:00\" \/>\n<meta property=\"og:image\" content=\"https:\/\/skaitytaknyga.lt\/wp-content\/uploads\/2025\/01\/100-spinteliu.jpg\" \/>\n\t<meta property=\"og:image:width\" content=\"300\" \/>\n\t<meta property=\"og:image:height\" content=\"450\" \/>\n\t<meta property=\"og:image:type\" content=\"image\/jpeg\" \/>\n<meta name=\"twitter:card\" content=\"summary_large_image\" \/>\n<meta name=\"twitter:label1\" content=\"Estimated reading time\" \/>\n\t<meta name=\"twitter:data1\" content=\"2 minutes\" \/>\n<script type=\"application\/ld+json\" class=\"yoast-schema-graph\">{\"@context\":\"https:\/\/schema.org\",\"@graph\":[{\"@type\":\"WebPage\",\"@id\":\"https:\/\/skaitytaknyga.lt\/produktas\/100-spinteliu\/\",\"url\":\"https:\/\/skaitytaknyga.lt\/produktas\/100-spinteliu\/\",\"name\":\"100 spinteli\u0173\",\"isPartOf\":{\"@id\":\"https:\/\/skaitytaknyga.lt\/#website\"},\"primaryImageOfPage\":{\"@id\":\"https:\/\/skaitytaknyga.lt\/produktas\/100-spinteliu\/#primaryimage\"},\"image\":{\"@id\":\"https:\/\/skaitytaknyga.lt\/produktas\/100-spinteliu\/#primaryimage\"},\"thumbnailUrl\":\"https:\/\/skaitytaknyga.lt\/wp-content\/uploads\/2025\/01\/100-spinteliu.jpg\",\"datePublished\":\"2025-01-08T16:18:46+00:00\",\"dateModified\":\"2026-03-18T09:09:41+00:00\",\"description\":\"N. D. Wilson\u00a0\u2013 amerikie\u010di\u0173 ra\u0161ytojas, vienuolikos knyg\u0173 autorius. Jis m\u0117gsta stipr\u0173 v\u0117j\u0105, pien\u0105 ir mieliausiai ra\u0161o nakt\u012f, kai visi miega. Kaip pats sako,\",\"breadcrumb\":{\"@id\":\"https:\/\/skaitytaknyga.lt\/produktas\/100-spinteliu\/#breadcrumb\"},\"inLanguage\":\"en-GB\",\"potentialAction\":[{\"@type\":\"ReadAction\",\"target\":[\"https:\/\/skaitytaknyga.lt\/produktas\/100-spinteliu\/\"]}]},{\"@type\":\"ImageObject\",\"inLanguage\":\"en-GB\",\"@id\":\"https:\/\/skaitytaknyga.lt\/produktas\/100-spinteliu\/#primaryimage\",\"url\":\"https:\/\/skaitytaknyga.lt\/wp-content\/uploads\/2025\/01\/100-spinteliu.jpg\",\"contentUrl\":\"https:\/\/skaitytaknyga.lt\/wp-content\/uploads\/2025\/01\/100-spinteliu.jpg\",\"width\":300,\"height\":450,\"caption\":\"100 spinteli\u0173\"},{\"@type\":\"BreadcrumbList\",\"@id\":\"https:\/\/skaitytaknyga.lt\/produktas\/100-spinteliu\/#breadcrumb\",\"itemListElement\":[{\"@type\":\"ListItem\",\"position\":1,\"name\":\"Home\",\"item\":\"https:\/\/skaitytaknyga.lt\/\"},{\"@type\":\"ListItem\",\"position\":2,\"name\":\"Parduotuv\u0117\",\"item\":\"https:\/\/skaitytaknyga.lt\/knygu-parduotuve\/\"},{\"@type\":\"ListItem\",\"position\":3,\"name\":\"100 spinteli\u0173\"}]},{\"@type\":\"WebSite\",\"@id\":\"https:\/\/skaitytaknyga.lt\/#website\",\"url\":\"https:\/\/skaitytaknyga.lt\/\",\"name\":\"skaitytaknyga.lt\",\"description\":\"Skaitytaknyga.lt \u2013 tai ma\u017eas \u0161eimos verslas, kuris prasid\u0117jo nuo meil\u0117s knygoms ir siekio i\u0161gelb\u0117ti knygas nuo likimo prie konteinerio. Kas vienam nereikalingas daiktas \u2013 kitam lobis, o mes esame tarpininkai, kurie padeda abiems tapti laimingesniems ???? \u017dinome kaip nelengva i\u0161gyventi ma\u017eiems verslams, tad nuo \u0161iol, \u010dia rasite ir kit\u0173, ma\u017e\u0173 \u0161eim\u0173 versl\u0173, rank\u0173 darbo, dovan\u0173 sau ir artimiesiems.\",\"publisher\":{\"@id\":\"https:\/\/skaitytaknyga.lt\/#organization\"},\"potentialAction\":[{\"@type\":\"SearchAction\",\"target\":{\"@type\":\"EntryPoint\",\"urlTemplate\":\"https:\/\/skaitytaknyga.lt\/?s={search_term_string}\"},\"query-input\":{\"@type\":\"PropertyValueSpecification\",\"valueRequired\":true,\"valueName\":\"search_term_string\"}}],\"inLanguage\":\"en-GB\"},{\"@type\":\"Organization\",\"@id\":\"https:\/\/skaitytaknyga.lt\/#organization\",\"name\":\"skaitytaknyga.lt\",\"url\":\"https:\/\/skaitytaknyga.lt\/\",\"logo\":{\"@type\":\"ImageObject\",\"inLanguage\":\"en-GB\",\"@id\":\"https:\/\/skaitytaknyga.lt\/#\/schema\/logo\/image\/\",\"url\":\"https:\/\/skaitytaknyga.lt\/wp-content\/uploads\/2024\/05\/cropped-cropped-cropped-02_00843_jt3bggkj1j3HLc7SyY6rEUpg.jpeg\",\"contentUrl\":\"https:\/\/skaitytaknyga.lt\/wp-content\/uploads\/2024\/05\/cropped-cropped-cropped-02_00843_jt3bggkj1j3HLc7SyY6rEUpg.jpeg\",\"width\":1600,\"height\":1600,\"caption\":\"skaitytaknyga.lt\"},\"image\":{\"@id\":\"https:\/\/skaitytaknyga.lt\/#\/schema\/logo\/image\/\"},\"sameAs\":[\"https:\/\/www.facebook.com\/skaitytaknyga\/\"]}]}<\/script>\n<!-- \/ Yoast SEO plugin. -->","yoast_head_json":{"title":"100 spinteli\u0173","description":"N. D. Wilson\u00a0\u2013 amerikie\u010di\u0173 ra\u0161ytojas, vienuolikos knyg\u0173 autorius. Jis m\u0117gsta stipr\u0173 v\u0117j\u0105, pien\u0105 ir mieliausiai ra\u0161o nakt\u012f, kai visi miega. Kaip pats sako,","robots":{"index":"index","follow":"follow","max-snippet":"max-snippet:-1","max-image-preview":"max-image-preview:large","max-video-preview":"max-video-preview:-1"},"canonical":"https:\/\/skaitytaknyga.lt\/en\/produktas\/100-spinteliu\/","og_locale":"en_GB","og_type":"article","og_title":"[:lt]100 spinteli\u0173[:] - Skaitytaknyga","og_description":"N. D. Wilson\u00a0\u2013 amerikie\u010di\u0173 ra\u0161ytojas, vienuolikos knyg\u0173 autorius. Jis m\u0117gsta stipr\u0173 v\u0117j\u0105, pien\u0105 ir mieliausiai ra\u0161o nakt\u012f, kai visi miega. Kaip pats sako,","og_url":"https:\/\/skaitytaknyga.lt\/en\/produktas\/100-spinteliu\/","og_site_name":"Skaitytaknyga","article_publisher":"https:\/\/www.facebook.com\/skaitytaknyga\/","article_modified_time":"2026-03-18T09:09:41+00:00","og_image":[{"width":300,"height":450,"url":"https:\/\/skaitytaknyga.lt\/wp-content\/uploads\/2025\/01\/100-spinteliu.jpg","type":"image\/jpeg"}],"twitter_card":"summary_large_image","twitter_misc":{"Estimated reading time":"2 minutes"},"schema":{"@context":"https:\/\/schema.org","@graph":[{"@type":"WebPage","@id":"https:\/\/skaitytaknyga.lt\/produktas\/100-spinteliu\/","url":"https:\/\/skaitytaknyga.lt\/produktas\/100-spinteliu\/","name":"100 spinteli\u0173","isPartOf":{"@id":"https:\/\/skaitytaknyga.lt\/#website"},"primaryImageOfPage":{"@id":"https:\/\/skaitytaknyga.lt\/produktas\/100-spinteliu\/#primaryimage"},"image":{"@id":"https:\/\/skaitytaknyga.lt\/produktas\/100-spinteliu\/#primaryimage"},"thumbnailUrl":"https:\/\/skaitytaknyga.lt\/wp-content\/uploads\/2025\/01\/100-spinteliu.jpg","datePublished":"2025-01-08T16:18:46+00:00","dateModified":"2026-03-18T09:09:41+00:00","description":"N. D. Wilson\u00a0\u2013 amerikie\u010di\u0173 ra\u0161ytojas, vienuolikos knyg\u0173 autorius. Jis m\u0117gsta stipr\u0173 v\u0117j\u0105, pien\u0105 ir mieliausiai ra\u0161o nakt\u012f, kai visi miega. Kaip pats sako,","breadcrumb":{"@id":"https:\/\/skaitytaknyga.lt\/produktas\/100-spinteliu\/#breadcrumb"},"inLanguage":"en-GB","potentialAction":[{"@type":"ReadAction","target":["https:\/\/skaitytaknyga.lt\/produktas\/100-spinteliu\/"]}]},{"@type":"ImageObject","inLanguage":"en-GB","@id":"https:\/\/skaitytaknyga.lt\/produktas\/100-spinteliu\/#primaryimage","url":"https:\/\/skaitytaknyga.lt\/wp-content\/uploads\/2025\/01\/100-spinteliu.jpg","contentUrl":"https:\/\/skaitytaknyga.lt\/wp-content\/uploads\/2025\/01\/100-spinteliu.jpg","width":300,"height":450,"caption":"100 spinteli\u0173"},{"@type":"BreadcrumbList","@id":"https:\/\/skaitytaknyga.lt\/produktas\/100-spinteliu\/#breadcrumb","itemListElement":[{"@type":"ListItem","position":1,"name":"Home","item":"https:\/\/skaitytaknyga.lt\/"},{"@type":"ListItem","position":2,"name":"Parduotuv\u0117","item":"https:\/\/skaitytaknyga.lt\/knygu-parduotuve\/"},{"@type":"ListItem","position":3,"name":"100 spinteli\u0173"}]},{"@type":"WebSite","@id":"https:\/\/skaitytaknyga.lt\/#website","url":"https:\/\/skaitytaknyga.lt\/","name":"skaitytaknyga.lt","description":"Skaitytaknyga.lt \u2013 tai ma\u017eas \u0161eimos verslas, kuris prasid\u0117jo nuo meil\u0117s knygoms ir siekio i\u0161gelb\u0117ti knygas nuo likimo prie konteinerio. Kas vienam nereikalingas daiktas \u2013 kitam lobis, o mes esame tarpininkai, kurie padeda abiems tapti laimingesniems ???? \u017dinome kaip nelengva i\u0161gyventi ma\u017eiems verslams, tad nuo \u0161iol, \u010dia rasite ir kit\u0173, ma\u017e\u0173 \u0161eim\u0173 versl\u0173, rank\u0173 darbo, dovan\u0173 sau ir artimiesiems.","publisher":{"@id":"https:\/\/skaitytaknyga.lt\/#organization"},"potentialAction":[{"@type":"SearchAction","target":{"@type":"EntryPoint","urlTemplate":"https:\/\/skaitytaknyga.lt\/?s={search_term_string}"},"query-input":{"@type":"PropertyValueSpecification","valueRequired":true,"valueName":"search_term_string"}}],"inLanguage":"en-GB"},{"@type":"Organization","@id":"https:\/\/skaitytaknyga.lt\/#organization","name":"skaitytaknyga.lt","url":"https:\/\/skaitytaknyga.lt\/","logo":{"@type":"ImageObject","inLanguage":"en-GB","@id":"https:\/\/skaitytaknyga.lt\/#\/schema\/logo\/image\/","url":"https:\/\/skaitytaknyga.lt\/wp-content\/uploads\/2024\/05\/cropped-cropped-cropped-02_00843_jt3bggkj1j3HLc7SyY6rEUpg.jpeg","contentUrl":"https:\/\/skaitytaknyga.lt\/wp-content\/uploads\/2024\/05\/cropped-cropped-cropped-02_00843_jt3bggkj1j3HLc7SyY6rEUpg.jpeg","width":1600,"height":1600,"caption":"skaitytaknyga.lt"},"image":{"@id":"https:\/\/skaitytaknyga.lt\/#\/schema\/logo\/image\/"},"sameAs":["https:\/\/www.facebook.com\/skaitytaknyga\/"]}]}},"_links":{"self":[{"href":"https:\/\/skaitytaknyga.lt\/en\/wp-json\/wp\/v2\/product\/15873","targetHints":{"allow":["GET"]}}],"collection":[{"href":"https:\/\/skaitytaknyga.lt\/en\/wp-json\/wp\/v2\/product"}],"about":[{"href":"https:\/\/skaitytaknyga.lt\/en\/wp-json\/wp\/v2\/types\/product"}],"replies":[{"embeddable":true,"href":"https:\/\/skaitytaknyga.lt\/en\/wp-json\/wp\/v2\/comments?post=15873"}],"wp:featuredmedia":[{"embeddable":true,"href":"https:\/\/skaitytaknyga.lt\/en\/wp-json\/wp\/v2\/media\/15874"}],"wp:attachment":[{"href":"https:\/\/skaitytaknyga.lt\/en\/wp-json\/wp\/v2\/media?parent=15873"}],"wp:term":[{"taxonomy":"product_brand","embeddable":true,"href":"https:\/\/skaitytaknyga.lt\/en\/wp-json\/wp\/v2\/product_brand?post=15873"},{"taxonomy":"product_cat","embeddable":true,"href":"https:\/\/skaitytaknyga.lt\/en\/wp-json\/wp\/v2\/product_cat?post=15873"},{"taxonomy":"product_tag","embeddable":true,"href":"https:\/\/skaitytaknyga.lt\/en\/wp-json\/wp\/v2\/product_tag?post=15873"}],"curies":[{"name":"wp","href":"https:\/\/api.w.org\/{rel}","templated":true}]}}