{"id":15871,"date":"2025-01-08T18:17:15","date_gmt":"2025-01-08T16:17:15","guid":{"rendered":"https:\/\/skaitytaknyga.lt\/?post_type=product&#038;p=15871"},"modified":"2025-01-08T18:20:24","modified_gmt":"2025-01-08T16:20:24","slug":"saltis-keicia-zuvyciu-trajektorija","status":"publish","type":"product","link":"https:\/\/skaitytaknyga.lt\/en\/produktas\/saltis-keicia-zuvyciu-trajektorija\/","title":{"rendered":"\u0160altis kei\u010dia \u017euvy\u010di\u0173 trajektorij\u0105"},"content":{"rendered":"<p>Vienuolikmetis berniukas su\u017eino \u2013 t\u0117vai ketina skirtis. Apimtas did\u017eiausio sielvarto, jis kreipiasi pagalbos \u012f dang\u0173. Kit\u0105 dien\u0105 Kvebek\u0105 sukausto nereg\u0117ta ledo audra&#8230; Stichijos \u0161\u0117lsmas nesulaiko t\u0117\u010dio, ta\u010diau i\u0161judina visos gatvel\u0117s gyvenim\u0105.<\/p>\n<p>Gra\u017euol\u0117 \u0161ok\u0117ja \u017diuli priglaud\u017eia Boris\u0105, egocentri\u0161k\u0105 rus\u0173 mokslinink\u0105. Inteligenti\u0161ka g\u0117j\u0173 pora su d\u017eiaugsmu priima homofob\u0105 keik\u016bn\u0105 Aleks\u012f su s\u016bnumi. Nelaim\u0117 kuria naujus ry\u0161ius, vienyb\u0117 ir altruizmas su\u0161ildo \u0161irdis. \u012evykiai, paprasti ir kartu ne\u012ftik\u0117tini, palengva atne\u0161a daug permain\u0173.<\/p>\n<ul class=\"about-product d-none d-xl-block mt-4\">\n<li><strong>Originalus pavadinimas:<\/strong>\u00a0Le froid modifie la trajectoire des poissons<\/li>\n<li><strong>Autorius:<\/strong>\u00a0Pierre Szalowski<\/li>\n<li><strong>Leid\u0117jas:<\/strong>\u00a0Gimtasis \u017eodis<\/li>\n<li><strong>Metai:<\/strong>\u00a02012<\/li>\n<li><strong>Puslapiai:<\/strong>\u00a0256<\/li>\n<li class=\"toggleable type-new-formats \"><strong>ISBN:<\/strong>\u00a09789955164036<\/li>\n<li><strong>Versijos kodas:<\/strong>\u00a0PT.<\/li>\n<li class=\"toggleable type-new-formats \"><strong>Formatas:<\/strong>\u00a013 x 19 cm, kieti vir\u0161eliai<\/li>\n<li><strong>Kalba:<\/strong>\u00a0Lietuvi\u0173<\/li>\n<li><strong>Vert\u0117jas:<\/strong>\u00a0Egl\u0117 Juci\u016bnait\u0117<\/li>\n<\/ul>\n","protected":false},"excerpt":{"rendered":"<p>Vienuolikmetis berniukas su\u017eino \u2013 t\u0117vai ketina skirtis. Apimtas did\u017eiausio sielvarto, jis kreipiasi pagalbos \u012f dang\u0173. Kit\u0105 dien\u0105 Kvebek\u0105 sukausto nereg\u0117ta ledo audra&#8230; Stichijos \u0161\u0117lsmas nesulaiko t\u0117\u010dio, ta\u010diau i\u0161judina visos gatvel\u0117s gyvenim\u0105. Gra\u017euol\u0117 \u0161ok\u0117ja \u017diuli priglaud\u017eia Boris\u0105, egocentri\u0161k\u0105 rus\u0173 mokslinink\u0105. Inteligenti\u0161ka g\u0117j\u0173 pora su d\u017eiaugsmu priima homofob\u0105 keik\u016bn\u0105 Aleks\u012f su s\u016bnumi. Nelaim\u0117 kuria naujus ry\u0161ius, vienyb\u0117 ir altruizmas su\u0161ildo \u0161irdis. \u012evykiai, paprasti ir kartu ne\u012ftik\u0117tini, palengva atne\u0161a daug permain\u0173. Originalus pavadinimas:\u00a0Le froid modifie la trajectoire des poissons Autorius:\u00a0Pierre Szalowski Leid\u0117jas:\u00a0Gimtasis \u017eodis Metai:\u00a02012 Puslapiai:\u00a0256 ISBN:\u00a09789955164036 Versijos kodas:\u00a0PT. Formatas:\u00a013 x 19 cm, kieti vir\u0161eliai Kalba:\u00a0Lietuvi\u0173 Vert\u0117jas:\u00a0Egl\u0117 Juci\u016bnait\u0117<\/p>\n","protected":false},"featured_media":15872,"comment_status":"open","ping_status":"closed","template":"","meta":{"_acf_changed":false,"site-sidebar-layout":"default","site-content-layout":"","ast-site-content-layout":"default","site-content-style":"default","site-sidebar-style":"default","ast-global-header-display":"","ast-banner-title-visibility":"","ast-main-header-display":"","ast-hfb-above-header-display":"","ast-hfb-below-header-display":"","ast-hfb-mobile-header-display":"","site-post-title":"","ast-breadcrumbs-content":"","ast-featured-img":"","footer-sml-layout":"","ast-disable-related-posts":"","theme-transparent-header-meta":"default","adv-header-id-meta":"","stick-header-meta":"","header-above-stick-meta":"","header-main-stick-meta":"","header-below-stick-meta":"","astra-migrate-meta-layouts":"set","ast-page-background-enabled":"default","ast-page-background-meta":{"desktop":{"background-color":"","background-image":"","background-repeat":"repeat","background-position":"center center","background-size":"auto","background-attachment":"scroll","background-type":"","background-media":"","overlay-type":"","overlay-color":"","overlay-opacity":"","overlay-gradient":""},"tablet":{"background-color":"","background-image":"","background-repeat":"repeat","background-position":"center center","background-size":"auto","background-attachment":"scroll","background-type":"","background-media":"","overlay-type":"","overlay-color":"","overlay-opacity":"","overlay-gradient":""},"mobile":{"background-color":"","background-image":"","background-repeat":"repeat","background-position":"center center","background-size":"auto","background-attachment":"scroll","background-type":"","background-media":"","overlay-type":"","overlay-color":"","overlay-opacity":"","overlay-gradient":""}},"ast-content-background-meta":{"desktop":{"background-color":"var(--ast-global-color-4)","background-image":"","background-repeat":"repeat","background-position":"center center","background-size":"auto","background-attachment":"scroll","background-type":"","background-media":"","overlay-type":"","overlay-color":"","overlay-opacity":"","overlay-gradient":""},"tablet":{"background-color":"var(--ast-global-color-4)","background-image":"","background-repeat":"repeat","background-position":"center center","background-size":"auto","background-attachment":"scroll","background-type":"","background-media":"","overlay-type":"","overlay-color":"","overlay-opacity":"","overlay-gradient":""},"mobile":{"background-color":"var(--ast-global-color-4)","background-image":"","background-repeat":"repeat","background-position":"center center","background-size":"auto","background-attachment":"scroll","background-type":"","background-media":"","overlay-type":"","overlay-color":"","overlay-opacity":"","overlay-gradient":""}}},"product_brand":[],"product_cat":[15,35],"product_tag":[],"class_list":{"0":"post-15871","1":"product","2":"type-product","3":"status-publish","4":"has-post-thumbnail","6":"product_cat-uncategorized","7":"product_cat-vaikams-ir-paaugliams","8":"desktop-align-left","9":"tablet-align-left","10":"mobile-align-left","12":"first","13":"instock","14":"shipping-taxable","15":"purchasable","16":"product-type-simple"},"acf":[],"yoast_head":"<!-- This site is optimized with the Yoast SEO plugin v27.0 - https:\/\/yoast.com\/product\/yoast-seo-wordpress\/ -->\n<title>\u0160altis kei\u010dia \u017euvy\u010di\u0173 trajektorij\u0105<\/title>\n<meta name=\"description\" content=\"Vienuolikmetis berniukas su\u017eino \u2013 t\u0117vai ketina skirtis. Apimtas did\u017eiausio sielvarto, jis kreipiasi pagalbos \u012f dang\u0173. Kit\u0105 dien\u0105 Kvebek\u0105 sukausto nereg\u0117ta\" \/>\n<meta name=\"robots\" content=\"index, follow, max-snippet:-1, max-image-preview:large, max-video-preview:-1\" \/>\n<link rel=\"canonical\" href=\"https:\/\/skaitytaknyga.lt\/en\/produktas\/saltis-keicia-zuvyciu-trajektorija\/\" \/>\n<meta property=\"og:locale\" content=\"en_GB\" \/>\n<meta property=\"og:locale:alternate\" content=\"lt_LT\" \/>\n<meta property=\"og:type\" content=\"article\" \/>\n<meta property=\"og:title\" content=\"\u0160altis kei\u010dia \u017euvy\u010di\u0173 trajektorij\u0105\" \/>\n<meta property=\"og:description\" content=\"Vienuolikmetis berniukas su\u017eino \u2013 t\u0117vai ketina skirtis. Apimtas did\u017eiausio sielvarto, jis kreipiasi pagalbos \u012f dang\u0173. Kit\u0105 dien\u0105 Kvebek\u0105 sukausto nereg\u0117ta\" \/>\n<meta property=\"og:url\" content=\"https:\/\/skaitytaknyga.lt\/en\/produktas\/saltis-keicia-zuvyciu-trajektorija\/\" \/>\n<meta property=\"og:site_name\" content=\"Skaitytaknyga\" \/>\n<meta property=\"article:publisher\" content=\"https:\/\/www.facebook.com\/skaitytaknyga\/\" \/>\n<meta property=\"article:modified_time\" content=\"2025-01-08T16:20:24+00:00\" \/>\n<meta property=\"og:image\" content=\"https:\/\/skaitytaknyga.lt\/wp-content\/uploads\/2025\/01\/Saltis-keicia-zuvyciu-trajektorija.webp\" \/>\n\t<meta property=\"og:image:width\" content=\"511\" \/>\n\t<meta property=\"og:image:height\" content=\"799\" \/>\n\t<meta property=\"og:image:type\" content=\"image\/webp\" \/>\n<meta name=\"twitter:card\" content=\"summary_large_image\" \/>\n<meta name=\"twitter:label1\" content=\"Estimated reading time\" \/>\n\t<meta name=\"twitter:data1\" content=\"1 minute\" \/>\n<script type=\"application\/ld+json\" class=\"yoast-schema-graph\">{\"@context\":\"https:\/\/schema.org\",\"@graph\":[{\"@type\":\"WebPage\",\"@id\":\"https:\/\/skaitytaknyga.lt\/produktas\/saltis-keicia-zuvyciu-trajektorija\/\",\"url\":\"https:\/\/skaitytaknyga.lt\/produktas\/saltis-keicia-zuvyciu-trajektorija\/\",\"name\":\"\u0160altis kei\u010dia \u017euvy\u010di\u0173 trajektorij\u0105\",\"isPartOf\":{\"@id\":\"https:\/\/skaitytaknyga.lt\/#website\"},\"primaryImageOfPage\":{\"@id\":\"https:\/\/skaitytaknyga.lt\/produktas\/saltis-keicia-zuvyciu-trajektorija\/#primaryimage\"},\"image\":{\"@id\":\"https:\/\/skaitytaknyga.lt\/produktas\/saltis-keicia-zuvyciu-trajektorija\/#primaryimage\"},\"thumbnailUrl\":\"https:\/\/skaitytaknyga.lt\/wp-content\/uploads\/2025\/01\/Saltis-keicia-zuvyciu-trajektorija.webp\",\"datePublished\":\"2025-01-08T16:17:15+00:00\",\"dateModified\":\"2025-01-08T16:20:24+00:00\",\"description\":\"Vienuolikmetis berniukas su\u017eino \u2013 t\u0117vai ketina skirtis. Apimtas did\u017eiausio sielvarto, jis kreipiasi pagalbos \u012f dang\u0173. Kit\u0105 dien\u0105 Kvebek\u0105 sukausto nereg\u0117ta\",\"breadcrumb\":{\"@id\":\"https:\/\/skaitytaknyga.lt\/produktas\/saltis-keicia-zuvyciu-trajektorija\/#breadcrumb\"},\"inLanguage\":\"en-GB\",\"potentialAction\":[{\"@type\":\"ReadAction\",\"target\":[\"https:\/\/skaitytaknyga.lt\/produktas\/saltis-keicia-zuvyciu-trajektorija\/\"]}]},{\"@type\":\"ImageObject\",\"inLanguage\":\"en-GB\",\"@id\":\"https:\/\/skaitytaknyga.lt\/produktas\/saltis-keicia-zuvyciu-trajektorija\/#primaryimage\",\"url\":\"https:\/\/skaitytaknyga.lt\/wp-content\/uploads\/2025\/01\/Saltis-keicia-zuvyciu-trajektorija.webp\",\"contentUrl\":\"https:\/\/skaitytaknyga.lt\/wp-content\/uploads\/2025\/01\/Saltis-keicia-zuvyciu-trajektorija.webp\",\"width\":511,\"height\":799,\"caption\":\"\u0160altis kei\u010dia \u017euvy\u010di\u0173 trajektorij\u0105\"},{\"@type\":\"BreadcrumbList\",\"@id\":\"https:\/\/skaitytaknyga.lt\/produktas\/saltis-keicia-zuvyciu-trajektorija\/#breadcrumb\",\"itemListElement\":[{\"@type\":\"ListItem\",\"position\":1,\"name\":\"Home\",\"item\":\"https:\/\/skaitytaknyga.lt\/\"},{\"@type\":\"ListItem\",\"position\":2,\"name\":\"Parduotuv\u0117\",\"item\":\"https:\/\/skaitytaknyga.lt\/knygu-parduotuve\/\"},{\"@type\":\"ListItem\",\"position\":3,\"name\":\"\u0160altis kei\u010dia \u017euvy\u010di\u0173 trajektorij\u0105\"}]},{\"@type\":\"WebSite\",\"@id\":\"https:\/\/skaitytaknyga.lt\/#website\",\"url\":\"https:\/\/skaitytaknyga.lt\/\",\"name\":\"skaitytaknyga.lt\",\"description\":\"Skaitytaknyga.lt \u2013 tai ma\u017eas \u0161eimos verslas, kuris prasid\u0117jo nuo meil\u0117s knygoms ir siekio i\u0161gelb\u0117ti knygas nuo likimo prie konteinerio. Kas vienam nereikalingas daiktas \u2013 kitam lobis, o mes esame tarpininkai, kurie padeda abiems tapti laimingesniems ???? \u017dinome kaip nelengva i\u0161gyventi ma\u017eiems verslams, tad nuo \u0161iol, \u010dia rasite ir kit\u0173, ma\u017e\u0173 \u0161eim\u0173 versl\u0173, rank\u0173 darbo, dovan\u0173 sau ir artimiesiems.\",\"publisher\":{\"@id\":\"https:\/\/skaitytaknyga.lt\/#organization\"},\"potentialAction\":[{\"@type\":\"SearchAction\",\"target\":{\"@type\":\"EntryPoint\",\"urlTemplate\":\"https:\/\/skaitytaknyga.lt\/?s={search_term_string}\"},\"query-input\":{\"@type\":\"PropertyValueSpecification\",\"valueRequired\":true,\"valueName\":\"search_term_string\"}}],\"inLanguage\":\"en-GB\"},{\"@type\":\"Organization\",\"@id\":\"https:\/\/skaitytaknyga.lt\/#organization\",\"name\":\"skaitytaknyga.lt\",\"url\":\"https:\/\/skaitytaknyga.lt\/\",\"logo\":{\"@type\":\"ImageObject\",\"inLanguage\":\"en-GB\",\"@id\":\"https:\/\/skaitytaknyga.lt\/#\/schema\/logo\/image\/\",\"url\":\"https:\/\/skaitytaknyga.lt\/wp-content\/uploads\/2024\/05\/cropped-cropped-cropped-02_00843_jt3bggkj1j3HLc7SyY6rEUpg.jpeg\",\"contentUrl\":\"https:\/\/skaitytaknyga.lt\/wp-content\/uploads\/2024\/05\/cropped-cropped-cropped-02_00843_jt3bggkj1j3HLc7SyY6rEUpg.jpeg\",\"width\":1600,\"height\":1600,\"caption\":\"skaitytaknyga.lt\"},\"image\":{\"@id\":\"https:\/\/skaitytaknyga.lt\/#\/schema\/logo\/image\/\"},\"sameAs\":[\"https:\/\/www.facebook.com\/skaitytaknyga\/\"]}]}<\/script>\n<!-- \/ Yoast SEO plugin. -->","yoast_head_json":{"title":"\u0160altis kei\u010dia \u017euvy\u010di\u0173 trajektorij\u0105","description":"Vienuolikmetis berniukas su\u017eino \u2013 t\u0117vai ketina skirtis. Apimtas did\u017eiausio sielvarto, jis kreipiasi pagalbos \u012f dang\u0173. Kit\u0105 dien\u0105 Kvebek\u0105 sukausto nereg\u0117ta","robots":{"index":"index","follow":"follow","max-snippet":"max-snippet:-1","max-image-preview":"max-image-preview:large","max-video-preview":"max-video-preview:-1"},"canonical":"https:\/\/skaitytaknyga.lt\/en\/produktas\/saltis-keicia-zuvyciu-trajektorija\/","og_locale":"en_GB","og_type":"article","og_title":"[:lt]\u0160altis kei\u010dia \u017euvy\u010di\u0173 trajektorij\u0105[:] - Skaitytaknyga","og_description":"Vienuolikmetis berniukas su\u017eino \u2013 t\u0117vai ketina skirtis. Apimtas did\u017eiausio sielvarto, jis kreipiasi pagalbos \u012f dang\u0173. Kit\u0105 dien\u0105 Kvebek\u0105 sukausto nereg\u0117ta","og_url":"https:\/\/skaitytaknyga.lt\/en\/produktas\/saltis-keicia-zuvyciu-trajektorija\/","og_site_name":"Skaitytaknyga","article_publisher":"https:\/\/www.facebook.com\/skaitytaknyga\/","article_modified_time":"2025-01-08T16:20:24+00:00","og_image":[{"width":511,"height":799,"url":"https:\/\/skaitytaknyga.lt\/wp-content\/uploads\/2025\/01\/Saltis-keicia-zuvyciu-trajektorija.webp","type":"image\/webp"}],"twitter_card":"summary_large_image","twitter_misc":{"Estimated reading time":"1 minute"},"schema":{"@context":"https:\/\/schema.org","@graph":[{"@type":"WebPage","@id":"https:\/\/skaitytaknyga.lt\/produktas\/saltis-keicia-zuvyciu-trajektorija\/","url":"https:\/\/skaitytaknyga.lt\/produktas\/saltis-keicia-zuvyciu-trajektorija\/","name":"\u0160altis kei\u010dia \u017euvy\u010di\u0173 trajektorij\u0105","isPartOf":{"@id":"https:\/\/skaitytaknyga.lt\/#website"},"primaryImageOfPage":{"@id":"https:\/\/skaitytaknyga.lt\/produktas\/saltis-keicia-zuvyciu-trajektorija\/#primaryimage"},"image":{"@id":"https:\/\/skaitytaknyga.lt\/produktas\/saltis-keicia-zuvyciu-trajektorija\/#primaryimage"},"thumbnailUrl":"https:\/\/skaitytaknyga.lt\/wp-content\/uploads\/2025\/01\/Saltis-keicia-zuvyciu-trajektorija.webp","datePublished":"2025-01-08T16:17:15+00:00","dateModified":"2025-01-08T16:20:24+00:00","description":"Vienuolikmetis berniukas su\u017eino \u2013 t\u0117vai ketina skirtis. Apimtas did\u017eiausio sielvarto, jis kreipiasi pagalbos \u012f dang\u0173. Kit\u0105 dien\u0105 Kvebek\u0105 sukausto nereg\u0117ta","breadcrumb":{"@id":"https:\/\/skaitytaknyga.lt\/produktas\/saltis-keicia-zuvyciu-trajektorija\/#breadcrumb"},"inLanguage":"en-GB","potentialAction":[{"@type":"ReadAction","target":["https:\/\/skaitytaknyga.lt\/produktas\/saltis-keicia-zuvyciu-trajektorija\/"]}]},{"@type":"ImageObject","inLanguage":"en-GB","@id":"https:\/\/skaitytaknyga.lt\/produktas\/saltis-keicia-zuvyciu-trajektorija\/#primaryimage","url":"https:\/\/skaitytaknyga.lt\/wp-content\/uploads\/2025\/01\/Saltis-keicia-zuvyciu-trajektorija.webp","contentUrl":"https:\/\/skaitytaknyga.lt\/wp-content\/uploads\/2025\/01\/Saltis-keicia-zuvyciu-trajektorija.webp","width":511,"height":799,"caption":"\u0160altis kei\u010dia \u017euvy\u010di\u0173 trajektorij\u0105"},{"@type":"BreadcrumbList","@id":"https:\/\/skaitytaknyga.lt\/produktas\/saltis-keicia-zuvyciu-trajektorija\/#breadcrumb","itemListElement":[{"@type":"ListItem","position":1,"name":"Home","item":"https:\/\/skaitytaknyga.lt\/"},{"@type":"ListItem","position":2,"name":"Parduotuv\u0117","item":"https:\/\/skaitytaknyga.lt\/knygu-parduotuve\/"},{"@type":"ListItem","position":3,"name":"\u0160altis kei\u010dia \u017euvy\u010di\u0173 trajektorij\u0105"}]},{"@type":"WebSite","@id":"https:\/\/skaitytaknyga.lt\/#website","url":"https:\/\/skaitytaknyga.lt\/","name":"skaitytaknyga.lt","description":"Skaitytaknyga.lt \u2013 tai ma\u017eas \u0161eimos verslas, kuris prasid\u0117jo nuo meil\u0117s knygoms ir siekio i\u0161gelb\u0117ti knygas nuo likimo prie konteinerio. Kas vienam nereikalingas daiktas \u2013 kitam lobis, o mes esame tarpininkai, kurie padeda abiems tapti laimingesniems ???? \u017dinome kaip nelengva i\u0161gyventi ma\u017eiems verslams, tad nuo \u0161iol, \u010dia rasite ir kit\u0173, ma\u017e\u0173 \u0161eim\u0173 versl\u0173, rank\u0173 darbo, dovan\u0173 sau ir artimiesiems.","publisher":{"@id":"https:\/\/skaitytaknyga.lt\/#organization"},"potentialAction":[{"@type":"SearchAction","target":{"@type":"EntryPoint","urlTemplate":"https:\/\/skaitytaknyga.lt\/?s={search_term_string}"},"query-input":{"@type":"PropertyValueSpecification","valueRequired":true,"valueName":"search_term_string"}}],"inLanguage":"en-GB"},{"@type":"Organization","@id":"https:\/\/skaitytaknyga.lt\/#organization","name":"skaitytaknyga.lt","url":"https:\/\/skaitytaknyga.lt\/","logo":{"@type":"ImageObject","inLanguage":"en-GB","@id":"https:\/\/skaitytaknyga.lt\/#\/schema\/logo\/image\/","url":"https:\/\/skaitytaknyga.lt\/wp-content\/uploads\/2024\/05\/cropped-cropped-cropped-02_00843_jt3bggkj1j3HLc7SyY6rEUpg.jpeg","contentUrl":"https:\/\/skaitytaknyga.lt\/wp-content\/uploads\/2024\/05\/cropped-cropped-cropped-02_00843_jt3bggkj1j3HLc7SyY6rEUpg.jpeg","width":1600,"height":1600,"caption":"skaitytaknyga.lt"},"image":{"@id":"https:\/\/skaitytaknyga.lt\/#\/schema\/logo\/image\/"},"sameAs":["https:\/\/www.facebook.com\/skaitytaknyga\/"]}]}},"_links":{"self":[{"href":"https:\/\/skaitytaknyga.lt\/en\/wp-json\/wp\/v2\/product\/15871","targetHints":{"allow":["GET"]}}],"collection":[{"href":"https:\/\/skaitytaknyga.lt\/en\/wp-json\/wp\/v2\/product"}],"about":[{"href":"https:\/\/skaitytaknyga.lt\/en\/wp-json\/wp\/v2\/types\/product"}],"replies":[{"embeddable":true,"href":"https:\/\/skaitytaknyga.lt\/en\/wp-json\/wp\/v2\/comments?post=15871"}],"wp:featuredmedia":[{"embeddable":true,"href":"https:\/\/skaitytaknyga.lt\/en\/wp-json\/wp\/v2\/media\/15872"}],"wp:attachment":[{"href":"https:\/\/skaitytaknyga.lt\/en\/wp-json\/wp\/v2\/media?parent=15871"}],"wp:term":[{"taxonomy":"product_brand","embeddable":true,"href":"https:\/\/skaitytaknyga.lt\/en\/wp-json\/wp\/v2\/product_brand?post=15871"},{"taxonomy":"product_cat","embeddable":true,"href":"https:\/\/skaitytaknyga.lt\/en\/wp-json\/wp\/v2\/product_cat?post=15871"},{"taxonomy":"product_tag","embeddable":true,"href":"https:\/\/skaitytaknyga.lt\/en\/wp-json\/wp\/v2\/product_tag?post=15871"}],"curies":[{"name":"wp","href":"https:\/\/api.w.org\/{rel}","templated":true}]}}