{"id":15869,"date":"2025-01-08T18:15:47","date_gmt":"2025-01-08T16:15:47","guid":{"rendered":"https:\/\/skaitytaknyga.lt\/?post_type=product&#038;p=15869"},"modified":"2025-11-09T16:32:28","modified_gmt":"2025-11-09T14:32:28","slug":"piteris-penas","status":"publish","type":"product","link":"https:\/\/skaitytaknyga.lt\/en\/produktas\/piteris-penas\/","title":{"rendered":"Piteris Penas"},"content":{"rendered":"<p>\u0160is pasakojimas \u2013 apie stebukling\u0105 berniuk\u0105, kuris niekada neu\u017eauga. Apie draugyst\u0119, nuotykius, meil\u0119. Apie tai, kad Niekados \u0161alis \u2013 labai arti ir labai toli, o Piteris Penas \u012f m\u016bs\u0173 lang\u0105 gali pasibelsti bet kuri\u0105 nakt\u012f.<\/p>\n<p>Gyveno laiminga \u0161eima: t\u0117tis, mama ir trys vaikai \u2013 Vend\u0117, D\u017eonas ir Maiklas. Mama vakarais sekdavo pasakas, n\u0117 ne\u012ftardama, kad klausosi ne tik jos vaikai, bet ir berniukas, atskrid\u0119s i\u0161 Niekados \u0161alies. Nepaprastas vaikas, mokantis skraidyti ir kalbantis su f\u0117jomis. Vaikas, kuris niekada neu\u017eauga ir gyvena kupin\u0105 nuotyki\u0173 gyvenim\u0105. Ta\u010diau&#8230; Piteris Penas ir kiti Niekados \u0161alies berniukai neturi mamos. Ir ten niekas nemoka sekti pasak\u0173.<\/p>\n<p>Tod\u0117l vien\u0105 vakar\u0105, mamai su t\u0117\u010diu i\u0161\u0117jus i\u0161 nam\u0173, Piteris Penas \u012fskrenda pro vaik\u0173 kambario lang\u0105 ir \u012fkalba Vend\u0119, D\u017eon\u0105 bei Maikl\u0105 skristi drauge \u012f am\u017einos vaikyst\u0117s \u0161al\u012f. O ten Vend\u0117 taps Piterio Peno ir jo komandos berniuk\u0173 mama.<\/p>\n<p>Fantasti\u0161ka kelion\u0117 padebesiais nuveda juos \u012f stebukling\u0105 \u0161al\u012f, kur vienas nuotykis veja kit\u0105. Ten piratai grasina sugauti Piter\u012f Pen\u0105, ten netik\u0117tai puola ind\u0117nai, ten klastinga f\u0117ja Dindilin pavydi Vendei Piterio, o undin\u0117s \u017eaid\u017eia vandens burbulais. Ten nuobod\u017eiauti n\u0117ra kada.<br \/>\nBet kaipgi t\u0117vai, kurie vis\u0105 t\u0105 laik\u0105 li\u016bdi d\u0117l i\u0161skridusi\u0173 vaik\u0173?<br \/>\nIstorija baigiasi laimingai. Kaip? Paskaitykite.<\/p>\n<ul class=\"about-product d-none d-xl-block mt-4\">\n<li><strong>Autorius:<\/strong>\u00a0James Matthew Barrie<\/li>\n<li><strong>Leid\u0117jas:<\/strong>\u00a0Tyto alba<\/li>\n<li><strong>Metai:<\/strong>\u00a02013<\/li>\n<li><strong>Puslapiai:<\/strong>\u00a0288<\/li>\n<li class=\"toggleable type-new-formats \"><strong>ISBN:<\/strong>\u00a09789986169833<\/li>\n<li><strong>Versijos kodas:<\/strong>\u00a0PT.<\/li>\n<li><strong>Kalba:<\/strong>\u00a0Lietuvi\u0173<\/li>\n<li><strong>Vert\u0117jas:<\/strong>\u00a0R\u016bta Montvilien\u0117<\/li>\n<\/ul>\n","protected":false},"excerpt":{"rendered":"<p>\u0160is pasakojimas \u2013 apie stebukling\u0105 berniuk\u0105, kuris niekada neu\u017eauga. Apie draugyst\u0119, nuotykius, meil\u0119. Apie tai, kad Niekados \u0161alis \u2013 labai arti ir labai toli, o Piteris Penas \u012f m\u016bs\u0173 lang\u0105 gali pasibelsti bet kuri\u0105 nakt\u012f. Gyveno laiminga \u0161eima: t\u0117tis, mama ir trys vaikai \u2013 Vend\u0117, D\u017eonas ir Maiklas. Mama vakarais sekdavo pasakas, n\u0117 ne\u012ftardama, kad klausosi ne tik jos vaikai, bet ir berniukas, atskrid\u0119s i\u0161 Niekados \u0161alies. Nepaprastas vaikas, mokantis skraidyti ir kalbantis su f\u0117jomis. Vaikas, kuris niekada neu\u017eauga ir gyvena kupin\u0105 nuotyki\u0173 gyvenim\u0105. Ta\u010diau&#8230; Piteris Penas ir kiti Niekados \u0161alies berniukai neturi mamos. Ir ten niekas nemoka sekti pasak\u0173. Tod\u0117l vien\u0105 vakar\u0105, mamai su t\u0117\u010diu i\u0161\u0117jus i\u0161 nam\u0173, Piteris Penas \u012fskrenda pro vaik\u0173 kambario lang\u0105 ir \u012fkalba Vend\u0119, D\u017eon\u0105 bei Maikl\u0105 skristi drauge \u012f am\u017einos vaikyst\u0117s \u0161al\u012f. O ten Vend\u0117 taps Piterio Peno ir jo komandos berniuk\u0173 mama. Fantasti\u0161ka kelion\u0117 padebesiais nuveda juos \u012f stebukling\u0105 \u0161al\u012f, kur vienas nuotykis veja kit\u0105. Ten piratai grasina sugauti Piter\u012f Pen\u0105, ten netik\u0117tai puola ind\u0117nai, ten klastinga f\u0117ja Dindilin pavydi Vendei Piterio, o undin\u0117s \u017eaid\u017eia vandens burbulais. Ten nuobod\u017eiauti n\u0117ra kada. Bet kaipgi t\u0117vai, kurie vis\u0105 t\u0105 laik\u0105 li\u016bdi d\u0117l i\u0161skridusi\u0173 vaik\u0173? Istorija baigiasi laimingai. Kaip? Paskaitykite. Autorius:\u00a0James Matthew Barrie Leid\u0117jas:\u00a0Tyto alba Metai:\u00a02013 Puslapiai:\u00a0288 ISBN:\u00a09789986169833 Versijos kodas:\u00a0PT. Kalba:\u00a0Lietuvi\u0173 Vert\u0117jas:\u00a0R\u016bta Montvilien\u0117<\/p>\n","protected":false},"featured_media":15870,"comment_status":"open","ping_status":"closed","template":"","meta":{"_acf_changed":false,"site-sidebar-layout":"default","site-content-layout":"","ast-site-content-layout":"default","site-content-style":"default","site-sidebar-style":"default","ast-global-header-display":"","ast-banner-title-visibility":"","ast-main-header-display":"","ast-hfb-above-header-display":"","ast-hfb-below-header-display":"","ast-hfb-mobile-header-display":"","site-post-title":"","ast-breadcrumbs-content":"","ast-featured-img":"","footer-sml-layout":"","ast-disable-related-posts":"","theme-transparent-header-meta":"default","adv-header-id-meta":"","stick-header-meta":"","header-above-stick-meta":"","header-main-stick-meta":"","header-below-stick-meta":"","astra-migrate-meta-layouts":"set","ast-page-background-enabled":"default","ast-page-background-meta":{"desktop":{"background-color":"","background-image":"","background-repeat":"repeat","background-position":"center center","background-size":"auto","background-attachment":"scroll","background-type":"","background-media":"","overlay-type":"","overlay-color":"","overlay-opacity":"","overlay-gradient":""},"tablet":{"background-color":"","background-image":"","background-repeat":"repeat","background-position":"center center","background-size":"auto","background-attachment":"scroll","background-type":"","background-media":"","overlay-type":"","overlay-color":"","overlay-opacity":"","overlay-gradient":""},"mobile":{"background-color":"","background-image":"","background-repeat":"repeat","background-position":"center center","background-size":"auto","background-attachment":"scroll","background-type":"","background-media":"","overlay-type":"","overlay-color":"","overlay-opacity":"","overlay-gradient":""}},"ast-content-background-meta":{"desktop":{"background-color":"var(--ast-global-color-4)","background-image":"","background-repeat":"repeat","background-position":"center center","background-size":"auto","background-attachment":"scroll","background-type":"","background-media":"","overlay-type":"","overlay-color":"","overlay-opacity":"","overlay-gradient":""},"tablet":{"background-color":"var(--ast-global-color-4)","background-image":"","background-repeat":"repeat","background-position":"center center","background-size":"auto","background-attachment":"scroll","background-type":"","background-media":"","overlay-type":"","overlay-color":"","overlay-opacity":"","overlay-gradient":""},"mobile":{"background-color":"var(--ast-global-color-4)","background-image":"","background-repeat":"repeat","background-position":"center center","background-size":"auto","background-attachment":"scroll","background-type":"","background-media":"","overlay-type":"","overlay-color":"","overlay-opacity":"","overlay-gradient":""}}},"product_brand":[],"product_cat":[15,35],"product_tag":[4995,4994,1437,1451,4816,4996,1646,1785],"class_list":{"0":"post-15869","1":"product","2":"type-product","3":"status-publish","4":"has-post-thumbnail","6":"product_cat-uncategorized","7":"product_cat-vaikams-ir-paaugliams","8":"product_tag-fejos","9":"product_tag-james-matthew-barrie","10":"product_tag-klasika","11":"product_tag-nuotykiai","12":"product_tag-pasaka","13":"product_tag-piteris-penas","14":"product_tag-seima","15":"product_tag-vaikams","16":"desktop-align-left","17":"tablet-align-left","18":"mobile-align-left","20":"first","21":"outofstock","22":"shipping-taxable","23":"purchasable","24":"product-type-simple"},"acf":[],"yoast_head":"<!-- This site is optimized with the Yoast SEO plugin v27.0 - https:\/\/yoast.com\/product\/yoast-seo-wordpress\/ -->\n<title>Piteris Penas<\/title>\n<meta name=\"description\" content=\"\u0160is pasakojimas \u2013 apie stebukling\u0105 berniuk\u0105, kuris niekada neu\u017eauga. Apie draugyst\u0119, nuotykius, meil\u0119. Apie tai, kad Niekados \u0161alis \u2013 labai arti ir labai\" \/>\n<meta name=\"robots\" content=\"index, follow, max-snippet:-1, max-image-preview:large, max-video-preview:-1\" \/>\n<link rel=\"canonical\" href=\"https:\/\/skaitytaknyga.lt\/en\/produktas\/piteris-penas\/\" \/>\n<meta property=\"og:locale\" content=\"en_GB\" \/>\n<meta property=\"og:locale:alternate\" content=\"lt_LT\" \/>\n<meta property=\"og:type\" content=\"article\" \/>\n<meta property=\"og:title\" content=\"Piteris Penas\" \/>\n<meta property=\"og:description\" content=\"\u0160is pasakojimas \u2013 apie stebukling\u0105 berniuk\u0105, kuris niekada neu\u017eauga. Apie draugyst\u0119, nuotykius, meil\u0119. Apie tai, kad Niekados \u0161alis \u2013 labai arti ir labai\" \/>\n<meta property=\"og:url\" content=\"https:\/\/skaitytaknyga.lt\/en\/produktas\/piteris-penas\/\" \/>\n<meta property=\"og:site_name\" content=\"Skaitytaknyga\" \/>\n<meta property=\"article:publisher\" content=\"https:\/\/www.facebook.com\/skaitytaknyga\/\" \/>\n<meta property=\"article:modified_time\" content=\"2025-11-09T14:32:28+00:00\" \/>\n<meta property=\"og:image\" content=\"https:\/\/skaitytaknyga.lt\/wp-content\/uploads\/2025\/01\/Piteris-Penas.webp\" \/>\n\t<meta property=\"og:image:width\" content=\"533\" \/>\n\t<meta property=\"og:image:height\" content=\"800\" \/>\n\t<meta property=\"og:image:type\" content=\"image\/webp\" \/>\n<meta name=\"twitter:card\" content=\"summary_large_image\" \/>\n<meta name=\"twitter:label1\" content=\"Estimated reading time\" \/>\n\t<meta name=\"twitter:data1\" content=\"2 minutes\" \/>\n<script type=\"application\/ld+json\" class=\"yoast-schema-graph\">{\"@context\":\"https:\/\/schema.org\",\"@graph\":[{\"@type\":\"WebPage\",\"@id\":\"https:\/\/skaitytaknyga.lt\/produktas\/piteris-penas\/\",\"url\":\"https:\/\/skaitytaknyga.lt\/produktas\/piteris-penas\/\",\"name\":\"Piteris Penas\",\"isPartOf\":{\"@id\":\"https:\/\/skaitytaknyga.lt\/#website\"},\"primaryImageOfPage\":{\"@id\":\"https:\/\/skaitytaknyga.lt\/produktas\/piteris-penas\/#primaryimage\"},\"image\":{\"@id\":\"https:\/\/skaitytaknyga.lt\/produktas\/piteris-penas\/#primaryimage\"},\"thumbnailUrl\":\"https:\/\/skaitytaknyga.lt\/wp-content\/uploads\/2025\/01\/Piteris-Penas.webp\",\"datePublished\":\"2025-01-08T16:15:47+00:00\",\"dateModified\":\"2025-11-09T14:32:28+00:00\",\"description\":\"\u0160is pasakojimas \u2013 apie stebukling\u0105 berniuk\u0105, kuris niekada neu\u017eauga. Apie draugyst\u0119, nuotykius, meil\u0119. Apie tai, kad Niekados \u0161alis \u2013 labai arti ir labai\",\"breadcrumb\":{\"@id\":\"https:\/\/skaitytaknyga.lt\/produktas\/piteris-penas\/#breadcrumb\"},\"inLanguage\":\"en-GB\",\"potentialAction\":[{\"@type\":\"ReadAction\",\"target\":[\"https:\/\/skaitytaknyga.lt\/produktas\/piteris-penas\/\"]}]},{\"@type\":\"ImageObject\",\"inLanguage\":\"en-GB\",\"@id\":\"https:\/\/skaitytaknyga.lt\/produktas\/piteris-penas\/#primaryimage\",\"url\":\"https:\/\/skaitytaknyga.lt\/wp-content\/uploads\/2025\/01\/Piteris-Penas.webp\",\"contentUrl\":\"https:\/\/skaitytaknyga.lt\/wp-content\/uploads\/2025\/01\/Piteris-Penas.webp\",\"width\":533,\"height\":800,\"caption\":\"Piteris Penas\"},{\"@type\":\"BreadcrumbList\",\"@id\":\"https:\/\/skaitytaknyga.lt\/produktas\/piteris-penas\/#breadcrumb\",\"itemListElement\":[{\"@type\":\"ListItem\",\"position\":1,\"name\":\"Home\",\"item\":\"https:\/\/skaitytaknyga.lt\/\"},{\"@type\":\"ListItem\",\"position\":2,\"name\":\"Parduotuv\u0117\",\"item\":\"https:\/\/skaitytaknyga.lt\/knygu-parduotuve\/\"},{\"@type\":\"ListItem\",\"position\":3,\"name\":\"Piteris Penas\"}]},{\"@type\":\"WebSite\",\"@id\":\"https:\/\/skaitytaknyga.lt\/#website\",\"url\":\"https:\/\/skaitytaknyga.lt\/\",\"name\":\"skaitytaknyga.lt\",\"description\":\"Skaitytaknyga.lt \u2013 tai ma\u017eas \u0161eimos verslas, kuris prasid\u0117jo nuo meil\u0117s knygoms ir siekio i\u0161gelb\u0117ti knygas nuo likimo prie konteinerio. Kas vienam nereikalingas daiktas \u2013 kitam lobis, o mes esame tarpininkai, kurie padeda abiems tapti laimingesniems ???? \u017dinome kaip nelengva i\u0161gyventi ma\u017eiems verslams, tad nuo \u0161iol, \u010dia rasite ir kit\u0173, ma\u017e\u0173 \u0161eim\u0173 versl\u0173, rank\u0173 darbo, dovan\u0173 sau ir artimiesiems.\",\"publisher\":{\"@id\":\"https:\/\/skaitytaknyga.lt\/#organization\"},\"potentialAction\":[{\"@type\":\"SearchAction\",\"target\":{\"@type\":\"EntryPoint\",\"urlTemplate\":\"https:\/\/skaitytaknyga.lt\/?s={search_term_string}\"},\"query-input\":{\"@type\":\"PropertyValueSpecification\",\"valueRequired\":true,\"valueName\":\"search_term_string\"}}],\"inLanguage\":\"en-GB\"},{\"@type\":\"Organization\",\"@id\":\"https:\/\/skaitytaknyga.lt\/#organization\",\"name\":\"skaitytaknyga.lt\",\"url\":\"https:\/\/skaitytaknyga.lt\/\",\"logo\":{\"@type\":\"ImageObject\",\"inLanguage\":\"en-GB\",\"@id\":\"https:\/\/skaitytaknyga.lt\/#\/schema\/logo\/image\/\",\"url\":\"https:\/\/skaitytaknyga.lt\/wp-content\/uploads\/2024\/05\/cropped-cropped-cropped-02_00843_jt3bggkj1j3HLc7SyY6rEUpg.jpeg\",\"contentUrl\":\"https:\/\/skaitytaknyga.lt\/wp-content\/uploads\/2024\/05\/cropped-cropped-cropped-02_00843_jt3bggkj1j3HLc7SyY6rEUpg.jpeg\",\"width\":1600,\"height\":1600,\"caption\":\"skaitytaknyga.lt\"},\"image\":{\"@id\":\"https:\/\/skaitytaknyga.lt\/#\/schema\/logo\/image\/\"},\"sameAs\":[\"https:\/\/www.facebook.com\/skaitytaknyga\/\"]}]}<\/script>\n<!-- \/ Yoast SEO plugin. -->","yoast_head_json":{"title":"Piteris Penas","description":"\u0160is pasakojimas \u2013 apie stebukling\u0105 berniuk\u0105, kuris niekada neu\u017eauga. Apie draugyst\u0119, nuotykius, meil\u0119. Apie tai, kad Niekados \u0161alis \u2013 labai arti ir labai","robots":{"index":"index","follow":"follow","max-snippet":"max-snippet:-1","max-image-preview":"max-image-preview:large","max-video-preview":"max-video-preview:-1"},"canonical":"https:\/\/skaitytaknyga.lt\/en\/produktas\/piteris-penas\/","og_locale":"en_GB","og_type":"article","og_title":"[:lt]Piteris Penas[:] - Skaitytaknyga","og_description":"\u0160is pasakojimas \u2013 apie stebukling\u0105 berniuk\u0105, kuris niekada neu\u017eauga. Apie draugyst\u0119, nuotykius, meil\u0119. Apie tai, kad Niekados \u0161alis \u2013 labai arti ir labai","og_url":"https:\/\/skaitytaknyga.lt\/en\/produktas\/piteris-penas\/","og_site_name":"Skaitytaknyga","article_publisher":"https:\/\/www.facebook.com\/skaitytaknyga\/","article_modified_time":"2025-11-09T14:32:28+00:00","og_image":[{"width":533,"height":800,"url":"https:\/\/skaitytaknyga.lt\/wp-content\/uploads\/2025\/01\/Piteris-Penas.webp","type":"image\/webp"}],"twitter_card":"summary_large_image","twitter_misc":{"Estimated reading time":"2 minutes"},"schema":{"@context":"https:\/\/schema.org","@graph":[{"@type":"WebPage","@id":"https:\/\/skaitytaknyga.lt\/produktas\/piteris-penas\/","url":"https:\/\/skaitytaknyga.lt\/produktas\/piteris-penas\/","name":"Piteris Penas","isPartOf":{"@id":"https:\/\/skaitytaknyga.lt\/#website"},"primaryImageOfPage":{"@id":"https:\/\/skaitytaknyga.lt\/produktas\/piteris-penas\/#primaryimage"},"image":{"@id":"https:\/\/skaitytaknyga.lt\/produktas\/piteris-penas\/#primaryimage"},"thumbnailUrl":"https:\/\/skaitytaknyga.lt\/wp-content\/uploads\/2025\/01\/Piteris-Penas.webp","datePublished":"2025-01-08T16:15:47+00:00","dateModified":"2025-11-09T14:32:28+00:00","description":"\u0160is pasakojimas \u2013 apie stebukling\u0105 berniuk\u0105, kuris niekada neu\u017eauga. Apie draugyst\u0119, nuotykius, meil\u0119. Apie tai, kad Niekados \u0161alis \u2013 labai arti ir labai","breadcrumb":{"@id":"https:\/\/skaitytaknyga.lt\/produktas\/piteris-penas\/#breadcrumb"},"inLanguage":"en-GB","potentialAction":[{"@type":"ReadAction","target":["https:\/\/skaitytaknyga.lt\/produktas\/piteris-penas\/"]}]},{"@type":"ImageObject","inLanguage":"en-GB","@id":"https:\/\/skaitytaknyga.lt\/produktas\/piteris-penas\/#primaryimage","url":"https:\/\/skaitytaknyga.lt\/wp-content\/uploads\/2025\/01\/Piteris-Penas.webp","contentUrl":"https:\/\/skaitytaknyga.lt\/wp-content\/uploads\/2025\/01\/Piteris-Penas.webp","width":533,"height":800,"caption":"Piteris Penas"},{"@type":"BreadcrumbList","@id":"https:\/\/skaitytaknyga.lt\/produktas\/piteris-penas\/#breadcrumb","itemListElement":[{"@type":"ListItem","position":1,"name":"Home","item":"https:\/\/skaitytaknyga.lt\/"},{"@type":"ListItem","position":2,"name":"Parduotuv\u0117","item":"https:\/\/skaitytaknyga.lt\/knygu-parduotuve\/"},{"@type":"ListItem","position":3,"name":"Piteris Penas"}]},{"@type":"WebSite","@id":"https:\/\/skaitytaknyga.lt\/#website","url":"https:\/\/skaitytaknyga.lt\/","name":"skaitytaknyga.lt","description":"Skaitytaknyga.lt \u2013 tai ma\u017eas \u0161eimos verslas, kuris prasid\u0117jo nuo meil\u0117s knygoms ir siekio i\u0161gelb\u0117ti knygas nuo likimo prie konteinerio. Kas vienam nereikalingas daiktas \u2013 kitam lobis, o mes esame tarpininkai, kurie padeda abiems tapti laimingesniems ???? \u017dinome kaip nelengva i\u0161gyventi ma\u017eiems verslams, tad nuo \u0161iol, \u010dia rasite ir kit\u0173, ma\u017e\u0173 \u0161eim\u0173 versl\u0173, rank\u0173 darbo, dovan\u0173 sau ir artimiesiems.","publisher":{"@id":"https:\/\/skaitytaknyga.lt\/#organization"},"potentialAction":[{"@type":"SearchAction","target":{"@type":"EntryPoint","urlTemplate":"https:\/\/skaitytaknyga.lt\/?s={search_term_string}"},"query-input":{"@type":"PropertyValueSpecification","valueRequired":true,"valueName":"search_term_string"}}],"inLanguage":"en-GB"},{"@type":"Organization","@id":"https:\/\/skaitytaknyga.lt\/#organization","name":"skaitytaknyga.lt","url":"https:\/\/skaitytaknyga.lt\/","logo":{"@type":"ImageObject","inLanguage":"en-GB","@id":"https:\/\/skaitytaknyga.lt\/#\/schema\/logo\/image\/","url":"https:\/\/skaitytaknyga.lt\/wp-content\/uploads\/2024\/05\/cropped-cropped-cropped-02_00843_jt3bggkj1j3HLc7SyY6rEUpg.jpeg","contentUrl":"https:\/\/skaitytaknyga.lt\/wp-content\/uploads\/2024\/05\/cropped-cropped-cropped-02_00843_jt3bggkj1j3HLc7SyY6rEUpg.jpeg","width":1600,"height":1600,"caption":"skaitytaknyga.lt"},"image":{"@id":"https:\/\/skaitytaknyga.lt\/#\/schema\/logo\/image\/"},"sameAs":["https:\/\/www.facebook.com\/skaitytaknyga\/"]}]}},"_links":{"self":[{"href":"https:\/\/skaitytaknyga.lt\/en\/wp-json\/wp\/v2\/product\/15869","targetHints":{"allow":["GET"]}}],"collection":[{"href":"https:\/\/skaitytaknyga.lt\/en\/wp-json\/wp\/v2\/product"}],"about":[{"href":"https:\/\/skaitytaknyga.lt\/en\/wp-json\/wp\/v2\/types\/product"}],"replies":[{"embeddable":true,"href":"https:\/\/skaitytaknyga.lt\/en\/wp-json\/wp\/v2\/comments?post=15869"}],"wp:featuredmedia":[{"embeddable":true,"href":"https:\/\/skaitytaknyga.lt\/en\/wp-json\/wp\/v2\/media\/15870"}],"wp:attachment":[{"href":"https:\/\/skaitytaknyga.lt\/en\/wp-json\/wp\/v2\/media?parent=15869"}],"wp:term":[{"taxonomy":"product_brand","embeddable":true,"href":"https:\/\/skaitytaknyga.lt\/en\/wp-json\/wp\/v2\/product_brand?post=15869"},{"taxonomy":"product_cat","embeddable":true,"href":"https:\/\/skaitytaknyga.lt\/en\/wp-json\/wp\/v2\/product_cat?post=15869"},{"taxonomy":"product_tag","embeddable":true,"href":"https:\/\/skaitytaknyga.lt\/en\/wp-json\/wp\/v2\/product_tag?post=15869"}],"curies":[{"name":"wp","href":"https:\/\/api.w.org\/{rel}","templated":true}]}}