{"id":15863,"date":"2025-01-08T17:59:43","date_gmt":"2025-01-08T15:59:43","guid":{"rendered":"https:\/\/skaitytaknyga.lt\/?post_type=product&#038;p=15863"},"modified":"2025-01-25T13:58:44","modified_gmt":"2025-01-25T11:58:44","slug":"paveldetoja","status":"publish","type":"product","link":"https:\/\/skaitytaknyga.lt\/en\/produktas\/paveldetoja\/","title":{"rendered":"Paveld\u0117toja"},"content":{"rendered":"<p>Viena princes\u0117 ir 35 pretendentai \u012f jos \u0161ird\u012f. Prasideda nauja Atranka.<\/p>\n<p><em>Rytoj bus i\u0161si\u0173sti lai\u0161kai visiems tinkamo am\u017eiaus Il\u0117jos jaunuoliams. Tur\u0117site dvi savaites nuspr\u0119sti, ar nor\u0117tum\u0117te var\u017eytis d\u0117l mano rankos. Gerai suvokiu, kad tai ne\u012fprasta. Atrankose visada dalyvaudavo tik merginos, \u017emon\u0105 rinkdavosi princas&#8230;<\/em><\/p>\n<p><em>Man k\u0117l\u0117 nuostab\u0105 mintis, kad paprastas vaikinas gali b\u016bti toks dr\u0105sus ir pam\u0117ginti tapti princu. Bet n\u0117 vienas i\u0161 j\u0173 nesupan\u010dios man\u0119s, kol neb\u016bsiu pasirengusi.<\/em><\/p>\n<p><em>Ketinu parodyti varg\u0161ams mulkiams, \u012f k\u0105 jie \u012fsiv\u0117l\u0117&#8230;<\/em><\/p>\n<p>Princes\u0117 Idlina augo klausydamasi u\u017eburian\u010di\u0173 pasakojim\u0173, kaip susipa\u017eino jos t\u0117vai. Prie\u0161 dvide\u0161imt met\u0173 jos mama Amerika Singer pateko \u012f Atrank\u0105, u\u017ekariavo princo Maksono \u0161ird\u012f ir nuo tol jie gyveno ilgai ir laimingai. Idlin\u0105 visada \u017eav\u0117jo \u0161i romanti\u0161ka istorija, bet mergina n\u0117 nesvajojo, kad ir jai gal\u0117t\u0173 nutikti kas nors pana\u0161aus. Bet vien\u0105 dien\u0105 jai pa\u010diai tenka skelbti Atrank\u0105. \u012e r\u016bmus susirenka kruop\u0161\u010diai atsijoti trisde\u0161imt penki pretendentai \u012f princes\u0117s rank\u0105. Laim\u0117ti nusiteikusi\u0173 vaikin\u0173 laukia \u017e\u016btb\u016btin\u0117s var\u017eybos. Bet ar nors vienam pavyks sudau\u017eyti skepti\u0161k\u0105 i\u0161did\u017eiosios Idlinos nusiteikim\u0105 ir pa\u017eadinti jos \u0161ird\u012f?<\/p>\n<p>\u0160iuolaikin\u0117 JAV ra\u0161ytoja\u00a0<strong>Kiera Cass<\/strong>\u00a0(Kera Kas) yra baigusi Radfordo universitet\u0105, gyvena Blaksberge, Vird\u017einijoje, su \u0161eima. Per savo gyvenim\u0105 yra bu\u010diavusi ma\u017edaug keturiolika vaikin\u0173. Tarp j\u0173 nebuvo n\u0117 vieno princo.<\/p>\n<ul class=\"about-product d-none d-xl-block mt-4\">\n<li><strong>Originalus pavadinimas:<\/strong>\u00a0The Heir<\/li>\n<li><strong>Autorius:<\/strong>\u00a0Kiera Cass<\/li>\n<li><strong>Leid\u0117jas:<\/strong>\u00a0Alma littera<\/li>\n<li><strong>Metai:<\/strong>\u00a02015<\/li>\n<li><strong>Puslapiai:<\/strong>\u00a0352<\/li>\n<li class=\"toggleable type-new-formats \"><strong>ISBN:<\/strong>\u00a09786090120781<\/li>\n<li><strong>Versijos kodas:<\/strong>\u00a0PT.<\/li>\n<li class=\"toggleable type-new-formats \"><strong>Formatas:<\/strong>\u00a014,5 x 21,5 cm, kieti vir\u0161eliai<\/li>\n<li><strong>Kalba:<\/strong>\u00a0Lietuvi\u0173<\/li>\n<li><strong>Vert\u0117jas:<\/strong>\u00a0Simona Kaziukonyt\u0117<\/li>\n<\/ul>\n","protected":false},"excerpt":{"rendered":"<p>Viena princes\u0117 ir 35 pretendentai \u012f jos \u0161ird\u012f. Prasideda nauja Atranka. Rytoj bus i\u0161si\u0173sti lai\u0161kai visiems tinkamo am\u017eiaus Il\u0117jos jaunuoliams. Tur\u0117site dvi savaites nuspr\u0119sti, ar nor\u0117tum\u0117te var\u017eytis d\u0117l mano rankos. Gerai suvokiu, kad tai ne\u012fprasta. Atrankose visada dalyvaudavo tik merginos, \u017emon\u0105 rinkdavosi princas&#8230; Man k\u0117l\u0117 nuostab\u0105 mintis, kad paprastas vaikinas gali b\u016bti toks dr\u0105sus ir pam\u0117ginti tapti princu. Bet n\u0117 vienas i\u0161 j\u0173 nesupan\u010dios man\u0119s, kol neb\u016bsiu pasirengusi. Ketinu parodyti varg\u0161ams mulkiams, \u012f k\u0105 jie \u012fsiv\u0117l\u0117&#8230; Princes\u0117 Idlina augo klausydamasi u\u017eburian\u010di\u0173 pasakojim\u0173, kaip susipa\u017eino jos t\u0117vai. Prie\u0161 dvide\u0161imt met\u0173 jos mama Amerika Singer pateko \u012f Atrank\u0105, u\u017ekariavo princo Maksono \u0161ird\u012f ir nuo tol jie gyveno ilgai ir laimingai. Idlin\u0105 visada \u017eav\u0117jo \u0161i romanti\u0161ka istorija, bet mergina n\u0117 nesvajojo, kad ir jai gal\u0117t\u0173 nutikti kas nors pana\u0161aus. Bet vien\u0105 dien\u0105 jai pa\u010diai tenka skelbti Atrank\u0105. \u012e r\u016bmus susirenka kruop\u0161\u010diai atsijoti trisde\u0161imt penki pretendentai \u012f princes\u0117s rank\u0105. Laim\u0117ti nusiteikusi\u0173 vaikin\u0173 laukia \u017e\u016btb\u016btin\u0117s var\u017eybos. Bet ar nors vienam pavyks sudau\u017eyti skepti\u0161k\u0105 i\u0161did\u017eiosios Idlinos nusiteikim\u0105 ir pa\u017eadinti jos \u0161ird\u012f? \u0160iuolaikin\u0117 JAV ra\u0161ytoja\u00a0Kiera Cass\u00a0(Kera Kas) yra baigusi Radfordo universitet\u0105, gyvena Blaksberge, Vird\u017einijoje, su \u0161eima. Per savo gyvenim\u0105 yra bu\u010diavusi ma\u017edaug keturiolika vaikin\u0173. Tarp j\u0173 nebuvo n\u0117 vieno princo. Originalus pavadinimas:\u00a0The Heir Autorius:\u00a0Kiera Cass Leid\u0117jas:\u00a0Alma littera Metai:\u00a02015 Puslapiai:\u00a0352 ISBN:\u00a09786090120781 Versijos kodas:\u00a0PT. Formatas:\u00a014,5 x 21,5 cm, kieti vir\u0161eliai Kalba:\u00a0Lietuvi\u0173 Vert\u0117jas:\u00a0Simona Kaziukonyt\u0117<\/p>\n","protected":false},"featured_media":15864,"comment_status":"open","ping_status":"closed","template":"","meta":{"_acf_changed":false,"site-sidebar-layout":"default","site-content-layout":"","ast-site-content-layout":"default","site-content-style":"default","site-sidebar-style":"default","ast-global-header-display":"","ast-banner-title-visibility":"","ast-main-header-display":"","ast-hfb-above-header-display":"","ast-hfb-below-header-display":"","ast-hfb-mobile-header-display":"","site-post-title":"","ast-breadcrumbs-content":"","ast-featured-img":"","footer-sml-layout":"","ast-disable-related-posts":"","theme-transparent-header-meta":"default","adv-header-id-meta":"","stick-header-meta":"","header-above-stick-meta":"","header-main-stick-meta":"","header-below-stick-meta":"","astra-migrate-meta-layouts":"set","ast-page-background-enabled":"default","ast-page-background-meta":{"desktop":{"background-color":"","background-image":"","background-repeat":"repeat","background-position":"center center","background-size":"auto","background-attachment":"scroll","background-type":"","background-media":"","overlay-type":"","overlay-color":"","overlay-opacity":"","overlay-gradient":""},"tablet":{"background-color":"","background-image":"","background-repeat":"repeat","background-position":"center center","background-size":"auto","background-attachment":"scroll","background-type":"","background-media":"","overlay-type":"","overlay-color":"","overlay-opacity":"","overlay-gradient":""},"mobile":{"background-color":"","background-image":"","background-repeat":"repeat","background-position":"center center","background-size":"auto","background-attachment":"scroll","background-type":"","background-media":"","overlay-type":"","overlay-color":"","overlay-opacity":"","overlay-gradient":""}},"ast-content-background-meta":{"desktop":{"background-color":"var(--ast-global-color-4)","background-image":"","background-repeat":"repeat","background-position":"center center","background-size":"auto","background-attachment":"scroll","background-type":"","background-media":"","overlay-type":"","overlay-color":"","overlay-opacity":"","overlay-gradient":""},"tablet":{"background-color":"var(--ast-global-color-4)","background-image":"","background-repeat":"repeat","background-position":"center center","background-size":"auto","background-attachment":"scroll","background-type":"","background-media":"","overlay-type":"","overlay-color":"","overlay-opacity":"","overlay-gradient":""},"mobile":{"background-color":"var(--ast-global-color-4)","background-image":"","background-repeat":"repeat","background-position":"center center","background-size":"auto","background-attachment":"scroll","background-type":"","background-media":"","overlay-type":"","overlay-color":"","overlay-opacity":"","overlay-gradient":""}}},"product_brand":[],"product_cat":[15,35],"product_tag":[],"class_list":{"0":"post-15863","1":"product","2":"type-product","3":"status-publish","4":"has-post-thumbnail","6":"product_cat-uncategorized","7":"product_cat-vaikams-ir-paaugliams","8":"desktop-align-left","9":"tablet-align-left","10":"mobile-align-left","12":"first","13":"instock","14":"shipping-taxable","15":"purchasable","16":"product-type-simple"},"acf":[],"yoast_head":"<!-- This site is optimized with the Yoast SEO plugin v27.0 - https:\/\/yoast.com\/product\/yoast-seo-wordpress\/ -->\n<title>Paveld\u0117toja<\/title>\n<meta name=\"description\" content=\"Viena princes\u0117 ir 35 pretendentai \u012f jos \u0161ird\u012f. Prasideda nauja Atranka. Rytoj bus i\u0161si\u0173sti lai\u0161kai visiems tinkamo am\u017eiaus Il\u0117jos jaunuoliams. Tur\u0117site\" \/>\n<meta name=\"robots\" content=\"index, follow, max-snippet:-1, max-image-preview:large, max-video-preview:-1\" \/>\n<link rel=\"canonical\" href=\"https:\/\/skaitytaknyga.lt\/en\/produktas\/paveldetoja\/\" \/>\n<meta property=\"og:locale\" content=\"en_GB\" \/>\n<meta property=\"og:locale:alternate\" content=\"lt_LT\" \/>\n<meta property=\"og:type\" content=\"article\" \/>\n<meta property=\"og:title\" content=\"Paveld\u0117toja\" \/>\n<meta property=\"og:description\" content=\"Viena princes\u0117 ir 35 pretendentai \u012f jos \u0161ird\u012f. Prasideda nauja Atranka. Rytoj bus i\u0161si\u0173sti lai\u0161kai visiems tinkamo am\u017eiaus Il\u0117jos jaunuoliams. Tur\u0117site\" \/>\n<meta property=\"og:url\" content=\"https:\/\/skaitytaknyga.lt\/en\/produktas\/paveldetoja\/\" \/>\n<meta property=\"og:site_name\" content=\"Skaitytaknyga\" \/>\n<meta property=\"article:publisher\" content=\"https:\/\/www.facebook.com\/skaitytaknyga\/\" \/>\n<meta property=\"article:modified_time\" content=\"2025-01-25T11:58:44+00:00\" \/>\n<meta property=\"og:image\" content=\"https:\/\/skaitytaknyga.lt\/wp-content\/uploads\/2025\/01\/Paveldetoja.webp\" \/>\n\t<meta property=\"og:image:width\" content=\"402\" \/>\n\t<meta property=\"og:image:height\" content=\"600\" \/>\n\t<meta property=\"og:image:type\" content=\"image\/webp\" \/>\n<meta name=\"twitter:card\" content=\"summary_large_image\" \/>\n<meta name=\"twitter:label1\" content=\"Estimated reading time\" \/>\n\t<meta name=\"twitter:data1\" content=\"2 minutes\" \/>\n<script type=\"application\/ld+json\" class=\"yoast-schema-graph\">{\"@context\":\"https:\/\/schema.org\",\"@graph\":[{\"@type\":\"WebPage\",\"@id\":\"https:\/\/skaitytaknyga.lt\/produktas\/paveldetoja\/\",\"url\":\"https:\/\/skaitytaknyga.lt\/produktas\/paveldetoja\/\",\"name\":\"Paveld\u0117toja\",\"isPartOf\":{\"@id\":\"https:\/\/skaitytaknyga.lt\/#website\"},\"primaryImageOfPage\":{\"@id\":\"https:\/\/skaitytaknyga.lt\/produktas\/paveldetoja\/#primaryimage\"},\"image\":{\"@id\":\"https:\/\/skaitytaknyga.lt\/produktas\/paveldetoja\/#primaryimage\"},\"thumbnailUrl\":\"https:\/\/skaitytaknyga.lt\/wp-content\/uploads\/2025\/01\/Paveldetoja.webp\",\"datePublished\":\"2025-01-08T15:59:43+00:00\",\"dateModified\":\"2025-01-25T11:58:44+00:00\",\"description\":\"Viena princes\u0117 ir 35 pretendentai \u012f jos \u0161ird\u012f. Prasideda nauja Atranka. Rytoj bus i\u0161si\u0173sti lai\u0161kai visiems tinkamo am\u017eiaus Il\u0117jos jaunuoliams. Tur\u0117site\",\"breadcrumb\":{\"@id\":\"https:\/\/skaitytaknyga.lt\/produktas\/paveldetoja\/#breadcrumb\"},\"inLanguage\":\"en-GB\",\"potentialAction\":[{\"@type\":\"ReadAction\",\"target\":[\"https:\/\/skaitytaknyga.lt\/produktas\/paveldetoja\/\"]}]},{\"@type\":\"ImageObject\",\"inLanguage\":\"en-GB\",\"@id\":\"https:\/\/skaitytaknyga.lt\/produktas\/paveldetoja\/#primaryimage\",\"url\":\"https:\/\/skaitytaknyga.lt\/wp-content\/uploads\/2025\/01\/Paveldetoja.webp\",\"contentUrl\":\"https:\/\/skaitytaknyga.lt\/wp-content\/uploads\/2025\/01\/Paveldetoja.webp\",\"width\":402,\"height\":600,\"caption\":\"Paveld\u0117toja\"},{\"@type\":\"BreadcrumbList\",\"@id\":\"https:\/\/skaitytaknyga.lt\/produktas\/paveldetoja\/#breadcrumb\",\"itemListElement\":[{\"@type\":\"ListItem\",\"position\":1,\"name\":\"Home\",\"item\":\"https:\/\/skaitytaknyga.lt\/\"},{\"@type\":\"ListItem\",\"position\":2,\"name\":\"Parduotuv\u0117\",\"item\":\"https:\/\/skaitytaknyga.lt\/knygu-parduotuve\/\"},{\"@type\":\"ListItem\",\"position\":3,\"name\":\"Paveld\u0117toja\"}]},{\"@type\":\"WebSite\",\"@id\":\"https:\/\/skaitytaknyga.lt\/#website\",\"url\":\"https:\/\/skaitytaknyga.lt\/\",\"name\":\"skaitytaknyga.lt\",\"description\":\"Skaitytaknyga.lt \u2013 tai ma\u017eas \u0161eimos verslas, kuris prasid\u0117jo nuo meil\u0117s knygoms ir siekio i\u0161gelb\u0117ti knygas nuo likimo prie konteinerio. Kas vienam nereikalingas daiktas \u2013 kitam lobis, o mes esame tarpininkai, kurie padeda abiems tapti laimingesniems ???? \u017dinome kaip nelengva i\u0161gyventi ma\u017eiems verslams, tad nuo \u0161iol, \u010dia rasite ir kit\u0173, ma\u017e\u0173 \u0161eim\u0173 versl\u0173, rank\u0173 darbo, dovan\u0173 sau ir artimiesiems.\",\"publisher\":{\"@id\":\"https:\/\/skaitytaknyga.lt\/#organization\"},\"potentialAction\":[{\"@type\":\"SearchAction\",\"target\":{\"@type\":\"EntryPoint\",\"urlTemplate\":\"https:\/\/skaitytaknyga.lt\/?s={search_term_string}\"},\"query-input\":{\"@type\":\"PropertyValueSpecification\",\"valueRequired\":true,\"valueName\":\"search_term_string\"}}],\"inLanguage\":\"en-GB\"},{\"@type\":\"Organization\",\"@id\":\"https:\/\/skaitytaknyga.lt\/#organization\",\"name\":\"skaitytaknyga.lt\",\"url\":\"https:\/\/skaitytaknyga.lt\/\",\"logo\":{\"@type\":\"ImageObject\",\"inLanguage\":\"en-GB\",\"@id\":\"https:\/\/skaitytaknyga.lt\/#\/schema\/logo\/image\/\",\"url\":\"https:\/\/skaitytaknyga.lt\/wp-content\/uploads\/2024\/05\/cropped-cropped-cropped-02_00843_jt3bggkj1j3HLc7SyY6rEUpg.jpeg\",\"contentUrl\":\"https:\/\/skaitytaknyga.lt\/wp-content\/uploads\/2024\/05\/cropped-cropped-cropped-02_00843_jt3bggkj1j3HLc7SyY6rEUpg.jpeg\",\"width\":1600,\"height\":1600,\"caption\":\"skaitytaknyga.lt\"},\"image\":{\"@id\":\"https:\/\/skaitytaknyga.lt\/#\/schema\/logo\/image\/\"},\"sameAs\":[\"https:\/\/www.facebook.com\/skaitytaknyga\/\"]}]}<\/script>\n<!-- \/ Yoast SEO plugin. -->","yoast_head_json":{"title":"Paveld\u0117toja","description":"Viena princes\u0117 ir 35 pretendentai \u012f jos \u0161ird\u012f. Prasideda nauja Atranka. Rytoj bus i\u0161si\u0173sti lai\u0161kai visiems tinkamo am\u017eiaus Il\u0117jos jaunuoliams. Tur\u0117site","robots":{"index":"index","follow":"follow","max-snippet":"max-snippet:-1","max-image-preview":"max-image-preview:large","max-video-preview":"max-video-preview:-1"},"canonical":"https:\/\/skaitytaknyga.lt\/en\/produktas\/paveldetoja\/","og_locale":"en_GB","og_type":"article","og_title":"[:lt]Paveld\u0117toja[:] - Skaitytaknyga","og_description":"Viena princes\u0117 ir 35 pretendentai \u012f jos \u0161ird\u012f. Prasideda nauja Atranka. Rytoj bus i\u0161si\u0173sti lai\u0161kai visiems tinkamo am\u017eiaus Il\u0117jos jaunuoliams. Tur\u0117site","og_url":"https:\/\/skaitytaknyga.lt\/en\/produktas\/paveldetoja\/","og_site_name":"Skaitytaknyga","article_publisher":"https:\/\/www.facebook.com\/skaitytaknyga\/","article_modified_time":"2025-01-25T11:58:44+00:00","og_image":[{"width":402,"height":600,"url":"https:\/\/skaitytaknyga.lt\/wp-content\/uploads\/2025\/01\/Paveldetoja.webp","type":"image\/webp"}],"twitter_card":"summary_large_image","twitter_misc":{"Estimated reading time":"2 minutes"},"schema":{"@context":"https:\/\/schema.org","@graph":[{"@type":"WebPage","@id":"https:\/\/skaitytaknyga.lt\/produktas\/paveldetoja\/","url":"https:\/\/skaitytaknyga.lt\/produktas\/paveldetoja\/","name":"Paveld\u0117toja","isPartOf":{"@id":"https:\/\/skaitytaknyga.lt\/#website"},"primaryImageOfPage":{"@id":"https:\/\/skaitytaknyga.lt\/produktas\/paveldetoja\/#primaryimage"},"image":{"@id":"https:\/\/skaitytaknyga.lt\/produktas\/paveldetoja\/#primaryimage"},"thumbnailUrl":"https:\/\/skaitytaknyga.lt\/wp-content\/uploads\/2025\/01\/Paveldetoja.webp","datePublished":"2025-01-08T15:59:43+00:00","dateModified":"2025-01-25T11:58:44+00:00","description":"Viena princes\u0117 ir 35 pretendentai \u012f jos \u0161ird\u012f. Prasideda nauja Atranka. Rytoj bus i\u0161si\u0173sti lai\u0161kai visiems tinkamo am\u017eiaus Il\u0117jos jaunuoliams. Tur\u0117site","breadcrumb":{"@id":"https:\/\/skaitytaknyga.lt\/produktas\/paveldetoja\/#breadcrumb"},"inLanguage":"en-GB","potentialAction":[{"@type":"ReadAction","target":["https:\/\/skaitytaknyga.lt\/produktas\/paveldetoja\/"]}]},{"@type":"ImageObject","inLanguage":"en-GB","@id":"https:\/\/skaitytaknyga.lt\/produktas\/paveldetoja\/#primaryimage","url":"https:\/\/skaitytaknyga.lt\/wp-content\/uploads\/2025\/01\/Paveldetoja.webp","contentUrl":"https:\/\/skaitytaknyga.lt\/wp-content\/uploads\/2025\/01\/Paveldetoja.webp","width":402,"height":600,"caption":"Paveld\u0117toja"},{"@type":"BreadcrumbList","@id":"https:\/\/skaitytaknyga.lt\/produktas\/paveldetoja\/#breadcrumb","itemListElement":[{"@type":"ListItem","position":1,"name":"Home","item":"https:\/\/skaitytaknyga.lt\/"},{"@type":"ListItem","position":2,"name":"Parduotuv\u0117","item":"https:\/\/skaitytaknyga.lt\/knygu-parduotuve\/"},{"@type":"ListItem","position":3,"name":"Paveld\u0117toja"}]},{"@type":"WebSite","@id":"https:\/\/skaitytaknyga.lt\/#website","url":"https:\/\/skaitytaknyga.lt\/","name":"skaitytaknyga.lt","description":"Skaitytaknyga.lt \u2013 tai ma\u017eas \u0161eimos verslas, kuris prasid\u0117jo nuo meil\u0117s knygoms ir siekio i\u0161gelb\u0117ti knygas nuo likimo prie konteinerio. Kas vienam nereikalingas daiktas \u2013 kitam lobis, o mes esame tarpininkai, kurie padeda abiems tapti laimingesniems ???? \u017dinome kaip nelengva i\u0161gyventi ma\u017eiems verslams, tad nuo \u0161iol, \u010dia rasite ir kit\u0173, ma\u017e\u0173 \u0161eim\u0173 versl\u0173, rank\u0173 darbo, dovan\u0173 sau ir artimiesiems.","publisher":{"@id":"https:\/\/skaitytaknyga.lt\/#organization"},"potentialAction":[{"@type":"SearchAction","target":{"@type":"EntryPoint","urlTemplate":"https:\/\/skaitytaknyga.lt\/?s={search_term_string}"},"query-input":{"@type":"PropertyValueSpecification","valueRequired":true,"valueName":"search_term_string"}}],"inLanguage":"en-GB"},{"@type":"Organization","@id":"https:\/\/skaitytaknyga.lt\/#organization","name":"skaitytaknyga.lt","url":"https:\/\/skaitytaknyga.lt\/","logo":{"@type":"ImageObject","inLanguage":"en-GB","@id":"https:\/\/skaitytaknyga.lt\/#\/schema\/logo\/image\/","url":"https:\/\/skaitytaknyga.lt\/wp-content\/uploads\/2024\/05\/cropped-cropped-cropped-02_00843_jt3bggkj1j3HLc7SyY6rEUpg.jpeg","contentUrl":"https:\/\/skaitytaknyga.lt\/wp-content\/uploads\/2024\/05\/cropped-cropped-cropped-02_00843_jt3bggkj1j3HLc7SyY6rEUpg.jpeg","width":1600,"height":1600,"caption":"skaitytaknyga.lt"},"image":{"@id":"https:\/\/skaitytaknyga.lt\/#\/schema\/logo\/image\/"},"sameAs":["https:\/\/www.facebook.com\/skaitytaknyga\/"]}]}},"_links":{"self":[{"href":"https:\/\/skaitytaknyga.lt\/en\/wp-json\/wp\/v2\/product\/15863","targetHints":{"allow":["GET"]}}],"collection":[{"href":"https:\/\/skaitytaknyga.lt\/en\/wp-json\/wp\/v2\/product"}],"about":[{"href":"https:\/\/skaitytaknyga.lt\/en\/wp-json\/wp\/v2\/types\/product"}],"replies":[{"embeddable":true,"href":"https:\/\/skaitytaknyga.lt\/en\/wp-json\/wp\/v2\/comments?post=15863"}],"wp:featuredmedia":[{"embeddable":true,"href":"https:\/\/skaitytaknyga.lt\/en\/wp-json\/wp\/v2\/media\/15864"}],"wp:attachment":[{"href":"https:\/\/skaitytaknyga.lt\/en\/wp-json\/wp\/v2\/media?parent=15863"}],"wp:term":[{"taxonomy":"product_brand","embeddable":true,"href":"https:\/\/skaitytaknyga.lt\/en\/wp-json\/wp\/v2\/product_brand?post=15863"},{"taxonomy":"product_cat","embeddable":true,"href":"https:\/\/skaitytaknyga.lt\/en\/wp-json\/wp\/v2\/product_cat?post=15863"},{"taxonomy":"product_tag","embeddable":true,"href":"https:\/\/skaitytaknyga.lt\/en\/wp-json\/wp\/v2\/product_tag?post=15863"}],"curies":[{"name":"wp","href":"https:\/\/api.w.org\/{rel}","templated":true}]}}