{"id":15859,"date":"2025-01-08T17:55:26","date_gmt":"2025-01-08T15:55:26","guid":{"rendered":"https:\/\/skaitytaknyga.lt\/?post_type=product&#038;p=15859"},"modified":"2025-01-08T17:56:33","modified_gmt":"2025-01-08T15:56:33","slug":"sauniojo-penketuko-nuotykiai-2-knyga","status":"publish","type":"product","link":"https:\/\/skaitytaknyga.lt\/en\/produktas\/sauniojo-penketuko-nuotykiai-2-knyga\/","title":{"rendered":"\u0160auniojo penketuko nuotykiai. 2 knyga. Penketukas \u201eKontrabandinink\u0173 bok\u0161te\u201c. Klajojan\u010dio cirko paslaptis"},"content":{"rendered":"<p>Kvap\u0105 gniau\u017eian\u010di\u0173 nuotyki\u0173 knyga, kurioje \u0160aunusis penketukas u\u017esimoja atskleisti senos pilies ir keist\u0173 jos gyventoj\u0173 paslaptis bei pergudrauja piktavalius cirko trup\u0117s artistus Lu ir Dan\u0105 Tigr\u0105.<\/p>\n<p>\u0160aunusis penketukas &#8211; D\u017eulianas, Dikas, An\u0117, D\u017eord\u017eina (D\u017eord\u017eas! Nem\u0117ginkite jos vadinti D\u017eord\u017eina &#8211; atsilieps tik \u0161aukiama D\u017eord\u017eu!) ir \u0161uo Timas visas paslaptis \u012fmena pirmieji ir visada laimi!<\/p>\n<ul class=\"about-product d-none d-xl-block mt-4\">\n<li><strong>Autorius:<\/strong>\u00a0Enid Blyton<\/li>\n<li><strong>Leid\u0117jas:<\/strong>\u00a0Garnelis<\/li>\n<li><strong>Metai:<\/strong>\u00a02008<\/li>\n<li><strong>Puslapiai:<\/strong>\u00a0256<\/li>\n<li class=\"toggleable type-new-formats \"><strong>ISBN:<\/strong>\u00a09789955883036<\/li>\n<li><strong>Versijos kodas:<\/strong>\u00a0PT.<\/li>\n<li class=\"toggleable type-new-formats \"><strong>Formatas:<\/strong>\u00a015 x 20 cm, mink\u0161ti vir\u0161eliai<\/li>\n<li><strong>Kalba:<\/strong>\u00a0Lietuvi\u0173<\/li>\n<li><strong>Vert\u0117jas:<\/strong>\u00a0Danguol\u0117 \u017dalyt\u0117<\/li>\n<\/ul>\n","protected":false},"excerpt":{"rendered":"<p>Kvap\u0105 gniau\u017eian\u010di\u0173 nuotyki\u0173 knyga, kurioje \u0160aunusis penketukas u\u017esimoja atskleisti senos pilies ir keist\u0173 jos gyventoj\u0173 paslaptis bei pergudrauja piktavalius cirko trup\u0117s artistus Lu ir Dan\u0105 Tigr\u0105. \u0160aunusis penketukas &#8211; D\u017eulianas, Dikas, An\u0117, D\u017eord\u017eina (D\u017eord\u017eas! Nem\u0117ginkite jos vadinti D\u017eord\u017eina &#8211; atsilieps tik \u0161aukiama D\u017eord\u017eu!) ir \u0161uo Timas visas paslaptis \u012fmena pirmieji ir visada laimi! Autorius:\u00a0Enid Blyton Leid\u0117jas:\u00a0Garnelis Metai:\u00a02008 Puslapiai:\u00a0256 ISBN:\u00a09789955883036 Versijos kodas:\u00a0PT. Formatas:\u00a015 x 20 cm, mink\u0161ti vir\u0161eliai Kalba:\u00a0Lietuvi\u0173 Vert\u0117jas:\u00a0Danguol\u0117 \u017dalyt\u0117<\/p>\n","protected":false},"featured_media":15860,"comment_status":"open","ping_status":"closed","template":"","meta":{"_acf_changed":false,"site-sidebar-layout":"default","site-content-layout":"","ast-site-content-layout":"default","site-content-style":"default","site-sidebar-style":"default","ast-global-header-display":"","ast-banner-title-visibility":"","ast-main-header-display":"","ast-hfb-above-header-display":"","ast-hfb-below-header-display":"","ast-hfb-mobile-header-display":"","site-post-title":"","ast-breadcrumbs-content":"","ast-featured-img":"","footer-sml-layout":"","ast-disable-related-posts":"","theme-transparent-header-meta":"default","adv-header-id-meta":"","stick-header-meta":"","header-above-stick-meta":"","header-main-stick-meta":"","header-below-stick-meta":"","astra-migrate-meta-layouts":"set","ast-page-background-enabled":"default","ast-page-background-meta":{"desktop":{"background-color":"","background-image":"","background-repeat":"repeat","background-position":"center center","background-size":"auto","background-attachment":"scroll","background-type":"","background-media":"","overlay-type":"","overlay-color":"","overlay-opacity":"","overlay-gradient":""},"tablet":{"background-color":"","background-image":"","background-repeat":"repeat","background-position":"center center","background-size":"auto","background-attachment":"scroll","background-type":"","background-media":"","overlay-type":"","overlay-color":"","overlay-opacity":"","overlay-gradient":""},"mobile":{"background-color":"","background-image":"","background-repeat":"repeat","background-position":"center center","background-size":"auto","background-attachment":"scroll","background-type":"","background-media":"","overlay-type":"","overlay-color":"","overlay-opacity":"","overlay-gradient":""}},"ast-content-background-meta":{"desktop":{"background-color":"var(--ast-global-color-4)","background-image":"","background-repeat":"repeat","background-position":"center center","background-size":"auto","background-attachment":"scroll","background-type":"","background-media":"","overlay-type":"","overlay-color":"","overlay-opacity":"","overlay-gradient":""},"tablet":{"background-color":"var(--ast-global-color-4)","background-image":"","background-repeat":"repeat","background-position":"center center","background-size":"auto","background-attachment":"scroll","background-type":"","background-media":"","overlay-type":"","overlay-color":"","overlay-opacity":"","overlay-gradient":""},"mobile":{"background-color":"var(--ast-global-color-4)","background-image":"","background-repeat":"repeat","background-position":"center center","background-size":"auto","background-attachment":"scroll","background-type":"","background-media":"","overlay-type":"","overlay-color":"","overlay-opacity":"","overlay-gradient":""}}},"product_brand":[],"product_cat":[15,35],"product_tag":[],"class_list":{"0":"post-15859","1":"product","2":"type-product","3":"status-publish","4":"has-post-thumbnail","6":"product_cat-uncategorized","7":"product_cat-vaikams-ir-paaugliams","8":"desktop-align-left","9":"tablet-align-left","10":"mobile-align-left","12":"first","13":"instock","14":"shipping-taxable","15":"purchasable","16":"product-type-simple"},"acf":[],"yoast_head":"<!-- This site is optimized with the Yoast SEO plugin v27.0 - https:\/\/yoast.com\/product\/yoast-seo-wordpress\/ -->\n<title>\u0160auniojo penketuko nuotykiai. 2 knyga. Penketukas \u201eKontrabandinink\u0173 bok\u0161te\u201c. Klajojan\u010dio cirko paslaptis<\/title>\n<meta name=\"description\" content=\"Kvap\u0105 gniau\u017eian\u010di\u0173 nuotyki\u0173 knyga, kurioje \u0160aunusis penketukas u\u017esimoja atskleisti senos pilies ir keist\u0173 jos gyventoj\u0173 paslaptis bei pergudrauja\" \/>\n<meta name=\"robots\" content=\"index, follow, max-snippet:-1, max-image-preview:large, max-video-preview:-1\" \/>\n<link rel=\"canonical\" href=\"https:\/\/skaitytaknyga.lt\/en\/produktas\/sauniojo-penketuko-nuotykiai-2-knyga\/\" \/>\n<meta property=\"og:locale\" content=\"en_GB\" \/>\n<meta property=\"og:locale:alternate\" content=\"lt_LT\" \/>\n<meta property=\"og:type\" content=\"article\" \/>\n<meta property=\"og:title\" content=\"\u0160auniojo penketuko nuotykiai. 2 knyga. Penketukas \u201eKontrabandinink\u0173 bok\u0161te\u201c. Klajojan\u010dio cirko paslaptis\" \/>\n<meta property=\"og:description\" content=\"Kvap\u0105 gniau\u017eian\u010di\u0173 nuotyki\u0173 knyga, kurioje \u0160aunusis penketukas u\u017esimoja atskleisti senos pilies ir keist\u0173 jos gyventoj\u0173 paslaptis bei pergudrauja\" \/>\n<meta property=\"og:url\" content=\"https:\/\/skaitytaknyga.lt\/en\/produktas\/sauniojo-penketuko-nuotykiai-2-knyga\/\" \/>\n<meta property=\"og:site_name\" content=\"Skaitytaknyga\" \/>\n<meta property=\"article:publisher\" content=\"https:\/\/www.facebook.com\/skaitytaknyga\/\" \/>\n<meta property=\"article:modified_time\" content=\"2025-01-08T15:56:33+00:00\" \/>\n<meta property=\"og:image\" content=\"https:\/\/skaitytaknyga.lt\/wp-content\/uploads\/2025\/01\/Sauniojo-penketuko-nuotykiai.-2-knyga.-Penketukas-\u201eKontrabandininku-bokste.-Klajojancio-cirko-paslaptis.webp\" \/>\n\t<meta property=\"og:image:width\" content=\"581\" \/>\n\t<meta property=\"og:image:height\" content=\"800\" \/>\n\t<meta property=\"og:image:type\" content=\"image\/webp\" \/>\n<meta name=\"twitter:card\" content=\"summary_large_image\" \/>\n<meta name=\"twitter:label1\" content=\"Estimated reading time\" \/>\n\t<meta name=\"twitter:data1\" content=\"1 minute\" \/>\n<script type=\"application\/ld+json\" class=\"yoast-schema-graph\">{\"@context\":\"https:\/\/schema.org\",\"@graph\":[{\"@type\":\"WebPage\",\"@id\":\"https:\/\/skaitytaknyga.lt\/produktas\/sauniojo-penketuko-nuotykiai-2-knyga\/\",\"url\":\"https:\/\/skaitytaknyga.lt\/produktas\/sauniojo-penketuko-nuotykiai-2-knyga\/\",\"name\":\"\u0160auniojo penketuko nuotykiai. 2 knyga. Penketukas \u201eKontrabandinink\u0173 bok\u0161te\u201c. Klajojan\u010dio cirko paslaptis\",\"isPartOf\":{\"@id\":\"https:\/\/skaitytaknyga.lt\/#website\"},\"primaryImageOfPage\":{\"@id\":\"https:\/\/skaitytaknyga.lt\/produktas\/sauniojo-penketuko-nuotykiai-2-knyga\/#primaryimage\"},\"image\":{\"@id\":\"https:\/\/skaitytaknyga.lt\/produktas\/sauniojo-penketuko-nuotykiai-2-knyga\/#primaryimage\"},\"thumbnailUrl\":\"https:\/\/skaitytaknyga.lt\/wp-content\/uploads\/2025\/01\/Sauniojo-penketuko-nuotykiai.-2-knyga.-Penketukas-\u201eKontrabandininku-bokste.-Klajojancio-cirko-paslaptis.webp\",\"datePublished\":\"2025-01-08T15:55:26+00:00\",\"dateModified\":\"2025-01-08T15:56:33+00:00\",\"description\":\"Kvap\u0105 gniau\u017eian\u010di\u0173 nuotyki\u0173 knyga, kurioje \u0160aunusis penketukas u\u017esimoja atskleisti senos pilies ir keist\u0173 jos gyventoj\u0173 paslaptis bei pergudrauja\",\"breadcrumb\":{\"@id\":\"https:\/\/skaitytaknyga.lt\/produktas\/sauniojo-penketuko-nuotykiai-2-knyga\/#breadcrumb\"},\"inLanguage\":\"en-GB\",\"potentialAction\":[{\"@type\":\"ReadAction\",\"target\":[\"https:\/\/skaitytaknyga.lt\/produktas\/sauniojo-penketuko-nuotykiai-2-knyga\/\"]}]},{\"@type\":\"ImageObject\",\"inLanguage\":\"en-GB\",\"@id\":\"https:\/\/skaitytaknyga.lt\/produktas\/sauniojo-penketuko-nuotykiai-2-knyga\/#primaryimage\",\"url\":\"https:\/\/skaitytaknyga.lt\/wp-content\/uploads\/2025\/01\/Sauniojo-penketuko-nuotykiai.-2-knyga.-Penketukas-\u201eKontrabandininku-bokste.-Klajojancio-cirko-paslaptis.webp\",\"contentUrl\":\"https:\/\/skaitytaknyga.lt\/wp-content\/uploads\/2025\/01\/Sauniojo-penketuko-nuotykiai.-2-knyga.-Penketukas-\u201eKontrabandininku-bokste.-Klajojancio-cirko-paslaptis.webp\",\"width\":581,\"height\":800,\"caption\":\"\u0160auniojo penketuko nuotykiai. 2 knyga\"},{\"@type\":\"BreadcrumbList\",\"@id\":\"https:\/\/skaitytaknyga.lt\/produktas\/sauniojo-penketuko-nuotykiai-2-knyga\/#breadcrumb\",\"itemListElement\":[{\"@type\":\"ListItem\",\"position\":1,\"name\":\"Home\",\"item\":\"https:\/\/skaitytaknyga.lt\/\"},{\"@type\":\"ListItem\",\"position\":2,\"name\":\"Parduotuv\u0117\",\"item\":\"https:\/\/skaitytaknyga.lt\/knygu-parduotuve\/\"},{\"@type\":\"ListItem\",\"position\":3,\"name\":\"\u0160auniojo penketuko nuotykiai. 2 knyga. Penketukas \u201eKontrabandinink\u0173 bok\u0161te\u201c. Klajojan\u010dio cirko paslaptis\"}]},{\"@type\":\"WebSite\",\"@id\":\"https:\/\/skaitytaknyga.lt\/#website\",\"url\":\"https:\/\/skaitytaknyga.lt\/\",\"name\":\"skaitytaknyga.lt\",\"description\":\"Skaitytaknyga.lt \u2013 tai ma\u017eas \u0161eimos verslas, kuris prasid\u0117jo nuo meil\u0117s knygoms ir siekio i\u0161gelb\u0117ti knygas nuo likimo prie konteinerio. Kas vienam nereikalingas daiktas \u2013 kitam lobis, o mes esame tarpininkai, kurie padeda abiems tapti laimingesniems ???? \u017dinome kaip nelengva i\u0161gyventi ma\u017eiems verslams, tad nuo \u0161iol, \u010dia rasite ir kit\u0173, ma\u017e\u0173 \u0161eim\u0173 versl\u0173, rank\u0173 darbo, dovan\u0173 sau ir artimiesiems.\",\"publisher\":{\"@id\":\"https:\/\/skaitytaknyga.lt\/#organization\"},\"potentialAction\":[{\"@type\":\"SearchAction\",\"target\":{\"@type\":\"EntryPoint\",\"urlTemplate\":\"https:\/\/skaitytaknyga.lt\/?s={search_term_string}\"},\"query-input\":{\"@type\":\"PropertyValueSpecification\",\"valueRequired\":true,\"valueName\":\"search_term_string\"}}],\"inLanguage\":\"en-GB\"},{\"@type\":\"Organization\",\"@id\":\"https:\/\/skaitytaknyga.lt\/#organization\",\"name\":\"skaitytaknyga.lt\",\"url\":\"https:\/\/skaitytaknyga.lt\/\",\"logo\":{\"@type\":\"ImageObject\",\"inLanguage\":\"en-GB\",\"@id\":\"https:\/\/skaitytaknyga.lt\/#\/schema\/logo\/image\/\",\"url\":\"https:\/\/skaitytaknyga.lt\/wp-content\/uploads\/2024\/05\/cropped-cropped-cropped-02_00843_jt3bggkj1j3HLc7SyY6rEUpg.jpeg\",\"contentUrl\":\"https:\/\/skaitytaknyga.lt\/wp-content\/uploads\/2024\/05\/cropped-cropped-cropped-02_00843_jt3bggkj1j3HLc7SyY6rEUpg.jpeg\",\"width\":1600,\"height\":1600,\"caption\":\"skaitytaknyga.lt\"},\"image\":{\"@id\":\"https:\/\/skaitytaknyga.lt\/#\/schema\/logo\/image\/\"},\"sameAs\":[\"https:\/\/www.facebook.com\/skaitytaknyga\/\"]}]}<\/script>\n<!-- \/ Yoast SEO plugin. -->","yoast_head_json":{"title":"\u0160auniojo penketuko nuotykiai. 2 knyga. Penketukas \u201eKontrabandinink\u0173 bok\u0161te\u201c. Klajojan\u010dio cirko paslaptis","description":"Kvap\u0105 gniau\u017eian\u010di\u0173 nuotyki\u0173 knyga, kurioje \u0160aunusis penketukas u\u017esimoja atskleisti senos pilies ir keist\u0173 jos gyventoj\u0173 paslaptis bei pergudrauja","robots":{"index":"index","follow":"follow","max-snippet":"max-snippet:-1","max-image-preview":"max-image-preview:large","max-video-preview":"max-video-preview:-1"},"canonical":"https:\/\/skaitytaknyga.lt\/en\/produktas\/sauniojo-penketuko-nuotykiai-2-knyga\/","og_locale":"en_GB","og_type":"article","og_title":"[:lt]\u0160auniojo penketuko nuotykiai. 2 knyga. Penketukas \u201eKontrabandinink\u0173 bok\u0161te\u201c. Klajojan\u010dio cirko paslaptis[:] - Skaitytaknyga","og_description":"Kvap\u0105 gniau\u017eian\u010di\u0173 nuotyki\u0173 knyga, kurioje \u0160aunusis penketukas u\u017esimoja atskleisti senos pilies ir keist\u0173 jos gyventoj\u0173 paslaptis bei pergudrauja","og_url":"https:\/\/skaitytaknyga.lt\/en\/produktas\/sauniojo-penketuko-nuotykiai-2-knyga\/","og_site_name":"Skaitytaknyga","article_publisher":"https:\/\/www.facebook.com\/skaitytaknyga\/","article_modified_time":"2025-01-08T15:56:33+00:00","og_image":[{"width":581,"height":800,"url":"https:\/\/skaitytaknyga.lt\/wp-content\/uploads\/2025\/01\/Sauniojo-penketuko-nuotykiai.-2-knyga.-Penketukas-\u201eKontrabandininku-bokste.-Klajojancio-cirko-paslaptis.webp","type":"image\/webp"}],"twitter_card":"summary_large_image","twitter_misc":{"Estimated reading time":"1 minute"},"schema":{"@context":"https:\/\/schema.org","@graph":[{"@type":"WebPage","@id":"https:\/\/skaitytaknyga.lt\/produktas\/sauniojo-penketuko-nuotykiai-2-knyga\/","url":"https:\/\/skaitytaknyga.lt\/produktas\/sauniojo-penketuko-nuotykiai-2-knyga\/","name":"\u0160auniojo penketuko nuotykiai. 2 knyga. Penketukas \u201eKontrabandinink\u0173 bok\u0161te\u201c. Klajojan\u010dio cirko paslaptis","isPartOf":{"@id":"https:\/\/skaitytaknyga.lt\/#website"},"primaryImageOfPage":{"@id":"https:\/\/skaitytaknyga.lt\/produktas\/sauniojo-penketuko-nuotykiai-2-knyga\/#primaryimage"},"image":{"@id":"https:\/\/skaitytaknyga.lt\/produktas\/sauniojo-penketuko-nuotykiai-2-knyga\/#primaryimage"},"thumbnailUrl":"https:\/\/skaitytaknyga.lt\/wp-content\/uploads\/2025\/01\/Sauniojo-penketuko-nuotykiai.-2-knyga.-Penketukas-\u201eKontrabandininku-bokste.-Klajojancio-cirko-paslaptis.webp","datePublished":"2025-01-08T15:55:26+00:00","dateModified":"2025-01-08T15:56:33+00:00","description":"Kvap\u0105 gniau\u017eian\u010di\u0173 nuotyki\u0173 knyga, kurioje \u0160aunusis penketukas u\u017esimoja atskleisti senos pilies ir keist\u0173 jos gyventoj\u0173 paslaptis bei pergudrauja","breadcrumb":{"@id":"https:\/\/skaitytaknyga.lt\/produktas\/sauniojo-penketuko-nuotykiai-2-knyga\/#breadcrumb"},"inLanguage":"en-GB","potentialAction":[{"@type":"ReadAction","target":["https:\/\/skaitytaknyga.lt\/produktas\/sauniojo-penketuko-nuotykiai-2-knyga\/"]}]},{"@type":"ImageObject","inLanguage":"en-GB","@id":"https:\/\/skaitytaknyga.lt\/produktas\/sauniojo-penketuko-nuotykiai-2-knyga\/#primaryimage","url":"https:\/\/skaitytaknyga.lt\/wp-content\/uploads\/2025\/01\/Sauniojo-penketuko-nuotykiai.-2-knyga.-Penketukas-\u201eKontrabandininku-bokste.-Klajojancio-cirko-paslaptis.webp","contentUrl":"https:\/\/skaitytaknyga.lt\/wp-content\/uploads\/2025\/01\/Sauniojo-penketuko-nuotykiai.-2-knyga.-Penketukas-\u201eKontrabandininku-bokste.-Klajojancio-cirko-paslaptis.webp","width":581,"height":800,"caption":"\u0160auniojo penketuko nuotykiai. 2 knyga"},{"@type":"BreadcrumbList","@id":"https:\/\/skaitytaknyga.lt\/produktas\/sauniojo-penketuko-nuotykiai-2-knyga\/#breadcrumb","itemListElement":[{"@type":"ListItem","position":1,"name":"Home","item":"https:\/\/skaitytaknyga.lt\/"},{"@type":"ListItem","position":2,"name":"Parduotuv\u0117","item":"https:\/\/skaitytaknyga.lt\/knygu-parduotuve\/"},{"@type":"ListItem","position":3,"name":"\u0160auniojo penketuko nuotykiai. 2 knyga. Penketukas \u201eKontrabandinink\u0173 bok\u0161te\u201c. Klajojan\u010dio cirko paslaptis"}]},{"@type":"WebSite","@id":"https:\/\/skaitytaknyga.lt\/#website","url":"https:\/\/skaitytaknyga.lt\/","name":"skaitytaknyga.lt","description":"Skaitytaknyga.lt \u2013 tai ma\u017eas \u0161eimos verslas, kuris prasid\u0117jo nuo meil\u0117s knygoms ir siekio i\u0161gelb\u0117ti knygas nuo likimo prie konteinerio. Kas vienam nereikalingas daiktas \u2013 kitam lobis, o mes esame tarpininkai, kurie padeda abiems tapti laimingesniems ???? \u017dinome kaip nelengva i\u0161gyventi ma\u017eiems verslams, tad nuo \u0161iol, \u010dia rasite ir kit\u0173, ma\u017e\u0173 \u0161eim\u0173 versl\u0173, rank\u0173 darbo, dovan\u0173 sau ir artimiesiems.","publisher":{"@id":"https:\/\/skaitytaknyga.lt\/#organization"},"potentialAction":[{"@type":"SearchAction","target":{"@type":"EntryPoint","urlTemplate":"https:\/\/skaitytaknyga.lt\/?s={search_term_string}"},"query-input":{"@type":"PropertyValueSpecification","valueRequired":true,"valueName":"search_term_string"}}],"inLanguage":"en-GB"},{"@type":"Organization","@id":"https:\/\/skaitytaknyga.lt\/#organization","name":"skaitytaknyga.lt","url":"https:\/\/skaitytaknyga.lt\/","logo":{"@type":"ImageObject","inLanguage":"en-GB","@id":"https:\/\/skaitytaknyga.lt\/#\/schema\/logo\/image\/","url":"https:\/\/skaitytaknyga.lt\/wp-content\/uploads\/2024\/05\/cropped-cropped-cropped-02_00843_jt3bggkj1j3HLc7SyY6rEUpg.jpeg","contentUrl":"https:\/\/skaitytaknyga.lt\/wp-content\/uploads\/2024\/05\/cropped-cropped-cropped-02_00843_jt3bggkj1j3HLc7SyY6rEUpg.jpeg","width":1600,"height":1600,"caption":"skaitytaknyga.lt"},"image":{"@id":"https:\/\/skaitytaknyga.lt\/#\/schema\/logo\/image\/"},"sameAs":["https:\/\/www.facebook.com\/skaitytaknyga\/"]}]}},"_links":{"self":[{"href":"https:\/\/skaitytaknyga.lt\/en\/wp-json\/wp\/v2\/product\/15859","targetHints":{"allow":["GET"]}}],"collection":[{"href":"https:\/\/skaitytaknyga.lt\/en\/wp-json\/wp\/v2\/product"}],"about":[{"href":"https:\/\/skaitytaknyga.lt\/en\/wp-json\/wp\/v2\/types\/product"}],"replies":[{"embeddable":true,"href":"https:\/\/skaitytaknyga.lt\/en\/wp-json\/wp\/v2\/comments?post=15859"}],"wp:featuredmedia":[{"embeddable":true,"href":"https:\/\/skaitytaknyga.lt\/en\/wp-json\/wp\/v2\/media\/15860"}],"wp:attachment":[{"href":"https:\/\/skaitytaknyga.lt\/en\/wp-json\/wp\/v2\/media?parent=15859"}],"wp:term":[{"taxonomy":"product_brand","embeddable":true,"href":"https:\/\/skaitytaknyga.lt\/en\/wp-json\/wp\/v2\/product_brand?post=15859"},{"taxonomy":"product_cat","embeddable":true,"href":"https:\/\/skaitytaknyga.lt\/en\/wp-json\/wp\/v2\/product_cat?post=15859"},{"taxonomy":"product_tag","embeddable":true,"href":"https:\/\/skaitytaknyga.lt\/en\/wp-json\/wp\/v2\/product_tag?post=15859"}],"curies":[{"name":"wp","href":"https:\/\/api.w.org\/{rel}","templated":true}]}}