{"id":15857,"date":"2025-01-08T17:50:31","date_gmt":"2025-01-08T15:50:31","guid":{"rendered":"https:\/\/skaitytaknyga.lt\/?post_type=product&#038;p=15857"},"modified":"2025-01-08T17:52:09","modified_gmt":"2025-01-08T15:52:09","slug":"gerumo-pamokeles","status":"publish","type":"product","link":"https:\/\/skaitytaknyga.lt\/en\/produktas\/gerumo-pamokeles\/","title":{"rendered":"Gerumo pamok\u0117l\u0117s (dedikacija tituliniame)"},"content":{"rendered":"<p>ok\u016bb\u0117lis jau beveik didelis \u2013 \u0161e\u0161eri\u0173, o gal net septyneri\u0173. Gyvena jis mieste, lanko mokykl\u0105, \u017eaid\u017eia su draugais kieme. Myli t\u0117velius, sesut\u0119, stebi pasaul\u012f ir nori b\u016bti visiems geras.<\/p>\n<p>Perskait\u0119 knygel\u0119 su\u017einosite, kaip Jok\u016bb\u0117liui sek\u0117si pad\u0117ti seneliams kaime, kartu mokysit\u0117s tvarkyti kambarius, ie\u0161kosite \u017eodelio \u201ea\u010di\u016b\u201c, suprasite, kaip galima praskaidrinti nelaiming\u0105 dien\u0105 ar nuvyti u\u017epuolus\u012f tingul\u012f.<\/p>\n<p>Berniuko istorijos nuo\u0161ird\u017eios, lyg sen\u0173 laik\u0173 animacija, i\u0161margintos linksmais pie\u0161in\u0117liais, tad patiks tiek ma\u017eiausiems, tiek \u016bgtel\u0117jusiems skaitytojams.<\/p>\n<ul class=\"about-product d-none d-xl-block mt-4\">\n<li><strong>Autorius:<\/strong>\u00a0Stanislovas Abromavi\u010dius<\/li>\n<li><strong>Leid\u0117jas:<\/strong>\u00a0Obuoliukas<\/li>\n<li><strong>Metai:<\/strong>\u00a02012<\/li>\n<li><strong>Puslapiai:<\/strong>\u00a0104<\/li>\n<li class=\"toggleable type-new-formats \"><strong>ISBN:<\/strong>\u00a09786094034039<\/li>\n<li class=\"toggleable type-new-formats \"><strong>Formatas:<\/strong>\u00a013,5 x 20 cm, mink\u0161ti vir\u0161eliai<\/li>\n<li><strong>Kalba:<\/strong>\u00a0Lietuvi\u0173<\/li>\n<\/ul>\n","protected":false},"excerpt":{"rendered":"<p>ok\u016bb\u0117lis jau beveik didelis \u2013 \u0161e\u0161eri\u0173, o gal net septyneri\u0173. Gyvena jis mieste, lanko mokykl\u0105, \u017eaid\u017eia su draugais kieme. Myli t\u0117velius, sesut\u0119, stebi pasaul\u012f ir nori b\u016bti visiems geras. Perskait\u0119 knygel\u0119 su\u017einosite, kaip Jok\u016bb\u0117liui sek\u0117si pad\u0117ti seneliams kaime, kartu mokysit\u0117s tvarkyti kambarius, ie\u0161kosite \u017eodelio \u201ea\u010di\u016b\u201c, suprasite, kaip galima praskaidrinti nelaiming\u0105 dien\u0105 ar nuvyti u\u017epuolus\u012f tingul\u012f. Berniuko istorijos nuo\u0161ird\u017eios, lyg sen\u0173 laik\u0173 animacija, i\u0161margintos linksmais pie\u0161in\u0117liais, tad patiks tiek ma\u017eiausiems, tiek \u016bgtel\u0117jusiems skaitytojams. Autorius:\u00a0Stanislovas Abromavi\u010dius Leid\u0117jas:\u00a0Obuoliukas Metai:\u00a02012 Puslapiai:\u00a0104 ISBN:\u00a09786094034039 Formatas:\u00a013,5 x 20 cm, mink\u0161ti vir\u0161eliai Kalba:\u00a0Lietuvi\u0173<\/p>\n","protected":false},"featured_media":15858,"comment_status":"open","ping_status":"closed","template":"","meta":{"_acf_changed":false,"site-sidebar-layout":"default","site-content-layout":"","ast-site-content-layout":"default","site-content-style":"default","site-sidebar-style":"default","ast-global-header-display":"","ast-banner-title-visibility":"","ast-main-header-display":"","ast-hfb-above-header-display":"","ast-hfb-below-header-display":"","ast-hfb-mobile-header-display":"","site-post-title":"","ast-breadcrumbs-content":"","ast-featured-img":"","footer-sml-layout":"","ast-disable-related-posts":"","theme-transparent-header-meta":"default","adv-header-id-meta":"","stick-header-meta":"","header-above-stick-meta":"","header-main-stick-meta":"","header-below-stick-meta":"","astra-migrate-meta-layouts":"set","ast-page-background-enabled":"default","ast-page-background-meta":{"desktop":{"background-color":"","background-image":"","background-repeat":"repeat","background-position":"center center","background-size":"auto","background-attachment":"scroll","background-type":"","background-media":"","overlay-type":"","overlay-color":"","overlay-opacity":"","overlay-gradient":""},"tablet":{"background-color":"","background-image":"","background-repeat":"repeat","background-position":"center center","background-size":"auto","background-attachment":"scroll","background-type":"","background-media":"","overlay-type":"","overlay-color":"","overlay-opacity":"","overlay-gradient":""},"mobile":{"background-color":"","background-image":"","background-repeat":"repeat","background-position":"center center","background-size":"auto","background-attachment":"scroll","background-type":"","background-media":"","overlay-type":"","overlay-color":"","overlay-opacity":"","overlay-gradient":""}},"ast-content-background-meta":{"desktop":{"background-color":"var(--ast-global-color-4)","background-image":"","background-repeat":"repeat","background-position":"center center","background-size":"auto","background-attachment":"scroll","background-type":"","background-media":"","overlay-type":"","overlay-color":"","overlay-opacity":"","overlay-gradient":""},"tablet":{"background-color":"var(--ast-global-color-4)","background-image":"","background-repeat":"repeat","background-position":"center center","background-size":"auto","background-attachment":"scroll","background-type":"","background-media":"","overlay-type":"","overlay-color":"","overlay-opacity":"","overlay-gradient":""},"mobile":{"background-color":"var(--ast-global-color-4)","background-image":"","background-repeat":"repeat","background-position":"center center","background-size":"auto","background-attachment":"scroll","background-type":"","background-media":"","overlay-type":"","overlay-color":"","overlay-opacity":"","overlay-gradient":""}}},"product_brand":[],"product_cat":[15,35],"product_tag":[],"class_list":{"0":"post-15857","1":"product","2":"type-product","3":"status-publish","4":"has-post-thumbnail","6":"product_cat-uncategorized","7":"product_cat-vaikams-ir-paaugliams","8":"desktop-align-left","9":"tablet-align-left","10":"mobile-align-left","12":"first","13":"instock","14":"shipping-taxable","15":"purchasable","16":"product-type-simple"},"acf":[],"yoast_head":"<!-- This site is optimized with the Yoast SEO plugin v27.0 - https:\/\/yoast.com\/product\/yoast-seo-wordpress\/ -->\n<title>Gerumo pamok\u0117l\u0117s (dedikacija tituliniame)<\/title>\n<meta name=\"description\" content=\"ok\u016bb\u0117lis jau beveik didelis \u2013 \u0161e\u0161eri\u0173, o gal net septyneri\u0173. Gyvena jis mieste, lanko mokykl\u0105, \u017eaid\u017eia su draugais kieme. Myli t\u0117velius, sesut\u0119, stebi\" \/>\n<meta name=\"robots\" content=\"index, follow, max-snippet:-1, max-image-preview:large, max-video-preview:-1\" \/>\n<link rel=\"canonical\" href=\"https:\/\/skaitytaknyga.lt\/en\/produktas\/gerumo-pamokeles\/\" \/>\n<meta property=\"og:locale\" content=\"en_GB\" \/>\n<meta property=\"og:locale:alternate\" content=\"lt_LT\" \/>\n<meta property=\"og:type\" content=\"article\" \/>\n<meta property=\"og:title\" content=\"Gerumo pamok\u0117l\u0117s (dedikacija tituliniame)\" \/>\n<meta property=\"og:description\" content=\"ok\u016bb\u0117lis jau beveik didelis \u2013 \u0161e\u0161eri\u0173, o gal net septyneri\u0173. Gyvena jis mieste, lanko mokykl\u0105, \u017eaid\u017eia su draugais kieme. Myli t\u0117velius, sesut\u0119, stebi\" \/>\n<meta property=\"og:url\" content=\"https:\/\/skaitytaknyga.lt\/en\/produktas\/gerumo-pamokeles\/\" \/>\n<meta property=\"og:site_name\" content=\"Skaitytaknyga\" \/>\n<meta property=\"article:publisher\" content=\"https:\/\/www.facebook.com\/skaitytaknyga\/\" \/>\n<meta property=\"article:modified_time\" content=\"2025-01-08T15:52:09+00:00\" \/>\n<meta property=\"og:image\" content=\"https:\/\/skaitytaknyga.lt\/wp-content\/uploads\/2025\/01\/Gerumo-pamokeles-e1736351520846.jpg\" \/>\n\t<meta property=\"og:image:width\" content=\"258\" \/>\n\t<meta property=\"og:image:height\" content=\"396\" \/>\n\t<meta property=\"og:image:type\" content=\"image\/jpeg\" \/>\n<meta name=\"twitter:card\" content=\"summary_large_image\" \/>\n<meta name=\"twitter:label1\" content=\"Estimated reading time\" \/>\n\t<meta name=\"twitter:data1\" content=\"1 minute\" \/>\n<script type=\"application\/ld+json\" class=\"yoast-schema-graph\">{\"@context\":\"https:\/\/schema.org\",\"@graph\":[{\"@type\":\"WebPage\",\"@id\":\"https:\/\/skaitytaknyga.lt\/produktas\/gerumo-pamokeles\/\",\"url\":\"https:\/\/skaitytaknyga.lt\/produktas\/gerumo-pamokeles\/\",\"name\":\"Gerumo pamok\u0117l\u0117s (dedikacija tituliniame)\",\"isPartOf\":{\"@id\":\"https:\/\/skaitytaknyga.lt\/#website\"},\"primaryImageOfPage\":{\"@id\":\"https:\/\/skaitytaknyga.lt\/produktas\/gerumo-pamokeles\/#primaryimage\"},\"image\":{\"@id\":\"https:\/\/skaitytaknyga.lt\/produktas\/gerumo-pamokeles\/#primaryimage\"},\"thumbnailUrl\":\"https:\/\/skaitytaknyga.lt\/wp-content\/uploads\/2025\/01\/Gerumo-pamokeles-e1736351520846.jpg\",\"datePublished\":\"2025-01-08T15:50:31+00:00\",\"dateModified\":\"2025-01-08T15:52:09+00:00\",\"description\":\"ok\u016bb\u0117lis jau beveik didelis \u2013 \u0161e\u0161eri\u0173, o gal net septyneri\u0173. Gyvena jis mieste, lanko mokykl\u0105, \u017eaid\u017eia su draugais kieme. Myli t\u0117velius, sesut\u0119, stebi\",\"breadcrumb\":{\"@id\":\"https:\/\/skaitytaknyga.lt\/produktas\/gerumo-pamokeles\/#breadcrumb\"},\"inLanguage\":\"en-GB\",\"potentialAction\":[{\"@type\":\"ReadAction\",\"target\":[\"https:\/\/skaitytaknyga.lt\/produktas\/gerumo-pamokeles\/\"]}]},{\"@type\":\"ImageObject\",\"inLanguage\":\"en-GB\",\"@id\":\"https:\/\/skaitytaknyga.lt\/produktas\/gerumo-pamokeles\/#primaryimage\",\"url\":\"https:\/\/skaitytaknyga.lt\/wp-content\/uploads\/2025\/01\/Gerumo-pamokeles-e1736351520846.jpg\",\"contentUrl\":\"https:\/\/skaitytaknyga.lt\/wp-content\/uploads\/2025\/01\/Gerumo-pamokeles-e1736351520846.jpg\",\"width\":258,\"height\":396,\"caption\":\"Gerumo pamok\u0117l\u0117s\"},{\"@type\":\"BreadcrumbList\",\"@id\":\"https:\/\/skaitytaknyga.lt\/produktas\/gerumo-pamokeles\/#breadcrumb\",\"itemListElement\":[{\"@type\":\"ListItem\",\"position\":1,\"name\":\"Home\",\"item\":\"https:\/\/skaitytaknyga.lt\/\"},{\"@type\":\"ListItem\",\"position\":2,\"name\":\"Parduotuv\u0117\",\"item\":\"https:\/\/skaitytaknyga.lt\/knygu-parduotuve\/\"},{\"@type\":\"ListItem\",\"position\":3,\"name\":\"Gerumo pamok\u0117l\u0117s (dedikacija tituliniame)\"}]},{\"@type\":\"WebSite\",\"@id\":\"https:\/\/skaitytaknyga.lt\/#website\",\"url\":\"https:\/\/skaitytaknyga.lt\/\",\"name\":\"skaitytaknyga.lt\",\"description\":\"Skaitytaknyga.lt \u2013 tai ma\u017eas \u0161eimos verslas, kuris prasid\u0117jo nuo meil\u0117s knygoms ir siekio i\u0161gelb\u0117ti knygas nuo likimo prie konteinerio. Kas vienam nereikalingas daiktas \u2013 kitam lobis, o mes esame tarpininkai, kurie padeda abiems tapti laimingesniems ???? \u017dinome kaip nelengva i\u0161gyventi ma\u017eiems verslams, tad nuo \u0161iol, \u010dia rasite ir kit\u0173, ma\u017e\u0173 \u0161eim\u0173 versl\u0173, rank\u0173 darbo, dovan\u0173 sau ir artimiesiems.\",\"publisher\":{\"@id\":\"https:\/\/skaitytaknyga.lt\/#organization\"},\"potentialAction\":[{\"@type\":\"SearchAction\",\"target\":{\"@type\":\"EntryPoint\",\"urlTemplate\":\"https:\/\/skaitytaknyga.lt\/?s={search_term_string}\"},\"query-input\":{\"@type\":\"PropertyValueSpecification\",\"valueRequired\":true,\"valueName\":\"search_term_string\"}}],\"inLanguage\":\"en-GB\"},{\"@type\":\"Organization\",\"@id\":\"https:\/\/skaitytaknyga.lt\/#organization\",\"name\":\"skaitytaknyga.lt\",\"url\":\"https:\/\/skaitytaknyga.lt\/\",\"logo\":{\"@type\":\"ImageObject\",\"inLanguage\":\"en-GB\",\"@id\":\"https:\/\/skaitytaknyga.lt\/#\/schema\/logo\/image\/\",\"url\":\"https:\/\/skaitytaknyga.lt\/wp-content\/uploads\/2024\/05\/cropped-cropped-cropped-02_00843_jt3bggkj1j3HLc7SyY6rEUpg.jpeg\",\"contentUrl\":\"https:\/\/skaitytaknyga.lt\/wp-content\/uploads\/2024\/05\/cropped-cropped-cropped-02_00843_jt3bggkj1j3HLc7SyY6rEUpg.jpeg\",\"width\":1600,\"height\":1600,\"caption\":\"skaitytaknyga.lt\"},\"image\":{\"@id\":\"https:\/\/skaitytaknyga.lt\/#\/schema\/logo\/image\/\"},\"sameAs\":[\"https:\/\/www.facebook.com\/skaitytaknyga\/\"]}]}<\/script>\n<!-- \/ Yoast SEO plugin. -->","yoast_head_json":{"title":"Gerumo pamok\u0117l\u0117s (dedikacija tituliniame)","description":"ok\u016bb\u0117lis jau beveik didelis \u2013 \u0161e\u0161eri\u0173, o gal net septyneri\u0173. Gyvena jis mieste, lanko mokykl\u0105, \u017eaid\u017eia su draugais kieme. Myli t\u0117velius, sesut\u0119, stebi","robots":{"index":"index","follow":"follow","max-snippet":"max-snippet:-1","max-image-preview":"max-image-preview:large","max-video-preview":"max-video-preview:-1"},"canonical":"https:\/\/skaitytaknyga.lt\/en\/produktas\/gerumo-pamokeles\/","og_locale":"en_GB","og_type":"article","og_title":"[:lt]Gerumo pamok\u0117l\u0117s (dedikacija tituliniame)[:] - Skaitytaknyga","og_description":"ok\u016bb\u0117lis jau beveik didelis \u2013 \u0161e\u0161eri\u0173, o gal net septyneri\u0173. Gyvena jis mieste, lanko mokykl\u0105, \u017eaid\u017eia su draugais kieme. Myli t\u0117velius, sesut\u0119, stebi","og_url":"https:\/\/skaitytaknyga.lt\/en\/produktas\/gerumo-pamokeles\/","og_site_name":"Skaitytaknyga","article_publisher":"https:\/\/www.facebook.com\/skaitytaknyga\/","article_modified_time":"2025-01-08T15:52:09+00:00","og_image":[{"width":258,"height":396,"url":"https:\/\/skaitytaknyga.lt\/wp-content\/uploads\/2025\/01\/Gerumo-pamokeles-e1736351520846.jpg","type":"image\/jpeg"}],"twitter_card":"summary_large_image","twitter_misc":{"Estimated reading time":"1 minute"},"schema":{"@context":"https:\/\/schema.org","@graph":[{"@type":"WebPage","@id":"https:\/\/skaitytaknyga.lt\/produktas\/gerumo-pamokeles\/","url":"https:\/\/skaitytaknyga.lt\/produktas\/gerumo-pamokeles\/","name":"Gerumo pamok\u0117l\u0117s (dedikacija tituliniame)","isPartOf":{"@id":"https:\/\/skaitytaknyga.lt\/#website"},"primaryImageOfPage":{"@id":"https:\/\/skaitytaknyga.lt\/produktas\/gerumo-pamokeles\/#primaryimage"},"image":{"@id":"https:\/\/skaitytaknyga.lt\/produktas\/gerumo-pamokeles\/#primaryimage"},"thumbnailUrl":"https:\/\/skaitytaknyga.lt\/wp-content\/uploads\/2025\/01\/Gerumo-pamokeles-e1736351520846.jpg","datePublished":"2025-01-08T15:50:31+00:00","dateModified":"2025-01-08T15:52:09+00:00","description":"ok\u016bb\u0117lis jau beveik didelis \u2013 \u0161e\u0161eri\u0173, o gal net septyneri\u0173. Gyvena jis mieste, lanko mokykl\u0105, \u017eaid\u017eia su draugais kieme. Myli t\u0117velius, sesut\u0119, stebi","breadcrumb":{"@id":"https:\/\/skaitytaknyga.lt\/produktas\/gerumo-pamokeles\/#breadcrumb"},"inLanguage":"en-GB","potentialAction":[{"@type":"ReadAction","target":["https:\/\/skaitytaknyga.lt\/produktas\/gerumo-pamokeles\/"]}]},{"@type":"ImageObject","inLanguage":"en-GB","@id":"https:\/\/skaitytaknyga.lt\/produktas\/gerumo-pamokeles\/#primaryimage","url":"https:\/\/skaitytaknyga.lt\/wp-content\/uploads\/2025\/01\/Gerumo-pamokeles-e1736351520846.jpg","contentUrl":"https:\/\/skaitytaknyga.lt\/wp-content\/uploads\/2025\/01\/Gerumo-pamokeles-e1736351520846.jpg","width":258,"height":396,"caption":"Gerumo pamok\u0117l\u0117s"},{"@type":"BreadcrumbList","@id":"https:\/\/skaitytaknyga.lt\/produktas\/gerumo-pamokeles\/#breadcrumb","itemListElement":[{"@type":"ListItem","position":1,"name":"Home","item":"https:\/\/skaitytaknyga.lt\/"},{"@type":"ListItem","position":2,"name":"Parduotuv\u0117","item":"https:\/\/skaitytaknyga.lt\/knygu-parduotuve\/"},{"@type":"ListItem","position":3,"name":"Gerumo pamok\u0117l\u0117s (dedikacija tituliniame)"}]},{"@type":"WebSite","@id":"https:\/\/skaitytaknyga.lt\/#website","url":"https:\/\/skaitytaknyga.lt\/","name":"skaitytaknyga.lt","description":"Skaitytaknyga.lt \u2013 tai ma\u017eas \u0161eimos verslas, kuris prasid\u0117jo nuo meil\u0117s knygoms ir siekio i\u0161gelb\u0117ti knygas nuo likimo prie konteinerio. Kas vienam nereikalingas daiktas \u2013 kitam lobis, o mes esame tarpininkai, kurie padeda abiems tapti laimingesniems ???? \u017dinome kaip nelengva i\u0161gyventi ma\u017eiems verslams, tad nuo \u0161iol, \u010dia rasite ir kit\u0173, ma\u017e\u0173 \u0161eim\u0173 versl\u0173, rank\u0173 darbo, dovan\u0173 sau ir artimiesiems.","publisher":{"@id":"https:\/\/skaitytaknyga.lt\/#organization"},"potentialAction":[{"@type":"SearchAction","target":{"@type":"EntryPoint","urlTemplate":"https:\/\/skaitytaknyga.lt\/?s={search_term_string}"},"query-input":{"@type":"PropertyValueSpecification","valueRequired":true,"valueName":"search_term_string"}}],"inLanguage":"en-GB"},{"@type":"Organization","@id":"https:\/\/skaitytaknyga.lt\/#organization","name":"skaitytaknyga.lt","url":"https:\/\/skaitytaknyga.lt\/","logo":{"@type":"ImageObject","inLanguage":"en-GB","@id":"https:\/\/skaitytaknyga.lt\/#\/schema\/logo\/image\/","url":"https:\/\/skaitytaknyga.lt\/wp-content\/uploads\/2024\/05\/cropped-cropped-cropped-02_00843_jt3bggkj1j3HLc7SyY6rEUpg.jpeg","contentUrl":"https:\/\/skaitytaknyga.lt\/wp-content\/uploads\/2024\/05\/cropped-cropped-cropped-02_00843_jt3bggkj1j3HLc7SyY6rEUpg.jpeg","width":1600,"height":1600,"caption":"skaitytaknyga.lt"},"image":{"@id":"https:\/\/skaitytaknyga.lt\/#\/schema\/logo\/image\/"},"sameAs":["https:\/\/www.facebook.com\/skaitytaknyga\/"]}]}},"_links":{"self":[{"href":"https:\/\/skaitytaknyga.lt\/en\/wp-json\/wp\/v2\/product\/15857","targetHints":{"allow":["GET"]}}],"collection":[{"href":"https:\/\/skaitytaknyga.lt\/en\/wp-json\/wp\/v2\/product"}],"about":[{"href":"https:\/\/skaitytaknyga.lt\/en\/wp-json\/wp\/v2\/types\/product"}],"replies":[{"embeddable":true,"href":"https:\/\/skaitytaknyga.lt\/en\/wp-json\/wp\/v2\/comments?post=15857"}],"wp:featuredmedia":[{"embeddable":true,"href":"https:\/\/skaitytaknyga.lt\/en\/wp-json\/wp\/v2\/media\/15858"}],"wp:attachment":[{"href":"https:\/\/skaitytaknyga.lt\/en\/wp-json\/wp\/v2\/media?parent=15857"}],"wp:term":[{"taxonomy":"product_brand","embeddable":true,"href":"https:\/\/skaitytaknyga.lt\/en\/wp-json\/wp\/v2\/product_brand?post=15857"},{"taxonomy":"product_cat","embeddable":true,"href":"https:\/\/skaitytaknyga.lt\/en\/wp-json\/wp\/v2\/product_cat?post=15857"},{"taxonomy":"product_tag","embeddable":true,"href":"https:\/\/skaitytaknyga.lt\/en\/wp-json\/wp\/v2\/product_tag?post=15857"}],"curies":[{"name":"wp","href":"https:\/\/api.w.org\/{rel}","templated":true}]}}